{"id":14100,"date":"2026-05-01T10:45:58","date_gmt":"2026-05-01T08:45:58","guid":{"rendered":"https:\/\/rotary.fi\/d1420\/?page_id=14100"},"modified":"2026-05-11T18:11:05","modified_gmt":"2026-05-11T16:11:05","slug":"miksi-isantaperheeksi","status":"publish","type":"page","link":"https:\/\/rotary.fi\/d1420\/mita-teemme\/nuorisovaihto\/miksi-isantaperheeksi\/","title":{"rendered":"Is\u00e4nt\u00e4perheeksi vaihto-oppilaalle"},"content":{"rendered":"<p>[et_pb_section fb_built=&#8221;1&#8243; _builder_version=&#8221;4.27.6&#8243; _module_preset=&#8221;default&#8221; background_color=&#8221;#ffffff&#8221; background_image=&#8221;https:\/\/rotary.fi\/d1420\/wp-content\/uploads\/sites\/183\/2026\/05\/d1420-piirikonferenssi-vaihto-oppilaat.jpg&#8221; background_position=&#8221;top_center&#8221; background_vertical_offset=&#8221;15%&#8221; width=&#8221;100%&#8221; max_width=&#8221;100%&#8221; height=&#8221;401px&#8221; max_height=&#8221;400px&#8221; global_colors_info=&#8221;{}&#8221;][et_pb_row _builder_version=&#8221;4.27.6&#8243; _module_preset=&#8221;default&#8221; background_enable_image=&#8221;off&#8221; background_position=&#8221;top_center&#8221; background_vertical_offset=&#8221;18%&#8221; width=&#8221;100%&#8221; max_width=&#8221;1920px&#8221; min_height=&#8221;596px&#8221; height=&#8221;598px&#8221; max_height=&#8221;598px&#8221; global_colors_info=&#8221;{}&#8221;][et_pb_column type=&#8221;4_4&#8243; _builder_version=&#8221;4.27.6&#8243; _module_preset=&#8221;default&#8221; background_image=&#8221;https:\/\/rotary.fi\/d1420\/wp-content\/uploads\/sites\/183\/2026\/05\/d1420-piirikonferenssi-vaihto-oppilaat.jpg&#8221; background_position=&#8221;top_right&#8221; background_horizontal_offset=&#8221;0%&#8221; background_vertical_offset=&#8221;16%&#8221; global_colors_info=&#8221;{}&#8221;][\/et_pb_column][\/et_pb_row][\/et_pb_section][et_pb_section fb_built=&#8221;1&#8243; _builder_version=&#8221;4.27.6&#8243; _module_preset=&#8221;default&#8221; background_color=&#8221;#ffffff&#8221; global_colors_info=&#8221;{}&#8221;][et_pb_row _builder_version=&#8221;4.27.6&#8243; _module_preset=&#8221;default&#8221; width=&#8221;100%&#8221; global_colors_info=&#8221;{}&#8221;][et_pb_column type=&#8221;4_4&#8243; _builder_version=&#8221;4.27.6&#8243; _module_preset=&#8221;default&#8221; global_colors_info=&#8221;{}&#8221;][et_pb_text _builder_version=&#8221;4.27.6&#8243; _module_preset=&#8221;default&#8221; global_colors_info=&#8221;{}&#8221;]<\/p>\n<h2>Tule is\u00e4nt\u00e4perheeksi vaihto-oppilaalle<\/h2>\n<p>[\/et_pb_text][\/et_pb_column][\/et_pb_row][et_pb_row column_structure=&#8221;3_5,2_5&#8243; _builder_version=&#8221;4.27.6&#8243; _module_preset=&#8221;default&#8221; width=&#8221;100%&#8221; global_colors_info=&#8221;{}&#8221;][et_pb_column type=&#8221;3_5&#8243; _builder_version=&#8221;4.27.6&#8243; _module_preset=&#8221;default&#8221; global_colors_info=&#8221;{}&#8221;][et_pb_text _builder_version=&#8221;4.27.6&#8243; _module_preset=&#8221;default&#8221; global_colors_info=&#8221;{}&#8221;]<\/p>\n<p>Rotarypiirin klubit etsiv\u00e4t is\u00e4nt\u00e4perheit\u00e4 vuosivaihtoon tuleville vaihto-oppilaille. Eri puolilta maailmaa saapuvat vaihto-oppilaat ovat 15-18 -vuotiaita nuoria, ja he k\u00e4yv\u00e4t lukuvuoden verran suomalaista lukiota.<\/p>\n<ul>\n<li>Perheen\u00e4 toimitaan 3-4 kuukautta<\/li>\n<li>Kaikenlaiset perhemuodot k\u00e4yv\u00e4t<\/li>\n<li>Vaihtari tarvitsee oman huoneen, ruokaa ja huolenpitoa<\/li>\n<li>Koti voi sijaita miss\u00e4 vain. Etsimme sinulle kotiasi l\u00e4hell\u00e4 olevan rotaryklubin ja vaihto-oppilaan.<\/li>\n<li>Rotarit tarjoavat perheille koulutuksen sek\u00e4 kustantavat vaihto-oppilaan bussilipun ja taskurahan.<\/li>\n<li>Vastineeksi perhe tutustuu uuteen ihmiseen ja kulttuuriin, saa rohkeutta puhua vieraalla kielell\u00e4, p\u00e4\u00e4see esittelem\u00e4\u00e4n Suomea ja ker\u00e4\u00e4 elinik\u00e4isi\u00e4 muistoja!<\/li>\n<\/ul>\n<p>&nbsp;<\/p>\n<p>[\/et_pb_text][\/et_pb_column][et_pb_column type=&#8221;2_5&#8243; _builder_version=&#8221;4.27.6&#8243; _module_preset=&#8221;default&#8221; global_colors_info=&#8221;{}&#8221;][et_pb_image src=&#8221;https:\/\/rotary.fi\/d1420\/wp-content\/uploads\/sites\/183\/2026\/05\/md-iiyfsvogwsb81eq0.jpg&#8221; title_text=&#8221;md_IiyfSvoGwSB81EQ0&#8243; _builder_version=&#8221;4.27.6&#8243; _module_preset=&#8221;default&#8221; global_colors_info=&#8221;{}&#8221;][\/et_pb_image][\/et_pb_column][\/et_pb_row][et_pb_row _builder_version=&#8221;4.27.6&#8243; _module_preset=&#8221;default&#8221; width=&#8221;100%&#8221; global_colors_info=&#8221;{}&#8221;][et_pb_column type=&#8221;4_4&#8243; _builder_version=&#8221;4.27.6&#8243; _module_preset=&#8221;default&#8221; global_colors_info=&#8221;{}&#8221;][et_pb_text _builder_version=&#8221;4.27.6&#8243; _module_preset=&#8221;default&#8221; global_colors_info=&#8221;{}&#8221;]<\/p>\n<p><strong>Lue lis\u00e4\u00e4 <\/strong>is\u00e4nt\u00e4perheen\u00e4 toimimisesta Rotaryn nuorisovaihdon sivuilta:\u00a0 <a href=\"https:\/\/rye.fi\/isantaperheeksi\/miksi-isantaperheeksi\/\">https:\/\/rye.fi\/isantaperheeksi\/miksi-isantaperheeksi\/<\/a><\/p>\n<p>&nbsp;<\/p>\n<p><strong>Ota rohkeasti yhteytt\u00e4<\/strong> alla olevalla lomakkeella, jos oma perheesi olisi kiinnostunut is\u00e4nt\u00e4perheen\u00e4 toimimisesta!<\/p>\n<p>[\/et_pb_text][et_pb_contact_form email=&#8221;jari.karpakka@kolumbus.fi&#8221; title=&#8221;Haluan lis\u00e4tietoa is\u00e4nt\u00e4perheen\u00e4 toimimisesta.&#8221; custom_message=&#8221;Haluan lis\u00e4tietoa is\u00e4nt\u00e4perheen\u00e4 toimimisesta.||et_pb_line_break_holder||||et_pb_line_break_holder||%%message%%. ||et_pb_line_break_holder||||et_pb_line_break_holder||Yhteystietoni: %%name%%, puhelinnumeroni %%puhelinnumero%%, s\u00e4hk\u00f6postini %%email%%, postinumeroni %%postinumero%%, %%yhteydenottotapa%%. ||et_pb_line_break_holder||||et_pb_line_break_holder||Terveisin %%name%%&#8221; success_message=&#8221;Kiitos mielenkiinnosta rotareiden vaihto-oppilastoimintaan. Otamme sinuun yhteytt\u00e4.&#8221; submit_button_text=&#8221;L\u00e4het\u00e4 yhteydenottopyynt\u00f6&#8221; _builder_version=&#8221;4.27.6&#8243; _module_preset=&#8221;default&#8221; _unique_id=&#8221;7397bd68-8efc-4bf1-bfb4-188ef8891bc8&#8243; form_field_text_color=&#8221;#263B4C&#8221; title_level=&#8221;h3&#8243; title_text_color=&#8221;#019FCB&#8221; captcha_text_color=&#8221;#263B4C&#8221; hover_enabled=&#8221;0&#8243; global_colors_info=&#8221;{}&#8221; sticky_enabled=&#8221;0&#8243;][et_pb_contact_field field_id=&#8221;Name&#8221; field_title=&#8221;Nimi&#8221; required_mark=&#8221;off&#8221; _builder_version=&#8221;4.27.6&#8243; form_field_background_color=&#8221;#F8F9FA&#8221; form_field_text_color=&#8221;#263B4C&#8221; width=&#8221;50%&#8221; max_width=&#8221;50%&#8221; border_width_all=&#8221;1px&#8221; border_color_all=&#8221;#263B4C&#8221; global_colors_info=&#8221;{}&#8221; button_text_size__hover_enabled=&#8221;off&#8221; button_one_text_size__hover_enabled=&#8221;off&#8221; button_two_text_size__hover_enabled=&#8221;off&#8221; button_text_color__hover_enabled=&#8221;off&#8221; button_one_text_color__hover_enabled=&#8221;off&#8221; button_two_text_color__hover_enabled=&#8221;off&#8221; button_border_width__hover_enabled=&#8221;off&#8221; button_one_border_width__hover_enabled=&#8221;off&#8221; button_two_border_width__hover_enabled=&#8221;off&#8221; button_border_color__hover_enabled=&#8221;off&#8221; button_one_border_color__hover_enabled=&#8221;off&#8221; button_two_border_color__hover_enabled=&#8221;off&#8221; button_border_radius__hover_enabled=&#8221;off&#8221; button_one_border_radius__hover_enabled=&#8221;off&#8221; button_two_border_radius__hover_enabled=&#8221;off&#8221; button_letter_spacing__hover_enabled=&#8221;off&#8221; button_one_letter_spacing__hover_enabled=&#8221;off&#8221; button_two_letter_spacing__hover_enabled=&#8221;off&#8221; button_bg_color__hover_enabled=&#8221;off&#8221; button_one_bg_color__hover_enabled=&#8221;off&#8221; button_two_bg_color__hover_enabled=&#8221;off&#8221;][\/et_pb_contact_field][et_pb_contact_field field_id=&#8221;Email&#8221; field_title=&#8221;S\u00e4hk\u00f6postiosoite&#8221; field_type=&#8221;email&#8221; _builder_version=&#8221;4.27.6&#8243; form_field_background_color=&#8221;#F8F9FA&#8221; form_field_text_color=&#8221;#263B4C&#8221; width=&#8221;50%&#8221; max_width=&#8221;50%&#8221; border_width_all=&#8221;1px&#8221; border_color_all=&#8221;#263B4C&#8221; global_colors_info=&#8221;{}&#8221; button_text_size__hover_enabled=&#8221;off&#8221; button_one_text_size__hover_enabled=&#8221;off&#8221; button_two_text_size__hover_enabled=&#8221;off&#8221; button_text_color__hover_enabled=&#8221;off&#8221; button_one_text_color__hover_enabled=&#8221;off&#8221; button_two_text_color__hover_enabled=&#8221;off&#8221; button_border_width__hover_enabled=&#8221;off&#8221; button_one_border_width__hover_enabled=&#8221;off&#8221; button_two_border_width__hover_enabled=&#8221;off&#8221; button_border_color__hover_enabled=&#8221;off&#8221; button_one_border_color__hover_enabled=&#8221;off&#8221; button_two_border_color__hover_enabled=&#8221;off&#8221; button_border_radius__hover_enabled=&#8221;off&#8221; button_one_border_radius__hover_enabled=&#8221;off&#8221; button_two_border_radius__hover_enabled=&#8221;off&#8221; button_letter_spacing__hover_enabled=&#8221;off&#8221; button_one_letter_spacing__hover_enabled=&#8221;off&#8221; button_two_letter_spacing__hover_enabled=&#8221;off&#8221; button_bg_color__hover_enabled=&#8221;off&#8221; button_one_bg_color__hover_enabled=&#8221;off&#8221; button_two_bg_color__hover_enabled=&#8221;off&#8221;][\/et_pb_contact_field][et_pb_contact_field field_id=&#8221;Puhelinnumero&#8221; field_title=&#8221;Puhelinnumero&#8221; fullwidth_field=&#8221;on&#8221; _builder_version=&#8221;4.27.6&#8243; _module_preset=&#8221;default&#8221; form_field_background_color=&#8221;#F8F9FA&#8221; form_field_text_color=&#8221;#263B4C&#8221; width=&#8221;50%&#8221; max_width=&#8221;50%&#8221; border_width_all=&#8221;1px&#8221; border_color_all=&#8221;#263B4C&#8221; global_colors_info=&#8221;{}&#8221;][\/et_pb_contact_field][et_pb_contact_field field_id=&#8221;Postinumero&#8221; field_title=&#8221;Postinumero&#8221; fullwidth_field=&#8221;on&#8221; _builder_version=&#8221;4.27.6&#8243; _module_preset=&#8221;default&#8221; form_field_background_color=&#8221;#F8F9FA&#8221; form_field_text_color=&#8221;#263B4C&#8221; width=&#8221;50%&#8221; max_width=&#8221;49%&#8221; border_width_all=&#8221;1px&#8221; border_color_all=&#8221;#263B4C&#8221; global_colors_info=&#8221;{}&#8221;][\/et_pb_contact_field][et_pb_contact_field field_id=&#8221;Message&#8221; field_title=&#8221;S\u00e4hk\u00f6postiviesti&#8221; field_type=&#8221;text&#8221; fullwidth_field=&#8221;on&#8221; _builder_version=&#8221;4.27.6&#8243; form_field_background_color=&#8221;#F8F9FA&#8221; form_field_text_color=&#8221;#263B4C&#8221; border_width_all=&#8221;1px&#8221; border_color_all=&#8221;#263B4C&#8221; global_colors_info=&#8221;{}&#8221; button_text_size__hover_enabled=&#8221;off&#8221; button_one_text_size__hover_enabled=&#8221;off&#8221; button_two_text_size__hover_enabled=&#8221;off&#8221; button_text_color__hover_enabled=&#8221;off&#8221; button_one_text_color__hover_enabled=&#8221;off&#8221; button_two_text_color__hover_enabled=&#8221;off&#8221; button_border_width__hover_enabled=&#8221;off&#8221; button_one_border_width__hover_enabled=&#8221;off&#8221; button_two_border_width__hover_enabled=&#8221;off&#8221; button_border_color__hover_enabled=&#8221;off&#8221; button_one_border_color__hover_enabled=&#8221;off&#8221; button_two_border_color__hover_enabled=&#8221;off&#8221; button_border_radius__hover_enabled=&#8221;off&#8221; button_one_border_radius__hover_enabled=&#8221;off&#8221; button_two_border_radius__hover_enabled=&#8221;off&#8221; button_letter_spacing__hover_enabled=&#8221;off&#8221; button_one_letter_spacing__hover_enabled=&#8221;off&#8221; button_two_letter_spacing__hover_enabled=&#8221;off&#8221; button_bg_color__hover_enabled=&#8221;off&#8221; button_one_bg_color__hover_enabled=&#8221;off&#8221; button_two_bg_color__hover_enabled=&#8221;off&#8221;][\/et_pb_contact_field][et_pb_contact_field field_id=&#8221;Yhteydenottotapa&#8221; field_title=&#8221;Miten haluat ett\u00e4 sinuun otetaan yhteytt\u00e4?&#8221; field_type=&#8221;radio&#8221; radio_options=&#8221;%91{%22value%22:%22Haluan ett\u00e4 minuun otetaan yhteytt\u00e4 puhelimella.%22,%22checked%22:0,%22dragID%22:-1},{%22value%22:%22Haluan ett\u00e4 minuun otetaan yhteytt\u00e4 s\u00e4hk\u00f6postilla.%22,%22checked%22:0,%22dragID%22:0}%93&#8243; required_mark=&#8221;off&#8221; fullwidth_field=&#8221;on&#8221; _builder_version=&#8221;4.27.6&#8243; _module_preset=&#8221;default&#8221; form_field_background_color=&#8221;#F8F9FA&#8221; form_field_text_color=&#8221;#263B4C&#8221; border_width_all=&#8221;1px&#8221; global_colors_info=&#8221;{}&#8221;][\/et_pb_contact_field][\/et_pb_contact_form][\/et_pb_column][\/et_pb_row][\/et_pb_section]<\/p>\n","protected":false},"excerpt":{"rendered":"<p>Tule is\u00e4nt\u00e4perheeksi vaihto-oppilaalleRotarypiirin klubit etsiv\u00e4t is\u00e4nt\u00e4perheit\u00e4 vuosivaihtoon tuleville vaihto-oppilaille. Eri puolilta maailmaa saapuvat vaihto-oppilaat ovat 15-18 -vuotiaita nuoria, ja he k\u00e4yv\u00e4t lukuvuoden verran suomalaista lukiota. Perheen\u00e4 toimitaan 3-4 kuukautta Kaikenlaiset perhemuodot k\u00e4yv\u00e4t Vaihtari tarvitsee oman huoneen, ruokaa ja huolenpitoa Koti voi sijaita miss\u00e4 vain. Etsimme sinulle kotiasi l\u00e4hell\u00e4 olevan rotaryklubin ja vaihto-oppilaan. Rotarit tarjoavat perheille [&hellip;]<\/p>\n","protected":false},"author":26,"featured_media":0,"parent":497,"menu_order":0,"comment_status":"closed","ping_status":"closed","template":"","meta":{"_acf_changed":false,"_et_pb_use_builder":"on","_et_pb_old_content":"","_et_gb_content_width":"","footnotes":""},"class_list":["post-14100","page","type-page","status-publish","hentry"],"acf":[],"yoast_head":"<!-- This site is optimized with the Yoast SEO plugin v27.4 - https:\/\/yoast.com\/product\/yoast-seo-wordpress\/ -->\n<title>Is\u00e4nt\u00e4perheeksi vaihto-oppilaalle - Piiri 1420<\/title>\n<meta name=\"robots\" content=\"index, follow, max-snippet:-1, max-image-preview:large, max-video-preview:-1\" \/>\n<link rel=\"canonical\" href=\"https:\/\/rotary.fi\/d1420\/mita-teemme\/nuorisovaihto\/miksi-isantaperheeksi\/\" \/>\n<meta property=\"og:locale\" content=\"fi_FI\" \/>\n<meta property=\"og:type\" content=\"article\" \/>\n<meta property=\"og:title\" content=\"Is\u00e4nt\u00e4perheeksi vaihto-oppilaalle - Piiri 1420\" \/>\n<meta property=\"og:description\" content=\"Tule is\u00e4nt\u00e4perheeksi vaihto-oppilaalleRotarypiirin klubit etsiv\u00e4t is\u00e4nt\u00e4perheit\u00e4 vuosivaihtoon tuleville vaihto-oppilaille. Eri puolilta maailmaa saapuvat vaihto-oppilaat ovat 15-18 -vuotiaita nuoria, ja he k\u00e4yv\u00e4t lukuvuoden verran suomalaista lukiota. Perheen\u00e4 toimitaan 3-4 kuukautta Kaikenlaiset perhemuodot k\u00e4yv\u00e4t Vaihtari tarvitsee oman huoneen, ruokaa ja huolenpitoa Koti voi sijaita miss\u00e4 vain. Etsimme sinulle kotiasi l\u00e4hell\u00e4 olevan rotaryklubin ja vaihto-oppilaan. Rotarit tarjoavat perheille [&hellip;]\" \/>\n<meta property=\"og:url\" content=\"https:\/\/rotary.fi\/d1420\/mita-teemme\/nuorisovaihto\/miksi-isantaperheeksi\/\" \/>\n<meta property=\"og:site_name\" content=\"Piiri 1420\" \/>\n<meta property=\"article:publisher\" content=\"https:\/\/www.facebook.com\/rotary\/\" \/>\n<meta property=\"article:modified_time\" content=\"2026-05-11T16:11:05+00:00\" \/>\n<meta name=\"twitter:card\" content=\"summary_large_image\" \/>\n<meta name=\"twitter:label1\" content=\"Arvioitu lukuaika\" \/>\n\t<meta name=\"twitter:data1\" content=\"2 minuuttia\" \/>\n<script type=\"application\/ld+json\" class=\"yoast-schema-graph\">{\"@context\":\"https:\\\/\\\/schema.org\",\"@graph\":[{\"@type\":\"WebPage\",\"@id\":\"https:\\\/\\\/rotary.fi\\\/d1420\\\/mita-teemme\\\/nuorisovaihto\\\/miksi-isantaperheeksi\\\/\",\"url\":\"https:\\\/\\\/rotary.fi\\\/d1420\\\/mita-teemme\\\/nuorisovaihto\\\/miksi-isantaperheeksi\\\/\",\"name\":\"Is\u00e4nt\u00e4perheeksi vaihto-oppilaalle - Piiri 1420\",\"isPartOf\":{\"@id\":\"https:\\\/\\\/rotary.fi\\\/d1420\\\/#website\"},\"datePublished\":\"2026-05-01T08:45:58+00:00\",\"dateModified\":\"2026-05-11T16:11:05+00:00\",\"breadcrumb\":{\"@id\":\"https:\\\/\\\/rotary.fi\\\/d1420\\\/mita-teemme\\\/nuorisovaihto\\\/miksi-isantaperheeksi\\\/#breadcrumb\"},\"inLanguage\":\"fi\",\"potentialAction\":[{\"@type\":\"ReadAction\",\"target\":[\"https:\\\/\\\/rotary.fi\\\/d1420\\\/mita-teemme\\\/nuorisovaihto\\\/miksi-isantaperheeksi\\\/\"]}]},{\"@type\":\"BreadcrumbList\",\"@id\":\"https:\\\/\\\/rotary.fi\\\/d1420\\\/mita-teemme\\\/nuorisovaihto\\\/miksi-isantaperheeksi\\\/#breadcrumb\",\"itemListElement\":[{\"@type\":\"ListItem\",\"position\":1,\"name\":\"Home\",\"item\":\"https:\\\/\\\/rotary.fi\\\/d1420\\\/\"},{\"@type\":\"ListItem\",\"position\":2,\"name\":\"Mit\u00e4 teemme\",\"item\":\"https:\\\/\\\/rotary.fi\\\/d1420\\\/mita-teemme\\\/\"},{\"@type\":\"ListItem\",\"position\":3,\"name\":\"Nuorisovaihto\",\"item\":\"https:\\\/\\\/rotary.fi\\\/d1420\\\/mita-teemme\\\/nuorisovaihto\\\/\"},{\"@type\":\"ListItem\",\"position\":4,\"name\":\"Is\u00e4nt\u00e4perheeksi vaihto-oppilaalle\"}]},{\"@type\":\"WebSite\",\"@id\":\"https:\\\/\\\/rotary.fi\\\/d1420\\\/#website\",\"url\":\"https:\\\/\\\/rotary.fi\\\/d1420\\\/\",\"name\":\"Piiri 1420\",\"description\":\"Suomen Rotary\",\"potentialAction\":[{\"@type\":\"SearchAction\",\"target\":{\"@type\":\"EntryPoint\",\"urlTemplate\":\"https:\\\/\\\/rotary.fi\\\/d1420\\\/?s={search_term_string}\"},\"query-input\":{\"@type\":\"PropertyValueSpecification\",\"valueRequired\":true,\"valueName\":\"search_term_string\"}}],\"inLanguage\":\"fi\"}]}<\/script>\n<!-- \/ Yoast SEO plugin. -->","yoast_head_json":{"title":"Is\u00e4nt\u00e4perheeksi vaihto-oppilaalle - Piiri 1420","robots":{"index":"index","follow":"follow","max-snippet":"max-snippet:-1","max-image-preview":"max-image-preview:large","max-video-preview":"max-video-preview:-1"},"canonical":"https:\/\/rotary.fi\/d1420\/mita-teemme\/nuorisovaihto\/miksi-isantaperheeksi\/","og_locale":"fi_FI","og_type":"article","og_title":"Is\u00e4nt\u00e4perheeksi vaihto-oppilaalle - Piiri 1420","og_description":"Tule is\u00e4nt\u00e4perheeksi vaihto-oppilaalleRotarypiirin klubit etsiv\u00e4t is\u00e4nt\u00e4perheit\u00e4 vuosivaihtoon tuleville vaihto-oppilaille. Eri puolilta maailmaa saapuvat vaihto-oppilaat ovat 15-18 -vuotiaita nuoria, ja he k\u00e4yv\u00e4t lukuvuoden verran suomalaista lukiota. Perheen\u00e4 toimitaan 3-4 kuukautta Kaikenlaiset perhemuodot k\u00e4yv\u00e4t Vaihtari tarvitsee oman huoneen, ruokaa ja huolenpitoa Koti voi sijaita miss\u00e4 vain. Etsimme sinulle kotiasi l\u00e4hell\u00e4 olevan rotaryklubin ja vaihto-oppilaan. Rotarit tarjoavat perheille [&hellip;]","og_url":"https:\/\/rotary.fi\/d1420\/mita-teemme\/nuorisovaihto\/miksi-isantaperheeksi\/","og_site_name":"Piiri 1420","article_publisher":"https:\/\/www.facebook.com\/rotary\/","article_modified_time":"2026-05-11T16:11:05+00:00","twitter_card":"summary_large_image","twitter_misc":{"Arvioitu lukuaika":"2 minuuttia"},"schema":{"@context":"https:\/\/schema.org","@graph":[{"@type":"WebPage","@id":"https:\/\/rotary.fi\/d1420\/mita-teemme\/nuorisovaihto\/miksi-isantaperheeksi\/","url":"https:\/\/rotary.fi\/d1420\/mita-teemme\/nuorisovaihto\/miksi-isantaperheeksi\/","name":"Is\u00e4nt\u00e4perheeksi vaihto-oppilaalle - Piiri 1420","isPartOf":{"@id":"https:\/\/rotary.fi\/d1420\/#website"},"datePublished":"2026-05-01T08:45:58+00:00","dateModified":"2026-05-11T16:11:05+00:00","breadcrumb":{"@id":"https:\/\/rotary.fi\/d1420\/mita-teemme\/nuorisovaihto\/miksi-isantaperheeksi\/#breadcrumb"},"inLanguage":"fi","potentialAction":[{"@type":"ReadAction","target":["https:\/\/rotary.fi\/d1420\/mita-teemme\/nuorisovaihto\/miksi-isantaperheeksi\/"]}]},{"@type":"BreadcrumbList","@id":"https:\/\/rotary.fi\/d1420\/mita-teemme\/nuorisovaihto\/miksi-isantaperheeksi\/#breadcrumb","itemListElement":[{"@type":"ListItem","position":1,"name":"Home","item":"https:\/\/rotary.fi\/d1420\/"},{"@type":"ListItem","position":2,"name":"Mit\u00e4 teemme","item":"https:\/\/rotary.fi\/d1420\/mita-teemme\/"},{"@type":"ListItem","position":3,"name":"Nuorisovaihto","item":"https:\/\/rotary.fi\/d1420\/mita-teemme\/nuorisovaihto\/"},{"@type":"ListItem","position":4,"name":"Is\u00e4nt\u00e4perheeksi vaihto-oppilaalle"}]},{"@type":"WebSite","@id":"https:\/\/rotary.fi\/d1420\/#website","url":"https:\/\/rotary.fi\/d1420\/","name":"Piiri 1420","description":"Suomen Rotary","potentialAction":[{"@type":"SearchAction","target":{"@type":"EntryPoint","urlTemplate":"https:\/\/rotary.fi\/d1420\/?s={search_term_string}"},"query-input":{"@type":"PropertyValueSpecification","valueRequired":true,"valueName":"search_term_string"}}],"inLanguage":"fi"}]}},"lang":"fi","translations":{"fi":14100,"et":14302,"sv":14281,"en":14292},"pll_sync_post":[],"_links":{"self":[{"href":"https:\/\/rotary.fi\/d1420\/wp-json\/wp\/v2\/pages\/14100","targetHints":{"allow":["GET"]}}],"collection":[{"href":"https:\/\/rotary.fi\/d1420\/wp-json\/wp\/v2\/pages"}],"about":[{"href":"https:\/\/rotary.fi\/d1420\/wp-json\/wp\/v2\/types\/page"}],"author":[{"embeddable":true,"href":"https:\/\/rotary.fi\/d1420\/wp-json\/wp\/v2\/users\/26"}],"replies":[{"embeddable":true,"href":"https:\/\/rotary.fi\/d1420\/wp-json\/wp\/v2\/comments?post=14100"}],"version-history":[{"count":10,"href":"https:\/\/rotary.fi\/d1420\/wp-json\/wp\/v2\/pages\/14100\/revisions"}],"predecessor-version":[{"id":14291,"href":"https:\/\/rotary.fi\/d1420\/wp-json\/wp\/v2\/pages\/14100\/revisions\/14291"}],"up":[{"embeddable":true,"href":"https:\/\/rotary.fi\/d1420\/wp-json\/wp\/v2\/pages\/497"}],"wp:attachment":[{"href":"https:\/\/rotary.fi\/d1420\/wp-json\/wp\/v2\/media?parent=14100"}],"curies":[{"name":"wp","href":"https:\/\/api.w.org\/{rel}","templated":true}]}}