{"id":13541,"date":"2026-03-29T13:33:15","date_gmt":"2026-03-29T11:33:15","guid":{"rendered":"https:\/\/rotary.fi\/d1420\/?page_id=13541"},"modified":"2026-03-29T13:36:43","modified_gmt":"2026-03-29T11:36:43","slug":"rotariaanide-testimine","status":"publish","type":"page","link":"https:\/\/rotary.fi\/d1420\/et\/mida-me-teeme\/keskkond-ja-laanemeri\/rotariaanide-testimine\/","title":{"rendered":"Rotariaanide testimine"},"content":{"rendered":"<p>[et_pb_section fb_built=&#8221;1&#8243; admin_label=&#8221;Osio &#8211; yl\u00e4kuva&#8221; module_class=&#8221;jumbotron-page&#8221; _builder_version=&#8221;4.27.4&#8243; background_image=&#8221;https:\/\/rotary.fi\/d1420\/wp-content\/uploads\/sites\/183\/2026\/03\/maisema-2.jpg&#8221; background_position=&#8221;top_center&#8221; global_colors_info=&#8221;{}&#8221;][et_pb_row module_class=&#8221; et_pb_row_fullwidth et_pb_row_fullwidth&#8221; _builder_version=&#8221;4.16&#8243; width=&#8221;89%&#8221; width_tablet=&#8221;80%&#8221; width_phone=&#8221;&#8221; width_last_edited=&#8221;on|desktop&#8221; max_width=&#8221;89%&#8221; max_width_tablet=&#8221;80%&#8221; max_width_phone=&#8221;&#8221; max_width_last_edited=&#8221;on|desktop&#8221; make_fullwidth=&#8221;on&#8221; global_colors_info=&#8221;{}&#8221;][et_pb_column type=&#8221;4_4&#8243; _builder_version=&#8221;4.16&#8243; custom_padding=&#8221;|||&#8221; global_colors_info=&#8221;{}&#8221; custom_padding__hover=&#8221;|||&#8221;][et_pb_text admin_label=&#8221;Ymp\u00e4rist\u00f6 ja It\u00e4meri -p\u00e4\u00e4otsikko&#8221; _builder_version=&#8221;4.27.4&#8243; text_orientation=&#8221;center&#8221; background_layout=&#8221;dark&#8221; hover_enabled=&#8221;0&#8243; global_colors_info=&#8221;{}&#8221; sticky_enabled=&#8221;0&#8243;]<\/p>\n<h1>Rotariaanide testimine<\/h1>\n<p>[\/et_pb_text][\/et_pb_column][\/et_pb_row][\/et_pb_section][et_pb_section fb_built=&#8221;1&#8243; admin_label=&#8221;Osio &#8211; Testataan rotareita&#8221; module_class=&#8221;sisaltoalue_perus&#8221; _builder_version=&#8221;4.27.4&#8243; custom_margin=&#8221;||0px||false|false&#8221; border_color_all=&#8221;#FFFFFF&#8221; border_style_all=&#8221;none&#8221; border_width_bottom=&#8221;1px&#8221; border_color_bottom=&#8221;#019FCB&#8221; global_colors_info=&#8221;{}&#8221;][et_pb_row custom_padding_last_edited=&#8221;on|phone&#8221; _builder_version=&#8221;4.27.4&#8243; max_height=&#8221;100px&#8221; custom_padding_tablet=&#8221;&#8221; custom_padding_phone=&#8221;&#8221; global_colors_info=&#8221;{}&#8221;][et_pb_column type=&#8221;4_4&#8243; _builder_version=&#8221;4.16&#8243; custom_padding=&#8221;|||&#8221; global_colors_info=&#8221;{}&#8221; custom_padding__hover=&#8221;|||&#8221;][et_pb_text admin_label=&#8221;otsikko &#8211; Every club climate frendly&#8221; _builder_version=&#8221;4.27.4&#8243; text_orientation=&#8221;center&#8221; global_colors_info=&#8221;{}&#8221;]<\/p>\n<h3 style=\"text-align: left\">Every Club Climate Friendly<\/h3>\n<p>[\/et_pb_text][\/et_pb_column][\/et_pb_row][et_pb_row column_structure=&#8221;1_2,1_2&#8243; custom_padding_last_edited=&#8221;on|phone&#8221; _builder_version=&#8221;4.27.4&#8243; max_height=&#8221;100px&#8221; custom_padding_tablet=&#8221;&#8221; custom_padding_phone=&#8221;&#8221; global_colors_info=&#8221;{}&#8221;][et_pb_column type=&#8221;1_2&#8243; _builder_version=&#8221;4.16&#8243; custom_padding=&#8221;|||&#8221; global_colors_info=&#8221;{}&#8221; custom_padding__hover=&#8221;|||&#8221;][et_pb_text admin_label=&#8221;Teksti&#8221; _builder_version=&#8221;4.27.4&#8243; _module_preset=&#8221;default&#8221; hover_enabled=&#8221;0&#8243; global_colors_info=&#8221;{}&#8221; sticky_enabled=&#8221;0&#8243;]<\/p>\n<p>Kui saastetase t\u00f5useb ja maailm soojeneb, muutuvad tormid ja p\u00f5uad tugevamaks ning kahjustavad inimesi, keda rotariaanid p\u00fc\u00fcavad aidata.<\/p>\n<p>Prioriteet 1: Suurendada Rotary \u00fclemaailmset m\u00f5ju, v\u00f5ttes klubitegevuses meetmeid kliimamuutuste leevendamiseks.<\/p>\n<p>Prioriteet 2: Laiendada koost\u00f6\u00f6d nendega, kes on valmis kliimamuutuste vastu tegutsema. Otsida uusi partnerlusi kogukonnas.<\/p>\n<p>Prioriteet 3:Osaleda s\u00fcsinikdioksiidi heitmete v\u00e4hendamises ning toetada loodusp\u00f5hiseid lahendusi, n\u00e4iteks mangroovimetsade taastamist, puude istutamist ja kestlikku p\u00f5llumajandust.<\/p>\n<p>Prioriteet 4: Kohaneda, suunates investeeringud keskkonna prioriteetsetesse valdkondadesse, et kaitsta tulevasi p\u00f5lvkondi.<\/p>\n<p><a href=\"https:\/\/esrag.org\/every-club-climate-friendly\/\">https:\/\/esrag.org\/every-club-climate-friendly\/<\/a><\/p>\n<p>[\/et_pb_text][\/et_pb_column][et_pb_column type=&#8221;1_2&#8243; _builder_version=&#8221;4.16&#8243; custom_padding=&#8221;|||&#8221; global_colors_info=&#8221;{}&#8221; custom_padding__hover=&#8221;|||&#8221;][et_pb_image src=&#8221;https:\/\/rotary.fi\/d1420\/wp-content\/uploads\/sites\/183\/2026\/03\/every-club-climate-friendly.png&#8221; title_text=&#8221;Every club climate friendly&#8221; admin_label=&#8221;Kuva  every club climate friendly&#8221; _builder_version=&#8221;4.27.4&#8243; _module_preset=&#8221;default&#8221; global_colors_info=&#8221;{}&#8221;][\/et_pb_image][\/et_pb_column][\/et_pb_row][et_pb_row custom_padding_last_edited=&#8221;on|phone&#8221; _builder_version=&#8221;4.27.4&#8243; max_height=&#8221;100px&#8221; custom_padding_tablet=&#8221;&#8221; custom_padding_phone=&#8221;&#8221; global_colors_info=&#8221;{}&#8221;][et_pb_column type=&#8221;4_4&#8243; _builder_version=&#8221;4.16&#8243; custom_padding=&#8221;|||&#8221; global_colors_info=&#8221;{}&#8221; custom_padding__hover=&#8221;|||&#8221;][et_pb_divider _builder_version=&#8221;4.27.4&#8243; _module_preset=&#8221;default&#8221; global_colors_info=&#8221;{}&#8221;][\/et_pb_divider][et_pb_text admin_label=&#8221;otsikko &#8211; ilmastohaaste klubeille&#8221; _builder_version=&#8221;4.27.4&#8243; text_orientation=&#8221;center&#8221; hover_enabled=&#8221;0&#8243; global_colors_info=&#8221;{}&#8221; sticky_enabled=&#8221;0&#8243;]<\/p>\n<h3 style=\"text-align: left\">Kliimav\u00e4ljakutse klubidele<\/h3>\n<p>[\/et_pb_text][\/et_pb_column][\/et_pb_row][et_pb_row column_structure=&#8221;3_5,2_5&#8243; custom_padding_last_edited=&#8221;on|phone&#8221; _builder_version=&#8221;4.27.4&#8243; max_height=&#8221;100px&#8221; custom_padding_tablet=&#8221;&#8221; custom_padding_phone=&#8221;&#8221; global_colors_info=&#8221;{}&#8221;][et_pb_column type=&#8221;3_5&#8243; _builder_version=&#8221;4.16&#8243; custom_padding=&#8221;|||&#8221; global_colors_info=&#8221;{}&#8221; custom_padding__hover=&#8221;|||&#8221;][et_pb_text admin_label=&#8221;Teksti ilmastohaaste &#8221; _builder_version=&#8221;4.27.4&#8243; _module_preset=&#8221;default&#8221; hover_enabled=&#8221;0&#8243; global_colors_info=&#8221;{}&#8221; sticky_enabled=&#8221;0&#8243;]<\/p>\n<p>Tere tulemast saama teadmisi ja inspiratsiooni klubide kliimat\u00f6\u00f6ks!<\/p>\n<p>N\u00fc\u00fcd on aeg ka meie ringkonna klubidel k\u00e4ised \u00fcles k\u00e4\u00e4rida ja samm-sammult muutuda kliimas\u00f5bralikeks klubideks. Ringkonna L\u00e4\u00e4nemere foorum korraldas kaheosalise veebiseminaride sarja, peamiselt soome keeles, mis annab klubidele head t\u00f6\u00f6riistad muutuste elluviimiseks.<\/p>\n<p>.<\/p>\n<p>&nbsp;<\/p>\n<p>&nbsp;<\/p>\n<p>&nbsp;<\/p>\n<p>[\/et_pb_text][\/et_pb_column][et_pb_column type=&#8221;2_5&#8243; _builder_version=&#8221;4.16&#8243; custom_padding=&#8221;|||&#8221; global_colors_info=&#8221;{}&#8221; custom_padding__hover=&#8221;|||&#8221;][et_pb_button button_url=&#8221;https:\/\/rotary.fi\/d1420\/mita-teemme\/ymparisto-ja-itameri\/ilmastohaaste-klubeille\/&#8221; button_text=&#8221;Tulge \u00f5ppima klubide kliimat\u00f6\u00f6st!&#8221; _builder_version=&#8221;4.27.4&#8243; _module_preset=&#8221;default&#8221; hover_enabled=&#8221;0&#8243; global_colors_info=&#8221;{}&#8221; sticky_enabled=&#8221;0&#8243;][\/et_pb_button][\/et_pb_column][\/et_pb_row][et_pb_row custom_padding_last_edited=&#8221;on|phone&#8221; _builder_version=&#8221;4.27.4&#8243; max_height=&#8221;100px&#8221; custom_padding_tablet=&#8221;&#8221; custom_padding_phone=&#8221;&#8221; global_colors_info=&#8221;{}&#8221;][et_pb_column type=&#8221;4_4&#8243; _builder_version=&#8221;4.16&#8243; custom_padding=&#8221;|||&#8221; global_colors_info=&#8221;{}&#8221; custom_padding__hover=&#8221;|||&#8221;][et_pb_divider _builder_version=&#8221;4.27.4&#8243; _module_preset=&#8221;default&#8221; global_colors_info=&#8221;{}&#8221;][\/et_pb_divider][\/et_pb_column][\/et_pb_row][et_pb_row _builder_version=&#8221;4.27.4&#8243; _module_preset=&#8221;default&#8221; global_colors_info=&#8221;{}&#8221;][et_pb_column type=&#8221;4_4&#8243; _builder_version=&#8221;4.27.4&#8243; _module_preset=&#8221;default&#8221; global_colors_info=&#8221;{}&#8221;][et_pb_text admin_label=&#8221;otsikko &#8211; El\u00e4m\u00e4ntapatesti&#8221; _builder_version=&#8221;4.27.4&#8243; _module_preset=&#8221;default&#8221; hover_enabled=&#8221;0&#8243; global_colors_info=&#8221;{}&#8221; sticky_enabled=&#8221;0&#8243;]<\/p>\n<p>&nbsp;<\/p>\n<h3>Elustiilitest<\/h3>\n<p>[\/et_pb_text][\/et_pb_column][\/et_pb_row][et_pb_row column_structure=&#8221;1_2,1_2&#8243; _builder_version=&#8221;4.27.4&#8243; _module_preset=&#8221;default&#8221; global_colors_info=&#8221;{}&#8221;][et_pb_column type=&#8221;1_2&#8243; _builder_version=&#8221;4.27.4&#8243; _module_preset=&#8221;default&#8221; global_colors_info=&#8221;{}&#8221;][et_pb_image src=&#8221;https:\/\/rotary.fi\/d1420\/wp-content\/uploads\/sites\/183\/2026\/03\/lifestyle-test-sitra.png&#8221; title_text=&#8221;Lifestyle test &#8211; SITRA&#8221; admin_label=&#8221;Kuva lifestyle test&#8221; _builder_version=&#8221;4.27.4&#8243; _module_preset=&#8221;default&#8221; global_colors_info=&#8221;{}&#8221;][\/et_pb_image][\/et_pb_column][et_pb_column type=&#8221;1_2&#8243; _builder_version=&#8221;4.27.4&#8243; _module_preset=&#8221;default&#8221; global_colors_info=&#8221;{}&#8221;][et_pb_text _builder_version=&#8221;4.27.4&#8243; _module_preset=&#8221;default&#8221; hover_enabled=&#8221;0&#8243; global_colors_info=&#8221;{}&#8221; sticky_enabled=&#8221;0&#8243;]<\/p>\n<p>Peaaegu 70% Euroopa kliimaheitmetest on seotud inimeste igap\u00e4evaeluga \u2014 sellega, kuidas me s\u00f6\u00f6me, elame, liigume ja tarbime.<\/p>\n<p>Sitra elustiilitestil p\u00f5hinev uus t\u00f6\u00f6riist on kasutusel kaheksas Euroopa riigis. T\u00f6\u00f6riista on edasi arendatud koos kodanikega. Soomes on elustiilitesti tehtud juba \u00fcle 1,4 miljoni korra.<\/p>\n<p>Elustiilitest aitab leida valikuid, mis sobivad inimese v\u00e4\u00e4rtuste ja eluolukorraga. Nii on v\u00f5imalik elada head elu ja samal ajal aidata pidurdada kliimamuutust. T\u00f6\u00f6riist t\u00f6\u00f6tati v\u00e4lja k\u00fcmnetes t\u00f6\u00f6tubades, milles osalesid inimesed kaheksast Euroopa riigist. See on osa ELi rahastatud PSLifestyle projektist, mis toetab Euroopa rohelist kokkulepet.<\/p>\n<p>&nbsp;<\/p>\n<p><a href=\"https:\/\/www.sitra.fi\/elamantapatesti\/\">https:\/\/www.sitra.fi\/elamantapatesti\/<\/a><\/p>\n<p>[\/et_pb_text][\/et_pb_column][\/et_pb_row][\/et_pb_section]<\/p>\n","protected":false},"excerpt":{"rendered":"<p>Rotariaanide testimineEvery Club Climate Friendly Kui saastetase t\u00f5useb ja maailm soojeneb, muutuvad tormid ja p\u00f5uad tugevamaks ning kahjustavad inimesi, keda rotariaanid p\u00fc\u00fcavad aidata. Prioriteet 1: Suurendada Rotary \u00fclemaailmset m\u00f5ju, v\u00f5ttes klubitegevuses meetmeid kliimamuutuste leevendamiseks. Prioriteet 2: Laiendada koost\u00f6\u00f6d nendega, kes on valmis kliimamuutuste vastu tegutsema. Otsida uusi partnerlusi kogukonnas. Prioriteet 3:Osaleda s\u00fcsinikdioksiidi heitmete v\u00e4hendamises ning [&hellip;]<\/p>\n","protected":false},"author":26,"featured_media":0,"parent":13361,"menu_order":5,"comment_status":"closed","ping_status":"closed","template":"","meta":{"_acf_changed":false,"_et_pb_use_builder":"on","_et_pb_old_content":"","_et_gb_content_width":"","footnotes":""},"class_list":["post-13541","page","type-page","status-publish","hentry"],"acf":[],"yoast_head":"<!-- This site is optimized with the Yoast SEO plugin v27.4 - https:\/\/yoast.com\/product\/yoast-seo-wordpress\/ -->\n<title>Rotariaanide testimine - Piiri 1420<\/title>\n<meta name=\"robots\" content=\"index, follow, max-snippet:-1, max-image-preview:large, max-video-preview:-1\" \/>\n<link rel=\"canonical\" href=\"https:\/\/rotary.fi\/d1420\/et\/mida-me-teeme\/keskkond-ja-laanemeri\/rotariaanide-testimine\/\" \/>\n<meta property=\"og:locale\" content=\"fi_FI\" \/>\n<meta property=\"og:type\" content=\"article\" \/>\n<meta property=\"og:title\" content=\"Rotariaanide testimine - Piiri 1420\" \/>\n<meta property=\"og:description\" content=\"Rotariaanide testimineEvery Club Climate Friendly Kui saastetase t\u00f5useb ja maailm soojeneb, muutuvad tormid ja p\u00f5uad tugevamaks ning kahjustavad inimesi, keda rotariaanid p\u00fc\u00fcavad aidata. Prioriteet 1: Suurendada Rotary \u00fclemaailmset m\u00f5ju, v\u00f5ttes klubitegevuses meetmeid kliimamuutuste leevendamiseks. Prioriteet 2: Laiendada koost\u00f6\u00f6d nendega, kes on valmis kliimamuutuste vastu tegutsema. Otsida uusi partnerlusi kogukonnas. Prioriteet 3:Osaleda s\u00fcsinikdioksiidi heitmete v\u00e4hendamises ning [&hellip;]\" \/>\n<meta property=\"og:url\" content=\"https:\/\/rotary.fi\/d1420\/et\/mida-me-teeme\/keskkond-ja-laanemeri\/rotariaanide-testimine\/\" \/>\n<meta property=\"og:site_name\" content=\"Piiri 1420\" \/>\n<meta property=\"article:publisher\" content=\"https:\/\/www.facebook.com\/rotary\/\" \/>\n<meta property=\"article:modified_time\" content=\"2026-03-29T11:36:43+00:00\" \/>\n<meta name=\"twitter:card\" content=\"summary_large_image\" \/>\n<meta name=\"twitter:label1\" content=\"Arvioitu lukuaika\" \/>\n\t<meta name=\"twitter:data1\" content=\"2 minuuttia\" \/>\n<script type=\"application\/ld+json\" class=\"yoast-schema-graph\">{\"@context\":\"https:\\\/\\\/schema.org\",\"@graph\":[{\"@type\":\"WebPage\",\"@id\":\"https:\\\/\\\/rotary.fi\\\/d1420\\\/et\\\/mida-me-teeme\\\/keskkond-ja-laanemeri\\\/rotariaanide-testimine\\\/\",\"url\":\"https:\\\/\\\/rotary.fi\\\/d1420\\\/et\\\/mida-me-teeme\\\/keskkond-ja-laanemeri\\\/rotariaanide-testimine\\\/\",\"name\":\"Rotariaanide testimine - Piiri 1420\",\"isPartOf\":{\"@id\":\"https:\\\/\\\/rotary.fi\\\/d1420\\\/#website\"},\"datePublished\":\"2026-03-29T11:33:15+00:00\",\"dateModified\":\"2026-03-29T11:36:43+00:00\",\"breadcrumb\":{\"@id\":\"https:\\\/\\\/rotary.fi\\\/d1420\\\/et\\\/mida-me-teeme\\\/keskkond-ja-laanemeri\\\/rotariaanide-testimine\\\/#breadcrumb\"},\"inLanguage\":\"fi\",\"potentialAction\":[{\"@type\":\"ReadAction\",\"target\":[\"https:\\\/\\\/rotary.fi\\\/d1420\\\/et\\\/mida-me-teeme\\\/keskkond-ja-laanemeri\\\/rotariaanide-testimine\\\/\"]}]},{\"@type\":\"BreadcrumbList\",\"@id\":\"https:\\\/\\\/rotary.fi\\\/d1420\\\/et\\\/mida-me-teeme\\\/keskkond-ja-laanemeri\\\/rotariaanide-testimine\\\/#breadcrumb\",\"itemListElement\":[{\"@type\":\"ListItem\",\"position\":1,\"name\":\"Home\",\"item\":\"https:\\\/\\\/rotary.fi\\\/d1420\\\/\"},{\"@type\":\"ListItem\",\"position\":2,\"name\":\"Mida me teeme\",\"item\":\"https:\\\/\\\/rotary.fi\\\/d1420\\\/et\\\/mida-me-teeme\\\/\"},{\"@type\":\"ListItem\",\"position\":3,\"name\":\"Keskkond ja L\u00e4\u00e4nemeri\",\"item\":\"https:\\\/\\\/rotary.fi\\\/d1420\\\/et\\\/mida-me-teeme\\\/keskkond-ja-laanemeri\\\/\"},{\"@type\":\"ListItem\",\"position\":4,\"name\":\"Rotariaanide testimine\"}]},{\"@type\":\"WebSite\",\"@id\":\"https:\\\/\\\/rotary.fi\\\/d1420\\\/#website\",\"url\":\"https:\\\/\\\/rotary.fi\\\/d1420\\\/\",\"name\":\"Piiri 1420\",\"description\":\"Suomen Rotary\",\"potentialAction\":[{\"@type\":\"SearchAction\",\"target\":{\"@type\":\"EntryPoint\",\"urlTemplate\":\"https:\\\/\\\/rotary.fi\\\/d1420\\\/?s={search_term_string}\"},\"query-input\":{\"@type\":\"PropertyValueSpecification\",\"valueRequired\":true,\"valueName\":\"search_term_string\"}}],\"inLanguage\":\"fi\"}]}<\/script>\n<!-- \/ Yoast SEO plugin. -->","yoast_head_json":{"title":"Rotariaanide testimine - Piiri 1420","robots":{"index":"index","follow":"follow","max-snippet":"max-snippet:-1","max-image-preview":"max-image-preview:large","max-video-preview":"max-video-preview:-1"},"canonical":"https:\/\/rotary.fi\/d1420\/et\/mida-me-teeme\/keskkond-ja-laanemeri\/rotariaanide-testimine\/","og_locale":"fi_FI","og_type":"article","og_title":"Rotariaanide testimine - Piiri 1420","og_description":"Rotariaanide testimineEvery Club Climate Friendly Kui saastetase t\u00f5useb ja maailm soojeneb, muutuvad tormid ja p\u00f5uad tugevamaks ning kahjustavad inimesi, keda rotariaanid p\u00fc\u00fcavad aidata. Prioriteet 1: Suurendada Rotary \u00fclemaailmset m\u00f5ju, v\u00f5ttes klubitegevuses meetmeid kliimamuutuste leevendamiseks. Prioriteet 2: Laiendada koost\u00f6\u00f6d nendega, kes on valmis kliimamuutuste vastu tegutsema. Otsida uusi partnerlusi kogukonnas. Prioriteet 3:Osaleda s\u00fcsinikdioksiidi heitmete v\u00e4hendamises ning [&hellip;]","og_url":"https:\/\/rotary.fi\/d1420\/et\/mida-me-teeme\/keskkond-ja-laanemeri\/rotariaanide-testimine\/","og_site_name":"Piiri 1420","article_publisher":"https:\/\/www.facebook.com\/rotary\/","article_modified_time":"2026-03-29T11:36:43+00:00","twitter_card":"summary_large_image","twitter_misc":{"Arvioitu lukuaika":"2 minuuttia"},"schema":{"@context":"https:\/\/schema.org","@graph":[{"@type":"WebPage","@id":"https:\/\/rotary.fi\/d1420\/et\/mida-me-teeme\/keskkond-ja-laanemeri\/rotariaanide-testimine\/","url":"https:\/\/rotary.fi\/d1420\/et\/mida-me-teeme\/keskkond-ja-laanemeri\/rotariaanide-testimine\/","name":"Rotariaanide testimine - Piiri 1420","isPartOf":{"@id":"https:\/\/rotary.fi\/d1420\/#website"},"datePublished":"2026-03-29T11:33:15+00:00","dateModified":"2026-03-29T11:36:43+00:00","breadcrumb":{"@id":"https:\/\/rotary.fi\/d1420\/et\/mida-me-teeme\/keskkond-ja-laanemeri\/rotariaanide-testimine\/#breadcrumb"},"inLanguage":"fi","potentialAction":[{"@type":"ReadAction","target":["https:\/\/rotary.fi\/d1420\/et\/mida-me-teeme\/keskkond-ja-laanemeri\/rotariaanide-testimine\/"]}]},{"@type":"BreadcrumbList","@id":"https:\/\/rotary.fi\/d1420\/et\/mida-me-teeme\/keskkond-ja-laanemeri\/rotariaanide-testimine\/#breadcrumb","itemListElement":[{"@type":"ListItem","position":1,"name":"Home","item":"https:\/\/rotary.fi\/d1420\/"},{"@type":"ListItem","position":2,"name":"Mida me teeme","item":"https:\/\/rotary.fi\/d1420\/et\/mida-me-teeme\/"},{"@type":"ListItem","position":3,"name":"Keskkond ja L\u00e4\u00e4nemeri","item":"https:\/\/rotary.fi\/d1420\/et\/mida-me-teeme\/keskkond-ja-laanemeri\/"},{"@type":"ListItem","position":4,"name":"Rotariaanide testimine"}]},{"@type":"WebSite","@id":"https:\/\/rotary.fi\/d1420\/#website","url":"https:\/\/rotary.fi\/d1420\/","name":"Piiri 1420","description":"Suomen Rotary","potentialAction":[{"@type":"SearchAction","target":{"@type":"EntryPoint","urlTemplate":"https:\/\/rotary.fi\/d1420\/?s={search_term_string}"},"query-input":{"@type":"PropertyValueSpecification","valueRequired":true,"valueName":"search_term_string"}}],"inLanguage":"fi"}]}},"lang":"et","translations":{"et":13541,"sv":13523,"fi":12696,"en":13533},"pll_sync_post":[],"_links":{"self":[{"href":"https:\/\/rotary.fi\/d1420\/wp-json\/wp\/v2\/pages\/13541","targetHints":{"allow":["GET"]}}],"collection":[{"href":"https:\/\/rotary.fi\/d1420\/wp-json\/wp\/v2\/pages"}],"about":[{"href":"https:\/\/rotary.fi\/d1420\/wp-json\/wp\/v2\/types\/page"}],"author":[{"embeddable":true,"href":"https:\/\/rotary.fi\/d1420\/wp-json\/wp\/v2\/users\/26"}],"replies":[{"embeddable":true,"href":"https:\/\/rotary.fi\/d1420\/wp-json\/wp\/v2\/comments?post=13541"}],"version-history":[{"count":4,"href":"https:\/\/rotary.fi\/d1420\/wp-json\/wp\/v2\/pages\/13541\/revisions"}],"predecessor-version":[{"id":13546,"href":"https:\/\/rotary.fi\/d1420\/wp-json\/wp\/v2\/pages\/13541\/revisions\/13546"}],"up":[{"embeddable":true,"href":"https:\/\/rotary.fi\/d1420\/wp-json\/wp\/v2\/pages\/13361"}],"wp:attachment":[{"href":"https:\/\/rotary.fi\/d1420\/wp-json\/wp\/v2\/media?parent=13541"}],"curies":[{"name":"wp","href":"https:\/\/api.w.org\/{rel}","templated":true}]}}