{"id":13523,"date":"2026-03-29T13:22:47","date_gmt":"2026-03-29T11:22:47","guid":{"rendered":"https:\/\/rotary.fi\/d1420\/?page_id=13523"},"modified":"2026-03-29T17:56:22","modified_gmt":"2026-03-29T15:56:22","slug":"testa-rotarianer","status":"publish","type":"page","link":"https:\/\/rotary.fi\/d1420\/sv\/det-har-gor-vi\/miljo-och-ostersjon\/testa-rotarianer\/","title":{"rendered":"Testa rotarianer"},"content":{"rendered":"<p>[et_pb_section fb_built=&#8221;1&#8243; admin_label=&#8221;Osio &#8211; yl\u00e4kuva&#8221; module_class=&#8221;jumbotron-page&#8221; _builder_version=&#8221;4.27.4&#8243; background_image=&#8221;https:\/\/rotary.fi\/d1420\/wp-content\/uploads\/sites\/183\/2026\/03\/maisema-2.jpg&#8221; background_position=&#8221;top_center&#8221; global_colors_info=&#8221;{}&#8221;][et_pb_row module_class=&#8221; et_pb_row_fullwidth et_pb_row_fullwidth&#8221; _builder_version=&#8221;4.16&#8243; width=&#8221;89%&#8221; width_tablet=&#8221;80%&#8221; width_phone=&#8221;&#8221; width_last_edited=&#8221;on|desktop&#8221; max_width=&#8221;89%&#8221; max_width_tablet=&#8221;80%&#8221; max_width_phone=&#8221;&#8221; max_width_last_edited=&#8221;on|desktop&#8221; make_fullwidth=&#8221;on&#8221; global_colors_info=&#8221;{}&#8221;][et_pb_column type=&#8221;4_4&#8243; _builder_version=&#8221;4.16&#8243; custom_padding=&#8221;|||&#8221; global_colors_info=&#8221;{}&#8221; custom_padding__hover=&#8221;|||&#8221;][et_pb_text admin_label=&#8221;Ymp\u00e4rist\u00f6 ja It\u00e4meri -p\u00e4\u00e4otsikko&#8221; _builder_version=&#8221;4.27.4&#8243; text_orientation=&#8221;center&#8221; background_layout=&#8221;dark&#8221; global_colors_info=&#8221;{}&#8221;]<\/p>\n<h1>Testa rotarianer<\/h1>\n<p>[\/et_pb_text][\/et_pb_column][\/et_pb_row][\/et_pb_section][et_pb_section fb_built=&#8221;1&#8243; admin_label=&#8221;Osio &#8211; Testataan rotareita&#8221; module_class=&#8221;sisaltoalue_perus&#8221; _builder_version=&#8221;4.27.4&#8243; custom_margin=&#8221;||0px||false|false&#8221; border_color_all=&#8221;#FFFFFF&#8221; border_style_all=&#8221;none&#8221; border_width_bottom=&#8221;1px&#8221; border_color_bottom=&#8221;#019FCB&#8221; global_colors_info=&#8221;{}&#8221;][et_pb_row custom_padding_last_edited=&#8221;on|phone&#8221; _builder_version=&#8221;4.27.4&#8243; max_height=&#8221;100px&#8221; custom_padding_tablet=&#8221;&#8221; custom_padding_phone=&#8221;&#8221; global_colors_info=&#8221;{}&#8221;][et_pb_column type=&#8221;4_4&#8243; _builder_version=&#8221;4.16&#8243; custom_padding=&#8221;|||&#8221; global_colors_info=&#8221;{}&#8221; custom_padding__hover=&#8221;|||&#8221;][et_pb_text admin_label=&#8221;otsikko &#8211; Every club climate frendly&#8221; _builder_version=&#8221;4.27.4&#8243; text_orientation=&#8221;center&#8221; global_colors_info=&#8221;{}&#8221;]<\/p>\n<h3 style=\"text-align: left\">Every Club Climate Friendly<\/h3>\n<p>[\/et_pb_text][\/et_pb_column][\/et_pb_row][et_pb_row column_structure=&#8221;1_2,1_2&#8243; custom_padding_last_edited=&#8221;on|phone&#8221; _builder_version=&#8221;4.27.4&#8243; max_height=&#8221;100px&#8221; custom_padding_tablet=&#8221;&#8221; custom_padding_phone=&#8221;&#8221; global_colors_info=&#8221;{}&#8221;][et_pb_column type=&#8221;1_2&#8243; _builder_version=&#8221;4.16&#8243; custom_padding=&#8221;|||&#8221; global_colors_info=&#8221;{}&#8221; custom_padding__hover=&#8221;|||&#8221;][et_pb_text admin_label=&#8221;Teksti&#8221; _builder_version=&#8221;4.27.4&#8243; _module_preset=&#8221;default&#8221; global_colors_info=&#8221;{}&#8221;]<\/p>\n<p>N\u00e4r f\u00f6roreningsniv\u00e5erna stiger och v\u00e4rlden blir varmare \u00f6kar stormar och torka i styrka och orsakar skador f\u00f6r m\u00e4nniskor som vi rotarianer str\u00e4var efter att hj\u00e4lpa.<\/p>\n<p>Prioritet 1:<br \/>\u00d6ka Rotarys globala p\u00e5verkan genom att vidta \u00e5tg\u00e4rder f\u00f6r att begr\u00e4nsa klimatf\u00f6r\u00e4ndringen i klubbverksamheten.<\/p>\n<p>Prioritet 2:<br \/>Utvidga samarbetet med dem som \u00e4r beredda att agera mot klimatf\u00f6r\u00e4ndringen. S\u00f6k nya partnerskap i samh\u00e4llet.<\/p>\n<p>Prioritet 3:<br \/>Bidra till att minska koldioxidutsl\u00e4pp och st\u00f6d naturbaserade l\u00f6sningar, till exempel \u00e5terst\u00e4llning av mangroveskogar, plantering av tr\u00e4d och h\u00e5llbart jordbruk.<\/p>\n<p>Prioritet 4:<br \/>Anpassa verksamheten genom att rikta investeringar till milj\u00f6relaterade fokusomr\u00e5den f\u00f6r att trygga framtida generationer.<\/p>\n<p><a href=\"https:\/\/esrag.org\/every-club-climate-friendly\/\">https:\/\/esrag.org\/every-club-climate-friendly\/<\/a><\/p>\n<p>[\/et_pb_text][\/et_pb_column][et_pb_column type=&#8221;1_2&#8243; _builder_version=&#8221;4.16&#8243; custom_padding=&#8221;|||&#8221; global_colors_info=&#8221;{}&#8221; custom_padding__hover=&#8221;|||&#8221;][et_pb_image src=&#8221;https:\/\/rotary.fi\/d1420\/wp-content\/uploads\/sites\/183\/2026\/03\/every-club-climate-friendly.png&#8221; title_text=&#8221;Every club climate friendly&#8221; admin_label=&#8221;Kuva  every club climate friendly&#8221; _builder_version=&#8221;4.27.4&#8243; _module_preset=&#8221;default&#8221; global_colors_info=&#8221;{}&#8221;][\/et_pb_image][\/et_pb_column][\/et_pb_row][et_pb_row custom_padding_last_edited=&#8221;on|phone&#8221; _builder_version=&#8221;4.27.4&#8243; max_height=&#8221;100px&#8221; custom_padding_tablet=&#8221;&#8221; custom_padding_phone=&#8221;&#8221; global_colors_info=&#8221;{}&#8221;][et_pb_column type=&#8221;4_4&#8243; _builder_version=&#8221;4.16&#8243; custom_padding=&#8221;|||&#8221; global_colors_info=&#8221;{}&#8221; custom_padding__hover=&#8221;|||&#8221;][et_pb_divider _builder_version=&#8221;4.27.4&#8243; _module_preset=&#8221;default&#8221; global_colors_info=&#8221;{}&#8221;][\/et_pb_divider][et_pb_text admin_label=&#8221;otsikko &#8211; ilmastohaaste klubeille&#8221; _builder_version=&#8221;4.27.4&#8243; text_orientation=&#8221;center&#8221; global_colors_info=&#8221;{}&#8221;]<\/p>\n<h3 style=\"text-align: left\">Klimatutmaning f\u00f6r klubbar<\/h3>\n<p>[\/et_pb_text][\/et_pb_column][\/et_pb_row][et_pb_row column_structure=&#8221;3_5,2_5&#8243; custom_padding_last_edited=&#8221;on|phone&#8221; _builder_version=&#8221;4.27.4&#8243; max_height=&#8221;100px&#8221; custom_padding_tablet=&#8221;&#8221; custom_padding_phone=&#8221;&#8221; global_colors_info=&#8221;{}&#8221;][et_pb_column type=&#8221;3_5&#8243; _builder_version=&#8221;4.16&#8243; custom_padding=&#8221;|||&#8221; global_colors_info=&#8221;{}&#8221; custom_padding__hover=&#8221;|||&#8221;][et_pb_text admin_label=&#8221;Teksti ilmastohaaste &#8221; _builder_version=&#8221;4.27.4&#8243; _module_preset=&#8221;default&#8221; global_colors_info=&#8221;{}&#8221;]<\/p>\n<p>V\u00e4lkommen att h\u00e4mta inspiration och kunskap f\u00f6r klubbarnas klimatarbete!<\/p>\n<p>Nu \u00e4r det ocks\u00e5 dags f\u00f6r klubbarna i v\u00e5rt distrikt att kavla upp \u00e4rmarna och steg f\u00f6r steg bli klimatv\u00e4nliga klubbar. Distriktets \u00d6stersj\u00f6forum arrangerade en tv\u00e5delad webbinarieserie, huvudsakligen p\u00e5 finska, som ger klubbarna goda verktyg f\u00f6r f\u00f6r\u00e4ndringsresan.<\/p>\n<p>&nbsp;<\/p>\n<p>&nbsp;<\/p>\n<p>[\/et_pb_text][\/et_pb_column][et_pb_column type=&#8221;2_5&#8243; _builder_version=&#8221;4.16&#8243; custom_padding=&#8221;|||&#8221; global_colors_info=&#8221;{}&#8221; custom_padding__hover=&#8221;|||&#8221;][et_pb_button button_url=&#8221;https:\/\/rotary.fi\/d1420\/mita-teemme\/ymparisto-ja-itameri\/ilmastohaaste-klubeille\/&#8221; button_text=&#8221;H\u00e4mta inspiration f\u00f6r klubbarnas klimatarbete!&#8221; _builder_version=&#8221;4.27.4&#8243; _module_preset=&#8221;default&#8221; hover_enabled=&#8221;0&#8243; global_colors_info=&#8221;{}&#8221; sticky_enabled=&#8221;0&#8243;][\/et_pb_button][\/et_pb_column][\/et_pb_row][et_pb_row custom_padding_last_edited=&#8221;on|phone&#8221; _builder_version=&#8221;4.27.4&#8243; max_height=&#8221;100px&#8221; custom_padding_tablet=&#8221;&#8221; custom_padding_phone=&#8221;&#8221; global_colors_info=&#8221;{}&#8221;][et_pb_column type=&#8221;4_4&#8243; _builder_version=&#8221;4.16&#8243; custom_padding=&#8221;|||&#8221; global_colors_info=&#8221;{}&#8221; custom_padding__hover=&#8221;|||&#8221;][et_pb_divider _builder_version=&#8221;4.27.4&#8243; _module_preset=&#8221;default&#8221; global_colors_info=&#8221;{}&#8221;][\/et_pb_divider][\/et_pb_column][\/et_pb_row][et_pb_row _builder_version=&#8221;4.27.4&#8243; _module_preset=&#8221;default&#8221; global_colors_info=&#8221;{}&#8221;][et_pb_column type=&#8221;4_4&#8243; _builder_version=&#8221;4.27.4&#8243; _module_preset=&#8221;default&#8221; global_colors_info=&#8221;{}&#8221;][et_pb_text admin_label=&#8221;otsikko &#8211; El\u00e4m\u00e4ntapatesti&#8221; _builder_version=&#8221;4.27.4&#8243; _module_preset=&#8221;default&#8221; global_colors_info=&#8221;{}&#8221;]<\/p>\n<p>&nbsp;<\/p>\n<h3>Livsstilstestet<\/h3>\n<p>[\/et_pb_text][\/et_pb_column][\/et_pb_row][et_pb_row column_structure=&#8221;1_2,1_2&#8243; _builder_version=&#8221;4.27.4&#8243; _module_preset=&#8221;default&#8221; global_colors_info=&#8221;{}&#8221;][et_pb_column type=&#8221;1_2&#8243; _builder_version=&#8221;4.27.4&#8243; _module_preset=&#8221;default&#8221; global_colors_info=&#8221;{}&#8221;][et_pb_image src=&#8221;https:\/\/rotary.fi\/d1420\/wp-content\/uploads\/sites\/183\/2026\/03\/lifestyle-test-sitra.png&#8221; title_text=&#8221;Lifestyle test &#8211; SITRA&#8221; admin_label=&#8221;Kuva lifestyle test&#8221; _builder_version=&#8221;4.27.4&#8243; _module_preset=&#8221;default&#8221; global_colors_info=&#8221;{}&#8221;][\/et_pb_image][\/et_pb_column][et_pb_column type=&#8221;1_2&#8243; _builder_version=&#8221;4.27.4&#8243; _module_preset=&#8221;default&#8221; global_colors_info=&#8221;{}&#8221;][et_pb_text _builder_version=&#8221;4.27.4&#8243; _module_preset=&#8221;default&#8221; global_colors_info=&#8221;{}&#8221;]<\/p>\n<p>N\u00e4stan 70 procent av Europas klimatutsl\u00e4pp kan kopplas till m\u00e4nniskors vardag \u2013 hur vi \u00e4ter, bor, r\u00f6r oss och konsumerar.<\/p>\n<p>Ett nytt verktyg, utvecklat utifr\u00e5n Sitras Livsstilstest, anv\u00e4nds nu i \u00e5tta europeiska l\u00e4nder. Verktyget har vidareutvecklats tillsammans med medborgare. I Finland har Livsstilstestet genomf\u00f6rts \u00f6ver 1,4 miljoner g\u00e5nger.<\/p>\n<p>Livsstilstestet hj\u00e4lper m\u00e4nniskor att hitta val som passar deras v\u00e4rderingar och livssituation. P\u00e5 s\u00e5 s\u00e4tt kan man leva ett gott liv enligt sina egna v\u00e4rderingar och samtidigt bidra till att bromsa klimatf\u00f6r\u00e4ndringen.<\/p>\n<p>Verktyget har utvecklats i tiotals workshoppar med deltagare fr\u00e5n \u00e5tta europeiska l\u00e4nder. Det \u00e4r en del av det EU-finansierade PSLifestyle-projektet, som ing\u00e5r i EU:s gr\u00f6na giv.<\/p>\n<p><a href=\"https:\/\/www.sitra.fi\/elamantapatesti\/\">https:\/\/www.sitra.fi\/elamantapatesti\/<\/a><\/p>\n<p>[\/et_pb_text][\/et_pb_column][\/et_pb_row][\/et_pb_section]<\/p>\n","protected":false},"excerpt":{"rendered":"<p>Testa rotarianerEvery Club Climate Friendly N\u00e4r f\u00f6roreningsniv\u00e5erna stiger och v\u00e4rlden blir varmare \u00f6kar stormar och torka i styrka och orsakar skador f\u00f6r m\u00e4nniskor som vi rotarianer str\u00e4var efter att hj\u00e4lpa. Prioritet 1:\u00d6ka Rotarys globala p\u00e5verkan genom att vidta \u00e5tg\u00e4rder f\u00f6r att begr\u00e4nsa klimatf\u00f6r\u00e4ndringen i klubbverksamheten. Prioritet 2:Utvidga samarbetet med dem som \u00e4r beredda att agera [&hellip;]<\/p>\n","protected":false},"author":26,"featured_media":0,"parent":13339,"menu_order":5,"comment_status":"closed","ping_status":"closed","template":"","meta":{"_acf_changed":false,"_et_pb_use_builder":"on","_et_pb_old_content":"","_et_gb_content_width":"","footnotes":""},"class_list":["post-13523","page","type-page","status-publish","hentry"],"acf":[],"yoast_head":"<!-- This site is optimized with the Yoast SEO plugin v27.4 - https:\/\/yoast.com\/product\/yoast-seo-wordpress\/ -->\n<title>Testa rotarianer - Piiri 1420<\/title>\n<meta name=\"robots\" content=\"index, follow, max-snippet:-1, max-image-preview:large, max-video-preview:-1\" \/>\n<link rel=\"canonical\" href=\"https:\/\/rotary.fi\/d1420\/sv\/det-har-gor-vi\/miljo-och-ostersjon\/testa-rotarianer\/\" \/>\n<meta property=\"og:locale\" content=\"fi_FI\" \/>\n<meta property=\"og:type\" content=\"article\" \/>\n<meta property=\"og:title\" content=\"Testa rotarianer - Piiri 1420\" \/>\n<meta property=\"og:description\" content=\"Testa rotarianerEvery Club Climate Friendly N\u00e4r f\u00f6roreningsniv\u00e5erna stiger och v\u00e4rlden blir varmare \u00f6kar stormar och torka i styrka och orsakar skador f\u00f6r m\u00e4nniskor som vi rotarianer str\u00e4var efter att hj\u00e4lpa. Prioritet 1:\u00d6ka Rotarys globala p\u00e5verkan genom att vidta \u00e5tg\u00e4rder f\u00f6r att begr\u00e4nsa klimatf\u00f6r\u00e4ndringen i klubbverksamheten. Prioritet 2:Utvidga samarbetet med dem som \u00e4r beredda att agera [&hellip;]\" \/>\n<meta property=\"og:url\" content=\"https:\/\/rotary.fi\/d1420\/sv\/det-har-gor-vi\/miljo-och-ostersjon\/testa-rotarianer\/\" \/>\n<meta property=\"og:site_name\" content=\"Piiri 1420\" \/>\n<meta property=\"article:publisher\" content=\"https:\/\/www.facebook.com\/rotary\/\" \/>\n<meta property=\"article:modified_time\" content=\"2026-03-29T15:56:22+00:00\" \/>\n<meta name=\"twitter:card\" content=\"summary_large_image\" \/>\n<meta name=\"twitter:label1\" content=\"Arvioitu lukuaika\" \/>\n\t<meta name=\"twitter:data1\" content=\"3 minuuttia\" \/>\n<script type=\"application\/ld+json\" class=\"yoast-schema-graph\">{\"@context\":\"https:\\\/\\\/schema.org\",\"@graph\":[{\"@type\":\"WebPage\",\"@id\":\"https:\\\/\\\/rotary.fi\\\/d1420\\\/sv\\\/det-har-gor-vi\\\/miljo-och-ostersjon\\\/testa-rotarianer\\\/\",\"url\":\"https:\\\/\\\/rotary.fi\\\/d1420\\\/sv\\\/det-har-gor-vi\\\/miljo-och-ostersjon\\\/testa-rotarianer\\\/\",\"name\":\"Testa rotarianer - Piiri 1420\",\"isPartOf\":{\"@id\":\"https:\\\/\\\/rotary.fi\\\/d1420\\\/#website\"},\"datePublished\":\"2026-03-29T11:22:47+00:00\",\"dateModified\":\"2026-03-29T15:56:22+00:00\",\"breadcrumb\":{\"@id\":\"https:\\\/\\\/rotary.fi\\\/d1420\\\/sv\\\/det-har-gor-vi\\\/miljo-och-ostersjon\\\/testa-rotarianer\\\/#breadcrumb\"},\"inLanguage\":\"fi\",\"potentialAction\":[{\"@type\":\"ReadAction\",\"target\":[\"https:\\\/\\\/rotary.fi\\\/d1420\\\/sv\\\/det-har-gor-vi\\\/miljo-och-ostersjon\\\/testa-rotarianer\\\/\"]}]},{\"@type\":\"BreadcrumbList\",\"@id\":\"https:\\\/\\\/rotary.fi\\\/d1420\\\/sv\\\/det-har-gor-vi\\\/miljo-och-ostersjon\\\/testa-rotarianer\\\/#breadcrumb\",\"itemListElement\":[{\"@type\":\"ListItem\",\"position\":1,\"name\":\"Home\",\"item\":\"https:\\\/\\\/rotary.fi\\\/d1420\\\/\"},{\"@type\":\"ListItem\",\"position\":2,\"name\":\"Det h\u00e4r g\u00f6r vi\",\"item\":\"https:\\\/\\\/rotary.fi\\\/d1420\\\/sv\\\/det-har-gor-vi\\\/\"},{\"@type\":\"ListItem\",\"position\":3,\"name\":\"Milj\u00f6 och \u00d6stersj\u00f6n\",\"item\":\"https:\\\/\\\/rotary.fi\\\/d1420\\\/sv\\\/det-har-gor-vi\\\/miljo-och-ostersjon\\\/\"},{\"@type\":\"ListItem\",\"position\":4,\"name\":\"Testa rotarianer\"}]},{\"@type\":\"WebSite\",\"@id\":\"https:\\\/\\\/rotary.fi\\\/d1420\\\/#website\",\"url\":\"https:\\\/\\\/rotary.fi\\\/d1420\\\/\",\"name\":\"Piiri 1420\",\"description\":\"Suomen Rotary\",\"potentialAction\":[{\"@type\":\"SearchAction\",\"target\":{\"@type\":\"EntryPoint\",\"urlTemplate\":\"https:\\\/\\\/rotary.fi\\\/d1420\\\/?s={search_term_string}\"},\"query-input\":{\"@type\":\"PropertyValueSpecification\",\"valueRequired\":true,\"valueName\":\"search_term_string\"}}],\"inLanguage\":\"fi\"}]}<\/script>\n<!-- \/ Yoast SEO plugin. -->","yoast_head_json":{"title":"Testa rotarianer - Piiri 1420","robots":{"index":"index","follow":"follow","max-snippet":"max-snippet:-1","max-image-preview":"max-image-preview:large","max-video-preview":"max-video-preview:-1"},"canonical":"https:\/\/rotary.fi\/d1420\/sv\/det-har-gor-vi\/miljo-och-ostersjon\/testa-rotarianer\/","og_locale":"fi_FI","og_type":"article","og_title":"Testa rotarianer - Piiri 1420","og_description":"Testa rotarianerEvery Club Climate Friendly N\u00e4r f\u00f6roreningsniv\u00e5erna stiger och v\u00e4rlden blir varmare \u00f6kar stormar och torka i styrka och orsakar skador f\u00f6r m\u00e4nniskor som vi rotarianer str\u00e4var efter att hj\u00e4lpa. Prioritet 1:\u00d6ka Rotarys globala p\u00e5verkan genom att vidta \u00e5tg\u00e4rder f\u00f6r att begr\u00e4nsa klimatf\u00f6r\u00e4ndringen i klubbverksamheten. Prioritet 2:Utvidga samarbetet med dem som \u00e4r beredda att agera [&hellip;]","og_url":"https:\/\/rotary.fi\/d1420\/sv\/det-har-gor-vi\/miljo-och-ostersjon\/testa-rotarianer\/","og_site_name":"Piiri 1420","article_publisher":"https:\/\/www.facebook.com\/rotary\/","article_modified_time":"2026-03-29T15:56:22+00:00","twitter_card":"summary_large_image","twitter_misc":{"Arvioitu lukuaika":"3 minuuttia"},"schema":{"@context":"https:\/\/schema.org","@graph":[{"@type":"WebPage","@id":"https:\/\/rotary.fi\/d1420\/sv\/det-har-gor-vi\/miljo-och-ostersjon\/testa-rotarianer\/","url":"https:\/\/rotary.fi\/d1420\/sv\/det-har-gor-vi\/miljo-och-ostersjon\/testa-rotarianer\/","name":"Testa rotarianer - Piiri 1420","isPartOf":{"@id":"https:\/\/rotary.fi\/d1420\/#website"},"datePublished":"2026-03-29T11:22:47+00:00","dateModified":"2026-03-29T15:56:22+00:00","breadcrumb":{"@id":"https:\/\/rotary.fi\/d1420\/sv\/det-har-gor-vi\/miljo-och-ostersjon\/testa-rotarianer\/#breadcrumb"},"inLanguage":"fi","potentialAction":[{"@type":"ReadAction","target":["https:\/\/rotary.fi\/d1420\/sv\/det-har-gor-vi\/miljo-och-ostersjon\/testa-rotarianer\/"]}]},{"@type":"BreadcrumbList","@id":"https:\/\/rotary.fi\/d1420\/sv\/det-har-gor-vi\/miljo-och-ostersjon\/testa-rotarianer\/#breadcrumb","itemListElement":[{"@type":"ListItem","position":1,"name":"Home","item":"https:\/\/rotary.fi\/d1420\/"},{"@type":"ListItem","position":2,"name":"Det h\u00e4r g\u00f6r vi","item":"https:\/\/rotary.fi\/d1420\/sv\/det-har-gor-vi\/"},{"@type":"ListItem","position":3,"name":"Milj\u00f6 och \u00d6stersj\u00f6n","item":"https:\/\/rotary.fi\/d1420\/sv\/det-har-gor-vi\/miljo-och-ostersjon\/"},{"@type":"ListItem","position":4,"name":"Testa rotarianer"}]},{"@type":"WebSite","@id":"https:\/\/rotary.fi\/d1420\/#website","url":"https:\/\/rotary.fi\/d1420\/","name":"Piiri 1420","description":"Suomen Rotary","potentialAction":[{"@type":"SearchAction","target":{"@type":"EntryPoint","urlTemplate":"https:\/\/rotary.fi\/d1420\/?s={search_term_string}"},"query-input":{"@type":"PropertyValueSpecification","valueRequired":true,"valueName":"search_term_string"}}],"inLanguage":"fi"}]}},"lang":"sv","translations":{"sv":13523,"fi":12696,"en":13533,"et":13541},"pll_sync_post":[],"_links":{"self":[{"href":"https:\/\/rotary.fi\/d1420\/wp-json\/wp\/v2\/pages\/13523","targetHints":{"allow":["GET"]}}],"collection":[{"href":"https:\/\/rotary.fi\/d1420\/wp-json\/wp\/v2\/pages"}],"about":[{"href":"https:\/\/rotary.fi\/d1420\/wp-json\/wp\/v2\/types\/page"}],"author":[{"embeddable":true,"href":"https:\/\/rotary.fi\/d1420\/wp-json\/wp\/v2\/users\/26"}],"replies":[{"embeddable":true,"href":"https:\/\/rotary.fi\/d1420\/wp-json\/wp\/v2\/comments?post=13523"}],"version-history":[{"count":5,"href":"https:\/\/rotary.fi\/d1420\/wp-json\/wp\/v2\/pages\/13523\/revisions"}],"predecessor-version":[{"id":13577,"href":"https:\/\/rotary.fi\/d1420\/wp-json\/wp\/v2\/pages\/13523\/revisions\/13577"}],"up":[{"embeddable":true,"href":"https:\/\/rotary.fi\/d1420\/wp-json\/wp\/v2\/pages\/13339"}],"wp:attachment":[{"href":"https:\/\/rotary.fi\/d1420\/wp-json\/wp\/v2\/media?parent=13523"}],"curies":[{"name":"wp","href":"https:\/\/api.w.org\/{rel}","templated":true}]}}