{"id":13485,"date":"2026-03-29T12:54:35","date_gmt":"2026-03-29T10:54:35","guid":{"rendered":"https:\/\/rotary.fi\/d1420\/?page_id=13485"},"modified":"2026-03-29T17:53:11","modified_gmt":"2026-03-29T15:53:11","slug":"internationellt-samarbete","status":"publish","type":"page","link":"https:\/\/rotary.fi\/d1420\/sv\/det-har-gor-vi\/miljo-och-ostersjon\/internationellt-samarbete\/","title":{"rendered":"Internationellt samarbete"},"content":{"rendered":"<p>[et_pb_section fb_built=&#8221;1&#8243; admin_label=&#8221;Osio &#8211; yl\u00e4kuva&#8221; module_class=&#8221;jumbotron-page&#8221; _builder_version=&#8221;4.27.4&#8243; background_image=&#8221;https:\/\/rotary.fi\/d1420\/wp-content\/uploads\/sites\/183\/2026\/03\/maisema-2.jpg&#8221; background_position=&#8221;top_center&#8221; global_colors_info=&#8221;{}&#8221;][et_pb_row module_class=&#8221; et_pb_row_fullwidth et_pb_row_fullwidth&#8221; _builder_version=&#8221;4.16&#8243; width=&#8221;89%&#8221; width_tablet=&#8221;80%&#8221; width_phone=&#8221;&#8221; width_last_edited=&#8221;on|desktop&#8221; max_width=&#8221;89%&#8221; max_width_tablet=&#8221;80%&#8221; max_width_phone=&#8221;&#8221; max_width_last_edited=&#8221;on|desktop&#8221; make_fullwidth=&#8221;on&#8221; global_colors_info=&#8221;{}&#8221;][et_pb_column type=&#8221;4_4&#8243; _builder_version=&#8221;4.16&#8243; custom_padding=&#8221;|||&#8221; global_colors_info=&#8221;{}&#8221; custom_padding__hover=&#8221;|||&#8221;][et_pb_text admin_label=&#8221;otsikko&#8221; _builder_version=&#8221;4.27.4&#8243; text_text_color=&#8221;#F8F9FA&#8221; header_text_align=&#8221;center&#8221; header_text_color=&#8221;#F8F9FA&#8221; text_orientation=&#8221;center&#8221; hover_enabled=&#8221;0&#8243; global_colors_info=&#8221;{}&#8221; sticky_enabled=&#8221;0&#8243;]<\/p>\n<h1 style=\"text-align: center\">Internationellt samarbete<\/h1>\n<p>[\/et_pb_text][\/et_pb_column][\/et_pb_row][\/et_pb_section][et_pb_section fb_built=&#8221;1&#8243; admin_label=&#8221;Osio &#8211; kansainv\u00e4linen yhteisty\u00f6&#8221; module_class=&#8221;sisaltoalue_perus&#8221; _builder_version=&#8221;4.27.4&#8243; custom_margin=&#8221;||0px||false|false&#8221; border_color_all=&#8221;#FFFFFF&#8221; border_style_all=&#8221;none&#8221; border_width_bottom=&#8221;1px&#8221; border_color_bottom=&#8221;#019FCB&#8221; global_colors_info=&#8221;{}&#8221;][et_pb_row custom_padding_last_edited=&#8221;on|phone&#8221; _builder_version=&#8221;4.27.4&#8243; max_height=&#8221;100px&#8221; custom_padding_tablet=&#8221;&#8221; custom_padding_phone=&#8221;&#8221; global_colors_info=&#8221;{}&#8221;][et_pb_column type=&#8221;4_4&#8243; _builder_version=&#8221;4.16&#8243; custom_padding=&#8221;|||&#8221; global_colors_info=&#8221;{}&#8221; custom_padding__hover=&#8221;|||&#8221;][et_pb_text _builder_version=&#8221;4.27.4&#8243; _module_preset=&#8221;default&#8221; global_colors_info=&#8221;{}&#8221;]<\/p>\n<p>\u00d6stersj\u00f6forumet samarbetar med flera internationella organisationer.<\/p>\n<p>&nbsp;<\/p>\n<p>[\/et_pb_text][\/et_pb_column][\/et_pb_row][et_pb_row custom_padding_last_edited=&#8221;on|phone&#8221; _builder_version=&#8221;4.27.4&#8243; max_height=&#8221;100px&#8221; custom_padding_tablet=&#8221;&#8221; custom_padding_phone=&#8221;&#8221; global_colors_info=&#8221;{}&#8221;][et_pb_column type=&#8221;4_4&#8243; _builder_version=&#8221;4.16&#8243; custom_padding=&#8221;|||&#8221; global_colors_info=&#8221;{}&#8221; custom_padding__hover=&#8221;|||&#8221;][et_pb_text admin_label=&#8221;otsikko &#8211; BASRAn&#8221; _builder_version=&#8221;4.27.4&#8243; text_orientation=&#8221;center&#8221; global_colors_info=&#8221;{}&#8221;]<\/p>\n<h3 style=\"text-align: left\">BASRAN &#8211; Baltic Sea Regional Action Network<\/h3>\n<p>[\/et_pb_text][\/et_pb_column][\/et_pb_row][et_pb_row column_structure=&#8221;1_2,1_2&#8243; custom_padding_last_edited=&#8221;on|phone&#8221; _builder_version=&#8221;4.27.4&#8243; max_height=&#8221;100px&#8221; custom_padding_tablet=&#8221;&#8221; custom_padding_phone=&#8221;&#8221; global_colors_info=&#8221;{}&#8221;][et_pb_column type=&#8221;1_2&#8243; _builder_version=&#8221;4.16&#8243; custom_padding=&#8221;|||&#8221; global_colors_info=&#8221;{}&#8221; custom_padding__hover=&#8221;|||&#8221;][et_pb_text admin_label=&#8221;Teksti&#8221; _builder_version=&#8221;4.27.4&#8243; _module_preset=&#8221;default&#8221; global_colors_info=&#8221;{}&#8221;]<\/p>\n<p>BASRAN \u2013 Baltic Sea Regional Action Network st\u00f6der rotarianer i att starta och delta i serviceprojekt, \u00f6kar kunskapen om \u00d6stersj\u00f6n, om den belastning som p\u00e5verkar havet samt om m\u00f6jligheterna att arbeta f\u00f6r dess v\u00e4lbefinnande.<\/p>\n<p>Distriktet har tv\u00e5 representanter i BASRAN: <strong>Marve Virunum<\/strong> fr\u00e5n Estland och <strong>P\u00e4ivi-Kippo Edlund<\/strong> fr\u00e5n Nyland.<\/p>\n<p><a href=\"https:\/\/rotary.fi\/d1420\/mita-teemme\/basran\/\">https:\/\/rotary.fi\/d1420\/mita-teemme\/basran\/<\/a><br \/><a href=\"https:\/\/sites.google.com\/rotaryfinland.org\/basran\">https:\/\/sites.google.com\/rotaryfinland.org\/basran<\/a><\/p>\n<p>[\/et_pb_text][\/et_pb_column][et_pb_column type=&#8221;1_2&#8243; _builder_version=&#8221;4.16&#8243; custom_padding=&#8221;|||&#8221; global_colors_info=&#8221;{}&#8221; custom_padding__hover=&#8221;|||&#8221;][et_pb_image src=&#8221;https:\/\/rotary.fi\/d1420\/wp-content\/uploads\/sites\/183\/2026\/03\/basran.png&#8221; title_text=&#8221;BASRAN&#8221; _builder_version=&#8221;4.27.4&#8243; _module_preset=&#8221;default&#8221; global_colors_info=&#8221;{}&#8221;][\/et_pb_image][\/et_pb_column][\/et_pb_row][et_pb_row _builder_version=&#8221;4.27.4&#8243; _module_preset=&#8221;default&#8221; global_colors_info=&#8221;{}&#8221;][et_pb_column type=&#8221;4_4&#8243; _builder_version=&#8221;4.27.4&#8243; _module_preset=&#8221;default&#8221; global_colors_info=&#8221;{}&#8221;][et_pb_divider _builder_version=&#8221;4.27.4&#8243; _module_preset=&#8221;default&#8221; global_colors_info=&#8221;{}&#8221;][\/et_pb_divider][et_pb_text admin_label=&#8221;otsikko &#8211; ESRAG&#8221; _builder_version=&#8221;4.27.4&#8243; _module_preset=&#8221;default&#8221; global_colors_info=&#8221;{}&#8221;]<\/p>\n<p>&nbsp;<\/p>\n<h3>ESRAG &#8211; Environmental Sustainability Rotary Action Group<\/h3>\n<p>[\/et_pb_text][\/et_pb_column][\/et_pb_row][et_pb_row column_structure=&#8221;1_2,1_2&#8243; _builder_version=&#8221;4.27.4&#8243; _module_preset=&#8221;default&#8221; global_colors_info=&#8221;{}&#8221;][et_pb_column type=&#8221;1_2&#8243; _builder_version=&#8221;4.27.4&#8243; _module_preset=&#8221;default&#8221; global_colors_info=&#8221;{}&#8221;][et_pb_image src=&#8221;https:\/\/rotary.fi\/d1420\/wp-content\/uploads\/sites\/183\/2026\/03\/esrag.png&#8221; title_text=&#8221;ESRAG&#8221; _builder_version=&#8221;4.27.4&#8243; _module_preset=&#8221;default&#8221; global_colors_info=&#8221;{}&#8221;][\/et_pb_image][\/et_pb_column][et_pb_column type=&#8221;1_2&#8243; _builder_version=&#8221;4.27.4&#8243; _module_preset=&#8221;default&#8221; global_colors_info=&#8221;{}&#8221;][et_pb_text _builder_version=&#8221;4.27.4&#8243; _module_preset=&#8221;default&#8221; global_colors_info=&#8221;{}&#8221;]<\/p>\n<p>Syftet med ESRAG \u00e4r att st\u00e4rka rotarianer v\u00e4rlden \u00f6ver att vidta \u00e5tg\u00e4rder f\u00f6r att bevara v\u00e5r milj\u00f6, s\u00e4rskilt f\u00f6r att stabilisera klimatet.<\/p>\n<p><a href=\"https:\/\/esrag.org\">https:\/\/esrag.org<\/a><\/p>\n<p>[\/et_pb_text][\/et_pb_column][\/et_pb_row][et_pb_row _builder_version=&#8221;4.27.4&#8243; _module_preset=&#8221;default&#8221; global_colors_info=&#8221;{}&#8221;][et_pb_column type=&#8221;4_4&#8243; _builder_version=&#8221;4.27.4&#8243; _module_preset=&#8221;default&#8221; global_colors_info=&#8221;{}&#8221;][et_pb_divider _builder_version=&#8221;4.27.4&#8243; _module_preset=&#8221;default&#8221; global_colors_info=&#8221;{}&#8221;][\/et_pb_divider][et_pb_text admin_label=&#8221;otsikko &#8211; CAFW&#8221; _builder_version=&#8221;4.27.4&#8243; _module_preset=&#8221;default&#8221; global_colors_info=&#8221;{}&#8221;]<\/p>\n<h3>CAFW &#8211; Community Action for Fresh Water<\/h3>\n<p>[\/et_pb_text][\/et_pb_column][\/et_pb_row][et_pb_row column_structure=&#8221;1_2,1_2&#8243; _builder_version=&#8221;4.27.4&#8243; _module_preset=&#8221;default&#8221; global_colors_info=&#8221;{}&#8221;][et_pb_column type=&#8221;1_2&#8243; _builder_version=&#8221;4.27.4&#8243; _module_preset=&#8221;default&#8221; global_colors_info=&#8221;{}&#8221;][et_pb_text _builder_version=&#8221;4.27.4&#8243; _module_preset=&#8221;default&#8221; global_colors_info=&#8221;{}&#8221;]<\/p>\n<p>CAFW (Community Action for Fresh Water) \u00e4r ett initiativ fr\u00e5n UNEP. M\u00e5let \u00e4r att uppmuntra rotaryklubbar att vidta \u00e5tg\u00e4rder f\u00f6r att skydda, \u00e5terst\u00e4lla och bevara s\u00f6tvattenekosystem. Initiativet presenterar ocks\u00e5 vad rotaryklubbar redan g\u00f6r i sina vattenomr\u00e5den runt om i v\u00e4rlden. En projektdatabas har nu \u00f6ppnats f\u00f6r CAFW. Ett projekt definieras f\u00f6rst, varefter olika aktiviteter kan l\u00e4ggas till. Inget projekt \u00e4r f\u00f6r litet eller f\u00f6r begr\u00e4nsat f\u00f6r att inkluderas \u2013 alla rotaryrelaterade insatser kan registreras.<\/p>\n<p><a href=\"https:\/\/www.unep.org\/topics\/fresh-water\/nature-based-solutions\/working-nature\/community-action-fresh-water\">https:\/\/www.unep.org\/topics\/fresh-water\/nature-based-solutions\/working-nature\/community-action-fresh-water<\/a> <a href=\"https:\/\/map.communityactionforfreshwater.org\/\">https:\/\/map.communityactionforfreshwater.org\/<\/a><\/p>\n<p>[\/et_pb_text][\/et_pb_column][et_pb_column type=&#8221;1_2&#8243; _builder_version=&#8221;4.27.4&#8243; _module_preset=&#8221;default&#8221; global_colors_info=&#8221;{}&#8221;][et_pb_image src=&#8221;https:\/\/rotary.fi\/d1420\/wp-content\/uploads\/sites\/183\/2026\/03\/cafw.png&#8221; title_text=&#8221;CAFW&#8221; _builder_version=&#8221;4.27.4&#8243; _module_preset=&#8221;default&#8221; global_colors_info=&#8221;{}&#8221;][\/et_pb_image][\/et_pb_column][\/et_pb_row][\/et_pb_section]<\/p>\n","protected":false},"excerpt":{"rendered":"<p>Internationellt samarbete\u00d6stersj\u00f6forumet samarbetar med flera internationella organisationer. &nbsp;BASRAN &#8211; Baltic Sea Regional Action NetworkBASRAN \u2013 Baltic Sea Regional Action Network st\u00f6der rotarianer i att starta och delta i serviceprojekt, \u00f6kar kunskapen om \u00d6stersj\u00f6n, om den belastning som p\u00e5verkar havet samt om m\u00f6jligheterna att arbeta f\u00f6r dess v\u00e4lbefinnande. Distriktet har tv\u00e5 representanter i BASRAN: Marve Virunum [&hellip;]<\/p>\n","protected":false},"author":26,"featured_media":0,"parent":13339,"menu_order":5,"comment_status":"closed","ping_status":"closed","template":"","meta":{"_acf_changed":false,"_et_pb_use_builder":"on","_et_pb_old_content":"","_et_gb_content_width":"","footnotes":""},"class_list":["post-13485","page","type-page","status-publish","hentry"],"acf":[],"yoast_head":"<!-- This site is optimized with the Yoast SEO plugin v27.4 - https:\/\/yoast.com\/product\/yoast-seo-wordpress\/ -->\n<title>Internationellt samarbete - Piiri 1420<\/title>\n<meta name=\"robots\" content=\"index, follow, max-snippet:-1, max-image-preview:large, max-video-preview:-1\" \/>\n<link rel=\"canonical\" href=\"https:\/\/rotary.fi\/d1420\/sv\/det-har-gor-vi\/miljo-och-ostersjon\/internationellt-samarbete\/\" \/>\n<meta property=\"og:locale\" content=\"fi_FI\" \/>\n<meta property=\"og:type\" content=\"article\" \/>\n<meta property=\"og:title\" content=\"Internationellt samarbete - Piiri 1420\" \/>\n<meta property=\"og:description\" content=\"Internationellt samarbete\u00d6stersj\u00f6forumet samarbetar med flera internationella organisationer. &nbsp;BASRAN - Baltic Sea Regional Action NetworkBASRAN \u2013 Baltic Sea Regional Action Network st\u00f6der rotarianer i att starta och delta i serviceprojekt, \u00f6kar kunskapen om \u00d6stersj\u00f6n, om den belastning som p\u00e5verkar havet samt om m\u00f6jligheterna att arbeta f\u00f6r dess v\u00e4lbefinnande. Distriktet har tv\u00e5 representanter i BASRAN: Marve Virunum [&hellip;]\" \/>\n<meta property=\"og:url\" content=\"https:\/\/rotary.fi\/d1420\/sv\/det-har-gor-vi\/miljo-och-ostersjon\/internationellt-samarbete\/\" \/>\n<meta property=\"og:site_name\" content=\"Piiri 1420\" \/>\n<meta property=\"article:publisher\" content=\"https:\/\/www.facebook.com\/rotary\/\" \/>\n<meta property=\"article:modified_time\" content=\"2026-03-29T15:53:11+00:00\" \/>\n<meta name=\"twitter:card\" content=\"summary_large_image\" \/>\n<meta name=\"twitter:label1\" content=\"Arvioitu lukuaika\" \/>\n\t<meta name=\"twitter:data1\" content=\"2 minuuttia\" \/>\n<script type=\"application\/ld+json\" class=\"yoast-schema-graph\">{\"@context\":\"https:\\\/\\\/schema.org\",\"@graph\":[{\"@type\":\"WebPage\",\"@id\":\"https:\\\/\\\/rotary.fi\\\/d1420\\\/sv\\\/det-har-gor-vi\\\/miljo-och-ostersjon\\\/internationellt-samarbete\\\/\",\"url\":\"https:\\\/\\\/rotary.fi\\\/d1420\\\/sv\\\/det-har-gor-vi\\\/miljo-och-ostersjon\\\/internationellt-samarbete\\\/\",\"name\":\"Internationellt samarbete - Piiri 1420\",\"isPartOf\":{\"@id\":\"https:\\\/\\\/rotary.fi\\\/d1420\\\/#website\"},\"datePublished\":\"2026-03-29T10:54:35+00:00\",\"dateModified\":\"2026-03-29T15:53:11+00:00\",\"breadcrumb\":{\"@id\":\"https:\\\/\\\/rotary.fi\\\/d1420\\\/sv\\\/det-har-gor-vi\\\/miljo-och-ostersjon\\\/internationellt-samarbete\\\/#breadcrumb\"},\"inLanguage\":\"fi\",\"potentialAction\":[{\"@type\":\"ReadAction\",\"target\":[\"https:\\\/\\\/rotary.fi\\\/d1420\\\/sv\\\/det-har-gor-vi\\\/miljo-och-ostersjon\\\/internationellt-samarbete\\\/\"]}]},{\"@type\":\"BreadcrumbList\",\"@id\":\"https:\\\/\\\/rotary.fi\\\/d1420\\\/sv\\\/det-har-gor-vi\\\/miljo-och-ostersjon\\\/internationellt-samarbete\\\/#breadcrumb\",\"itemListElement\":[{\"@type\":\"ListItem\",\"position\":1,\"name\":\"Home\",\"item\":\"https:\\\/\\\/rotary.fi\\\/d1420\\\/\"},{\"@type\":\"ListItem\",\"position\":2,\"name\":\"Det h\u00e4r g\u00f6r vi\",\"item\":\"https:\\\/\\\/rotary.fi\\\/d1420\\\/sv\\\/det-har-gor-vi\\\/\"},{\"@type\":\"ListItem\",\"position\":3,\"name\":\"Milj\u00f6 och \u00d6stersj\u00f6n\",\"item\":\"https:\\\/\\\/rotary.fi\\\/d1420\\\/sv\\\/det-har-gor-vi\\\/miljo-och-ostersjon\\\/\"},{\"@type\":\"ListItem\",\"position\":4,\"name\":\"Internationellt samarbete\"}]},{\"@type\":\"WebSite\",\"@id\":\"https:\\\/\\\/rotary.fi\\\/d1420\\\/#website\",\"url\":\"https:\\\/\\\/rotary.fi\\\/d1420\\\/\",\"name\":\"Piiri 1420\",\"description\":\"Suomen Rotary\",\"potentialAction\":[{\"@type\":\"SearchAction\",\"target\":{\"@type\":\"EntryPoint\",\"urlTemplate\":\"https:\\\/\\\/rotary.fi\\\/d1420\\\/?s={search_term_string}\"},\"query-input\":{\"@type\":\"PropertyValueSpecification\",\"valueRequired\":true,\"valueName\":\"search_term_string\"}}],\"inLanguage\":\"fi\"}]}<\/script>\n<!-- \/ Yoast SEO plugin. -->","yoast_head_json":{"title":"Internationellt samarbete - Piiri 1420","robots":{"index":"index","follow":"follow","max-snippet":"max-snippet:-1","max-image-preview":"max-image-preview:large","max-video-preview":"max-video-preview:-1"},"canonical":"https:\/\/rotary.fi\/d1420\/sv\/det-har-gor-vi\/miljo-och-ostersjon\/internationellt-samarbete\/","og_locale":"fi_FI","og_type":"article","og_title":"Internationellt samarbete - Piiri 1420","og_description":"Internationellt samarbete\u00d6stersj\u00f6forumet samarbetar med flera internationella organisationer. &nbsp;BASRAN - Baltic Sea Regional Action NetworkBASRAN \u2013 Baltic Sea Regional Action Network st\u00f6der rotarianer i att starta och delta i serviceprojekt, \u00f6kar kunskapen om \u00d6stersj\u00f6n, om den belastning som p\u00e5verkar havet samt om m\u00f6jligheterna att arbeta f\u00f6r dess v\u00e4lbefinnande. Distriktet har tv\u00e5 representanter i BASRAN: Marve Virunum [&hellip;]","og_url":"https:\/\/rotary.fi\/d1420\/sv\/det-har-gor-vi\/miljo-och-ostersjon\/internationellt-samarbete\/","og_site_name":"Piiri 1420","article_publisher":"https:\/\/www.facebook.com\/rotary\/","article_modified_time":"2026-03-29T15:53:11+00:00","twitter_card":"summary_large_image","twitter_misc":{"Arvioitu lukuaika":"2 minuuttia"},"schema":{"@context":"https:\/\/schema.org","@graph":[{"@type":"WebPage","@id":"https:\/\/rotary.fi\/d1420\/sv\/det-har-gor-vi\/miljo-och-ostersjon\/internationellt-samarbete\/","url":"https:\/\/rotary.fi\/d1420\/sv\/det-har-gor-vi\/miljo-och-ostersjon\/internationellt-samarbete\/","name":"Internationellt samarbete - Piiri 1420","isPartOf":{"@id":"https:\/\/rotary.fi\/d1420\/#website"},"datePublished":"2026-03-29T10:54:35+00:00","dateModified":"2026-03-29T15:53:11+00:00","breadcrumb":{"@id":"https:\/\/rotary.fi\/d1420\/sv\/det-har-gor-vi\/miljo-och-ostersjon\/internationellt-samarbete\/#breadcrumb"},"inLanguage":"fi","potentialAction":[{"@type":"ReadAction","target":["https:\/\/rotary.fi\/d1420\/sv\/det-har-gor-vi\/miljo-och-ostersjon\/internationellt-samarbete\/"]}]},{"@type":"BreadcrumbList","@id":"https:\/\/rotary.fi\/d1420\/sv\/det-har-gor-vi\/miljo-och-ostersjon\/internationellt-samarbete\/#breadcrumb","itemListElement":[{"@type":"ListItem","position":1,"name":"Home","item":"https:\/\/rotary.fi\/d1420\/"},{"@type":"ListItem","position":2,"name":"Det h\u00e4r g\u00f6r vi","item":"https:\/\/rotary.fi\/d1420\/sv\/det-har-gor-vi\/"},{"@type":"ListItem","position":3,"name":"Milj\u00f6 och \u00d6stersj\u00f6n","item":"https:\/\/rotary.fi\/d1420\/sv\/det-har-gor-vi\/miljo-och-ostersjon\/"},{"@type":"ListItem","position":4,"name":"Internationellt samarbete"}]},{"@type":"WebSite","@id":"https:\/\/rotary.fi\/d1420\/#website","url":"https:\/\/rotary.fi\/d1420\/","name":"Piiri 1420","description":"Suomen Rotary","potentialAction":[{"@type":"SearchAction","target":{"@type":"EntryPoint","urlTemplate":"https:\/\/rotary.fi\/d1420\/?s={search_term_string}"},"query-input":{"@type":"PropertyValueSpecification","valueRequired":true,"valueName":"search_term_string"}}],"inLanguage":"fi"}]}},"lang":"sv","translations":{"sv":13485,"fi":12688,"en":13502,"et":13509},"pll_sync_post":[],"_links":{"self":[{"href":"https:\/\/rotary.fi\/d1420\/wp-json\/wp\/v2\/pages\/13485","targetHints":{"allow":["GET"]}}],"collection":[{"href":"https:\/\/rotary.fi\/d1420\/wp-json\/wp\/v2\/pages"}],"about":[{"href":"https:\/\/rotary.fi\/d1420\/wp-json\/wp\/v2\/types\/page"}],"author":[{"embeddable":true,"href":"https:\/\/rotary.fi\/d1420\/wp-json\/wp\/v2\/users\/26"}],"replies":[{"embeddable":true,"href":"https:\/\/rotary.fi\/d1420\/wp-json\/wp\/v2\/comments?post=13485"}],"version-history":[{"count":9,"href":"https:\/\/rotary.fi\/d1420\/wp-json\/wp\/v2\/pages\/13485\/revisions"}],"predecessor-version":[{"id":13575,"href":"https:\/\/rotary.fi\/d1420\/wp-json\/wp\/v2\/pages\/13485\/revisions\/13575"}],"up":[{"embeddable":true,"href":"https:\/\/rotary.fi\/d1420\/wp-json\/wp\/v2\/pages\/13339"}],"wp:attachment":[{"href":"https:\/\/rotary.fi\/d1420\/wp-json\/wp\/v2\/media?parent=13485"}],"curies":[{"name":"wp","href":"https:\/\/api.w.org\/{rel}","templated":true}]}}