{"id":13469,"date":"2026-03-29T12:37:29","date_gmt":"2026-03-29T10:37:29","guid":{"rendered":"https:\/\/rotary.fi\/d1420\/?page_id=13469"},"modified":"2026-04-10T10:40:58","modified_gmt":"2026-04-10T08:40:58","slug":"rotariaanid-teevad-keskkonnategusid","status":"publish","type":"page","link":"https:\/\/rotary.fi\/d1420\/et\/mida-me-teeme\/keskkond-ja-laanemeri\/rotariaanid-teevad-keskkonnategusid\/","title":{"rendered":"Rotariaanid teevad keskkonnategusid"},"content":{"rendered":"<p>[et_pb_section fb_built=&#8221;1&#8243; admin_label=&#8221;Osio &#8211; yl\u00e4kuva&#8221; module_class=&#8221;jumbotron-page&#8221; _builder_version=&#8221;4.27.4&#8243; background_image=&#8221;https:\/\/rotary.fi\/d1420\/wp-content\/uploads\/sites\/183\/2026\/03\/maisema-2.jpg&#8221; background_position=&#8221;top_center&#8221; global_colors_info=&#8221;{}&#8221;][et_pb_row module_class=&#8221; et_pb_row_fullwidth et_pb_row_fullwidth&#8221; _builder_version=&#8221;4.16&#8243; width=&#8221;89%&#8221; width_tablet=&#8221;80%&#8221; width_phone=&#8221;&#8221; width_last_edited=&#8221;on|desktop&#8221; max_width=&#8221;89%&#8221; max_width_tablet=&#8221;80%&#8221; max_width_phone=&#8221;&#8221; max_width_last_edited=&#8221;on|desktop&#8221; make_fullwidth=&#8221;on&#8221; global_colors_info=&#8221;{}&#8221;][et_pb_column type=&#8221;4_4&#8243; _builder_version=&#8221;4.16&#8243; custom_padding=&#8221;|||&#8221; global_colors_info=&#8221;{}&#8221; custom_padding__hover=&#8221;|||&#8221;][et_pb_text admin_label=&#8221;Ymp\u00e4rist\u00f6 ja It\u00e4meri -p\u00e4\u00e4otsikko&#8221; _builder_version=&#8221;4.27.4&#8243; text_orientation=&#8221;center&#8221; background_layout=&#8221;dark&#8221; global_colors_info=&#8221;{}&#8221;]<\/p>\n<h1>Rotariaanid teevad keskkonnategusid<\/h1>\n<p>[\/et_pb_text][\/et_pb_column][\/et_pb_row][\/et_pb_section][et_pb_section fb_built=&#8221;1&#8243; admin_label=&#8221;Osio &#8211; rotarit tekev\u00e4t ymp\u00e4rist\u00f6tekoja&#8221; module_class=&#8221;sisaltoalue_perus&#8221; _builder_version=&#8221;4.22.1&#8243; custom_margin=&#8221;||0px||false|false&#8221; border_color_all=&#8221;#FFFFFF&#8221; border_style_all=&#8221;none&#8221; border_width_bottom=&#8221;1px&#8221; border_color_bottom=&#8221;#019FCB&#8221; global_colors_info=&#8221;{}&#8221;][et_pb_row custom_padding_last_edited=&#8221;on|phone&#8221; _builder_version=&#8221;4.27.4&#8243; max_height=&#8221;100px&#8221; custom_padding_tablet=&#8221;&#8221; custom_padding_phone=&#8221;&#8221; global_colors_info=&#8221;{}&#8221;][et_pb_column type=&#8221;4_4&#8243; _builder_version=&#8221;4.16&#8243; custom_padding=&#8221;|||&#8221; global_colors_info=&#8221;{}&#8221; custom_padding__hover=&#8221;|||&#8221;][et_pb_text admin_label=&#8221;otsikko &#8211; Vantaanjoen vesist\u00f6n kunnostukset&#8221; _builder_version=&#8221;4.27.4&#8243; text_orientation=&#8221;center&#8221; global_colors_info=&#8221;{}&#8221;]<\/p>\n<h3 style=\"text-align: left\">Vantaa j\u00f5e vesikonna taastamine<\/h3>\n<p>[\/et_pb_text][et_pb_text admin_label=&#8221;Teksti&#8221; _builder_version=&#8221;4.27.4&#8243; _module_preset=&#8221;default&#8221; global_colors_info=&#8221;{}&#8221;]<\/p>\n<h4>Kudemiskruus ja noorkalade kivistikud<\/h4>\n<p>Kudemiskruusa ja noorkalade kivistikku on rajatud ja\/v\u00f5i hooldatud Tuusulas, Hyvink\u00e4\u00e4l, Nurmij\u00e4rvil, Riihim\u00e4el ja Hausj\u00e4rvil.<\/p>\n<p>&nbsp;<\/p>\n<h4>Vesitaskud projekt<\/h4>\n<p>Projekti k\u00e4igus viidi l\u00e4bi valgala uuring, mille eesm\u00e4rk oli leida v\u00f5imalusi aeglustada \u00e4ravooluvett soo-, metsa- ja p\u00f5llumajanduspiirkondadest. Meetmed v\u00f5ivad h\u00f5lmata n\u00e4iteks p\u00f5hjapaisusid, kastmisveebasseine,olemasolevate veereservuaaride toimimise parandamist. Samuti uuriti, kas oleks v\u00f5imalik parandada p\u00f5ldude niisutamise v\u00f5imalusi kuivadel perioodidel, v\u00e4hendada \u00fcleujutusi, v\u00e4hendada v\u00e4\u00e4rtusliku pinnase ja toitainete \u00e4rakandumist p\u00f5ldudelt veekogudesse.<\/p>\n<p>K\u00f5rvalharude \u00e4\u00e4rest leiti 27 v\u00f5imalikku kohta, millest 19 puhul saadi maaomanike n\u00f5usolek. Projektis osalesid j\u00e4rgmised Rotary klubid: Hyvink\u00e4\u00e4, J\u00e4rvenp\u00e4\u00e4, Nurmij\u00e4rvi, Nurmij\u00e4rvi\u2013Klaukkala, Tikkurila, Tuusula, Vantaa\u2013Myyrm\u00e4ki, Riihim\u00e4ki ja Helsinki Koillinen.<\/p>\n<p>Uusimaa vee taastamise v\u00f5rgustik: : <a href=\"https:\/\/www.vhvsy.fi\/sivut\/Vesistokunnostus\">https:\/\/www.vhvsy.fi\/sivut\/Vesistokunnostus<\/a><\/p>\n<p>J\u00e4tkusuutlik veemajandus Leps\u00e4m\u00e4njoki j\u00f5e \u00fclemjooksu valgalal (VELEVA projekt):<br \/><a href=\"https:\/\/www.vhvsy.fi\/sivut\/Vesienhallinta\">https:\/\/www.vhvsy.fi\/sivut\/Vesienhallinta<\/a><\/p>\n<p>&nbsp;<\/p>\n<p>[\/et_pb_text][et_pb_image src=&#8221;https:\/\/rotary.fi\/d1420\/wp-content\/uploads\/sites\/183\/2026\/03\/talvitulva-lepsamanjoella.png&#8221; title_text=&#8221;Talvitulva Leps\u00e4m\u00e4njoella&#8221; _builder_version=&#8221;4.27.4&#8243; _module_preset=&#8221;default&#8221; global_colors_info=&#8221;{}&#8221;][\/et_pb_image][et_pb_divider _builder_version=&#8221;4.27.4&#8243; _module_preset=&#8221;default&#8221; global_colors_info=&#8221;{}&#8221;][\/et_pb_divider][\/et_pb_column][\/et_pb_row][et_pb_row _builder_version=&#8221;4.27.4&#8243; _module_preset=&#8221;default&#8221; global_colors_info=&#8221;{}&#8221;][et_pb_column type=&#8221;4_4&#8243; _builder_version=&#8221;4.27.4&#8243; _module_preset=&#8221;default&#8221; global_colors_info=&#8221;{}&#8221;][et_pb_text admin_label=&#8221;otsikko &#8211; Seurasaaren vesialueen toimenpiteet&#8221; _builder_version=&#8221;4.27.4&#8243; _module_preset=&#8221;default&#8221; global_colors_info=&#8221;{}&#8221;]<\/p>\n<p>&nbsp;<\/p>\n<h3>Meetmed Seurasaari veealal<\/h3>\n<p>[\/et_pb_text][\/et_pb_column][\/et_pb_row][et_pb_row column_structure=&#8221;1_2,1_2&#8243; _builder_version=&#8221;4.27.4&#8243; _module_preset=&#8221;default&#8221; global_colors_info=&#8221;{}&#8221;][et_pb_column type=&#8221;1_2&#8243; _builder_version=&#8221;4.27.4&#8243; _module_preset=&#8221;default&#8221; global_colors_info=&#8221;{}&#8221;][et_pb_image src=&#8221;https:\/\/rotary.fi\/d1420\/wp-content\/uploads\/sites\/183\/2026\/03\/seurasaaren-vesimuodostuma.png&#8221; title_text=&#8221;Seurasaaren vesimuodostuma&#8221; _builder_version=&#8221;4.27.4&#8243; _module_preset=&#8221;default&#8221; global_colors_info=&#8221;{}&#8221;][\/et_pb_image][\/et_pb_column][et_pb_column type=&#8221;1_2&#8243; _builder_version=&#8221;4.27.4&#8243; _module_preset=&#8221;default&#8221; global_colors_info=&#8221;{}&#8221;][et_pb_text admin_label=&#8221;Teksti &#8211; Seurasaari&#8221; _builder_version=&#8221;4.27.4&#8243; _module_preset=&#8221;default&#8221; global_colors_info=&#8221;{}&#8221;]<\/p>\n<p><strong>Projektidee: Seurasaari veekogu<\/strong><\/p>\n<p>Seurasaari veekogu (Laajalahti) ehk kogu veepiirkond Lauttasaarest p\u00f5hja pool on Helsingi pealinnapiirkonna k\u00f5ige halvemas seisundis veekogu. Sinivetikate \u00f5itsemine toimub Laajalahes peaaegu igal suvel kohe p\u00e4rast jaanip\u00e4eva. 2025. aastal ilmnes \u00f5itsemine rannavees alles augustis, kuid oli seejuures eriti tugev. K\u00fcsimus on: mida oleks v\u00f5imalik olukorra parandamiseks teha?<\/p>\n<p>[\/et_pb_text][\/et_pb_column][\/et_pb_row][et_pb_row _builder_version=&#8221;4.27.4&#8243; _module_preset=&#8221;default&#8221; global_colors_info=&#8221;{}&#8221;][et_pb_column type=&#8221;4_4&#8243; _builder_version=&#8221;4.27.4&#8243; _module_preset=&#8221;default&#8221; global_colors_info=&#8221;{}&#8221;][et_pb_divider _builder_version=&#8221;4.27.4&#8243; _module_preset=&#8221;default&#8221; global_colors_info=&#8221;{}&#8221;][\/et_pb_divider][et_pb_text admin_label=&#8221;otsikko &#8211; Piirin it\u00e4isten alueen vesist\u00f6hankkeet&#8221; _builder_version=&#8221;4.27.4&#8243; _module_preset=&#8221;default&#8221; global_colors_info=&#8221;{}&#8221;]<\/p>\n<h3>Ida-poolsete Rotary klubide veekaitset\u00f6\u00f6d<\/h3>\n<p>[\/et_pb_text][\/et_pb_column][\/et_pb_row][et_pb_row column_structure=&#8221;1_2,1_2&#8243; _builder_version=&#8221;4.27.4&#8243; _module_preset=&#8221;default&#8221; global_colors_info=&#8221;{}&#8221;][et_pb_column type=&#8221;1_2&#8243; _builder_version=&#8221;4.27.4&#8243; _module_preset=&#8221;default&#8221; global_colors_info=&#8221;{}&#8221;][et_pb_text admin_label=&#8221;Teksti &#8211; It\u00e4meri kiitt\u00e4\u00e4&#8221; _builder_version=&#8221;4.27.4&#8243; _module_preset=&#8221;default&#8221; global_colors_info=&#8221;{}&#8221;]<\/p>\n<h4>L\u00e4\u00e4nemeri t\u00e4nab<\/h4>\n<p>Rotary klubid Porvoos, Sipoos ja Loviisas kaasasid aastatel 2016\u20132020 lapsi ja noori veekaitsetegevusse.<br \/>Koost\u00f6\u00f6s omavalitsuste, \u00fchenduste ja ettev\u00f5tetega korraldati umbes 70 \u00fcritust.<\/p>\n<p>Tegevused h\u00f5lmasid n\u00e4iteks:<br \/>\u2022 randade koristamistalguid<br \/>\u2022 t\u00e4iendavaid \u00f5ppepakette koolidele<br \/>\u2022 veereppude jagamist algkoolidele<br \/>\u2022 filmi Matka merelle n\u00e4itamist g\u00fcmnaasiumi\u00f5pilastele<br \/>\u2022 seminare<br \/>\u2022 rahalist toetust kohalikele \u00fchendustele veekaitset\u00f6\u00f6ks.<\/p>\n<p>Loe edasi: <a href=\"https:\/\/rotary.fi\/porvoolantinen\/itameri-kiittaa\/\">https:\/\/rotary.fi\/porvoolantinen\/itameri-kiittaa\/<\/a><\/p>\n<p>[\/et_pb_text][\/et_pb_column][et_pb_column type=&#8221;1_2&#8243; _builder_version=&#8221;4.27.4&#8243; _module_preset=&#8221;default&#8221; global_colors_info=&#8221;{}&#8221;][et_pb_image src=&#8221;https:\/\/rotary.fi\/d1420\/wp-content\/uploads\/sites\/183\/2024\/09\/2024-08-29-itameripaiva-50.jpg&#8221; alt=&#8221;Vesirepun esittely It\u00e4merip\u00e4iv\u00e4n\u00e4 2024&#8243; title_text=&#8221;2024_08_29 It\u00e4merip\u00e4iv\u00e4 (50)&#8221; admin_label=&#8221;Kuva &#8211; It\u00e4meri kiitt\u00e4\u00e4&#8221; _builder_version=&#8221;4.27.4&#8243; _module_preset=&#8221;default&#8221; global_colors_info=&#8221;{}&#8221;][\/et_pb_image][\/et_pb_column][\/et_pb_row][et_pb_row _builder_version=&#8221;4.27.4&#8243; _module_preset=&#8221;default&#8221; global_colors_info=&#8221;{}&#8221;][et_pb_column type=&#8221;4_4&#8243; _builder_version=&#8221;4.27.4&#8243; _module_preset=&#8221;default&#8221; global_colors_info=&#8221;{}&#8221;][et_pb_divider _builder_version=&#8221;4.27.4&#8243; _module_preset=&#8221;default&#8221; global_colors_info=&#8221;{}&#8221;][\/et_pb_divider][et_pb_text admin_label=&#8221;otsikko &#8211; Espoon rotaryklubien vesiensuojeluty\u00f6t&#8221; _builder_version=&#8221;4.27.4&#8243; _module_preset=&#8221;default&#8221; global_colors_info=&#8221;{}&#8221;]<\/p>\n<h3>Espoo klubide veekaitset\u00f6\u00f6<\/h3>\n<p>[\/et_pb_text][\/et_pb_column][\/et_pb_row][et_pb_row column_structure=&#8221;1_2,1_2&#8243; _builder_version=&#8221;4.27.4&#8243; _module_preset=&#8221;default&#8221; global_colors_info=&#8221;{}&#8221;][et_pb_column type=&#8221;1_2&#8243; _builder_version=&#8221;4.27.4&#8243; _module_preset=&#8221;default&#8221; global_colors_info=&#8221;{}&#8221;][et_pb_image src=&#8221;https:\/\/rotary.fi\/d1420\/wp-content\/uploads\/sites\/183\/2024\/02\/kalatie.png&#8221; title_text=&#8221;kalatie&#8221; admin_label=&#8221;Kuva &#8211; Gumb\u00f6le&#8221; _builder_version=&#8221;4.27.4&#8243; _module_preset=&#8221;default&#8221; global_colors_info=&#8221;{}&#8221;][\/et_pb_image][\/et_pb_column][et_pb_column type=&#8221;1_2&#8243; _builder_version=&#8221;4.27.4&#8243; _module_preset=&#8221;default&#8221; global_colors_info=&#8221;{}&#8221;][et_pb_text admin_label=&#8221;Teksti &#8211; Gumb\u00f6le&#8221; _builder_version=&#8221;4.27.4&#8243; _module_preset=&#8221;default&#8221; global_colors_info=&#8221;{}&#8221;]<\/p>\n<h4>Gumb\u00f6le kalatrepp<\/h4>\n<p>Espoo Rotary klubi osales Gumb\u00f6le j\u00f5e kalatrepi projektis aastatel 2013\u20132020. Koost\u00f6\u00f6 Espoo linna ja Uusimaa ELY-keskusega algas 2013. aastal, kui alustati kalatrepi planeerimist. J\u00f5es asub 18. sajandist p\u00e4rit umbes nelja meetri k\u00f5rgune vesiveski pais, mida kaitseb Soome Muinsuskaitseamet ning mis takistab r\u00e4ndkalade liikumist \u00fclesvoolu. Rotary esindajate 2015. aasta algatuse tulemusel ehitati kalatrepp j\u00f5e idakaldale lahendusena, mis s\u00e4\u00e4stis sadu tuhandeid eurosid. Projekti kogumaksumus oli umbes 250 000 eurot.\u00a0Projekti elluviimine n\u00f5udis mitmeid lubasid, sealhulgas: ehitusluba, tegevusluba, maastikut\u00f6\u00f6de luba, veeehituse luba,Muinsuskaitseameti luba.<\/p>\n<p>K\u00f5ik load saadi 2020. aasta alguses ning ehitus algas sama aasta suvel. Kalatrepi avamine toimus 21. oktoobril 2020. Rotary klubi tegutseb n\u00fc\u00fcd kalatrepi hoolduspartnerina, tehes paar korda aastas kontrollk\u00e4ike, eemaldades voolu takistavat prahti ja invasiivseid taimeliike.<\/p>\n<p>[\/et_pb_text][\/et_pb_column][\/et_pb_row][et_pb_row column_structure=&#8221;1_2,1_2&#8243; _builder_version=&#8221;4.27.4&#8243; _module_preset=&#8221;default&#8221; global_colors_info=&#8221;{}&#8221;][et_pb_column type=&#8221;1_2&#8243; _builder_version=&#8221;4.27.4&#8243; _module_preset=&#8221;default&#8221; global_colors_info=&#8221;{}&#8221;][et_pb_text admin_label=&#8221;Teksti &#8211; Silkkiniitty&#8221; _builder_version=&#8221;4.27.4&#8243; _module_preset=&#8221;default&#8221; hover_enabled=&#8221;0&#8243; global_colors_info=&#8221;{}&#8221; sticky_enabled=&#8221;0&#8243;]<\/p>\n<h4>Silkkiniitty pargiraja rakendus Tapiolas<\/h4>\n<p>Tapiola Rotary klubi on koos Tapiolan Kiltaga loonud digitaalse Silkkiniitty pargiraja rakenduse. Rakendus keskendub Silkkiniitty ajaloole, piirkonna puudele ja p\u00f5\u00f5sastele. Seitsme hektari suurune Silkkiniitty oli algselt Hagalundi m\u00f5isa p\u00f5llumaa. T\u00e4nap\u00e4eval on see Espoos asuva Tapiola aedlinna keskpark.<\/p>\n<p>Niitu kutsutakse ka Tapiola s\u00fcdameks v\u00f5i kopsudeks. Rakenduses on 20 vaatluspunkti piltide ja selgitustega ning see v\u00f5imaldab tutvuda piirkonnaga eri aastaaegadel ja eri meelte kaudu. Eesm\u00e4rk on s\u00e4ilitada Tapiola oluline kultuurmaastik,\u00a0 suurendada teadmisi kohalikust keskkonnast. Rakendust kasutatakse lasteaedades, koolides ja peredes n\u00e4iteks liikumistegevustes, joonistamises,viktoriinides, lugude v\u00e4ljam\u00f5tlemisel. Rakendus on saanud v\u00e4ga positiivse vastuv\u00f5tu lasteaedades ja koolides, kus seda on tutvustatud.<\/p>\n<p>&nbsp;<\/p>\n<p>&nbsp;<\/p>\n<p>[\/et_pb_text][\/et_pb_column][et_pb_column type=&#8221;1_2&#8243; _builder_version=&#8221;4.27.4&#8243; _module_preset=&#8221;default&#8221; global_colors_info=&#8221;{}&#8221;][et_pb_image src=&#8221;https:\/\/rotary.fi\/d1420\/wp-content\/uploads\/sites\/183\/2026\/03\/2048px-silkkiniitty-lansiosa-tapiola-170723.jpg&#8221; title_text=&#8221;2048px-Silkkiniitty_l\u00e4nsiosa_Tapiola_170723&#8243; admin_label=&#8221;Kuva &#8211; Silkkiniitty&#8221; _builder_version=&#8221;4.27.4&#8243; _module_preset=&#8221;default&#8221; global_colors_info=&#8221;{}&#8221;][\/et_pb_image][\/et_pb_column][\/et_pb_row][et_pb_row _builder_version=&#8221;4.27.4&#8243; _module_preset=&#8221;default&#8221; global_colors_info=&#8221;{}&#8221;][et_pb_column type=&#8221;4_4&#8243; _builder_version=&#8221;4.27.4&#8243; _module_preset=&#8221;default&#8221; global_colors_info=&#8221;{}&#8221;][et_pb_divider _builder_version=&#8221;4.27.4&#8243; _module_preset=&#8221;default&#8221; global_colors_info=&#8221;{}&#8221;][\/et_pb_divider][et_pb_text admin_label=&#8221;otsikko &#8211; Viron rotaryklubien vesiensuojeluty\u00f6t&#8221; _builder_version=&#8221;4.27.4&#8243; _module_preset=&#8221;default&#8221; hover_enabled=&#8221;0&#8243; global_colors_info=&#8221;{}&#8221; sticky_enabled=&#8221;0&#8243;]<\/p>\n<h3>Eesti klubide keskkonnategevused<\/h3>\n<p>[\/et_pb_text][\/et_pb_column][\/et_pb_row][et_pb_row column_structure=&#8221;1_2,1_2&#8243; _builder_version=&#8221;4.27.4&#8243; _module_preset=&#8221;default&#8221; global_colors_info=&#8221;{}&#8221;][et_pb_column type=&#8221;1_2&#8243; _builder_version=&#8221;4.27.4&#8243; _module_preset=&#8221;default&#8221; global_colors_info=&#8221;{}&#8221;][et_pb_image src=&#8221;https:\/\/rotary.fi\/d1420\/wp-content\/uploads\/sites\/183\/2026\/04\/rotary-environment-360-presentation-updated.jpg&#8221; title_text=&#8221;Rotary_Environment_360_Presentation&#8221; _builder_version=&#8221;4.27.4&#8243; _module_preset=&#8221;default&#8221; global_colors_info=&#8221;{}&#8221;][\/et_pb_image][\/et_pb_column][et_pb_column type=&#8221;1_2&#8243; _builder_version=&#8221;4.27.4&#8243; _module_preset=&#8221;default&#8221; global_colors_info=&#8221;{}&#8221;][et_pb_text admin_label=&#8221;Teksti &#8221; _builder_version=&#8221;4.27.4&#8243; _module_preset=&#8221;default&#8221; global_colors_info=&#8221;{}&#8221;]<\/p>\n<h4>Keskkond ja meie \u2013 Rotary 360o<\/h4>\n<p>Alates 2021. aastast rakendab <strong>Rapla Rotary klubi<\/strong> programmi &#8221;Keskkond ja meie \u2013 Rotary 360o&#8221;. Selle eesm\u00e4rk on v\u00f5imestada kohalikke noori dialoogi kaudu. Rotariaanid on loonud neutraalse platvormi, kus saab arutada keskkonna olukorda ja kliimamuutusi. Igaks aastaks on valitud eraldi fookus, n\u00e4iteks keskkond 360o, vastasseis keskkonnaga, vaatenurgad erinevatest suundadest, tume roheline vs heleroheline, keskkond kui meie elu kujundaja.<\/p>\n<p>&nbsp;<\/p>\n<p>&nbsp;<\/p>\n<p>&nbsp;<\/p>\n<p>[\/et_pb_text][\/et_pb_column][\/et_pb_row][\/et_pb_section]<\/p>\n","protected":false},"excerpt":{"rendered":"<p>Rotariaanid teevad keskkonnategusidVantaa j\u00f5e vesikonna taastamineKudemiskruus ja noorkalade kivistikud Kudemiskruusa ja noorkalade kivistikku on rajatud ja\/v\u00f5i hooldatud Tuusulas, Hyvink\u00e4\u00e4l, Nurmij\u00e4rvil, Riihim\u00e4el ja Hausj\u00e4rvil. &nbsp; Vesitaskud projekt Projekti k\u00e4igus viidi l\u00e4bi valgala uuring, mille eesm\u00e4rk oli leida v\u00f5imalusi aeglustada \u00e4ravooluvett soo-, metsa- ja p\u00f5llumajanduspiirkondadest. Meetmed v\u00f5ivad h\u00f5lmata n\u00e4iteks p\u00f5hjapaisusid, kastmisveebasseine,olemasolevate veereservuaaride toimimise parandamist. Samuti uuriti, kas [&hellip;]<\/p>\n","protected":false},"author":26,"featured_media":0,"parent":13361,"menu_order":5,"comment_status":"closed","ping_status":"closed","template":"","meta":{"_acf_changed":false,"_et_pb_use_builder":"on","_et_pb_old_content":"","_et_gb_content_width":"","footnotes":""},"class_list":["post-13469","page","type-page","status-publish","hentry"],"acf":[],"yoast_head":"<!-- This site is optimized with the Yoast SEO plugin v27.4 - https:\/\/yoast.com\/product\/yoast-seo-wordpress\/ -->\n<title>Rotariaanid teevad keskkonnategusid - Piiri 1420<\/title>\n<meta name=\"robots\" content=\"index, follow, max-snippet:-1, max-image-preview:large, max-video-preview:-1\" \/>\n<link rel=\"canonical\" href=\"https:\/\/rotary.fi\/d1420\/et\/mida-me-teeme\/keskkond-ja-laanemeri\/rotariaanid-teevad-keskkonnategusid\/\" \/>\n<meta property=\"og:locale\" content=\"fi_FI\" \/>\n<meta property=\"og:type\" content=\"article\" \/>\n<meta property=\"og:title\" content=\"Rotariaanid teevad keskkonnategusid - Piiri 1420\" \/>\n<meta property=\"og:description\" content=\"Rotariaanid teevad keskkonnategusidVantaa j\u00f5e vesikonna taastamineKudemiskruus ja noorkalade kivistikud Kudemiskruusa ja noorkalade kivistikku on rajatud ja\/v\u00f5i hooldatud Tuusulas, Hyvink\u00e4\u00e4l, Nurmij\u00e4rvil, Riihim\u00e4el ja Hausj\u00e4rvil. &nbsp; Vesitaskud projekt Projekti k\u00e4igus viidi l\u00e4bi valgala uuring, mille eesm\u00e4rk oli leida v\u00f5imalusi aeglustada \u00e4ravooluvett soo-, metsa- ja p\u00f5llumajanduspiirkondadest. Meetmed v\u00f5ivad h\u00f5lmata n\u00e4iteks p\u00f5hjapaisusid, kastmisveebasseine,olemasolevate veereservuaaride toimimise parandamist. Samuti uuriti, kas [&hellip;]\" \/>\n<meta property=\"og:url\" content=\"https:\/\/rotary.fi\/d1420\/et\/mida-me-teeme\/keskkond-ja-laanemeri\/rotariaanid-teevad-keskkonnategusid\/\" \/>\n<meta property=\"og:site_name\" content=\"Piiri 1420\" \/>\n<meta property=\"article:publisher\" content=\"https:\/\/www.facebook.com\/rotary\/\" \/>\n<meta property=\"article:modified_time\" content=\"2026-04-10T08:40:58+00:00\" \/>\n<meta name=\"twitter:card\" content=\"summary_large_image\" \/>\n<meta name=\"twitter:label1\" content=\"Arvioitu lukuaika\" \/>\n\t<meta name=\"twitter:data1\" content=\"5 minuuttia\" \/>\n<script type=\"application\/ld+json\" class=\"yoast-schema-graph\">{\"@context\":\"https:\\\/\\\/schema.org\",\"@graph\":[{\"@type\":\"WebPage\",\"@id\":\"https:\\\/\\\/rotary.fi\\\/d1420\\\/et\\\/mida-me-teeme\\\/keskkond-ja-laanemeri\\\/rotariaanid-teevad-keskkonnategusid\\\/\",\"url\":\"https:\\\/\\\/rotary.fi\\\/d1420\\\/et\\\/mida-me-teeme\\\/keskkond-ja-laanemeri\\\/rotariaanid-teevad-keskkonnategusid\\\/\",\"name\":\"Rotariaanid teevad keskkonnategusid - Piiri 1420\",\"isPartOf\":{\"@id\":\"https:\\\/\\\/rotary.fi\\\/d1420\\\/#website\"},\"datePublished\":\"2026-03-29T10:37:29+00:00\",\"dateModified\":\"2026-04-10T08:40:58+00:00\",\"breadcrumb\":{\"@id\":\"https:\\\/\\\/rotary.fi\\\/d1420\\\/et\\\/mida-me-teeme\\\/keskkond-ja-laanemeri\\\/rotariaanid-teevad-keskkonnategusid\\\/#breadcrumb\"},\"inLanguage\":\"fi\",\"potentialAction\":[{\"@type\":\"ReadAction\",\"target\":[\"https:\\\/\\\/rotary.fi\\\/d1420\\\/et\\\/mida-me-teeme\\\/keskkond-ja-laanemeri\\\/rotariaanid-teevad-keskkonnategusid\\\/\"]}]},{\"@type\":\"BreadcrumbList\",\"@id\":\"https:\\\/\\\/rotary.fi\\\/d1420\\\/et\\\/mida-me-teeme\\\/keskkond-ja-laanemeri\\\/rotariaanid-teevad-keskkonnategusid\\\/#breadcrumb\",\"itemListElement\":[{\"@type\":\"ListItem\",\"position\":1,\"name\":\"Home\",\"item\":\"https:\\\/\\\/rotary.fi\\\/d1420\\\/\"},{\"@type\":\"ListItem\",\"position\":2,\"name\":\"Mida me teeme\",\"item\":\"https:\\\/\\\/rotary.fi\\\/d1420\\\/et\\\/mida-me-teeme\\\/\"},{\"@type\":\"ListItem\",\"position\":3,\"name\":\"Keskkond ja L\u00e4\u00e4nemeri\",\"item\":\"https:\\\/\\\/rotary.fi\\\/d1420\\\/et\\\/mida-me-teeme\\\/keskkond-ja-laanemeri\\\/\"},{\"@type\":\"ListItem\",\"position\":4,\"name\":\"Rotariaanid teevad keskkonnategusid\"}]},{\"@type\":\"WebSite\",\"@id\":\"https:\\\/\\\/rotary.fi\\\/d1420\\\/#website\",\"url\":\"https:\\\/\\\/rotary.fi\\\/d1420\\\/\",\"name\":\"Piiri 1420\",\"description\":\"Suomen Rotary\",\"potentialAction\":[{\"@type\":\"SearchAction\",\"target\":{\"@type\":\"EntryPoint\",\"urlTemplate\":\"https:\\\/\\\/rotary.fi\\\/d1420\\\/?s={search_term_string}\"},\"query-input\":{\"@type\":\"PropertyValueSpecification\",\"valueRequired\":true,\"valueName\":\"search_term_string\"}}],\"inLanguage\":\"fi\"}]}<\/script>\n<!-- \/ Yoast SEO plugin. -->","yoast_head_json":{"title":"Rotariaanid teevad keskkonnategusid - Piiri 1420","robots":{"index":"index","follow":"follow","max-snippet":"max-snippet:-1","max-image-preview":"max-image-preview:large","max-video-preview":"max-video-preview:-1"},"canonical":"https:\/\/rotary.fi\/d1420\/et\/mida-me-teeme\/keskkond-ja-laanemeri\/rotariaanid-teevad-keskkonnategusid\/","og_locale":"fi_FI","og_type":"article","og_title":"Rotariaanid teevad keskkonnategusid - Piiri 1420","og_description":"Rotariaanid teevad keskkonnategusidVantaa j\u00f5e vesikonna taastamineKudemiskruus ja noorkalade kivistikud Kudemiskruusa ja noorkalade kivistikku on rajatud ja\/v\u00f5i hooldatud Tuusulas, Hyvink\u00e4\u00e4l, Nurmij\u00e4rvil, Riihim\u00e4el ja Hausj\u00e4rvil. &nbsp; Vesitaskud projekt Projekti k\u00e4igus viidi l\u00e4bi valgala uuring, mille eesm\u00e4rk oli leida v\u00f5imalusi aeglustada \u00e4ravooluvett soo-, metsa- ja p\u00f5llumajanduspiirkondadest. Meetmed v\u00f5ivad h\u00f5lmata n\u00e4iteks p\u00f5hjapaisusid, kastmisveebasseine,olemasolevate veereservuaaride toimimise parandamist. Samuti uuriti, kas [&hellip;]","og_url":"https:\/\/rotary.fi\/d1420\/et\/mida-me-teeme\/keskkond-ja-laanemeri\/rotariaanid-teevad-keskkonnategusid\/","og_site_name":"Piiri 1420","article_publisher":"https:\/\/www.facebook.com\/rotary\/","article_modified_time":"2026-04-10T08:40:58+00:00","twitter_card":"summary_large_image","twitter_misc":{"Arvioitu lukuaika":"5 minuuttia"},"schema":{"@context":"https:\/\/schema.org","@graph":[{"@type":"WebPage","@id":"https:\/\/rotary.fi\/d1420\/et\/mida-me-teeme\/keskkond-ja-laanemeri\/rotariaanid-teevad-keskkonnategusid\/","url":"https:\/\/rotary.fi\/d1420\/et\/mida-me-teeme\/keskkond-ja-laanemeri\/rotariaanid-teevad-keskkonnategusid\/","name":"Rotariaanid teevad keskkonnategusid - Piiri 1420","isPartOf":{"@id":"https:\/\/rotary.fi\/d1420\/#website"},"datePublished":"2026-03-29T10:37:29+00:00","dateModified":"2026-04-10T08:40:58+00:00","breadcrumb":{"@id":"https:\/\/rotary.fi\/d1420\/et\/mida-me-teeme\/keskkond-ja-laanemeri\/rotariaanid-teevad-keskkonnategusid\/#breadcrumb"},"inLanguage":"fi","potentialAction":[{"@type":"ReadAction","target":["https:\/\/rotary.fi\/d1420\/et\/mida-me-teeme\/keskkond-ja-laanemeri\/rotariaanid-teevad-keskkonnategusid\/"]}]},{"@type":"BreadcrumbList","@id":"https:\/\/rotary.fi\/d1420\/et\/mida-me-teeme\/keskkond-ja-laanemeri\/rotariaanid-teevad-keskkonnategusid\/#breadcrumb","itemListElement":[{"@type":"ListItem","position":1,"name":"Home","item":"https:\/\/rotary.fi\/d1420\/"},{"@type":"ListItem","position":2,"name":"Mida me teeme","item":"https:\/\/rotary.fi\/d1420\/et\/mida-me-teeme\/"},{"@type":"ListItem","position":3,"name":"Keskkond ja L\u00e4\u00e4nemeri","item":"https:\/\/rotary.fi\/d1420\/et\/mida-me-teeme\/keskkond-ja-laanemeri\/"},{"@type":"ListItem","position":4,"name":"Rotariaanid teevad keskkonnategusid"}]},{"@type":"WebSite","@id":"https:\/\/rotary.fi\/d1420\/#website","url":"https:\/\/rotary.fi\/d1420\/","name":"Piiri 1420","description":"Suomen Rotary","potentialAction":[{"@type":"SearchAction","target":{"@type":"EntryPoint","urlTemplate":"https:\/\/rotary.fi\/d1420\/?s={search_term_string}"},"query-input":{"@type":"PropertyValueSpecification","valueRequired":true,"valueName":"search_term_string"}}],"inLanguage":"fi"}]}},"lang":"et","translations":{"et":13469,"sv":13449,"fi":12676,"en":13460},"pll_sync_post":[],"_links":{"self":[{"href":"https:\/\/rotary.fi\/d1420\/wp-json\/wp\/v2\/pages\/13469","targetHints":{"allow":["GET"]}}],"collection":[{"href":"https:\/\/rotary.fi\/d1420\/wp-json\/wp\/v2\/pages"}],"about":[{"href":"https:\/\/rotary.fi\/d1420\/wp-json\/wp\/v2\/types\/page"}],"author":[{"embeddable":true,"href":"https:\/\/rotary.fi\/d1420\/wp-json\/wp\/v2\/users\/26"}],"replies":[{"embeddable":true,"href":"https:\/\/rotary.fi\/d1420\/wp-json\/wp\/v2\/comments?post=13469"}],"version-history":[{"count":10,"href":"https:\/\/rotary.fi\/d1420\/wp-json\/wp\/v2\/pages\/13469\/revisions"}],"predecessor-version":[{"id":13747,"href":"https:\/\/rotary.fi\/d1420\/wp-json\/wp\/v2\/pages\/13469\/revisions\/13747"}],"up":[{"embeddable":true,"href":"https:\/\/rotary.fi\/d1420\/wp-json\/wp\/v2\/pages\/13361"}],"wp:attachment":[{"href":"https:\/\/rotary.fi\/d1420\/wp-json\/wp\/v2\/media?parent=13469"}],"curies":[{"name":"wp","href":"https:\/\/api.w.org\/{rel}","templated":true}]}}