{"id":13460,"date":"2026-03-29T12:25:38","date_gmt":"2026-03-29T10:25:38","guid":{"rendered":"https:\/\/rotary.fi\/d1420\/?page_id=13460"},"modified":"2026-04-10T10:43:01","modified_gmt":"2026-04-10T08:43:01","slug":"rotarians-take-environmental-action","status":"publish","type":"page","link":"https:\/\/rotary.fi\/d1420\/en\/what-we-do\/environment-and-the-baltic-sea\/rotarians-take-environmental-action\/","title":{"rendered":"Rotarians Take Environmental Action"},"content":{"rendered":"<p>[et_pb_section fb_built=&#8221;1&#8243; admin_label=&#8221;Osio &#8211; yl\u00e4kuva&#8221; module_class=&#8221;jumbotron-page&#8221; _builder_version=&#8221;4.27.4&#8243; background_image=&#8221;https:\/\/rotary.fi\/d1420\/wp-content\/uploads\/sites\/183\/2026\/03\/maisema-2.jpg&#8221; background_position=&#8221;top_center&#8221; global_colors_info=&#8221;{}&#8221;][et_pb_row module_class=&#8221; et_pb_row_fullwidth et_pb_row_fullwidth&#8221; _builder_version=&#8221;4.16&#8243; width=&#8221;89%&#8221; width_tablet=&#8221;80%&#8221; width_phone=&#8221;&#8221; width_last_edited=&#8221;on|desktop&#8221; max_width=&#8221;89%&#8221; max_width_tablet=&#8221;80%&#8221; max_width_phone=&#8221;&#8221; max_width_last_edited=&#8221;on|desktop&#8221; make_fullwidth=&#8221;on&#8221; global_colors_info=&#8221;{}&#8221;][et_pb_column type=&#8221;4_4&#8243; _builder_version=&#8221;4.16&#8243; custom_padding=&#8221;|||&#8221; global_colors_info=&#8221;{}&#8221; custom_padding__hover=&#8221;|||&#8221;][et_pb_text admin_label=&#8221;Ymp\u00e4rist\u00f6 ja It\u00e4meri -p\u00e4\u00e4otsikko&#8221; _builder_version=&#8221;4.27.4&#8243; text_orientation=&#8221;center&#8221; background_layout=&#8221;dark&#8221; global_colors_info=&#8221;{}&#8221;]<\/p>\n<h1>Rotarianer g\u00f6r milj\u00f6insatser<\/h1>\n<p>[\/et_pb_text][\/et_pb_column][\/et_pb_row][\/et_pb_section][et_pb_section fb_built=&#8221;1&#8243; admin_label=&#8221;Osio &#8211; rotarit tekev\u00e4t ymp\u00e4rist\u00f6tekoja&#8221; module_class=&#8221;sisaltoalue_perus&#8221; _builder_version=&#8221;4.22.1&#8243; custom_margin=&#8221;||0px||false|false&#8221; border_color_all=&#8221;#FFFFFF&#8221; border_style_all=&#8221;none&#8221; border_width_bottom=&#8221;1px&#8221; border_color_bottom=&#8221;#019FCB&#8221; global_colors_info=&#8221;{}&#8221;][et_pb_row custom_padding_last_edited=&#8221;on|phone&#8221; _builder_version=&#8221;4.27.4&#8243; max_height=&#8221;100px&#8221; custom_padding_tablet=&#8221;&#8221; custom_padding_phone=&#8221;&#8221; global_colors_info=&#8221;{}&#8221;][et_pb_column type=&#8221;4_4&#8243; _builder_version=&#8221;4.16&#8243; custom_padding=&#8221;|||&#8221; global_colors_info=&#8221;{}&#8221; custom_padding__hover=&#8221;|||&#8221;][et_pb_text admin_label=&#8221;otsikko &#8211; Vantaanjoen vesist\u00f6n kunnostukset&#8221; _builder_version=&#8221;4.27.4&#8243; text_orientation=&#8221;center&#8221; global_colors_info=&#8221;{}&#8221;]<\/p>\n<h3 style=\"text-align: left\">Restoration of the Vantaa River Watershed<\/h3>\n<p>[\/et_pb_text][et_pb_text admin_label=&#8221;Teksti&#8221; _builder_version=&#8221;4.27.4&#8243; _module_preset=&#8221;default&#8221; global_colors_info=&#8221;{}&#8221;]<\/p>\n<h4>Spawning gravel beds and juvenile fish habitats<\/h4>\n<p>Spawning gravel beds and juvenile fish stone habitats have been built and\/or maintained in Tuusula, Hyvink\u00e4\u00e4, Nurmij\u00e4rvi, Riihim\u00e4ki and Hausj\u00e4rvi.<\/p>\n<p>&nbsp;<\/p>\n<h4>Water Pockets Project<\/h4>\n<p>The project included a catchment area study to identify ways to slow down runoff water from peatlands, forests and agricultural areas within the watershed. Possible measures include bottom dams, irrigation ponds, improving the functioning of existing basins.<\/p>\n<p>At the same time, the project explored whether it would be possible to improve irrigation opportunities during dry periods, reduce flooding, decrease the leaching of valuable soil and nutrients from fields into water bodies.<\/p>\n<p>Along tributaries, 27 potential sites were identified, and landowner consent was obtained for 19 locations.<br \/>Participating Rotary clubs included: Hyvink\u00e4\u00e4, J\u00e4rvenp\u00e4\u00e4, Nurmij\u00e4rvi, Nurmij\u00e4rvi\u2013Klaukkala, Tikkurila, Tuusula, Vantaa\u2013Myyrm\u00e4ki, Riihim\u00e4ki and Helsinki Koillinen.<\/p>\n<p>&nbsp;<\/p>\n<p>Uusimaa Vatten\u00e5terst\u00e4llningsn\u00e4tverk: <a href=\"https:\/\/www.vhvsy.fi\/sivut\/Vesistokunnostus\">https:\/\/www.vhvsy.fi\/sivut\/Vesistokunnostus<\/a><\/p>\n<p>H\u00e5llbar vattenf\u00f6rvaltning i avrinningsomr\u00e5det f\u00f6r den \u00f6vre delen av Leps\u00e4m\u00e4njoki-floden (VELEVA-projektet):<br \/><a href=\"https:\/\/www.vhvsy.fi\/sivut\/Vesienhallinta\">https:\/\/www.vhvsy.fi\/sivut\/Vesienhallinta<\/a><\/p>\n<p>&nbsp;<\/p>\n<p>[\/et_pb_text][et_pb_image src=&#8221;https:\/\/rotary.fi\/d1420\/wp-content\/uploads\/sites\/183\/2026\/03\/talvitulva-lepsamanjoella.png&#8221; title_text=&#8221;Talvitulva Leps\u00e4m\u00e4njoella&#8221; _builder_version=&#8221;4.27.4&#8243; _module_preset=&#8221;default&#8221; global_colors_info=&#8221;{}&#8221;][\/et_pb_image][et_pb_divider _builder_version=&#8221;4.27.4&#8243; _module_preset=&#8221;default&#8221; global_colors_info=&#8221;{}&#8221;][\/et_pb_divider][\/et_pb_column][\/et_pb_row][et_pb_row _builder_version=&#8221;4.27.4&#8243; _module_preset=&#8221;default&#8221; global_colors_info=&#8221;{}&#8221;][et_pb_column type=&#8221;4_4&#8243; _builder_version=&#8221;4.27.4&#8243; _module_preset=&#8221;default&#8221; global_colors_info=&#8221;{}&#8221;][et_pb_text admin_label=&#8221;otsikko &#8211; Seurasaaren vesialueen toimenpiteet&#8221; _builder_version=&#8221;4.27.4&#8243; _module_preset=&#8221;default&#8221; global_colors_info=&#8221;{}&#8221;]<\/p>\n<p>&nbsp;<\/p>\n<h3>Measures in the Seurasaari Water Area<\/h3>\n<p>[\/et_pb_text][\/et_pb_column][\/et_pb_row][et_pb_row column_structure=&#8221;1_2,1_2&#8243; _builder_version=&#8221;4.27.4&#8243; _module_preset=&#8221;default&#8221; global_colors_info=&#8221;{}&#8221;][et_pb_column type=&#8221;1_2&#8243; _builder_version=&#8221;4.27.4&#8243; _module_preset=&#8221;default&#8221; global_colors_info=&#8221;{}&#8221;][et_pb_image src=&#8221;https:\/\/rotary.fi\/d1420\/wp-content\/uploads\/sites\/183\/2026\/03\/seurasaaren-vesimuodostuma.png&#8221; title_text=&#8221;Seurasaaren vesimuodostuma&#8221; _builder_version=&#8221;4.27.4&#8243; _module_preset=&#8221;default&#8221; global_colors_info=&#8221;{}&#8221;][\/et_pb_image][\/et_pb_column][et_pb_column type=&#8221;1_2&#8243; _builder_version=&#8221;4.27.4&#8243; _module_preset=&#8221;default&#8221; global_colors_info=&#8221;{}&#8221;][et_pb_text admin_label=&#8221;Teksti &#8211; Seurasaari&#8221; _builder_version=&#8221;4.27.4&#8243; _module_preset=&#8221;default&#8221; global_colors_info=&#8221;{}&#8221;]<\/p>\n<p><strong>Project idea: Seurasaari water body<\/strong><\/p>\n<p>The Seurasaari water body (Laajalahti \/ Broad Bay) \u2014 the entire water area north of Lauttasaari \u2014 is the most degraded water body in the Helsinki metropolitan region. Cyanobacteria blooms occur in Laajalahti almost every summer shortly after Midsummer. In 2025, the bloom appeared in shoreline waters only in August, but it was particularly severe. The key question is: What can be done to improve the situation?<\/p>\n<p>[\/et_pb_text][\/et_pb_column][\/et_pb_row][et_pb_row _builder_version=&#8221;4.27.4&#8243; _module_preset=&#8221;default&#8221; global_colors_info=&#8221;{}&#8221;][et_pb_column type=&#8221;4_4&#8243; _builder_version=&#8221;4.27.4&#8243; _module_preset=&#8221;default&#8221; global_colors_info=&#8221;{}&#8221;][et_pb_divider _builder_version=&#8221;4.27.4&#8243; _module_preset=&#8221;default&#8221; global_colors_info=&#8221;{}&#8221;][\/et_pb_divider][et_pb_text admin_label=&#8221;otsikko &#8211; Piirin it\u00e4isten alueen vesist\u00f6hankkeet&#8221; _builder_version=&#8221;4.27.4&#8243; _module_preset=&#8221;default&#8221; global_colors_info=&#8221;{}&#8221;]<\/p>\n<h3>Water Protection Actions by Eastern Rotary Clubs<\/h3>\n<p>[\/et_pb_text][\/et_pb_column][\/et_pb_row][et_pb_row column_structure=&#8221;1_2,1_2&#8243; _builder_version=&#8221;4.27.4&#8243; _module_preset=&#8221;default&#8221; global_colors_info=&#8221;{}&#8221;][et_pb_column type=&#8221;1_2&#8243; _builder_version=&#8221;4.27.4&#8243; _module_preset=&#8221;default&#8221; global_colors_info=&#8221;{}&#8221;][et_pb_text admin_label=&#8221;Teksti &#8211; It\u00e4meri kiitt\u00e4\u00e4&#8221; _builder_version=&#8221;4.27.4&#8243; _module_preset=&#8221;default&#8221; global_colors_info=&#8221;{}&#8221;]<\/p>\n<h4>The Baltic Sea Says Thank You<\/h4>\n<p>Rotary clubs in Porvoo, Sipoo and Loviisa mobilised children and young people between 2016 and 2020 to participate in water protection activities. In cooperation with municipalities, associations and companies, approximately 70 events were organised.<\/p>\n<p>Activities included:<br \/>\u2022 beach clean-up events<br \/>\u2022 supplementary environmental education packages for schools<br \/>\u2022 distribution of water backpacks to primary schools<br \/>\u2022 screenings of the documentary Journey to the Sea for upper secondary students<br \/>\u2022 seminars<br \/>\u2022 financial support for local associations engaged in water protection work<\/p>\n<p>Read more: <a href=\"https:\/\/rotary.fi\/porvoolantinen\/itameri-kiittaa\/\">https:\/\/rotary.fi\/porvoolantinen\/itameri-kiittaa\/<\/a><\/p>\n<p>[\/et_pb_text][\/et_pb_column][et_pb_column type=&#8221;1_2&#8243; _builder_version=&#8221;4.27.4&#8243; _module_preset=&#8221;default&#8221; global_colors_info=&#8221;{}&#8221;][et_pb_image src=&#8221;https:\/\/rotary.fi\/d1420\/wp-content\/uploads\/sites\/183\/2024\/09\/2024-08-29-itameripaiva-50.jpg&#8221; alt=&#8221;Vesirepun esittely It\u00e4merip\u00e4iv\u00e4n\u00e4 2024&#8243; title_text=&#8221;2024_08_29 It\u00e4merip\u00e4iv\u00e4 (50)&#8221; admin_label=&#8221;Kuva &#8211; It\u00e4meri kiitt\u00e4\u00e4&#8221; _builder_version=&#8221;4.27.4&#8243; _module_preset=&#8221;default&#8221; global_colors_info=&#8221;{}&#8221;][\/et_pb_image][\/et_pb_column][\/et_pb_row][et_pb_row _builder_version=&#8221;4.27.4&#8243; _module_preset=&#8221;default&#8221; global_colors_info=&#8221;{}&#8221;][et_pb_column type=&#8221;4_4&#8243; _builder_version=&#8221;4.27.4&#8243; _module_preset=&#8221;default&#8221; global_colors_info=&#8221;{}&#8221;][et_pb_divider _builder_version=&#8221;4.27.4&#8243; _module_preset=&#8221;default&#8221; global_colors_info=&#8221;{}&#8221;][\/et_pb_divider][et_pb_text admin_label=&#8221;otsikko &#8211; Espoon rotaryklubien vesiensuojeluty\u00f6t&#8221; _builder_version=&#8221;4.27.4&#8243; _module_preset=&#8221;default&#8221; global_colors_info=&#8221;{}&#8221;]<\/p>\n<h3>Water Protection Work by Espoo Rotary Clubs<\/h3>\n<p>[\/et_pb_text][\/et_pb_column][\/et_pb_row][et_pb_row column_structure=&#8221;1_2,1_2&#8243; _builder_version=&#8221;4.27.4&#8243; _module_preset=&#8221;default&#8221; global_colors_info=&#8221;{}&#8221;][et_pb_column type=&#8221;1_2&#8243; _builder_version=&#8221;4.27.4&#8243; _module_preset=&#8221;default&#8221; global_colors_info=&#8221;{}&#8221;][et_pb_image src=&#8221;https:\/\/rotary.fi\/d1420\/wp-content\/uploads\/sites\/183\/2024\/02\/kalatie.png&#8221; title_text=&#8221;kalatie&#8221; admin_label=&#8221;Kuva &#8211; Gumb\u00f6le&#8221; _builder_version=&#8221;4.27.4&#8243; _module_preset=&#8221;default&#8221; global_colors_info=&#8221;{}&#8221;][\/et_pb_image][\/et_pb_column][et_pb_column type=&#8221;1_2&#8243; _builder_version=&#8221;4.27.4&#8243; _module_preset=&#8221;default&#8221; global_colors_info=&#8221;{}&#8221;][et_pb_text admin_label=&#8221;Teksti &#8211; Gumb\u00f6le&#8221; _builder_version=&#8221;4.27.4&#8243; _module_preset=&#8221;default&#8221; global_colors_info=&#8221;{}&#8221;]<\/p>\n<h3>Gumb\u00f6le Fish Ladder<\/h3>\n<p>The Rotary Club of Espoo participated in the Gumb\u00f6le River fish ladder project between 2013 and 2020.<br \/>Cooperation with the City of Espoo and the Uusimaa Centre for Economic Development, Transport and the Environment (ELY Centre) began in 2013 when the planning phase started. The river contains a four-metre-high mill dam from the 18th century, protected by the Finnish Heritage Agency, which prevents migratory fish from reaching upstream spawning areas.<\/p>\n<p>Thanks to an initiative by Rotary representatives in 2015, the fish ladder was constructed on the eastern side of the river using a solution that saved hundreds of thousands of euros. The final cost was approximately \u20ac250,000.<br \/>The project required extensive planning and multiple permits, including building permits, operational permits,\u00a0 landscape work permits, water construction permits, approval from the Finnish Heritage Agency.<\/p>\n<p>All permits were obtained in early 2020, and construction began in summer 2020. The fish ladder was inaugurated on 21 October 2020. The Rotary club continues to act as guardian of the fish ladder, carrying out inspection visits a few times each year to remove debris blocking water flow and eliminate invasive plant species.<\/p>\n<p>[\/et_pb_text][\/et_pb_column][\/et_pb_row][et_pb_row column_structure=&#8221;1_2,1_2&#8243; _builder_version=&#8221;4.27.4&#8243; _module_preset=&#8221;default&#8221; global_colors_info=&#8221;{}&#8221;][et_pb_column type=&#8221;1_2&#8243; _builder_version=&#8221;4.27.4&#8243; _module_preset=&#8221;default&#8221; global_colors_info=&#8221;{}&#8221;][et_pb_text admin_label=&#8221;Teksti &#8211; Silkkiniitty&#8221; _builder_version=&#8221;4.27.4&#8243; _module_preset=&#8221;default&#8221; hover_enabled=&#8221;0&#8243; global_colors_info=&#8221;{}&#8221; sticky_enabled=&#8221;0&#8243;]<\/p>\n<h4>Silkkiniitty Park Trail Application in Tapiola<\/h4>\n<p>The Tapiola Rotary Club, together with Tapiolan Kilta, has developed a digital park trail application for Silkkiniitty.<br \/>The application focuses on the history of Silkkiniitty, trees and shrubs in the area.<\/p>\n<p>Originally a meadow belonging to the Hagalund Manor, the seven-hectare Silkkiniitty is today the central park of Tapiola garden city in Espoo. The meadow is sometimes referred to as the heart or lungs of Tapiola.<\/p>\n<p>The park trail application includes 20 locations with images and descriptions, allowing visitors to explore the area in different seasons and through different senses. Its purpose is to preserve Tapiola\u2019s most important cultural, landscape, increase awareness of the local environment.<\/p>\n<p>In early childhood education, schools and families, the trail can be used for physical activity, painting,quizzes, and storytelling inspired by the locations. The application has received enthusiastic feedback from the daycare centres and schools where it has been introduced.<\/p>\n<p>&nbsp;<\/p>\n<p>[\/et_pb_text][\/et_pb_column][et_pb_column type=&#8221;1_2&#8243; _builder_version=&#8221;4.27.4&#8243; _module_preset=&#8221;default&#8221; global_colors_info=&#8221;{}&#8221;][et_pb_image src=&#8221;https:\/\/rotary.fi\/d1420\/wp-content\/uploads\/sites\/183\/2026\/03\/2048px-silkkiniitty-lansiosa-tapiola-170723.jpg&#8221; title_text=&#8221;2048px-Silkkiniitty_l\u00e4nsiosa_Tapiola_170723&#8243; admin_label=&#8221;Kuva &#8211; Silkkiniitty&#8221; _builder_version=&#8221;4.27.4&#8243; _module_preset=&#8221;default&#8221; global_colors_info=&#8221;{}&#8221;][\/et_pb_image][\/et_pb_column][\/et_pb_row][et_pb_row _builder_version=&#8221;4.27.4&#8243; _module_preset=&#8221;default&#8221; global_colors_info=&#8221;{}&#8221;][et_pb_column type=&#8221;4_4&#8243; _builder_version=&#8221;4.27.4&#8243; _module_preset=&#8221;default&#8221; global_colors_info=&#8221;{}&#8221;][et_pb_divider _builder_version=&#8221;4.27.4&#8243; _module_preset=&#8221;default&#8221; global_colors_info=&#8221;{}&#8221;][\/et_pb_divider][et_pb_text admin_label=&#8221;otsikko &#8211; Viron rotaryklubien vesiensuojeluty\u00f6t&#8221; _builder_version=&#8221;4.27.4&#8243; _module_preset=&#8221;default&#8221; global_colors_info=&#8221;{}&#8221;]<\/p>\n<h3>Environmental actions of Estonian clubs<\/h3>\n<p>[\/et_pb_text][\/et_pb_column][\/et_pb_row][et_pb_row column_structure=&#8221;1_2,1_2&#8243; _builder_version=&#8221;4.27.4&#8243; _module_preset=&#8221;default&#8221; global_colors_info=&#8221;{}&#8221;][et_pb_column type=&#8221;1_2&#8243; _builder_version=&#8221;4.27.4&#8243; _module_preset=&#8221;default&#8221; global_colors_info=&#8221;{}&#8221;][et_pb_image src=&#8221;https:\/\/rotary.fi\/d1420\/wp-content\/uploads\/sites\/183\/2026\/04\/rotary-environment-360-presentation-updated.jpg&#8221; title_text=&#8221;Rotary_Environment_360_Presentation&#8221; _builder_version=&#8221;4.27.4&#8243; _module_preset=&#8221;default&#8221; global_colors_info=&#8221;{}&#8221;][\/et_pb_image][\/et_pb_column][et_pb_column type=&#8221;1_2&#8243; _builder_version=&#8221;4.27.4&#8243; _module_preset=&#8221;default&#8221; global_colors_info=&#8221;{}&#8221;][et_pb_text admin_label=&#8221;Teksti &#8221; _builder_version=&#8221;4.27.4&#8243; _module_preset=&#8221;default&#8221; global_colors_info=&#8221;{}&#8221;]<\/p>\n<h4>Environment &amp; Us \u2013 Rotary 360 o<\/h4>\n<p>Since 2021 <strong>Rapla Rotary Club<\/strong> has been implementing a youth programme \u201dEnvironment &amp; Us \u2013 Rotary 360 o\u201d. Its target is to empower local youth through dialogue. We have created a netural platform for dialogue around the growing concern about the environmental health and climate change. A focus area of its own has been selected for each year, like Environment 360\u00b0, Confrontations with the Environment, Perspectives from Different Angles, Dark Green vs. Light Green, Environment as the Designer of Our Lives.<\/p>\n<p>&nbsp;<\/p>\n<p>&nbsp;<\/p>\n<p>[\/et_pb_text][\/et_pb_column][\/et_pb_row][\/et_pb_section]<\/p>\n","protected":false},"excerpt":{"rendered":"<p>Rotarianer g\u00f6r milj\u00f6insatserRestoration of the Vantaa River WatershedSpawning gravel beds and juvenile fish habitats Spawning gravel beds and juvenile fish stone habitats have been built and\/or maintained in Tuusula, Hyvink\u00e4\u00e4, Nurmij\u00e4rvi, Riihim\u00e4ki and Hausj\u00e4rvi. &nbsp; Water Pockets Project The project included a catchment area study to identify ways to slow down runoff water from peatlands, [&hellip;]<\/p>\n","protected":false},"author":26,"featured_media":0,"parent":13351,"menu_order":5,"comment_status":"closed","ping_status":"closed","template":"","meta":{"_acf_changed":false,"_et_pb_use_builder":"on","_et_pb_old_content":"","_et_gb_content_width":"","footnotes":""},"class_list":["post-13460","page","type-page","status-publish","hentry"],"acf":[],"yoast_head":"<!-- This site is optimized with the Yoast SEO plugin v27.4 - https:\/\/yoast.com\/product\/yoast-seo-wordpress\/ -->\n<title>Rotarians Take Environmental Action - Piiri 1420<\/title>\n<meta name=\"robots\" content=\"index, follow, max-snippet:-1, max-image-preview:large, max-video-preview:-1\" \/>\n<link rel=\"canonical\" href=\"https:\/\/rotary.fi\/d1420\/en\/what-we-do\/environment-and-the-baltic-sea\/rotarians-take-environmental-action\/\" \/>\n<meta property=\"og:locale\" content=\"fi_FI\" \/>\n<meta property=\"og:type\" content=\"article\" \/>\n<meta property=\"og:title\" content=\"Rotarians Take Environmental Action - Piiri 1420\" \/>\n<meta property=\"og:description\" content=\"Rotarianer g\u00f6r milj\u00f6insatserRestoration of the Vantaa River WatershedSpawning gravel beds and juvenile fish habitats Spawning gravel beds and juvenile fish stone habitats have been built and\/or maintained in Tuusula, Hyvink\u00e4\u00e4, Nurmij\u00e4rvi, Riihim\u00e4ki and Hausj\u00e4rvi. &nbsp; Water Pockets Project The project included a catchment area study to identify ways to slow down runoff water from peatlands, [&hellip;]\" \/>\n<meta property=\"og:url\" content=\"https:\/\/rotary.fi\/d1420\/en\/what-we-do\/environment-and-the-baltic-sea\/rotarians-take-environmental-action\/\" \/>\n<meta property=\"og:site_name\" content=\"Piiri 1420\" \/>\n<meta property=\"article:publisher\" content=\"https:\/\/www.facebook.com\/rotary\/\" \/>\n<meta property=\"article:modified_time\" content=\"2026-04-10T08:43:01+00:00\" \/>\n<meta name=\"twitter:card\" content=\"summary_large_image\" \/>\n<meta name=\"twitter:label1\" content=\"Arvioitu lukuaika\" \/>\n\t<meta name=\"twitter:data1\" content=\"7 minuuttia\" \/>\n<script type=\"application\/ld+json\" class=\"yoast-schema-graph\">{\"@context\":\"https:\\\/\\\/schema.org\",\"@graph\":[{\"@type\":\"WebPage\",\"@id\":\"https:\\\/\\\/rotary.fi\\\/d1420\\\/en\\\/what-we-do\\\/environment-and-the-baltic-sea\\\/rotarians-take-environmental-action\\\/\",\"url\":\"https:\\\/\\\/rotary.fi\\\/d1420\\\/en\\\/what-we-do\\\/environment-and-the-baltic-sea\\\/rotarians-take-environmental-action\\\/\",\"name\":\"Rotarians Take Environmental Action - Piiri 1420\",\"isPartOf\":{\"@id\":\"https:\\\/\\\/rotary.fi\\\/d1420\\\/#website\"},\"datePublished\":\"2026-03-29T10:25:38+00:00\",\"dateModified\":\"2026-04-10T08:43:01+00:00\",\"breadcrumb\":{\"@id\":\"https:\\\/\\\/rotary.fi\\\/d1420\\\/en\\\/what-we-do\\\/environment-and-the-baltic-sea\\\/rotarians-take-environmental-action\\\/#breadcrumb\"},\"inLanguage\":\"fi\",\"potentialAction\":[{\"@type\":\"ReadAction\",\"target\":[\"https:\\\/\\\/rotary.fi\\\/d1420\\\/en\\\/what-we-do\\\/environment-and-the-baltic-sea\\\/rotarians-take-environmental-action\\\/\"]}]},{\"@type\":\"BreadcrumbList\",\"@id\":\"https:\\\/\\\/rotary.fi\\\/d1420\\\/en\\\/what-we-do\\\/environment-and-the-baltic-sea\\\/rotarians-take-environmental-action\\\/#breadcrumb\",\"itemListElement\":[{\"@type\":\"ListItem\",\"position\":1,\"name\":\"Home\",\"item\":\"https:\\\/\\\/rotary.fi\\\/d1420\\\/\"},{\"@type\":\"ListItem\",\"position\":2,\"name\":\"What We Do\",\"item\":\"https:\\\/\\\/rotary.fi\\\/d1420\\\/en\\\/what-we-do\\\/\"},{\"@type\":\"ListItem\",\"position\":3,\"name\":\"Environment and the Baltic Sea\",\"item\":\"https:\\\/\\\/rotary.fi\\\/d1420\\\/en\\\/what-we-do\\\/environment-and-the-baltic-sea\\\/\"},{\"@type\":\"ListItem\",\"position\":4,\"name\":\"Rotarians Take Environmental Action\"}]},{\"@type\":\"WebSite\",\"@id\":\"https:\\\/\\\/rotary.fi\\\/d1420\\\/#website\",\"url\":\"https:\\\/\\\/rotary.fi\\\/d1420\\\/\",\"name\":\"Piiri 1420\",\"description\":\"Suomen Rotary\",\"potentialAction\":[{\"@type\":\"SearchAction\",\"target\":{\"@type\":\"EntryPoint\",\"urlTemplate\":\"https:\\\/\\\/rotary.fi\\\/d1420\\\/?s={search_term_string}\"},\"query-input\":{\"@type\":\"PropertyValueSpecification\",\"valueRequired\":true,\"valueName\":\"search_term_string\"}}],\"inLanguage\":\"fi\"}]}<\/script>\n<!-- \/ Yoast SEO plugin. -->","yoast_head_json":{"title":"Rotarians Take Environmental Action - Piiri 1420","robots":{"index":"index","follow":"follow","max-snippet":"max-snippet:-1","max-image-preview":"max-image-preview:large","max-video-preview":"max-video-preview:-1"},"canonical":"https:\/\/rotary.fi\/d1420\/en\/what-we-do\/environment-and-the-baltic-sea\/rotarians-take-environmental-action\/","og_locale":"fi_FI","og_type":"article","og_title":"Rotarians Take Environmental Action - Piiri 1420","og_description":"Rotarianer g\u00f6r milj\u00f6insatserRestoration of the Vantaa River WatershedSpawning gravel beds and juvenile fish habitats Spawning gravel beds and juvenile fish stone habitats have been built and\/or maintained in Tuusula, Hyvink\u00e4\u00e4, Nurmij\u00e4rvi, Riihim\u00e4ki and Hausj\u00e4rvi. &nbsp; Water Pockets Project The project included a catchment area study to identify ways to slow down runoff water from peatlands, [&hellip;]","og_url":"https:\/\/rotary.fi\/d1420\/en\/what-we-do\/environment-and-the-baltic-sea\/rotarians-take-environmental-action\/","og_site_name":"Piiri 1420","article_publisher":"https:\/\/www.facebook.com\/rotary\/","article_modified_time":"2026-04-10T08:43:01+00:00","twitter_card":"summary_large_image","twitter_misc":{"Arvioitu lukuaika":"7 minuuttia"},"schema":{"@context":"https:\/\/schema.org","@graph":[{"@type":"WebPage","@id":"https:\/\/rotary.fi\/d1420\/en\/what-we-do\/environment-and-the-baltic-sea\/rotarians-take-environmental-action\/","url":"https:\/\/rotary.fi\/d1420\/en\/what-we-do\/environment-and-the-baltic-sea\/rotarians-take-environmental-action\/","name":"Rotarians Take Environmental Action - Piiri 1420","isPartOf":{"@id":"https:\/\/rotary.fi\/d1420\/#website"},"datePublished":"2026-03-29T10:25:38+00:00","dateModified":"2026-04-10T08:43:01+00:00","breadcrumb":{"@id":"https:\/\/rotary.fi\/d1420\/en\/what-we-do\/environment-and-the-baltic-sea\/rotarians-take-environmental-action\/#breadcrumb"},"inLanguage":"fi","potentialAction":[{"@type":"ReadAction","target":["https:\/\/rotary.fi\/d1420\/en\/what-we-do\/environment-and-the-baltic-sea\/rotarians-take-environmental-action\/"]}]},{"@type":"BreadcrumbList","@id":"https:\/\/rotary.fi\/d1420\/en\/what-we-do\/environment-and-the-baltic-sea\/rotarians-take-environmental-action\/#breadcrumb","itemListElement":[{"@type":"ListItem","position":1,"name":"Home","item":"https:\/\/rotary.fi\/d1420\/"},{"@type":"ListItem","position":2,"name":"What We Do","item":"https:\/\/rotary.fi\/d1420\/en\/what-we-do\/"},{"@type":"ListItem","position":3,"name":"Environment and the Baltic Sea","item":"https:\/\/rotary.fi\/d1420\/en\/what-we-do\/environment-and-the-baltic-sea\/"},{"@type":"ListItem","position":4,"name":"Rotarians Take Environmental Action"}]},{"@type":"WebSite","@id":"https:\/\/rotary.fi\/d1420\/#website","url":"https:\/\/rotary.fi\/d1420\/","name":"Piiri 1420","description":"Suomen Rotary","potentialAction":[{"@type":"SearchAction","target":{"@type":"EntryPoint","urlTemplate":"https:\/\/rotary.fi\/d1420\/?s={search_term_string}"},"query-input":{"@type":"PropertyValueSpecification","valueRequired":true,"valueName":"search_term_string"}}],"inLanguage":"fi"}]}},"lang":"en","translations":{"en":13460,"sv":13449,"fi":12676,"et":13469},"pll_sync_post":[],"_links":{"self":[{"href":"https:\/\/rotary.fi\/d1420\/wp-json\/wp\/v2\/pages\/13460","targetHints":{"allow":["GET"]}}],"collection":[{"href":"https:\/\/rotary.fi\/d1420\/wp-json\/wp\/v2\/pages"}],"about":[{"href":"https:\/\/rotary.fi\/d1420\/wp-json\/wp\/v2\/types\/page"}],"author":[{"embeddable":true,"href":"https:\/\/rotary.fi\/d1420\/wp-json\/wp\/v2\/users\/26"}],"replies":[{"embeddable":true,"href":"https:\/\/rotary.fi\/d1420\/wp-json\/wp\/v2\/comments?post=13460"}],"version-history":[{"count":8,"href":"https:\/\/rotary.fi\/d1420\/wp-json\/wp\/v2\/pages\/13460\/revisions"}],"predecessor-version":[{"id":13748,"href":"https:\/\/rotary.fi\/d1420\/wp-json\/wp\/v2\/pages\/13460\/revisions\/13748"}],"up":[{"embeddable":true,"href":"https:\/\/rotary.fi\/d1420\/wp-json\/wp\/v2\/pages\/13351"}],"wp:attachment":[{"href":"https:\/\/rotary.fi\/d1420\/wp-json\/wp\/v2\/media?parent=13460"}],"curies":[{"name":"wp","href":"https:\/\/api.w.org\/{rel}","templated":true}]}}