{"id":13449,"date":"2026-03-29T12:03:22","date_gmt":"2026-03-29T10:03:22","guid":{"rendered":"https:\/\/rotary.fi\/d1420\/?page_id=13449"},"modified":"2026-04-10T10:37:18","modified_gmt":"2026-04-10T08:37:18","slug":"rotarianer-gor-miljoinsatser","status":"publish","type":"page","link":"https:\/\/rotary.fi\/d1420\/sv\/det-har-gor-vi\/miljo-och-ostersjon\/rotarianer-gor-miljoinsatser\/","title":{"rendered":"Rotarianer g\u00f6r milj\u00f6insatser"},"content":{"rendered":"<p>[et_pb_section fb_built=&#8221;1&#8243; admin_label=&#8221;Osio &#8211; yl\u00e4kuva&#8221; module_class=&#8221;jumbotron-page&#8221; _builder_version=&#8221;4.27.4&#8243; background_image=&#8221;https:\/\/rotary.fi\/d1420\/wp-content\/uploads\/sites\/183\/2026\/03\/maisema-2.jpg&#8221; background_position=&#8221;top_center&#8221; global_colors_info=&#8221;{}&#8221;][et_pb_row module_class=&#8221; et_pb_row_fullwidth et_pb_row_fullwidth&#8221; _builder_version=&#8221;4.16&#8243; width=&#8221;89%&#8221; width_tablet=&#8221;80%&#8221; width_phone=&#8221;&#8221; width_last_edited=&#8221;on|desktop&#8221; max_width=&#8221;89%&#8221; max_width_tablet=&#8221;80%&#8221; max_width_phone=&#8221;&#8221; max_width_last_edited=&#8221;on|desktop&#8221; make_fullwidth=&#8221;on&#8221; global_colors_info=&#8221;{}&#8221;][et_pb_column type=&#8221;4_4&#8243; _builder_version=&#8221;4.16&#8243; custom_padding=&#8221;|||&#8221; global_colors_info=&#8221;{}&#8221; custom_padding__hover=&#8221;|||&#8221;][et_pb_text admin_label=&#8221;Ymp\u00e4rist\u00f6 ja It\u00e4meri -p\u00e4\u00e4otsikko&#8221; _builder_version=&#8221;4.27.4&#8243; text_orientation=&#8221;center&#8221; background_layout=&#8221;dark&#8221; global_colors_info=&#8221;{}&#8221;]<\/p>\n<h1>Rotarianer g\u00f6r milj\u00f6insatser<\/h1>\n<p>[\/et_pb_text][\/et_pb_column][\/et_pb_row][\/et_pb_section][et_pb_section fb_built=&#8221;1&#8243; admin_label=&#8221;Osio &#8211; rotarit tekev\u00e4t ymp\u00e4rist\u00f6tekoja&#8221; module_class=&#8221;sisaltoalue_perus&#8221; _builder_version=&#8221;4.22.1&#8243; custom_margin=&#8221;||0px||false|false&#8221; border_color_all=&#8221;#FFFFFF&#8221; border_style_all=&#8221;none&#8221; border_width_bottom=&#8221;1px&#8221; border_color_bottom=&#8221;#019FCB&#8221; global_colors_info=&#8221;{}&#8221;][et_pb_row custom_padding_last_edited=&#8221;on|phone&#8221; _builder_version=&#8221;4.27.4&#8243; max_height=&#8221;100px&#8221; custom_padding_tablet=&#8221;&#8221; custom_padding_phone=&#8221;&#8221; global_colors_info=&#8221;{}&#8221;][et_pb_column type=&#8221;4_4&#8243; _builder_version=&#8221;4.16&#8243; custom_padding=&#8221;|||&#8221; global_colors_info=&#8221;{}&#8221; custom_padding__hover=&#8221;|||&#8221;][et_pb_text admin_label=&#8221;otsikko &#8211; Vantaanjoen vesist\u00f6n kunnostukset&#8221; _builder_version=&#8221;4.27.4&#8243; text_orientation=&#8221;center&#8221; global_colors_info=&#8221;{}&#8221;]<\/p>\n<h3 style=\"text-align: left\">Restaurering av Vanda\u00e5ns vattensystem<\/h3>\n<p>[\/et_pb_text][et_pb_text admin_label=&#8221;Teksti&#8221; _builder_version=&#8221;4.27.4&#8243; _module_preset=&#8221;default&#8221; global_colors_info=&#8221;{}&#8221;]<\/p>\n<h4>Lekgrusbottnar och yngelstenar<\/h4>\n<p>Lekgrusbottnar och yngelstenar har byggts och\/eller underh\u00e5llits i Tusby, Hyvinge, Nurmij\u00e4rvi, Riihim\u00e4ki och Hausj\u00e4rvi.<\/p>\n<p>&nbsp;<\/p>\n<h4>Vattenfickor (Vesitaskut)<\/h4>\n<p>Inom projektet genomf\u00f6rdes en utredning av avrinningsomr\u00e5det, d\u00e4r man kartlade m\u00f6jligheter att f\u00f6rdr\u00f6ja avrinningen fr\u00e5n myr-, skogs- och jordbruksomr\u00e5den i avrinningsomr\u00e5det. Detta kan g\u00f6ras till exempel genom:\u00a0 bottenf\u00f6rd\u00e4mningar, bevattningsdammar och f\u00f6rb\u00e4ttring av redan befintliga bass\u00e4nger.<\/p>\n<p>Samtidigt unders\u00f6ktes om det vore m\u00f6jligt att:<br \/>\u2022 f\u00f6rb\u00e4ttra bevattningsm\u00f6jligheterna f\u00f6r \u00e5krar under torra perioder<br \/>\u2022 minska \u00f6versv\u00e4mningar<br \/>\u2022 minska urlakningen av v\u00e4rdefull jord och n\u00e4rings\u00e4mnen fr\u00e5n \u00e5krar till vattendrag.<\/p>\n<p>L\u00e4ngs sidof\u00e5ror identifierades 27 m\u00f6jliga platser, och mark\u00e4garnas samtycke erh\u00f6lls f\u00f6r 19 av dem.\u00a0F\u00f6ljande rotaryklubbar deltog i projektet: Hyvinge, J\u00e4rvenp\u00e4\u00e4, Nurmij\u00e4rvi, Nurmij\u00e4rvi\u2013Klaukkala, Dickursby, Tusby, Vanda\u2013Myyrm\u00e4ki, Riihim\u00e4ki och Helsingfors Nord\u00f6stra.<\/p>\n<p>Uusimaa Vatten\u00e5terst\u00e4llningsn\u00e4tverk: <a href=\"https:\/\/www.vhvsy.fi\/sivut\/Vesistokunnostus\">https:\/\/www.vhvsy.fi\/sivut\/Vesistokunnostus<\/a><\/p>\n<p>H\u00e5llbar vattenf\u00f6rvaltning i avrinningsomr\u00e5det f\u00f6r den \u00f6vre delen av Leps\u00e4m\u00e4njoki-floden (VELEVA-projektet):<br \/><a href=\"https:\/\/www.vhvsy.fi\/sivut\/Vesienhallinta\">https:\/\/www.vhvsy.fi\/sivut\/Vesienhallinta<\/a><\/p>\n<p>&nbsp;<\/p>\n<p>[\/et_pb_text][et_pb_image src=&#8221;https:\/\/rotary.fi\/d1420\/wp-content\/uploads\/sites\/183\/2026\/03\/talvitulva-lepsamanjoella.png&#8221; title_text=&#8221;Talvitulva Leps\u00e4m\u00e4njoella&#8221; _builder_version=&#8221;4.27.4&#8243; _module_preset=&#8221;default&#8221; global_colors_info=&#8221;{}&#8221;][\/et_pb_image][et_pb_divider _builder_version=&#8221;4.27.4&#8243; _module_preset=&#8221;default&#8221; global_colors_info=&#8221;{}&#8221;][\/et_pb_divider][\/et_pb_column][\/et_pb_row][et_pb_row _builder_version=&#8221;4.27.4&#8243; _module_preset=&#8221;default&#8221; global_colors_info=&#8221;{}&#8221;][et_pb_column type=&#8221;4_4&#8243; _builder_version=&#8221;4.27.4&#8243; _module_preset=&#8221;default&#8221; global_colors_info=&#8221;{}&#8221;][et_pb_text admin_label=&#8221;otsikko &#8211; Seurasaaren vesialueen toimenpiteet&#8221; _builder_version=&#8221;4.27.4&#8243; _module_preset=&#8221;default&#8221; global_colors_info=&#8221;{}&#8221;]<\/p>\n<p>&nbsp;<\/p>\n<h3>\u00c5tg\u00e4rder i Seurasaarens vattenomr\u00e5de<\/h3>\n<p>[\/et_pb_text][\/et_pb_column][\/et_pb_row][et_pb_row column_structure=&#8221;1_2,1_2&#8243; _builder_version=&#8221;4.27.4&#8243; _module_preset=&#8221;default&#8221; global_colors_info=&#8221;{}&#8221;][et_pb_column type=&#8221;1_2&#8243; _builder_version=&#8221;4.27.4&#8243; _module_preset=&#8221;default&#8221; global_colors_info=&#8221;{}&#8221;][et_pb_image src=&#8221;https:\/\/rotary.fi\/d1420\/wp-content\/uploads\/sites\/183\/2026\/03\/seurasaaren-vesimuodostuma.png&#8221; title_text=&#8221;Seurasaaren vesimuodostuma&#8221; _builder_version=&#8221;4.27.4&#8243; _module_preset=&#8221;default&#8221; global_colors_info=&#8221;{}&#8221;][\/et_pb_image][\/et_pb_column][et_pb_column type=&#8221;1_2&#8243; _builder_version=&#8221;4.27.4&#8243; _module_preset=&#8221;default&#8221; global_colors_info=&#8221;{}&#8221;][et_pb_text admin_label=&#8221;Teksti &#8211; Seurasaari&#8221; _builder_version=&#8221;4.27.4&#8243; _module_preset=&#8221;default&#8221; global_colors_info=&#8221;{}&#8221;]<\/p>\n<p><strong>Projektid\u00e9: Seurasaarens vattenf\u00f6rekomst<\/strong><\/p>\n<p>Seurasaarens vattenf\u00f6rekomst (Bredviken \/ Laajalahti) \u2013 det vill s\u00e4ga hela vattenomr\u00e5det norr om Drums\u00f6 \u2013 \u00e4r det mest belastade vattenomr\u00e5det i huvudstadsregionen. Bl\u00e5gr\u00f6nalger blommar i Bredviken n\u00e4stan varje sommar strax efter midsommar. \u00c5r 2025 syntes blomningen f\u00f6rst i augusti, men d\u00e5 desto kraftigare. Fr\u00e5gan \u00e4r: Vad kan g\u00f6ras f\u00f6r att f\u00f6rb\u00e4ttra situationen?<\/p>\n<p>[\/et_pb_text][\/et_pb_column][\/et_pb_row][et_pb_row _builder_version=&#8221;4.27.4&#8243; _module_preset=&#8221;default&#8221; global_colors_info=&#8221;{}&#8221;][et_pb_column type=&#8221;4_4&#8243; _builder_version=&#8221;4.27.4&#8243; _module_preset=&#8221;default&#8221; global_colors_info=&#8221;{}&#8221;][et_pb_divider _builder_version=&#8221;4.27.4&#8243; _module_preset=&#8221;default&#8221; global_colors_info=&#8221;{}&#8221;][\/et_pb_divider][et_pb_text admin_label=&#8221;otsikko &#8211; Piirin it\u00e4isten alueen vesist\u00f6hankkeet&#8221; _builder_version=&#8221;4.27.4&#8243; _module_preset=&#8221;default&#8221; global_colors_info=&#8221;{}&#8221;]<\/p>\n<h3>De \u00f6stra rotaryklubbarnas vattenv\u00e5rdsarbete<\/h3>\n<p>[\/et_pb_text][\/et_pb_column][\/et_pb_row][et_pb_row column_structure=&#8221;1_2,1_2&#8243; _builder_version=&#8221;4.27.4&#8243; _module_preset=&#8221;default&#8221; global_colors_info=&#8221;{}&#8221;][et_pb_column type=&#8221;1_2&#8243; _builder_version=&#8221;4.27.4&#8243; _module_preset=&#8221;default&#8221; global_colors_info=&#8221;{}&#8221;][et_pb_text admin_label=&#8221;Teksti &#8211; It\u00e4meri kiitt\u00e4\u00e4&#8221; _builder_version=&#8221;4.27.4&#8243; _module_preset=&#8221;default&#8221; global_colors_info=&#8221;{}&#8221;]<\/p>\n<h4>\u00d6stersj\u00f6n tackar<\/h4>\n<p>Rotaryklubbar i Borg\u00e5, Sibbo och Lovisa aktiverade \u00e5ren 2016\u20132020 barn och ungdomar att delta i vattenv\u00e5rdsarbete i sina omr\u00e5den. Tillsammans med kommuner, f\u00f6reningar och f\u00f6retag ordnades cirka 70 evenemang. Exempel p\u00e5 aktiviteter: strandst\u00e4dningstalkon, extra undervisningspaket f\u00f6r skolor, utdelning av vattenryggs\u00e4ckar till alla l\u00e5gstadieskolor, filmvisningar av Matka merelle f\u00f6r gymnasieelever, seminarier, ekonomiskt st\u00f6d till lokala organisationer som arbetar med vattenv\u00e5rd.<\/p>\n<p>L\u00e4s mer: <a href=\"https:\/\/rotary.fi\/porvoolantinen\/itameri-kiittaa\/\">https:\/\/rotary.fi\/porvoolantinen\/itameri-kiittaa\/<\/a><\/p>\n<p>[\/et_pb_text][\/et_pb_column][et_pb_column type=&#8221;1_2&#8243; _builder_version=&#8221;4.27.4&#8243; _module_preset=&#8221;default&#8221; global_colors_info=&#8221;{}&#8221;][et_pb_image src=&#8221;https:\/\/rotary.fi\/d1420\/wp-content\/uploads\/sites\/183\/2024\/09\/2024-08-29-itameripaiva-50.jpg&#8221; alt=&#8221;Vesirepun esittely It\u00e4merip\u00e4iv\u00e4n\u00e4 2024&#8243; title_text=&#8221;2024_08_29 It\u00e4merip\u00e4iv\u00e4 (50)&#8221; admin_label=&#8221;Kuva &#8211; It\u00e4meri kiitt\u00e4\u00e4&#8221; _builder_version=&#8221;4.27.4&#8243; _module_preset=&#8221;default&#8221; global_colors_info=&#8221;{}&#8221;][\/et_pb_image][\/et_pb_column][\/et_pb_row][et_pb_row _builder_version=&#8221;4.27.4&#8243; _module_preset=&#8221;default&#8221; global_colors_info=&#8221;{}&#8221;][et_pb_column type=&#8221;4_4&#8243; _builder_version=&#8221;4.27.4&#8243; _module_preset=&#8221;default&#8221; global_colors_info=&#8221;{}&#8221;][et_pb_divider _builder_version=&#8221;4.27.4&#8243; _module_preset=&#8221;default&#8221; global_colors_info=&#8221;{}&#8221;][\/et_pb_divider][et_pb_text admin_label=&#8221;otsikko &#8211; Espoon rotaryklubien vesiensuojeluty\u00f6t&#8221; _builder_version=&#8221;4.27.4&#8243; _module_preset=&#8221;default&#8221; global_colors_info=&#8221;{}&#8221;]<\/p>\n<h3>Espoklubbarnas vattenv\u00e5rdsarbete<\/h3>\n<p>[\/et_pb_text][\/et_pb_column][\/et_pb_row][et_pb_row column_structure=&#8221;1_2,1_2&#8243; _builder_version=&#8221;4.27.4&#8243; _module_preset=&#8221;default&#8221; global_colors_info=&#8221;{}&#8221;][et_pb_column type=&#8221;1_2&#8243; _builder_version=&#8221;4.27.4&#8243; _module_preset=&#8221;default&#8221; global_colors_info=&#8221;{}&#8221;][et_pb_image src=&#8221;https:\/\/rotary.fi\/d1420\/wp-content\/uploads\/sites\/183\/2024\/02\/kalatie.png&#8221; title_text=&#8221;kalatie&#8221; admin_label=&#8221;Kuva &#8211; Gumb\u00f6le&#8221; _builder_version=&#8221;4.27.4&#8243; _module_preset=&#8221;default&#8221; global_colors_info=&#8221;{}&#8221;][\/et_pb_image][\/et_pb_column][et_pb_column type=&#8221;1_2&#8243; _builder_version=&#8221;4.27.4&#8243; _module_preset=&#8221;default&#8221; global_colors_info=&#8221;{}&#8221;][et_pb_text admin_label=&#8221;Teksti &#8211; Gumb\u00f6le&#8221; _builder_version=&#8221;4.27.4&#8243; _module_preset=&#8221;default&#8221; global_colors_info=&#8221;{}&#8221;]<\/p>\n<h4>Gumb\u00f6le fiskv\u00e4g<\/h4>\n<p>Espoo Rotaryklubb deltog i projektet att bygga en fisktrappa i Gumb\u00f6le\u00e5n i Esbo under \u00e5ren 2013\u20132020. Samarbetet mellan klubben, Esbo stad och NTM-centralen i Nyland inleddes 2013 n\u00e4r planeringen av fisktrappan startade. I \u00e5n finns en cirka fyra meter h\u00f6g kvarndamm fr\u00e5n 1700-talet, skyddad av Museiverket, som hindrar vandringsfisk fr\u00e5n att n\u00e5 de \u00f6vre delarna av vattendraget.<\/p>\n<p>Klubbens representanter hade en viktig roll: genom ett initiativ fr\u00e5n 2015 kunde fisktrappan byggas p\u00e5 \u00f6stra sidan av \u00e5n till en l\u00f6sning som var hundratusentals euro billigare. Den slutliga kostnaden var cirka 250 000 euro. Byggprojektet kr\u00e4vde omfattande planering och flera myndighetstillst\u00e5nd, bland annat: bygglov, \u00e5tg\u00e4rdstillst\u00e5nd,\u00a0 landskapsarbetstillst\u00e5nd, tillst\u00e5nd f\u00f6r vattenbyggnad, tillst\u00e5nd fr\u00e5n Museiverket. Tillst\u00e5nden erh\u00f6lls i b\u00f6rjan av 2020, och byggarbetet kunde inledas sommaren 2020.<\/p>\n<p>Invigningen av fisktrappan h\u00f6lls 21 oktober 2020. Rotaryklubben har \u00e5tagit sig att forts\u00e4tta som fadder f\u00f6r fisktrappan, vilket inneb\u00e4r att man n\u00e5gra g\u00e5nger per \u00e5r g\u00f6r inspektionsbes\u00f6k \u2013 med st\u00f6vlar, handskar och sops\u00e4ckar \u2013 f\u00f6r att avl\u00e4gsna skr\u00e4p som hindrar vattenfl\u00f6det och ta bort invasiva v\u00e4xtarter i omr\u00e5det.<\/p>\n<p>[\/et_pb_text][\/et_pb_column][\/et_pb_row][et_pb_row column_structure=&#8221;1_2,1_2&#8243; _builder_version=&#8221;4.27.4&#8243; _module_preset=&#8221;default&#8221; global_colors_info=&#8221;{}&#8221;][et_pb_column type=&#8221;1_2&#8243; _builder_version=&#8221;4.27.4&#8243; _module_preset=&#8221;default&#8221; global_colors_info=&#8221;{}&#8221;][et_pb_text admin_label=&#8221;Teksti &#8211; Silkkiniitty&#8221; _builder_version=&#8221;4.27.4&#8243; _module_preset=&#8221;default&#8221; global_colors_info=&#8221;{}&#8221;]<\/p>\n<h4>Parkstigsapplikationen i Silkes\u00e4ngen i Hagalund<\/h4>\n<p>Tapiola Rotaryklubb har tillsammans med Tapiolan Kilta utvecklat en digital parkstigsapplikation f\u00f6r Silkes\u00e4ngen.<br \/>Applikationen fokuserar p\u00e5: Silkes\u00e4ngens historia, tr\u00e4d och buskar i omr\u00e5det. Silkes\u00e4ngen \u00e4r ett sju hektar stort omr\u00e5de som ursprungligen var \u00e5ker\u00e4ng till Hagalunds herrg\u00e5rd. I dag \u00e4r det centralparken i Tapiola tr\u00e4dg\u00e5rdsstad i Esbo och ett av de mest ursprungliga parkstadsomr\u00e5dena. \u00c4ngen kallas ibland Tapiolas hj\u00e4rta eller lungor.<\/p>\n<p>Parkstigsapplikationen inneh\u00e5ller 20 stationer med bilder och information och ger m\u00f6jlighet att uppleva omr\u00e5det under olika \u00e5rstider och med olika sinnen. M\u00e5let \u00e4r att bevara Tapiolas viktigaste kulturlandskap, \u00f6ka kunskapen om n\u00e4rmilj\u00f6n.<\/p>\n<p>I sm\u00e5barnspedagogik, skolor och familjer kan parkstigen anv\u00e4ndas exempelvis f\u00f6r:motion, m\u00e5lning, fr\u00e5gesporter,\u00a0 att hitta p\u00e5 sagor om platserna. Applikationen har f\u00e5tt ett mycket positivt mottagande i de daghem och skolor d\u00e4r den presenterats.<\/p>\n<p>&nbsp;<\/p>\n<p>&nbsp;<\/p>\n<p>[\/et_pb_text][\/et_pb_column][et_pb_column type=&#8221;1_2&#8243; _builder_version=&#8221;4.27.4&#8243; _module_preset=&#8221;default&#8221; global_colors_info=&#8221;{}&#8221;][et_pb_image src=&#8221;https:\/\/rotary.fi\/d1420\/wp-content\/uploads\/sites\/183\/2026\/03\/2048px-silkkiniitty-lansiosa-tapiola-170723.jpg&#8221; title_text=&#8221;2048px-Silkkiniitty_l\u00e4nsiosa_Tapiola_170723&#8243; admin_label=&#8221;Kuva &#8211; Silkkiniitty&#8221; _builder_version=&#8221;4.27.4&#8243; _module_preset=&#8221;default&#8221; global_colors_info=&#8221;{}&#8221;][\/et_pb_image][\/et_pb_column][\/et_pb_row][et_pb_row _builder_version=&#8221;4.27.4&#8243; _module_preset=&#8221;default&#8221; global_colors_info=&#8221;{}&#8221;][et_pb_column type=&#8221;4_4&#8243; _builder_version=&#8221;4.27.4&#8243; _module_preset=&#8221;default&#8221; global_colors_info=&#8221;{}&#8221;][et_pb_divider _builder_version=&#8221;4.27.4&#8243; _module_preset=&#8221;default&#8221; global_colors_info=&#8221;{}&#8221;][\/et_pb_divider][et_pb_text admin_label=&#8221;otsikko &#8211; Viron rotaryklubien vesiensuojeluty\u00f6t&#8221; _builder_version=&#8221;4.27.4&#8243; _module_preset=&#8221;default&#8221; global_colors_info=&#8221;{}&#8221;]<\/p>\n<h3>Estniska klubbars milj\u00f6insatser<\/h3>\n<p>[\/et_pb_text][\/et_pb_column][\/et_pb_row][et_pb_row _builder_version=&#8221;4.27.4&#8243; _module_preset=&#8221;default&#8221; hover_enabled=&#8221;0&#8243; global_colors_info=&#8221;{}&#8221; column_structure=&#8221;1_2,1_2&#8243; sticky_enabled=&#8221;0&#8243;][et_pb_column type=&#8221;1_2&#8243; _builder_version=&#8221;4.27.4&#8243; _module_preset=&#8221;default&#8221; global_colors_info=&#8221;{}&#8221;][et_pb_image _builder_version=&#8221;4.27.4&#8243; _module_preset=&#8221;default&#8221; title_text=&#8221;Rotary_Environment_360_Presentation&#8221; src=&#8221;https:\/\/rotary.fi\/d1420\/wp-content\/uploads\/sites\/183\/2026\/04\/rotary-environment-360-presentation-updated.jpg&#8221; hover_enabled=&#8221;0&#8243; sticky_enabled=&#8221;0&#8243;][\/et_pb_image][\/et_pb_column][et_pb_column type=&#8221;1_2&#8243; _builder_version=&#8221;4.27.4&#8243; _module_preset=&#8221;default&#8221; global_colors_info=&#8221;{}&#8221;][et_pb_text admin_label=&#8221;Teksti&#8221; _builder_version=&#8221;4.27.4&#8243; _module_preset=&#8221;default&#8221; global_colors_info=&#8221;{}&#8221;]<\/p>\n<h4>Milj\u00f6 och vi \u2013 Rotary 360o<\/h4>\n<p>Sedan 2021 har <strong>Rapla Rotaryklubb<\/strong> genomf\u00f6rt programmet &#8221;Milj\u00f6 och vi \u2013 Rotary 360o&#8221;. Syftet \u00e4r att st\u00e4rka lokala ungdomar genom dialog. Rotarianerna har skapat en neutral plattform d\u00e4r milj\u00f6ns tillst\u00e5nd och klimatf\u00f6r\u00e4ndringarna kan diskuteras. Ett separat fokus har valts f\u00f6r varje \u00e5r, s\u00e5som Milj\u00f6 360\u00b0, Konfrontation med milj\u00f6n, Perspektiv fr\u00e5n olika riktningar, M\u00f6rkgr\u00f6nt vs ljusgr\u00f6nt, Milj\u00f6n som en formare av v\u00e5ra liv.<\/p>\n<p>&nbsp;<\/p>\n<p>&nbsp;<\/p>\n<p>[\/et_pb_text][\/et_pb_column][\/et_pb_row][\/et_pb_section]<\/p>\n","protected":false},"excerpt":{"rendered":"<p>Rotarianer g\u00f6r milj\u00f6insatserRestaurering av Vanda\u00e5ns vattensystemLekgrusbottnar och yngelstenar Lekgrusbottnar och yngelstenar har byggts och\/eller underh\u00e5llits i Tusby, Hyvinge, Nurmij\u00e4rvi, Riihim\u00e4ki och Hausj\u00e4rvi. &nbsp; Vattenfickor (Vesitaskut) Inom projektet genomf\u00f6rdes en utredning av avrinningsomr\u00e5det, d\u00e4r man kartlade m\u00f6jligheter att f\u00f6rdr\u00f6ja avrinningen fr\u00e5n myr-, skogs- och jordbruksomr\u00e5den i avrinningsomr\u00e5det. Detta kan g\u00f6ras till exempel genom:\u00a0 bottenf\u00f6rd\u00e4mningar, bevattningsdammar och [&hellip;]<\/p>\n","protected":false},"author":26,"featured_media":0,"parent":13339,"menu_order":5,"comment_status":"closed","ping_status":"closed","template":"","meta":{"_acf_changed":false,"_et_pb_use_builder":"on","_et_pb_old_content":"","_et_gb_content_width":"","footnotes":""},"class_list":["post-13449","page","type-page","status-publish","hentry"],"acf":[],"yoast_head":"<!-- This site is optimized with the Yoast SEO plugin v27.4 - https:\/\/yoast.com\/product\/yoast-seo-wordpress\/ -->\n<title>Rotarianer g\u00f6r milj\u00f6insatser - Piiri 1420<\/title>\n<meta name=\"robots\" content=\"index, follow, max-snippet:-1, max-image-preview:large, max-video-preview:-1\" \/>\n<link rel=\"canonical\" href=\"https:\/\/rotary.fi\/d1420\/sv\/det-har-gor-vi\/miljo-och-ostersjon\/rotarianer-gor-miljoinsatser\/\" \/>\n<meta property=\"og:locale\" content=\"fi_FI\" \/>\n<meta property=\"og:type\" content=\"article\" \/>\n<meta property=\"og:title\" content=\"Rotarianer g\u00f6r milj\u00f6insatser - Piiri 1420\" \/>\n<meta property=\"og:description\" content=\"Rotarianer g\u00f6r milj\u00f6insatserRestaurering av Vanda\u00e5ns vattensystemLekgrusbottnar och yngelstenar Lekgrusbottnar och yngelstenar har byggts och\/eller underh\u00e5llits i Tusby, Hyvinge, Nurmij\u00e4rvi, Riihim\u00e4ki och Hausj\u00e4rvi. &nbsp; Vattenfickor (Vesitaskut) Inom projektet genomf\u00f6rdes en utredning av avrinningsomr\u00e5det, d\u00e4r man kartlade m\u00f6jligheter att f\u00f6rdr\u00f6ja avrinningen fr\u00e5n myr-, skogs- och jordbruksomr\u00e5den i avrinningsomr\u00e5det. Detta kan g\u00f6ras till exempel genom:\u00a0 bottenf\u00f6rd\u00e4mningar, bevattningsdammar och [&hellip;]\" \/>\n<meta property=\"og:url\" content=\"https:\/\/rotary.fi\/d1420\/sv\/det-har-gor-vi\/miljo-och-ostersjon\/rotarianer-gor-miljoinsatser\/\" \/>\n<meta property=\"og:site_name\" content=\"Piiri 1420\" \/>\n<meta property=\"article:publisher\" content=\"https:\/\/www.facebook.com\/rotary\/\" \/>\n<meta property=\"article:modified_time\" content=\"2026-04-10T08:37:18+00:00\" \/>\n<meta name=\"twitter:card\" content=\"summary_large_image\" \/>\n<meta name=\"twitter:label1\" content=\"Arvioitu lukuaika\" \/>\n\t<meta name=\"twitter:data1\" content=\"6 minuuttia\" \/>\n<script type=\"application\/ld+json\" class=\"yoast-schema-graph\">{\"@context\":\"https:\\\/\\\/schema.org\",\"@graph\":[{\"@type\":\"WebPage\",\"@id\":\"https:\\\/\\\/rotary.fi\\\/d1420\\\/sv\\\/det-har-gor-vi\\\/miljo-och-ostersjon\\\/rotarianer-gor-miljoinsatser\\\/\",\"url\":\"https:\\\/\\\/rotary.fi\\\/d1420\\\/sv\\\/det-har-gor-vi\\\/miljo-och-ostersjon\\\/rotarianer-gor-miljoinsatser\\\/\",\"name\":\"Rotarianer g\u00f6r milj\u00f6insatser - Piiri 1420\",\"isPartOf\":{\"@id\":\"https:\\\/\\\/rotary.fi\\\/d1420\\\/#website\"},\"datePublished\":\"2026-03-29T10:03:22+00:00\",\"dateModified\":\"2026-04-10T08:37:18+00:00\",\"breadcrumb\":{\"@id\":\"https:\\\/\\\/rotary.fi\\\/d1420\\\/sv\\\/det-har-gor-vi\\\/miljo-och-ostersjon\\\/rotarianer-gor-miljoinsatser\\\/#breadcrumb\"},\"inLanguage\":\"fi\",\"potentialAction\":[{\"@type\":\"ReadAction\",\"target\":[\"https:\\\/\\\/rotary.fi\\\/d1420\\\/sv\\\/det-har-gor-vi\\\/miljo-och-ostersjon\\\/rotarianer-gor-miljoinsatser\\\/\"]}]},{\"@type\":\"BreadcrumbList\",\"@id\":\"https:\\\/\\\/rotary.fi\\\/d1420\\\/sv\\\/det-har-gor-vi\\\/miljo-och-ostersjon\\\/rotarianer-gor-miljoinsatser\\\/#breadcrumb\",\"itemListElement\":[{\"@type\":\"ListItem\",\"position\":1,\"name\":\"Home\",\"item\":\"https:\\\/\\\/rotary.fi\\\/d1420\\\/\"},{\"@type\":\"ListItem\",\"position\":2,\"name\":\"Det h\u00e4r g\u00f6r vi\",\"item\":\"https:\\\/\\\/rotary.fi\\\/d1420\\\/sv\\\/det-har-gor-vi\\\/\"},{\"@type\":\"ListItem\",\"position\":3,\"name\":\"Milj\u00f6 och \u00d6stersj\u00f6n\",\"item\":\"https:\\\/\\\/rotary.fi\\\/d1420\\\/sv\\\/det-har-gor-vi\\\/miljo-och-ostersjon\\\/\"},{\"@type\":\"ListItem\",\"position\":4,\"name\":\"Rotarianer g\u00f6r milj\u00f6insatser\"}]},{\"@type\":\"WebSite\",\"@id\":\"https:\\\/\\\/rotary.fi\\\/d1420\\\/#website\",\"url\":\"https:\\\/\\\/rotary.fi\\\/d1420\\\/\",\"name\":\"Piiri 1420\",\"description\":\"Suomen Rotary\",\"potentialAction\":[{\"@type\":\"SearchAction\",\"target\":{\"@type\":\"EntryPoint\",\"urlTemplate\":\"https:\\\/\\\/rotary.fi\\\/d1420\\\/?s={search_term_string}\"},\"query-input\":{\"@type\":\"PropertyValueSpecification\",\"valueRequired\":true,\"valueName\":\"search_term_string\"}}],\"inLanguage\":\"fi\"}]}<\/script>\n<!-- \/ Yoast SEO plugin. -->","yoast_head_json":{"title":"Rotarianer g\u00f6r milj\u00f6insatser - Piiri 1420","robots":{"index":"index","follow":"follow","max-snippet":"max-snippet:-1","max-image-preview":"max-image-preview:large","max-video-preview":"max-video-preview:-1"},"canonical":"https:\/\/rotary.fi\/d1420\/sv\/det-har-gor-vi\/miljo-och-ostersjon\/rotarianer-gor-miljoinsatser\/","og_locale":"fi_FI","og_type":"article","og_title":"Rotarianer g\u00f6r milj\u00f6insatser - Piiri 1420","og_description":"Rotarianer g\u00f6r milj\u00f6insatserRestaurering av Vanda\u00e5ns vattensystemLekgrusbottnar och yngelstenar Lekgrusbottnar och yngelstenar har byggts och\/eller underh\u00e5llits i Tusby, Hyvinge, Nurmij\u00e4rvi, Riihim\u00e4ki och Hausj\u00e4rvi. &nbsp; Vattenfickor (Vesitaskut) Inom projektet genomf\u00f6rdes en utredning av avrinningsomr\u00e5det, d\u00e4r man kartlade m\u00f6jligheter att f\u00f6rdr\u00f6ja avrinningen fr\u00e5n myr-, skogs- och jordbruksomr\u00e5den i avrinningsomr\u00e5det. Detta kan g\u00f6ras till exempel genom:\u00a0 bottenf\u00f6rd\u00e4mningar, bevattningsdammar och [&hellip;]","og_url":"https:\/\/rotary.fi\/d1420\/sv\/det-har-gor-vi\/miljo-och-ostersjon\/rotarianer-gor-miljoinsatser\/","og_site_name":"Piiri 1420","article_publisher":"https:\/\/www.facebook.com\/rotary\/","article_modified_time":"2026-04-10T08:37:18+00:00","twitter_card":"summary_large_image","twitter_misc":{"Arvioitu lukuaika":"6 minuuttia"},"schema":{"@context":"https:\/\/schema.org","@graph":[{"@type":"WebPage","@id":"https:\/\/rotary.fi\/d1420\/sv\/det-har-gor-vi\/miljo-och-ostersjon\/rotarianer-gor-miljoinsatser\/","url":"https:\/\/rotary.fi\/d1420\/sv\/det-har-gor-vi\/miljo-och-ostersjon\/rotarianer-gor-miljoinsatser\/","name":"Rotarianer g\u00f6r milj\u00f6insatser - Piiri 1420","isPartOf":{"@id":"https:\/\/rotary.fi\/d1420\/#website"},"datePublished":"2026-03-29T10:03:22+00:00","dateModified":"2026-04-10T08:37:18+00:00","breadcrumb":{"@id":"https:\/\/rotary.fi\/d1420\/sv\/det-har-gor-vi\/miljo-och-ostersjon\/rotarianer-gor-miljoinsatser\/#breadcrumb"},"inLanguage":"fi","potentialAction":[{"@type":"ReadAction","target":["https:\/\/rotary.fi\/d1420\/sv\/det-har-gor-vi\/miljo-och-ostersjon\/rotarianer-gor-miljoinsatser\/"]}]},{"@type":"BreadcrumbList","@id":"https:\/\/rotary.fi\/d1420\/sv\/det-har-gor-vi\/miljo-och-ostersjon\/rotarianer-gor-miljoinsatser\/#breadcrumb","itemListElement":[{"@type":"ListItem","position":1,"name":"Home","item":"https:\/\/rotary.fi\/d1420\/"},{"@type":"ListItem","position":2,"name":"Det h\u00e4r g\u00f6r vi","item":"https:\/\/rotary.fi\/d1420\/sv\/det-har-gor-vi\/"},{"@type":"ListItem","position":3,"name":"Milj\u00f6 och \u00d6stersj\u00f6n","item":"https:\/\/rotary.fi\/d1420\/sv\/det-har-gor-vi\/miljo-och-ostersjon\/"},{"@type":"ListItem","position":4,"name":"Rotarianer g\u00f6r milj\u00f6insatser"}]},{"@type":"WebSite","@id":"https:\/\/rotary.fi\/d1420\/#website","url":"https:\/\/rotary.fi\/d1420\/","name":"Piiri 1420","description":"Suomen Rotary","potentialAction":[{"@type":"SearchAction","target":{"@type":"EntryPoint","urlTemplate":"https:\/\/rotary.fi\/d1420\/?s={search_term_string}"},"query-input":{"@type":"PropertyValueSpecification","valueRequired":true,"valueName":"search_term_string"}}],"inLanguage":"fi"}]}},"lang":"sv","translations":{"sv":13449,"fi":12676,"en":13460,"et":13469},"pll_sync_post":[],"_links":{"self":[{"href":"https:\/\/rotary.fi\/d1420\/wp-json\/wp\/v2\/pages\/13449","targetHints":{"allow":["GET"]}}],"collection":[{"href":"https:\/\/rotary.fi\/d1420\/wp-json\/wp\/v2\/pages"}],"about":[{"href":"https:\/\/rotary.fi\/d1420\/wp-json\/wp\/v2\/types\/page"}],"author":[{"embeddable":true,"href":"https:\/\/rotary.fi\/d1420\/wp-json\/wp\/v2\/users\/26"}],"replies":[{"embeddable":true,"href":"https:\/\/rotary.fi\/d1420\/wp-json\/wp\/v2\/comments?post=13449"}],"version-history":[{"count":7,"href":"https:\/\/rotary.fi\/d1420\/wp-json\/wp\/v2\/pages\/13449\/revisions"}],"predecessor-version":[{"id":13741,"href":"https:\/\/rotary.fi\/d1420\/wp-json\/wp\/v2\/pages\/13449\/revisions\/13741"}],"up":[{"embeddable":true,"href":"https:\/\/rotary.fi\/d1420\/wp-json\/wp\/v2\/pages\/13339"}],"wp:attachment":[{"href":"https:\/\/rotary.fi\/d1420\/wp-json\/wp\/v2\/media?parent=13449"}],"curies":[{"name":"wp","href":"https:\/\/api.w.org\/{rel}","templated":true}]}}