{"id":13438,"date":"2026-03-29T11:38:31","date_gmt":"2026-03-29T09:38:31","guid":{"rendered":"https:\/\/rotary.fi\/d1420\/?page_id=13438"},"modified":"2026-03-29T11:50:46","modified_gmt":"2026-03-29T09:50:46","slug":"rotariaanid-jalgivad-keskkonna-seisundit","status":"publish","type":"page","link":"https:\/\/rotary.fi\/d1420\/et\/mida-me-teeme\/keskkond-ja-laanemeri\/rotariaanid-jalgivad-keskkonna-seisundit\/","title":{"rendered":"Rotariaanid j\u00e4lgivad keskkonna seisundit"},"content":{"rendered":"<p>[et_pb_section fb_built=&#8221;1&#8243; admin_label=&#8221;Osio &#8211; yl\u00e4kuva&#8221; module_class=&#8221;jumbotron-page&#8221; _builder_version=&#8221;4.27.4&#8243; background_image=&#8221;https:\/\/rotary.fi\/d1420\/wp-content\/uploads\/sites\/183\/2026\/03\/maisema-2.jpg&#8221; background_position=&#8221;top_center&#8221; global_colors_info=&#8221;{}&#8221;][et_pb_row module_class=&#8221; et_pb_row_fullwidth et_pb_row_fullwidth&#8221; _builder_version=&#8221;4.16&#8243; width=&#8221;89%&#8221; width_tablet=&#8221;80%&#8221; width_phone=&#8221;&#8221; width_last_edited=&#8221;on|desktop&#8221; max_width=&#8221;89%&#8221; max_width_tablet=&#8221;80%&#8221; max_width_phone=&#8221;&#8221; max_width_last_edited=&#8221;on|desktop&#8221; make_fullwidth=&#8221;on&#8221; global_colors_info=&#8221;{}&#8221;][et_pb_column type=&#8221;4_4&#8243; _builder_version=&#8221;4.16&#8243; custom_padding=&#8221;|||&#8221; global_colors_info=&#8221;{}&#8221; custom_padding__hover=&#8221;|||&#8221;][et_pb_text admin_label=&#8221;Ymp\u00e4rist\u00f6 ja It\u00e4meri -p\u00e4\u00e4otsikko&#8221; _builder_version=&#8221;4.27.4&#8243; text_orientation=&#8221;center&#8221; background_layout=&#8221;dark&#8221; global_colors_info=&#8221;{}&#8221;]<\/p>\n<h1>Rotariaanid j\u00e4lgivad keskkonna seisundit<\/h1>\n<p>[\/et_pb_text][\/et_pb_column][\/et_pb_row][\/et_pb_section][et_pb_section fb_built=&#8221;1&#8243; admin_label=&#8221;Osio rotarit seuraavat ymp\u00e4rist\u00f6n tilaa&#8221; module_class=&#8221;sisaltoalue_perus&#8221; _builder_version=&#8221;4.22.1&#8243; custom_margin=&#8221;||0px||false|false&#8221; border_color_all=&#8221;#FFFFFF&#8221; border_style_all=&#8221;none&#8221; border_width_bottom=&#8221;1px&#8221; border_color_bottom=&#8221;#019FCB&#8221; global_colors_info=&#8221;{}&#8221;][et_pb_row custom_padding_last_edited=&#8221;on|phone&#8221; _builder_version=&#8221;4.27.4&#8243; max_height=&#8221;100px&#8221; custom_padding_tablet=&#8221;&#8221; custom_padding_phone=&#8221;&#8221; global_colors_info=&#8221;{}&#8221;][et_pb_column type=&#8221;4_4&#8243; _builder_version=&#8221;4.16&#8243; custom_padding=&#8221;|||&#8221; global_colors_info=&#8221;{}&#8221; custom_padding__hover=&#8221;|||&#8221;][et_pb_text admin_label=&#8221;roskaseuranta-otsikko&#8221; _builder_version=&#8221;4.27.4&#8243; text_orientation=&#8221;center&#8221; global_colors_info=&#8221;{}&#8221;]<\/p>\n<h3 style=\"text-align: left\">Rannapr\u00fcgi seire<\/h3>\n<p>[\/et_pb_text][\/et_pb_column][\/et_pb_row][et_pb_row column_structure=&#8221;2_3,1_3&#8243; custom_padding_last_edited=&#8221;on|phone&#8221; _builder_version=&#8221;4.27.4&#8243; max_height=&#8221;100px&#8221; custom_padding_tablet=&#8221;&#8221; custom_padding_phone=&#8221;&#8221; global_colors_info=&#8221;{}&#8221;][et_pb_column type=&#8221;2_3&#8243; _builder_version=&#8221;4.16&#8243; custom_padding=&#8221;|||&#8221; global_colors_info=&#8221;{}&#8221; custom_padding__hover=&#8221;|||&#8221;][et_pb_text admin_label=&#8221;Teksti&#8221; _builder_version=&#8221;4.27.4&#8243; _module_preset=&#8221;default&#8221; global_colors_info=&#8221;{}&#8221;]<\/p>\n<p><strong>Rotary klubid osalevad Soome Keskkonnakeskuse (SYKE) uuringus \u201eRannapr\u00fcgi seire ja aruandlus\u201c.<\/strong><\/p>\n<p>Seire on osa Euroopa-\u00fclesest uuringust, mille eesm\u00e4rk on selgitada, kui palju ja millist pr\u00fcgi j\u00f5uab merest randadesse. Saadud andmeid kasutatakse mere keskkonnaseisundi hindamisel ning meetmete t\u00f5hususe j\u00e4lgimisel, mille eesm\u00e4rk on v\u00e4hendada merereostust Soomes ja rahvusvaheliselt.<\/p>\n<p>Pr\u00fcgi kogutakse kolm korda aastas valitud rannal\u00f5ikudelt suurusega 100 m \u00d7 10 m. Pr\u00fcgi sorteeritakse, klassifitseeritakse ja tulemused edastatakse SYKE-le.<\/p>\n<p>Meie ringkonnas kogutakse pr\u00fcgi praegu Kruunuvuorenrannas, kus osalevad:Helsinki City West Rotary klubi, Herttoniemi Rotary klubi, Finlandia Hall Rotary klubi, ja Rotaract Club. Seiret tehakse ka Tv\u00e4rminne rannas, kus osalevad Hanko, Karis-Karjaa ja Tammisaari Rotary klubid.<br \/>.<\/p>\n<p><a href=\"https:\/\/www.ymparisto.fi\/fi\/luonto-vesistot-ja-meri\/meri\/meriympariston-seuranta\/roskaantumisen-ja-vedenalaisen-melun-seuranta\">https:\/\/www.ymparisto.fi\/fi\/luonto-vesistot-ja-meri\/meri\/meriympariston-seuranta\/roskaantumisen-ja-vedenalaisen-melun-seuranta<\/a><\/p>\n<p>Lisainfo: : <strong>Outi Ritvala,<\/strong> Rotaryklubi Helsinki City West<\/p>\n<p>&nbsp;<\/p>\n<p>[\/et_pb_text][et_pb_image src=&#8221;https:\/\/rotary.fi\/d1420\/wp-content\/uploads\/sites\/183\/2026\/03\/rantaroskaseuranta-tvarminne.png&#8221; title_text=&#8221;Rantaroskaseuranta Tv\u00e4rminne&#8221; _builder_version=&#8221;4.27.4&#8243; _module_preset=&#8221;default&#8221; global_colors_info=&#8221;{}&#8221;][\/et_pb_image][\/et_pb_column][et_pb_column type=&#8221;1_3&#8243; _builder_version=&#8221;4.16&#8243; custom_padding=&#8221;|||&#8221; global_colors_info=&#8221;{}&#8221; custom_padding__hover=&#8221;|||&#8221;][et_pb_text admin_label=&#8221;Teksti &#8211; rosgis&#8221; _builder_version=&#8221;4.27.4&#8243; _module_preset=&#8221;default&#8221; custom_margin=&#8221;10px|10px|10px|10px|false|false&#8221; custom_padding=&#8221;10px|10px|10px|10px|false|false&#8221; box_shadow_style=&#8221;preset2&#8243; global_colors_info=&#8221;{}&#8221;]<\/p>\n<p><strong>Rosgis rakendus<\/strong><br \/>Rosgis on Soome Keskkonnakeskuse teenus, mille abil saab iga\u00fcks teatada keskkonnas leiduvast pr\u00fcgist. Need t\u00e4helepanekud aitavad teadlastel tuvastada j\u00e4\u00e4tmete p\u00e4ritolu ja leida viise, kuidas v\u00e4ltida pr\u00fcgi j\u00f5udmist loodusesse.<\/p>\n<p>.<\/p>\n<p>[\/et_pb_text][et_pb_image src=&#8221;https:\/\/rotary.fi\/d1420\/wp-content\/uploads\/sites\/183\/2026\/03\/rosgis-syke.png&#8221; title_text=&#8221;Rosgis &#8211; SYKE&#8221; admin_label=&#8221;Kuva &#8211; rosgis&#8221; _builder_version=&#8221;4.27.4&#8243; _module_preset=&#8221;default&#8221; global_colors_info=&#8221;{}&#8221;][\/et_pb_image][\/et_pb_column][\/et_pb_row][et_pb_row custom_padding_last_edited=&#8221;on|phone&#8221; _builder_version=&#8221;4.27.4&#8243; max_height=&#8221;100px&#8221; custom_padding_tablet=&#8221;&#8221; custom_padding_phone=&#8221;&#8221; global_colors_info=&#8221;{}&#8221;][et_pb_column type=&#8221;4_4&#8243; _builder_version=&#8221;4.16&#8243; custom_padding=&#8221;|||&#8221; global_colors_info=&#8221;{}&#8221; custom_padding__hover=&#8221;|||&#8221;][et_pb_text admin_label=&#8221;Teksti &#8211; tyhj\u00e4 rivi&#8221; _builder_version=&#8221;4.27.4&#8243; _module_preset=&#8221;default&#8221; global_colors_info=&#8221;{}&#8221;]<\/p>\n<p>&nbsp;<\/p>\n<p>&nbsp;<\/p>\n<p>[\/et_pb_text][et_pb_divider _builder_version=&#8221;4.27.4&#8243; _module_preset=&#8221;default&#8221; global_colors_info=&#8221;{}&#8221;][\/et_pb_divider][et_pb_text admin_label=&#8221;Silakkasoutu-otsikko&#8221; _builder_version=&#8221;4.27.4&#8243; text_orientation=&#8221;center&#8221; global_colors_info=&#8221;{}&#8221;]<\/p>\n<h3 style=\"text-align: left\">Silgus\u00f5udmine<\/h3>\n<p>[\/et_pb_text][\/et_pb_column][\/et_pb_row][et_pb_row column_structure=&#8221;1_2,1_2&#8243; _builder_version=&#8221;4.27.4&#8243; _module_preset=&#8221;default&#8221; global_colors_info=&#8221;{}&#8221;][et_pb_column type=&#8221;1_2&#8243; _builder_version=&#8221;4.27.4&#8243; _module_preset=&#8221;default&#8221; global_colors_info=&#8221;{}&#8221;][et_pb_image src=&#8221;https:\/\/rotary.fi\/d1420\/wp-content\/uploads\/sites\/183\/2025\/10\/9ec2bb4b-c897-4817-967f-9219d95f265e.jpg&#8221; alt=&#8221;kirkkoveneit\u00e4 laiturissa&#8221; title_text=&#8221;9ec2bb4b-c897-4817-967f-9219d95f265e&#8221; _builder_version=&#8221;4.27.4&#8243; _module_preset=&#8221;default&#8221; global_colors_info=&#8221;{}&#8221;][\/et_pb_image][\/et_pb_column][et_pb_column type=&#8221;1_2&#8243; _builder_version=&#8221;4.27.4&#8243; _module_preset=&#8221;default&#8221; global_colors_info=&#8221;{}&#8221;][et_pb_text _builder_version=&#8221;4.27.4&#8243; _module_preset=&#8221;default&#8221; global_colors_info=&#8221;{}&#8221;]<\/p>\n<p><strong>Silgus\u00f5udmine ja silgu matk on heategevuslik ja rekreatiivne \u00fcritus, mille eesm\u00e4rk on suurendada teadlikkust L\u00e4\u00e4nemerest.<\/strong><\/p>\n<p>Rotary klubid ja koost\u00f6\u00f6partnerid s\u00f5uavad kirikupaate v\u00f5i matkavad, et koguda raha veekaitse projektide jaoks. Aastate jooksul on veekaitset\u00f6\u00f6ks kogutud umbes 100 000 eurot.<\/p>\n<p>Alates 2013. aastast on \u00fcritust korraldanud j\u00e4rgmised Rotary klubid: Finlandia Hall koos oma satelliitklubidega,\u00a0 Helsinki Baltic Sea, Helsinki International, Helsingin Koillinen, Herttoniemi\u2013Herton\u00e4s, Meri-Espoo, Riihim\u00e4ki\u2013Hausj\u00e4rvi, ja Vantaa\u2013Myyrm\u00e4ki. Osaleb ka Rotary ringkond 1420 L\u00f5una-Soomest ja Eestist.<\/p>\n<p><a href=\"https:\/\/www.silakkasoutu.fi\/\">https:\/\/www.silakkasoutu.fi\/<\/a><\/p>\n<p>Lisainfo: <strong>Markku Tahkokorpi<\/strong>, Meri-Espoon Rotary klubi<\/p>\n<p>[\/et_pb_text][\/et_pb_column][\/et_pb_row][et_pb_row _builder_version=&#8221;4.27.4&#8243; _module_preset=&#8221;default&#8221; global_colors_info=&#8221;{}&#8221;][et_pb_column type=&#8221;4_4&#8243; _builder_version=&#8221;4.27.4&#8243; _module_preset=&#8221;default&#8221; global_colors_info=&#8221;{}&#8221;][et_pb_divider _builder_version=&#8221;4.27.4&#8243; _module_preset=&#8221;default&#8221; global_colors_info=&#8221;{}&#8221;][\/et_pb_divider][et_pb_text admin_label=&#8221;otsikko &#8211; sinilev\u00e4seuranta&#8221; _builder_version=&#8221;4.27.4&#8243; _module_preset=&#8221;default&#8221; global_colors_info=&#8221;{}&#8221;]<\/p>\n<h3>Sinivetikate seire<\/h3>\n<p>[\/et_pb_text][\/et_pb_column][\/et_pb_row][et_pb_row column_structure=&#8221;1_3,1_3,1_3&#8243; _builder_version=&#8221;4.27.4&#8243; _module_preset=&#8221;default&#8221; global_colors_info=&#8221;{}&#8221;][et_pb_column type=&#8221;1_3&#8243; _builder_version=&#8221;4.27.4&#8243; _module_preset=&#8221;default&#8221; global_colors_info=&#8221;{}&#8221;][et_pb_text admin_label=&#8221;Teksti &#8211; sinilev\u00e4seuranta&#8221; _builder_version=&#8221;4.27.4&#8243; _module_preset=&#8221;default&#8221; hover_enabled=&#8221;0&#8243; global_colors_info=&#8221;{}&#8221; sticky_enabled=&#8221;0&#8243;]<\/p>\n<p><strong>Rotariaanid osalevad riiklikus sinivetikate seireprogrammis.<\/strong><\/p>\n<p>Andmed registreeritakse geograafiliste vaatlustena avatud J\u00e4rvi-Meri-Wiki andmebaasis. Sinivetikate olukorra kaart n\u00e4itab vaatlusi umbes 400 vaatluspunktist, millest enamik asub avalikel suplusrandadel.<\/p>\n<p>Vaatlusi tehakse kord n\u00e4dalas. Olukord v\u00f5ib kiiresti muutuda n\u00e4iteks ilmastiku t\u00f5ttu. Sinivetikad v\u00f5ivad toota toksiine, seet\u00f5ttu ei tohiks sellises vees ujuda ega lasta sinna lemmikloomi.<\/p>\n<p>Seirega tegelevaid inimesi on koolitatud veebiseminaride kaudu.<\/p>\n<p><a href=\"https:\/\/www.jarviwiki.fi\/wiki\/Valtakunnallinen_sinilev%C3%A4seuranta\">https:\/\/www.jarviwiki.fi\/wiki\/Valtakunnallinen_sinilev%C3%A4seuranta<\/a><br \/><a href=\"https:\/\/www.jarviwiki.fi\/wiki\/Rotarien_sinilev%C3%A4seuranta\">https:\/\/www.jarviwiki.fi\/wiki\/Rotarien_sinilev%C3%A4seuranta<\/a><\/p>\n<p>[\/et_pb_text][\/et_pb_column][et_pb_column type=&#8221;1_3&#8243; _builder_version=&#8221;4.27.4&#8243; _module_preset=&#8221;default&#8221; global_colors_info=&#8221;{}&#8221;][et_pb_image src=&#8221;https:\/\/rotary.fi\/d1420\/wp-content\/uploads\/sites\/183\/2026\/03\/sinilevaa-purkissa-2.jpg&#8221; title_text=&#8221;sinilev\u00e4\u00e4 purkissa 2&#8243; admin_label=&#8221;Kuva &#8211; sinilev\u00e4\u00e4&#8221; _builder_version=&#8221;4.27.4&#8243; _module_preset=&#8221;default&#8221; global_colors_info=&#8221;{}&#8221;][\/et_pb_image][\/et_pb_column][et_pb_column type=&#8221;1_3&#8243; _builder_version=&#8221;4.27.4&#8243; _module_preset=&#8221;default&#8221; global_colors_info=&#8221;{}&#8221;][et_pb_video src=&#8221;https:\/\/youtube.com\/shorts\/cou6HrBRJN8?feature=share&#8221; _builder_version=&#8221;4.27.4&#8243; _module_preset=&#8221;default&#8221; global_colors_info=&#8221;{}&#8221;][\/et_pb_video][\/et_pb_column][\/et_pb_row][et_pb_row _builder_version=&#8221;4.27.4&#8243; _module_preset=&#8221;default&#8221; global_colors_info=&#8221;{}&#8221;][et_pb_column type=&#8221;4_4&#8243; _builder_version=&#8221;4.27.4&#8243; _module_preset=&#8221;default&#8221; global_colors_info=&#8221;{}&#8221;][et_pb_text admin_label=&#8221;Teksti &#8211; sinilev\u00e4seuranta webinaarit&#8221; _builder_version=&#8221;4.27.4&#8243; _module_preset=&#8221;default&#8221; custom_margin=&#8221;10px|10px|10px|10px|false|false&#8221; custom_padding=&#8221;10px|10px|10px|10px|false|false&#8221; hover_enabled=&#8221;0&#8243; box_shadow_style=&#8221;preset2&#8243; global_colors_info=&#8221;{}&#8221; sticky_enabled=&#8221;0&#8243;]<\/p>\n<p><strong>Sinivetikate j\u00e4lgimise koolitusmaterjalid<\/strong><\/p>\n<p>Sinivetikate seiret teostavad inimesed on koolitatud j\u00e4lgima veebiseminaride abil.<\/p>\n<p>Koolitusmaterjalid leiad sellelt <a href=\"https:\/\/rotary.fi\/d1420\/et\/mida-me-teeme\/keskkond-ja-laanemeri\/sinivetikate-seire-koolitusmaterjalid\/\">lingilt.<\/a><\/p>\n<p>&nbsp;<\/p>\n<p>[\/et_pb_text][et_pb_text admin_label=&#8221;Teksti &#8211; tyhj\u00e4 rivi&#8221; _builder_version=&#8221;4.27.4&#8243; _module_preset=&#8221;default&#8221; global_colors_info=&#8221;{}&#8221;]<\/p>\n<p>&nbsp;<\/p>\n<p>&nbsp;<\/p>\n<p>[\/et_pb_text][et_pb_divider _builder_version=&#8221;4.27.4&#8243; _module_preset=&#8221;default&#8221; global_colors_info=&#8221;{}&#8221;][\/et_pb_divider][et_pb_text admin_label=&#8221;otsikko &#8211; vesireput&#8221; _builder_version=&#8221;4.27.4&#8243; _module_preset=&#8221;default&#8221; global_colors_info=&#8221;{}&#8221;]<\/p>\n<h3>Veereput (Water Backpack)<\/h3>\n<p>[\/et_pb_text][\/et_pb_column][\/et_pb_row][et_pb_row column_structure=&#8221;1_2,1_2&#8243; _builder_version=&#8221;4.27.4&#8243; _module_preset=&#8221;default&#8221; global_colors_info=&#8221;{}&#8221;][et_pb_column type=&#8221;1_2&#8243; _builder_version=&#8221;4.27.4&#8243; _module_preset=&#8221;default&#8221; global_colors_info=&#8221;{}&#8221;][et_pb_image src=&#8221;https:\/\/rotary.fi\/d1420\/wp-content\/uploads\/sites\/183\/2026\/02\/vesireppu.jpg&#8221; title_text=&#8221;Vesireppu&#8221; _builder_version=&#8221;4.27.4&#8243; _module_preset=&#8221;default&#8221; global_colors_info=&#8221;{}&#8221;][\/et_pb_image][\/et_pb_column][et_pb_column type=&#8221;1_2&#8243; _builder_version=&#8221;4.27.4&#8243; _module_preset=&#8221;default&#8221; global_colors_info=&#8221;{}&#8221;][et_pb_text admin_label=&#8221;Teksti -vesireput&#8221; _builder_version=&#8221;4.27.4&#8243; _module_preset=&#8221;default&#8221; global_colors_info=&#8221;{}&#8221;]<\/p>\n<p>Rotariaanid on koos<strong> Soome Keskkonnakeskusega (SYKE)<\/strong> arendanud veerepu s\u00fcsteemi.<\/p>\n<p>Rotariaanid annavad koolidele tasuta seljakoti koos veekogude uurimiseks vajalike vahenditega. \u00d5pilased teevad koos \u00f5petajaga m\u00f5\u00f5tmisi ja sisestavad tulemused J\u00e4rvi-Meri-Wiki andmebaasi.<\/p>\n<p>Nii saavad \u00f5pilased \u00fcheaegselt \u00f5ppida bioloogiat, keemiat ja infotehnoloogiat.\u00a0Samal ajal edendatakse avatud keskkonnaandmeid, sest iga\u00fcks saab andmebaasis j\u00e4lgida veekogude seisundit.<\/p>\n<p><a href=\"https:\/\/www.vesireppu.com\/\">https:\/\/www.vesireppu.com\/<\/a><br \/><a href=\"https:\/\/www.youtube.com\/watch?v=khTmN0YPXXo\">https:\/\/www.youtube.com\/watch?v=khTmN0YPXXo<\/a><br \/><a href=\"https:\/\/www.facebook.com\/groups\/725404062484994\">https:\/\/www.facebook.com\/groups\/725404062484994<\/a><br \/><a href=\"https:\/\/www.jarviwiki.fi\/wiki\/Etusivu\">https:\/\/www.jarviwiki.fi\/wiki\/Etusivu<\/a><br \/><a href=\"https:\/\/www.jarviwiki.fi\/wiki\/Havaintol%C3%A4hetti\">https:\/\/www.jarviwiki.fi\/wiki\/Havaintol%C3%A4hetti<\/a><\/p>\n<p>&nbsp;<\/p>\n<p>[\/et_pb_text][et_pb_text admin_label=&#8221;Teksti vesireppu webinaarit&#8221; _builder_version=&#8221;4.27.4&#8243; _module_preset=&#8221;default&#8221; custom_margin=&#8221;10px|10px|10px|10px|false|false&#8221; custom_padding=&#8221;10px|10px|10px|10px|false|false&#8221; box_shadow_style=&#8221;preset2&#8243; global_colors_info=&#8221;{}&#8221;]<\/p>\n<p><strong>Ringkonna veerepu veebiseminar<\/strong><\/p>\n<p>Selle <a href=\"https:\/\/rotary.fi\/d1420\/et\/mida-me-teeme\/keskkond-ja-laanemeri\/veerepu-kasutamise-juhised\/\">lingi<\/a> kaudu saab vaadata 4. m\u00e4rtsil 2024 toimunud veebiseminari salvestust ning saada praktilisi juhiseid veekogude seire alustamiseks ja m\u00f5\u00f5tevahendite kasutamiseks.<\/p>\n<p>[\/et_pb_text][\/et_pb_column][\/et_pb_row][\/et_pb_section]<\/p>\n","protected":false},"excerpt":{"rendered":"<p>Rotariaanid j\u00e4lgivad keskkonna seisunditRannapr\u00fcgi seireRotary klubid osalevad Soome Keskkonnakeskuse (SYKE) uuringus \u201eRannapr\u00fcgi seire ja aruandlus\u201c. Seire on osa Euroopa-\u00fclesest uuringust, mille eesm\u00e4rk on selgitada, kui palju ja millist pr\u00fcgi j\u00f5uab merest randadesse. Saadud andmeid kasutatakse mere keskkonnaseisundi hindamisel ning meetmete t\u00f5hususe j\u00e4lgimisel, mille eesm\u00e4rk on v\u00e4hendada merereostust Soomes ja rahvusvaheliselt. Pr\u00fcgi kogutakse kolm korda aastas [&hellip;]<\/p>\n","protected":false},"author":26,"featured_media":0,"parent":13361,"menu_order":5,"comment_status":"closed","ping_status":"closed","template":"","meta":{"_acf_changed":false,"_et_pb_use_builder":"on","_et_pb_old_content":"","_et_gb_content_width":"","footnotes":""},"class_list":["post-13438","page","type-page","status-publish","hentry"],"acf":[],"yoast_head":"<!-- This site is optimized with the Yoast SEO plugin v27.4 - https:\/\/yoast.com\/product\/yoast-seo-wordpress\/ -->\n<title>Rotariaanid j\u00e4lgivad keskkonna seisundit - Piiri 1420<\/title>\n<meta name=\"robots\" content=\"index, follow, max-snippet:-1, max-image-preview:large, max-video-preview:-1\" \/>\n<link rel=\"canonical\" href=\"https:\/\/rotary.fi\/d1420\/et\/mida-me-teeme\/keskkond-ja-laanemeri\/rotariaanid-jalgivad-keskkonna-seisundit\/\" \/>\n<meta property=\"og:locale\" content=\"fi_FI\" \/>\n<meta property=\"og:type\" content=\"article\" \/>\n<meta property=\"og:title\" content=\"Rotariaanid j\u00e4lgivad keskkonna seisundit - Piiri 1420\" \/>\n<meta property=\"og:description\" content=\"Rotariaanid j\u00e4lgivad keskkonna seisunditRannapr\u00fcgi seireRotary klubid osalevad Soome Keskkonnakeskuse (SYKE) uuringus \u201eRannapr\u00fcgi seire ja aruandlus\u201c. Seire on osa Euroopa-\u00fclesest uuringust, mille eesm\u00e4rk on selgitada, kui palju ja millist pr\u00fcgi j\u00f5uab merest randadesse. Saadud andmeid kasutatakse mere keskkonnaseisundi hindamisel ning meetmete t\u00f5hususe j\u00e4lgimisel, mille eesm\u00e4rk on v\u00e4hendada merereostust Soomes ja rahvusvaheliselt. Pr\u00fcgi kogutakse kolm korda aastas [&hellip;]\" \/>\n<meta property=\"og:url\" content=\"https:\/\/rotary.fi\/d1420\/et\/mida-me-teeme\/keskkond-ja-laanemeri\/rotariaanid-jalgivad-keskkonna-seisundit\/\" \/>\n<meta property=\"og:site_name\" content=\"Piiri 1420\" \/>\n<meta property=\"article:publisher\" content=\"https:\/\/www.facebook.com\/rotary\/\" \/>\n<meta property=\"article:modified_time\" content=\"2026-03-29T09:50:46+00:00\" \/>\n<meta name=\"twitter:card\" content=\"summary_large_image\" \/>\n<meta name=\"twitter:label1\" content=\"Arvioitu lukuaika\" \/>\n\t<meta name=\"twitter:data1\" content=\"4 minuuttia\" \/>\n<script type=\"application\/ld+json\" class=\"yoast-schema-graph\">{\"@context\":\"https:\\\/\\\/schema.org\",\"@graph\":[{\"@type\":\"WebPage\",\"@id\":\"https:\\\/\\\/rotary.fi\\\/d1420\\\/et\\\/mida-me-teeme\\\/keskkond-ja-laanemeri\\\/rotariaanid-jalgivad-keskkonna-seisundit\\\/\",\"url\":\"https:\\\/\\\/rotary.fi\\\/d1420\\\/et\\\/mida-me-teeme\\\/keskkond-ja-laanemeri\\\/rotariaanid-jalgivad-keskkonna-seisundit\\\/\",\"name\":\"Rotariaanid j\u00e4lgivad keskkonna seisundit - Piiri 1420\",\"isPartOf\":{\"@id\":\"https:\\\/\\\/rotary.fi\\\/d1420\\\/#website\"},\"datePublished\":\"2026-03-29T09:38:31+00:00\",\"dateModified\":\"2026-03-29T09:50:46+00:00\",\"breadcrumb\":{\"@id\":\"https:\\\/\\\/rotary.fi\\\/d1420\\\/et\\\/mida-me-teeme\\\/keskkond-ja-laanemeri\\\/rotariaanid-jalgivad-keskkonna-seisundit\\\/#breadcrumb\"},\"inLanguage\":\"fi\",\"potentialAction\":[{\"@type\":\"ReadAction\",\"target\":[\"https:\\\/\\\/rotary.fi\\\/d1420\\\/et\\\/mida-me-teeme\\\/keskkond-ja-laanemeri\\\/rotariaanid-jalgivad-keskkonna-seisundit\\\/\"]}]},{\"@type\":\"BreadcrumbList\",\"@id\":\"https:\\\/\\\/rotary.fi\\\/d1420\\\/et\\\/mida-me-teeme\\\/keskkond-ja-laanemeri\\\/rotariaanid-jalgivad-keskkonna-seisundit\\\/#breadcrumb\",\"itemListElement\":[{\"@type\":\"ListItem\",\"position\":1,\"name\":\"Home\",\"item\":\"https:\\\/\\\/rotary.fi\\\/d1420\\\/\"},{\"@type\":\"ListItem\",\"position\":2,\"name\":\"Mida me teeme\",\"item\":\"https:\\\/\\\/rotary.fi\\\/d1420\\\/et\\\/mida-me-teeme\\\/\"},{\"@type\":\"ListItem\",\"position\":3,\"name\":\"Keskkond ja L\u00e4\u00e4nemeri\",\"item\":\"https:\\\/\\\/rotary.fi\\\/d1420\\\/et\\\/mida-me-teeme\\\/keskkond-ja-laanemeri\\\/\"},{\"@type\":\"ListItem\",\"position\":4,\"name\":\"Rotariaanid j\u00e4lgivad keskkonna seisundit\"}]},{\"@type\":\"WebSite\",\"@id\":\"https:\\\/\\\/rotary.fi\\\/d1420\\\/#website\",\"url\":\"https:\\\/\\\/rotary.fi\\\/d1420\\\/\",\"name\":\"Piiri 1420\",\"description\":\"Suomen Rotary\",\"potentialAction\":[{\"@type\":\"SearchAction\",\"target\":{\"@type\":\"EntryPoint\",\"urlTemplate\":\"https:\\\/\\\/rotary.fi\\\/d1420\\\/?s={search_term_string}\"},\"query-input\":{\"@type\":\"PropertyValueSpecification\",\"valueRequired\":true,\"valueName\":\"search_term_string\"}}],\"inLanguage\":\"fi\"}]}<\/script>\n<!-- \/ Yoast SEO plugin. -->","yoast_head_json":{"title":"Rotariaanid j\u00e4lgivad keskkonna seisundit - Piiri 1420","robots":{"index":"index","follow":"follow","max-snippet":"max-snippet:-1","max-image-preview":"max-image-preview:large","max-video-preview":"max-video-preview:-1"},"canonical":"https:\/\/rotary.fi\/d1420\/et\/mida-me-teeme\/keskkond-ja-laanemeri\/rotariaanid-jalgivad-keskkonna-seisundit\/","og_locale":"fi_FI","og_type":"article","og_title":"Rotariaanid j\u00e4lgivad keskkonna seisundit - Piiri 1420","og_description":"Rotariaanid j\u00e4lgivad keskkonna seisunditRannapr\u00fcgi seireRotary klubid osalevad Soome Keskkonnakeskuse (SYKE) uuringus \u201eRannapr\u00fcgi seire ja aruandlus\u201c. Seire on osa Euroopa-\u00fclesest uuringust, mille eesm\u00e4rk on selgitada, kui palju ja millist pr\u00fcgi j\u00f5uab merest randadesse. Saadud andmeid kasutatakse mere keskkonnaseisundi hindamisel ning meetmete t\u00f5hususe j\u00e4lgimisel, mille eesm\u00e4rk on v\u00e4hendada merereostust Soomes ja rahvusvaheliselt. Pr\u00fcgi kogutakse kolm korda aastas [&hellip;]","og_url":"https:\/\/rotary.fi\/d1420\/et\/mida-me-teeme\/keskkond-ja-laanemeri\/rotariaanid-jalgivad-keskkonna-seisundit\/","og_site_name":"Piiri 1420","article_publisher":"https:\/\/www.facebook.com\/rotary\/","article_modified_time":"2026-03-29T09:50:46+00:00","twitter_card":"summary_large_image","twitter_misc":{"Arvioitu lukuaika":"4 minuuttia"},"schema":{"@context":"https:\/\/schema.org","@graph":[{"@type":"WebPage","@id":"https:\/\/rotary.fi\/d1420\/et\/mida-me-teeme\/keskkond-ja-laanemeri\/rotariaanid-jalgivad-keskkonna-seisundit\/","url":"https:\/\/rotary.fi\/d1420\/et\/mida-me-teeme\/keskkond-ja-laanemeri\/rotariaanid-jalgivad-keskkonna-seisundit\/","name":"Rotariaanid j\u00e4lgivad keskkonna seisundit - Piiri 1420","isPartOf":{"@id":"https:\/\/rotary.fi\/d1420\/#website"},"datePublished":"2026-03-29T09:38:31+00:00","dateModified":"2026-03-29T09:50:46+00:00","breadcrumb":{"@id":"https:\/\/rotary.fi\/d1420\/et\/mida-me-teeme\/keskkond-ja-laanemeri\/rotariaanid-jalgivad-keskkonna-seisundit\/#breadcrumb"},"inLanguage":"fi","potentialAction":[{"@type":"ReadAction","target":["https:\/\/rotary.fi\/d1420\/et\/mida-me-teeme\/keskkond-ja-laanemeri\/rotariaanid-jalgivad-keskkonna-seisundit\/"]}]},{"@type":"BreadcrumbList","@id":"https:\/\/rotary.fi\/d1420\/et\/mida-me-teeme\/keskkond-ja-laanemeri\/rotariaanid-jalgivad-keskkonna-seisundit\/#breadcrumb","itemListElement":[{"@type":"ListItem","position":1,"name":"Home","item":"https:\/\/rotary.fi\/d1420\/"},{"@type":"ListItem","position":2,"name":"Mida me teeme","item":"https:\/\/rotary.fi\/d1420\/et\/mida-me-teeme\/"},{"@type":"ListItem","position":3,"name":"Keskkond ja L\u00e4\u00e4nemeri","item":"https:\/\/rotary.fi\/d1420\/et\/mida-me-teeme\/keskkond-ja-laanemeri\/"},{"@type":"ListItem","position":4,"name":"Rotariaanid j\u00e4lgivad keskkonna seisundit"}]},{"@type":"WebSite","@id":"https:\/\/rotary.fi\/d1420\/#website","url":"https:\/\/rotary.fi\/d1420\/","name":"Piiri 1420","description":"Suomen Rotary","potentialAction":[{"@type":"SearchAction","target":{"@type":"EntryPoint","urlTemplate":"https:\/\/rotary.fi\/d1420\/?s={search_term_string}"},"query-input":{"@type":"PropertyValueSpecification","valueRequired":true,"valueName":"search_term_string"}}],"inLanguage":"fi"}]}},"lang":"et","translations":{"et":13438,"sv":13406,"fi":12651,"en":13426},"pll_sync_post":[],"_links":{"self":[{"href":"https:\/\/rotary.fi\/d1420\/wp-json\/wp\/v2\/pages\/13438","targetHints":{"allow":["GET"]}}],"collection":[{"href":"https:\/\/rotary.fi\/d1420\/wp-json\/wp\/v2\/pages"}],"about":[{"href":"https:\/\/rotary.fi\/d1420\/wp-json\/wp\/v2\/types\/page"}],"author":[{"embeddable":true,"href":"https:\/\/rotary.fi\/d1420\/wp-json\/wp\/v2\/users\/26"}],"replies":[{"embeddable":true,"href":"https:\/\/rotary.fi\/d1420\/wp-json\/wp\/v2\/comments?post=13438"}],"version-history":[{"count":5,"href":"https:\/\/rotary.fi\/d1420\/wp-json\/wp\/v2\/pages\/13438\/revisions"}],"predecessor-version":[{"id":13446,"href":"https:\/\/rotary.fi\/d1420\/wp-json\/wp\/v2\/pages\/13438\/revisions\/13446"}],"up":[{"embeddable":true,"href":"https:\/\/rotary.fi\/d1420\/wp-json\/wp\/v2\/pages\/13361"}],"wp:attachment":[{"href":"https:\/\/rotary.fi\/d1420\/wp-json\/wp\/v2\/media?parent=13438"}],"curies":[{"name":"wp","href":"https:\/\/api.w.org\/{rel}","templated":true}]}}