{"id":13426,"date":"2026-03-29T11:23:17","date_gmt":"2026-03-29T09:23:17","guid":{"rendered":"https:\/\/rotary.fi\/d1420\/?page_id=13426"},"modified":"2026-03-29T11:37:00","modified_gmt":"2026-03-29T09:37:00","slug":"rotarians-monitor-the-state-of-the-environment","status":"publish","type":"page","link":"https:\/\/rotary.fi\/d1420\/en\/what-we-do\/environment-and-the-baltic-sea\/rotarians-monitor-the-state-of-the-environment\/","title":{"rendered":"Rotarians Monitor the State of the Environment"},"content":{"rendered":"<p>[et_pb_section fb_built=&#8221;1&#8243; admin_label=&#8221;Osio &#8211; yl\u00e4kuva&#8221; module_class=&#8221;jumbotron-page&#8221; _builder_version=&#8221;4.27.4&#8243; background_image=&#8221;https:\/\/rotary.fi\/d1420\/wp-content\/uploads\/sites\/183\/2026\/03\/maisema-2.jpg&#8221; background_position=&#8221;top_center&#8221; global_colors_info=&#8221;{}&#8221;][et_pb_row module_class=&#8221; et_pb_row_fullwidth et_pb_row_fullwidth&#8221; _builder_version=&#8221;4.16&#8243; width=&#8221;89%&#8221; width_tablet=&#8221;80%&#8221; width_phone=&#8221;&#8221; width_last_edited=&#8221;on|desktop&#8221; max_width=&#8221;89%&#8221; max_width_tablet=&#8221;80%&#8221; max_width_phone=&#8221;&#8221; max_width_last_edited=&#8221;on|desktop&#8221; make_fullwidth=&#8221;on&#8221; global_colors_info=&#8221;{}&#8221;][et_pb_column type=&#8221;4_4&#8243; _builder_version=&#8221;4.16&#8243; custom_padding=&#8221;|||&#8221; global_colors_info=&#8221;{}&#8221; custom_padding__hover=&#8221;|||&#8221;][et_pb_text admin_label=&#8221;Ymp\u00e4rist\u00f6 ja It\u00e4meri -p\u00e4\u00e4otsikko&#8221; _builder_version=&#8221;4.27.4&#8243; text_orientation=&#8221;center&#8221; background_layout=&#8221;dark&#8221; global_colors_info=&#8221;{}&#8221;]<\/p>\n<h1>Rotarians Monitor the State of the Environment<\/h1>\n<p>[\/et_pb_text][\/et_pb_column][\/et_pb_row][\/et_pb_section][et_pb_section fb_built=&#8221;1&#8243; admin_label=&#8221;Osio rotarit seuraavat ymp\u00e4rist\u00f6n tilaa&#8221; module_class=&#8221;sisaltoalue_perus&#8221; _builder_version=&#8221;4.22.1&#8243; custom_margin=&#8221;||0px||false|false&#8221; border_color_all=&#8221;#FFFFFF&#8221; border_style_all=&#8221;none&#8221; border_width_bottom=&#8221;1px&#8221; border_color_bottom=&#8221;#019FCB&#8221; global_colors_info=&#8221;{}&#8221;][et_pb_row custom_padding_last_edited=&#8221;on|phone&#8221; _builder_version=&#8221;4.27.4&#8243; max_height=&#8221;100px&#8221; custom_padding_tablet=&#8221;&#8221; custom_padding_phone=&#8221;&#8221; global_colors_info=&#8221;{}&#8221;][et_pb_column type=&#8221;4_4&#8243; _builder_version=&#8221;4.16&#8243; custom_padding=&#8221;|||&#8221; global_colors_info=&#8221;{}&#8221; custom_padding__hover=&#8221;|||&#8221;][et_pb_text admin_label=&#8221;roskaseuranta-otsikko&#8221; _builder_version=&#8221;4.27.4&#8243; text_orientation=&#8221;center&#8221; global_colors_info=&#8221;{}&#8221;]<\/p>\n<h3 style=\"text-align: left\">Beach Litter Monitoring<\/h3>\n<p>[\/et_pb_text][\/et_pb_column][\/et_pb_row][et_pb_row column_structure=&#8221;2_3,1_3&#8243; custom_padding_last_edited=&#8221;on|phone&#8221; _builder_version=&#8221;4.27.4&#8243; max_height=&#8221;100px&#8221; custom_padding_tablet=&#8221;&#8221; custom_padding_phone=&#8221;&#8221; global_colors_info=&#8221;{}&#8221;][et_pb_column type=&#8221;2_3&#8243; _builder_version=&#8221;4.16&#8243; custom_padding=&#8221;|||&#8221; global_colors_info=&#8221;{}&#8221; custom_padding__hover=&#8221;|||&#8221;][et_pb_text admin_label=&#8221;Teksti&#8221; _builder_version=&#8221;4.27.4&#8243; _module_preset=&#8221;default&#8221; global_colors_info=&#8221;{}&#8221;]<\/p>\n<p><strong>Rotary clubs participate in the \u201cBeach Litter Monitoring and Reporting\u201d study conducted by the Finnish Environment Institute (SYKE).<\/strong><\/p>\n<p>The monitoring is part of a Europe-wide programme that examines how much and what type of litter reaches beaches from the sea. The data are used in marine environmental assessments and in evaluating the effectiveness of measures aimed at reducing marine litter in Finland and internationally.<\/p>\n<p>Litter is collected three times per year from selected coastal areas measuring 100 m \u00d7 10 m. The waste is sorted, classified and reported to the Finnish Environment Institute.<\/p>\n<p>In our district, litter is currently collected at Kruunuvuorenranta, with participation from Helsinki City West Rotary Club, Herttoniemi Rotary Club, Finlandia Hall Rotary Club, and Rotaract Club. Monitoring is also carried out at Tv\u00e4rminne beach, where the Rotary clubs of Hanko, Karis-Karjaa and Eken\u00e4s participate.<\/p>\n<p><a href=\"https:\/\/www.ymparisto.fi\/fi\/luonto-vesistot-ja-meri\/meri\/meriympariston-seuranta\/roskaantumisen-ja-vedenalaisen-melun-seuranta\">https:\/\/www.ymparisto.fi\/fi\/luonto-vesistot-ja-meri\/meri\/meriympariston-seuranta\/roskaantumisen-ja-vedenalaisen-melun-seuranta<\/a><\/p>\n<p>Further information: : <strong>Outi Ritvala,<\/strong> Rotaryklubi Helsinki City West<\/p>\n<p>&nbsp;<\/p>\n<p>[\/et_pb_text][et_pb_image src=&#8221;https:\/\/rotary.fi\/d1420\/wp-content\/uploads\/sites\/183\/2026\/03\/rantaroskaseuranta-tvarminne.png&#8221; title_text=&#8221;Rantaroskaseuranta Tv\u00e4rminne&#8221; _builder_version=&#8221;4.27.4&#8243; _module_preset=&#8221;default&#8221; global_colors_info=&#8221;{}&#8221;][\/et_pb_image][\/et_pb_column][et_pb_column type=&#8221;1_3&#8243; _builder_version=&#8221;4.16&#8243; custom_padding=&#8221;|||&#8221; global_colors_info=&#8221;{}&#8221; custom_padding__hover=&#8221;|||&#8221;][et_pb_text admin_label=&#8221;Teksti &#8211; rosgis&#8221; _builder_version=&#8221;4.27.4&#8243; _module_preset=&#8221;default&#8221; custom_margin=&#8221;10px|10px|10px|10px|false|false&#8221; custom_padding=&#8221;10px|10px|10px|10px|false|false&#8221; box_shadow_style=&#8221;preset2&#8243; global_colors_info=&#8221;{}&#8221;]<\/p>\n<p><strong>Rosgis Application<\/strong><br \/>Rosgis is a service provided by the Finnish Environment Institute that allows anyone to report litter found in the environment. These observations help researchers identify the origins of waste and prevent litter from reaching nature.<br \/>.<\/p>\n<p>[\/et_pb_text][et_pb_image src=&#8221;https:\/\/rotary.fi\/d1420\/wp-content\/uploads\/sites\/183\/2026\/03\/rosgis-syke.png&#8221; title_text=&#8221;Rosgis &#8211; SYKE&#8221; admin_label=&#8221;Kuva &#8211; rosgis&#8221; _builder_version=&#8221;4.27.4&#8243; _module_preset=&#8221;default&#8221; global_colors_info=&#8221;{}&#8221;][\/et_pb_image][\/et_pb_column][\/et_pb_row][et_pb_row custom_padding_last_edited=&#8221;on|phone&#8221; _builder_version=&#8221;4.27.4&#8243; max_height=&#8221;100px&#8221; custom_padding_tablet=&#8221;&#8221; custom_padding_phone=&#8221;&#8221; global_colors_info=&#8221;{}&#8221;][et_pb_column type=&#8221;4_4&#8243; _builder_version=&#8221;4.16&#8243; custom_padding=&#8221;|||&#8221; global_colors_info=&#8221;{}&#8221; custom_padding__hover=&#8221;|||&#8221;][et_pb_text admin_label=&#8221;Teksti &#8211; tyhj\u00e4 rivi&#8221; _builder_version=&#8221;4.27.4&#8243; _module_preset=&#8221;default&#8221; global_colors_info=&#8221;{}&#8221;]<\/p>\n<p>&nbsp;<\/p>\n<p>&nbsp;<\/p>\n<p>[\/et_pb_text][et_pb_divider _builder_version=&#8221;4.27.4&#8243; _module_preset=&#8221;default&#8221; global_colors_info=&#8221;{}&#8221;][\/et_pb_divider][et_pb_text admin_label=&#8221;Silakkasoutu-otsikko&#8221; _builder_version=&#8221;4.27.4&#8243; text_orientation=&#8221;center&#8221; global_colors_info=&#8221;{}&#8221;]<\/p>\n<h3 style=\"text-align: left\">Baltic Herring Rowing Event<\/h3>\n<p>[\/et_pb_text][\/et_pb_column][\/et_pb_row][et_pb_row column_structure=&#8221;1_2,1_2&#8243; _builder_version=&#8221;4.27.4&#8243; _module_preset=&#8221;default&#8221; global_colors_info=&#8221;{}&#8221;][et_pb_column type=&#8221;1_2&#8243; _builder_version=&#8221;4.27.4&#8243; _module_preset=&#8221;default&#8221; global_colors_info=&#8221;{}&#8221;][et_pb_image src=&#8221;https:\/\/rotary.fi\/d1420\/wp-content\/uploads\/sites\/183\/2025\/10\/9ec2bb4b-c897-4817-967f-9219d95f265e.jpg&#8221; alt=&#8221;kirkkoveneit\u00e4 laiturissa&#8221; title_text=&#8221;9ec2bb4b-c897-4817-967f-9219d95f265e&#8221; _builder_version=&#8221;4.27.4&#8243; _module_preset=&#8221;default&#8221; global_colors_info=&#8221;{}&#8221;][\/et_pb_image][\/et_pb_column][et_pb_column type=&#8221;1_2&#8243; _builder_version=&#8221;4.27.4&#8243; _module_preset=&#8221;default&#8221; global_colors_info=&#8221;{}&#8221;][et_pb_text _builder_version=&#8221;4.27.4&#8243; _module_preset=&#8221;default&#8221; global_colors_info=&#8221;{}&#8221;]<\/p>\n<p><strong>The Baltic Herring Rowing and Herring Hike event is a fundraising and recreational activity aimed at increasing awareness of the Baltic Sea.<\/strong><\/p>\n<p>Rotary clubs and partners row church boats or hike to raise funds for water protection projects. Over the years, approximately \u20ac100,000 has been raised for water protection work.<\/p>\n<p>Since 2013, the event has been organised by the following Rotary clubs: Finlandia Hall and its satellite clubs, Helsinki Baltic Sea, Helsinki International, Helsingin Koillinen, Herttoniemi\u2013Herton\u00e4s,Meri-Espoo, Riihim\u00e4ki\u2013Hausj\u00e4rvi, and Vantaa\u2013Myyrm\u00e4ki. The Rotary District 1420 of Southern Finland and Estonia also participates.<\/p>\n<p><a href=\"https:\/\/www.silakkasoutu.fi\/\">https:\/\/www.silakkasoutu.fi\/<\/a><\/p>\n<p>Further information:\u00a0 <strong>Markku Tahkokorpi<\/strong>, Meri-Espoon Rotaryclub<\/p>\n<p>[\/et_pb_text][\/et_pb_column][\/et_pb_row][et_pb_row _builder_version=&#8221;4.27.4&#8243; _module_preset=&#8221;default&#8221; global_colors_info=&#8221;{}&#8221;][et_pb_column type=&#8221;4_4&#8243; _builder_version=&#8221;4.27.4&#8243; _module_preset=&#8221;default&#8221; global_colors_info=&#8221;{}&#8221;][et_pb_divider _builder_version=&#8221;4.27.4&#8243; _module_preset=&#8221;default&#8221; global_colors_info=&#8221;{}&#8221;][\/et_pb_divider][et_pb_text admin_label=&#8221;otsikko &#8211; sinilev\u00e4seuranta&#8221; _builder_version=&#8221;4.27.4&#8243; _module_preset=&#8221;default&#8221; global_colors_info=&#8221;{}&#8221;]<\/p>\n<h3>Cyanobacteria Monitoring<\/h3>\n<p>[\/et_pb_text][\/et_pb_column][\/et_pb_row][et_pb_row column_structure=&#8221;1_3,1_3,1_3&#8243; _builder_version=&#8221;4.27.4&#8243; _module_preset=&#8221;default&#8221; global_colors_info=&#8221;{}&#8221;][et_pb_column type=&#8221;1_3&#8243; _builder_version=&#8221;4.27.4&#8243; _module_preset=&#8221;default&#8221; global_colors_info=&#8221;{}&#8221;][et_pb_text admin_label=&#8221;Teksti &#8211; sinilev\u00e4seuranta&#8221; _builder_version=&#8221;4.27.4&#8243; _module_preset=&#8221;default&#8221; global_colors_info=&#8221;{}&#8221;]<\/p>\n<p><strong>Rotarians participate in the national cyanobacteria (blue-green algae) monitoring programme.<\/strong><\/p>\n<p>Observations are recorded as geographic data in the open J\u00e4rvi-Meri-Wiki database. The cyanobacteria situation map shows observations from approximately 400 monitoring locations, most of which are public bathing beaches.<\/p>\n<p>The situation is assessed weekly at each observation site. However, conditions can change quickly depending on the weather. Cyanobacteria may produce toxins, so swimming in water containing blue-green algae should be avoided, and pets should not be allowed to enter such water.<\/p>\n<p><a href=\"https:\/\/www.jarviwiki.fi\/wiki\/Valtakunnallinen_sinilev%C3%A4seuranta\">https:\/\/www.jarviwiki.fi\/wiki\/Valtakunnallinen_sinilev%C3%A4seuranta<\/a><br \/><a href=\"https:\/\/www.jarviwiki.fi\/wiki\/Rotarien_sinilev%C3%A4seuranta\">https:\/\/www.jarviwiki.fi\/wiki\/Rotarien_sinilev%C3%A4seuranta<\/a><\/p>\n<p>[\/et_pb_text][\/et_pb_column][et_pb_column type=&#8221;1_3&#8243; _builder_version=&#8221;4.27.4&#8243; _module_preset=&#8221;default&#8221; global_colors_info=&#8221;{}&#8221;][et_pb_image src=&#8221;https:\/\/rotary.fi\/d1420\/wp-content\/uploads\/sites\/183\/2026\/03\/sinilevaa-purkissa-2.jpg&#8221; title_text=&#8221;sinilev\u00e4\u00e4 purkissa 2&#8243; admin_label=&#8221;Kuva &#8211; sinilev\u00e4\u00e4&#8221; _builder_version=&#8221;4.27.4&#8243; _module_preset=&#8221;default&#8221; global_colors_info=&#8221;{}&#8221;][\/et_pb_image][\/et_pb_column][et_pb_column type=&#8221;1_3&#8243; _builder_version=&#8221;4.27.4&#8243; _module_preset=&#8221;default&#8221; global_colors_info=&#8221;{}&#8221;][et_pb_video src=&#8221;https:\/\/youtube.com\/shorts\/cou6HrBRJN8?feature=share&#8221; _builder_version=&#8221;4.27.4&#8243; _module_preset=&#8221;default&#8221; global_colors_info=&#8221;{}&#8221;][\/et_pb_video][\/et_pb_column][\/et_pb_row][et_pb_row _builder_version=&#8221;4.27.4&#8243; _module_preset=&#8221;default&#8221; global_colors_info=&#8221;{}&#8221;][et_pb_column type=&#8221;4_4&#8243; _builder_version=&#8221;4.27.4&#8243; _module_preset=&#8221;default&#8221; global_colors_info=&#8221;{}&#8221;][et_pb_text admin_label=&#8221;Teksti &#8211; sinilev\u00e4seuranta webinaarit&#8221; _builder_version=&#8221;4.27.4&#8243; _module_preset=&#8221;default&#8221; custom_margin=&#8221;10px|10px|10px|10px|false|false&#8221; custom_padding=&#8221;10px|10px|10px|10px|false|false&#8221; box_shadow_style=&#8221;preset2&#8243; global_colors_info=&#8221;{}&#8221;]<\/p>\n<p><strong>Blue-green algae monitoring training materials<\/strong><\/p>\n<p>The people who carry out blue-green algae monitoring have been trained to carry out monitoring with the help of webinars.<\/p>\n<p>You can find the training materials from<a href=\"https:\/\/rotary.fi\/d1420\/en\/what-we-do\/environment-and-the-baltic-sea\/cyanobacteria-monitoring\/\"> this link.<\/a><\/p>\n<p>&nbsp;<\/p>\n<p>[\/et_pb_text][et_pb_text admin_label=&#8221;Teksti &#8211; tyhj\u00e4 rivi&#8221; _builder_version=&#8221;4.27.4&#8243; _module_preset=&#8221;default&#8221; global_colors_info=&#8221;{}&#8221;]<\/p>\n<p>&nbsp;<\/p>\n<p>&nbsp;<\/p>\n<p>[\/et_pb_text][et_pb_divider _builder_version=&#8221;4.27.4&#8243; _module_preset=&#8221;default&#8221; global_colors_info=&#8221;{}&#8221;][\/et_pb_divider][et_pb_text admin_label=&#8221;otsikko &#8211; vesireput&#8221; _builder_version=&#8221;4.27.4&#8243; _module_preset=&#8221;default&#8221; global_colors_info=&#8221;{}&#8221;]<\/p>\n<h3>Water Backpacks<\/h3>\n<p>[\/et_pb_text][\/et_pb_column][\/et_pb_row][et_pb_row column_structure=&#8221;1_2,1_2&#8243; _builder_version=&#8221;4.27.4&#8243; _module_preset=&#8221;default&#8221; global_colors_info=&#8221;{}&#8221;][et_pb_column type=&#8221;1_2&#8243; _builder_version=&#8221;4.27.4&#8243; _module_preset=&#8221;default&#8221; global_colors_info=&#8221;{}&#8221;][et_pb_image src=&#8221;https:\/\/rotary.fi\/d1420\/wp-content\/uploads\/sites\/183\/2026\/02\/vesireppu.jpg&#8221; title_text=&#8221;Vesireppu&#8221; _builder_version=&#8221;4.27.4&#8243; _module_preset=&#8221;default&#8221; global_colors_info=&#8221;{}&#8221;][\/et_pb_image][\/et_pb_column][et_pb_column type=&#8221;1_2&#8243; _builder_version=&#8221;4.27.4&#8243; _module_preset=&#8221;default&#8221; global_colors_info=&#8221;{}&#8221;][et_pb_text admin_label=&#8221;Teksti -vesireput&#8221; _builder_version=&#8221;4.27.4&#8243; _module_preset=&#8221;default&#8221; hover_enabled=&#8221;0&#8243; global_colors_info=&#8221;{}&#8221; sticky_enabled=&#8221;0&#8243;]<\/p>\n<p>Rotarians have developed a Water Backpack system together with <strong>the Finnish Environment Institute (SYKE). <\/strong>Rotarians provide schools with a backpack containing equipment needed for water research free of charge. Students carry out measurements together with their teacher and record the results in the J\u00e4rvi-Meri-Wiki database. This activity combines learning in biology, chemistry and information technology.<\/p>\n<p>At the same time, it promotes open environmental data, as anyone can view the condition of water bodies in the database.<\/p>\n<p><a href=\"https:\/\/www.vesireppu.com\/\">https:\/\/www.vesireppu.com\/<\/a><br \/><a href=\"https:\/\/www.youtube.com\/watch?v=khTmN0YPXXo\">https:\/\/www.youtube.com\/watch?v=khTmN0YPXXo<\/a><br \/><a href=\"https:\/\/www.facebook.com\/groups\/725404062484994\">https:\/\/www.facebook.com\/groups\/725404062484994<\/a><br \/><a href=\"https:\/\/www.jarviwiki.fi\/wiki\/Etusivu\">https:\/\/www.jarviwiki.fi\/wiki\/Etusivu<\/a><br \/><a href=\"https:\/\/www.jarviwiki.fi\/wiki\/Havaintol%C3%A4hetti\">https:\/\/www.jarviwiki.fi\/wiki\/Havaintol%C3%A4hetti<\/a><\/p>\n<p>&nbsp;<\/p>\n<p>[\/et_pb_text][et_pb_text admin_label=&#8221;Teksti vesireppu webinaarit&#8221; _builder_version=&#8221;4.27.4&#8243; _module_preset=&#8221;default&#8221; custom_margin=&#8221;10px|10px|10px|10px|false|false&#8221; custom_padding=&#8221;10px|10px|10px|10px|false|false&#8221; box_shadow_style=&#8221;preset2&#8243; global_colors_info=&#8221;{}&#8221;]<\/p>\n<p><strong>District Water Backpack Webinar<\/strong><\/p>\n<p><a href=\"https:\/\/rotary.fi\/d1420\/en\/what-we-do\/environment-and-the-baltic-sea\/using-the-water-backpack\/\">Through this link<\/a> you can watch the recording of the webinar held on 4 March 2024, which provides practical guidance on how to start monitoring water bodies and how to use the equipment.<\/p>\n<p>[\/et_pb_text][\/et_pb_column][\/et_pb_row][\/et_pb_section]<\/p>\n","protected":false},"excerpt":{"rendered":"<p>Rotarians Monitor the State of the EnvironmentBeach Litter MonitoringRotary clubs participate in the \u201cBeach Litter Monitoring and Reporting\u201d study conducted by the Finnish Environment Institute (SYKE). The monitoring is part of a Europe-wide programme that examines how much and what type of litter reaches beaches from the sea. The data are used in marine environmental [&hellip;]<\/p>\n","protected":false},"author":26,"featured_media":0,"parent":13351,"menu_order":5,"comment_status":"closed","ping_status":"closed","template":"","meta":{"_acf_changed":false,"_et_pb_use_builder":"on","_et_pb_old_content":"","_et_gb_content_width":"","footnotes":""},"class_list":["post-13426","page","type-page","status-publish","hentry"],"acf":[],"yoast_head":"<!-- This site is optimized with the Yoast SEO plugin v27.4 - https:\/\/yoast.com\/product\/yoast-seo-wordpress\/ -->\n<title>Rotarians Monitor the State of the Environment - Piiri 1420<\/title>\n<meta name=\"robots\" content=\"index, follow, max-snippet:-1, max-image-preview:large, max-video-preview:-1\" \/>\n<link rel=\"canonical\" href=\"https:\/\/rotary.fi\/d1420\/en\/what-we-do\/environment-and-the-baltic-sea\/rotarians-monitor-the-state-of-the-environment\/\" \/>\n<meta property=\"og:locale\" content=\"fi_FI\" \/>\n<meta property=\"og:type\" content=\"article\" \/>\n<meta property=\"og:title\" content=\"Rotarians Monitor the State of the Environment - Piiri 1420\" \/>\n<meta property=\"og:description\" content=\"Rotarians Monitor the State of the EnvironmentBeach Litter MonitoringRotary clubs participate in the \u201cBeach Litter Monitoring and Reporting\u201d study conducted by the Finnish Environment Institute (SYKE). The monitoring is part of a Europe-wide programme that examines how much and what type of litter reaches beaches from the sea. The data are used in marine environmental [&hellip;]\" \/>\n<meta property=\"og:url\" content=\"https:\/\/rotary.fi\/d1420\/en\/what-we-do\/environment-and-the-baltic-sea\/rotarians-monitor-the-state-of-the-environment\/\" \/>\n<meta property=\"og:site_name\" content=\"Piiri 1420\" \/>\n<meta property=\"article:publisher\" content=\"https:\/\/www.facebook.com\/rotary\/\" \/>\n<meta property=\"article:modified_time\" content=\"2026-03-29T09:37:00+00:00\" \/>\n<meta name=\"twitter:card\" content=\"summary_large_image\" \/>\n<meta name=\"twitter:label1\" content=\"Arvioitu lukuaika\" \/>\n\t<meta name=\"twitter:data1\" content=\"6 minuuttia\" \/>\n<script type=\"application\/ld+json\" class=\"yoast-schema-graph\">{\"@context\":\"https:\\\/\\\/schema.org\",\"@graph\":[{\"@type\":\"WebPage\",\"@id\":\"https:\\\/\\\/rotary.fi\\\/d1420\\\/en\\\/what-we-do\\\/environment-and-the-baltic-sea\\\/rotarians-monitor-the-state-of-the-environment\\\/\",\"url\":\"https:\\\/\\\/rotary.fi\\\/d1420\\\/en\\\/what-we-do\\\/environment-and-the-baltic-sea\\\/rotarians-monitor-the-state-of-the-environment\\\/\",\"name\":\"Rotarians Monitor the State of the Environment - Piiri 1420\",\"isPartOf\":{\"@id\":\"https:\\\/\\\/rotary.fi\\\/d1420\\\/#website\"},\"datePublished\":\"2026-03-29T09:23:17+00:00\",\"dateModified\":\"2026-03-29T09:37:00+00:00\",\"breadcrumb\":{\"@id\":\"https:\\\/\\\/rotary.fi\\\/d1420\\\/en\\\/what-we-do\\\/environment-and-the-baltic-sea\\\/rotarians-monitor-the-state-of-the-environment\\\/#breadcrumb\"},\"inLanguage\":\"fi\",\"potentialAction\":[{\"@type\":\"ReadAction\",\"target\":[\"https:\\\/\\\/rotary.fi\\\/d1420\\\/en\\\/what-we-do\\\/environment-and-the-baltic-sea\\\/rotarians-monitor-the-state-of-the-environment\\\/\"]}]},{\"@type\":\"BreadcrumbList\",\"@id\":\"https:\\\/\\\/rotary.fi\\\/d1420\\\/en\\\/what-we-do\\\/environment-and-the-baltic-sea\\\/rotarians-monitor-the-state-of-the-environment\\\/#breadcrumb\",\"itemListElement\":[{\"@type\":\"ListItem\",\"position\":1,\"name\":\"Home\",\"item\":\"https:\\\/\\\/rotary.fi\\\/d1420\\\/\"},{\"@type\":\"ListItem\",\"position\":2,\"name\":\"What We Do\",\"item\":\"https:\\\/\\\/rotary.fi\\\/d1420\\\/en\\\/what-we-do\\\/\"},{\"@type\":\"ListItem\",\"position\":3,\"name\":\"Environment and the Baltic Sea\",\"item\":\"https:\\\/\\\/rotary.fi\\\/d1420\\\/en\\\/what-we-do\\\/environment-and-the-baltic-sea\\\/\"},{\"@type\":\"ListItem\",\"position\":4,\"name\":\"Rotarians Monitor the State of the Environment\"}]},{\"@type\":\"WebSite\",\"@id\":\"https:\\\/\\\/rotary.fi\\\/d1420\\\/#website\",\"url\":\"https:\\\/\\\/rotary.fi\\\/d1420\\\/\",\"name\":\"Piiri 1420\",\"description\":\"Suomen Rotary\",\"potentialAction\":[{\"@type\":\"SearchAction\",\"target\":{\"@type\":\"EntryPoint\",\"urlTemplate\":\"https:\\\/\\\/rotary.fi\\\/d1420\\\/?s={search_term_string}\"},\"query-input\":{\"@type\":\"PropertyValueSpecification\",\"valueRequired\":true,\"valueName\":\"search_term_string\"}}],\"inLanguage\":\"fi\"}]}<\/script>\n<!-- \/ Yoast SEO plugin. -->","yoast_head_json":{"title":"Rotarians Monitor the State of the Environment - Piiri 1420","robots":{"index":"index","follow":"follow","max-snippet":"max-snippet:-1","max-image-preview":"max-image-preview:large","max-video-preview":"max-video-preview:-1"},"canonical":"https:\/\/rotary.fi\/d1420\/en\/what-we-do\/environment-and-the-baltic-sea\/rotarians-monitor-the-state-of-the-environment\/","og_locale":"fi_FI","og_type":"article","og_title":"Rotarians Monitor the State of the Environment - Piiri 1420","og_description":"Rotarians Monitor the State of the EnvironmentBeach Litter MonitoringRotary clubs participate in the \u201cBeach Litter Monitoring and Reporting\u201d study conducted by the Finnish Environment Institute (SYKE). The monitoring is part of a Europe-wide programme that examines how much and what type of litter reaches beaches from the sea. The data are used in marine environmental [&hellip;]","og_url":"https:\/\/rotary.fi\/d1420\/en\/what-we-do\/environment-and-the-baltic-sea\/rotarians-monitor-the-state-of-the-environment\/","og_site_name":"Piiri 1420","article_publisher":"https:\/\/www.facebook.com\/rotary\/","article_modified_time":"2026-03-29T09:37:00+00:00","twitter_card":"summary_large_image","twitter_misc":{"Arvioitu lukuaika":"6 minuuttia"},"schema":{"@context":"https:\/\/schema.org","@graph":[{"@type":"WebPage","@id":"https:\/\/rotary.fi\/d1420\/en\/what-we-do\/environment-and-the-baltic-sea\/rotarians-monitor-the-state-of-the-environment\/","url":"https:\/\/rotary.fi\/d1420\/en\/what-we-do\/environment-and-the-baltic-sea\/rotarians-monitor-the-state-of-the-environment\/","name":"Rotarians Monitor the State of the Environment - Piiri 1420","isPartOf":{"@id":"https:\/\/rotary.fi\/d1420\/#website"},"datePublished":"2026-03-29T09:23:17+00:00","dateModified":"2026-03-29T09:37:00+00:00","breadcrumb":{"@id":"https:\/\/rotary.fi\/d1420\/en\/what-we-do\/environment-and-the-baltic-sea\/rotarians-monitor-the-state-of-the-environment\/#breadcrumb"},"inLanguage":"fi","potentialAction":[{"@type":"ReadAction","target":["https:\/\/rotary.fi\/d1420\/en\/what-we-do\/environment-and-the-baltic-sea\/rotarians-monitor-the-state-of-the-environment\/"]}]},{"@type":"BreadcrumbList","@id":"https:\/\/rotary.fi\/d1420\/en\/what-we-do\/environment-and-the-baltic-sea\/rotarians-monitor-the-state-of-the-environment\/#breadcrumb","itemListElement":[{"@type":"ListItem","position":1,"name":"Home","item":"https:\/\/rotary.fi\/d1420\/"},{"@type":"ListItem","position":2,"name":"What We Do","item":"https:\/\/rotary.fi\/d1420\/en\/what-we-do\/"},{"@type":"ListItem","position":3,"name":"Environment and the Baltic Sea","item":"https:\/\/rotary.fi\/d1420\/en\/what-we-do\/environment-and-the-baltic-sea\/"},{"@type":"ListItem","position":4,"name":"Rotarians Monitor the State of the Environment"}]},{"@type":"WebSite","@id":"https:\/\/rotary.fi\/d1420\/#website","url":"https:\/\/rotary.fi\/d1420\/","name":"Piiri 1420","description":"Suomen Rotary","potentialAction":[{"@type":"SearchAction","target":{"@type":"EntryPoint","urlTemplate":"https:\/\/rotary.fi\/d1420\/?s={search_term_string}"},"query-input":{"@type":"PropertyValueSpecification","valueRequired":true,"valueName":"search_term_string"}}],"inLanguage":"fi"}]}},"lang":"en","translations":{"en":13426,"sv":13406,"fi":12651,"et":13438},"pll_sync_post":[],"_links":{"self":[{"href":"https:\/\/rotary.fi\/d1420\/wp-json\/wp\/v2\/pages\/13426","targetHints":{"allow":["GET"]}}],"collection":[{"href":"https:\/\/rotary.fi\/d1420\/wp-json\/wp\/v2\/pages"}],"about":[{"href":"https:\/\/rotary.fi\/d1420\/wp-json\/wp\/v2\/types\/page"}],"author":[{"embeddable":true,"href":"https:\/\/rotary.fi\/d1420\/wp-json\/wp\/v2\/users\/26"}],"replies":[{"embeddable":true,"href":"https:\/\/rotary.fi\/d1420\/wp-json\/wp\/v2\/comments?post=13426"}],"version-history":[{"count":6,"href":"https:\/\/rotary.fi\/d1420\/wp-json\/wp\/v2\/pages\/13426\/revisions"}],"predecessor-version":[{"id":13436,"href":"https:\/\/rotary.fi\/d1420\/wp-json\/wp\/v2\/pages\/13426\/revisions\/13436"}],"up":[{"embeddable":true,"href":"https:\/\/rotary.fi\/d1420\/wp-json\/wp\/v2\/pages\/13351"}],"wp:attachment":[{"href":"https:\/\/rotary.fi\/d1420\/wp-json\/wp\/v2\/media?parent=13426"}],"curies":[{"name":"wp","href":"https:\/\/api.w.org\/{rel}","templated":true}]}}