{"id":13406,"date":"2026-03-29T10:43:56","date_gmt":"2026-03-29T08:43:56","guid":{"rendered":"https:\/\/rotary.fi\/d1420\/?page_id=13406"},"modified":"2026-03-29T11:14:58","modified_gmt":"2026-03-29T09:14:58","slug":"rotarianer-foljer-miljons-tillstand","status":"publish","type":"page","link":"https:\/\/rotary.fi\/d1420\/sv\/det-har-gor-vi\/miljo-och-ostersjon\/rotarianer-foljer-miljons-tillstand\/","title":{"rendered":"Rotarianer f\u00f6ljer milj\u00f6ns tillst\u00e5nd"},"content":{"rendered":"<p>[et_pb_section fb_built=&#8221;1&#8243; admin_label=&#8221;Osio &#8211; yl\u00e4kuva&#8221; module_class=&#8221;jumbotron-page&#8221; _builder_version=&#8221;4.27.4&#8243; background_image=&#8221;https:\/\/rotary.fi\/d1420\/wp-content\/uploads\/sites\/183\/2026\/03\/maisema-2.jpg&#8221; background_position=&#8221;top_center&#8221; global_colors_info=&#8221;{}&#8221;][et_pb_row module_class=&#8221; et_pb_row_fullwidth et_pb_row_fullwidth&#8221; _builder_version=&#8221;4.16&#8243; width=&#8221;89%&#8221; width_tablet=&#8221;80%&#8221; width_phone=&#8221;&#8221; width_last_edited=&#8221;on|desktop&#8221; max_width=&#8221;89%&#8221; max_width_tablet=&#8221;80%&#8221; max_width_phone=&#8221;&#8221; max_width_last_edited=&#8221;on|desktop&#8221; make_fullwidth=&#8221;on&#8221; global_colors_info=&#8221;{}&#8221;][et_pb_column type=&#8221;4_4&#8243; _builder_version=&#8221;4.16&#8243; custom_padding=&#8221;|||&#8221; global_colors_info=&#8221;{}&#8221; custom_padding__hover=&#8221;|||&#8221;][et_pb_text admin_label=&#8221;Ymp\u00e4rist\u00f6 ja It\u00e4meri -p\u00e4\u00e4otsikko&#8221; _builder_version=&#8221;4.27.4&#8243; text_orientation=&#8221;center&#8221; background_layout=&#8221;dark&#8221; global_colors_info=&#8221;{}&#8221;]<\/p>\n<h1>Rotarianer f\u00f6ljer milj\u00f6ns tillst\u00e5nd<\/h1>\n<p>[\/et_pb_text][\/et_pb_column][\/et_pb_row][\/et_pb_section][et_pb_section fb_built=&#8221;1&#8243; admin_label=&#8221;Osio rotarit seuraavat ymp\u00e4rist\u00f6n tilaa&#8221; module_class=&#8221;sisaltoalue_perus&#8221; _builder_version=&#8221;4.22.1&#8243; custom_margin=&#8221;||0px||false|false&#8221; border_color_all=&#8221;#FFFFFF&#8221; border_style_all=&#8221;none&#8221; border_width_bottom=&#8221;1px&#8221; border_color_bottom=&#8221;#019FCB&#8221; global_colors_info=&#8221;{}&#8221;][et_pb_row custom_padding_last_edited=&#8221;on|phone&#8221; _builder_version=&#8221;4.27.4&#8243; max_height=&#8221;100px&#8221; custom_padding_tablet=&#8221;&#8221; custom_padding_phone=&#8221;&#8221; global_colors_info=&#8221;{}&#8221;][et_pb_column type=&#8221;4_4&#8243; _builder_version=&#8221;4.16&#8243; custom_padding=&#8221;|||&#8221; global_colors_info=&#8221;{}&#8221; custom_padding__hover=&#8221;|||&#8221;][et_pb_text admin_label=&#8221;roskaseuranta-otsikko&#8221; _builder_version=&#8221;4.27.4&#8243; text_orientation=&#8221;center&#8221; global_colors_info=&#8221;{}&#8221;]<\/p>\n<h3 style=\"text-align: left\">Strandskr\u00e4psuppf\u00f6ljning<\/h3>\n<p>[\/et_pb_text][\/et_pb_column][\/et_pb_row][et_pb_row column_structure=&#8221;2_3,1_3&#8243; custom_padding_last_edited=&#8221;on|phone&#8221; _builder_version=&#8221;4.27.4&#8243; max_height=&#8221;100px&#8221; custom_padding_tablet=&#8221;&#8221; custom_padding_phone=&#8221;&#8221; global_colors_info=&#8221;{}&#8221;][et_pb_column type=&#8221;2_3&#8243; _builder_version=&#8221;4.16&#8243; custom_padding=&#8221;|||&#8221; global_colors_info=&#8221;{}&#8221; custom_padding__hover=&#8221;|||&#8221;][et_pb_text admin_label=&#8221;Teksti&#8221; _builder_version=&#8221;4.27.4&#8243; _module_preset=&#8221;default&#8221; global_colors_info=&#8221;{}&#8221;]<\/p>\n<p><strong>Rotaryklubbar deltar i Finlands milj\u00f6centrals forskningsprojekt \u201dUppf\u00f6ljning och rapportering av strandskr\u00e4p\u201d.<\/strong><\/p>\n<p>Uppf\u00f6ljningen \u00e4r en del av en europeisk studie d\u00e4r man unders\u00f6ker hur mycket och vilken typ av skr\u00e4p som transporteras fr\u00e5n havet till str\u00e4nderna. Informationen anv\u00e4nds vid bed\u00f6mningar av havets tillst\u00e5nd och f\u00f6r att f\u00f6lja effekten av \u00e5tg\u00e4rder f\u00f6r att minska nedskr\u00e4pningen i Finland och internationellt.<\/p>\n<p>Skr\u00e4p samlas in tre g\u00e5nger per \u00e5r fr\u00e5n utvalda havsstr\u00e4nder p\u00e5 omr\u00e5den som \u00e4r 100 m \u00d7 10 m stora. Skr\u00e4pet sorteras, klassificeras och rapporteras till Finlands milj\u00f6central (SYKE).<\/p>\n<p>I v\u00e5rt distrikt samlas skr\u00e4pet f\u00f6r n\u00e4rvarande in i Kronbergsstranden, d\u00e4r f\u00f6ljande klubbar deltar: Helsinki City West Rotaryklubb, Herttoniemi Rotaryklubb, Finlandia Hall Rotaryklubb samt Rotaract Club. Uppf\u00f6ljning g\u00f6rs ocks\u00e5 p\u00e5 Tv\u00e4rminne strand, d\u00e4r Hang\u00f6, Karis\u2013Karjaa och Eken\u00e4s rotaryklubbar deltar.<\/p>\n<p><a href=\"https:\/\/www.ymparisto.fi\/fi\/luonto-vesistot-ja-meri\/meri\/meriympariston-seuranta\/roskaantumisen-ja-vedenalaisen-melun-seuranta\">https:\/\/www.ymparisto.fi\/fi\/luonto-vesistot-ja-meri\/meri\/meriympariston-seuranta\/roskaantumisen-ja-vedenalaisen-melun-seuranta<\/a><\/p>\n<p>Mer information: <strong>Outi Ritvala,<\/strong> Rotaryklubi Helsinki City West<\/p>\n<p>&nbsp;<\/p>\n<p>[\/et_pb_text][et_pb_image src=&#8221;https:\/\/rotary.fi\/d1420\/wp-content\/uploads\/sites\/183\/2026\/03\/rantaroskaseuranta-tvarminne.png&#8221; title_text=&#8221;Rantaroskaseuranta Tv\u00e4rminne&#8221; _builder_version=&#8221;4.27.4&#8243; _module_preset=&#8221;default&#8221; global_colors_info=&#8221;{}&#8221;][\/et_pb_image][\/et_pb_column][et_pb_column type=&#8221;1_3&#8243; _builder_version=&#8221;4.16&#8243; custom_padding=&#8221;|||&#8221; global_colors_info=&#8221;{}&#8221; custom_padding__hover=&#8221;|||&#8221;][et_pb_text admin_label=&#8221;Teksti &#8211; rosgis&#8221; _builder_version=&#8221;4.27.4&#8243; _module_preset=&#8221;default&#8221; custom_margin=&#8221;10px|10px|10px|10px|false|false&#8221; custom_padding=&#8221;10px|10px|10px|10px|false|false&#8221; box_shadow_style=&#8221;preset2&#8243; global_colors_info=&#8221;{}&#8221;]<\/p>\n<p><strong>Rosgis-appen<\/strong><br \/>Rosgis \u00e4r en tj\u00e4nst fr\u00e5n Finlands milj\u00f6central d\u00e4r vem som helst kan rapportera skr\u00e4p i milj\u00f6n. Observationerna hj\u00e4lper forskare att identifiera avfallets ursprung och hitta s\u00e4tt att stoppa skr\u00e4pets v\u00e4g ut i naturen.<\/p>\n<p>[\/et_pb_text][et_pb_image src=&#8221;https:\/\/rotary.fi\/d1420\/wp-content\/uploads\/sites\/183\/2026\/03\/rosgis-syke.png&#8221; title_text=&#8221;Rosgis &#8211; SYKE&#8221; admin_label=&#8221;Kuva &#8211; rosgis&#8221; _builder_version=&#8221;4.27.4&#8243; _module_preset=&#8221;default&#8221; global_colors_info=&#8221;{}&#8221;][\/et_pb_image][\/et_pb_column][\/et_pb_row][et_pb_row custom_padding_last_edited=&#8221;on|phone&#8221; _builder_version=&#8221;4.27.4&#8243; max_height=&#8221;100px&#8221; custom_padding_tablet=&#8221;&#8221; custom_padding_phone=&#8221;&#8221; global_colors_info=&#8221;{}&#8221;][et_pb_column type=&#8221;4_4&#8243; _builder_version=&#8221;4.16&#8243; custom_padding=&#8221;|||&#8221; global_colors_info=&#8221;{}&#8221; custom_padding__hover=&#8221;|||&#8221;][et_pb_text admin_label=&#8221;Teksti &#8211; tyhj\u00e4 rivi&#8221; _builder_version=&#8221;4.27.4&#8243; _module_preset=&#8221;default&#8221; global_colors_info=&#8221;{}&#8221;]<\/p>\n<p>&nbsp;<\/p>\n<p>&nbsp;<\/p>\n<p>[\/et_pb_text][et_pb_divider _builder_version=&#8221;4.27.4&#8243; _module_preset=&#8221;default&#8221; global_colors_info=&#8221;{}&#8221;][\/et_pb_divider][et_pb_text admin_label=&#8221;Silakkasoutu-otsikko&#8221; _builder_version=&#8221;4.27.4&#8243; text_orientation=&#8221;center&#8221; global_colors_info=&#8221;{}&#8221;]<\/p>\n<h3 style=\"text-align: left\">Str\u00f6mmingsrodden<\/h3>\n<p>[\/et_pb_text][\/et_pb_column][\/et_pb_row][et_pb_row column_structure=&#8221;1_2,1_2&#8243; _builder_version=&#8221;4.27.4&#8243; _module_preset=&#8221;default&#8221; global_colors_info=&#8221;{}&#8221;][et_pb_column type=&#8221;1_2&#8243; _builder_version=&#8221;4.27.4&#8243; _module_preset=&#8221;default&#8221; global_colors_info=&#8221;{}&#8221;][et_pb_image src=&#8221;https:\/\/rotary.fi\/d1420\/wp-content\/uploads\/sites\/183\/2025\/10\/9ec2bb4b-c897-4817-967f-9219d95f265e.jpg&#8221; alt=&#8221;kirkkoveneit\u00e4 laiturissa&#8221; title_text=&#8221;9ec2bb4b-c897-4817-967f-9219d95f265e&#8221; _builder_version=&#8221;4.27.4&#8243; _module_preset=&#8221;default&#8221; global_colors_info=&#8221;{}&#8221;][\/et_pb_image][\/et_pb_column][et_pb_column type=&#8221;1_2&#8243; _builder_version=&#8221;4.27.4&#8243; _module_preset=&#8221;default&#8221; global_colors_info=&#8221;{}&#8221;][et_pb_text _builder_version=&#8221;4.27.4&#8243; _module_preset=&#8221;default&#8221; global_colors_info=&#8221;{}&#8221;]<\/p>\n<p><strong>Str\u00f6mmingsrodden och Str\u00f6mmingsvandringen \u00e4r ett insamlings- och rekreationsevenemang vars m\u00e5l \u00e4r att \u00f6ka kunskapen om \u00d6stersj\u00f6n.<\/strong><\/p>\n<p>Rotaryklubbar och samarbetspartner ror kyrkb\u00e5tar eller vandrar f\u00f6r att samla in medel till vattenv\u00e5rdsprojekt. Under \u00e5rens lopp har cirka 100 000 euro samlats in f\u00f6r vattenv\u00e5rdsarbete.<\/p>\n<p>Sedan 2013 har evenemanget organiserats av f\u00f6ljande rotaryklubbar:Finlandia Hall med sina satellitklubbar, Helsinki Baltic Sea, Helsinki International,Helsingin Koillinen,Herttoniemi\u2013Herton\u00e4s, Meri-Espoo,Riihim\u00e4ki\u2013Hausj\u00e4rvi, ochVantaa\u2013Myyrm\u00e4ki,.\u00c4ven Rotarydistrikt 1420 i s\u00f6dra Finland och Estland deltar<\/p>\n<p><a href=\"https:\/\/www.silakkasoutu.fi\/\">https:\/\/www.silakkasoutu.fi\/<\/a><\/p>\n<p>Mer information:<strong>Markku Tahkokorpi<\/strong>, Meri-Espoon rotaryklubi<\/p>\n<p>[\/et_pb_text][\/et_pb_column][\/et_pb_row][et_pb_row _builder_version=&#8221;4.27.4&#8243; _module_preset=&#8221;default&#8221; global_colors_info=&#8221;{}&#8221;][et_pb_column type=&#8221;4_4&#8243; _builder_version=&#8221;4.27.4&#8243; _module_preset=&#8221;default&#8221; global_colors_info=&#8221;{}&#8221;][et_pb_divider _builder_version=&#8221;4.27.4&#8243; _module_preset=&#8221;default&#8221; global_colors_info=&#8221;{}&#8221;][\/et_pb_divider][et_pb_text admin_label=&#8221;otsikko &#8211; sinilev\u00e4seuranta&#8221; _builder_version=&#8221;4.27.4&#8243; _module_preset=&#8221;default&#8221; global_colors_info=&#8221;{}&#8221;]<\/p>\n<h3>Uppf\u00f6ljning av bl\u00e5gr\u00f6nalger<\/h3>\n<p>[\/et_pb_text][\/et_pb_column][\/et_pb_row][et_pb_row column_structure=&#8221;1_3,1_3,1_3&#8243; _builder_version=&#8221;4.27.4&#8243; _module_preset=&#8221;default&#8221; global_colors_info=&#8221;{}&#8221;][et_pb_column type=&#8221;1_3&#8243; _builder_version=&#8221;4.27.4&#8243; _module_preset=&#8221;default&#8221; global_colors_info=&#8221;{}&#8221;][et_pb_text admin_label=&#8221;Teksti &#8211; sinilev\u00e4seuranta&#8221; _builder_version=&#8221;4.27.4&#8243; _module_preset=&#8221;default&#8221; global_colors_info=&#8221;{}&#8221;]<\/p>\n<p><strong>Rotarianer deltar i den nationella uppf\u00f6ljningen av bl\u00e5gr\u00f6nalger (cyanobakterier).<\/strong><\/p>\n<p>Observationerna registreras som geografiska data i den \u00f6ppna databasen J\u00e4rvi-Meri-Wiki. Kartan \u00f6ver bl\u00e5gr\u00f6nalgsituationen visar observationer fr\u00e5n cirka 400 platser, varav de flesta finns vid allm\u00e4nna badstr\u00e4nder.<\/p>\n<p>Situationen bed\u00f6ms en g\u00e5ng i veckan vid varje observationsplats. F\u00f6rh\u00e5llandena kan dock f\u00f6r\u00e4ndras snabbt beroende p\u00e5 v\u00e4dret. Bl\u00e5gr\u00f6nalger kan producera olika algtoxiner. Man b\u00f6r d\u00e4rf\u00f6r inte bada i vatten med bl\u00e5gr\u00f6nalger och inte heller l\u00e5ta husdjur vistas i s\u00e5dant vatten.<\/p>\n<p><a href=\"https:\/\/www.jarviwiki.fi\/wiki\/Valtakunnallinen_sinilev%C3%A4seuranta\">https:\/\/www.jarviwiki.fi\/wiki\/Valtakunnallinen_sinilev%C3%A4seuranta<\/a><br \/><a href=\"https:\/\/www.jarviwiki.fi\/wiki\/Rotarien_sinilev%C3%A4seuranta\">https:\/\/www.jarviwiki.fi\/wiki\/Rotarien_sinilev%C3%A4seuranta<\/a><\/p>\n<p>[\/et_pb_text][\/et_pb_column][et_pb_column type=&#8221;1_3&#8243; _builder_version=&#8221;4.27.4&#8243; _module_preset=&#8221;default&#8221; global_colors_info=&#8221;{}&#8221;][et_pb_image src=&#8221;https:\/\/rotary.fi\/d1420\/wp-content\/uploads\/sites\/183\/2026\/03\/sinilevaa-purkissa-2.jpg&#8221; title_text=&#8221;sinilev\u00e4\u00e4 purkissa 2&#8243; admin_label=&#8221;Kuva &#8211; sinilev\u00e4\u00e4&#8221; _builder_version=&#8221;4.27.4&#8243; _module_preset=&#8221;default&#8221; global_colors_info=&#8221;{}&#8221;][\/et_pb_image][\/et_pb_column][et_pb_column type=&#8221;1_3&#8243; _builder_version=&#8221;4.27.4&#8243; _module_preset=&#8221;default&#8221; global_colors_info=&#8221;{}&#8221;][et_pb_video src=&#8221;https:\/\/youtube.com\/shorts\/cou6HrBRJN8?feature=share&#8221; _builder_version=&#8221;4.27.4&#8243; _module_preset=&#8221;default&#8221; global_colors_info=&#8221;{}&#8221;][\/et_pb_video][\/et_pb_column][\/et_pb_row][et_pb_row _builder_version=&#8221;4.27.4&#8243; _module_preset=&#8221;default&#8221; global_colors_info=&#8221;{}&#8221;][et_pb_column type=&#8221;4_4&#8243; _builder_version=&#8221;4.27.4&#8243; _module_preset=&#8221;default&#8221; global_colors_info=&#8221;{}&#8221;][et_pb_text admin_label=&#8221;Teksti &#8211; sinilev\u00e4seuranta webinaarit&#8221; _builder_version=&#8221;4.27.4&#8243; _module_preset=&#8221;default&#8221; custom_margin=&#8221;10px|10px|10px|10px|false|false&#8221; custom_padding=&#8221;10px|10px|10px|10px|false|false&#8221; box_shadow_style=&#8221;preset2&#8243; global_colors_info=&#8221;{}&#8221;]<\/p>\n<p><strong>Utbildningsmaterial f\u00f6r \u00f6vervakning av bl\u00e5gr\u00f6nalger<\/strong><\/p>\n<p>De som \u00f6vervakar bl\u00e5gr\u00f6nalger har utbildats f\u00f6r att g\u00f6ra \u00f6vervakning med hj\u00e4lp av webbinarier.<\/p>\n<p>Du kan hitta utbildningsmaterialet via denna <a href=\"https:\/\/rotary.fi\/d1420\/sv\/det-har-gor-vi\/miljo-och-ostersjon\/uppfoljning-av-blagronalger\/\">l\u00e4nk.<\/a><\/p>\n<p>[\/et_pb_text][et_pb_text admin_label=&#8221;Teksti &#8211; tyhj\u00e4 rivi&#8221; _builder_version=&#8221;4.27.4&#8243; _module_preset=&#8221;default&#8221; global_colors_info=&#8221;{}&#8221;]<\/p>\n<p>&nbsp;<\/p>\n<p>&nbsp;<\/p>\n<p>[\/et_pb_text][et_pb_divider _builder_version=&#8221;4.27.4&#8243; _module_preset=&#8221;default&#8221; global_colors_info=&#8221;{}&#8221;][\/et_pb_divider][et_pb_text admin_label=&#8221;otsikko &#8211; vesireput&#8221; _builder_version=&#8221;4.27.4&#8243; _module_preset=&#8221;default&#8221; global_colors_info=&#8221;{}&#8221;]<\/p>\n<h3>Vattenryggs\u00e4ckar<\/h3>\n<p>[\/et_pb_text][\/et_pb_column][\/et_pb_row][et_pb_row column_structure=&#8221;1_2,1_2&#8243; _builder_version=&#8221;4.27.4&#8243; _module_preset=&#8221;default&#8221; global_colors_info=&#8221;{}&#8221;][et_pb_column type=&#8221;1_2&#8243; _builder_version=&#8221;4.27.4&#8243; _module_preset=&#8221;default&#8221; global_colors_info=&#8221;{}&#8221;][et_pb_image src=&#8221;https:\/\/rotary.fi\/d1420\/wp-content\/uploads\/sites\/183\/2026\/02\/vesireppu.jpg&#8221; title_text=&#8221;Vesireppu&#8221; _builder_version=&#8221;4.27.4&#8243; _module_preset=&#8221;default&#8221; global_colors_info=&#8221;{}&#8221;][\/et_pb_image][\/et_pb_column][et_pb_column type=&#8221;1_2&#8243; _builder_version=&#8221;4.27.4&#8243; _module_preset=&#8221;default&#8221; global_colors_info=&#8221;{}&#8221;][et_pb_text admin_label=&#8221;Teksti -vesireput&#8221; _builder_version=&#8221;4.27.4&#8243; _module_preset=&#8221;default&#8221; global_colors_info=&#8221;{}&#8221;]<\/p>\n<p>Rotarianer har tillsammans med <strong>Finlands milj\u00f6central (SYKE)<\/strong> utvecklat ett system med vattenryggs\u00e4ckar. Id\u00e9n \u00e4r att rotarianer kostnadsfritt levererar en ryggs\u00e4ck med utrustning f\u00f6r vattenunders\u00f6kningar till skolor. Eleverna g\u00f6r m\u00e4tningar tillsammans med l\u00e4raren och registrerar resultaten i databasen J\u00e4rvi-Meri-Wiki. P\u00e5 s\u00e5 s\u00e4tt f\u00e5r eleverna samtidigt undervisning i biologi, kemi och informationsteknologi.<\/p>\n<p>Samtidigt fr\u00e4mjas \u00f6ppen milj\u00f6information: vem som helst kan i databasen f\u00f6lja tillst\u00e5ndet i olika vattendrag.<\/p>\n<p><a href=\"https:\/\/www.vesireppu.com\/\">https:\/\/www.vesireppu.com\/<\/a><br \/><a href=\"https:\/\/www.youtube.com\/watch?v=khTmN0YPXXo\">https:\/\/www.youtube.com\/watch?v=khTmN0YPXXo<\/a><br \/><a href=\"https:\/\/www.facebook.com\/groups\/725404062484994\">https:\/\/www.facebook.com\/groups\/725404062484994<\/a><br \/><a href=\"https:\/\/www.jarviwiki.fi\/wiki\/Etusivu\">https:\/\/www.jarviwiki.fi\/wiki\/Etusivu<\/a><br \/><a href=\"https:\/\/www.jarviwiki.fi\/wiki\/Havaintol%C3%A4hetti\">https:\/\/www.jarviwiki.fi\/wiki\/Havaintol%C3%A4hetti<\/a><\/p>\n<p>&nbsp;<\/p>\n<p>[\/et_pb_text][et_pb_text admin_label=&#8221;Teksti vesireppu webinaarit&#8221; _builder_version=&#8221;4.27.4&#8243; _module_preset=&#8221;default&#8221; custom_margin=&#8221;10px|10px|10px|10px|false|false&#8221; custom_padding=&#8221;10px|10px|10px|10px|false|false&#8221; box_shadow_style=&#8221;preset2&#8243; global_colors_info=&#8221;{}&#8221;]<\/p>\n<p><strong>Distriktets vattenryggs\u00e4ckwebbinarium<\/strong><\/p>\n<p><a href=\"https:\/\/rotary.fi\/d1420\/sv\/det-har-gor-vi\/miljo-och-ostersjon\/anvandning-av-vattenryggsacken\/\">Via denna l\u00e4nk<\/a> kan du se inspelningen fr\u00e5n webbinariet som h\u00f6lls 4 mars 2024 och f\u00e5 praktiska r\u00e5d om hur man b\u00f6rjar \u00f6vervaka vattenmilj\u00f6er och anv\u00e4nder utrustningen.<\/p>\n<p>[\/et_pb_text][\/et_pb_column][\/et_pb_row][\/et_pb_section]<\/p>\n","protected":false},"excerpt":{"rendered":"<p>Rotarianer f\u00f6ljer milj\u00f6ns tillst\u00e5ndStrandskr\u00e4psuppf\u00f6ljningRotaryklubbar deltar i Finlands milj\u00f6centrals forskningsprojekt \u201dUppf\u00f6ljning och rapportering av strandskr\u00e4p\u201d. Uppf\u00f6ljningen \u00e4r en del av en europeisk studie d\u00e4r man unders\u00f6ker hur mycket och vilken typ av skr\u00e4p som transporteras fr\u00e5n havet till str\u00e4nderna. Informationen anv\u00e4nds vid bed\u00f6mningar av havets tillst\u00e5nd och f\u00f6r att f\u00f6lja effekten av \u00e5tg\u00e4rder f\u00f6r att minska [&hellip;]<\/p>\n","protected":false},"author":26,"featured_media":0,"parent":13339,"menu_order":5,"comment_status":"closed","ping_status":"closed","template":"","meta":{"_acf_changed":false,"_et_pb_use_builder":"on","_et_pb_old_content":"","_et_gb_content_width":"","footnotes":""},"class_list":["post-13406","page","type-page","status-publish","hentry"],"acf":[],"yoast_head":"<!-- This site is optimized with the Yoast SEO plugin v27.4 - https:\/\/yoast.com\/product\/yoast-seo-wordpress\/ -->\n<title>Rotarianer f\u00f6ljer milj\u00f6ns tillst\u00e5nd - Piiri 1420<\/title>\n<meta name=\"robots\" content=\"index, follow, max-snippet:-1, max-image-preview:large, max-video-preview:-1\" \/>\n<link rel=\"canonical\" href=\"https:\/\/rotary.fi\/d1420\/sv\/det-har-gor-vi\/miljo-och-ostersjon\/rotarianer-foljer-miljons-tillstand\/\" \/>\n<meta property=\"og:locale\" content=\"fi_FI\" \/>\n<meta property=\"og:type\" content=\"article\" \/>\n<meta property=\"og:title\" content=\"Rotarianer f\u00f6ljer milj\u00f6ns tillst\u00e5nd - Piiri 1420\" \/>\n<meta property=\"og:description\" content=\"Rotarianer f\u00f6ljer milj\u00f6ns tillst\u00e5ndStrandskr\u00e4psuppf\u00f6ljningRotaryklubbar deltar i Finlands milj\u00f6centrals forskningsprojekt \u201dUppf\u00f6ljning och rapportering av strandskr\u00e4p\u201d. Uppf\u00f6ljningen \u00e4r en del av en europeisk studie d\u00e4r man unders\u00f6ker hur mycket och vilken typ av skr\u00e4p som transporteras fr\u00e5n havet till str\u00e4nderna. Informationen anv\u00e4nds vid bed\u00f6mningar av havets tillst\u00e5nd och f\u00f6r att f\u00f6lja effekten av \u00e5tg\u00e4rder f\u00f6r att minska [&hellip;]\" \/>\n<meta property=\"og:url\" content=\"https:\/\/rotary.fi\/d1420\/sv\/det-har-gor-vi\/miljo-och-ostersjon\/rotarianer-foljer-miljons-tillstand\/\" \/>\n<meta property=\"og:site_name\" content=\"Piiri 1420\" \/>\n<meta property=\"article:publisher\" content=\"https:\/\/www.facebook.com\/rotary\/\" \/>\n<meta property=\"article:modified_time\" content=\"2026-03-29T09:14:58+00:00\" \/>\n<meta name=\"twitter:card\" content=\"summary_large_image\" \/>\n<meta name=\"twitter:label1\" content=\"Arvioitu lukuaika\" \/>\n\t<meta name=\"twitter:data1\" content=\"5 minuuttia\" \/>\n<script type=\"application\/ld+json\" class=\"yoast-schema-graph\">{\"@context\":\"https:\\\/\\\/schema.org\",\"@graph\":[{\"@type\":\"WebPage\",\"@id\":\"https:\\\/\\\/rotary.fi\\\/d1420\\\/sv\\\/det-har-gor-vi\\\/miljo-och-ostersjon\\\/rotarianer-foljer-miljons-tillstand\\\/\",\"url\":\"https:\\\/\\\/rotary.fi\\\/d1420\\\/sv\\\/det-har-gor-vi\\\/miljo-och-ostersjon\\\/rotarianer-foljer-miljons-tillstand\\\/\",\"name\":\"Rotarianer f\u00f6ljer milj\u00f6ns tillst\u00e5nd - Piiri 1420\",\"isPartOf\":{\"@id\":\"https:\\\/\\\/rotary.fi\\\/d1420\\\/#website\"},\"datePublished\":\"2026-03-29T08:43:56+00:00\",\"dateModified\":\"2026-03-29T09:14:58+00:00\",\"breadcrumb\":{\"@id\":\"https:\\\/\\\/rotary.fi\\\/d1420\\\/sv\\\/det-har-gor-vi\\\/miljo-och-ostersjon\\\/rotarianer-foljer-miljons-tillstand\\\/#breadcrumb\"},\"inLanguage\":\"fi\",\"potentialAction\":[{\"@type\":\"ReadAction\",\"target\":[\"https:\\\/\\\/rotary.fi\\\/d1420\\\/sv\\\/det-har-gor-vi\\\/miljo-och-ostersjon\\\/rotarianer-foljer-miljons-tillstand\\\/\"]}]},{\"@type\":\"BreadcrumbList\",\"@id\":\"https:\\\/\\\/rotary.fi\\\/d1420\\\/sv\\\/det-har-gor-vi\\\/miljo-och-ostersjon\\\/rotarianer-foljer-miljons-tillstand\\\/#breadcrumb\",\"itemListElement\":[{\"@type\":\"ListItem\",\"position\":1,\"name\":\"Home\",\"item\":\"https:\\\/\\\/rotary.fi\\\/d1420\\\/\"},{\"@type\":\"ListItem\",\"position\":2,\"name\":\"Det h\u00e4r g\u00f6r vi\",\"item\":\"https:\\\/\\\/rotary.fi\\\/d1420\\\/sv\\\/det-har-gor-vi\\\/\"},{\"@type\":\"ListItem\",\"position\":3,\"name\":\"Milj\u00f6 och \u00d6stersj\u00f6n\",\"item\":\"https:\\\/\\\/rotary.fi\\\/d1420\\\/sv\\\/det-har-gor-vi\\\/miljo-och-ostersjon\\\/\"},{\"@type\":\"ListItem\",\"position\":4,\"name\":\"Rotarianer f\u00f6ljer milj\u00f6ns tillst\u00e5nd\"}]},{\"@type\":\"WebSite\",\"@id\":\"https:\\\/\\\/rotary.fi\\\/d1420\\\/#website\",\"url\":\"https:\\\/\\\/rotary.fi\\\/d1420\\\/\",\"name\":\"Piiri 1420\",\"description\":\"Suomen Rotary\",\"potentialAction\":[{\"@type\":\"SearchAction\",\"target\":{\"@type\":\"EntryPoint\",\"urlTemplate\":\"https:\\\/\\\/rotary.fi\\\/d1420\\\/?s={search_term_string}\"},\"query-input\":{\"@type\":\"PropertyValueSpecification\",\"valueRequired\":true,\"valueName\":\"search_term_string\"}}],\"inLanguage\":\"fi\"}]}<\/script>\n<!-- \/ Yoast SEO plugin. -->","yoast_head_json":{"title":"Rotarianer f\u00f6ljer milj\u00f6ns tillst\u00e5nd - Piiri 1420","robots":{"index":"index","follow":"follow","max-snippet":"max-snippet:-1","max-image-preview":"max-image-preview:large","max-video-preview":"max-video-preview:-1"},"canonical":"https:\/\/rotary.fi\/d1420\/sv\/det-har-gor-vi\/miljo-och-ostersjon\/rotarianer-foljer-miljons-tillstand\/","og_locale":"fi_FI","og_type":"article","og_title":"Rotarianer f\u00f6ljer milj\u00f6ns tillst\u00e5nd - Piiri 1420","og_description":"Rotarianer f\u00f6ljer milj\u00f6ns tillst\u00e5ndStrandskr\u00e4psuppf\u00f6ljningRotaryklubbar deltar i Finlands milj\u00f6centrals forskningsprojekt \u201dUppf\u00f6ljning och rapportering av strandskr\u00e4p\u201d. Uppf\u00f6ljningen \u00e4r en del av en europeisk studie d\u00e4r man unders\u00f6ker hur mycket och vilken typ av skr\u00e4p som transporteras fr\u00e5n havet till str\u00e4nderna. Informationen anv\u00e4nds vid bed\u00f6mningar av havets tillst\u00e5nd och f\u00f6r att f\u00f6lja effekten av \u00e5tg\u00e4rder f\u00f6r att minska [&hellip;]","og_url":"https:\/\/rotary.fi\/d1420\/sv\/det-har-gor-vi\/miljo-och-ostersjon\/rotarianer-foljer-miljons-tillstand\/","og_site_name":"Piiri 1420","article_publisher":"https:\/\/www.facebook.com\/rotary\/","article_modified_time":"2026-03-29T09:14:58+00:00","twitter_card":"summary_large_image","twitter_misc":{"Arvioitu lukuaika":"5 minuuttia"},"schema":{"@context":"https:\/\/schema.org","@graph":[{"@type":"WebPage","@id":"https:\/\/rotary.fi\/d1420\/sv\/det-har-gor-vi\/miljo-och-ostersjon\/rotarianer-foljer-miljons-tillstand\/","url":"https:\/\/rotary.fi\/d1420\/sv\/det-har-gor-vi\/miljo-och-ostersjon\/rotarianer-foljer-miljons-tillstand\/","name":"Rotarianer f\u00f6ljer milj\u00f6ns tillst\u00e5nd - Piiri 1420","isPartOf":{"@id":"https:\/\/rotary.fi\/d1420\/#website"},"datePublished":"2026-03-29T08:43:56+00:00","dateModified":"2026-03-29T09:14:58+00:00","breadcrumb":{"@id":"https:\/\/rotary.fi\/d1420\/sv\/det-har-gor-vi\/miljo-och-ostersjon\/rotarianer-foljer-miljons-tillstand\/#breadcrumb"},"inLanguage":"fi","potentialAction":[{"@type":"ReadAction","target":["https:\/\/rotary.fi\/d1420\/sv\/det-har-gor-vi\/miljo-och-ostersjon\/rotarianer-foljer-miljons-tillstand\/"]}]},{"@type":"BreadcrumbList","@id":"https:\/\/rotary.fi\/d1420\/sv\/det-har-gor-vi\/miljo-och-ostersjon\/rotarianer-foljer-miljons-tillstand\/#breadcrumb","itemListElement":[{"@type":"ListItem","position":1,"name":"Home","item":"https:\/\/rotary.fi\/d1420\/"},{"@type":"ListItem","position":2,"name":"Det h\u00e4r g\u00f6r vi","item":"https:\/\/rotary.fi\/d1420\/sv\/det-har-gor-vi\/"},{"@type":"ListItem","position":3,"name":"Milj\u00f6 och \u00d6stersj\u00f6n","item":"https:\/\/rotary.fi\/d1420\/sv\/det-har-gor-vi\/miljo-och-ostersjon\/"},{"@type":"ListItem","position":4,"name":"Rotarianer f\u00f6ljer milj\u00f6ns tillst\u00e5nd"}]},{"@type":"WebSite","@id":"https:\/\/rotary.fi\/d1420\/#website","url":"https:\/\/rotary.fi\/d1420\/","name":"Piiri 1420","description":"Suomen Rotary","potentialAction":[{"@type":"SearchAction","target":{"@type":"EntryPoint","urlTemplate":"https:\/\/rotary.fi\/d1420\/?s={search_term_string}"},"query-input":{"@type":"PropertyValueSpecification","valueRequired":true,"valueName":"search_term_string"}}],"inLanguage":"fi"}]}},"lang":"sv","translations":{"sv":13406,"fi":12651,"en":13426,"et":13438},"pll_sync_post":[],"_links":{"self":[{"href":"https:\/\/rotary.fi\/d1420\/wp-json\/wp\/v2\/pages\/13406","targetHints":{"allow":["GET"]}}],"collection":[{"href":"https:\/\/rotary.fi\/d1420\/wp-json\/wp\/v2\/pages"}],"about":[{"href":"https:\/\/rotary.fi\/d1420\/wp-json\/wp\/v2\/types\/page"}],"author":[{"embeddable":true,"href":"https:\/\/rotary.fi\/d1420\/wp-json\/wp\/v2\/users\/26"}],"replies":[{"embeddable":true,"href":"https:\/\/rotary.fi\/d1420\/wp-json\/wp\/v2\/comments?post=13406"}],"version-history":[{"count":7,"href":"https:\/\/rotary.fi\/d1420\/wp-json\/wp\/v2\/pages\/13406\/revisions"}],"predecessor-version":[{"id":13424,"href":"https:\/\/rotary.fi\/d1420\/wp-json\/wp\/v2\/pages\/13406\/revisions\/13424"}],"up":[{"embeddable":true,"href":"https:\/\/rotary.fi\/d1420\/wp-json\/wp\/v2\/pages\/13339"}],"wp:attachment":[{"href":"https:\/\/rotary.fi\/d1420\/wp-json\/wp\/v2\/media?parent=13406"}],"curies":[{"name":"wp","href":"https:\/\/api.w.org\/{rel}","templated":true}]}}