{"id":13397,"date":"2026-03-29T10:28:20","date_gmt":"2026-03-29T08:28:20","guid":{"rendered":"https:\/\/rotary.fi\/d1420\/?page_id=13397"},"modified":"2026-03-29T10:39:52","modified_gmt":"2026-03-29T08:39:52","slug":"keskkonna-seisund","status":"publish","type":"page","link":"https:\/\/rotary.fi\/d1420\/et\/mida-me-teeme\/keskkond-ja-laanemeri\/keskkonna-seisund\/","title":{"rendered":"Keskkonna seisund"},"content":{"rendered":"<p>[et_pb_section fb_built=&#8221;1&#8243; admin_label=&#8221;Osio &#8211; yl\u00e4kuva&#8221; module_class=&#8221;jumbotron-page&#8221; _builder_version=&#8221;4.27.4&#8243; background_image=&#8221;https:\/\/rotary.fi\/d1420\/wp-content\/uploads\/sites\/183\/2026\/03\/maisema-2.jpg&#8221; background_position=&#8221;top_center&#8221; global_colors_info=&#8221;{}&#8221;][et_pb_row module_class=&#8221; et_pb_row_fullwidth et_pb_row_fullwidth&#8221; _builder_version=&#8221;4.16&#8243; width=&#8221;89%&#8221; width_tablet=&#8221;80%&#8221; width_phone=&#8221;&#8221; width_last_edited=&#8221;on|desktop&#8221; max_width=&#8221;89%&#8221; max_width_tablet=&#8221;80%&#8221; max_width_phone=&#8221;&#8221; max_width_last_edited=&#8221;on|desktop&#8221; make_fullwidth=&#8221;on&#8221; global_colors_info=&#8221;{}&#8221;][et_pb_column type=&#8221;4_4&#8243; _builder_version=&#8221;4.16&#8243; custom_padding=&#8221;|||&#8221; global_colors_info=&#8221;{}&#8221; custom_padding__hover=&#8221;|||&#8221;][et_pb_text admin_label=&#8221;Ymp\u00e4rist\u00f6n tila -p\u00e4\u00e4otsikko&#8221; _builder_version=&#8221;4.27.4&#8243; text_orientation=&#8221;center&#8221; background_layout=&#8221;dark&#8221; global_colors_info=&#8221;{}&#8221;]<\/p>\n<h1>Keskkonna seisund<\/h1>\n<p>[\/et_pb_text][\/et_pb_column][\/et_pb_row][\/et_pb_section][et_pb_section fb_built=&#8221;1&#8243; admin_label=&#8221;Osio -ymp\u00e4rist\u00f6&#8221; module_class=&#8221;sisaltoalue_perus&#8221; _builder_version=&#8221;4.22.1&#8243; custom_margin=&#8221;||0px||false|false&#8221; border_color_all=&#8221;#FFFFFF&#8221; border_style_all=&#8221;none&#8221; border_width_bottom=&#8221;1px&#8221; border_color_bottom=&#8221;#019FCB&#8221; global_colors_info=&#8221;{}&#8221;][et_pb_row _builder_version=&#8221;4.27.4&#8243; _module_preset=&#8221;default&#8221; global_colors_info=&#8221;{}&#8221;][et_pb_column type=&#8221;4_4&#8243; _builder_version=&#8221;4.27.4&#8243; _module_preset=&#8221;default&#8221; global_colors_info=&#8221;{}&#8221;][et_pb_text admin_label=&#8221;It\u00e4meren tila otsikko&#8221; _builder_version=&#8221;4.27.4&#8243; text_orientation=&#8221;center&#8221; global_colors_info=&#8221;{}&#8221;]<\/p>\n<h2 style=\"text-align: left\">L\u00e4\u00e4nemere seisund on endiselt murettekitav<\/h2>\n<p>[\/et_pb_text][et_pb_text _builder_version=&#8221;4.27.4&#8243; _module_preset=&#8221;default&#8221; global_colors_info=&#8221;{}&#8221;]<\/p>\n<p>Inimtegevus kahjustab L\u00e4\u00e4nemere keskkonda mitmel viisil. V\u00f5\u00f5rliigid levivad uutele aladele laevaliikluse kaudu, toitained ja kahjulikud ained j\u00f5uavad merre maismaalt ja meretranspordist ning plastide ja s\u00fcnteetiliste kiudude kasutamise kasv p\u00f5hjustab merede risustamist. Laevaliiklus, ehitus, meretuulepargid ja muu mere kasutamine tekitavad ka veealust m\u00fcra ning muudavad hoovusi, lainetust, vee temperatuuri ja soolsust.<\/p>\n<p>[\/et_pb_text][\/et_pb_column][\/et_pb_row][et_pb_row column_structure=&#8221;1_2,1_2&#8243; _builder_version=&#8221;4.27.4&#8243; _module_preset=&#8221;default&#8221; global_colors_info=&#8221;{}&#8221;][et_pb_column type=&#8221;1_2&#8243; _builder_version=&#8221;4.27.4&#8243; _module_preset=&#8221;default&#8221; global_colors_info=&#8221;{}&#8221;][et_pb_text _builder_version=&#8221;4.27.4&#8243; _module_preset=&#8221;default&#8221; global_colors_info=&#8221;{}&#8221;]<\/p>\n<p>Veehoiu eesm\u00e4rk aastaks 2027 on, et k\u00f5ik veekogud saavutaksid v\u00e4hemalt hea seisundi ning et veekogude seisundi halvenemist v\u00e4lditaks kogu Euroopa Liidus. Joonis n\u00e4itab Soome sisevete ja rannikuvee seisundit 2019. aastal. Roheline ja sinine t\u00e4histavad head ja v\u00e4ga head seisundit. Veekogude seisundit hinnatakse iga kuue aasta j\u00e4rel.<\/p>\n<p>L\u00e4\u00e4nemere seisundit j\u00e4lgitakse pidevalt. Seireprogrammides vaadeldakse eutrofeerumist, vee kvaliteeti, mereelustikku ja teisi mere heaolu n\u00e4itajaid. Tulemuste p\u00f5hjal hinnatakse iga valdkonna seisundit. Eesm\u00e4rk on saavutada hea seisund k\u00f5igis valdkondades.<\/p>\n<p>[\/et_pb_text][\/et_pb_column][et_pb_column type=&#8221;1_2&#8243; _builder_version=&#8221;4.27.4&#8243; _module_preset=&#8221;default&#8221; global_colors_info=&#8221;{}&#8221;][et_pb_image src=&#8221;https:\/\/rotary.fi\/d1420\/wp-content\/uploads\/sites\/183\/2026\/03\/itameren-tila-pintaveden-tila.png&#8221; title_text=&#8221;It\u00e4meren tila &#8211; pintaveden tila&#8221; _builder_version=&#8221;4.27.4&#8243; _module_preset=&#8221;default&#8221; global_colors_info=&#8221;{}&#8221;][\/et_pb_image][\/et_pb_column][\/et_pb_row][et_pb_row column_structure=&#8221;1_3,1_3,1_3&#8243; _builder_version=&#8221;4.27.4&#8243; _module_preset=&#8221;default&#8221; global_colors_info=&#8221;{}&#8221;][et_pb_column type=&#8221;1_3&#8243; _builder_version=&#8221;4.27.4&#8243; _module_preset=&#8221;default&#8221; global_colors_info=&#8221;{}&#8221;][et_pb_image src=&#8221;https:\/\/rotary.fi\/d1420\/wp-content\/uploads\/sites\/183\/2026\/03\/fosfori-syke.png&#8221; title_text=&#8221;Fosfori &#8211; SYKE&#8221; _builder_version=&#8221;4.27.4&#8243; _module_preset=&#8221;default&#8221; global_colors_info=&#8221;{}&#8221;][\/et_pb_image][\/et_pb_column][et_pb_column type=&#8221;1_3&#8243; _builder_version=&#8221;4.27.4&#8243; _module_preset=&#8221;default&#8221; global_colors_info=&#8221;{}&#8221;][et_pb_image src=&#8221;https:\/\/rotary.fi\/d1420\/wp-content\/uploads\/sites\/183\/2026\/03\/happi-syke.png&#8221; title_text=&#8221;Happi &#8211; SYKE&#8221; _builder_version=&#8221;4.27.4&#8243; _module_preset=&#8221;default&#8221; global_colors_info=&#8221;{}&#8221;][\/et_pb_image][\/et_pb_column][et_pb_column type=&#8221;1_3&#8243; _builder_version=&#8221;4.27.4&#8243; _module_preset=&#8221;default&#8221; global_colors_info=&#8221;{}&#8221;][et_pb_text _builder_version=&#8221;4.27.4&#8243; _module_preset=&#8221;default&#8221; global_colors_info=&#8221;{}&#8221;]<\/p>\n<p>Selleni on veel pikk tee. Seda n\u00e4itavad n\u00e4iteks Soome Keskkonnakeskuse (SYKE) 2023. aasta augustis avaldatud merep\u00f5hja fosfori- ja hapnikusisalduse kaardid. Hapnikukaardil t\u00e4hendab punane hapnikuvaest v\u00f5i hapnikuta merep\u00f5hja ja sinine head seisundit. P\u00f5hja vajunud orgaaniline aine laguneb, kulutades hapnikku ja vabastades fosforit. J\u00e4rgmisel suvel seotakse fosfor taas kasvavatesse vetikatesse. Fosfori j\u00f5udmist veekogudesse tuleb v\u00e4hendada ning v\u00f5imaluse korral seda ka eemaldada.<\/p>\n<p>Viimastel aastak\u00fcmnetel on vee temperatuuri t\u00f5us olukorda veelgi halvendanud.<\/p>\n<p>[\/et_pb_text][\/et_pb_column][\/et_pb_row][et_pb_row _builder_version=&#8221;4.27.4&#8243; _module_preset=&#8221;default&#8221; global_colors_info=&#8221;{}&#8221;][et_pb_column type=&#8221;4_4&#8243; _builder_version=&#8221;4.27.4&#8243; _module_preset=&#8221;default&#8221; global_colors_info=&#8221;{}&#8221;][et_pb_text admin_label=&#8221;Teksti &#8211; linkit&#8221; _builder_version=&#8221;4.27.4&#8243; _module_preset=&#8221;default&#8221; global_colors_info=&#8221;{}&#8221;]<\/p>\n<p>Teave L\u00e4\u00e4nemere ja veeolude kohta on saadaval mitmetel veebilehtedel, sealhulgas keskkonna- ja veeinfoportaalidel.<br \/><a href=\"https:\/\/www.ymparisto.fi\/fi\/ympariston-tila\/vesi\/itameren-tila\">https:\/\/www.ymparisto.fi\/fi\/ympariston-tila\/vesi\/itameren-tila<\/a><br \/><a href=\"https:\/\/www.ymparisto.fi\/fi\/luonto-vesistot-ja-meri\/meri\/suomen-meriymparistontila-2024\">https:\/\/www.ymparisto.fi\/fi\/luonto-vesistot-ja-meri\/meri\/suomen-meriymparistontila-2024<\/a><br \/><a href=\"https:\/\/itameri.fi\/itameren-tila\/merenpohjan-tila-2\/hapettomat-pohjat\/\">https:\/\/itameri.fi\/itameren-tila\/merenpohjan-tila-2\/hapettomat-pohjat\/<\/a><br \/><a href=\"https:\/\/www.europarl.europa.eu\/topics\/en\/article\/20250428STO28142\/europe-swaters-key-challenges-and-eu-solutions\">https:\/\/www.europarl.europa.eu\/topics\/en\/article\/20250428STO28142\/europe-swaters-key-challenges-and-eu-solutions<\/a><br \/><a href=\"https:\/\/www.vesi.fi\/teemasivut\/\">https:\/\/www.vesi.fi\/teemasivut\/<\/a><br \/><a href=\"https:\/\/www.vesi.fi\/karttapalvelu\/\">https:\/\/www.vesi.fi\/karttapalvelu\/<\/a><\/p>\n<p>[\/et_pb_text][et_pb_divider _builder_version=&#8221;4.27.4&#8243; _module_preset=&#8221;default&#8221; global_colors_info=&#8221;{}&#8221;][\/et_pb_divider][\/et_pb_column][\/et_pb_row][et_pb_row _builder_version=&#8221;4.27.4&#8243; _module_preset=&#8221;default&#8221; global_colors_info=&#8221;{}&#8221;][et_pb_column type=&#8221;4_4&#8243; _builder_version=&#8221;4.27.4&#8243; _module_preset=&#8221;default&#8221; global_colors_info=&#8221;{}&#8221;][et_pb_text admin_label=&#8221;otsikko &#8211; Ilmastomuutos&#8221; _builder_version=&#8221;4.27.4&#8243; _module_preset=&#8221;default&#8221; global_colors_info=&#8221;{}&#8221;]<\/p>\n<h3>Kliimamuutus<\/h3>\n<p>[\/et_pb_text][et_pb_text admin_label=&#8221;Teksti &#8211; ilmastonmuutos it\u00e4merell\u00e4&#8221; _builder_version=&#8221;4.27.4&#8243; _module_preset=&#8221;default&#8221; global_colors_info=&#8221;{}&#8221;]<\/p>\n<p>Kliimamuutus on \u00fcks t\u00f5sisemaid keskkonnaprobleeme, millega inimkond silmitsi seisab. See on seotud bioloogilise mitmekesisuse v\u00e4henemise ning j\u00e4tkusuutmatute tarbimis- ja tootmisharjumustega.<\/p>\n<p><strong>Kliimamuutus L\u00e4\u00e4nemeres<\/strong><\/p>\n<p>Kui talved muutuvad soojemaks ja sademed sagenevad, soojeneb L\u00e4\u00e4nemeri, j\u00e4\u00e4kate v\u00e4heneb ja vee soolsus langeb. Sarnast merd ei ole mujal maailmas.<\/p>\n<p>Mere temperatuur on alates 1980. aastast t\u00f5usnud umbes 2 \u00b0C ja prognooside j\u00e4rgi t\u00f5useb P\u00f5hja-L\u00e4\u00e4nemeres veel 2\u20134 \u00b0C aastaks 2100. J\u00e4\u00e4katte ulatus v\u00f5ib v\u00e4heneda poole v\u00f5rra. See v\u00f5ib aidata tuultel hapnikku s\u00fcgavamatesse veekihtidesse segada, kuid samal ajal v\u00f5ivad mere enda protsessid suurendada hapniku tarbimist. Vesi kihistub tugevamalt, mis v\u00f5ib suurendada hapnikupuudust. Merepind t\u00f5useb ning talvised vihmad toovad merre rohkem toitaineid ja pinnast. Eutrofeerumine ja sinivetikate vohamine sagenevad.<\/p>\n<p><a href=\"https:\/\/itameri.fi\/itameren-tila\/ilmastonmuutos\/\">https:\/\/itameri.fi\/itameren-tila\/ilmastonmuutos\/<\/a><\/p>\n<p>[\/et_pb_text][et_pb_text admin_label=&#8221;Teksti &#8211; ilmastonmuutos ja AMOC&#8221; _builder_version=&#8221;4.27.4&#8243; _module_preset=&#8221;default&#8221; global_colors_info=&#8221;{}&#8221;]<\/p>\n<p><strong>Kliimamuutus ja AMOC<\/strong><br \/>Soome kliimat m\u00f5jutab tugevalt P\u00f5hja-Atlandi ringlus AMOC (Atlantic Meridional Overturning Circulation). Seda juhivad tuuled ja vee tiheduse erinevused. Ekvaatori l\u00e4hedal olev soe pinnavesi voolab p\u00f5hja poole, annab atmosf\u00e4\u00e4ri soojust ja muutub tihedamaks ning vajub s\u00fcgavamale. Samal ajal voolab k\u00fclmem vesi p\u00f5hjast l\u00f5una poole merep\u00f5hja l\u00e4hedal.<br \/>.<br \/>.<\/p>\n<p>[\/et_pb_text][\/et_pb_column][\/et_pb_row][et_pb_row column_structure=&#8221;1_2,1_2&#8243; _builder_version=&#8221;4.27.4&#8243; _module_preset=&#8221;default&#8221; global_colors_info=&#8221;{}&#8221;][et_pb_column type=&#8221;1_2&#8243; _builder_version=&#8221;4.27.4&#8243; _module_preset=&#8221;default&#8221; global_colors_info=&#8221;{}&#8221;][et_pb_text admin_label=&#8221;Teksti &#8211; ilmastonmuutos ja AMOC&#8221; _builder_version=&#8221;4.27.4&#8243; _module_preset=&#8221;default&#8221; global_colors_info=&#8221;{}&#8221;]<\/p>\n<p>AMOC-i t\u00e4htsaimad soojad hoovused on Golfi hoovus ja P\u00f5hja-Atlandi hoovus. Golfi hoovus kannab sooja vett Kariibi merest piki P\u00f5hja-Ameerika idarannikut ja edasi kirde suunas P\u00f5hja-Euroopa poole. T\u00e4nu sellele on P\u00f5hja-Euroopa kliima pehmem kui samadel laiuskraadidel asuvates piirkondades, n\u00e4iteks Kanadas.<\/p>\n<p>Kliimamuutuse t\u00f5ttu kaotab p\u00f5hja poole liikuv pinnavesi v\u00e4hem soojust ning s\u00fcsteemi seguneb \u00fcha rohkem magevett. Seet\u00f5ttu prognoositakse AMOC-i n\u00f5rgenemist. Kiire aeglustumine on v\u00f5imalik, kuid praegu peetakse seda ebat\u00f5en\u00e4oliseks.<\/p>\n<p>[\/et_pb_text][\/et_pb_column][et_pb_column type=&#8221;1_2&#8243; _builder_version=&#8221;4.27.4&#8243; _module_preset=&#8221;default&#8221; global_colors_info=&#8221;{}&#8221;][et_pb_image src=&#8221;https:\/\/rotary.fi\/d1420\/wp-content\/uploads\/sites\/183\/2026\/03\/amoc-merivirrat.png&#8221; title_text=&#8221;AMOC merivirrat&#8221; _builder_version=&#8221;4.27.4&#8243; _module_preset=&#8221;default&#8221; global_colors_info=&#8221;{}&#8221;][\/et_pb_image][\/et_pb_column][\/et_pb_row][et_pb_row _builder_version=&#8221;4.27.4&#8243; _module_preset=&#8221;default&#8221; global_colors_info=&#8221;{}&#8221;][et_pb_column type=&#8221;4_4&#8243; _builder_version=&#8221;4.27.4&#8243; _module_preset=&#8221;default&#8221; global_colors_info=&#8221;{}&#8221;][et_pb_text admin_label=&#8221;Teksti &#8211; ilmastonmuutos ja AMOC&#8221; _builder_version=&#8221;4.27.4&#8243; _module_preset=&#8221;default&#8221; global_colors_info=&#8221;{}&#8221;]<\/p>\n<p><strong>P\u00f5hjamaade raport AMOC-i ringluse v\u00f5imalike murdepunktide kohta kutsub \u00fcles tugevamale kliimaleevendusele, j\u00e4lgimisele ja valmisolekule<\/strong>.<\/p>\n<p>5. veebruaril 2026 avaldatud raport koondab teaduslikke teadmisi AMOC kokkuvarisemise v\u00f5imalike m\u00f5jude kohta P\u00f5hjamaades ning annab soovitusi poliitikakujundajatele<\/p>\n<p>Pohjois-Atlantin kiertoliike AMOC (eesti keeles: Atlandi meridionaalne \u00fcmberp\u00f6\u00f6ramine Ringlus) transpordib soojust P\u00f5hja-Atlandi ookeanile ja aitab kaasa P\u00f5hjamaade suhteliselt leebemale kliimale. Globaalne soojenemine aeglustab AMOC ts\u00fcklit. On ebat\u00f5en\u00e4oline, kuid v\u00f5imalik, et AMOC v\u00f5ib isegi suhteliselt v\u00e4ikese soojenemise t\u00f5ttu peatuda. Selline muutus AMOC ts\u00fcklis v\u00f5ib muuta P\u00f5hja-Euroopa kliima k\u00fclmemaks, kuna \u00fclej\u00e4\u00e4nud maailm j\u00e4tkab soojenemist. M\u00f5jud oleksid n\u00e4htavad toidu- ja energiatootmises ning inimeste elatusallikates, muu hulgas<\/p>\n<p><a href=\"https:\/\/www.ilmatieteenlaitos.fi\/merivirrat\">https:\/\/www.ilmatieteenlaitos.fi\/merivirrat<\/a><br \/><a href=\"https:\/\/www.ilmatieteenlaitos.fi\/tiedote\/6TWTzExsFgEalSzhDcpkCw\">https:\/\/www.ilmatieteenlaitos.fi\/tiedote\/6TWTzExsFgEalSzhDcpkCw<\/a><br \/><a href=\"https:\/\/pub.norden.org\/temanord2026-504\/\">https:\/\/pub.norden.org\/temanord2026-504\/<\/a><br \/><a href=\"https:\/\/www.acccflagship.fi\/wp-content\/uploads\/Tipping_points_Policy_Brief_suomi.pdf\">https:\/\/www.acccflagship.fi\/wp-content\/uploads\/Tipping_points_Policy_Brief_suomi.pdf<\/a><\/p>\n<p>[\/et_pb_text][\/et_pb_column][\/et_pb_row][\/et_pb_section]<\/p>\n","protected":false},"excerpt":{"rendered":"<p>Keskkonna seisundL\u00e4\u00e4nemere seisund on endiselt murettekitavInimtegevus kahjustab L\u00e4\u00e4nemere keskkonda mitmel viisil. V\u00f5\u00f5rliigid levivad uutele aladele laevaliikluse kaudu, toitained ja kahjulikud ained j\u00f5uavad merre maismaalt ja meretranspordist ning plastide ja s\u00fcnteetiliste kiudude kasutamise kasv p\u00f5hjustab merede risustamist. Laevaliiklus, ehitus, meretuulepargid ja muu mere kasutamine tekitavad ka veealust m\u00fcra ning muudavad hoovusi, lainetust, vee temperatuuri ja soolsust.Veehoiu [&hellip;]<\/p>\n","protected":false},"author":26,"featured_media":0,"parent":13361,"menu_order":5,"comment_status":"closed","ping_status":"closed","template":"","meta":{"_acf_changed":false,"_et_pb_use_builder":"on","_et_pb_old_content":"","_et_gb_content_width":"","footnotes":""},"class_list":["post-13397","page","type-page","status-publish","hentry"],"acf":[],"yoast_head":"<!-- This site is optimized with the Yoast SEO plugin v27.4 - https:\/\/yoast.com\/product\/yoast-seo-wordpress\/ -->\n<title>Keskkonna seisund - Piiri 1420<\/title>\n<meta name=\"robots\" content=\"index, follow, max-snippet:-1, max-image-preview:large, max-video-preview:-1\" \/>\n<link rel=\"canonical\" href=\"https:\/\/rotary.fi\/d1420\/et\/mida-me-teeme\/keskkond-ja-laanemeri\/keskkonna-seisund\/\" \/>\n<meta property=\"og:locale\" content=\"fi_FI\" \/>\n<meta property=\"og:type\" content=\"article\" \/>\n<meta property=\"og:title\" content=\"Keskkonna seisund - Piiri 1420\" \/>\n<meta property=\"og:description\" content=\"Keskkonna seisundL\u00e4\u00e4nemere seisund on endiselt murettekitavInimtegevus kahjustab L\u00e4\u00e4nemere keskkonda mitmel viisil. V\u00f5\u00f5rliigid levivad uutele aladele laevaliikluse kaudu, toitained ja kahjulikud ained j\u00f5uavad merre maismaalt ja meretranspordist ning plastide ja s\u00fcnteetiliste kiudude kasutamise kasv p\u00f5hjustab merede risustamist. Laevaliiklus, ehitus, meretuulepargid ja muu mere kasutamine tekitavad ka veealust m\u00fcra ning muudavad hoovusi, lainetust, vee temperatuuri ja soolsust.Veehoiu [&hellip;]\" \/>\n<meta property=\"og:url\" content=\"https:\/\/rotary.fi\/d1420\/et\/mida-me-teeme\/keskkond-ja-laanemeri\/keskkonna-seisund\/\" \/>\n<meta property=\"og:site_name\" content=\"Piiri 1420\" \/>\n<meta property=\"article:publisher\" content=\"https:\/\/www.facebook.com\/rotary\/\" \/>\n<meta property=\"article:modified_time\" content=\"2026-03-29T08:39:52+00:00\" \/>\n<meta name=\"twitter:card\" content=\"summary_large_image\" \/>\n<meta name=\"twitter:label1\" content=\"Arvioitu lukuaika\" \/>\n\t<meta name=\"twitter:data1\" content=\"5 minuuttia\" \/>\n<script type=\"application\/ld+json\" class=\"yoast-schema-graph\">{\"@context\":\"https:\\\/\\\/schema.org\",\"@graph\":[{\"@type\":\"WebPage\",\"@id\":\"https:\\\/\\\/rotary.fi\\\/d1420\\\/et\\\/mida-me-teeme\\\/keskkond-ja-laanemeri\\\/keskkonna-seisund\\\/\",\"url\":\"https:\\\/\\\/rotary.fi\\\/d1420\\\/et\\\/mida-me-teeme\\\/keskkond-ja-laanemeri\\\/keskkonna-seisund\\\/\",\"name\":\"Keskkonna seisund - Piiri 1420\",\"isPartOf\":{\"@id\":\"https:\\\/\\\/rotary.fi\\\/d1420\\\/#website\"},\"datePublished\":\"2026-03-29T08:28:20+00:00\",\"dateModified\":\"2026-03-29T08:39:52+00:00\",\"breadcrumb\":{\"@id\":\"https:\\\/\\\/rotary.fi\\\/d1420\\\/et\\\/mida-me-teeme\\\/keskkond-ja-laanemeri\\\/keskkonna-seisund\\\/#breadcrumb\"},\"inLanguage\":\"fi\",\"potentialAction\":[{\"@type\":\"ReadAction\",\"target\":[\"https:\\\/\\\/rotary.fi\\\/d1420\\\/et\\\/mida-me-teeme\\\/keskkond-ja-laanemeri\\\/keskkonna-seisund\\\/\"]}]},{\"@type\":\"BreadcrumbList\",\"@id\":\"https:\\\/\\\/rotary.fi\\\/d1420\\\/et\\\/mida-me-teeme\\\/keskkond-ja-laanemeri\\\/keskkonna-seisund\\\/#breadcrumb\",\"itemListElement\":[{\"@type\":\"ListItem\",\"position\":1,\"name\":\"Home\",\"item\":\"https:\\\/\\\/rotary.fi\\\/d1420\\\/\"},{\"@type\":\"ListItem\",\"position\":2,\"name\":\"Mida me teeme\",\"item\":\"https:\\\/\\\/rotary.fi\\\/d1420\\\/et\\\/mida-me-teeme\\\/\"},{\"@type\":\"ListItem\",\"position\":3,\"name\":\"Keskkond ja L\u00e4\u00e4nemeri\",\"item\":\"https:\\\/\\\/rotary.fi\\\/d1420\\\/et\\\/mida-me-teeme\\\/keskkond-ja-laanemeri\\\/\"},{\"@type\":\"ListItem\",\"position\":4,\"name\":\"Keskkonna seisund\"}]},{\"@type\":\"WebSite\",\"@id\":\"https:\\\/\\\/rotary.fi\\\/d1420\\\/#website\",\"url\":\"https:\\\/\\\/rotary.fi\\\/d1420\\\/\",\"name\":\"Piiri 1420\",\"description\":\"Suomen Rotary\",\"potentialAction\":[{\"@type\":\"SearchAction\",\"target\":{\"@type\":\"EntryPoint\",\"urlTemplate\":\"https:\\\/\\\/rotary.fi\\\/d1420\\\/?s={search_term_string}\"},\"query-input\":{\"@type\":\"PropertyValueSpecification\",\"valueRequired\":true,\"valueName\":\"search_term_string\"}}],\"inLanguage\":\"fi\"}]}<\/script>\n<!-- \/ Yoast SEO plugin. -->","yoast_head_json":{"title":"Keskkonna seisund - Piiri 1420","robots":{"index":"index","follow":"follow","max-snippet":"max-snippet:-1","max-image-preview":"max-image-preview:large","max-video-preview":"max-video-preview:-1"},"canonical":"https:\/\/rotary.fi\/d1420\/et\/mida-me-teeme\/keskkond-ja-laanemeri\/keskkonna-seisund\/","og_locale":"fi_FI","og_type":"article","og_title":"Keskkonna seisund - Piiri 1420","og_description":"Keskkonna seisundL\u00e4\u00e4nemere seisund on endiselt murettekitavInimtegevus kahjustab L\u00e4\u00e4nemere keskkonda mitmel viisil. V\u00f5\u00f5rliigid levivad uutele aladele laevaliikluse kaudu, toitained ja kahjulikud ained j\u00f5uavad merre maismaalt ja meretranspordist ning plastide ja s\u00fcnteetiliste kiudude kasutamise kasv p\u00f5hjustab merede risustamist. Laevaliiklus, ehitus, meretuulepargid ja muu mere kasutamine tekitavad ka veealust m\u00fcra ning muudavad hoovusi, lainetust, vee temperatuuri ja soolsust.Veehoiu [&hellip;]","og_url":"https:\/\/rotary.fi\/d1420\/et\/mida-me-teeme\/keskkond-ja-laanemeri\/keskkonna-seisund\/","og_site_name":"Piiri 1420","article_publisher":"https:\/\/www.facebook.com\/rotary\/","article_modified_time":"2026-03-29T08:39:52+00:00","twitter_card":"summary_large_image","twitter_misc":{"Arvioitu lukuaika":"5 minuuttia"},"schema":{"@context":"https:\/\/schema.org","@graph":[{"@type":"WebPage","@id":"https:\/\/rotary.fi\/d1420\/et\/mida-me-teeme\/keskkond-ja-laanemeri\/keskkonna-seisund\/","url":"https:\/\/rotary.fi\/d1420\/et\/mida-me-teeme\/keskkond-ja-laanemeri\/keskkonna-seisund\/","name":"Keskkonna seisund - Piiri 1420","isPartOf":{"@id":"https:\/\/rotary.fi\/d1420\/#website"},"datePublished":"2026-03-29T08:28:20+00:00","dateModified":"2026-03-29T08:39:52+00:00","breadcrumb":{"@id":"https:\/\/rotary.fi\/d1420\/et\/mida-me-teeme\/keskkond-ja-laanemeri\/keskkonna-seisund\/#breadcrumb"},"inLanguage":"fi","potentialAction":[{"@type":"ReadAction","target":["https:\/\/rotary.fi\/d1420\/et\/mida-me-teeme\/keskkond-ja-laanemeri\/keskkonna-seisund\/"]}]},{"@type":"BreadcrumbList","@id":"https:\/\/rotary.fi\/d1420\/et\/mida-me-teeme\/keskkond-ja-laanemeri\/keskkonna-seisund\/#breadcrumb","itemListElement":[{"@type":"ListItem","position":1,"name":"Home","item":"https:\/\/rotary.fi\/d1420\/"},{"@type":"ListItem","position":2,"name":"Mida me teeme","item":"https:\/\/rotary.fi\/d1420\/et\/mida-me-teeme\/"},{"@type":"ListItem","position":3,"name":"Keskkond ja L\u00e4\u00e4nemeri","item":"https:\/\/rotary.fi\/d1420\/et\/mida-me-teeme\/keskkond-ja-laanemeri\/"},{"@type":"ListItem","position":4,"name":"Keskkonna seisund"}]},{"@type":"WebSite","@id":"https:\/\/rotary.fi\/d1420\/#website","url":"https:\/\/rotary.fi\/d1420\/","name":"Piiri 1420","description":"Suomen Rotary","potentialAction":[{"@type":"SearchAction","target":{"@type":"EntryPoint","urlTemplate":"https:\/\/rotary.fi\/d1420\/?s={search_term_string}"},"query-input":{"@type":"PropertyValueSpecification","valueRequired":true,"valueName":"search_term_string"}}],"inLanguage":"fi"}]}},"lang":"et","translations":{"et":13397,"sv":13379,"fi":12632,"en":13389},"pll_sync_post":[],"_links":{"self":[{"href":"https:\/\/rotary.fi\/d1420\/wp-json\/wp\/v2\/pages\/13397","targetHints":{"allow":["GET"]}}],"collection":[{"href":"https:\/\/rotary.fi\/d1420\/wp-json\/wp\/v2\/pages"}],"about":[{"href":"https:\/\/rotary.fi\/d1420\/wp-json\/wp\/v2\/types\/page"}],"author":[{"embeddable":true,"href":"https:\/\/rotary.fi\/d1420\/wp-json\/wp\/v2\/users\/26"}],"replies":[{"embeddable":true,"href":"https:\/\/rotary.fi\/d1420\/wp-json\/wp\/v2\/comments?post=13397"}],"version-history":[{"count":5,"href":"https:\/\/rotary.fi\/d1420\/wp-json\/wp\/v2\/pages\/13397\/revisions"}],"predecessor-version":[{"id":13404,"href":"https:\/\/rotary.fi\/d1420\/wp-json\/wp\/v2\/pages\/13397\/revisions\/13404"}],"up":[{"embeddable":true,"href":"https:\/\/rotary.fi\/d1420\/wp-json\/wp\/v2\/pages\/13361"}],"wp:attachment":[{"href":"https:\/\/rotary.fi\/d1420\/wp-json\/wp\/v2\/media?parent=13397"}],"curies":[{"name":"wp","href":"https:\/\/api.w.org\/{rel}","templated":true}]}}