{"id":13389,"date":"2026-03-29T10:18:41","date_gmt":"2026-03-29T08:18:41","guid":{"rendered":"https:\/\/rotary.fi\/d1420\/?page_id=13389"},"modified":"2026-04-20T09:14:30","modified_gmt":"2026-04-20T07:14:30","slug":"state-of-the-environment","status":"publish","type":"page","link":"https:\/\/rotary.fi\/d1420\/en\/what-we-do\/environment-and-the-baltic-sea\/state-of-the-environment\/","title":{"rendered":"State of the Environment"},"content":{"rendered":"<p>[et_pb_section fb_built=&#8221;1&#8243; admin_label=&#8221;Osio &#8211; yl\u00e4kuva&#8221; module_class=&#8221;jumbotron-page&#8221; _builder_version=&#8221;4.27.4&#8243; background_image=&#8221;https:\/\/rotary.fi\/d1420\/wp-content\/uploads\/sites\/183\/2026\/03\/maisema-2.jpg&#8221; background_position=&#8221;top_center&#8221; global_colors_info=&#8221;{}&#8221;][et_pb_row module_class=&#8221; et_pb_row_fullwidth et_pb_row_fullwidth&#8221; _builder_version=&#8221;4.16&#8243; width=&#8221;89%&#8221; width_tablet=&#8221;80%&#8221; width_phone=&#8221;&#8221; width_last_edited=&#8221;on|desktop&#8221; max_width=&#8221;89%&#8221; max_width_tablet=&#8221;80%&#8221; max_width_phone=&#8221;&#8221; max_width_last_edited=&#8221;on|desktop&#8221; make_fullwidth=&#8221;on&#8221; global_colors_info=&#8221;{}&#8221;][et_pb_column type=&#8221;4_4&#8243; _builder_version=&#8221;4.16&#8243; custom_padding=&#8221;|||&#8221; global_colors_info=&#8221;{}&#8221; custom_padding__hover=&#8221;|||&#8221;][et_pb_text admin_label=&#8221;Ymp\u00e4rist\u00f6n tila -p\u00e4\u00e4otsikko&#8221; _builder_version=&#8221;4.27.4&#8243; text_orientation=&#8221;center&#8221; background_layout=&#8221;dark&#8221; global_colors_info=&#8221;{}&#8221;]<\/p>\n<h1>State of the Environment<\/h1>\n<p>[\/et_pb_text][\/et_pb_column][\/et_pb_row][\/et_pb_section][et_pb_section fb_built=&#8221;1&#8243; admin_label=&#8221;Osio -ymp\u00e4rist\u00f6&#8221; module_class=&#8221;sisaltoalue_perus&#8221; _builder_version=&#8221;4.22.1&#8243; custom_margin=&#8221;||0px||false|false&#8221; border_color_all=&#8221;#FFFFFF&#8221; border_style_all=&#8221;none&#8221; border_width_bottom=&#8221;1px&#8221; border_color_bottom=&#8221;#019FCB&#8221; global_colors_info=&#8221;{}&#8221;][et_pb_row _builder_version=&#8221;4.27.4&#8243; _module_preset=&#8221;default&#8221; global_colors_info=&#8221;{}&#8221;][et_pb_column type=&#8221;4_4&#8243; _builder_version=&#8221;4.27.4&#8243; _module_preset=&#8221;default&#8221; global_colors_info=&#8221;{}&#8221;][et_pb_text admin_label=&#8221;It\u00e4meren tila otsikko&#8221; _builder_version=&#8221;4.27.4&#8243; text_orientation=&#8221;center&#8221; global_colors_info=&#8221;{}&#8221;]<\/p>\n<h2 style=\"text-align: left\">The State of the Baltic Sea Remains Concerning<\/h2>\n<p>[\/et_pb_text][et_pb_text _builder_version=&#8221;4.27.4&#8243; _module_preset=&#8221;default&#8221; global_colors_info=&#8221;{}&#8221;]<\/p>\n<p>Human activities affect the Baltic Sea in many ways. Invasive species spread through shipping, nutrients and harmful substances enter the sea from land and maritime transport, and the increasing use of plastics and synthetic fibres contributes to marine litter. Shipping, construction, offshore wind farms and other uses of the sea also generate underwater noise and changes in currents, wave conditions, water temperature and salinity.<\/p>\n<p>[\/et_pb_text][\/et_pb_column][\/et_pb_row][et_pb_row column_structure=&#8221;1_2,1_2&#8243; _builder_version=&#8221;4.27.4&#8243; _module_preset=&#8221;default&#8221; global_colors_info=&#8221;{}&#8221;][et_pb_column type=&#8221;1_2&#8243; _builder_version=&#8221;4.27.4&#8243; _module_preset=&#8221;default&#8221; global_colors_info=&#8221;{}&#8221;][et_pb_text _builder_version=&#8221;4.27.4&#8243; _module_preset=&#8221;default&#8221; global_colors_info=&#8221;{}&#8221;]<\/p>\n<p>The objective of water management for 2027 is that all waters should achieve at least good ecological status and that the deterioration of water bodies should be prevented across the EU. The accompanying figure shows the status of Finland\u2019s inland and coastal waters in 2019. Green and blue indicate good and excellent status. The status of waters is assessed every six years.<\/p>\n<p>The Baltic Sea is monitored continuously. Monitoring programmes observe eutrophication, water quality, marine biodiversity and other aspects of marine well-being. Based on these observations, an assessment is made for each component. The goal is for every component to reach good status.<\/p>\n<p>[\/et_pb_text][\/et_pb_column][et_pb_column type=&#8221;1_2&#8243; _builder_version=&#8221;4.27.4&#8243; _module_preset=&#8221;default&#8221; global_colors_info=&#8221;{}&#8221;][et_pb_image src=&#8221;https:\/\/rotary.fi\/d1420\/wp-content\/uploads\/sites\/183\/2026\/03\/itameren-tila-pintaveden-tila.png&#8221; title_text=&#8221;It\u00e4meren tila &#8211; pintaveden tila&#8221; _builder_version=&#8221;4.27.4&#8243; _module_preset=&#8221;default&#8221; global_colors_info=&#8221;{}&#8221;][\/et_pb_image][\/et_pb_column][\/et_pb_row][et_pb_row column_structure=&#8221;1_3,1_3,1_3&#8243; _builder_version=&#8221;4.27.4&#8243; _module_preset=&#8221;default&#8221; global_colors_info=&#8221;{}&#8221;][et_pb_column type=&#8221;1_3&#8243; _builder_version=&#8221;4.27.4&#8243; _module_preset=&#8221;default&#8221; global_colors_info=&#8221;{}&#8221;][et_pb_image src=&#8221;https:\/\/rotary.fi\/d1420\/wp-content\/uploads\/sites\/183\/2026\/03\/fosfori-syke.png&#8221; title_text=&#8221;Fosfori &#8211; SYKE&#8221; _builder_version=&#8221;4.27.4&#8243; _module_preset=&#8221;default&#8221; global_colors_info=&#8221;{}&#8221;][\/et_pb_image][\/et_pb_column][et_pb_column type=&#8221;1_3&#8243; _builder_version=&#8221;4.27.4&#8243; _module_preset=&#8221;default&#8221; global_colors_info=&#8221;{}&#8221;][et_pb_image src=&#8221;https:\/\/rotary.fi\/d1420\/wp-content\/uploads\/sites\/183\/2026\/03\/happi-syke.png&#8221; title_text=&#8221;Happi &#8211; SYKE&#8221; _builder_version=&#8221;4.27.4&#8243; _module_preset=&#8221;default&#8221; global_colors_info=&#8221;{}&#8221;][\/et_pb_image][\/et_pb_column][et_pb_column type=&#8221;1_3&#8243; _builder_version=&#8221;4.27.4&#8243; _module_preset=&#8221;default&#8221; global_colors_info=&#8221;{}&#8221;][et_pb_text _builder_version=&#8221;4.27.4&#8243; _module_preset=&#8221;default&#8221; global_colors_info=&#8221;{}&#8221;]<\/p>\n<p>However, there is still a long way to go. This is illustrated, for example, by SYKE\u2019s maps of bottom phosphorus and oxygen concentrations published in August 2023. In the oxygen map, red indicates oxygen-depleted bottoms and blue indicates good conditions. Organic material that settles on the seabed decomposes, consuming oxygen and releasing phosphorus. During the following summer, phosphorus is again absorbed by growing algae. Phosphorus inputs should be reduced and, where possible, removed from water systems.<\/p>\n<p>Over the past decades, increasing water temperatures have contributed to the worsening situation.<\/p>\n<p>[\/et_pb_text][\/et_pb_column][\/et_pb_row][et_pb_row _builder_version=&#8221;4.27.4&#8243; _module_preset=&#8221;default&#8221; global_colors_info=&#8221;{}&#8221;][et_pb_column type=&#8221;4_4&#8243; _builder_version=&#8221;4.27.4&#8243; _module_preset=&#8221;default&#8221; global_colors_info=&#8221;{}&#8221;][et_pb_text admin_label=&#8221;Teksti &#8211; linkit&#8221; _builder_version=&#8221;4.27.6&#8243; _module_preset=&#8221;default&#8221; hover_enabled=&#8221;0&#8243; global_colors_info=&#8221;{}&#8221; sticky_enabled=&#8221;0&#8243;]<\/p>\n<p>Information about the Baltic Sea and water conditions is available on several websites, including environmental and water information portals.<br \/><a href=\"https:\/\/www.ymparisto.fi\/fi\/ympariston-tila\/vesi\/itameren-tila\">https:\/\/www.ymparisto.fi\/fi\/ympariston-tila\/vesi\/itameren-tila<\/a><br \/><a href=\"https:\/\/www.ymparisto.fi\/fi\/luonto-vesistot-ja-meri\/meri\/suomen-meriympariston-tila-2024\">https:\/\/www.ymparisto.fi\/fi\/luonto-vesistot-ja-meri\/meri\/suomen-meriympariston-tila-2024<\/a><br \/><a href=\"https:\/\/itameri.fi\/itameren-tila\/merenpohjan-tila-2\/hapettomat-pohjat\/\">https:\/\/itameri.fi\/itameren-tila\/merenpohjan-tila-2\/hapettomat-pohjat\/<\/a><br \/><a href=\"https:\/\/www.europarl.europa.eu\/topics\/en\/article\/20250428STO28142\/europe-swaters-key-challenges-and-eu-solutions\">https:\/\/www.europarl.europa.eu\/topics\/en\/article\/20250428STO28142\/europe-swaters-key-challenges-and-eu-solutions<\/a><br \/><a href=\"https:\/\/www.vesi.fi\/teemasivut\/\">https:\/\/www.vesi.fi\/teemasivut\/<\/a><br \/><a href=\"https:\/\/www.vesi.fi\/karttapalvelu\/\">https:\/\/www.vesi.fi\/karttapalvelu\/<\/a><\/p>\n<p>[\/et_pb_text][et_pb_divider _builder_version=&#8221;4.27.4&#8243; _module_preset=&#8221;default&#8221; global_colors_info=&#8221;{}&#8221;][\/et_pb_divider][\/et_pb_column][\/et_pb_row][et_pb_row _builder_version=&#8221;4.27.4&#8243; _module_preset=&#8221;default&#8221; global_colors_info=&#8221;{}&#8221;][et_pb_column type=&#8221;4_4&#8243; _builder_version=&#8221;4.27.4&#8243; _module_preset=&#8221;default&#8221; global_colors_info=&#8221;{}&#8221;][et_pb_text admin_label=&#8221;otsikko &#8211; Ilmastomuutos&#8221; _builder_version=&#8221;4.27.4&#8243; _module_preset=&#8221;default&#8221; global_colors_info=&#8221;{}&#8221;]<\/p>\n<h3>Climate Change<\/h3>\n<p>[\/et_pb_text][et_pb_text admin_label=&#8221;Teksti &#8211; ilmastonmuutos it\u00e4merell\u00e4&#8221; _builder_version=&#8221;4.27.4&#8243; _module_preset=&#8221;default&#8221; global_colors_info=&#8221;{}&#8221;]<\/p>\n<p>Climate change is one of the most serious environmental challenges facing humanity. It is closely linked to biodiversity loss and unsustainable consumption and production patterns.<\/p>\n<p><strong>Climate Change in the Baltic Sea<\/strong><br \/>As winters become warmer and precipitation increases, the Baltic Sea warms, ice cover decreases and salinity declines. There is no other sea in the world with similar characteristics.<\/p>\n<p>Sea temperature has risen by about 2 \u00b0C since 1980, and in the northern Baltic Sea it is projected to rise by another 2\u20134 \u00b0C by 2100. Ice cover may shrink to about half its current extent, which may help winds mix oxygen into deeper waters. At the same time, internal processes in the sea may increase oxygen consumption. Water stratification may intensify, increasing oxygen deficiency. Sea level rises, and winter rains wash more nutrients and soil into the sea. Eutrophication and cyanobacterial blooms increase, further worsening oxygen depletion.<\/p>\n<p><a href=\"https:\/\/itameri.fi\/itameren-tila\/ilmastonmuutos\/\">https:\/\/itameri.fi\/itameren-tila\/ilmastonmuutos\/<\/a><\/p>\n<p>[\/et_pb_text][et_pb_text admin_label=&#8221;Teksti &#8211; ilmastonmuutos ja AMOC&#8221; _builder_version=&#8221;4.27.4&#8243; _module_preset=&#8221;default&#8221; global_colors_info=&#8221;{}&#8221;]<\/p>\n<p><strong>Climate Change and AMOC<\/strong><\/p>\n<p>Finland\u2019s climate is strongly influenced by the Atlantic Meridional Overturning Circulation (AMOC) in the North Atlantic. It is driven by winds and differences in water density. Warm surface water near the equator flows northward, releases heat to the atmosphere and becomes denser, sinking toward deeper layers. At the same time, colder water flows southward near the seabed.<br \/>.<\/p>\n<p>[\/et_pb_text][\/et_pb_column][\/et_pb_row][et_pb_row column_structure=&#8221;1_2,1_2&#8243; _builder_version=&#8221;4.27.4&#8243; _module_preset=&#8221;default&#8221; global_colors_info=&#8221;{}&#8221;][et_pb_column type=&#8221;1_2&#8243; _builder_version=&#8221;4.27.4&#8243; _module_preset=&#8221;default&#8221; global_colors_info=&#8221;{}&#8221;][et_pb_text admin_label=&#8221;Teksti &#8211; ilmastonmuutos ja AMOC&#8221; _builder_version=&#8221;4.27.4&#8243; _module_preset=&#8221;default&#8221; global_colors_info=&#8221;{}&#8221;]<\/p>\n<p>The most important warm currents in the AMOC system are the Gulf Stream and the North Atlantic Current. The Gulf Stream carries warm water from the Caribbean along the eastern coast of North America and further northeast toward northern Europe. This heat transport makes northern Europe milder than other regions at similar latitudes, such as Canada.<\/p>\n<p>Due to climate change, surface waters moving north lose less heat than before and increasingly mix with freshwater, which is lighter than saltwater. As a result, AMOC circulation is expected to weaken. A rapid slowdown has been discussed but is currently considered unlikely.<\/p>\n<p>[\/et_pb_text][\/et_pb_column][et_pb_column type=&#8221;1_2&#8243; _builder_version=&#8221;4.27.4&#8243; _module_preset=&#8221;default&#8221; global_colors_info=&#8221;{}&#8221;][et_pb_image src=&#8221;https:\/\/rotary.fi\/d1420\/wp-content\/uploads\/sites\/183\/2026\/03\/amoc-merivirrat.png&#8221; title_text=&#8221;AMOC merivirrat&#8221; _builder_version=&#8221;4.27.4&#8243; _module_preset=&#8221;default&#8221; global_colors_info=&#8221;{}&#8221;][\/et_pb_image][\/et_pb_column][\/et_pb_row][et_pb_row _builder_version=&#8221;4.27.4&#8243; _module_preset=&#8221;default&#8221; global_colors_info=&#8221;{}&#8221;][et_pb_column type=&#8221;4_4&#8243; _builder_version=&#8221;4.27.4&#8243; _module_preset=&#8221;default&#8221; global_colors_info=&#8221;{}&#8221;][et_pb_text admin_label=&#8221;Teksti &#8211; ilmastonmuutos ja AMOC&#8221; _builder_version=&#8221;4.27.4&#8243; _module_preset=&#8221;default&#8221; global_colors_info=&#8221;{}&#8221;]<\/p>\n<p><strong>A Nordic report on possible tipping points in the AMOC circulation calls for stronger climate mitigation, monitoring and preparedness.<\/strong><\/p>\n<p>A report published on 5 February 2026 compiles scientific knowledge about the potential impacts of an AMOC collapse in the Nordic countries and provides recommendations for policymakers.<\/p>\n<p>Pohjois-Atlantin kiertoliike AMOC (engl. the Atlantic Meridional Overturning Circulation) transports heat to the North Atlantic and contributes to the relatively mild climate of the Nordic countries. Global warming slows down the AMOC cycle. It is unlikely but possible that the AMOC could even stop as a result of relatively minor warming. Such a change in the AMOC cycle could turn the climate in northern Europe colder as the rest of the world continues to warm. The effects would be visible in food and energy production and people&#8217;s livelihoods, among other things.<\/p>\n<p><a href=\"https:\/\/www.ilmatieteenlaitos.fi\/merivirrat\">https:\/\/www.ilmatieteenlaitos.fi\/merivirrat<\/a><br \/><a href=\"https:\/\/www.ilmatieteenlaitos.fi\/tiedote\/6TWTzExsFgEalSzhDcpkCw\">https:\/\/www.ilmatieteenlaitos.fi\/tiedote\/6TWTzExsFgEalSzhDcpkCw<\/a><br \/><a href=\"https:\/\/pub.norden.org\/temanord2026-504\/\">https:\/\/pub.norden.org\/temanord2026-504\/<\/a><br \/><a href=\"https:\/\/www.acccflagship.fi\/wp-content\/uploads\/Tipping_points_Policy_Brief_suomi.pdf\">https:\/\/www.acccflagship.fi\/wp-content\/uploads\/Tipping_points_Policy_Brief_suomi.pdf<\/a><\/p>\n<p>[\/et_pb_text][\/et_pb_column][\/et_pb_row][\/et_pb_section]<\/p>\n","protected":false},"excerpt":{"rendered":"<p>State of the EnvironmentThe State of the Baltic Sea Remains ConcerningHuman activities affect the Baltic Sea in many ways. Invasive species spread through shipping, nutrients and harmful substances enter the sea from land and maritime transport, and the increasing use of plastics and synthetic fibres contributes to marine litter. Shipping, construction, offshore wind farms and [&hellip;]<\/p>\n","protected":false},"author":26,"featured_media":0,"parent":13351,"menu_order":5,"comment_status":"closed","ping_status":"closed","template":"","meta":{"_acf_changed":false,"_et_pb_use_builder":"on","_et_pb_old_content":"","_et_gb_content_width":"","footnotes":""},"class_list":["post-13389","page","type-page","status-publish","hentry"],"acf":[],"yoast_head":"<!-- This site is optimized with the Yoast SEO plugin v27.4 - https:\/\/yoast.com\/product\/yoast-seo-wordpress\/ -->\n<title>State of the Environment - Piiri 1420<\/title>\n<meta name=\"robots\" content=\"index, follow, max-snippet:-1, max-image-preview:large, max-video-preview:-1\" \/>\n<link rel=\"canonical\" href=\"https:\/\/rotary.fi\/d1420\/en\/what-we-do\/environment-and-the-baltic-sea\/state-of-the-environment\/\" \/>\n<meta property=\"og:locale\" content=\"fi_FI\" \/>\n<meta property=\"og:type\" content=\"article\" \/>\n<meta property=\"og:title\" content=\"State of the Environment - Piiri 1420\" \/>\n<meta property=\"og:description\" content=\"State of the EnvironmentThe State of the Baltic Sea Remains ConcerningHuman activities affect the Baltic Sea in many ways. Invasive species spread through shipping, nutrients and harmful substances enter the sea from land and maritime transport, and the increasing use of plastics and synthetic fibres contributes to marine litter. Shipping, construction, offshore wind farms and [&hellip;]\" \/>\n<meta property=\"og:url\" content=\"https:\/\/rotary.fi\/d1420\/en\/what-we-do\/environment-and-the-baltic-sea\/state-of-the-environment\/\" \/>\n<meta property=\"og:site_name\" content=\"Piiri 1420\" \/>\n<meta property=\"article:publisher\" content=\"https:\/\/www.facebook.com\/rotary\/\" \/>\n<meta property=\"article:modified_time\" content=\"2026-04-20T07:14:30+00:00\" \/>\n<meta name=\"twitter:card\" content=\"summary_large_image\" \/>\n<meta name=\"twitter:label1\" content=\"Arvioitu lukuaika\" \/>\n\t<meta name=\"twitter:data1\" content=\"6 minuuttia\" \/>\n<script type=\"application\/ld+json\" class=\"yoast-schema-graph\">{\"@context\":\"https:\\\/\\\/schema.org\",\"@graph\":[{\"@type\":\"WebPage\",\"@id\":\"https:\\\/\\\/rotary.fi\\\/d1420\\\/en\\\/what-we-do\\\/environment-and-the-baltic-sea\\\/state-of-the-environment\\\/\",\"url\":\"https:\\\/\\\/rotary.fi\\\/d1420\\\/en\\\/what-we-do\\\/environment-and-the-baltic-sea\\\/state-of-the-environment\\\/\",\"name\":\"State of the Environment - Piiri 1420\",\"isPartOf\":{\"@id\":\"https:\\\/\\\/rotary.fi\\\/d1420\\\/#website\"},\"datePublished\":\"2026-03-29T08:18:41+00:00\",\"dateModified\":\"2026-04-20T07:14:30+00:00\",\"breadcrumb\":{\"@id\":\"https:\\\/\\\/rotary.fi\\\/d1420\\\/en\\\/what-we-do\\\/environment-and-the-baltic-sea\\\/state-of-the-environment\\\/#breadcrumb\"},\"inLanguage\":\"fi\",\"potentialAction\":[{\"@type\":\"ReadAction\",\"target\":[\"https:\\\/\\\/rotary.fi\\\/d1420\\\/en\\\/what-we-do\\\/environment-and-the-baltic-sea\\\/state-of-the-environment\\\/\"]}]},{\"@type\":\"BreadcrumbList\",\"@id\":\"https:\\\/\\\/rotary.fi\\\/d1420\\\/en\\\/what-we-do\\\/environment-and-the-baltic-sea\\\/state-of-the-environment\\\/#breadcrumb\",\"itemListElement\":[{\"@type\":\"ListItem\",\"position\":1,\"name\":\"Home\",\"item\":\"https:\\\/\\\/rotary.fi\\\/d1420\\\/\"},{\"@type\":\"ListItem\",\"position\":2,\"name\":\"What We Do\",\"item\":\"https:\\\/\\\/rotary.fi\\\/d1420\\\/en\\\/what-we-do\\\/\"},{\"@type\":\"ListItem\",\"position\":3,\"name\":\"Environment and the Baltic Sea\",\"item\":\"https:\\\/\\\/rotary.fi\\\/d1420\\\/en\\\/what-we-do\\\/environment-and-the-baltic-sea\\\/\"},{\"@type\":\"ListItem\",\"position\":4,\"name\":\"State of the Environment\"}]},{\"@type\":\"WebSite\",\"@id\":\"https:\\\/\\\/rotary.fi\\\/d1420\\\/#website\",\"url\":\"https:\\\/\\\/rotary.fi\\\/d1420\\\/\",\"name\":\"Piiri 1420\",\"description\":\"Suomen Rotary\",\"potentialAction\":[{\"@type\":\"SearchAction\",\"target\":{\"@type\":\"EntryPoint\",\"urlTemplate\":\"https:\\\/\\\/rotary.fi\\\/d1420\\\/?s={search_term_string}\"},\"query-input\":{\"@type\":\"PropertyValueSpecification\",\"valueRequired\":true,\"valueName\":\"search_term_string\"}}],\"inLanguage\":\"fi\"}]}<\/script>\n<!-- \/ Yoast SEO plugin. -->","yoast_head_json":{"title":"State of the Environment - Piiri 1420","robots":{"index":"index","follow":"follow","max-snippet":"max-snippet:-1","max-image-preview":"max-image-preview:large","max-video-preview":"max-video-preview:-1"},"canonical":"https:\/\/rotary.fi\/d1420\/en\/what-we-do\/environment-and-the-baltic-sea\/state-of-the-environment\/","og_locale":"fi_FI","og_type":"article","og_title":"State of the Environment - Piiri 1420","og_description":"State of the EnvironmentThe State of the Baltic Sea Remains ConcerningHuman activities affect the Baltic Sea in many ways. Invasive species spread through shipping, nutrients and harmful substances enter the sea from land and maritime transport, and the increasing use of plastics and synthetic fibres contributes to marine litter. Shipping, construction, offshore wind farms and [&hellip;]","og_url":"https:\/\/rotary.fi\/d1420\/en\/what-we-do\/environment-and-the-baltic-sea\/state-of-the-environment\/","og_site_name":"Piiri 1420","article_publisher":"https:\/\/www.facebook.com\/rotary\/","article_modified_time":"2026-04-20T07:14:30+00:00","twitter_card":"summary_large_image","twitter_misc":{"Arvioitu lukuaika":"6 minuuttia"},"schema":{"@context":"https:\/\/schema.org","@graph":[{"@type":"WebPage","@id":"https:\/\/rotary.fi\/d1420\/en\/what-we-do\/environment-and-the-baltic-sea\/state-of-the-environment\/","url":"https:\/\/rotary.fi\/d1420\/en\/what-we-do\/environment-and-the-baltic-sea\/state-of-the-environment\/","name":"State of the Environment - Piiri 1420","isPartOf":{"@id":"https:\/\/rotary.fi\/d1420\/#website"},"datePublished":"2026-03-29T08:18:41+00:00","dateModified":"2026-04-20T07:14:30+00:00","breadcrumb":{"@id":"https:\/\/rotary.fi\/d1420\/en\/what-we-do\/environment-and-the-baltic-sea\/state-of-the-environment\/#breadcrumb"},"inLanguage":"fi","potentialAction":[{"@type":"ReadAction","target":["https:\/\/rotary.fi\/d1420\/en\/what-we-do\/environment-and-the-baltic-sea\/state-of-the-environment\/"]}]},{"@type":"BreadcrumbList","@id":"https:\/\/rotary.fi\/d1420\/en\/what-we-do\/environment-and-the-baltic-sea\/state-of-the-environment\/#breadcrumb","itemListElement":[{"@type":"ListItem","position":1,"name":"Home","item":"https:\/\/rotary.fi\/d1420\/"},{"@type":"ListItem","position":2,"name":"What We Do","item":"https:\/\/rotary.fi\/d1420\/en\/what-we-do\/"},{"@type":"ListItem","position":3,"name":"Environment and the Baltic Sea","item":"https:\/\/rotary.fi\/d1420\/en\/what-we-do\/environment-and-the-baltic-sea\/"},{"@type":"ListItem","position":4,"name":"State of the Environment"}]},{"@type":"WebSite","@id":"https:\/\/rotary.fi\/d1420\/#website","url":"https:\/\/rotary.fi\/d1420\/","name":"Piiri 1420","description":"Suomen Rotary","potentialAction":[{"@type":"SearchAction","target":{"@type":"EntryPoint","urlTemplate":"https:\/\/rotary.fi\/d1420\/?s={search_term_string}"},"query-input":{"@type":"PropertyValueSpecification","valueRequired":true,"valueName":"search_term_string"}}],"inLanguage":"fi"}]}},"lang":"en","translations":{"en":13389,"sv":13379,"fi":12632,"et":13397},"pll_sync_post":[],"_links":{"self":[{"href":"https:\/\/rotary.fi\/d1420\/wp-json\/wp\/v2\/pages\/13389","targetHints":{"allow":["GET"]}}],"collection":[{"href":"https:\/\/rotary.fi\/d1420\/wp-json\/wp\/v2\/pages"}],"about":[{"href":"https:\/\/rotary.fi\/d1420\/wp-json\/wp\/v2\/types\/page"}],"author":[{"embeddable":true,"href":"https:\/\/rotary.fi\/d1420\/wp-json\/wp\/v2\/users\/26"}],"replies":[{"embeddable":true,"href":"https:\/\/rotary.fi\/d1420\/wp-json\/wp\/v2\/comments?post=13389"}],"version-history":[{"count":6,"href":"https:\/\/rotary.fi\/d1420\/wp-json\/wp\/v2\/pages\/13389\/revisions"}],"predecessor-version":[{"id":13765,"href":"https:\/\/rotary.fi\/d1420\/wp-json\/wp\/v2\/pages\/13389\/revisions\/13765"}],"up":[{"embeddable":true,"href":"https:\/\/rotary.fi\/d1420\/wp-json\/wp\/v2\/pages\/13351"}],"wp:attachment":[{"href":"https:\/\/rotary.fi\/d1420\/wp-json\/wp\/v2\/media?parent=13389"}],"curies":[{"name":"wp","href":"https:\/\/api.w.org\/{rel}","templated":true}]}}