{"id":13379,"date":"2026-03-29T10:12:27","date_gmt":"2026-03-29T08:12:27","guid":{"rendered":"https:\/\/rotary.fi\/d1420\/?page_id=13379"},"modified":"2026-04-20T09:12:52","modified_gmt":"2026-04-20T07:12:52","slug":"miljons-tillstand","status":"publish","type":"page","link":"https:\/\/rotary.fi\/d1420\/sv\/det-har-gor-vi\/miljo-och-ostersjon\/miljons-tillstand\/","title":{"rendered":"Milj\u00f6ns tillst\u00e5nd"},"content":{"rendered":"<p>[et_pb_section fb_built=&#8221;1&#8243; admin_label=&#8221;Osio &#8211; yl\u00e4kuva&#8221; module_class=&#8221;jumbotron-page&#8221; _builder_version=&#8221;4.27.4&#8243; background_image=&#8221;https:\/\/rotary.fi\/d1420\/wp-content\/uploads\/sites\/183\/2026\/03\/maisema-2.jpg&#8221; background_position=&#8221;top_center&#8221; global_colors_info=&#8221;{}&#8221;][et_pb_row module_class=&#8221; et_pb_row_fullwidth et_pb_row_fullwidth&#8221; _builder_version=&#8221;4.16&#8243; width=&#8221;89%&#8221; width_tablet=&#8221;80%&#8221; width_phone=&#8221;&#8221; width_last_edited=&#8221;on|desktop&#8221; max_width=&#8221;89%&#8221; max_width_tablet=&#8221;80%&#8221; max_width_phone=&#8221;&#8221; max_width_last_edited=&#8221;on|desktop&#8221; make_fullwidth=&#8221;on&#8221; global_colors_info=&#8221;{}&#8221;][et_pb_column type=&#8221;4_4&#8243; _builder_version=&#8221;4.16&#8243; custom_padding=&#8221;|||&#8221; global_colors_info=&#8221;{}&#8221; custom_padding__hover=&#8221;|||&#8221;][et_pb_text admin_label=&#8221;Ymp\u00e4rist\u00f6n tila -p\u00e4\u00e4otsikko&#8221; _builder_version=&#8221;4.27.4&#8243; text_orientation=&#8221;center&#8221; background_layout=&#8221;dark&#8221; global_colors_info=&#8221;{}&#8221;]<\/p>\n<h1>Milj\u00f6ns tillst\u00e5nd<\/h1>\n<p>[\/et_pb_text][\/et_pb_column][\/et_pb_row][\/et_pb_section][et_pb_section fb_built=&#8221;1&#8243; admin_label=&#8221;Osio -ymp\u00e4rist\u00f6&#8221; module_class=&#8221;sisaltoalue_perus&#8221; _builder_version=&#8221;4.22.1&#8243; custom_margin=&#8221;||0px||false|false&#8221; border_color_all=&#8221;#FFFFFF&#8221; border_style_all=&#8221;none&#8221; border_width_bottom=&#8221;1px&#8221; border_color_bottom=&#8221;#019FCB&#8221; global_colors_info=&#8221;{}&#8221;][et_pb_row _builder_version=&#8221;4.27.4&#8243; _module_preset=&#8221;default&#8221; global_colors_info=&#8221;{}&#8221;][et_pb_column type=&#8221;4_4&#8243; _builder_version=&#8221;4.27.4&#8243; _module_preset=&#8221;default&#8221; global_colors_info=&#8221;{}&#8221;][et_pb_text admin_label=&#8221;It\u00e4meren tila otsikko&#8221; _builder_version=&#8221;4.27.4&#8243; text_orientation=&#8221;center&#8221; global_colors_info=&#8221;{}&#8221;]<\/p>\n<h2 style=\"text-align: left\">\u00d6stersj\u00f6ns tillst\u00e5nd \u00e4r fortfarande oroande<\/h2>\n<p>[\/et_pb_text][et_pb_text _builder_version=&#8221;4.27.4&#8243; _module_preset=&#8221;default&#8221; global_colors_info=&#8221;{}&#8221;]<\/p>\n<p>M\u00e4nniskans verksamhet f\u00f6rs\u00e4mrar \u00d6stersj\u00f6ns milj\u00f6 p\u00e5 m\u00e5nga s\u00e4tt. Fr\u00e4mmande arter sprids till nya omr\u00e5den via sj\u00f6farten, n\u00e4rings\u00e4mnen och skadliga \u00e4mnen transporteras till havet fr\u00e5n land och fr\u00e5n sj\u00f6farten, och den \u00f6kande anv\u00e4ndningen av plast och syntetiska fibrer syns i form av nedskr\u00e4pning i haven. Sj\u00f6fart, byggande, havsbaserad vindkraft och annan anv\u00e4ndning av havet skapar dessutom undervattensbuller och f\u00f6r\u00e4ndringar i str\u00f6mmar, v\u00e5gr\u00f6relser, vattentemperatur och salthalt.<\/p>\n<p>[\/et_pb_text][\/et_pb_column][\/et_pb_row][et_pb_row column_structure=&#8221;1_2,1_2&#8243; _builder_version=&#8221;4.27.4&#8243; _module_preset=&#8221;default&#8221; global_colors_info=&#8221;{}&#8221;][et_pb_column type=&#8221;1_2&#8243; _builder_version=&#8221;4.27.4&#8243; _module_preset=&#8221;default&#8221; global_colors_info=&#8221;{}&#8221;][et_pb_text _builder_version=&#8221;4.27.4&#8243; _module_preset=&#8221;default&#8221; global_colors_info=&#8221;{}&#8221;]<\/p>\n<p>M\u00e5let f\u00f6r vattenf\u00f6rvaltningen \u00e5r 2027 \u00e4r att alla vatten ska uppn\u00e5 minst god status och att f\u00f6rs\u00e4mring av vattenstatus ska f\u00f6rhindras i hela EU. Bilden visar situationen i Finlands inlandsvatten och kustvatten \u00e5r 2019. Gr\u00f6nt och bl\u00e5tt anger god respektive utm\u00e4rkt status. Vattnens status bed\u00f6ms vart sj\u00e4tte \u00e5r.<\/p>\n<p>\u00d6stersj\u00f6ns tillst\u00e5nd \u00f6vervakas dock kontinuerligt. I \u00f6vervakningsprogrammet f\u00f6ljs bland annat \u00f6verg\u00f6dning, vattenkvalitet, marina naturv\u00e4rden och andra aspekter av havets v\u00e4lbefinnande. Utifr\u00e5n resultaten g\u00f6rs en bed\u00f6mning av statusen f\u00f6r varje delomr\u00e5de. M\u00e5let \u00e4r att alla delomr\u00e5den ska uppn\u00e5 god status.<\/p>\n<p>[\/et_pb_text][\/et_pb_column][et_pb_column type=&#8221;1_2&#8243; _builder_version=&#8221;4.27.4&#8243; _module_preset=&#8221;default&#8221; global_colors_info=&#8221;{}&#8221;][et_pb_image src=&#8221;https:\/\/rotary.fi\/d1420\/wp-content\/uploads\/sites\/183\/2026\/03\/itameren-tila-pintaveden-tila.png&#8221; title_text=&#8221;It\u00e4meren tila &#8211; pintaveden tila&#8221; _builder_version=&#8221;4.27.4&#8243; _module_preset=&#8221;default&#8221; global_colors_info=&#8221;{}&#8221;][\/et_pb_image][\/et_pb_column][\/et_pb_row][et_pb_row column_structure=&#8221;1_3,1_3,1_3&#8243; _builder_version=&#8221;4.27.4&#8243; _module_preset=&#8221;default&#8221; global_colors_info=&#8221;{}&#8221;][et_pb_column type=&#8221;1_3&#8243; _builder_version=&#8221;4.27.4&#8243; _module_preset=&#8221;default&#8221; global_colors_info=&#8221;{}&#8221;][et_pb_image src=&#8221;https:\/\/rotary.fi\/d1420\/wp-content\/uploads\/sites\/183\/2026\/03\/fosfori-syke.png&#8221; title_text=&#8221;Fosfori &#8211; SYKE&#8221; _builder_version=&#8221;4.27.4&#8243; _module_preset=&#8221;default&#8221; global_colors_info=&#8221;{}&#8221;][\/et_pb_image][\/et_pb_column][et_pb_column type=&#8221;1_3&#8243; _builder_version=&#8221;4.27.4&#8243; _module_preset=&#8221;default&#8221; global_colors_info=&#8221;{}&#8221;][et_pb_image src=&#8221;https:\/\/rotary.fi\/d1420\/wp-content\/uploads\/sites\/183\/2026\/03\/happi-syke.png&#8221; title_text=&#8221;Happi &#8211; SYKE&#8221; _builder_version=&#8221;4.27.4&#8243; _module_preset=&#8221;default&#8221; global_colors_info=&#8221;{}&#8221;][\/et_pb_image][\/et_pb_column][et_pb_column type=&#8221;1_3&#8243; _builder_version=&#8221;4.27.4&#8243; _module_preset=&#8221;default&#8221; global_colors_info=&#8221;{}&#8221;][et_pb_text _builder_version=&#8221;4.27.4&#8243; _module_preset=&#8221;default&#8221; global_colors_info=&#8221;{}&#8221;]<\/p>\n<p>Dit \u00e4r det \u00e4nnu en bit kvar, vilket bland annat framg\u00e5r av SYKE:s publicerade kartor \u00f6ver fosfor- och syrehalter vid botten i augusti 2023. I syrekartan betyder r\u00f6tt att botten \u00e4r syrefri och bl\u00e5tt att tillst\u00e5ndet \u00e4r gott. Organiskt material som sjunkit till botten bryts ned, vilket f\u00f6rbrukar syre och frig\u00f6r fosfor. F\u00f6ljande sommar binds fosforn \u00e5ter i v\u00e4xande alger. Fosfortillf\u00f6rseln b\u00f6r b\u00e5de bromsas fr\u00e5n att rinna ut i vattendragen och samtidigt avl\u00e4gsnas.<\/p>\n<p>Under de senaste \u00e5rtiondena har den \u00f6kade temperaturen i vattenmassan bidragit till att situationen har f\u00f6rv\u00e4rrats.<\/p>\n<p>[\/et_pb_text][\/et_pb_column][\/et_pb_row][et_pb_row _builder_version=&#8221;4.27.4&#8243; _module_preset=&#8221;default&#8221; global_colors_info=&#8221;{}&#8221;][et_pb_column type=&#8221;4_4&#8243; _builder_version=&#8221;4.27.4&#8243; _module_preset=&#8221;default&#8221; global_colors_info=&#8221;{}&#8221;][et_pb_text admin_label=&#8221;Teksti &#8211; linkit&#8221; _builder_version=&#8221;4.27.6&#8243; _module_preset=&#8221;default&#8221; hover_enabled=&#8221;0&#8243; global_colors_info=&#8221;{}&#8221; sticky_enabled=&#8221;0&#8243;]<\/p>\n<p>Information om \u00d6stersj\u00f6ns och vattnens tillst\u00e5nd finns p\u00e5 flera webbplatser, bland annat:<br \/><a href=\"https:\/\/www.ymparisto.fi\/fi\/ympariston-tila\/vesi\/itameren-tila\">https:\/\/www.ymparisto.fi\/fi\/ympariston-tila\/vesi\/itameren-tila<\/a><br \/><a href=\"https:\/\/www.ymparisto.fi\/fi\/luonto-vesistot-ja-meri\/meri\/suomen-meriympariston-tila-2024\">https:\/\/www.ymparisto.fi\/fi\/luonto-vesistot-ja-meri\/meri\/suomen-meriympariston-tila-2024<\/a><br \/><a href=\"https:\/\/itameri.fi\/itameren-tila\/merenpohjan-tila-2\/hapettomat-pohjat\/\">https:\/\/itameri.fi\/itameren-tila\/merenpohjan-tila-2\/hapettomat-pohjat\/<\/a><br \/><a href=\"https:\/\/www.europarl.europa.eu\/topics\/en\/article\/20250428STO28142\/europe-swaters-key-challenges-and-eu-solutions\">https:\/\/www.europarl.europa.eu\/topics\/en\/article\/20250428STO28142\/europe-swaters-key-challenges-and-eu-solutions<\/a><br \/><a href=\"https:\/\/www.vesi.fi\/teemasivut\/\">https:\/\/www.vesi.fi\/teemasivut\/<\/a><br \/><a href=\"https:\/\/www.vesi.fi\/karttapalvelu\/\">https:\/\/www.vesi.fi\/karttapalvelu\/<\/a><\/p>\n<p>[\/et_pb_text][et_pb_divider _builder_version=&#8221;4.27.4&#8243; _module_preset=&#8221;default&#8221; global_colors_info=&#8221;{}&#8221;][\/et_pb_divider][\/et_pb_column][\/et_pb_row][et_pb_row _builder_version=&#8221;4.27.4&#8243; _module_preset=&#8221;default&#8221; global_colors_info=&#8221;{}&#8221;][et_pb_column type=&#8221;4_4&#8243; _builder_version=&#8221;4.27.4&#8243; _module_preset=&#8221;default&#8221; global_colors_info=&#8221;{}&#8221;][et_pb_text admin_label=&#8221;otsikko &#8211; Ilmastomuutos&#8221; _builder_version=&#8221;4.27.4&#8243; _module_preset=&#8221;default&#8221; global_colors_info=&#8221;{}&#8221;]<\/p>\n<h3>Klimatf\u00f6r\u00e4ndring<\/h3>\n<p>[\/et_pb_text][et_pb_text admin_label=&#8221;Teksti &#8211; ilmastonmuutos it\u00e4merell\u00e4&#8221; _builder_version=&#8221;4.27.4&#8243; _module_preset=&#8221;default&#8221; global_colors_info=&#8221;{}&#8221;]<\/p>\n<p>Klimatf\u00f6r\u00e4ndringen \u00e4r ett av de allvarligaste milj\u00f6problemen som m\u00e4nskligheten st\u00e5r inf\u00f6r. Den \u00e4r kopplad till f\u00f6rlusten av biologisk m\u00e5ngfald samt till oh\u00e5llbara konsumtions- och produktionsm\u00f6nster.<\/p>\n<p><strong>Klimatf\u00f6r\u00e4ndringen i \u00d6stersj\u00f6n<\/strong><br \/>N\u00e4r vintrarna blir mildare och nederb\u00f6rden \u00f6kar v\u00e4rms \u00d6stersj\u00f6n upp, isbildningen minskar och salthalten sjunker. N\u00e5got motsvarande hav finns ingen annanstans i v\u00e4rlden.<\/p>\n<p>Havets temperatur har stigit med cirka 2 \u00b0C sedan 1980 och ber\u00e4knas stiga ytterligare 2\u20134 \u00b0C i norra \u00d6stersj\u00f6n fram till \u00e5r 2100. Isutbredningen minskar till ungef\u00e4r h\u00e4lften, vilket kan g\u00f6ra det l\u00e4ttare f\u00f6r vindarna att blanda ner syre i djupare vatten. Samtidigt kan havets egna processer \u00f6ka syref\u00f6rbrukningen. Vattnet blir mer skiktat, vilket kan \u00f6ka syrebristen. Havsniv\u00e5n stiger. Vinterregn f\u00f6r med sig mer n\u00e4rings\u00e4mnen och jordmaterial till havet. \u00d6verg\u00f6dning och bl\u00e5gr\u00f6nalger \u00f6kar, vilket i sin tur f\u00f6rst\u00e4rker syrebristen.<\/p>\n<p><a href=\"https:\/\/itameri.fi\/itameren-tila\/ilmastonmuutos\/\">https:\/\/itameri.fi\/itameren-tila\/ilmastonmuutos\/<\/a><\/p>\n<p>[\/et_pb_text][et_pb_text admin_label=&#8221;Teksti &#8211; ilmastonmuutos ja AMOC&#8221; _builder_version=&#8221;4.27.4&#8243; _module_preset=&#8221;default&#8221; global_colors_info=&#8221;{}&#8221;]<\/p>\n<p><strong>Klimatf\u00f6r\u00e4ndringen och AMOC<\/strong><\/p>\n<p>Finlands klimat p\u00e5verkas starkt av den nordatlantiska cirkulationen, kallad AMOC (Atlantic Meridional Overturning Circulation). Den drivs av vindar och skillnader i vattnets densitet. Varmt ytvatten n\u00e4ra ekvatorn str\u00f6mmar norrut och avger v\u00e4rme till atmosf\u00e4ren, vilket g\u00f6r vattnet t\u00e4tare s\u00e5 att det sjunker mot djupet. Samtidigt str\u00f6mmar kallt vatten fr\u00e5n norr s\u00f6derut n\u00e4rmare havsbotten.<\/p>\n<p>[\/et_pb_text][\/et_pb_column][\/et_pb_row][et_pb_row column_structure=&#8221;1_2,1_2&#8243; _builder_version=&#8221;4.27.4&#8243; _module_preset=&#8221;default&#8221; global_colors_info=&#8221;{}&#8221;][et_pb_column type=&#8221;1_2&#8243; _builder_version=&#8221;4.27.4&#8243; _module_preset=&#8221;default&#8221; global_colors_info=&#8221;{}&#8221;][et_pb_text admin_label=&#8221;Teksti &#8211; ilmastonmuutos ja AMOC&#8221; _builder_version=&#8221;4.27.4&#8243; _module_preset=&#8221;default&#8221; global_colors_info=&#8221;{}&#8221;]<\/p>\n<p>De viktigaste varma str\u00f6mmarna i AMOC \u00e4r Golfstr\u00f6mmen och Nordatlantiska str\u00f6mmen. Golfstr\u00f6mmen transporterar varmt vatten fr\u00e5n Karibiska havet l\u00e4ngs Nordamerikas \u00f6stkust och vidare mot nord\u00f6stra Atlanten och norra Europa. Tack vare denna v\u00e4rmetransport \u00e4r klimatet i norra Europa mildare \u00e4n i andra regioner p\u00e5 samma breddgrader, till exempel Kanada.<\/p>\n<p>Till f\u00f6ljd av klimatf\u00f6r\u00e4ndringen f\u00f6rlorar ytvatten p\u00e5 v\u00e4g norrut mindre v\u00e4rme \u00e4n tidigare, och allt mer s\u00f6tvatten blandas i systemet. S\u00f6tvatten \u00e4r l\u00e4ttare \u00e4n saltvatten, vilket g\u00f6r att AMOC-cirkulationen f\u00f6rv\u00e4ntas f\u00f6rsvagas. M\u00f6jligheten till en snabb avmattning har diskuterats, men anses f\u00f6r n\u00e4rvarande osannolik.<\/p>\n<p>[\/et_pb_text][\/et_pb_column][et_pb_column type=&#8221;1_2&#8243; _builder_version=&#8221;4.27.4&#8243; _module_preset=&#8221;default&#8221; global_colors_info=&#8221;{}&#8221;][et_pb_image src=&#8221;https:\/\/rotary.fi\/d1420\/wp-content\/uploads\/sites\/183\/2026\/03\/amoc-merivirrat.png&#8221; title_text=&#8221;AMOC merivirrat&#8221; _builder_version=&#8221;4.27.4&#8243; _module_preset=&#8221;default&#8221; global_colors_info=&#8221;{}&#8221;][\/et_pb_image][\/et_pb_column][\/et_pb_row][et_pb_row _builder_version=&#8221;4.27.4&#8243; _module_preset=&#8221;default&#8221; global_colors_info=&#8221;{}&#8221;][et_pb_column type=&#8221;4_4&#8243; _builder_version=&#8221;4.27.4&#8243; _module_preset=&#8221;default&#8221; global_colors_info=&#8221;{}&#8221;][et_pb_text admin_label=&#8221;Teksti &#8211; ilmastonmuutos ja AMOC&#8221; _builder_version=&#8221;4.27.4&#8243; _module_preset=&#8221;default&#8221; global_colors_info=&#8221;{}&#8221;]<\/p>\n<p><strong>En nordisk rapport om m\u00f6jliga brytpunkter i AMOC-cirkulationen uppmanar till starkare klimat\u00e5tg\u00e4rder, b\u00e4ttre \u00f6vervakning och \u00f6kad beredskap.<\/strong><\/p>\n<p>En f\u00e4rsk rapport fr\u00e5n den 5 februari 2026 sammanst\u00e4ller vetenskaplig kunskap om konsekvenserna av en m\u00f6jlig kollaps i den nordatlantiska cirkulationen i Norden och ger rekommendationer till beslutsfattare.<\/p>\n<p>Pohjois-Atlantin kiertoliike AMOC (engelska Atlantic Meridional Overturning cirkulation) transporterar v\u00e4rme till Nordatlanten och bidrar till det relativt milda klimatet i de nordiska l\u00e4nderna. Global uppv\u00e4rmning bromsar AMOC-cykeln. Det \u00e4r osannolikt men m\u00f6jligt att AMOC ens skulle kunna stanna p\u00e5 grund av relativt liten uppv\u00e4rmning. En s\u00e5dan f\u00f6r\u00e4ndring i AMOC-cykeln kan g\u00f6ra klimatet i norra Europa kallare i takt med att resten av v\u00e4rlden forts\u00e4tter att v\u00e4rmas upp. Effekterna skulle synas i mat- och energiproduktion samt m\u00e4nniskors f\u00f6rs\u00f6rjning, bland annat.<\/p>\n<p><a href=\"https:\/\/www.ilmatieteenlaitos.fi\/merivirrat\">https:\/\/www.ilmatieteenlaitos.fi\/merivirrat<\/a><br \/><a href=\"https:\/\/www.ilmatieteenlaitos.fi\/tiedote\/6TWTzExsFgEalSzhDcpkCw\">https:\/\/www.ilmatieteenlaitos.fi\/tiedote\/6TWTzExsFgEalSzhDcpkCw<\/a><br \/><a href=\"https:\/\/pub.norden.org\/temanord2026-504\/\">https:\/\/pub.norden.org\/temanord2026-504\/<\/a><br \/><a href=\"https:\/\/www.acccflagship.fi\/wp-content\/uploads\/Tipping_points_Policy_Brief_suomi.pdf\">https:\/\/www.acccflagship.fi\/wp-content\/uploads\/Tipping_points_Policy_Brief_suomi.pdf<\/a><\/p>\n<p>[\/et_pb_text][\/et_pb_column][\/et_pb_row][\/et_pb_section]<\/p>\n","protected":false},"excerpt":{"rendered":"<p>Milj\u00f6ns tillst\u00e5nd\u00d6stersj\u00f6ns tillst\u00e5nd \u00e4r fortfarande oroandeM\u00e4nniskans verksamhet f\u00f6rs\u00e4mrar \u00d6stersj\u00f6ns milj\u00f6 p\u00e5 m\u00e5nga s\u00e4tt. Fr\u00e4mmande arter sprids till nya omr\u00e5den via sj\u00f6farten, n\u00e4rings\u00e4mnen och skadliga \u00e4mnen transporteras till havet fr\u00e5n land och fr\u00e5n sj\u00f6farten, och den \u00f6kande anv\u00e4ndningen av plast och syntetiska fibrer syns i form av nedskr\u00e4pning i haven. Sj\u00f6fart, byggande, havsbaserad vindkraft och annan [&hellip;]<\/p>\n","protected":false},"author":26,"featured_media":0,"parent":13339,"menu_order":5,"comment_status":"closed","ping_status":"closed","template":"","meta":{"_acf_changed":false,"_et_pb_use_builder":"on","_et_pb_old_content":"","_et_gb_content_width":"","footnotes":""},"class_list":["post-13379","page","type-page","status-publish","hentry"],"acf":[],"yoast_head":"<!-- This site is optimized with the Yoast SEO plugin v27.4 - https:\/\/yoast.com\/product\/yoast-seo-wordpress\/ -->\n<title>Milj\u00f6ns tillst\u00e5nd - Piiri 1420<\/title>\n<meta name=\"robots\" content=\"index, follow, max-snippet:-1, max-image-preview:large, max-video-preview:-1\" \/>\n<link rel=\"canonical\" href=\"https:\/\/rotary.fi\/d1420\/sv\/det-har-gor-vi\/miljo-och-ostersjon\/miljons-tillstand\/\" \/>\n<meta property=\"og:locale\" content=\"fi_FI\" \/>\n<meta property=\"og:type\" content=\"article\" \/>\n<meta property=\"og:title\" content=\"Milj\u00f6ns tillst\u00e5nd - Piiri 1420\" \/>\n<meta property=\"og:description\" content=\"Milj\u00f6ns tillst\u00e5nd\u00d6stersj\u00f6ns tillst\u00e5nd \u00e4r fortfarande oroandeM\u00e4nniskans verksamhet f\u00f6rs\u00e4mrar \u00d6stersj\u00f6ns milj\u00f6 p\u00e5 m\u00e5nga s\u00e4tt. Fr\u00e4mmande arter sprids till nya omr\u00e5den via sj\u00f6farten, n\u00e4rings\u00e4mnen och skadliga \u00e4mnen transporteras till havet fr\u00e5n land och fr\u00e5n sj\u00f6farten, och den \u00f6kande anv\u00e4ndningen av plast och syntetiska fibrer syns i form av nedskr\u00e4pning i haven. Sj\u00f6fart, byggande, havsbaserad vindkraft och annan [&hellip;]\" \/>\n<meta property=\"og:url\" content=\"https:\/\/rotary.fi\/d1420\/sv\/det-har-gor-vi\/miljo-och-ostersjon\/miljons-tillstand\/\" \/>\n<meta property=\"og:site_name\" content=\"Piiri 1420\" \/>\n<meta property=\"article:publisher\" content=\"https:\/\/www.facebook.com\/rotary\/\" \/>\n<meta property=\"article:modified_time\" content=\"2026-04-20T07:12:52+00:00\" \/>\n<meta name=\"twitter:card\" content=\"summary_large_image\" \/>\n<meta name=\"twitter:label1\" content=\"Arvioitu lukuaika\" \/>\n\t<meta name=\"twitter:data1\" content=\"5 minuuttia\" \/>\n<script type=\"application\/ld+json\" class=\"yoast-schema-graph\">{\"@context\":\"https:\\\/\\\/schema.org\",\"@graph\":[{\"@type\":\"WebPage\",\"@id\":\"https:\\\/\\\/rotary.fi\\\/d1420\\\/sv\\\/det-har-gor-vi\\\/miljo-och-ostersjon\\\/miljons-tillstand\\\/\",\"url\":\"https:\\\/\\\/rotary.fi\\\/d1420\\\/sv\\\/det-har-gor-vi\\\/miljo-och-ostersjon\\\/miljons-tillstand\\\/\",\"name\":\"Milj\u00f6ns tillst\u00e5nd - Piiri 1420\",\"isPartOf\":{\"@id\":\"https:\\\/\\\/rotary.fi\\\/d1420\\\/#website\"},\"datePublished\":\"2026-03-29T08:12:27+00:00\",\"dateModified\":\"2026-04-20T07:12:52+00:00\",\"breadcrumb\":{\"@id\":\"https:\\\/\\\/rotary.fi\\\/d1420\\\/sv\\\/det-har-gor-vi\\\/miljo-och-ostersjon\\\/miljons-tillstand\\\/#breadcrumb\"},\"inLanguage\":\"fi\",\"potentialAction\":[{\"@type\":\"ReadAction\",\"target\":[\"https:\\\/\\\/rotary.fi\\\/d1420\\\/sv\\\/det-har-gor-vi\\\/miljo-och-ostersjon\\\/miljons-tillstand\\\/\"]}]},{\"@type\":\"BreadcrumbList\",\"@id\":\"https:\\\/\\\/rotary.fi\\\/d1420\\\/sv\\\/det-har-gor-vi\\\/miljo-och-ostersjon\\\/miljons-tillstand\\\/#breadcrumb\",\"itemListElement\":[{\"@type\":\"ListItem\",\"position\":1,\"name\":\"Home\",\"item\":\"https:\\\/\\\/rotary.fi\\\/d1420\\\/\"},{\"@type\":\"ListItem\",\"position\":2,\"name\":\"Det h\u00e4r g\u00f6r vi\",\"item\":\"https:\\\/\\\/rotary.fi\\\/d1420\\\/sv\\\/det-har-gor-vi\\\/\"},{\"@type\":\"ListItem\",\"position\":3,\"name\":\"Milj\u00f6 och \u00d6stersj\u00f6n\",\"item\":\"https:\\\/\\\/rotary.fi\\\/d1420\\\/sv\\\/det-har-gor-vi\\\/miljo-och-ostersjon\\\/\"},{\"@type\":\"ListItem\",\"position\":4,\"name\":\"Milj\u00f6ns tillst\u00e5nd\"}]},{\"@type\":\"WebSite\",\"@id\":\"https:\\\/\\\/rotary.fi\\\/d1420\\\/#website\",\"url\":\"https:\\\/\\\/rotary.fi\\\/d1420\\\/\",\"name\":\"Piiri 1420\",\"description\":\"Suomen Rotary\",\"potentialAction\":[{\"@type\":\"SearchAction\",\"target\":{\"@type\":\"EntryPoint\",\"urlTemplate\":\"https:\\\/\\\/rotary.fi\\\/d1420\\\/?s={search_term_string}\"},\"query-input\":{\"@type\":\"PropertyValueSpecification\",\"valueRequired\":true,\"valueName\":\"search_term_string\"}}],\"inLanguage\":\"fi\"}]}<\/script>\n<!-- \/ Yoast SEO plugin. -->","yoast_head_json":{"title":"Milj\u00f6ns tillst\u00e5nd - Piiri 1420","robots":{"index":"index","follow":"follow","max-snippet":"max-snippet:-1","max-image-preview":"max-image-preview:large","max-video-preview":"max-video-preview:-1"},"canonical":"https:\/\/rotary.fi\/d1420\/sv\/det-har-gor-vi\/miljo-och-ostersjon\/miljons-tillstand\/","og_locale":"fi_FI","og_type":"article","og_title":"Milj\u00f6ns tillst\u00e5nd - Piiri 1420","og_description":"Milj\u00f6ns tillst\u00e5nd\u00d6stersj\u00f6ns tillst\u00e5nd \u00e4r fortfarande oroandeM\u00e4nniskans verksamhet f\u00f6rs\u00e4mrar \u00d6stersj\u00f6ns milj\u00f6 p\u00e5 m\u00e5nga s\u00e4tt. Fr\u00e4mmande arter sprids till nya omr\u00e5den via sj\u00f6farten, n\u00e4rings\u00e4mnen och skadliga \u00e4mnen transporteras till havet fr\u00e5n land och fr\u00e5n sj\u00f6farten, och den \u00f6kande anv\u00e4ndningen av plast och syntetiska fibrer syns i form av nedskr\u00e4pning i haven. Sj\u00f6fart, byggande, havsbaserad vindkraft och annan [&hellip;]","og_url":"https:\/\/rotary.fi\/d1420\/sv\/det-har-gor-vi\/miljo-och-ostersjon\/miljons-tillstand\/","og_site_name":"Piiri 1420","article_publisher":"https:\/\/www.facebook.com\/rotary\/","article_modified_time":"2026-04-20T07:12:52+00:00","twitter_card":"summary_large_image","twitter_misc":{"Arvioitu lukuaika":"5 minuuttia"},"schema":{"@context":"https:\/\/schema.org","@graph":[{"@type":"WebPage","@id":"https:\/\/rotary.fi\/d1420\/sv\/det-har-gor-vi\/miljo-och-ostersjon\/miljons-tillstand\/","url":"https:\/\/rotary.fi\/d1420\/sv\/det-har-gor-vi\/miljo-och-ostersjon\/miljons-tillstand\/","name":"Milj\u00f6ns tillst\u00e5nd - Piiri 1420","isPartOf":{"@id":"https:\/\/rotary.fi\/d1420\/#website"},"datePublished":"2026-03-29T08:12:27+00:00","dateModified":"2026-04-20T07:12:52+00:00","breadcrumb":{"@id":"https:\/\/rotary.fi\/d1420\/sv\/det-har-gor-vi\/miljo-och-ostersjon\/miljons-tillstand\/#breadcrumb"},"inLanguage":"fi","potentialAction":[{"@type":"ReadAction","target":["https:\/\/rotary.fi\/d1420\/sv\/det-har-gor-vi\/miljo-och-ostersjon\/miljons-tillstand\/"]}]},{"@type":"BreadcrumbList","@id":"https:\/\/rotary.fi\/d1420\/sv\/det-har-gor-vi\/miljo-och-ostersjon\/miljons-tillstand\/#breadcrumb","itemListElement":[{"@type":"ListItem","position":1,"name":"Home","item":"https:\/\/rotary.fi\/d1420\/"},{"@type":"ListItem","position":2,"name":"Det h\u00e4r g\u00f6r vi","item":"https:\/\/rotary.fi\/d1420\/sv\/det-har-gor-vi\/"},{"@type":"ListItem","position":3,"name":"Milj\u00f6 och \u00d6stersj\u00f6n","item":"https:\/\/rotary.fi\/d1420\/sv\/det-har-gor-vi\/miljo-och-ostersjon\/"},{"@type":"ListItem","position":4,"name":"Milj\u00f6ns tillst\u00e5nd"}]},{"@type":"WebSite","@id":"https:\/\/rotary.fi\/d1420\/#website","url":"https:\/\/rotary.fi\/d1420\/","name":"Piiri 1420","description":"Suomen Rotary","potentialAction":[{"@type":"SearchAction","target":{"@type":"EntryPoint","urlTemplate":"https:\/\/rotary.fi\/d1420\/?s={search_term_string}"},"query-input":{"@type":"PropertyValueSpecification","valueRequired":true,"valueName":"search_term_string"}}],"inLanguage":"fi"}]}},"lang":"sv","translations":{"sv":13379,"fi":12632,"en":13389,"et":13397},"pll_sync_post":[],"_links":{"self":[{"href":"https:\/\/rotary.fi\/d1420\/wp-json\/wp\/v2\/pages\/13379","targetHints":{"allow":["GET"]}}],"collection":[{"href":"https:\/\/rotary.fi\/d1420\/wp-json\/wp\/v2\/pages"}],"about":[{"href":"https:\/\/rotary.fi\/d1420\/wp-json\/wp\/v2\/types\/page"}],"author":[{"embeddable":true,"href":"https:\/\/rotary.fi\/d1420\/wp-json\/wp\/v2\/users\/26"}],"replies":[{"embeddable":true,"href":"https:\/\/rotary.fi\/d1420\/wp-json\/wp\/v2\/comments?post=13379"}],"version-history":[{"count":5,"href":"https:\/\/rotary.fi\/d1420\/wp-json\/wp\/v2\/pages\/13379\/revisions"}],"predecessor-version":[{"id":13763,"href":"https:\/\/rotary.fi\/d1420\/wp-json\/wp\/v2\/pages\/13379\/revisions\/13763"}],"up":[{"embeddable":true,"href":"https:\/\/rotary.fi\/d1420\/wp-json\/wp\/v2\/pages\/13339"}],"wp:attachment":[{"href":"https:\/\/rotary.fi\/d1420\/wp-json\/wp\/v2\/media?parent=13379"}],"curies":[{"name":"wp","href":"https:\/\/api.w.org\/{rel}","templated":true}]}}