{"id":13328,"date":"2026-03-26T17:19:20","date_gmt":"2026-03-26T15:19:20","guid":{"rendered":"https:\/\/rotary.fi\/d1420\/?page_id=13328"},"modified":"2026-03-29T09:57:47","modified_gmt":"2026-03-29T07:57:47","slug":"using-the-water-backpack","status":"publish","type":"page","link":"https:\/\/rotary.fi\/d1420\/en\/what-we-do\/environment-and-the-baltic-sea\/using-the-water-backpack\/","title":{"rendered":"Instructions for using the Water Backpack"},"content":{"rendered":"<p>[et_pb_section fb_built=&#8221;1&#8243; module_class=&#8221;jumbotron-page&#8221; _builder_version=&#8221;4.27.4&#8243; background_image=&#8221;https:\/\/rotary.fi\/d1420\/wp-content\/uploads\/sites\/183\/2026\/03\/maisema-2.jpg&#8221; background_position=&#8221;top_center&#8221; global_colors_info=&#8221;{}&#8221;][et_pb_row module_class=&#8221; et_pb_row_fullwidth et_pb_row_fullwidth&#8221; _builder_version=&#8221;4.16&#8243; width=&#8221;89%&#8221; width_tablet=&#8221;80%&#8221; width_phone=&#8221;&#8221; width_last_edited=&#8221;on|desktop&#8221; max_width=&#8221;89%&#8221; max_width_tablet=&#8221;80%&#8221; max_width_phone=&#8221;&#8221; max_width_last_edited=&#8221;on|desktop&#8221; make_fullwidth=&#8221;on&#8221; global_colors_info=&#8221;{}&#8221;][et_pb_column type=&#8221;4_4&#8243; _builder_version=&#8221;4.16&#8243; custom_padding=&#8221;|||&#8221; global_colors_info=&#8221;{}&#8221; custom_padding__hover=&#8221;|||&#8221;][et_pb_text admin_label=&#8221;vesireppu -otsikko&#8221; _builder_version=&#8221;4.27.4&#8243; header_text_align=&#8221;center&#8221; header_text_color=&#8221;#F8F9FA&#8221; text_orientation=&#8221;center&#8221; background_layout=&#8221;dark&#8221; global_colors_info=&#8221;{}&#8221;]<\/p>\n<h1>Instructions for using the Water Backpack<\/h1>\n<p>[\/et_pb_text][\/et_pb_column][\/et_pb_row][\/et_pb_section][et_pb_section fb_built=&#8221;1&#8243; module_class=&#8221;sisaltoalue_perus&#8221; _builder_version=&#8221;4.22.1&#8243; custom_margin=&#8221;||0px||false|false&#8221; border_color_all=&#8221;#FFFFFF&#8221; border_style_all=&#8221;none&#8221; border_width_bottom=&#8221;1px&#8221; border_color_bottom=&#8221;#019FCB&#8221; global_colors_info=&#8221;{}&#8221;][et_pb_row custom_padding_last_edited=&#8221;on|phone&#8221; _builder_version=&#8221;4.22.1&#8243; max_height=&#8221;100px&#8221; custom_padding_tablet=&#8221;&#8221; custom_padding_phone=&#8221;&#8221; global_colors_info=&#8221;{}&#8221;][et_pb_column type=&#8221;4_4&#8243; _builder_version=&#8221;4.16&#8243; custom_padding=&#8221;|||&#8221; global_colors_info=&#8221;{}&#8221; custom_padding__hover=&#8221;|||&#8221;][et_pb_text admin_label=&#8221;vesirepun k\u00e4yt\u00f6n ohjeistus- otsikko&#8221; _builder_version=&#8221;4.27.4&#8243; text_orientation=&#8221;center&#8221; global_colors_info=&#8221;{}&#8221;][\/et_pb_text][\/et_pb_column][\/et_pb_row][et_pb_row column_structure=&#8221;1_2,1_2&#8243; admin_label=&#8221;Rivi -vesireppuwebinaari&#8221; _builder_version=&#8221;4.22.1&#8243; _module_preset=&#8221;default&#8221; background_color=&#8221;#F8F9FA&#8221; custom_padding=&#8221;|15px||15px|false|false&#8221; box_shadow_style=&#8221;preset1&#8243; global_colors_info=&#8221;{}&#8221;][et_pb_column type=&#8221;1_2&#8243; _builder_version=&#8221;4.22.1&#8243; _module_preset=&#8221;default&#8221; global_colors_info=&#8221;{}&#8221;][et_pb_text admin_label=&#8221;Vesireppuwebinaari &#8211; otsikko&#8221; _builder_version=&#8221;4.27.4&#8243; _module_preset=&#8221;default&#8221; global_colors_info=&#8221;{}&#8221;]<\/p>\n<h3>Miten toimia oppilaitten kanssa<\/h3>\n<p>[\/et_pb_text][et_pb_text _builder_version=&#8221;4.27.0&#8243; _module_preset=&#8221;default&#8221; global_colors_info=&#8221;{}&#8221;]<\/p>\n<p>Vesirepun ovat kehitt\u00e4neet SYKE eli Suomen ymp\u00e4rist\u00f6keskus yhdess\u00e4 rotareitten kanssa. Reppuja on t\u00e4ll\u00e4 hetkell\u00e4 k\u00e4yt\u00f6ss\u00e4 sadoilla suomalaisilla kouluilla.<\/p>\n<p>Oheisen maanantaina 4.3.2024 pidetyn webinaarin tallenteen avulla saat k\u00e4yt\u00e4nn\u00f6n neuvoja vesist\u00f6n tarkkailun aloittamiseen ja v\u00e4lineist\u00f6n k\u00e4ytt\u00e4miseen.<\/p>\n<p>Vesireppu-sivusto l\u00f6ytyy osoitteesta: <a href=\"http:\/\/vesireppu.com\" data-saferedirecturl=\"https:\/\/www.google.com\/url?q=http:\/\/vesireppu.com&amp;source=gmail&amp;ust=1725782214060000&amp;usg=AOvVaw1GjbAuJHrVSJmIjtZe1UUv\">Http:\/\/vesireppu.com<\/a><\/p>\n<p>Tutustu my\u00f6s Vesireppu Facebook-ryhm\u00e4\u00e4n: <a href=\"https:\/\/www.facebook.com\/groups\/725404062484994\" data-saferedirecturl=\"https:\/\/www.google.com\/url?q=https:\/\/www.facebook.com\/groups\/725404062484994&amp;source=gmail&amp;ust=1725782214060000&amp;usg=AOvVaw1KN9gD0dq21DcMN-CcxU1R\">https:\/\/www.facebook.com\/groups\/725404062484994<\/a><\/p>\n<p>Rotarypiirin 1420 vesireppuyhteyshenkil\u00f6t ovat <strong>Kaisu Annala <\/strong>ja <strong>Anne Karikoski<\/strong> Helsinki Munkkiniemi Rotaryklubista. Voit ottaa heihin yhteytt\u00e4 It\u00e4meri-Foorumin s\u00e4hk\u00f6postilla: itameri.d1420@rotary.fi<\/p>\n<p>&nbsp;<\/p>\n<p>&nbsp;<\/p>\n<p>[\/et_pb_text][\/et_pb_column][et_pb_column type=&#8221;1_2&#8243; _builder_version=&#8221;4.22.1&#8243; _module_preset=&#8221;default&#8221; global_colors_info=&#8221;{}&#8221;][et_pb_video src=&#8221;https:\/\/youtu.be\/OEVGUz35KYk&#8221; admin_label=&#8221;webinaarin tallenne &#8211; Video&#8221; _builder_version=&#8221;4.22.1&#8243; _module_preset=&#8221;default&#8221; global_colors_info=&#8221;{}&#8221;][\/et_pb_video][et_pb_text _builder_version=&#8221;4.27.0&#8243; _module_preset=&#8221;default&#8221; global_colors_info=&#8221;{}&#8221;]&nbsp;<\/p>\n<p>Voit katso tallenteen oheisesta videosta tai piirin 1420 Youtube-kanavalta osoitteesta: <a href=\"https:\/\/youtu.be\/OEVGUz35KYk\">https:\/\/youtu.be\/OEVGUz35KYk<\/a><\/p>\n<p>Videon sis\u00e4lt\u00f6:<\/p>\n<p>00:00 Vesist\u00f6jen tilan seuranta<br \/>\n05:55 Vesirepun k\u00e4ytt\u00f6<br \/>\n41:59 T\u00e4m\u00e4nhetkinen tilanne: kuinka paljon reppuja jaettu\/k\u00e4ytt\u00e4j\u00e4kokemuksia<br \/>\n45:05 Kysymykset ja keskustelu<\/p>\n<p>Webinaarissa opastavat Kaisu Annala ja Anne Karikoski Munkkiniemen rotaryklubista.[\/et_pb_text][\/et_pb_column][\/et_pb_row][\/et_pb_section]<\/p>\n","protected":false},"excerpt":{"rendered":"<p>Instructions for using the Water BackpackMiten toimia oppilaitten kanssaVesirepun ovat kehitt\u00e4neet SYKE eli Suomen ymp\u00e4rist\u00f6keskus yhdess\u00e4 rotareitten kanssa. Reppuja on t\u00e4ll\u00e4 hetkell\u00e4 k\u00e4yt\u00f6ss\u00e4 sadoilla suomalaisilla kouluilla. Oheisen maanantaina 4.3.2024 pidetyn webinaarin tallenteen avulla saat k\u00e4yt\u00e4nn\u00f6n neuvoja vesist\u00f6n tarkkailun aloittamiseen ja v\u00e4lineist\u00f6n k\u00e4ytt\u00e4miseen. Vesireppu-sivusto l\u00f6ytyy osoitteesta: Http:\/\/vesireppu.com Tutustu my\u00f6s Vesireppu Facebook-ryhm\u00e4\u00e4n: https:\/\/www.facebook.com\/groups\/725404062484994 Rotarypiirin 1420 vesireppuyhteyshenkil\u00f6t ovat [&hellip;]<\/p>\n","protected":false},"author":26,"featured_media":0,"parent":13351,"menu_order":5,"comment_status":"closed","ping_status":"closed","template":"","meta":{"_acf_changed":false,"_et_pb_use_builder":"on","_et_pb_old_content":"","_et_gb_content_width":"","footnotes":""},"class_list":["post-13328","page","type-page","status-publish","hentry"],"acf":[],"yoast_head":"<!-- This site is optimized with the Yoast SEO plugin v27.4 - https:\/\/yoast.com\/product\/yoast-seo-wordpress\/ -->\n<title>Instructions for using the Water Backpack - Piiri 1420<\/title>\n<meta name=\"robots\" content=\"index, follow, max-snippet:-1, max-image-preview:large, max-video-preview:-1\" \/>\n<link rel=\"canonical\" href=\"https:\/\/rotary.fi\/d1420\/en\/what-we-do\/environment-and-the-baltic-sea\/using-the-water-backpack\/\" \/>\n<meta property=\"og:locale\" content=\"fi_FI\" \/>\n<meta property=\"og:type\" content=\"article\" \/>\n<meta property=\"og:title\" content=\"Instructions for using the Water Backpack - Piiri 1420\" \/>\n<meta property=\"og:description\" content=\"Instructions for using the Water BackpackMiten toimia oppilaitten kanssaVesirepun ovat kehitt\u00e4neet SYKE eli Suomen ymp\u00e4rist\u00f6keskus yhdess\u00e4 rotareitten kanssa. Reppuja on t\u00e4ll\u00e4 hetkell\u00e4 k\u00e4yt\u00f6ss\u00e4 sadoilla suomalaisilla kouluilla. Oheisen maanantaina 4.3.2024 pidetyn webinaarin tallenteen avulla saat k\u00e4yt\u00e4nn\u00f6n neuvoja vesist\u00f6n tarkkailun aloittamiseen ja v\u00e4lineist\u00f6n k\u00e4ytt\u00e4miseen. Vesireppu-sivusto l\u00f6ytyy osoitteesta: Http:\/\/vesireppu.com Tutustu my\u00f6s Vesireppu Facebook-ryhm\u00e4\u00e4n: https:\/\/www.facebook.com\/groups\/725404062484994 Rotarypiirin 1420 vesireppuyhteyshenkil\u00f6t ovat [&hellip;]\" \/>\n<meta property=\"og:url\" content=\"https:\/\/rotary.fi\/d1420\/en\/what-we-do\/environment-and-the-baltic-sea\/using-the-water-backpack\/\" \/>\n<meta property=\"og:site_name\" content=\"Piiri 1420\" \/>\n<meta property=\"article:publisher\" content=\"https:\/\/www.facebook.com\/rotary\/\" \/>\n<meta property=\"article:modified_time\" content=\"2026-03-29T07:57:47+00:00\" \/>\n<meta name=\"twitter:card\" content=\"summary_large_image\" \/>\n<meta name=\"twitter:label1\" content=\"Arvioitu lukuaika\" \/>\n\t<meta name=\"twitter:data1\" content=\"1 minuutti\" \/>\n<script type=\"application\/ld+json\" class=\"yoast-schema-graph\">{\"@context\":\"https:\\\/\\\/schema.org\",\"@graph\":[{\"@type\":\"WebPage\",\"@id\":\"https:\\\/\\\/rotary.fi\\\/d1420\\\/en\\\/what-we-do\\\/environment-and-the-baltic-sea\\\/using-the-water-backpack\\\/\",\"url\":\"https:\\\/\\\/rotary.fi\\\/d1420\\\/en\\\/what-we-do\\\/environment-and-the-baltic-sea\\\/using-the-water-backpack\\\/\",\"name\":\"Instructions for using the Water Backpack - Piiri 1420\",\"isPartOf\":{\"@id\":\"https:\\\/\\\/rotary.fi\\\/d1420\\\/#website\"},\"datePublished\":\"2026-03-26T15:19:20+00:00\",\"dateModified\":\"2026-03-29T07:57:47+00:00\",\"breadcrumb\":{\"@id\":\"https:\\\/\\\/rotary.fi\\\/d1420\\\/en\\\/what-we-do\\\/environment-and-the-baltic-sea\\\/using-the-water-backpack\\\/#breadcrumb\"},\"inLanguage\":\"fi\",\"potentialAction\":[{\"@type\":\"ReadAction\",\"target\":[\"https:\\\/\\\/rotary.fi\\\/d1420\\\/en\\\/what-we-do\\\/environment-and-the-baltic-sea\\\/using-the-water-backpack\\\/\"]}]},{\"@type\":\"BreadcrumbList\",\"@id\":\"https:\\\/\\\/rotary.fi\\\/d1420\\\/en\\\/what-we-do\\\/environment-and-the-baltic-sea\\\/using-the-water-backpack\\\/#breadcrumb\",\"itemListElement\":[{\"@type\":\"ListItem\",\"position\":1,\"name\":\"Home\",\"item\":\"https:\\\/\\\/rotary.fi\\\/d1420\\\/\"},{\"@type\":\"ListItem\",\"position\":2,\"name\":\"What We Do\",\"item\":\"https:\\\/\\\/rotary.fi\\\/d1420\\\/en\\\/what-we-do\\\/\"},{\"@type\":\"ListItem\",\"position\":3,\"name\":\"Environment and the Baltic Sea\",\"item\":\"https:\\\/\\\/rotary.fi\\\/d1420\\\/en\\\/what-we-do\\\/environment-and-the-baltic-sea\\\/\"},{\"@type\":\"ListItem\",\"position\":4,\"name\":\"Instructions for using the Water Backpack\"}]},{\"@type\":\"WebSite\",\"@id\":\"https:\\\/\\\/rotary.fi\\\/d1420\\\/#website\",\"url\":\"https:\\\/\\\/rotary.fi\\\/d1420\\\/\",\"name\":\"Piiri 1420\",\"description\":\"Suomen Rotary\",\"potentialAction\":[{\"@type\":\"SearchAction\",\"target\":{\"@type\":\"EntryPoint\",\"urlTemplate\":\"https:\\\/\\\/rotary.fi\\\/d1420\\\/?s={search_term_string}\"},\"query-input\":{\"@type\":\"PropertyValueSpecification\",\"valueRequired\":true,\"valueName\":\"search_term_string\"}}],\"inLanguage\":\"fi\"}]}<\/script>\n<!-- \/ Yoast SEO plugin. -->","yoast_head_json":{"title":"Instructions for using the Water Backpack - Piiri 1420","robots":{"index":"index","follow":"follow","max-snippet":"max-snippet:-1","max-image-preview":"max-image-preview:large","max-video-preview":"max-video-preview:-1"},"canonical":"https:\/\/rotary.fi\/d1420\/en\/what-we-do\/environment-and-the-baltic-sea\/using-the-water-backpack\/","og_locale":"fi_FI","og_type":"article","og_title":"Instructions for using the Water Backpack - Piiri 1420","og_description":"Instructions for using the Water BackpackMiten toimia oppilaitten kanssaVesirepun ovat kehitt\u00e4neet SYKE eli Suomen ymp\u00e4rist\u00f6keskus yhdess\u00e4 rotareitten kanssa. Reppuja on t\u00e4ll\u00e4 hetkell\u00e4 k\u00e4yt\u00f6ss\u00e4 sadoilla suomalaisilla kouluilla. Oheisen maanantaina 4.3.2024 pidetyn webinaarin tallenteen avulla saat k\u00e4yt\u00e4nn\u00f6n neuvoja vesist\u00f6n tarkkailun aloittamiseen ja v\u00e4lineist\u00f6n k\u00e4ytt\u00e4miseen. Vesireppu-sivusto l\u00f6ytyy osoitteesta: Http:\/\/vesireppu.com Tutustu my\u00f6s Vesireppu Facebook-ryhm\u00e4\u00e4n: https:\/\/www.facebook.com\/groups\/725404062484994 Rotarypiirin 1420 vesireppuyhteyshenkil\u00f6t ovat [&hellip;]","og_url":"https:\/\/rotary.fi\/d1420\/en\/what-we-do\/environment-and-the-baltic-sea\/using-the-water-backpack\/","og_site_name":"Piiri 1420","article_publisher":"https:\/\/www.facebook.com\/rotary\/","article_modified_time":"2026-03-29T07:57:47+00:00","twitter_card":"summary_large_image","twitter_misc":{"Arvioitu lukuaika":"1 minuutti"},"schema":{"@context":"https:\/\/schema.org","@graph":[{"@type":"WebPage","@id":"https:\/\/rotary.fi\/d1420\/en\/what-we-do\/environment-and-the-baltic-sea\/using-the-water-backpack\/","url":"https:\/\/rotary.fi\/d1420\/en\/what-we-do\/environment-and-the-baltic-sea\/using-the-water-backpack\/","name":"Instructions for using the Water Backpack - Piiri 1420","isPartOf":{"@id":"https:\/\/rotary.fi\/d1420\/#website"},"datePublished":"2026-03-26T15:19:20+00:00","dateModified":"2026-03-29T07:57:47+00:00","breadcrumb":{"@id":"https:\/\/rotary.fi\/d1420\/en\/what-we-do\/environment-and-the-baltic-sea\/using-the-water-backpack\/#breadcrumb"},"inLanguage":"fi","potentialAction":[{"@type":"ReadAction","target":["https:\/\/rotary.fi\/d1420\/en\/what-we-do\/environment-and-the-baltic-sea\/using-the-water-backpack\/"]}]},{"@type":"BreadcrumbList","@id":"https:\/\/rotary.fi\/d1420\/en\/what-we-do\/environment-and-the-baltic-sea\/using-the-water-backpack\/#breadcrumb","itemListElement":[{"@type":"ListItem","position":1,"name":"Home","item":"https:\/\/rotary.fi\/d1420\/"},{"@type":"ListItem","position":2,"name":"What We Do","item":"https:\/\/rotary.fi\/d1420\/en\/what-we-do\/"},{"@type":"ListItem","position":3,"name":"Environment and the Baltic Sea","item":"https:\/\/rotary.fi\/d1420\/en\/what-we-do\/environment-and-the-baltic-sea\/"},{"@type":"ListItem","position":4,"name":"Instructions for using the Water Backpack"}]},{"@type":"WebSite","@id":"https:\/\/rotary.fi\/d1420\/#website","url":"https:\/\/rotary.fi\/d1420\/","name":"Piiri 1420","description":"Suomen Rotary","potentialAction":[{"@type":"SearchAction","target":{"@type":"EntryPoint","urlTemplate":"https:\/\/rotary.fi\/d1420\/?s={search_term_string}"},"query-input":{"@type":"PropertyValueSpecification","valueRequired":true,"valueName":"search_term_string"}}],"inLanguage":"fi"}]}},"lang":"en","translations":{"en":13328,"sv":13321,"fi":12763,"et":13334},"pll_sync_post":[],"_links":{"self":[{"href":"https:\/\/rotary.fi\/d1420\/wp-json\/wp\/v2\/pages\/13328","targetHints":{"allow":["GET"]}}],"collection":[{"href":"https:\/\/rotary.fi\/d1420\/wp-json\/wp\/v2\/pages"}],"about":[{"href":"https:\/\/rotary.fi\/d1420\/wp-json\/wp\/v2\/types\/page"}],"author":[{"embeddable":true,"href":"https:\/\/rotary.fi\/d1420\/wp-json\/wp\/v2\/users\/26"}],"replies":[{"embeddable":true,"href":"https:\/\/rotary.fi\/d1420\/wp-json\/wp\/v2\/comments?post=13328"}],"version-history":[{"count":5,"href":"https:\/\/rotary.fi\/d1420\/wp-json\/wp\/v2\/pages\/13328\/revisions"}],"predecessor-version":[{"id":13376,"href":"https:\/\/rotary.fi\/d1420\/wp-json\/wp\/v2\/pages\/13328\/revisions\/13376"}],"up":[{"embeddable":true,"href":"https:\/\/rotary.fi\/d1420\/wp-json\/wp\/v2\/pages\/13351"}],"wp:attachment":[{"href":"https:\/\/rotary.fi\/d1420\/wp-json\/wp\/v2\/media?parent=13328"}],"curies":[{"name":"wp","href":"https:\/\/api.w.org\/{rel}","templated":true}]}}