{"id":12967,"date":"2026-03-13T15:01:06","date_gmt":"2026-03-13T13:01:06","guid":{"rendered":"https:\/\/rotary.fi\/d1420\/?page_id=12967"},"modified":"2026-03-29T10:58:23","modified_gmt":"2026-03-29T08:58:23","slug":"sinilevaseurannan-koulutus","status":"publish","type":"page","link":"https:\/\/rotary.fi\/d1420\/mita-teemme\/ymparisto-ja-itameri\/sinilevaseurannan-koulutus\/","title":{"rendered":"Sinilev\u00e4seurannan koulutus"},"content":{"rendered":"<p>[et_pb_section fb_built=&#8221;1&#8243; _builder_version=&#8221;4.27.4&#8243; _module_preset=&#8221;default&#8221; background_image=&#8221;https:\/\/rotary.fi\/d1420\/wp-content\/uploads\/sites\/183\/2026\/03\/maisema-2.jpg&#8221; background_position=&#8221;top_center&#8221; min_height=&#8221;305px&#8221; global_colors_info=&#8221;{}&#8221;][et_pb_row _builder_version=&#8221;4.27.4&#8243; _module_preset=&#8221;default&#8221; width=&#8221;100%&#8221; global_colors_info=&#8221;{}&#8221;][et_pb_column type=&#8221;4_4&#8243; _builder_version=&#8221;4.27.4&#8243; _module_preset=&#8221;default&#8221; global_colors_info=&#8221;{}&#8221;][et_pb_heading title=&#8221;Sinilev\u00e4seurannan koulutus&#8221; _builder_version=&#8221;4.27.4&#8243; _module_preset=&#8221;default&#8221; title_text_align=&#8221;center&#8221; title_text_color=&#8221;#F8F9FA&#8221; hover_enabled=&#8221;0&#8243; global_colors_info=&#8221;{}&#8221; custom_margin=&#8221;16px||||false|false&#8221; sticky_enabled=&#8221;0&#8243;][\/et_pb_heading][\/et_pb_column][\/et_pb_row][\/et_pb_section][et_pb_section fb_built=&#8221;1&#8243; _builder_version=&#8221;4.27.4&#8243; _module_preset=&#8221;default&#8221; background_enable_image=&#8221;off&#8221; background_position=&#8221;top_center&#8221; global_colors_info=&#8221;{}&#8221;][et_pb_row column_structure=&#8221;1_2,1_2&#8243; _builder_version=&#8221;4.25.1&#8243; _module_preset=&#8221;default&#8221; global_colors_info=&#8221;{}&#8221;][et_pb_column type=&#8221;1_2&#8243; _builder_version=&#8221;4.25.1&#8243; _module_preset=&#8221;default&#8221; global_colors_info=&#8221;{}&#8221;][et_pb_text admin_label=&#8221;Teksti &#8211; johdanto&#8221; _builder_version=&#8221;4.27.4&#8243; _module_preset=&#8221;default&#8221; global_colors_info=&#8221;{}&#8221;]<\/p>\n<h1>Koulutuksen aineistot<\/h1>\n<p>&nbsp;<\/p>\n<div>\n<p>Kes\u00e4ll\u00e4 2024 jatkamme taas Suomen rotarypiirien hyv\u00e4\u00e4 yhteist\u00e4 projektia &#8211; l\u00e4hivesien ja It\u00e4meren suojelua &#8211; yhteisty\u00f6kumppanimme Suomen ymp\u00e4rist\u00f6keskus Syken kanssa. Rotareiden panos <strong>sinilev\u00e4tilanteen<\/strong> havainnoimisessa on arvostettu ja tervetullut lis\u00e4 Syken havaintoverkostoon. Se on arvokasta kansalaistoimintaa tutkimuksen ja ymp\u00e4rist\u00f6n hyv\u00e4ksi (ns<em>. citizen science<\/em>).<\/p>\n<p>&nbsp;<\/p>\n<\/div>\n<p>[\/et_pb_text][\/et_pb_column][et_pb_column type=&#8221;1_2&#8243; _builder_version=&#8221;4.25.1&#8243; _module_preset=&#8221;default&#8221; global_colors_info=&#8221;{}&#8221;][et_pb_image src=&#8221;https:\/\/rotary.fi\/d1420\/wp-content\/uploads\/sites\/183\/2024\/05\/save-the-baltic-sea-d1385-1430-tunnus-kaikki-piirit.jpeg&#8221; title_text=&#8221;Save the Baltic Sea_D1385_1430_tunnus_kaikki_piirit&#8221; admin_label=&#8221;Kuva Rotarylogo&#8221; _builder_version=&#8221;4.25.1&#8243; _module_preset=&#8221;default&#8221; global_colors_info=&#8221;{}&#8221;][\/et_pb_image][et_pb_image src=&#8221;https:\/\/rotary.fi\/d1420\/wp-content\/uploads\/sites\/183\/2024\/05\/syke-tunnus-rgb.png&#8221; title_text=&#8221;Syke_tunnus_RGB&#8221; admin_label=&#8221;Kuva &#8211; SYKEn logo&#8221; _builder_version=&#8221;4.25.1&#8243; _module_preset=&#8221;default&#8221; global_colors_info=&#8221;{}&#8221;][\/et_pb_image][\/et_pb_column][\/et_pb_row][et_pb_row column_structure=&#8221;1_2,1_2&#8243; admin_label=&#8221;Rivi &#8221; _builder_version=&#8221;4.25.1&#8243; _module_preset=&#8221;default&#8221; global_colors_info=&#8221;{}&#8221;][et_pb_column type=&#8221;1_2&#8243; _builder_version=&#8221;4.25.1&#8243; _module_preset=&#8221;default&#8221; global_colors_info=&#8221;{}&#8221;][et_pb_text admin_label=&#8221;Teksti &#8211; koulutuksen aiheet&#8221; _builder_version=&#8221;4.25.1&#8243; _module_preset=&#8221;default&#8221; global_colors_info=&#8221;{}&#8221;]<\/p>\n<div>\n<h3>Koulutuksen teemat:<\/h3>\n<ul>\n<li><em>Perustiedot It\u00e4meren tilasta ja Perustiedot j\u00e4rvien tilasta. <\/em><\/li>\n<li><em>Miten tunnistat sinilev\u00e4t. <\/em><\/li>\n<li><em>Miten arvioit lev\u00e4n m\u00e4\u00e4r\u00e4n. <\/em><\/li>\n<li><em>Miten perustat oman havainnointipaikan. <\/em><\/li>\n<li><em>Miten raportoit viikoittaisen sinilev\u00e4tilanteen Syken j\u00e4rjestelm\u00e4\u00e4n.<\/em><\/li>\n<\/ul>\n<\/div>\n<p>[\/et_pb_text][\/et_pb_column][et_pb_column type=&#8221;1_2&#8243; _builder_version=&#8221;4.25.1&#8243; _module_preset=&#8221;default&#8221; global_colors_info=&#8221;{}&#8221;][et_pb_text _builder_version=&#8221;4.25.1&#8243; _module_preset=&#8221;default&#8221; global_colors_info=&#8221;{}&#8221;]<\/p>\n<p>Toukokuussa j\u00e4rjestettiin kaksi koulutustilaisuutta verkossa.<\/p>\n<ul>\n<li>Tiistaina 7.5.2024 klo 15.00 \u2013 17.30 (<u>merialueella<\/u> havaintoja tekev\u00e4t).<\/li>\n<li>Tiistaina 14.5.2024 klo 15.00 &#8211; 17.30 (j\u00e4rvialueilla havaintoja tekev\u00e4t)<\/li>\n<\/ul>\n<p>Voit katsoa webinaarien tallenteet oheisista videoista tai piirin 1420 Youtube-kanavalta.<\/p>\n<p>[\/et_pb_text][\/et_pb_column][\/et_pb_row][et_pb_row column_structure=&#8221;1_2,1_2&#8243; admin_label=&#8221;Rivi &#8221; _builder_version=&#8221;4.25.1&#8243; _module_preset=&#8221;default&#8221; global_colors_info=&#8221;{}&#8221;][et_pb_column type=&#8221;1_2&#8243; _builder_version=&#8221;4.25.1&#8243; _module_preset=&#8221;default&#8221; global_colors_info=&#8221;{}&#8221;][et_pb_video src=&#8221;https:\/\/youtu.be\/Y71bCVn8mAo&#8221; admin_label=&#8221;Video &#8211; havainnot merialueella&#8221; _builder_version=&#8221;4.25.1&#8243; _module_preset=&#8221;default&#8221; global_colors_info=&#8221;{}&#8221;][\/et_pb_video][et_pb_text _builder_version=&#8221;4.25.1&#8243; _module_preset=&#8221;default&#8221; global_colors_info=&#8221;{}&#8221;]<\/p>\n<p>Youtube-videon osoite: <a href=\"https:\/\/youtu.be\/Y71bCVn8mAo\">https:\/\/youtu.be\/Y71bCVn8mAo<\/a><\/p>\n<p>Videon sis\u00e4lt\u00f6:<br \/>0:00 Johdantopuheenvuoro, Hanne Kauranne, Finlandia Hall Rotaryklubi<br \/>1:36 Mit\u00e4 kuuluu, It\u00e4meri; Seppo Knuuttila, Suomen Ymp\u00e4rist\u00f6keskus<br \/>40:22 Sinilev\u00e4kukintojen tunnistaminen ja runsauden arviointi; Sirpa Lehtinen, Suomen ymp\u00e4rist\u00f6keskus<br \/>1:12:17 N\u00e4in osallistut sinilev\u00e4seurantaan; Matti Lindholm, Suomen ymp\u00e4rist\u00f6keskus<\/p>\n<p>[\/et_pb_text][\/et_pb_column][et_pb_column type=&#8221;1_2&#8243; _builder_version=&#8221;4.25.1&#8243; _module_preset=&#8221;default&#8221; global_colors_info=&#8221;{}&#8221;][et_pb_video src=&#8221;https:\/\/youtu.be\/qxiOvmb0WKE&#8221; admin_label=&#8221;Video &#8211; havainnot j\u00e4rvill\u00e4&#8221; _builder_version=&#8221;4.25.1&#8243; _module_preset=&#8221;default&#8221; global_colors_info=&#8221;{}&#8221;][\/et_pb_video][et_pb_text _builder_version=&#8221;4.25.1&#8243; _module_preset=&#8221;default&#8221; global_colors_info=&#8221;{}&#8221;]<\/p>\n<p>Youtube-videon osoite: \u00a0<a href=\"https:\/\/youtu.be\/qxiOvmb0WKE\"> https:\/\/youtu.be\/qxiOvmb0WKE<\/a><\/p>\n<p>Videon sis\u00e4lt\u00f6:<br \/>0:00 Katsaus Suomen j\u00e4rvien tilaan, Marko J\u00e4rvinen, Suomen Ymp\u00e4rist\u00f6keskus<br \/>50:10 Sinilev\u00e4t, Kristiina Vuorio, Suomen ymp\u00e4rist\u00f6keskus<br \/>1:32:04 N\u00e4in osallistut sinilev\u00e4seurantaan, Matti Lindholm, Suomen ymp\u00e4rist\u00f6keskus<\/p>\n<p>[\/et_pb_text][\/et_pb_column][\/et_pb_row][et_pb_row column_structure=&#8221;1_2,1_2&#8243; admin_label=&#8221;Rivi koulutuksen aineistot &#8221; _builder_version=&#8221;4.25.1&#8243; _module_preset=&#8221;default&#8221; global_colors_info=&#8221;{}&#8221;][et_pb_column type=&#8221;1_2&#8243; _builder_version=&#8221;4.25.1&#8243; _module_preset=&#8221;default&#8221; global_colors_info=&#8221;{}&#8221;][et_pb_image src=&#8221;https:\/\/rotary.fi\/d1420\/wp-content\/uploads\/sites\/183\/2024\/05\/sinilevat-merella-sirpa-lehtinen-syke.jpg&#8221; title_text=&#8221;Sinilev\u00e4t merell\u00e4 &#8211; Sirpa Lehtinen Syke&#8221; _builder_version=&#8221;4.25.1&#8243; _module_preset=&#8221;default&#8221; box_shadow_style=&#8221;preset1&#8243; global_colors_info=&#8221;{}&#8221;][\/et_pb_image][et_pb_text admin_label=&#8221;Teksti &#8211; sinilev\u00e4t merell\u00e4&#8221; _builder_version=&#8221;4.25.1&#8243; _module_preset=&#8221;default&#8221; global_colors_info=&#8221;{}&#8221;]<\/p>\n<p>Linkki esitykseen:<\/p>\n<p><a href=\"https:\/\/rotary.fi\/d1420\/wp-content\/uploads\/sites\/183\/2024\/05\/Sinilevat-merella-Sirpa-Lehtinen-Syke.pdf\" rel=\"attachment wp-att-8430\">Sinilev\u00e4t merell\u00e4 &#8211; Sirpa Lehtinen Syke<\/a><\/p>\n<p>&nbsp;<\/p>\n<p>[\/et_pb_text][\/et_pb_column][et_pb_column type=&#8221;1_2&#8243; _builder_version=&#8221;4.25.1&#8243; _module_preset=&#8221;default&#8221; global_colors_info=&#8221;{}&#8221;][et_pb_image src=&#8221;https:\/\/rotary.fi\/d1420\/wp-content\/uploads\/sites\/183\/2024\/05\/katsaus-suomen-jarvien-tilaan-jarvinen-marko-syke.jpg&#8221; title_text=&#8221;Katsaus_Suomen_j\u00e4rvien_tilaan_J\u00e4rvinen_Marko_SYKE&#8221; _builder_version=&#8221;4.25.1&#8243; _module_preset=&#8221;default&#8221; box_shadow_style=&#8221;preset1&#8243; global_colors_info=&#8221;{}&#8221;][\/et_pb_image][et_pb_text admin_label=&#8221;Teksti &#8211; j\u00e4rvien tila&#8221; _builder_version=&#8221;4.25.1&#8243; _module_preset=&#8221;default&#8221; global_colors_info=&#8221;{}&#8221;]<\/p>\n<p>Linkki esitykseen:<\/p>\n<p><a href=\"https:\/\/rotary.fi\/d1420\/wp-content\/uploads\/sites\/183\/2024\/05\/Katsaus_Suomen_jarvien_tilaan_JarvinenMarko_SYKE_14.5.2024.pdf\" rel=\"attachment wp-att-8411\">Katsaus_Suomen_j\u00e4rvien_tilaan_J\u00e4rvinen_Marko_SYKE<\/a><\/p>\n<p>[\/et_pb_text][\/et_pb_column][\/et_pb_row][et_pb_row column_structure=&#8221;1_2,1_2&#8243; admin_label=&#8221;Rivi koulutuksen aineistot &#8221; _builder_version=&#8221;4.25.1&#8243; _module_preset=&#8221;default&#8221; global_colors_info=&#8221;{}&#8221;][et_pb_column type=&#8221;1_2&#8243; _builder_version=&#8221;4.25.1&#8243; _module_preset=&#8221;default&#8221; global_colors_info=&#8221;{}&#8221;][et_pb_image src=&#8221;https:\/\/rotary.fi\/d1420\/wp-content\/uploads\/sites\/183\/2024\/05\/sinilevat-kristiina-vuorio-syke.jpg&#8221; title_text=&#8221;Sinilev\u00e4t_Kristiina_Vuorio_SYKE&#8221; _builder_version=&#8221;4.25.1&#8243; _module_preset=&#8221;default&#8221; box_shadow_style=&#8221;preset1&#8243; global_colors_info=&#8221;{}&#8221;][\/et_pb_image][et_pb_text admin_label=&#8221;Teksti &#8211; sinilev\u00e4t&#8221; _builder_version=&#8221;4.25.1&#8243; _module_preset=&#8221;default&#8221; global_colors_info=&#8221;{}&#8221;]<\/p>\n<p>Linkki esitykseen:<\/p>\n<p><a href=\"https:\/\/rotary.fi\/d1420\/wp-content\/uploads\/sites\/183\/2024\/05\/Sinilevat_14.5.2024_Kristiina_Vuorio_SYKE.pdf\" rel=\"attachment wp-att-8413\">Sinilev\u00e4t_Kristiina_Vuorio_SYKE<\/a><\/p>\n<p>[\/et_pb_text][\/et_pb_column][et_pb_column type=&#8221;1_2&#8243; _builder_version=&#8221;4.25.1&#8243; _module_preset=&#8221;default&#8221; global_colors_info=&#8221;{}&#8221;][et_pb_image src=&#8221;https:\/\/rotary.fi\/d1420\/wp-content\/uploads\/sites\/183\/2024\/05\/nain-osallistut-sinilevaseurantaan-matti-lindholm-syke.jpg&#8221; title_text=&#8221;N\u00e4in_osallistut_sinilev\u00e4seurantaan_Matti_Lindholm_SYKE&#8221; _builder_version=&#8221;4.25.1&#8243; _module_preset=&#8221;default&#8221; box_shadow_style=&#8221;preset1&#8243; global_colors_info=&#8221;{}&#8221;][\/et_pb_image][et_pb_text admin_label=&#8221;Teksti &#8211; seurantaan osallistuminen&#8221; _builder_version=&#8221;4.25.1&#8243; _module_preset=&#8221;default&#8221; global_colors_info=&#8221;{}&#8221;]<\/p>\n<p>Linkki esitykseen:<\/p>\n<p><a href=\"https:\/\/rotary.fi\/d1420\/wp-content\/uploads\/sites\/183\/2024\/05\/Nain_osallistut_sinilevaseurantaan_14.5.2024_Matti_Lindholm_SYKE.pdf\" rel=\"attachment wp-att-8412\">N\u00e4in_osallistut_sinilev\u00e4seurantaan_Matti_Lindholm_SYKE<\/a><\/p>\n<p>[\/et_pb_text][\/et_pb_column][\/et_pb_row][et_pb_row _builder_version=&#8221;4.25.1&#8243; _module_preset=&#8221;default&#8221; global_colors_info=&#8221;{}&#8221;][et_pb_column type=&#8221;4_4&#8243; _builder_version=&#8221;4.25.1&#8243; _module_preset=&#8221;default&#8221; global_colors_info=&#8221;{}&#8221;][et_pb_text admin_label=&#8221;Teksti- lis\u00e4tiedot verkossa&#8221; _builder_version=&#8221;4.25.1&#8243; _module_preset=&#8221;default&#8221; global_colors_info=&#8221;{}&#8221;]<\/p>\n<div>\u00a0<\/div>\n<p>&nbsp;<\/p>\n<h3>Muu aineisto verkossa<\/h3>\n<p>Viime kes\u00e4n 2023 <a href=\"https:\/\/www.sttinfo.fi\/tiedote\/70009840\/valtakunnallisen-sinilevakatsauksen-yhteenveto-kesa-elokuu-2023-seka-jarvilla-etta-merella-vaihteleva-sinilevakesa?publisherId=69819243&amp;lang=fi\">yhteenveto<\/a><\/p>\n<p>Havaintojen julkaisualusta <a href=\"http:\/\/www.jarviwiki.fi\/wiki\/Etusivu\">J\u00e4rvi-meriwiki<\/a><\/p>\n<p><a href=\"http:\/\/www.jarviwiki.fi\/wiki\/Havaintol\u00e4hetti\">Verkkosivu<\/a>, jolla havainnot kirjataan ja l\u00e4hetet\u00e4\u00e4n<\/p>\n<p>&nbsp;<\/p>\n<p>[\/et_pb_text][\/et_pb_column][\/et_pb_row][\/et_pb_section]<\/p>\n","protected":false},"excerpt":{"rendered":"<p>Koulutuksen aineistot &nbsp; Kes\u00e4ll\u00e4 2024 jatkamme taas Suomen rotarypiirien hyv\u00e4\u00e4 yhteist\u00e4 projektia &#8211; l\u00e4hivesien ja It\u00e4meren suojelua &#8211; yhteisty\u00f6kumppanimme Suomen ymp\u00e4rist\u00f6keskus Syken kanssa. Rotareiden panos sinilev\u00e4tilanteen havainnoimisessa on arvostettu ja tervetullut lis\u00e4 Syken havaintoverkostoon. Se on arvokasta kansalaistoimintaa tutkimuksen ja ymp\u00e4rist\u00f6n hyv\u00e4ksi (ns. citizen science). &nbsp; Koulutuksen teemat: Perustiedot It\u00e4meren tilasta ja Perustiedot j\u00e4rvien tilasta. [&hellip;]<\/p>\n","protected":false},"author":26,"featured_media":0,"parent":12508,"menu_order":0,"comment_status":"closed","ping_status":"closed","template":"","meta":{"_acf_changed":false,"_et_pb_use_builder":"on","_et_pb_old_content":"","_et_gb_content_width":"","footnotes":""},"class_list":["post-12967","page","type-page","status-publish","hentry"],"acf":[],"yoast_head":"<!-- This site is optimized with the Yoast SEO plugin v27.4 - https:\/\/yoast.com\/product\/yoast-seo-wordpress\/ -->\n<title>Sinilev\u00e4seurannan koulutus - Piiri 1420<\/title>\n<meta name=\"robots\" content=\"index, follow, max-snippet:-1, max-image-preview:large, max-video-preview:-1\" \/>\n<link rel=\"canonical\" href=\"https:\/\/rotary.fi\/d1420\/mita-teemme\/ymparisto-ja-itameri\/sinilevaseurannan-koulutus\/\" \/>\n<meta property=\"og:locale\" content=\"fi_FI\" \/>\n<meta property=\"og:type\" content=\"article\" \/>\n<meta property=\"og:title\" content=\"Sinilev\u00e4seurannan koulutus - Piiri 1420\" \/>\n<meta property=\"og:description\" content=\"Koulutuksen aineistot &nbsp; Kes\u00e4ll\u00e4 2024 jatkamme taas Suomen rotarypiirien hyv\u00e4\u00e4 yhteist\u00e4 projektia - l\u00e4hivesien ja It\u00e4meren suojelua - yhteisty\u00f6kumppanimme Suomen ymp\u00e4rist\u00f6keskus Syken kanssa. Rotareiden panos sinilev\u00e4tilanteen havainnoimisessa on arvostettu ja tervetullut lis\u00e4 Syken havaintoverkostoon. Se on arvokasta kansalaistoimintaa tutkimuksen ja ymp\u00e4rist\u00f6n hyv\u00e4ksi (ns. citizen science). &nbsp; Koulutuksen teemat: Perustiedot It\u00e4meren tilasta ja Perustiedot j\u00e4rvien tilasta. [&hellip;]\" \/>\n<meta property=\"og:url\" content=\"https:\/\/rotary.fi\/d1420\/mita-teemme\/ymparisto-ja-itameri\/sinilevaseurannan-koulutus\/\" \/>\n<meta property=\"og:site_name\" content=\"Piiri 1420\" \/>\n<meta property=\"article:publisher\" content=\"https:\/\/www.facebook.com\/rotary\/\" \/>\n<meta property=\"article:modified_time\" content=\"2026-03-29T08:58:23+00:00\" \/>\n<meta name=\"twitter:card\" content=\"summary_large_image\" \/>\n<meta name=\"twitter:label1\" content=\"Arvioitu lukuaika\" \/>\n\t<meta name=\"twitter:data1\" content=\"3 minuuttia\" \/>\n<script type=\"application\/ld+json\" class=\"yoast-schema-graph\">{\"@context\":\"https:\\\/\\\/schema.org\",\"@graph\":[{\"@type\":\"WebPage\",\"@id\":\"https:\\\/\\\/rotary.fi\\\/d1420\\\/mita-teemme\\\/ymparisto-ja-itameri\\\/sinilevaseurannan-koulutus\\\/\",\"url\":\"https:\\\/\\\/rotary.fi\\\/d1420\\\/mita-teemme\\\/ymparisto-ja-itameri\\\/sinilevaseurannan-koulutus\\\/\",\"name\":\"Sinilev\u00e4seurannan koulutus - Piiri 1420\",\"isPartOf\":{\"@id\":\"https:\\\/\\\/rotary.fi\\\/d1420\\\/#website\"},\"datePublished\":\"2026-03-13T13:01:06+00:00\",\"dateModified\":\"2026-03-29T08:58:23+00:00\",\"breadcrumb\":{\"@id\":\"https:\\\/\\\/rotary.fi\\\/d1420\\\/mita-teemme\\\/ymparisto-ja-itameri\\\/sinilevaseurannan-koulutus\\\/#breadcrumb\"},\"inLanguage\":\"fi\",\"potentialAction\":[{\"@type\":\"ReadAction\",\"target\":[\"https:\\\/\\\/rotary.fi\\\/d1420\\\/mita-teemme\\\/ymparisto-ja-itameri\\\/sinilevaseurannan-koulutus\\\/\"]}]},{\"@type\":\"BreadcrumbList\",\"@id\":\"https:\\\/\\\/rotary.fi\\\/d1420\\\/mita-teemme\\\/ymparisto-ja-itameri\\\/sinilevaseurannan-koulutus\\\/#breadcrumb\",\"itemListElement\":[{\"@type\":\"ListItem\",\"position\":1,\"name\":\"Home\",\"item\":\"https:\\\/\\\/rotary.fi\\\/d1420\\\/\"},{\"@type\":\"ListItem\",\"position\":2,\"name\":\"Mit\u00e4 teemme\",\"item\":\"https:\\\/\\\/rotary.fi\\\/d1420\\\/mita-teemme\\\/\"},{\"@type\":\"ListItem\",\"position\":3,\"name\":\"Ymp\u00e4rist\u00f6 ja It\u00e4meri\",\"item\":\"https:\\\/\\\/rotary.fi\\\/d1420\\\/mita-teemme\\\/ymparisto-ja-itameri\\\/\"},{\"@type\":\"ListItem\",\"position\":4,\"name\":\"Sinilev\u00e4seurannan koulutus\"}]},{\"@type\":\"WebSite\",\"@id\":\"https:\\\/\\\/rotary.fi\\\/d1420\\\/#website\",\"url\":\"https:\\\/\\\/rotary.fi\\\/d1420\\\/\",\"name\":\"Piiri 1420\",\"description\":\"Suomen Rotary\",\"potentialAction\":[{\"@type\":\"SearchAction\",\"target\":{\"@type\":\"EntryPoint\",\"urlTemplate\":\"https:\\\/\\\/rotary.fi\\\/d1420\\\/?s={search_term_string}\"},\"query-input\":{\"@type\":\"PropertyValueSpecification\",\"valueRequired\":true,\"valueName\":\"search_term_string\"}}],\"inLanguage\":\"fi\"}]}<\/script>\n<!-- \/ Yoast SEO plugin. -->","yoast_head_json":{"title":"Sinilev\u00e4seurannan koulutus - Piiri 1420","robots":{"index":"index","follow":"follow","max-snippet":"max-snippet:-1","max-image-preview":"max-image-preview:large","max-video-preview":"max-video-preview:-1"},"canonical":"https:\/\/rotary.fi\/d1420\/mita-teemme\/ymparisto-ja-itameri\/sinilevaseurannan-koulutus\/","og_locale":"fi_FI","og_type":"article","og_title":"Sinilev\u00e4seurannan koulutus - Piiri 1420","og_description":"Koulutuksen aineistot &nbsp; Kes\u00e4ll\u00e4 2024 jatkamme taas Suomen rotarypiirien hyv\u00e4\u00e4 yhteist\u00e4 projektia - l\u00e4hivesien ja It\u00e4meren suojelua - yhteisty\u00f6kumppanimme Suomen ymp\u00e4rist\u00f6keskus Syken kanssa. Rotareiden panos sinilev\u00e4tilanteen havainnoimisessa on arvostettu ja tervetullut lis\u00e4 Syken havaintoverkostoon. Se on arvokasta kansalaistoimintaa tutkimuksen ja ymp\u00e4rist\u00f6n hyv\u00e4ksi (ns. citizen science). &nbsp; Koulutuksen teemat: Perustiedot It\u00e4meren tilasta ja Perustiedot j\u00e4rvien tilasta. [&hellip;]","og_url":"https:\/\/rotary.fi\/d1420\/mita-teemme\/ymparisto-ja-itameri\/sinilevaseurannan-koulutus\/","og_site_name":"Piiri 1420","article_publisher":"https:\/\/www.facebook.com\/rotary\/","article_modified_time":"2026-03-29T08:58:23+00:00","twitter_card":"summary_large_image","twitter_misc":{"Arvioitu lukuaika":"3 minuuttia"},"schema":{"@context":"https:\/\/schema.org","@graph":[{"@type":"WebPage","@id":"https:\/\/rotary.fi\/d1420\/mita-teemme\/ymparisto-ja-itameri\/sinilevaseurannan-koulutus\/","url":"https:\/\/rotary.fi\/d1420\/mita-teemme\/ymparisto-ja-itameri\/sinilevaseurannan-koulutus\/","name":"Sinilev\u00e4seurannan koulutus - Piiri 1420","isPartOf":{"@id":"https:\/\/rotary.fi\/d1420\/#website"},"datePublished":"2026-03-13T13:01:06+00:00","dateModified":"2026-03-29T08:58:23+00:00","breadcrumb":{"@id":"https:\/\/rotary.fi\/d1420\/mita-teemme\/ymparisto-ja-itameri\/sinilevaseurannan-koulutus\/#breadcrumb"},"inLanguage":"fi","potentialAction":[{"@type":"ReadAction","target":["https:\/\/rotary.fi\/d1420\/mita-teemme\/ymparisto-ja-itameri\/sinilevaseurannan-koulutus\/"]}]},{"@type":"BreadcrumbList","@id":"https:\/\/rotary.fi\/d1420\/mita-teemme\/ymparisto-ja-itameri\/sinilevaseurannan-koulutus\/#breadcrumb","itemListElement":[{"@type":"ListItem","position":1,"name":"Home","item":"https:\/\/rotary.fi\/d1420\/"},{"@type":"ListItem","position":2,"name":"Mit\u00e4 teemme","item":"https:\/\/rotary.fi\/d1420\/mita-teemme\/"},{"@type":"ListItem","position":3,"name":"Ymp\u00e4rist\u00f6 ja It\u00e4meri","item":"https:\/\/rotary.fi\/d1420\/mita-teemme\/ymparisto-ja-itameri\/"},{"@type":"ListItem","position":4,"name":"Sinilev\u00e4seurannan koulutus"}]},{"@type":"WebSite","@id":"https:\/\/rotary.fi\/d1420\/#website","url":"https:\/\/rotary.fi\/d1420\/","name":"Piiri 1420","description":"Suomen Rotary","potentialAction":[{"@type":"SearchAction","target":{"@type":"EntryPoint","urlTemplate":"https:\/\/rotary.fi\/d1420\/?s={search_term_string}"},"query-input":{"@type":"PropertyValueSpecification","valueRequired":true,"valueName":"search_term_string"}}],"inLanguage":"fi"}]}},"lang":"fi","translations":{"fi":12967,"sv":13284,"en":13303,"et":13310},"pll_sync_post":[],"_links":{"self":[{"href":"https:\/\/rotary.fi\/d1420\/wp-json\/wp\/v2\/pages\/12967","targetHints":{"allow":["GET"]}}],"collection":[{"href":"https:\/\/rotary.fi\/d1420\/wp-json\/wp\/v2\/pages"}],"about":[{"href":"https:\/\/rotary.fi\/d1420\/wp-json\/wp\/v2\/types\/page"}],"author":[{"embeddable":true,"href":"https:\/\/rotary.fi\/d1420\/wp-json\/wp\/v2\/users\/26"}],"replies":[{"embeddable":true,"href":"https:\/\/rotary.fi\/d1420\/wp-json\/wp\/v2\/comments?post=12967"}],"version-history":[{"count":10,"href":"https:\/\/rotary.fi\/d1420\/wp-json\/wp\/v2\/pages\/12967\/revisions"}],"predecessor-version":[{"id":13413,"href":"https:\/\/rotary.fi\/d1420\/wp-json\/wp\/v2\/pages\/12967\/revisions\/13413"}],"up":[{"embeddable":true,"href":"https:\/\/rotary.fi\/d1420\/wp-json\/wp\/v2\/pages\/12508"}],"wp:attachment":[{"href":"https:\/\/rotary.fi\/d1420\/wp-json\/wp\/v2\/media?parent=12967"}],"curies":[{"name":"wp","href":"https:\/\/api.w.org\/{rel}","templated":true}]}}