{"id":12688,"date":"2026-03-13T15:01:54","date_gmt":"2026-03-13T13:01:54","guid":{"rendered":"https:\/\/rotary.fi\/d1420\/?page_id=12688"},"modified":"2026-03-29T12:52:58","modified_gmt":"2026-03-29T10:52:58","slug":"kansainvalinen-yhteistyo","status":"publish","type":"page","link":"https:\/\/rotary.fi\/d1420\/mita-teemme\/ymparisto-ja-itameri\/kansainvalinen-yhteistyo\/","title":{"rendered":"Kansainv\u00e4linen yhteisty\u00f6"},"content":{"rendered":"<p>[et_pb_section fb_built=&#8221;1&#8243; admin_label=&#8221;Osio &#8211; yl\u00e4kuva&#8221; module_class=&#8221;jumbotron-page&#8221; _builder_version=&#8221;4.27.4&#8243; background_image=&#8221;https:\/\/rotary.fi\/d1420\/wp-content\/uploads\/sites\/183\/2026\/03\/maisema-2.jpg&#8221; background_position=&#8221;top_center&#8221; global_colors_info=&#8221;{}&#8221;][et_pb_row module_class=&#8221; et_pb_row_fullwidth et_pb_row_fullwidth&#8221; _builder_version=&#8221;4.16&#8243; width=&#8221;89%&#8221; width_tablet=&#8221;80%&#8221; width_phone=&#8221;&#8221; width_last_edited=&#8221;on|desktop&#8221; max_width=&#8221;89%&#8221; max_width_tablet=&#8221;80%&#8221; max_width_phone=&#8221;&#8221; max_width_last_edited=&#8221;on|desktop&#8221; make_fullwidth=&#8221;on&#8221; global_colors_info=&#8221;{}&#8221;][et_pb_column type=&#8221;4_4&#8243; _builder_version=&#8221;4.16&#8243; custom_padding=&#8221;|||&#8221; global_colors_info=&#8221;{}&#8221; custom_padding__hover=&#8221;|||&#8221;][et_pb_text admin_label=&#8221;otsikko&#8221; _builder_version=&#8221;4.27.4&#8243; text_orientation=&#8221;center&#8221; hover_enabled=&#8221;0&#8243; global_colors_info=&#8221;{}&#8221; sticky_enabled=&#8221;0&#8243;]<\/p>\n<h2 style=\"text-align: left\">Kansainv\u00e4linen yhteisty\u00f6<\/h2>\n<p>[\/et_pb_text][\/et_pb_column][\/et_pb_row][\/et_pb_section][et_pb_section fb_built=&#8221;1&#8243; admin_label=&#8221;Osio &#8211; kansainv\u00e4linen yhteisty\u00f6&#8221; module_class=&#8221;sisaltoalue_perus&#8221; _builder_version=&#8221;4.27.4&#8243; custom_margin=&#8221;||0px||false|false&#8221; border_color_all=&#8221;#FFFFFF&#8221; border_style_all=&#8221;none&#8221; border_width_bottom=&#8221;1px&#8221; border_color_bottom=&#8221;#019FCB&#8221; global_colors_info=&#8221;{}&#8221;][et_pb_row custom_padding_last_edited=&#8221;on|phone&#8221; _builder_version=&#8221;4.27.4&#8243; max_height=&#8221;100px&#8221; custom_padding_tablet=&#8221;&#8221; custom_padding_phone=&#8221;&#8221; global_colors_info=&#8221;{}&#8221;][et_pb_column type=&#8221;4_4&#8243; _builder_version=&#8221;4.16&#8243; custom_padding=&#8221;|||&#8221; global_colors_info=&#8221;{}&#8221; custom_padding__hover=&#8221;|||&#8221;][et_pb_text _builder_version=&#8221;4.27.4&#8243; _module_preset=&#8221;default&#8221; global_colors_info=&#8221;{}&#8221;]<\/p>\n<p>It\u00e4merifoorumi tekee yhteisty\u00f6t\u00e4 useiden kansainv\u00e4listen organisaatioiden kanssa.<\/p>\n<p>&nbsp;<\/p>\n<p>[\/et_pb_text][\/et_pb_column][\/et_pb_row][et_pb_row custom_padding_last_edited=&#8221;on|phone&#8221; _builder_version=&#8221;4.27.4&#8243; max_height=&#8221;100px&#8221; custom_padding_tablet=&#8221;&#8221; custom_padding_phone=&#8221;&#8221; global_colors_info=&#8221;{}&#8221;][et_pb_column type=&#8221;4_4&#8243; _builder_version=&#8221;4.16&#8243; custom_padding=&#8221;|||&#8221; global_colors_info=&#8221;{}&#8221; custom_padding__hover=&#8221;|||&#8221;][et_pb_text admin_label=&#8221;otsikko &#8211; BASRAn&#8221; _builder_version=&#8221;4.27.4&#8243; text_orientation=&#8221;center&#8221; global_colors_info=&#8221;{}&#8221;]<\/p>\n<h3 style=\"text-align: left\">BASRAN &#8211; Baltic Sea Regional Action Network<\/h3>\n<p>[\/et_pb_text][\/et_pb_column][\/et_pb_row][et_pb_row column_structure=&#8221;1_2,1_2&#8243; custom_padding_last_edited=&#8221;on|phone&#8221; _builder_version=&#8221;4.27.4&#8243; max_height=&#8221;100px&#8221; custom_padding_tablet=&#8221;&#8221; custom_padding_phone=&#8221;&#8221; global_colors_info=&#8221;{}&#8221;][et_pb_column type=&#8221;1_2&#8243; _builder_version=&#8221;4.16&#8243; custom_padding=&#8221;|||&#8221; global_colors_info=&#8221;{}&#8221; custom_padding__hover=&#8221;|||&#8221;][et_pb_text admin_label=&#8221;Teksti&#8221; _builder_version=&#8221;4.27.4&#8243; _module_preset=&#8221;default&#8221; global_colors_info=&#8221;{}&#8221;]<strong>BASRAN &#8211; Baltic Sea Regional Action Network\u00a0<\/strong> tukee rotareita aloittamaan ja olemaan mukana palveluhankkeissa, lis\u00e4\u00e4 tietoutta It\u00e4merest\u00e4, siihen vaikuttavasta kuormituksesta ja sen hyv\u00e4ksi teht\u00e4v\u00e4n ty\u00f6n mahdollisuuksista.<\/p>\n<p>Basranissa on piirist\u00e4 kaksi edustajaa: Viron <strong>Marve Virunum<\/strong> ja Uusimaan P<strong>\u00e4ivi-Kippo Edlund<\/strong>.<\/p>\n<p><a href=\"https:\/\/rotary.fi\/d1420\/mita-teemme\/basran\/\">https:\/\/rotary.fi\/d1420\/mita-teemme\/basran\/<\/a><br \/>\n<a href=\"https:\/\/sites.google.com\/rotaryfinland.org\/basran\">https:\/\/sites.google.com\/rotaryfinland.org\/basran<\/a><br \/>\n[\/et_pb_text][\/et_pb_column][et_pb_column type=&#8221;1_2&#8243; _builder_version=&#8221;4.16&#8243; custom_padding=&#8221;|||&#8221; global_colors_info=&#8221;{}&#8221; custom_padding__hover=&#8221;|||&#8221;][et_pb_image src=&#8221;https:\/\/rotary.fi\/d1420\/wp-content\/uploads\/sites\/183\/2026\/03\/basran.png&#8221; title_text=&#8221;BASRAN&#8221; _builder_version=&#8221;4.27.4&#8243; _module_preset=&#8221;default&#8221; global_colors_info=&#8221;{}&#8221;][\/et_pb_image][\/et_pb_column][\/et_pb_row][et_pb_row _builder_version=&#8221;4.27.4&#8243; _module_preset=&#8221;default&#8221; global_colors_info=&#8221;{}&#8221;][et_pb_column type=&#8221;4_4&#8243; _builder_version=&#8221;4.27.4&#8243; _module_preset=&#8221;default&#8221; global_colors_info=&#8221;{}&#8221;][et_pb_divider _builder_version=&#8221;4.27.4&#8243; _module_preset=&#8221;default&#8221; global_colors_info=&#8221;{}&#8221;][\/et_pb_divider][et_pb_text admin_label=&#8221;otsikko &#8211; ESRAG&#8221; _builder_version=&#8221;4.27.4&#8243; _module_preset=&#8221;default&#8221; global_colors_info=&#8221;{}&#8221;]&nbsp;<\/p>\n<h3>ESRAG &#8211; Environmental Sustainability Rotary Action Group<\/h3>\n<p>[\/et_pb_text][\/et_pb_column][\/et_pb_row][et_pb_row column_structure=&#8221;1_2,1_2&#8243; _builder_version=&#8221;4.27.4&#8243; _module_preset=&#8221;default&#8221; global_colors_info=&#8221;{}&#8221;][et_pb_column type=&#8221;1_2&#8243; _builder_version=&#8221;4.27.4&#8243; _module_preset=&#8221;default&#8221; global_colors_info=&#8221;{}&#8221;][et_pb_image src=&#8221;https:\/\/rotary.fi\/d1420\/wp-content\/uploads\/sites\/183\/2026\/03\/esrag.png&#8221; title_text=&#8221;ESRAG&#8221; _builder_version=&#8221;4.27.4&#8243; _module_preset=&#8221;default&#8221; global_colors_info=&#8221;{}&#8221;][\/et_pb_image][\/et_pb_column][et_pb_column type=&#8221;1_2&#8243; _builder_version=&#8221;4.27.4&#8243; _module_preset=&#8221;default&#8221; global_colors_info=&#8221;{}&#8221;][et_pb_text _builder_version=&#8221;4.27.4&#8243; _module_preset=&#8221;default&#8221; global_colors_info=&#8221;{}&#8221;]ESRAGin tarkoitus on voimaannuttaa rotareita maailmanlaajuisesti tekem\u00e4\u00e4n toimenpiteit\u00e4 ymp\u00e4rist\u00f6mme yll\u00e4pit\u00e4miseksi, erityisesti ilmaston vakauttamiseksi.<\/p>\n<p><a href=\"https:\/\/esrag.org\">https:\/\/esrag.org<\/a><br \/>\n[\/et_pb_text][\/et_pb_column][\/et_pb_row][et_pb_row _builder_version=&#8221;4.27.4&#8243; _module_preset=&#8221;default&#8221; global_colors_info=&#8221;{}&#8221;][et_pb_column type=&#8221;4_4&#8243; _builder_version=&#8221;4.27.4&#8243; _module_preset=&#8221;default&#8221; global_colors_info=&#8221;{}&#8221;][et_pb_divider _builder_version=&#8221;4.27.4&#8243; _module_preset=&#8221;default&#8221; global_colors_info=&#8221;{}&#8221;][\/et_pb_divider][et_pb_text admin_label=&#8221;otsikko &#8211; CAFW&#8221; _builder_version=&#8221;4.27.4&#8243; _module_preset=&#8221;default&#8221; global_colors_info=&#8221;{}&#8221;]<\/p>\n<h3>CAFW &#8211; Community Action for Fresh Water<\/h3>\n<p>[\/et_pb_text][\/et_pb_column][\/et_pb_row][et_pb_row column_structure=&#8221;1_2,1_2&#8243; _builder_version=&#8221;4.27.4&#8243; _module_preset=&#8221;default&#8221; global_colors_info=&#8221;{}&#8221;][et_pb_column type=&#8221;1_2&#8243; _builder_version=&#8221;4.27.4&#8243; _module_preset=&#8221;default&#8221; global_colors_info=&#8221;{}&#8221;][et_pb_text _builder_version=&#8221;4.27.4&#8243; _module_preset=&#8221;default&#8221; global_colors_info=&#8221;{}&#8221;]<\/p>\n<p>CAFW eli Community Action for Fresh Water on UNEPin aloite. Sen tavoite on saada rotaryklubit tekem\u00e4\u00e4n toimia makean veden ekosysteemien suojelemiseksi, ennallistamiseksi ja yll\u00e4pit\u00e4miseksi. Se esittelee, mit\u00e4 rotaryklubit jo tekev\u00e4t vesist\u00f6alueillaan ymp\u00e4ri maailmaa. CAFW:lle on nyt avattu projektitietokanta. Projekti m\u00e4\u00e4ritell\u00e4\u00e4n ja sen j\u00e4lkeen sille voi lis\u00e4t\u00e4 aktiviteetteja. Mik\u00e4\u00e4n projekti ei ole liian pieni tai liian v\u00e4h\u00e4n rotary, etteik\u00f6 sit\u00e4 voisi lis\u00e4t\u00e4 mukaan.<\/p>\n<p><a href=\"https:\/\/www.unep.org\/topics\/fresh-water\/nature-based-solutions\/working-nature\/community-action-fresh-water\">https:\/\/www.unep.org\/topics\/fresh-water\/nature-based-solutions\/working-nature\/community-action-fresh-water<\/a> <a href=\"https:\/\/map.communityactionforfreshwater.org\/\">https:\/\/map.communityactionforfreshwater.org\/<\/a><\/p>\n<p>[\/et_pb_text][\/et_pb_column][et_pb_column type=&#8221;1_2&#8243; _builder_version=&#8221;4.27.4&#8243; _module_preset=&#8221;default&#8221; global_colors_info=&#8221;{}&#8221;][et_pb_image src=&#8221;https:\/\/rotary.fi\/d1420\/wp-content\/uploads\/sites\/183\/2026\/03\/cafw.png&#8221; title_text=&#8221;CAFW&#8221; _builder_version=&#8221;4.27.4&#8243; _module_preset=&#8221;default&#8221; global_colors_info=&#8221;{}&#8221;][\/et_pb_image][\/et_pb_column][\/et_pb_row][\/et_pb_section]<\/p>\n","protected":false},"excerpt":{"rendered":"<p>Kansainv\u00e4linen yhteisty\u00f6It\u00e4merifoorumi tekee yhteisty\u00f6t\u00e4 useiden kansainv\u00e4listen organisaatioiden kanssa. &nbsp;BASRAN &#8211; Baltic Sea Regional Action Network BASRAN &#8211; Baltic Sea Regional Action Network\u00a0 tukee rotareita aloittamaan ja olemaan mukana palveluhankkeissa, lis\u00e4\u00e4 tietoutta It\u00e4merest\u00e4, siihen vaikuttavasta kuormituksesta ja sen hyv\u00e4ksi teht\u00e4v\u00e4n ty\u00f6n mahdollisuuksista. Basranissa on piirist\u00e4 kaksi edustajaa: Viron Marve Virunum ja Uusimaan P\u00e4ivi-Kippo Edlund. https:\/\/rotary.fi\/d1420\/mita-teemme\/basran\/ https:\/\/sites.google.com\/rotaryfinland.org\/basran [&hellip;]<\/p>\n","protected":false},"author":26,"featured_media":0,"parent":12508,"menu_order":5,"comment_status":"closed","ping_status":"closed","template":"","meta":{"_acf_changed":false,"_et_pb_use_builder":"on","_et_pb_old_content":"","_et_gb_content_width":"","footnotes":""},"class_list":["post-12688","page","type-page","status-publish","hentry"],"acf":[],"yoast_head":"<!-- This site is optimized with the Yoast SEO plugin v27.4 - https:\/\/yoast.com\/product\/yoast-seo-wordpress\/ -->\n<title>Kansainv\u00e4linen yhteisty\u00f6 - Piiri 1420<\/title>\n<meta name=\"robots\" content=\"index, follow, max-snippet:-1, max-image-preview:large, max-video-preview:-1\" \/>\n<link rel=\"canonical\" href=\"https:\/\/rotary.fi\/d1420\/mita-teemme\/ymparisto-ja-itameri\/kansainvalinen-yhteistyo\/\" \/>\n<meta property=\"og:locale\" content=\"fi_FI\" \/>\n<meta property=\"og:type\" content=\"article\" \/>\n<meta property=\"og:title\" content=\"Kansainv\u00e4linen yhteisty\u00f6 - Piiri 1420\" \/>\n<meta property=\"og:description\" content=\"Kansainv\u00e4linen yhteisty\u00f6It\u00e4merifoorumi tekee yhteisty\u00f6t\u00e4 useiden kansainv\u00e4listen organisaatioiden kanssa. &nbsp;BASRAN - Baltic Sea Regional Action Network BASRAN - Baltic Sea Regional Action Network\u00a0 tukee rotareita aloittamaan ja olemaan mukana palveluhankkeissa, lis\u00e4\u00e4 tietoutta It\u00e4merest\u00e4, siihen vaikuttavasta kuormituksesta ja sen hyv\u00e4ksi teht\u00e4v\u00e4n ty\u00f6n mahdollisuuksista. Basranissa on piirist\u00e4 kaksi edustajaa: Viron Marve Virunum ja Uusimaan P\u00e4ivi-Kippo Edlund. https:\/\/rotary.fi\/d1420\/mita-teemme\/basran\/ https:\/\/sites.google.com\/rotaryfinland.org\/basran [&hellip;]\" \/>\n<meta property=\"og:url\" content=\"https:\/\/rotary.fi\/d1420\/mita-teemme\/ymparisto-ja-itameri\/kansainvalinen-yhteistyo\/\" \/>\n<meta property=\"og:site_name\" content=\"Piiri 1420\" \/>\n<meta property=\"article:publisher\" content=\"https:\/\/www.facebook.com\/rotary\/\" \/>\n<meta property=\"article:modified_time\" content=\"2026-03-29T10:52:58+00:00\" \/>\n<meta name=\"twitter:card\" content=\"summary_large_image\" \/>\n<meta name=\"twitter:label1\" content=\"Arvioitu lukuaika\" \/>\n\t<meta name=\"twitter:data1\" content=\"3 minuuttia\" \/>\n<script type=\"application\/ld+json\" class=\"yoast-schema-graph\">{\"@context\":\"https:\\\/\\\/schema.org\",\"@graph\":[{\"@type\":\"WebPage\",\"@id\":\"https:\\\/\\\/rotary.fi\\\/d1420\\\/mita-teemme\\\/ymparisto-ja-itameri\\\/kansainvalinen-yhteistyo\\\/\",\"url\":\"https:\\\/\\\/rotary.fi\\\/d1420\\\/mita-teemme\\\/ymparisto-ja-itameri\\\/kansainvalinen-yhteistyo\\\/\",\"name\":\"Kansainv\u00e4linen yhteisty\u00f6 - Piiri 1420\",\"isPartOf\":{\"@id\":\"https:\\\/\\\/rotary.fi\\\/d1420\\\/#website\"},\"datePublished\":\"2026-03-13T13:01:54+00:00\",\"dateModified\":\"2026-03-29T10:52:58+00:00\",\"breadcrumb\":{\"@id\":\"https:\\\/\\\/rotary.fi\\\/d1420\\\/mita-teemme\\\/ymparisto-ja-itameri\\\/kansainvalinen-yhteistyo\\\/#breadcrumb\"},\"inLanguage\":\"fi\",\"potentialAction\":[{\"@type\":\"ReadAction\",\"target\":[\"https:\\\/\\\/rotary.fi\\\/d1420\\\/mita-teemme\\\/ymparisto-ja-itameri\\\/kansainvalinen-yhteistyo\\\/\"]}]},{\"@type\":\"BreadcrumbList\",\"@id\":\"https:\\\/\\\/rotary.fi\\\/d1420\\\/mita-teemme\\\/ymparisto-ja-itameri\\\/kansainvalinen-yhteistyo\\\/#breadcrumb\",\"itemListElement\":[{\"@type\":\"ListItem\",\"position\":1,\"name\":\"Home\",\"item\":\"https:\\\/\\\/rotary.fi\\\/d1420\\\/\"},{\"@type\":\"ListItem\",\"position\":2,\"name\":\"Mit\u00e4 teemme\",\"item\":\"https:\\\/\\\/rotary.fi\\\/d1420\\\/mita-teemme\\\/\"},{\"@type\":\"ListItem\",\"position\":3,\"name\":\"Ymp\u00e4rist\u00f6 ja It\u00e4meri\",\"item\":\"https:\\\/\\\/rotary.fi\\\/d1420\\\/mita-teemme\\\/ymparisto-ja-itameri\\\/\"},{\"@type\":\"ListItem\",\"position\":4,\"name\":\"Kansainv\u00e4linen yhteisty\u00f6\"}]},{\"@type\":\"WebSite\",\"@id\":\"https:\\\/\\\/rotary.fi\\\/d1420\\\/#website\",\"url\":\"https:\\\/\\\/rotary.fi\\\/d1420\\\/\",\"name\":\"Piiri 1420\",\"description\":\"Suomen Rotary\",\"potentialAction\":[{\"@type\":\"SearchAction\",\"target\":{\"@type\":\"EntryPoint\",\"urlTemplate\":\"https:\\\/\\\/rotary.fi\\\/d1420\\\/?s={search_term_string}\"},\"query-input\":{\"@type\":\"PropertyValueSpecification\",\"valueRequired\":true,\"valueName\":\"search_term_string\"}}],\"inLanguage\":\"fi\"}]}<\/script>\n<!-- \/ Yoast SEO plugin. -->","yoast_head_json":{"title":"Kansainv\u00e4linen yhteisty\u00f6 - Piiri 1420","robots":{"index":"index","follow":"follow","max-snippet":"max-snippet:-1","max-image-preview":"max-image-preview:large","max-video-preview":"max-video-preview:-1"},"canonical":"https:\/\/rotary.fi\/d1420\/mita-teemme\/ymparisto-ja-itameri\/kansainvalinen-yhteistyo\/","og_locale":"fi_FI","og_type":"article","og_title":"Kansainv\u00e4linen yhteisty\u00f6 - Piiri 1420","og_description":"Kansainv\u00e4linen yhteisty\u00f6It\u00e4merifoorumi tekee yhteisty\u00f6t\u00e4 useiden kansainv\u00e4listen organisaatioiden kanssa. &nbsp;BASRAN - Baltic Sea Regional Action Network BASRAN - Baltic Sea Regional Action Network\u00a0 tukee rotareita aloittamaan ja olemaan mukana palveluhankkeissa, lis\u00e4\u00e4 tietoutta It\u00e4merest\u00e4, siihen vaikuttavasta kuormituksesta ja sen hyv\u00e4ksi teht\u00e4v\u00e4n ty\u00f6n mahdollisuuksista. Basranissa on piirist\u00e4 kaksi edustajaa: Viron Marve Virunum ja Uusimaan P\u00e4ivi-Kippo Edlund. https:\/\/rotary.fi\/d1420\/mita-teemme\/basran\/ https:\/\/sites.google.com\/rotaryfinland.org\/basran [&hellip;]","og_url":"https:\/\/rotary.fi\/d1420\/mita-teemme\/ymparisto-ja-itameri\/kansainvalinen-yhteistyo\/","og_site_name":"Piiri 1420","article_publisher":"https:\/\/www.facebook.com\/rotary\/","article_modified_time":"2026-03-29T10:52:58+00:00","twitter_card":"summary_large_image","twitter_misc":{"Arvioitu lukuaika":"3 minuuttia"},"schema":{"@context":"https:\/\/schema.org","@graph":[{"@type":"WebPage","@id":"https:\/\/rotary.fi\/d1420\/mita-teemme\/ymparisto-ja-itameri\/kansainvalinen-yhteistyo\/","url":"https:\/\/rotary.fi\/d1420\/mita-teemme\/ymparisto-ja-itameri\/kansainvalinen-yhteistyo\/","name":"Kansainv\u00e4linen yhteisty\u00f6 - Piiri 1420","isPartOf":{"@id":"https:\/\/rotary.fi\/d1420\/#website"},"datePublished":"2026-03-13T13:01:54+00:00","dateModified":"2026-03-29T10:52:58+00:00","breadcrumb":{"@id":"https:\/\/rotary.fi\/d1420\/mita-teemme\/ymparisto-ja-itameri\/kansainvalinen-yhteistyo\/#breadcrumb"},"inLanguage":"fi","potentialAction":[{"@type":"ReadAction","target":["https:\/\/rotary.fi\/d1420\/mita-teemme\/ymparisto-ja-itameri\/kansainvalinen-yhteistyo\/"]}]},{"@type":"BreadcrumbList","@id":"https:\/\/rotary.fi\/d1420\/mita-teemme\/ymparisto-ja-itameri\/kansainvalinen-yhteistyo\/#breadcrumb","itemListElement":[{"@type":"ListItem","position":1,"name":"Home","item":"https:\/\/rotary.fi\/d1420\/"},{"@type":"ListItem","position":2,"name":"Mit\u00e4 teemme","item":"https:\/\/rotary.fi\/d1420\/mita-teemme\/"},{"@type":"ListItem","position":3,"name":"Ymp\u00e4rist\u00f6 ja It\u00e4meri","item":"https:\/\/rotary.fi\/d1420\/mita-teemme\/ymparisto-ja-itameri\/"},{"@type":"ListItem","position":4,"name":"Kansainv\u00e4linen yhteisty\u00f6"}]},{"@type":"WebSite","@id":"https:\/\/rotary.fi\/d1420\/#website","url":"https:\/\/rotary.fi\/d1420\/","name":"Piiri 1420","description":"Suomen Rotary","potentialAction":[{"@type":"SearchAction","target":{"@type":"EntryPoint","urlTemplate":"https:\/\/rotary.fi\/d1420\/?s={search_term_string}"},"query-input":{"@type":"PropertyValueSpecification","valueRequired":true,"valueName":"search_term_string"}}],"inLanguage":"fi"}]}},"lang":"fi","translations":{"fi":12688,"sv":13485,"en":13502,"et":13509},"pll_sync_post":[],"_links":{"self":[{"href":"https:\/\/rotary.fi\/d1420\/wp-json\/wp\/v2\/pages\/12688","targetHints":{"allow":["GET"]}}],"collection":[{"href":"https:\/\/rotary.fi\/d1420\/wp-json\/wp\/v2\/pages"}],"about":[{"href":"https:\/\/rotary.fi\/d1420\/wp-json\/wp\/v2\/types\/page"}],"author":[{"embeddable":true,"href":"https:\/\/rotary.fi\/d1420\/wp-json\/wp\/v2\/users\/26"}],"replies":[{"embeddable":true,"href":"https:\/\/rotary.fi\/d1420\/wp-json\/wp\/v2\/comments?post=12688"}],"version-history":[{"count":10,"href":"https:\/\/rotary.fi\/d1420\/wp-json\/wp\/v2\/pages\/12688\/revisions"}],"predecessor-version":[{"id":13582,"href":"https:\/\/rotary.fi\/d1420\/wp-json\/wp\/v2\/pages\/12688\/revisions\/13582"}],"up":[{"embeddable":true,"href":"https:\/\/rotary.fi\/d1420\/wp-json\/wp\/v2\/pages\/12508"}],"wp:attachment":[{"href":"https:\/\/rotary.fi\/d1420\/wp-json\/wp\/v2\/media?parent=12688"}],"curies":[{"name":"wp","href":"https:\/\/api.w.org\/{rel}","templated":true}]}}