{"id":12632,"date":"2026-03-13T15:12:31","date_gmt":"2026-03-13T13:12:31","guid":{"rendered":"https:\/\/rotary.fi\/d1420\/?page_id=12632"},"modified":"2026-04-20T09:11:15","modified_gmt":"2026-04-20T07:11:15","slug":"ympariston-tila","status":"publish","type":"page","link":"https:\/\/rotary.fi\/d1420\/mita-teemme\/ymparisto-ja-itameri\/ympariston-tila\/","title":{"rendered":"Ymp\u00e4rist\u00f6n tila"},"content":{"rendered":"<p>[et_pb_section fb_built=&#8221;1&#8243; admin_label=&#8221;Osio &#8211; yl\u00e4kuva&#8221; module_class=&#8221;jumbotron-page&#8221; _builder_version=&#8221;4.27.4&#8243; background_image=&#8221;https:\/\/rotary.fi\/d1420\/wp-content\/uploads\/sites\/183\/2026\/03\/maisema-2.jpg&#8221; background_position=&#8221;top_center&#8221; global_colors_info=&#8221;{}&#8221;][et_pb_row module_class=&#8221; et_pb_row_fullwidth et_pb_row_fullwidth&#8221; _builder_version=&#8221;4.16&#8243; width=&#8221;89%&#8221; width_tablet=&#8221;80%&#8221; width_phone=&#8221;&#8221; width_last_edited=&#8221;on|desktop&#8221; max_width=&#8221;89%&#8221; max_width_tablet=&#8221;80%&#8221; max_width_phone=&#8221;&#8221; max_width_last_edited=&#8221;on|desktop&#8221; make_fullwidth=&#8221;on&#8221; global_colors_info=&#8221;{}&#8221;][et_pb_column type=&#8221;4_4&#8243; _builder_version=&#8221;4.16&#8243; custom_padding=&#8221;|||&#8221; global_colors_info=&#8221;{}&#8221; custom_padding__hover=&#8221;|||&#8221;][et_pb_text admin_label=&#8221;Ymp\u00e4rist\u00f6n tila -p\u00e4\u00e4otsikko&#8221; _builder_version=&#8221;4.27.4&#8243; text_orientation=&#8221;center&#8221; background_layout=&#8221;dark&#8221; global_colors_info=&#8221;{}&#8221;]<\/p>\n<h1>Ymp\u00e4rist\u00f6n tila<\/h1>\n<p>[\/et_pb_text][\/et_pb_column][\/et_pb_row][\/et_pb_section][et_pb_section fb_built=&#8221;1&#8243; admin_label=&#8221;Osio -ymp\u00e4rist\u00f6&#8221; module_class=&#8221;sisaltoalue_perus&#8221; _builder_version=&#8221;4.22.1&#8243; custom_margin=&#8221;||0px||false|false&#8221; border_color_all=&#8221;#FFFFFF&#8221; border_style_all=&#8221;none&#8221; border_width_bottom=&#8221;1px&#8221; border_color_bottom=&#8221;#019FCB&#8221; global_colors_info=&#8221;{}&#8221;][et_pb_row _builder_version=&#8221;4.27.4&#8243; _module_preset=&#8221;default&#8221; global_colors_info=&#8221;{}&#8221;][et_pb_column type=&#8221;4_4&#8243; _builder_version=&#8221;4.27.4&#8243; _module_preset=&#8221;default&#8221; global_colors_info=&#8221;{}&#8221;][et_pb_text admin_label=&#8221;It\u00e4meren tila otsikko&#8221; _builder_version=&#8221;4.27.4&#8243; text_orientation=&#8221;center&#8221; global_colors_info=&#8221;{}&#8221;]<\/p>\n<h2 style=\"text-align: left\">It\u00e4meren tila on edelleen huolestuttava<\/h2>\n<p>[\/et_pb_text][et_pb_text _builder_version=&#8221;4.27.4&#8243; _module_preset=&#8221;default&#8221; global_colors_info=&#8221;{}&#8221;]<\/p>\n<p>Ihmisen toiminta heikent\u00e4\u00e4 It\u00e4meren ymp\u00e4rist\u00f6\u00e4 monella tavalla. Vieraslajeja levi\u00e4\u00e4 uusille alueille laivaliikenteen mukana, mereen kulkeutuu ravinteita ja haitallisia aineita maa-alueilta ja merenkulusta, ja muovien ja keinokuitujen k\u00e4yt\u00f6n lis\u00e4\u00e4ntyminen n\u00e4kyy merten roskaantumisena. Meriliikenteest\u00e4, rakentamisesta, merituulivoimaloista ja muusta meren hy\u00f6dynt\u00e4misest\u00e4 syntyy vedenalaista melua ja muutoksia virtauksissa, aallokkoisuudessa, veden l\u00e4mp\u00f6tilassa ja suolaisuudessa.<\/p>\n<p>[\/et_pb_text][\/et_pb_column][\/et_pb_row][et_pb_row column_structure=&#8221;1_2,1_2&#8243; _builder_version=&#8221;4.27.4&#8243; _module_preset=&#8221;default&#8221; global_colors_info=&#8221;{}&#8221;][et_pb_column type=&#8221;1_2&#8243; _builder_version=&#8221;4.27.4&#8243; _module_preset=&#8221;default&#8221; global_colors_info=&#8221;{}&#8221;][et_pb_text _builder_version=&#8221;4.27.4&#8243; _module_preset=&#8221;default&#8221; global_colors_info=&#8221;{}&#8221;]<\/p>\n<p>Vesienhoidon tavoite vuodelle 2027 on vesist\u00f6jen v\u00e4hint\u00e4\u00e4n hyv\u00e4 tila ja est\u00e4\u00e4 vesist\u00f6jen tilan heikkeneminen koko EU:n alueella. Oheinen kuva n\u00e4ytt\u00e4\u00e4 tilan Suomen vesist\u00f6iss\u00e4 ja rannikkovesiss\u00e4 vuonna 2019. Vihre\u00e4 ja sininen osoittavat hyv\u00e4n ja erinomaisen tilan. Vesist\u00f6n tila arvioidaan kuuden vuoden v\u00e4lein.<\/p>\n<p>It\u00e4meren tilaa seurataan toki jatkuvasti. Seurantaohjelmassa tarkkaillaan meren rehev\u00f6itymist\u00e4, veden laatua, meriluontoa ja muita meren hyvinvoinnin osa-alueita. Tulosten perusteella tehd\u00e4\u00e4n arvio kunkin osa-alueen tilasta. Tavoitteena on, ett\u00e4 jokaisella osa-alueella saavutetaan hyv\u00e4 tila.<\/p>\n<p>[\/et_pb_text][\/et_pb_column][et_pb_column type=&#8221;1_2&#8243; _builder_version=&#8221;4.27.4&#8243; _module_preset=&#8221;default&#8221; global_colors_info=&#8221;{}&#8221;][et_pb_image src=&#8221;https:\/\/rotary.fi\/d1420\/wp-content\/uploads\/sites\/183\/2026\/03\/itameren-tila-pintaveden-tila.png&#8221; title_text=&#8221;It\u00e4meren tila &#8211; pintaveden tila&#8221; _builder_version=&#8221;4.27.4&#8243; _module_preset=&#8221;default&#8221; global_colors_info=&#8221;{}&#8221;][\/et_pb_image][\/et_pb_column][\/et_pb_row][et_pb_row column_structure=&#8221;1_3,1_3,1_3&#8243; _builder_version=&#8221;4.27.4&#8243; _module_preset=&#8221;default&#8221; global_colors_info=&#8221;{}&#8221;][et_pb_column type=&#8221;1_3&#8243; _builder_version=&#8221;4.27.4&#8243; _module_preset=&#8221;default&#8221; global_colors_info=&#8221;{}&#8221;][et_pb_image src=&#8221;https:\/\/rotary.fi\/d1420\/wp-content\/uploads\/sites\/183\/2026\/03\/fosfori-syke.png&#8221; title_text=&#8221;Fosfori &#8211; SYKE&#8221; _builder_version=&#8221;4.27.4&#8243; _module_preset=&#8221;default&#8221; global_colors_info=&#8221;{}&#8221;][\/et_pb_image][\/et_pb_column][et_pb_column type=&#8221;1_3&#8243; _builder_version=&#8221;4.27.4&#8243; _module_preset=&#8221;default&#8221; global_colors_info=&#8221;{}&#8221;][et_pb_image src=&#8221;https:\/\/rotary.fi\/d1420\/wp-content\/uploads\/sites\/183\/2026\/03\/happi-syke.png&#8221; title_text=&#8221;Happi &#8211; SYKE&#8221; _builder_version=&#8221;4.27.4&#8243; _module_preset=&#8221;default&#8221; global_colors_info=&#8221;{}&#8221;][\/et_pb_image][\/et_pb_column][et_pb_column type=&#8221;1_3&#8243; _builder_version=&#8221;4.27.4&#8243; _module_preset=&#8221;default&#8221; global_colors_info=&#8221;{}&#8221;][et_pb_text _builder_version=&#8221;4.27.4&#8243; _module_preset=&#8221;default&#8221; global_colors_info=&#8221;{}&#8221;]<\/p>\n<p>T\u00e4h\u00e4n on viel\u00e4 matkaa, mik\u00e4 n\u00e4kyy mm. oheisista Syken julkaisemista pohjan fosfori- ja happipitoisuuksista elokuussa 2023. Happipitoisuuskuvassa punainen tarkoittaa, ett\u00e4 pohja on hapeton ja sininen kuvaa hyv\u00e4\u00e4 tilaa. Pohjaan laskenut orgaaninen aines on hajonnut, kuluttanut hajotessaan hapen ja vapauttanut fosforin. Seuraavana kes\u00e4n\u00e4 fosfori sitoutuu taas kasvavaan lev\u00e4\u00e4n. Fosforia pit\u00e4isi sek\u00e4 hidastaa valumasta lis\u00e4\u00e4 vesist\u00f6ihin ett\u00e4 saada poistettua.<\/p>\n<p>Viime vuosikymmenin\u00e4 kohonnut vesimassan l\u00e4mp\u00f6tila on my\u00f6t\u00e4vaikuttanut tilanteen pahenemiseen.<\/p>\n<p>[\/et_pb_text][\/et_pb_column][\/et_pb_row][et_pb_row _builder_version=&#8221;4.27.4&#8243; _module_preset=&#8221;default&#8221; global_colors_info=&#8221;{}&#8221;][et_pb_column type=&#8221;4_4&#8243; _builder_version=&#8221;4.27.4&#8243; _module_preset=&#8221;default&#8221; global_colors_info=&#8221;{}&#8221;][et_pb_text admin_label=&#8221;Teksti &#8211; linkit&#8221; _builder_version=&#8221;4.27.6&#8243; _module_preset=&#8221;default&#8221; hover_enabled=&#8221;0&#8243; global_colors_info=&#8221;{}&#8221; sticky_enabled=&#8221;0&#8243;]<\/p>\n<p>Tietoa It\u00e4meren ja vesist\u00f6jen tilasta on saatavilla runsaasti eri sivustoilla, mm.<br \/><a href=\"https:\/\/www.ymparisto.fi\/fi\/ympariston-tila\/vesi\/itameren-tila\">https:\/\/www.ymparisto.fi\/fi\/ympariston-tila\/vesi\/itameren-tila<\/a><br \/><a href=\"https:\/\/www.ymparisto.fi\/fi\/luonto-vesistot-ja-meri\/meri\/suomen-meriympariston-tila-2024\">https:\/\/www.ymparisto.fi\/fi\/luonto-vesistot-ja-meri\/meri\/suomen-meriympariston-tila-2024<\/a><br \/><a href=\"https:\/\/itameri.fi\/itameren-tila\/merenpohjan-tila-2\/hapettomat-pohjat\/\">https:\/\/itameri.fi\/itameren-tila\/merenpohjan-tila-2\/hapettomat-pohjat\/<\/a><br \/><a href=\"https:\/\/www.europarl.europa.eu\/topics\/en\/article\/20250428STO28142\/europe-swaters-key-challenges-and-eu-solutions\">https:\/\/www.europarl.europa.eu\/topics\/en\/article\/20250428STO28142\/europe-swaters-key-challenges-and-eu-solutions<\/a><br \/><a href=\"https:\/\/www.vesi.fi\/teemasivut\/\">https:\/\/www.vesi.fi\/teemasivut\/<\/a><br \/><a href=\"https:\/\/www.vesi.fi\/karttapalvelu\/\">https:\/\/www.vesi.fi\/karttapalvelu\/<\/a><\/p>\n<p>[\/et_pb_text][et_pb_divider _builder_version=&#8221;4.27.4&#8243; _module_preset=&#8221;default&#8221; global_colors_info=&#8221;{}&#8221;][\/et_pb_divider][\/et_pb_column][\/et_pb_row][et_pb_row _builder_version=&#8221;4.27.4&#8243; _module_preset=&#8221;default&#8221; global_colors_info=&#8221;{}&#8221;][et_pb_column type=&#8221;4_4&#8243; _builder_version=&#8221;4.27.4&#8243; _module_preset=&#8221;default&#8221; global_colors_info=&#8221;{}&#8221;][et_pb_text admin_label=&#8221;otsikko &#8211; Ilmastomuutos&#8221; _builder_version=&#8221;4.27.4&#8243; _module_preset=&#8221;default&#8221; global_colors_info=&#8221;{}&#8221;]<\/p>\n<h3>Ilmastomuutos<\/h3>\n<p>[\/et_pb_text][et_pb_text admin_label=&#8221;Teksti &#8211; ilmastonmuutos it\u00e4merell\u00e4&#8221; _builder_version=&#8221;4.27.4&#8243; _module_preset=&#8221;default&#8221; global_colors_info=&#8221;{}&#8221;]Ilmastonmuutos on yksi vakavimmista ihmiskuntaa koskettavista ymp\u00e4rist\u00f6ongelmista. Se kytkeytyy luonnon monimuotoisuuden k\u00f6yhtymiseen sek\u00e4 kest\u00e4m\u00e4tt\u00f6miin kulutus- ja tuotantotapoihin.<\/p>\n<p><strong>Ilmastonmuutos It\u00e4merell\u00e4<\/strong><\/p>\n<p>Kun talvet l\u00e4mpenev\u00e4t ja sateet lis\u00e4\u00e4ntyv\u00e4t, It\u00e4meri l\u00e4mpenee, j\u00e4\u00e4tyminen v\u00e4henee ja suolapitoisuus laskee. Vastaavaa merta ei ole miss\u00e4\u00e4n p\u00e4in maailmaa.<\/p>\n<p>Meren l\u00e4mp\u00f6tila on noussut 2 oC vuodesta 1980 ja l\u00e4mp\u00f6tila nousee edelleen 2\u20134 oC Pohjois-It\u00e4merell\u00e4 vuoteen 2100 menness\u00e4. J\u00e4\u00e4peitteen laajuus pienenee puoleen, mik\u00e4 voi auttaa tuulia sekoittamaan happea syvemm\u00e4lle veteen. Mutta meren omat prosessit kiihdytt\u00e4v\u00e4t hapenkulutuksen kasvua. Vesi kerrostuu enemm\u00e4n, mik\u00e4 voi lis\u00e4t\u00e4 hapenpuutetta. Vedenpinta nousee. Talvisateet huuhtovat enemm\u00e4n ravinteita ja maaper\u00e4\u00e4 mereen. Rehev\u00f6ityminen ja sinilev\u00e4t lis\u00e4\u00e4ntyv\u00e4t, mik\u00e4 lis\u00e4\u00e4 hapenpuutetta ja niin edelleen.<\/p>\n<p><a href=\"https:\/\/itameri.fi\/itameren-tila\/ilmastonmuutos\/\">https:\/\/itameri.fi\/itameren-tila\/ilmastonmuutos\/<\/a><br \/>\n[\/et_pb_text][et_pb_text admin_label=&#8221;Teksti &#8211; ilmastonmuutos ja AMOC&#8221; _builder_version=&#8221;4.27.4&#8243; _module_preset=&#8221;default&#8221; global_colors_info=&#8221;{}&#8221;]<\/p>\n<p><strong>Ilmastonmuutos ja AMOC<\/strong><\/p>\n<p>Suomen ilmastoon vaikuttaa eniten Pohjois-Atlantin kiertoliike. Siit\u00e4 k\u00e4ytet\u00e4\u00e4n lyhennett\u00e4 AMOC, Atlantic Meridional Overturning Circulation. Sit\u00e4 ajavat tuuli ja veden tiheyserot. L\u00e4hell\u00e4 p\u00e4iv\u00e4ntasaajaa oleva l\u00e4mmin pintavesi virtaa pohjoiseen. Samalla se luovuttaa l\u00e4mp\u00f6\u00e4 ilmakeh\u00e4\u00e4n ja siten tihenee, jolloin se painuu kohti pohjaa. Vastaavasti pohjoisesta tuleva kylm\u00e4 merivesi virtaa etel\u00e4\u00e4n l\u00e4hemp\u00e4n\u00e4<br \/>pohjaa.<\/p>\n<p>[\/et_pb_text][\/et_pb_column][\/et_pb_row][et_pb_row column_structure=&#8221;1_2,1_2&#8243; _builder_version=&#8221;4.27.4&#8243; _module_preset=&#8221;default&#8221; global_colors_info=&#8221;{}&#8221;][et_pb_column type=&#8221;1_2&#8243; _builder_version=&#8221;4.27.4&#8243; _module_preset=&#8221;default&#8221; global_colors_info=&#8221;{}&#8221;][et_pb_text admin_label=&#8221;Teksti &#8211; ilmastonmuutos ja AMOC&#8221; _builder_version=&#8221;4.27.4&#8243; _module_preset=&#8221;default&#8221; global_colors_info=&#8221;{}&#8221;]<\/p>\n<p>AMOCin merkitt\u00e4vimm\u00e4t l\u00e4mpim\u00e4t merivirrat ovat Golfvirta ja Pohjois-Atlantin merivirta. L\u00e4mpim\u00e4lt\u00e4 Karibianmerelt\u00e4 l\u00e4htev\u00e4 Golfvirta kuljettaa l\u00e4mmint\u00e4 vett\u00e4 koilliseen pitkin Pohjois-Amerikan it\u00e4rannikkoa, mist\u00e4 vesi jatkaa matkaansa Pohjois-Atlantin merivirtana edelleen pohjoisemmas kohti Pohjois-Eurooppaa. T\u00e4m\u00e4n l\u00e4mm\u00f6n ansiosta pohjoinen Eurooppa on l\u00e4mpim\u00e4mpi kuin muut samoilla<br \/>leveyspiireill\u00e4 olevat maat, kuten Kanada. T\u00e4t\u00e4 vastoin J\u00e4\u00e4meren kylm\u00e4 merivesi on tihe\u00e4mp\u00e4\u00e4 ja virtaa etel\u00e4\u00e4n siksi syvemm\u00e4ll\u00e4.<\/p>\n<p>Ilmastonmuutoksen seurauksena pohjoiseen tuleva pintavesi ei menet\u00e4 l\u00e4mp\u00f6\u00e4 matkalla yht\u00e4 paljon kuin ennen, ja siihen sekoittuu enenev\u00e4ss\u00e4 m\u00e4\u00e4rin makeaa vett\u00e4, joka on suolaista kevyemp\u00e4\u00e4. T\u00e4m\u00e4n vuoksi AMOC-kiertoliikkeen ennustetaan heikkenev\u00e4n. Ennusteissa on pohdittu my\u00f6s mahdollisuutta AMOCin nopeasta hidastumisesta, mutta t\u00e4ll\u00e4 hetkell\u00e4 se ei vaikuta todenn\u00e4k\u00f6iselt\u00e4.<\/p>\n<p>[\/et_pb_text][\/et_pb_column][et_pb_column type=&#8221;1_2&#8243; _builder_version=&#8221;4.27.4&#8243; _module_preset=&#8221;default&#8221; global_colors_info=&#8221;{}&#8221;][et_pb_image src=&#8221;https:\/\/rotary.fi\/d1420\/wp-content\/uploads\/sites\/183\/2026\/03\/amoc-merivirrat.png&#8221; title_text=&#8221;AMOC merivirrat&#8221; _builder_version=&#8221;4.27.4&#8243; _module_preset=&#8221;default&#8221; global_colors_info=&#8221;{}&#8221;][\/et_pb_image][\/et_pb_column][\/et_pb_row][et_pb_row _builder_version=&#8221;4.27.4&#8243; _module_preset=&#8221;default&#8221; global_colors_info=&#8221;{}&#8221;][et_pb_column type=&#8221;4_4&#8243; _builder_version=&#8221;4.27.4&#8243; _module_preset=&#8221;default&#8221; global_colors_info=&#8221;{}&#8221;][et_pb_text admin_label=&#8221;Teksti &#8211; ilmastonmuutos ja AMOC&#8221; _builder_version=&#8221;4.27.4&#8243; _module_preset=&#8221;default&#8221; global_colors_info=&#8221;{}&#8221;]<\/p>\n<p><strong>Pohjoismainen raportti AMOC-kiertoliikkeen keikahduspisteen vaikutuksista kehottaa tehostamaan ilmastonmuutoksen hillitsemist\u00e4, seurantaa ja varautumista.<\/strong><\/p>\n<p>Tuoreeseen raporttiin (5.2.2026) on koostettu tieteellinen tieto Pohjois-Atlantin kiertoliikkeen (AMOC) mahdollisen romahduksen vaikutuksista Pohjoismaissa. Raportissa annetaan toimenpidesuosituksia alueen p\u00e4\u00e4t\u00f6ksentekij\u00f6ille.<\/p>\n<p>Pohjois-Atlantin kiertoliike AMOC (engl. the Atlantic Meridional Overturning Circulation) kuljettaa l\u00e4mp\u00f6\u00e4 Pohjois-Atlantille ja osaltaan mahdollistaa Pohjoismaiden suhteellisen leudon ilmaston. Ilmaston l\u00e4mpeneminen hidastaa AMOC-kiertoliikett\u00e4. On ep\u00e4todenn\u00e4k\u00f6ist\u00e4 mutta mahdollista, ett\u00e4 AMOC voisi jopa pys\u00e4hty\u00e4 melko v\u00e4h\u00e4isen l\u00e4mpenemisen seurauksena. T\u00e4llainen AMOCkiertoliikkeen muutos voisi k\u00e4\u00e4nt\u00e4\u00e4 Pohjois-Euroopan ilmaston kylmemp\u00e4\u00e4n suuntaan, kun muu maailma jatkaa l\u00e4mpenemist\u00e4\u00e4n. Vaikutukset n\u00e4kyisiv\u00e4t muun muassa ruoan- ja energiantuotannossa sek\u00e4 ihmisten toimeentulossa.<\/p>\n<p><a href=\"https:\/\/www.ilmatieteenlaitos.fi\/merivirrat\">https:\/\/www.ilmatieteenlaitos.fi\/merivirrat<\/a><br \/><a href=\"https:\/\/www.ilmatieteenlaitos.fi\/tiedote\/6TWTzExsFgEalSzhDcpkCw\">https:\/\/www.ilmatieteenlaitos.fi\/tiedote\/6TWTzExsFgEalSzhDcpkCw<\/a><br \/><a href=\"https:\/\/pub.norden.org\/temanord2026-504\/\">https:\/\/pub.norden.org\/temanord2026-504\/<\/a><br \/><a href=\"https:\/\/www.acccflagship.fi\/wp-content\/uploads\/Tipping_points_Policy_Brief_suomi.pdf\">https:\/\/www.acccflagship.fi\/wp-content\/uploads\/Tipping_points_Policy_Brief_suomi.pdf<\/a><\/p>\n<p>[\/et_pb_text][\/et_pb_column][\/et_pb_row][\/et_pb_section]<\/p>\n","protected":false},"excerpt":{"rendered":"<p>Ymp\u00e4rist\u00f6n tilaIt\u00e4meren tila on edelleen huolestuttavaIhmisen toiminta heikent\u00e4\u00e4 It\u00e4meren ymp\u00e4rist\u00f6\u00e4 monella tavalla. Vieraslajeja levi\u00e4\u00e4 uusille alueille laivaliikenteen mukana, mereen kulkeutuu ravinteita ja haitallisia aineita maa-alueilta ja merenkulusta, ja muovien ja keinokuitujen k\u00e4yt\u00f6n lis\u00e4\u00e4ntyminen n\u00e4kyy merten roskaantumisena. Meriliikenteest\u00e4, rakentamisesta, merituulivoimaloista ja muusta meren hy\u00f6dynt\u00e4misest\u00e4 syntyy vedenalaista melua ja muutoksia virtauksissa, aallokkoisuudessa, veden l\u00e4mp\u00f6tilassa ja suolaisuudessa.Vesienhoidon tavoite [&hellip;]<\/p>\n","protected":false},"author":26,"featured_media":0,"parent":12508,"menu_order":5,"comment_status":"closed","ping_status":"closed","template":"","meta":{"_acf_changed":false,"_et_pb_use_builder":"on","_et_pb_old_content":"","_et_gb_content_width":"","footnotes":""},"class_list":["post-12632","page","type-page","status-publish","hentry"],"acf":[],"yoast_head":"<!-- This site is optimized with the Yoast SEO plugin v27.4 - https:\/\/yoast.com\/product\/yoast-seo-wordpress\/ -->\n<title>Ymp\u00e4rist\u00f6n tila - Piiri 1420<\/title>\n<meta name=\"robots\" content=\"index, follow, max-snippet:-1, max-image-preview:large, max-video-preview:-1\" \/>\n<link rel=\"canonical\" href=\"https:\/\/rotary.fi\/d1420\/mita-teemme\/ymparisto-ja-itameri\/ympariston-tila\/\" \/>\n<meta property=\"og:locale\" content=\"fi_FI\" \/>\n<meta property=\"og:type\" content=\"article\" \/>\n<meta property=\"og:title\" content=\"Ymp\u00e4rist\u00f6n tila - Piiri 1420\" \/>\n<meta property=\"og:description\" content=\"Ymp\u00e4rist\u00f6n tilaIt\u00e4meren tila on edelleen huolestuttavaIhmisen toiminta heikent\u00e4\u00e4 It\u00e4meren ymp\u00e4rist\u00f6\u00e4 monella tavalla. Vieraslajeja levi\u00e4\u00e4 uusille alueille laivaliikenteen mukana, mereen kulkeutuu ravinteita ja haitallisia aineita maa-alueilta ja merenkulusta, ja muovien ja keinokuitujen k\u00e4yt\u00f6n lis\u00e4\u00e4ntyminen n\u00e4kyy merten roskaantumisena. Meriliikenteest\u00e4, rakentamisesta, merituulivoimaloista ja muusta meren hy\u00f6dynt\u00e4misest\u00e4 syntyy vedenalaista melua ja muutoksia virtauksissa, aallokkoisuudessa, veden l\u00e4mp\u00f6tilassa ja suolaisuudessa.Vesienhoidon tavoite [&hellip;]\" \/>\n<meta property=\"og:url\" content=\"https:\/\/rotary.fi\/d1420\/mita-teemme\/ymparisto-ja-itameri\/ympariston-tila\/\" \/>\n<meta property=\"og:site_name\" content=\"Piiri 1420\" \/>\n<meta property=\"article:publisher\" content=\"https:\/\/www.facebook.com\/rotary\/\" \/>\n<meta property=\"article:modified_time\" content=\"2026-04-20T07:11:15+00:00\" \/>\n<meta name=\"twitter:card\" content=\"summary_large_image\" \/>\n<meta name=\"twitter:label1\" content=\"Arvioitu lukuaika\" \/>\n\t<meta name=\"twitter:data1\" content=\"5 minuuttia\" \/>\n<script type=\"application\/ld+json\" class=\"yoast-schema-graph\">{\"@context\":\"https:\\\/\\\/schema.org\",\"@graph\":[{\"@type\":\"WebPage\",\"@id\":\"https:\\\/\\\/rotary.fi\\\/d1420\\\/mita-teemme\\\/ymparisto-ja-itameri\\\/ympariston-tila\\\/\",\"url\":\"https:\\\/\\\/rotary.fi\\\/d1420\\\/mita-teemme\\\/ymparisto-ja-itameri\\\/ympariston-tila\\\/\",\"name\":\"Ymp\u00e4rist\u00f6n tila - Piiri 1420\",\"isPartOf\":{\"@id\":\"https:\\\/\\\/rotary.fi\\\/d1420\\\/#website\"},\"datePublished\":\"2026-03-13T13:12:31+00:00\",\"dateModified\":\"2026-04-20T07:11:15+00:00\",\"breadcrumb\":{\"@id\":\"https:\\\/\\\/rotary.fi\\\/d1420\\\/mita-teemme\\\/ymparisto-ja-itameri\\\/ympariston-tila\\\/#breadcrumb\"},\"inLanguage\":\"fi\",\"potentialAction\":[{\"@type\":\"ReadAction\",\"target\":[\"https:\\\/\\\/rotary.fi\\\/d1420\\\/mita-teemme\\\/ymparisto-ja-itameri\\\/ympariston-tila\\\/\"]}]},{\"@type\":\"BreadcrumbList\",\"@id\":\"https:\\\/\\\/rotary.fi\\\/d1420\\\/mita-teemme\\\/ymparisto-ja-itameri\\\/ympariston-tila\\\/#breadcrumb\",\"itemListElement\":[{\"@type\":\"ListItem\",\"position\":1,\"name\":\"Home\",\"item\":\"https:\\\/\\\/rotary.fi\\\/d1420\\\/\"},{\"@type\":\"ListItem\",\"position\":2,\"name\":\"Mit\u00e4 teemme\",\"item\":\"https:\\\/\\\/rotary.fi\\\/d1420\\\/mita-teemme\\\/\"},{\"@type\":\"ListItem\",\"position\":3,\"name\":\"Ymp\u00e4rist\u00f6 ja It\u00e4meri\",\"item\":\"https:\\\/\\\/rotary.fi\\\/d1420\\\/mita-teemme\\\/ymparisto-ja-itameri\\\/\"},{\"@type\":\"ListItem\",\"position\":4,\"name\":\"Ymp\u00e4rist\u00f6n tila\"}]},{\"@type\":\"WebSite\",\"@id\":\"https:\\\/\\\/rotary.fi\\\/d1420\\\/#website\",\"url\":\"https:\\\/\\\/rotary.fi\\\/d1420\\\/\",\"name\":\"Piiri 1420\",\"description\":\"Suomen Rotary\",\"potentialAction\":[{\"@type\":\"SearchAction\",\"target\":{\"@type\":\"EntryPoint\",\"urlTemplate\":\"https:\\\/\\\/rotary.fi\\\/d1420\\\/?s={search_term_string}\"},\"query-input\":{\"@type\":\"PropertyValueSpecification\",\"valueRequired\":true,\"valueName\":\"search_term_string\"}}],\"inLanguage\":\"fi\"}]}<\/script>\n<!-- \/ Yoast SEO plugin. -->","yoast_head_json":{"title":"Ymp\u00e4rist\u00f6n tila - Piiri 1420","robots":{"index":"index","follow":"follow","max-snippet":"max-snippet:-1","max-image-preview":"max-image-preview:large","max-video-preview":"max-video-preview:-1"},"canonical":"https:\/\/rotary.fi\/d1420\/mita-teemme\/ymparisto-ja-itameri\/ympariston-tila\/","og_locale":"fi_FI","og_type":"article","og_title":"Ymp\u00e4rist\u00f6n tila - Piiri 1420","og_description":"Ymp\u00e4rist\u00f6n tilaIt\u00e4meren tila on edelleen huolestuttavaIhmisen toiminta heikent\u00e4\u00e4 It\u00e4meren ymp\u00e4rist\u00f6\u00e4 monella tavalla. Vieraslajeja levi\u00e4\u00e4 uusille alueille laivaliikenteen mukana, mereen kulkeutuu ravinteita ja haitallisia aineita maa-alueilta ja merenkulusta, ja muovien ja keinokuitujen k\u00e4yt\u00f6n lis\u00e4\u00e4ntyminen n\u00e4kyy merten roskaantumisena. Meriliikenteest\u00e4, rakentamisesta, merituulivoimaloista ja muusta meren hy\u00f6dynt\u00e4misest\u00e4 syntyy vedenalaista melua ja muutoksia virtauksissa, aallokkoisuudessa, veden l\u00e4mp\u00f6tilassa ja suolaisuudessa.Vesienhoidon tavoite [&hellip;]","og_url":"https:\/\/rotary.fi\/d1420\/mita-teemme\/ymparisto-ja-itameri\/ympariston-tila\/","og_site_name":"Piiri 1420","article_publisher":"https:\/\/www.facebook.com\/rotary\/","article_modified_time":"2026-04-20T07:11:15+00:00","twitter_card":"summary_large_image","twitter_misc":{"Arvioitu lukuaika":"5 minuuttia"},"schema":{"@context":"https:\/\/schema.org","@graph":[{"@type":"WebPage","@id":"https:\/\/rotary.fi\/d1420\/mita-teemme\/ymparisto-ja-itameri\/ympariston-tila\/","url":"https:\/\/rotary.fi\/d1420\/mita-teemme\/ymparisto-ja-itameri\/ympariston-tila\/","name":"Ymp\u00e4rist\u00f6n tila - Piiri 1420","isPartOf":{"@id":"https:\/\/rotary.fi\/d1420\/#website"},"datePublished":"2026-03-13T13:12:31+00:00","dateModified":"2026-04-20T07:11:15+00:00","breadcrumb":{"@id":"https:\/\/rotary.fi\/d1420\/mita-teemme\/ymparisto-ja-itameri\/ympariston-tila\/#breadcrumb"},"inLanguage":"fi","potentialAction":[{"@type":"ReadAction","target":["https:\/\/rotary.fi\/d1420\/mita-teemme\/ymparisto-ja-itameri\/ympariston-tila\/"]}]},{"@type":"BreadcrumbList","@id":"https:\/\/rotary.fi\/d1420\/mita-teemme\/ymparisto-ja-itameri\/ympariston-tila\/#breadcrumb","itemListElement":[{"@type":"ListItem","position":1,"name":"Home","item":"https:\/\/rotary.fi\/d1420\/"},{"@type":"ListItem","position":2,"name":"Mit\u00e4 teemme","item":"https:\/\/rotary.fi\/d1420\/mita-teemme\/"},{"@type":"ListItem","position":3,"name":"Ymp\u00e4rist\u00f6 ja It\u00e4meri","item":"https:\/\/rotary.fi\/d1420\/mita-teemme\/ymparisto-ja-itameri\/"},{"@type":"ListItem","position":4,"name":"Ymp\u00e4rist\u00f6n tila"}]},{"@type":"WebSite","@id":"https:\/\/rotary.fi\/d1420\/#website","url":"https:\/\/rotary.fi\/d1420\/","name":"Piiri 1420","description":"Suomen Rotary","potentialAction":[{"@type":"SearchAction","target":{"@type":"EntryPoint","urlTemplate":"https:\/\/rotary.fi\/d1420\/?s={search_term_string}"},"query-input":{"@type":"PropertyValueSpecification","valueRequired":true,"valueName":"search_term_string"}}],"inLanguage":"fi"}]}},"lang":"fi","translations":{"fi":12632,"sv":13379,"en":13389,"et":13397},"pll_sync_post":[],"_links":{"self":[{"href":"https:\/\/rotary.fi\/d1420\/wp-json\/wp\/v2\/pages\/12632","targetHints":{"allow":["GET"]}}],"collection":[{"href":"https:\/\/rotary.fi\/d1420\/wp-json\/wp\/v2\/pages"}],"about":[{"href":"https:\/\/rotary.fi\/d1420\/wp-json\/wp\/v2\/types\/page"}],"author":[{"embeddable":true,"href":"https:\/\/rotary.fi\/d1420\/wp-json\/wp\/v2\/users\/26"}],"replies":[{"embeddable":true,"href":"https:\/\/rotary.fi\/d1420\/wp-json\/wp\/v2\/comments?post=12632"}],"version-history":[{"count":10,"href":"https:\/\/rotary.fi\/d1420\/wp-json\/wp\/v2\/pages\/12632\/revisions"}],"predecessor-version":[{"id":13762,"href":"https:\/\/rotary.fi\/d1420\/wp-json\/wp\/v2\/pages\/12632\/revisions\/13762"}],"up":[{"embeddable":true,"href":"https:\/\/rotary.fi\/d1420\/wp-json\/wp\/v2\/pages\/12508"}],"wp:attachment":[{"href":"https:\/\/rotary.fi\/d1420\/wp-json\/wp\/v2\/media?parent=12632"}],"curies":[{"name":"wp","href":"https:\/\/api.w.org\/{rel}","templated":true}]}}