{"id":11480,"date":"2025-07-13T09:27:40","date_gmt":"2025-07-13T07:27:40","guid":{"rendered":"https:\/\/rotary.fi\/d1420\/?page_id=11480"},"modified":"2025-07-17T13:48:05","modified_gmt":"2025-07-17T11:48:05","slug":"noorsoovahetus","status":"publish","type":"page","link":"https:\/\/rotary.fi\/d1420\/et\/noorsoovahetus\/","title":{"rendered":"Noorsoovahetus"},"content":{"rendered":"<p>[et_pb_section fb_built=&#8221;1&#8243; module_class=&#8221;jumbotron-page&#8221; _builder_version=&#8221;4.16&#8243; background_image=&#8221;https:\/\/rotary.fi\/d1420\/wp-content\/uploads\/sites\/183\/2020\/02\/laura-ja-lucie.jpg&#8221; global_colors_info=&#8221;{}&#8221;][et_pb_row module_class=&#8221; et_pb_row_fullwidth&#8221; _builder_version=&#8221;4.16&#8243; width=&#8221;89%&#8221; width_tablet=&#8221;80%&#8221; width_phone=&#8221;&#8221; width_last_edited=&#8221;on|desktop&#8221; max_width=&#8221;89%&#8221; max_width_tablet=&#8221;80%&#8221; max_width_phone=&#8221;&#8221; max_width_last_edited=&#8221;on|desktop&#8221; make_fullwidth=&#8221;on&#8221; global_colors_info=&#8221;{}&#8221;][et_pb_column type=&#8221;4_4&#8243; _builder_version=&#8221;4.16&#8243; custom_padding=&#8221;|||&#8221; global_colors_info=&#8221;{}&#8221; custom_padding__hover=&#8221;|||&#8221;][et_pb_text admin_label=&#8221;Nuorisovaihto -otsikko&#8221; _builder_version=&#8221;4.16&#8243; background_enable_image=&#8221;off&#8221; text_orientation=&#8221;center&#8221; background_layout=&#8221;dark&#8221; global_colors_info=&#8221;{}&#8221;][\/et_pb_text][\/et_pb_column][\/et_pb_row][\/et_pb_section][et_pb_section fb_built=&#8221;1&#8243; module_class=&#8221;sisaltoalue_perus&#8221; _builder_version=&#8221;4.16&#8243; background_enable_image=&#8221;off&#8221; custom_margin=&#8221;||40px|&#8221; global_colors_info=&#8221;{}&#8221;][et_pb_row custom_padding_last_edited=&#8221;on|phone&#8221; _builder_version=&#8221;4.16&#8243; custom_padding_tablet=&#8221;&#8221; custom_padding_phone=&#8221;&#8221; global_colors_info=&#8221;{}&#8221;][et_pb_column type=&#8221;4_4&#8243; _builder_version=&#8221;4.16&#8243; custom_padding=&#8221;|||&#8221; global_colors_info=&#8221;{}&#8221; custom_padding__hover=&#8221;|||&#8221;][et_pb_text admin_label=&#8221;Nuorisovaihto edist\u00e4\u00e4 yhteisymm\u00e4rryst\u00e4 -otsikko&#8221; _builder_version=&#8221;4.27.4&#8243; text_orientation=&#8221;center&#8221; global_colors_info=&#8221;{}&#8221;]<\/p>\n<h2 style=\"text-align: left\">Noortevahetus edendab vastastikust m\u00f5istmist<\/h2>\n<p>[\/et_pb_text][\/et_pb_column][\/et_pb_row][et_pb_row column_structure=&#8221;1_2,1_2&#8243; custom_padding_last_edited=&#8221;on|phone&#8221; _builder_version=&#8221;4.27.4&#8243; custom_padding_tablet=&#8221;&#8221; custom_padding_phone=&#8221;&#8221; global_colors_info=&#8221;{}&#8221;][et_pb_column type=&#8221;1_2&#8243; _builder_version=&#8221;4.16&#8243; custom_padding=&#8221;|||&#8221; global_colors_info=&#8221;{}&#8221; custom_padding__hover=&#8221;|||&#8221;][et_pb_text admin_label=&#8221;Teksti &#8211; johdanto&#8221; _builder_version=&#8221;4.27.4&#8243; global_colors_info=&#8221;{}&#8221;]<\/p>\n<p>Rotary soovib edendada kultuuridevahelist m\u00f5istmist, head tahet ja rahu ka oma noortevahetusprogrammi kaudu. Noortevahetus on \u00fcks Rotary p\u00f5hitegevustest ja tuntuimatest programmiliikidest. Igal aastal l\u00e4heb Rotary kaudu vahetusse \u00fcle 8000 noore kogu maailmast.<\/p>\n<p>T\u00e4nu oma ulatuslikule v\u00f5rgustikule pakub Rotary turvalist ja taskukohast v\u00f5imalust osaleda vahetuses. Programm toimib enam kui 100 riigis Rotary klubide toetusel ning on suunatud 15\u201319-aastastele noortele.<\/p>\n<p>Vahetus\u00f5pilased saavad kogemusi uuest kultuurist, \u00f5pivad v\u00f5\u00f5rkeelt ja arenevad maailmakodanikeks. K\u00f5ik osalejad l\u00e4bivad p\u00f5hjaliku ettevalmistuse ning neile pakutakse vabatahtlikest koosnevat tugiv\u00f5rgustikku. Soome noortevahetust koordineerib multidistriktiline organisatsioon.<\/p>\n<p>&nbsp;<\/p>\n<p>[\/et_pb_text][\/et_pb_column][et_pb_column type=&#8221;1_2&#8243; _builder_version=&#8221;4.16&#8243; custom_padding=&#8221;|||&#8221; global_colors_info=&#8221;{}&#8221; custom_padding__hover=&#8221;|||&#8221;][et_pb_image src=&#8221;https:\/\/rotary.fi\/d1420\/wp-content\/uploads\/sites\/183\/2024\/09\/b65bbaeb-f1c6-49bb-ae49-eaf35d628637.jpg&#8221; alt=&#8221;vaihto-oppilaat&#8221; title_text=&#8221;b65bbaeb-f1c6-49bb-ae49-eaf35d628637&#8243; _builder_version=&#8221;4.27.4&#8243; _module_preset=&#8221;default&#8221; global_colors_info=&#8221;{}&#8221;][\/et_pb_image][\/et_pb_column][\/et_pb_row][et_pb_row _builder_version=&#8221;4.27.4&#8243; _module_preset=&#8221;default&#8221; global_colors_info=&#8221;{}&#8221;][et_pb_column type=&#8221;4_4&#8243; _builder_version=&#8221;4.27.4&#8243; _module_preset=&#8221;default&#8221; global_colors_info=&#8221;{}&#8221;][et_pb_text admin_label=&#8221;Teksti &#8211; nuorisovaihto p\u00e4hkin\u00e4nkuoressa&#8221; _builder_version=&#8221;4.27.4&#8243; _module_preset=&#8221;default&#8221; global_colors_info=&#8221;{}&#8221;]<\/p>\n<h3>Rotary noortevahetus l\u00fchidalt<\/h3>\n<p>[\/et_pb_text][\/et_pb_column][\/et_pb_row][et_pb_row column_structure=&#8221;1_3,1_3,1_3&#8243; _builder_version=&#8221;4.27.4&#8243; _module_preset=&#8221;default&#8221; global_colors_info=&#8221;{}&#8221;][et_pb_column type=&#8221;1_3&#8243; _builder_version=&#8221;4.27.4&#8243; _module_preset=&#8221;default&#8221; global_colors_info=&#8221;{}&#8221;][et_pb_text admin_label=&#8221;Teksti &#8211; vaihtomuodot&#8221; _builder_version=&#8221;4.27.4&#8243; _module_preset=&#8221;default&#8221; background_color=&#8221;#c9dee9&#8243; custom_margin=&#8221;10px|10px|10px|10px|false|false&#8221; custom_padding=&#8221;10px|10px|10px|10px|false|false&#8221; box_shadow_style=&#8221;preset1&#8243; global_colors_info=&#8221;{}&#8221;]<\/p>\n<p><strong>Vahetuse vormid<\/strong><\/p>\n<ul>\n<li>aastavahetus,<\/li>\n<li>suvevahetus ja<\/li>\n<li>laagrivahetus.<\/li>\n<\/ul>\n<p>&nbsp;<\/p>\n<p>[\/et_pb_text][\/et_pb_column][et_pb_column type=&#8221;1_3&#8243; _builder_version=&#8221;4.27.4&#8243; _module_preset=&#8221;default&#8221; global_colors_info=&#8221;{}&#8221;][et_pb_text admin_label=&#8221;Teksti &#8211; kesto&#8221; _builder_version=&#8221;4.27.4&#8243; _module_preset=&#8221;default&#8221; background_color=&#8221;#c9dee9&#8243; custom_margin=&#8221;10px|10px|10px|10px|false|false&#8221; custom_padding=&#8221;10px|10px|10px|10px|false|false&#8221; box_shadow_style=&#8221;preset1&#8243; global_colors_info=&#8221;{}&#8221;]<\/p>\n<p><strong>Vahetuse kestus:<\/strong><\/p>\n<ul>\n<li>Pikk vahetus: terve \u00f5ppeaasta, koolisk\u00e4ik, elu mitmes v\u00f5\u00f5rustajaperes.<\/li>\n<li>L\u00fchike vahetus: m\u00f5nest p\u00e4evast kuni kolme kuuni, laagreid, reise v\u00f5i elu v\u00f5\u00f5rustajaperes.<\/li>\n<\/ul>\n<p>[\/et_pb_text][\/et_pb_column][et_pb_column type=&#8221;1_3&#8243; _builder_version=&#8221;4.27.4&#8243; _module_preset=&#8221;default&#8221; global_colors_info=&#8221;{}&#8221;][et_pb_text admin_label=&#8221;Teksti &#8211; kustannukset&#8221; _builder_version=&#8221;4.27.4&#8243; _module_preset=&#8221;default&#8221; background_color=&#8221;#c9dee9&#8243; custom_margin=&#8221;10px|10px|10px|10px|false|false&#8221; custom_padding=&#8221;10px|10px|10px|10px|false|false&#8221; box_shadow_style=&#8221;preset1&#8243; global_colors_info=&#8221;{}&#8221;]<\/p>\n<p><strong>Kulud:\u00a0<\/strong><\/p>\n<ul>\n<li>Rotariaanid katavad elamise, majutuse ja kooliga seotud kulud.<\/li>\n<li>\u00d5pilased ise vastutavad lennupiletite, kindlustuse, dokumentide, taskuraha ja lisareiside eest.<\/li>\n<\/ul>\n<p>[\/et_pb_text][\/et_pb_column][\/et_pb_row][et_pb_row column_structure=&#8221;3_4,1_4&#8243; _builder_version=&#8221;4.27.4&#8243; _module_preset=&#8221;default&#8221; global_colors_info=&#8221;{}&#8221;][et_pb_column type=&#8221;3_4&#8243; _builder_version=&#8221;4.27.4&#8243; _module_preset=&#8221;default&#8221; global_colors_info=&#8221;{}&#8221;][et_pb_text admin_label=&#8221;Teksti &#8211;  hakuprosessi&#8221; _builder_version=&#8221;4.27.4&#8243; _module_preset=&#8221;default&#8221; global_colors_info=&#8221;{}&#8221;]<\/p>\n<h3>Kandideerimisprotsess:<\/h3>\n<p>Sihtgrupiks on 15\u201319-aastased \u00f5pilased.<\/p>\n<p>Huvilised peaksid \u00fchendust v\u00f5tma kohaliku Rotary klubiga, et saada teavet vahetusv\u00f5imaluste ja kandideerimise kohta. Piirkonna 1420 klubide nimekiri on leitav veebis.\u00a0<a href=\"https:\/\/rotary.fi\/d1420\/et\/tule-kaasa\/piirkonna-klubid\/\">https:\/\/rotary.fi\/d1420\/et\/tule-kaasa\/piirkonna-klubid\/<\/a><\/p>\n<p>Detailne info Soomes toimuva Rotary noortevahetuse kohta on saadaval veebilehel: <a href=\"https:\/\/rye.fi\">www.rye.fi.<\/a><\/p>\n<p>[\/et_pb_text][\/et_pb_column][et_pb_column type=&#8221;1_4&#8243; _builder_version=&#8221;4.27.4&#8243; _module_preset=&#8221;default&#8221; global_colors_info=&#8221;{}&#8221;][et_pb_image src=&#8221;https:\/\/rotary.fi\/d1420\/wp-content\/uploads\/sites\/183\/2024\/09\/img-5655.jpg&#8221; title_text=&#8221;IMG_5655&#8243; _builder_version=&#8221;4.27.4&#8243; _module_preset=&#8221;default&#8221; global_colors_info=&#8221;{}&#8221;][\/et_pb_image][\/et_pb_column][\/et_pb_row][et_pb_row _builder_version=&#8221;4.27.4&#8243; _module_preset=&#8221;default&#8221; global_colors_info=&#8221;{}&#8221;][et_pb_column type=&#8221;4_4&#8243; _builder_version=&#8221;4.27.4&#8243; _module_preset=&#8221;default&#8221; global_colors_info=&#8221;{}&#8221;][et_pb_text admin_label=&#8221;Teksti &#8211; toiminta kaudella&#8221; _builder_version=&#8221;4.27.4&#8243; _module_preset=&#8221;default&#8221; global_colors_info=&#8221;{}&#8221;]<\/p>\n<p>&nbsp;<\/p>\n<h3>Rotary piirkond 1420 tegevused hooajal 2024\u20132025<\/h3>\n<p>[\/et_pb_text][\/et_pb_column][\/et_pb_row][et_pb_row column_structure=&#8221;1_3,1_3,1_3&#8243; _builder_version=&#8221;4.27.4&#8243; _module_preset=&#8221;default&#8221; global_colors_info=&#8221;{}&#8221;][et_pb_column type=&#8221;1_3&#8243; _builder_version=&#8221;4.27.4&#8243; _module_preset=&#8221;default&#8221; global_colors_info=&#8221;{}&#8221;][et_pb_text admin_label=&#8221;Teksti &#8211; vuosivaihto&#8221; _builder_version=&#8221;4.27.4&#8243; _module_preset=&#8221;default&#8221; background_color=&#8221;#f8f9fa&#8221; custom_margin=&#8221;10px|10px|10px|10px|false|false&#8221; custom_padding=&#8221;10px|10px|10px|10px|false|false&#8221; box_shadow_style=&#8221;preset1&#8243; global_colors_info=&#8221;{}&#8221;]<\/p>\n<p><strong>23 v\u00e4lismaale minevat ja 21 Soome saabuvat \u00f5pilast<\/strong><\/p>\n<p>Piirkonnast 1420 l\u00e4heb igal aastal aastavahetusse ligikaudu 30 \u00f5pilast. Arv s\u00f5ltub klubide osalemisest igal aastal. Soovijaid on alati rohkem kui kohti.<\/p>\n<p>[\/et_pb_text][\/et_pb_column][et_pb_column type=&#8221;1_3&#8243; _builder_version=&#8221;4.27.4&#8243; _module_preset=&#8221;default&#8221; global_colors_info=&#8221;{}&#8221;][et_pb_text admin_label=&#8221;Teksti &#8211; kes\u00e4vaihto&#8221; _builder_version=&#8221;4.27.4&#8243; _module_preset=&#8221;default&#8221; background_color=&#8221;#f8f9fa&#8221; custom_margin=&#8221;10px|10px|10px|10px|false|false&#8221; custom_padding=&#8221;10px|10px|10px|10px|false|false&#8221; box_shadow_style=&#8221;preset1&#8243; global_colors_info=&#8221;{}&#8221;]<\/p>\n<p><strong>13 suvevahetust<\/strong><\/p>\n<p>Suvevahetuses osalejate arv k\u00f5igub igal aastal. Tavaliselt on k\u00f5ik soovijad p\u00e4\u00e4senud osalema. Piirkonna eesm\u00e4rk on l\u00e4hiaastatel suurendada suvevahetuse osalejate arvu.<\/p>\n<p>[\/et_pb_text][\/et_pb_column][et_pb_column type=&#8221;1_3&#8243; _builder_version=&#8221;4.27.4&#8243; _module_preset=&#8221;default&#8221; global_colors_info=&#8221;{}&#8221;][et_pb_text admin_label=&#8221;Teksti &#8211; leirit&#8221; _builder_version=&#8221;4.27.4&#8243; _module_preset=&#8221;default&#8221; background_color=&#8221;#f8f9fa&#8221; custom_margin=&#8221;10px|10px|10px|10px|false|false&#8221; custom_padding=&#8221;10px|10px|10px|10px|false|false&#8221; box_shadow_style=&#8221;preset1&#8243; global_colors_info=&#8221;{}&#8221;]<\/p>\n<p><strong>5 laagrilast<\/strong><\/p>\n<p>Piirkond 1420 korraldab laagreid ka v\u00e4lismaalt saabuvatele noortele. Osalejad on p\u00e4rit peamiselt Euroopast v\u00f5i Rotary EEMA piirkonnast, kuid on olnud osalejaid ka n\u00e4iteks Taiwanist.<\/p>\n<p>[\/et_pb_text][\/et_pb_column][\/et_pb_row][et_pb_row _builder_version=&#8221;4.27.4&#8243; _module_preset=&#8221;default&#8221; global_colors_info=&#8221;{}&#8221;][et_pb_column type=&#8221;4_4&#8243; _builder_version=&#8221;4.27.4&#8243; _module_preset=&#8221;default&#8221; global_colors_info=&#8221;{}&#8221;][et_pb_text admin_label=&#8221;Teksti &#8211; toiminta kaudella &#8211; tapahtumat&#8221; _builder_version=&#8221;4.27.4&#8243; _module_preset=&#8221;default&#8221; global_colors_info=&#8221;{}&#8221;]<\/p>\n<h3>Noortevahetuskomitee korraldab aastas ca 15 \u00fcritust<\/h3>\n<p>[\/et_pb_text][\/et_pb_column][\/et_pb_row][et_pb_row column_structure=&#8221;1_2,1_2&#8243; _builder_version=&#8221;4.27.4&#8243; _module_preset=&#8221;default&#8221; global_colors_info=&#8221;{}&#8221;][et_pb_column type=&#8221;1_2&#8243; _builder_version=&#8221;4.27.4&#8243; _module_preset=&#8221;default&#8221; global_colors_info=&#8221;{}&#8221;][et_pb_text admin_label=&#8221;Teksti &#8211; koulutus&#8221; _builder_version=&#8221;4.27.4&#8243; _module_preset=&#8221;default&#8221; background_color=&#8221;#c9dee9&#8243; custom_margin=&#8221;10px|10px|10px|10px|false|false&#8221; custom_padding=&#8221;10px|10px|10px|10px|false|false&#8221; box_shadow_style=&#8221;preset1&#8243; global_colors_info=&#8221;{}&#8221;]<\/p>\n<p><strong>Koolitused<\/strong><\/p>\n<p>Sihtgrupiks on vahetus\u00f5pilased ja nende pered, v\u00f5\u00f5rustajapered ning klubide noortevahetuse vastutajad. Sisu hulka kuuluvad n\u00e4iteks infos\u00fcsteemide koolitus ja vahetus\u00f5pilastele m\u00f5eldud keelekursus Helsingis.<\/p>\n<p>[\/et_pb_text][\/et_pb_column][et_pb_column type=&#8221;1_2&#8243; _builder_version=&#8221;4.27.4&#8243; _module_preset=&#8221;default&#8221; global_colors_info=&#8221;{}&#8221;][et_pb_text admin_label=&#8221;Teksti &#8211; nuorisovaihtotapahtumat&#8221; _builder_version=&#8221;4.27.4&#8243; _module_preset=&#8221;default&#8221; background_color=&#8221;#c9dee9&#8243; custom_margin=&#8221;10px|10px|10px|10px|false|false&#8221; custom_padding=&#8221;10px|10px|10px|10px|false|false&#8221; box_shadow_style=&#8221;preset1&#8243; global_colors_info=&#8221;{}&#8221;]<\/p>\n<p><strong>Noortevahetuse \u00fcritused piirkonnas<\/strong><\/p>\n<p>Inbound &amp; Rebound kohtumine s\u00fcgisel, Inbound &amp; Outbound kevadel, 2 piirkondlikku laagrit, reis Tallinna, k\u00fclastused parlamenti, muuseumidesse ja koolidesse.<\/p>\n<p>[\/et_pb_text][\/et_pb_column][\/et_pb_row][et_pb_row custom_padding_last_edited=&#8221;on|phone&#8221; _builder_version=&#8221;4.16&#8243; custom_padding_tablet=&#8221;&#8221; custom_padding_phone=&#8221;&#8221; global_colors_info=&#8221;{}&#8221;][et_pb_column type=&#8221;4_4&#8243; _builder_version=&#8221;4.16&#8243; custom_padding=&#8221;|||&#8221; global_colors_info=&#8221;{}&#8221; custom_padding__hover=&#8221;|||&#8221;][et_pb_text admin_label=&#8221;Teksti &#8211; Rotex&#8221; _builder_version=&#8221;4.27.4&#8243; global_colors_info=&#8221;{}&#8221;]<\/p>\n<h3>\u00a0<\/h3>\n<h3>P\u00e4rast vahetust \u2013 Rotex<\/h3>\n<p>Vahetusest naasnud \u00f5pilasi kutsutakse liituma Rotexi tegevusega. Endised vahetus\u00f5pilased ehk Rotexid aitavad multidistriktil ja piirkondadel uute vahetus\u00f5pilaste juhendamisel ning korraldavad tegevusi Soome saabuvatele \u00f5pilastele.<\/p>\n<p>Rotexid saavad osaleda mentoritena suvelaagrites, reisidel (nt Lapimaa, Eurotour), ning orientatsioonilaagrites.\u00a0Rotex tegutseb Rotary Teenuste noortevahetuse multidistriktilise organisatsiooni all ja j\u00e4rgib Rotary reegleid.<\/p>\n<p>&nbsp;<\/p>\n<p>[\/et_pb_text][\/et_pb_column][\/et_pb_row][et_pb_row _builder_version=&#8221;4.27.4&#8243; _module_preset=&#8221;default&#8221; global_colors_info=&#8221;{}&#8221;][et_pb_column type=&#8221;4_4&#8243; _builder_version=&#8221;4.27.4&#8243; _module_preset=&#8221;default&#8221; global_colors_info=&#8221;{}&#8221;][et_pb_text admin_label=&#8221;Teksti &#8211; lis\u00e4tietoja&#8221; _builder_version=&#8221;4.27.4&#8243; _module_preset=&#8221;default&#8221; global_colors_info=&#8221;{}&#8221;]<\/p>\n<h3>Lisainfo<\/h3>\n<p>Soovid rohkem teada saada vahetusv\u00f5imaluste kohta, saada v\u00f5\u00f5rustajapereks v\u00f5i tulla rotariaanina noori toetama vabatahtlikuna? V\u00f5ta \u00fchendust piirkonna 1420 noortevahetuskomiteega.<\/p>\n<p>[\/et_pb_text][\/et_pb_column][\/et_pb_row][et_pb_row column_structure=&#8221;1_2,1_2&#8243; _builder_version=&#8221;4.27.4&#8243; _module_preset=&#8221;default&#8221; global_colors_info=&#8221;{}&#8221;][et_pb_column type=&#8221;1_2&#8243; _builder_version=&#8221;4.27.4&#8243; _module_preset=&#8221;default&#8221; global_colors_info=&#8221;{}&#8221;][et_pb_text admin_label=&#8221;Teksti &#8211; komitea&#8221; _builder_version=&#8221;4.27.4&#8243; _module_preset=&#8221;default&#8221; background_color=&#8221;#f8f9fa&#8221; custom_margin=&#8221;10px|10px|10px|10px|false|false&#8221; custom_padding=&#8221;10px|10px|10px|10px|false|false&#8221; hover_enabled=&#8221;0&#8243; box_shadow_style=&#8221;preset1&#8243; global_colors_info=&#8221;{}&#8221; sticky_enabled=&#8221;0&#8243;]Juhataja<br \/>\n<strong>Anne Kuusio<\/strong>, Eken\u00e4s-Tammisaari<br \/>\nE-mail: annekuusio(at)outlook.com<\/p>\n<p>Asejuhataja<br \/>\n<strong>Tanel Ringo,<\/strong> N\u00f5mme-Tallinn<br \/>\nE-mail: tanelri(at)hotmail.com<\/p>\n<p>&nbsp;[\/et_pb_text][\/et_pb_column][et_pb_column type=&#8221;1_2&#8243; _builder_version=&#8221;4.27.4&#8243; _module_preset=&#8221;default&#8221; global_colors_info=&#8221;{}&#8221;][et_pb_text admin_label=&#8221;Teksti &#8211; rye.fi&#8221; _builder_version=&#8221;4.27.4&#8243; _module_preset=&#8221;default&#8221; background_color=&#8221;#f8f9fa&#8221; custom_margin=&#8221;10px|10px|10px|10px|false|false&#8221; custom_padding=&#8221;10px|10px|10px|10px|false|false&#8221; box_shadow_style=&#8221;preset1&#8243; global_colors_info=&#8221;{}&#8221;]<\/p>\n<p><strong>Loe rohkem<\/strong> Rotary noortevahetuse kohta Soomes veebilehelt\u00a0<a href=\"https:\/\/rye.fi\">www.rye.fi<\/a><\/p>\n<p>&nbsp;<\/p>\n<p>[\/et_pb_text][\/et_pb_column][\/et_pb_row][\/et_pb_section]<\/p>\n","protected":false},"excerpt":{"rendered":"<p>Noortevahetus edendab vastastikust m\u00f5istmistRotary soovib edendada kultuuridevahelist m\u00f5istmist, head tahet ja rahu ka oma noortevahetusprogrammi kaudu. Noortevahetus on \u00fcks Rotary p\u00f5hitegevustest ja tuntuimatest programmiliikidest. Igal aastal l\u00e4heb Rotary kaudu vahetusse \u00fcle 8000 noore kogu maailmast. T\u00e4nu oma ulatuslikule v\u00f5rgustikule pakub Rotary turvalist ja taskukohast v\u00f5imalust osaleda vahetuses. Programm toimib enam kui 100 riigis Rotary klubide [&hellip;]<\/p>\n","protected":false},"author":26,"featured_media":0,"parent":0,"menu_order":2,"comment_status":"closed","ping_status":"closed","template":"","meta":{"_acf_changed":false,"_et_pb_use_builder":"on","_et_pb_old_content":"","_et_gb_content_width":"","footnotes":""},"class_list":["post-11480","page","type-page","status-publish","hentry"],"acf":[],"yoast_head":"<!-- This site is optimized with the Yoast SEO plugin v27.4 - https:\/\/yoast.com\/product\/yoast-seo-wordpress\/ -->\n<title>Noorsoovahetus - Piiri 1420<\/title>\n<meta name=\"robots\" content=\"index, follow, max-snippet:-1, max-image-preview:large, max-video-preview:-1\" \/>\n<link rel=\"canonical\" href=\"https:\/\/rotary.fi\/d1420\/et\/noorsoovahetus\/\" \/>\n<meta property=\"og:locale\" content=\"fi_FI\" \/>\n<meta property=\"og:type\" content=\"article\" \/>\n<meta property=\"og:title\" content=\"Noorsoovahetus - Piiri 1420\" \/>\n<meta property=\"og:description\" content=\"Noortevahetus edendab vastastikust m\u00f5istmistRotary soovib edendada kultuuridevahelist m\u00f5istmist, head tahet ja rahu ka oma noortevahetusprogrammi kaudu. Noortevahetus on \u00fcks Rotary p\u00f5hitegevustest ja tuntuimatest programmiliikidest. Igal aastal l\u00e4heb Rotary kaudu vahetusse \u00fcle 8000 noore kogu maailmast. T\u00e4nu oma ulatuslikule v\u00f5rgustikule pakub Rotary turvalist ja taskukohast v\u00f5imalust osaleda vahetuses. Programm toimib enam kui 100 riigis Rotary klubide [&hellip;]\" \/>\n<meta property=\"og:url\" content=\"https:\/\/rotary.fi\/d1420\/et\/noorsoovahetus\/\" \/>\n<meta property=\"og:site_name\" content=\"Piiri 1420\" \/>\n<meta property=\"article:publisher\" content=\"https:\/\/www.facebook.com\/rotary\/\" \/>\n<meta property=\"article:modified_time\" content=\"2025-07-17T11:48:05+00:00\" \/>\n<meta name=\"twitter:card\" content=\"summary_large_image\" \/>\n<meta name=\"twitter:label1\" content=\"Arvioitu lukuaika\" \/>\n\t<meta name=\"twitter:data1\" content=\"3 minuuttia\" \/>\n<script type=\"application\/ld+json\" class=\"yoast-schema-graph\">{\"@context\":\"https:\\\/\\\/schema.org\",\"@graph\":[{\"@type\":\"WebPage\",\"@id\":\"https:\\\/\\\/rotary.fi\\\/d1420\\\/et\\\/noorsoovahetus\\\/\",\"url\":\"https:\\\/\\\/rotary.fi\\\/d1420\\\/et\\\/noorsoovahetus\\\/\",\"name\":\"Noorsoovahetus - Piiri 1420\",\"isPartOf\":{\"@id\":\"https:\\\/\\\/rotary.fi\\\/d1420\\\/#website\"},\"datePublished\":\"2025-07-13T07:27:40+00:00\",\"dateModified\":\"2025-07-17T11:48:05+00:00\",\"breadcrumb\":{\"@id\":\"https:\\\/\\\/rotary.fi\\\/d1420\\\/et\\\/noorsoovahetus\\\/#breadcrumb\"},\"inLanguage\":\"fi\",\"potentialAction\":[{\"@type\":\"ReadAction\",\"target\":[\"https:\\\/\\\/rotary.fi\\\/d1420\\\/et\\\/noorsoovahetus\\\/\"]}]},{\"@type\":\"BreadcrumbList\",\"@id\":\"https:\\\/\\\/rotary.fi\\\/d1420\\\/et\\\/noorsoovahetus\\\/#breadcrumb\",\"itemListElement\":[{\"@type\":\"ListItem\",\"position\":1,\"name\":\"Home\",\"item\":\"https:\\\/\\\/rotary.fi\\\/d1420\\\/\"},{\"@type\":\"ListItem\",\"position\":2,\"name\":\"Noorsoovahetus\"}]},{\"@type\":\"WebSite\",\"@id\":\"https:\\\/\\\/rotary.fi\\\/d1420\\\/#website\",\"url\":\"https:\\\/\\\/rotary.fi\\\/d1420\\\/\",\"name\":\"Piiri 1420\",\"description\":\"Suomen Rotary\",\"potentialAction\":[{\"@type\":\"SearchAction\",\"target\":{\"@type\":\"EntryPoint\",\"urlTemplate\":\"https:\\\/\\\/rotary.fi\\\/d1420\\\/?s={search_term_string}\"},\"query-input\":{\"@type\":\"PropertyValueSpecification\",\"valueRequired\":true,\"valueName\":\"search_term_string\"}}],\"inLanguage\":\"fi\"}]}<\/script>\n<!-- \/ Yoast SEO plugin. -->","yoast_head_json":{"title":"Noorsoovahetus - Piiri 1420","robots":{"index":"index","follow":"follow","max-snippet":"max-snippet:-1","max-image-preview":"max-image-preview:large","max-video-preview":"max-video-preview:-1"},"canonical":"https:\/\/rotary.fi\/d1420\/et\/noorsoovahetus\/","og_locale":"fi_FI","og_type":"article","og_title":"Noorsoovahetus - Piiri 1420","og_description":"Noortevahetus edendab vastastikust m\u00f5istmistRotary soovib edendada kultuuridevahelist m\u00f5istmist, head tahet ja rahu ka oma noortevahetusprogrammi kaudu. Noortevahetus on \u00fcks Rotary p\u00f5hitegevustest ja tuntuimatest programmiliikidest. Igal aastal l\u00e4heb Rotary kaudu vahetusse \u00fcle 8000 noore kogu maailmast. T\u00e4nu oma ulatuslikule v\u00f5rgustikule pakub Rotary turvalist ja taskukohast v\u00f5imalust osaleda vahetuses. Programm toimib enam kui 100 riigis Rotary klubide [&hellip;]","og_url":"https:\/\/rotary.fi\/d1420\/et\/noorsoovahetus\/","og_site_name":"Piiri 1420","article_publisher":"https:\/\/www.facebook.com\/rotary\/","article_modified_time":"2025-07-17T11:48:05+00:00","twitter_card":"summary_large_image","twitter_misc":{"Arvioitu lukuaika":"3 minuuttia"},"schema":{"@context":"https:\/\/schema.org","@graph":[{"@type":"WebPage","@id":"https:\/\/rotary.fi\/d1420\/et\/noorsoovahetus\/","url":"https:\/\/rotary.fi\/d1420\/et\/noorsoovahetus\/","name":"Noorsoovahetus - Piiri 1420","isPartOf":{"@id":"https:\/\/rotary.fi\/d1420\/#website"},"datePublished":"2025-07-13T07:27:40+00:00","dateModified":"2025-07-17T11:48:05+00:00","breadcrumb":{"@id":"https:\/\/rotary.fi\/d1420\/et\/noorsoovahetus\/#breadcrumb"},"inLanguage":"fi","potentialAction":[{"@type":"ReadAction","target":["https:\/\/rotary.fi\/d1420\/et\/noorsoovahetus\/"]}]},{"@type":"BreadcrumbList","@id":"https:\/\/rotary.fi\/d1420\/et\/noorsoovahetus\/#breadcrumb","itemListElement":[{"@type":"ListItem","position":1,"name":"Home","item":"https:\/\/rotary.fi\/d1420\/"},{"@type":"ListItem","position":2,"name":"Noorsoovahetus"}]},{"@type":"WebSite","@id":"https:\/\/rotary.fi\/d1420\/#website","url":"https:\/\/rotary.fi\/d1420\/","name":"Piiri 1420","description":"Suomen Rotary","potentialAction":[{"@type":"SearchAction","target":{"@type":"EntryPoint","urlTemplate":"https:\/\/rotary.fi\/d1420\/?s={search_term_string}"},"query-input":{"@type":"PropertyValueSpecification","valueRequired":true,"valueName":"search_term_string"}}],"inLanguage":"fi"}]}},"lang":"et","translations":{"et":11480,"fi":497,"sv":2665,"en":11436},"pll_sync_post":[],"_links":{"self":[{"href":"https:\/\/rotary.fi\/d1420\/wp-json\/wp\/v2\/pages\/11480","targetHints":{"allow":["GET"]}}],"collection":[{"href":"https:\/\/rotary.fi\/d1420\/wp-json\/wp\/v2\/pages"}],"about":[{"href":"https:\/\/rotary.fi\/d1420\/wp-json\/wp\/v2\/types\/page"}],"author":[{"embeddable":true,"href":"https:\/\/rotary.fi\/d1420\/wp-json\/wp\/v2\/users\/26"}],"replies":[{"embeddable":true,"href":"https:\/\/rotary.fi\/d1420\/wp-json\/wp\/v2\/comments?post=11480"}],"version-history":[{"count":9,"href":"https:\/\/rotary.fi\/d1420\/wp-json\/wp\/v2\/pages\/11480\/revisions"}],"predecessor-version":[{"id":11517,"href":"https:\/\/rotary.fi\/d1420\/wp-json\/wp\/v2\/pages\/11480\/revisions\/11517"}],"wp:attachment":[{"href":"https:\/\/rotary.fi\/d1420\/wp-json\/wp\/v2\/media?parent=11480"}],"curies":[{"name":"wp","href":"https:\/\/api.w.org\/{rel}","templated":true}]}}