{"id":11241,"date":"2025-07-03T14:51:04","date_gmt":"2025-07-03T12:51:04","guid":{"rendered":"https:\/\/rotary.fi\/d1420\/?page_id=11241"},"modified":"2025-07-03T15:00:04","modified_gmt":"2025-07-03T13:00:04","slug":"eelmised-kubernerid","status":"publish","type":"page","link":"https:\/\/rotary.fi\/d1420\/et\/rotarypiirkonna-1420\/eelmised-kubernerid\/","title":{"rendered":"Eelmised kubernerid"},"content":{"rendered":"<p>[et_pb_section fb_built=&#8221;1&#8243; module_class=&#8221;sisaltoalue_perus&#8221; _builder_version=&#8221;4.16&#8243; global_colors_info=&#8221;{}&#8221;][et_pb_row _builder_version=&#8221;4.16&#8243; background_size=&#8221;initial&#8221; background_position=&#8221;top_left&#8221; background_repeat=&#8221;repeat&#8221; global_colors_info=&#8221;{}&#8221;][et_pb_column type=&#8221;4_4&#8243; _builder_version=&#8221;4.16&#8243; custom_padding=&#8221;|||&#8221; global_colors_info=&#8221;{}&#8221; custom_padding__hover=&#8221;|||&#8221;][et_pb_text admin_label=&#8221;P\u00e4\u00e4otsikko ennen sis\u00e4lt\u00f6\u00e4&#8221; _builder_version=&#8221;4.27.4&#8243; text_orientation=&#8221;center&#8221; global_colors_info=&#8221;{}&#8221;]<\/p>\n<h2>Eelmised kubernerid<\/h2>\n<p>[\/et_pb_text][\/et_pb_column][\/et_pb_row][et_pb_row column_structure=&#8221;1_3,1_3,1_3&#8243; _builder_version=&#8221;4.16&#8243; background_size=&#8221;initial&#8221; background_position=&#8221;top_left&#8221; background_repeat=&#8221;repeat&#8221; global_colors_info=&#8221;{}&#8221;][et_pb_column type=&#8221;1_3&#8243; _builder_version=&#8221;4.16&#8243; custom_padding=&#8221;|||&#8221; global_colors_info=&#8221;{}&#8221; custom_padding__hover=&#8221;|||&#8221;][et_pb_team_member name=&#8221;IPDG Aune Past&#8221; position=&#8221;Kuvern\u00f6\u00f6ri \u2013 Guvern\u00f6r \u2013 Governor &#8211; Kuberner 2024-2025&#8243; image_url=&#8221;https:\/\/rotary.fi\/d1420\/wp-content\/uploads\/sites\/183\/2025\/01\/aune-past-1536&#215;1145-1.jpeg&#8221; admin_label=&#8221;IPDG Aune Past&#8221; module_class=&#8221;kuvernoori&#8221; _builder_version=&#8221;4.27.4&#8243; background_color=&#8221;#f8f9fa&#8221; z_index_tablet=&#8221;500&#8243; global_colors_info=&#8221;{}&#8221;]Tartu Hansa<br \/>\n[\/et_pb_team_member][\/et_pb_column][et_pb_column type=&#8221;1_3&#8243; _builder_version=&#8221;4.16&#8243; custom_padding=&#8221;|||&#8221; global_colors_info=&#8221;{}&#8221; custom_padding__hover=&#8221;|||&#8221;][et_pb_team_member name=&#8221;PDG Ritva Semi&#8221; position=&#8221;Kuvern\u00f6\u00f6ri \u2013 Guvern\u00f6r \u2013 Governor &#8211; Kuberner 2023-2024&#8243; admin_label=&#8221;PDG Ritva Semi&#8221; module_class=&#8221;kuvernoori&#8221; _builder_version=&#8221;4.27.4&#8243; background_color=&#8221;#f8f9fa&#8221; z_index_tablet=&#8221;500&#8243; global_colors_info=&#8221;{}&#8221;]Pasila &#8211; Fredriksberg<br \/>\n[\/et_pb_team_member][et_pb_team_member name=&#8221;PDG Urmas Kaarlep&#8221; position=&#8221;Kuvern\u00f6\u00f6ri \u2013 Guvern\u00f6r \u2013 Governor &#8211; Kuberner 2022-2023&#8243; admin_label=&#8221;PDG Urmas Kaarlep&#8221; module_class=&#8221;kuvernoori&#8221; _builder_version=&#8221;4.27.4&#8243; background_color=&#8221;#f8f9fa&#8221; z_index_tablet=&#8221;500&#8243; global_colors_info=&#8221;{}&#8221;]Tallinna<br \/>\n[\/et_pb_team_member][et_pb_team_member name=&#8221;PDG Raine Nikander&#8221; position=&#8221;Kuvern\u00f6\u00f6ri \u2013 Guvern\u00f6r \u2013 Governor &#8211; Kuberner 2021\u20132022&#8243; admin_label=&#8221;PDG Raine Nikander&#8221; module_class=&#8221;kuvernoori&#8221; _builder_version=&#8221;4.27.4&#8243; background_color=&#8221;#f8f9fa&#8221; z_index_tablet=&#8221;500&#8243; global_colors_info=&#8221;{}&#8221;]Vihti-Nummela<br \/>\n[\/et_pb_team_member][et_pb_team_member name=&#8221;PDG Sakari Karjalainen&#8221; position=&#8221;Kuvern\u00f6\u00f6ri \u2013 Guvern\u00f6r \u2013 Governor &#8211; Kuberner 2020\u20132021&#8243; admin_label=&#8221;PDG Sakari Karjalainen&#8221; module_class=&#8221;kuvernoori&#8221; _builder_version=&#8221;4.27.4&#8243; background_color=&#8221;#f8f9fa&#8221; z_index_tablet=&#8221;500&#8243; locked=&#8221;off&#8221; global_colors_info=&#8221;{}&#8221;]Kluuvi Gloet<br \/>\n[\/et_pb_team_member][et_pb_team_member name=&#8221;PDG Tommy Wegge&#8221; position=&#8221;Kuvern\u00f6\u00f6ri \u2013 Guvern\u00f6r \u2013 Governor &#8211; Kuberner 2019\u20132020&#8243; admin_label=&#8221;PDG Tommy Wegge&#8221; module_class=&#8221;kuvernoori&#8221; _builder_version=&#8221;4.27.4&#8243; background_color=&#8221;#f8f9fa&#8221; z_index_tablet=&#8221;500&#8243; locked=&#8221;off&#8221; global_colors_info=&#8221;{}&#8221;]Helsinki Maneesi<br \/>\n[\/et_pb_team_member][et_pb_team_member name=&#8221;PDG Irmeli Viherluoto-Lindstr\u00f6m&#8221; position=&#8221;Kuvern\u00f6\u00f6ri \u2013 Guvern\u00f6r \u2013 Governor &#8211; Kuberner 2018\u20132019&#8243; admin_label=&#8221;PDG Irmeli Viherluoto-Lindstr\u00f6m&#8221; module_class=&#8221;kuvernoori&#8221; _builder_version=&#8221;4.27.4&#8243; background_color=&#8221;#f8f9fa&#8221; z_index_tablet=&#8221;500&#8243; global_colors_info=&#8221;{}&#8221;]Munkkiniemi<br \/>\n[\/et_pb_team_member][\/et_pb_column][et_pb_column type=&#8221;1_3&#8243; _builder_version=&#8221;4.16&#8243; custom_padding=&#8221;|||&#8221; global_colors_info=&#8221;{}&#8221; custom_padding__hover=&#8221;|||&#8221;][et_pb_team_member name=&#8221;PDG Liisa Stjernberg&#8221; position=&#8221;Kuvern\u00f6\u00f6ri \u2013 Guvern\u00f6r \u2013 Governor &#8211; Kuberner 2017\u20132018&#8243; admin_label=&#8221;PDG Liisa Strjernberg&#8221; module_class=&#8221;kuvernoori&#8221; _builder_version=&#8221;4.27.4&#8243; background_color=&#8221;#f8f9fa&#8221; z_index_tablet=&#8221;500&#8243; locked=&#8221;off&#8221; global_colors_info=&#8221;{}&#8221;]Helsinki City West<br \/>\n[\/et_pb_team_member][et_pb_team_member name=&#8221;PDG Markku Stenvall&#8221; position=&#8221;Kuvern\u00f6\u00f6ri \u2013 Guvern\u00f6r \u2013 Governor &#8211; Kuberner 2016\u20132017&#8243; admin_label=&#8221;PDG Markku Stenvall&#8221; module_class=&#8221;kuvernoori&#8221; _builder_version=&#8221;4.27.4&#8243; background_color=&#8221;#f8f9fa&#8221; z_index_tablet=&#8221;500&#8243; locked=&#8221;off&#8221; global_colors_info=&#8221;{}&#8221;]Meri-Espoo<br \/>\n[\/et_pb_team_member][et_pb_team_member name=&#8221;PDG Ritva Bergholm&#8221; position=&#8221;Kuvern\u00f6\u00f6ri \u2013 Guvern\u00f6r \u2013 Governor &#8211; Kuberner 2015\u20132016&#8243; admin_label=&#8221;PDG Ritva Bergholm&#8221; module_class=&#8221;kuvernoori&#8221; _builder_version=&#8221;4.27.4&#8243; background_color=&#8221;#f8f9fa&#8221; z_index_tablet=&#8221;500&#8243; locked=&#8221;off&#8221; global_colors_info=&#8221;{}&#8221;]Helsinki City West<br \/>\n[\/et_pb_team_member][et_pb_team_member name=&#8221;PDG Birger Stjernberg&#8221; position=&#8221;Kuvern\u00f6\u00f6ri \u2013 Guvern\u00f6r \u2013 Governor &#8211; Kuberner 2014\u20132015&#8243; admin_label=&#8221;PDG Birger Stjernberg&#8221; module_class=&#8221;kuvernoori&#8221; _builder_version=&#8221;4.27.4&#8243; background_color=&#8221;#f8f9fa&#8221; z_index_tablet=&#8221;500&#8243; locked=&#8221;off&#8221; global_colors_info=&#8221;{}&#8221;]Helsinki International<br \/>\n[\/et_pb_team_member][et_pb_team_member name=&#8221;PDG Ilkka Torstila&#8221; position=&#8221;Kuvern\u00f6\u00f6ri \u2013 Guvern\u00f6r \u2013 Governor &#8211; Kuberner 2013\u20132014&#8243; admin_label=&#8221;PDG Ilkka Torstila&#8221; module_class=&#8221;kuvernoori&#8221; _builder_version=&#8221;4.27.4&#8243; background_color=&#8221;#f8f9fa&#8221; z_index_tablet=&#8221;500&#8243; locked=&#8221;off&#8221; global_colors_info=&#8221;{}&#8221;]Tammisaari<br \/>\n[\/et_pb_team_member][\/et_pb_column][\/et_pb_row][\/et_pb_section]<\/p>\n","protected":false},"excerpt":{"rendered":"<p>Eelmised kuberneridTartu Hansa Pasila &#8211; Fredriksberg Tallinna Vihti-Nummela Kluuvi Gloet Helsinki Maneesi Munkkiniemi Helsinki City West Meri-Espoo Helsinki City West Helsinki International Tammisaari<\/p>\n","protected":false},"author":26,"featured_media":0,"parent":9995,"menu_order":1,"comment_status":"closed","ping_status":"closed","template":"","meta":{"_acf_changed":false,"_et_pb_use_builder":"on","_et_pb_old_content":"","_et_gb_content_width":"","footnotes":""},"class_list":["post-11241","page","type-page","status-publish","hentry"],"acf":[],"yoast_head":"<!-- This site is optimized with the Yoast SEO plugin v27.4 - https:\/\/yoast.com\/product\/yoast-seo-wordpress\/ -->\n<title>Eelmised kubernerid - Piiri 1420<\/title>\n<meta name=\"robots\" content=\"index, follow, max-snippet:-1, max-image-preview:large, max-video-preview:-1\" \/>\n<link rel=\"canonical\" href=\"https:\/\/rotary.fi\/d1420\/et\/rotarypiirkonna-1420\/eelmised-kubernerid\/\" \/>\n<meta property=\"og:locale\" content=\"fi_FI\" \/>\n<meta property=\"og:type\" content=\"article\" \/>\n<meta property=\"og:title\" content=\"Eelmised kubernerid - Piiri 1420\" \/>\n<meta property=\"og:description\" content=\"Eelmised kuberneridTartu Hansa Pasila - Fredriksberg Tallinna Vihti-Nummela Kluuvi Gloet Helsinki Maneesi Munkkiniemi Helsinki City West Meri-Espoo Helsinki City West Helsinki International Tammisaari\" \/>\n<meta property=\"og:url\" content=\"https:\/\/rotary.fi\/d1420\/et\/rotarypiirkonna-1420\/eelmised-kubernerid\/\" \/>\n<meta property=\"og:site_name\" content=\"Piiri 1420\" \/>\n<meta property=\"article:publisher\" content=\"https:\/\/www.facebook.com\/rotary\/\" \/>\n<meta property=\"article:modified_time\" content=\"2025-07-03T13:00:04+00:00\" \/>\n<meta name=\"twitter:card\" content=\"summary_large_image\" \/>\n<meta name=\"twitter:label1\" content=\"Arvioitu lukuaika\" \/>\n\t<meta name=\"twitter:data1\" content=\"1 minuutti\" \/>\n<script type=\"application\/ld+json\" class=\"yoast-schema-graph\">{\"@context\":\"https:\\\/\\\/schema.org\",\"@graph\":[{\"@type\":\"WebPage\",\"@id\":\"https:\\\/\\\/rotary.fi\\\/d1420\\\/et\\\/rotarypiirkonna-1420\\\/eelmised-kubernerid\\\/\",\"url\":\"https:\\\/\\\/rotary.fi\\\/d1420\\\/et\\\/rotarypiirkonna-1420\\\/eelmised-kubernerid\\\/\",\"name\":\"Eelmised kubernerid - Piiri 1420\",\"isPartOf\":{\"@id\":\"https:\\\/\\\/rotary.fi\\\/d1420\\\/#website\"},\"datePublished\":\"2025-07-03T12:51:04+00:00\",\"dateModified\":\"2025-07-03T13:00:04+00:00\",\"breadcrumb\":{\"@id\":\"https:\\\/\\\/rotary.fi\\\/d1420\\\/et\\\/rotarypiirkonna-1420\\\/eelmised-kubernerid\\\/#breadcrumb\"},\"inLanguage\":\"fi\",\"potentialAction\":[{\"@type\":\"ReadAction\",\"target\":[\"https:\\\/\\\/rotary.fi\\\/d1420\\\/et\\\/rotarypiirkonna-1420\\\/eelmised-kubernerid\\\/\"]}]},{\"@type\":\"BreadcrumbList\",\"@id\":\"https:\\\/\\\/rotary.fi\\\/d1420\\\/et\\\/rotarypiirkonna-1420\\\/eelmised-kubernerid\\\/#breadcrumb\",\"itemListElement\":[{\"@type\":\"ListItem\",\"position\":1,\"name\":\"Home\",\"item\":\"https:\\\/\\\/rotary.fi\\\/d1420\\\/\"},{\"@type\":\"ListItem\",\"position\":2,\"name\":\"Rotarypiirkond 1420 esitlus\",\"item\":\"https:\\\/\\\/rotary.fi\\\/d1420\\\/et\\\/rotarypiirkonna-1420\\\/\"},{\"@type\":\"ListItem\",\"position\":3,\"name\":\"Eelmised kubernerid\"}]},{\"@type\":\"WebSite\",\"@id\":\"https:\\\/\\\/rotary.fi\\\/d1420\\\/#website\",\"url\":\"https:\\\/\\\/rotary.fi\\\/d1420\\\/\",\"name\":\"Piiri 1420\",\"description\":\"Suomen Rotary\",\"potentialAction\":[{\"@type\":\"SearchAction\",\"target\":{\"@type\":\"EntryPoint\",\"urlTemplate\":\"https:\\\/\\\/rotary.fi\\\/d1420\\\/?s={search_term_string}\"},\"query-input\":{\"@type\":\"PropertyValueSpecification\",\"valueRequired\":true,\"valueName\":\"search_term_string\"}}],\"inLanguage\":\"fi\"}]}<\/script>\n<!-- \/ Yoast SEO plugin. -->","yoast_head_json":{"title":"Eelmised kubernerid - Piiri 1420","robots":{"index":"index","follow":"follow","max-snippet":"max-snippet:-1","max-image-preview":"max-image-preview:large","max-video-preview":"max-video-preview:-1"},"canonical":"https:\/\/rotary.fi\/d1420\/et\/rotarypiirkonna-1420\/eelmised-kubernerid\/","og_locale":"fi_FI","og_type":"article","og_title":"Eelmised kubernerid - Piiri 1420","og_description":"Eelmised kuberneridTartu Hansa Pasila - Fredriksberg Tallinna Vihti-Nummela Kluuvi Gloet Helsinki Maneesi Munkkiniemi Helsinki City West Meri-Espoo Helsinki City West Helsinki International Tammisaari","og_url":"https:\/\/rotary.fi\/d1420\/et\/rotarypiirkonna-1420\/eelmised-kubernerid\/","og_site_name":"Piiri 1420","article_publisher":"https:\/\/www.facebook.com\/rotary\/","article_modified_time":"2025-07-03T13:00:04+00:00","twitter_card":"summary_large_image","twitter_misc":{"Arvioitu lukuaika":"1 minuutti"},"schema":{"@context":"https:\/\/schema.org","@graph":[{"@type":"WebPage","@id":"https:\/\/rotary.fi\/d1420\/et\/rotarypiirkonna-1420\/eelmised-kubernerid\/","url":"https:\/\/rotary.fi\/d1420\/et\/rotarypiirkonna-1420\/eelmised-kubernerid\/","name":"Eelmised kubernerid - Piiri 1420","isPartOf":{"@id":"https:\/\/rotary.fi\/d1420\/#website"},"datePublished":"2025-07-03T12:51:04+00:00","dateModified":"2025-07-03T13:00:04+00:00","breadcrumb":{"@id":"https:\/\/rotary.fi\/d1420\/et\/rotarypiirkonna-1420\/eelmised-kubernerid\/#breadcrumb"},"inLanguage":"fi","potentialAction":[{"@type":"ReadAction","target":["https:\/\/rotary.fi\/d1420\/et\/rotarypiirkonna-1420\/eelmised-kubernerid\/"]}]},{"@type":"BreadcrumbList","@id":"https:\/\/rotary.fi\/d1420\/et\/rotarypiirkonna-1420\/eelmised-kubernerid\/#breadcrumb","itemListElement":[{"@type":"ListItem","position":1,"name":"Home","item":"https:\/\/rotary.fi\/d1420\/"},{"@type":"ListItem","position":2,"name":"Rotarypiirkond 1420 esitlus","item":"https:\/\/rotary.fi\/d1420\/et\/rotarypiirkonna-1420\/"},{"@type":"ListItem","position":3,"name":"Eelmised kubernerid"}]},{"@type":"WebSite","@id":"https:\/\/rotary.fi\/d1420\/#website","url":"https:\/\/rotary.fi\/d1420\/","name":"Piiri 1420","description":"Suomen Rotary","potentialAction":[{"@type":"SearchAction","target":{"@type":"EntryPoint","urlTemplate":"https:\/\/rotary.fi\/d1420\/?s={search_term_string}"},"query-input":{"@type":"PropertyValueSpecification","valueRequired":true,"valueName":"search_term_string"}}],"inLanguage":"fi"}]}},"lang":"et","translations":{"et":11241,"sv":11191,"fi":11074,"en":11217},"pll_sync_post":[],"_links":{"self":[{"href":"https:\/\/rotary.fi\/d1420\/wp-json\/wp\/v2\/pages\/11241","targetHints":{"allow":["GET"]}}],"collection":[{"href":"https:\/\/rotary.fi\/d1420\/wp-json\/wp\/v2\/pages"}],"about":[{"href":"https:\/\/rotary.fi\/d1420\/wp-json\/wp\/v2\/types\/page"}],"author":[{"embeddable":true,"href":"https:\/\/rotary.fi\/d1420\/wp-json\/wp\/v2\/users\/26"}],"replies":[{"embeddable":true,"href":"https:\/\/rotary.fi\/d1420\/wp-json\/wp\/v2\/comments?post=11241"}],"version-history":[{"count":5,"href":"https:\/\/rotary.fi\/d1420\/wp-json\/wp\/v2\/pages\/11241\/revisions"}],"predecessor-version":[{"id":11252,"href":"https:\/\/rotary.fi\/d1420\/wp-json\/wp\/v2\/pages\/11241\/revisions\/11252"}],"up":[{"embeddable":true,"href":"https:\/\/rotary.fi\/d1420\/wp-json\/wp\/v2\/pages\/9995"}],"wp:attachment":[{"href":"https:\/\/rotary.fi\/d1420\/wp-json\/wp\/v2\/media?parent=11241"}],"curies":[{"name":"wp","href":"https:\/\/api.w.org\/{rel}","templated":true}]}}