{"id":11183,"date":"2025-07-02T16:38:34","date_gmt":"2025-07-02T14:38:34","guid":{"rendered":"https:\/\/rotary.fi\/d1420\/?page_id=11183"},"modified":"2025-07-19T09:22:21","modified_gmt":"2025-07-19T07:22:21","slug":"guvernoren","status":"publish","type":"page","link":"https:\/\/rotary.fi\/d1420\/sv\/rotarydistrikt-1420\/guvernoren\/","title":{"rendered":"Guvern\u00f6ren"},"content":{"rendered":"<p>[et_pb_section fb_built=&#8221;1&#8243; module_class=&#8221;sisaltoalue_perus&#8221; _builder_version=&#8221;4.16&#8243; custom_margin=&#8221;||40px|&#8221; global_colors_info=&#8221;{}&#8221;][et_pb_row column_structure=&#8221;1_3,1_3,1_3&#8243; module_class=&#8221;henkilosto-listaus&#8221; _builder_version=&#8221;4.16&#8243; global_colors_info=&#8221;{}&#8221;][et_pb_column type=&#8221;1_3&#8243; _builder_version=&#8221;4.16&#8243; custom_padding=&#8221;|||&#8221; global_colors_info=&#8221;{}&#8221; custom_padding__hover=&#8221;|||&#8221;][et_pb_text admin_label=&#8221;Kuvern\u00f6\u00f6ri&#8221; _builder_version=&#8221;4.27.4&#8243; text_orientation=&#8221;center&#8221; z_index_tablet=&#8221;500&#8243; global_colors_info=&#8221;{}&#8221;]<\/p>\n<h2>Guvern\u00f6ren<\/h2>\n<h2>(DG)<\/h2>\n<p>[\/et_pb_text][et_pb_team_member name=&#8221;Jere Jantunen&#8221; position=&#8221;DG 2025-2026&#8243; image_url=&#8221;https:\/\/rotary.fi\/d1420\/wp-content\/uploads\/sites\/183\/2025\/07\/2025-06-30-d1420-vaihtokokous-38.jpg&#8221; admin_label=&#8221;DG&#8221; module_class=&#8221;kuvernoori&#8221; _builder_version=&#8221;4.27.4&#8243; background_color=&#8221;#f8f9fa&#8221; custom_margin=&#8221;|-9px||||&#8221; custom_padding=&#8221;|0px||||&#8221; hover_enabled=&#8221;0&#8243; z_index_tablet=&#8221;500&#8243; header_text_shadow_horizontal_length_tablet=&#8221;0px&#8221; header_text_shadow_vertical_length_tablet=&#8221;0px&#8221; header_text_shadow_blur_strength_tablet=&#8221;1px&#8221; body_text_shadow_horizontal_length_tablet=&#8221;0px&#8221; body_text_shadow_vertical_length_tablet=&#8221;0px&#8221; body_text_shadow_blur_strength_tablet=&#8221;1px&#8221; position_text_shadow_horizontal_length_tablet=&#8221;0px&#8221; position_text_shadow_vertical_length_tablet=&#8221;0px&#8221; position_text_shadow_blur_strength_tablet=&#8221;1px&#8221; body_link_text_shadow_horizontal_length_tablet=&#8221;0px&#8221; body_link_text_shadow_vertical_length_tablet=&#8221;0px&#8221; body_link_text_shadow_blur_strength_tablet=&#8221;1px&#8221; body_ul_text_shadow_horizontal_length_tablet=&#8221;0px&#8221; body_ul_text_shadow_vertical_length_tablet=&#8221;0px&#8221; body_ul_text_shadow_blur_strength_tablet=&#8221;1px&#8221; body_ol_text_shadow_horizontal_length_tablet=&#8221;0px&#8221; body_ol_text_shadow_vertical_length_tablet=&#8221;0px&#8221; body_ol_text_shadow_blur_strength_tablet=&#8221;1px&#8221; body_quote_text_shadow_horizontal_length_tablet=&#8221;0px&#8221; body_quote_text_shadow_vertical_length_tablet=&#8221;0px&#8221; body_quote_text_shadow_blur_strength_tablet=&#8221;1px&#8221; box_shadow_horizontal_tablet=&#8221;0px&#8221; box_shadow_vertical_tablet=&#8221;0px&#8221; box_shadow_blur_tablet=&#8221;40px&#8221; box_shadow_spread_tablet=&#8221;0px&#8221; box_shadow_horizontal_image_tablet=&#8221;0px&#8221; box_shadow_vertical_image_tablet=&#8221;0px&#8221; box_shadow_blur_image_tablet=&#8221;40px&#8221; box_shadow_spread_image_tablet=&#8221;0px&#8221; text_shadow_horizontal_length_tablet=&#8221;0px&#8221; text_shadow_vertical_length_tablet=&#8221;0px&#8221; text_shadow_blur_strength_tablet=&#8221;1px&#8221; global_colors_info=&#8221;{}&#8221; sticky_enabled=&#8221;0&#8243;]<\/p>\n<p>Lohja<br \/>Ravintolatoiminta \u2013 Restaurangverksamhet &#8211; Restaurants<\/p>\n<p>E-mail: jere.jantunen(at)gmail.com<\/p>\n<p>[\/et_pb_team_member][\/et_pb_column][et_pb_column type=&#8221;1_3&#8243; _builder_version=&#8221;4.16&#8243; _module_preset=&#8221;default&#8221; global_colors_info=&#8221;{}&#8221;][et_pb_text admin_label=&#8221;DGE Tuleva kuvern\u00f6\u00f6ri&#8221; _builder_version=&#8221;4.27.4&#8243; text_orientation=&#8221;center&#8221; z_index_tablet=&#8221;500&#8243; global_colors_info=&#8221;{}&#8221;]<\/p>\n<h2>Tilltr\u00e4dande guvern\u00f6r<\/h2>\n<h2>(DGE)<\/h2>\n<p>[\/et_pb_text][et_pb_team_member name=&#8221;Heldur Allese&#8221; position=&#8221;DGE 2026-2027&#8243; image_url=&#8221;https:\/\/rotary.fi\/d1420\/wp-content\/uploads\/sites\/183\/2025\/07\/heldur-allese-dge.jpg&#8221; admin_label=&#8221;DGE&#8221; module_class=&#8221;kuvernoori&#8221; _builder_version=&#8221;4.27.4&#8243; background_color=&#8221;#f8f9fa&#8221; hover_enabled=&#8221;0&#8243; z_index_tablet=&#8221;500&#8243; header_text_shadow_horizontal_length_tablet=&#8221;0px&#8221; header_text_shadow_vertical_length_tablet=&#8221;0px&#8221; header_text_shadow_blur_strength_tablet=&#8221;1px&#8221; body_text_shadow_horizontal_length_tablet=&#8221;0px&#8221; body_text_shadow_vertical_length_tablet=&#8221;0px&#8221; body_text_shadow_blur_strength_tablet=&#8221;1px&#8221; position_text_shadow_horizontal_length_tablet=&#8221;0px&#8221; position_text_shadow_vertical_length_tablet=&#8221;0px&#8221; position_text_shadow_blur_strength_tablet=&#8221;1px&#8221; body_link_text_shadow_horizontal_length_tablet=&#8221;0px&#8221; body_link_text_shadow_vertical_length_tablet=&#8221;0px&#8221; body_link_text_shadow_blur_strength_tablet=&#8221;1px&#8221; body_ul_text_shadow_horizontal_length_tablet=&#8221;0px&#8221; body_ul_text_shadow_vertical_length_tablet=&#8221;0px&#8221; body_ul_text_shadow_blur_strength_tablet=&#8221;1px&#8221; body_ol_text_shadow_horizontal_length_tablet=&#8221;0px&#8221; body_ol_text_shadow_vertical_length_tablet=&#8221;0px&#8221; body_ol_text_shadow_blur_strength_tablet=&#8221;1px&#8221; body_quote_text_shadow_horizontal_length_tablet=&#8221;0px&#8221; body_quote_text_shadow_vertical_length_tablet=&#8221;0px&#8221; body_quote_text_shadow_blur_strength_tablet=&#8221;1px&#8221; box_shadow_horizontal_tablet=&#8221;0px&#8221; box_shadow_vertical_tablet=&#8221;0px&#8221; box_shadow_blur_tablet=&#8221;40px&#8221; box_shadow_spread_tablet=&#8221;0px&#8221; box_shadow_horizontal_image_tablet=&#8221;0px&#8221; box_shadow_vertical_image_tablet=&#8221;0px&#8221; box_shadow_blur_image_tablet=&#8221;40px&#8221; box_shadow_spread_image_tablet=&#8221;0px&#8221; text_shadow_horizontal_length_tablet=&#8221;0px&#8221; text_shadow_vertical_length_tablet=&#8221;0px&#8221; text_shadow_blur_strength_tablet=&#8221;1px&#8221; global_colors_info=&#8221;{}&#8221; sticky_enabled=&#8221;0&#8243;]<\/p>\n<p>Saaremaa<br \/>Turismi &#8211; Turism<\/p>\n<p>E-mail: heldu(at)saarehotell.ee<\/p>\n<p>[\/et_pb_team_member][\/et_pb_column][et_pb_column type=&#8221;1_3&#8243; _builder_version=&#8221;4.19.0&#8243; _module_preset=&#8221;default&#8221; global_colors_info=&#8221;{}&#8221;][et_pb_text admin_label=&#8221;DGN Nimetty kuvern\u00f6\u00f6ri&#8221; _builder_version=&#8221;4.27.4&#8243; text_orientation=&#8221;center&#8221; z_index_tablet=&#8221;500&#8243; global_colors_info=&#8221;{}&#8221;]<\/p>\n<h2>Nominerad guvern\u00f6r\u00a0\u200b<\/h2>\n<h2>(DGN)<\/h2>\n<p>[\/et_pb_text][et_pb_team_member name=&#8221;Anne Kuusio&#8221; position=&#8221;DGN 2027-2028&#8243; image_url=&#8221;https:\/\/rotary.fi\/d1420\/wp-content\/uploads\/sites\/183\/2025\/07\/anne-kuusio-dgn-2026-2027-p3.jpg&#8221; admin_label=&#8221;DGN&#8221; module_class=&#8221;kuvernoori&#8221; _builder_version=&#8221;4.27.4&#8243; background_color=&#8221;#f8f9fa&#8221; hover_enabled=&#8221;0&#8243; z_index_tablet=&#8221;500&#8243; header_text_shadow_horizontal_length_tablet=&#8221;0px&#8221; header_text_shadow_vertical_length_tablet=&#8221;0px&#8221; header_text_shadow_blur_strength_tablet=&#8221;1px&#8221; body_text_shadow_horizontal_length_tablet=&#8221;0px&#8221; body_text_shadow_vertical_length_tablet=&#8221;0px&#8221; body_text_shadow_blur_strength_tablet=&#8221;1px&#8221; position_text_shadow_horizontal_length_tablet=&#8221;0px&#8221; position_text_shadow_vertical_length_tablet=&#8221;0px&#8221; position_text_shadow_blur_strength_tablet=&#8221;1px&#8221; body_link_text_shadow_horizontal_length_tablet=&#8221;0px&#8221; body_link_text_shadow_vertical_length_tablet=&#8221;0px&#8221; body_link_text_shadow_blur_strength_tablet=&#8221;1px&#8221; body_ul_text_shadow_horizontal_length_tablet=&#8221;0px&#8221; body_ul_text_shadow_vertical_length_tablet=&#8221;0px&#8221; body_ul_text_shadow_blur_strength_tablet=&#8221;1px&#8221; body_ol_text_shadow_horizontal_length_tablet=&#8221;0px&#8221; body_ol_text_shadow_vertical_length_tablet=&#8221;0px&#8221; body_ol_text_shadow_blur_strength_tablet=&#8221;1px&#8221; body_quote_text_shadow_horizontal_length_tablet=&#8221;0px&#8221; body_quote_text_shadow_vertical_length_tablet=&#8221;0px&#8221; body_quote_text_shadow_blur_strength_tablet=&#8221;1px&#8221; box_shadow_horizontal_tablet=&#8221;0px&#8221; box_shadow_vertical_tablet=&#8221;0px&#8221; box_shadow_blur_tablet=&#8221;40px&#8221; box_shadow_spread_tablet=&#8221;0px&#8221; box_shadow_horizontal_image_tablet=&#8221;0px&#8221; box_shadow_vertical_image_tablet=&#8221;0px&#8221; box_shadow_blur_image_tablet=&#8221;40px&#8221; box_shadow_spread_image_tablet=&#8221;0px&#8221; text_shadow_horizontal_length_tablet=&#8221;0px&#8221; text_shadow_vertical_length_tablet=&#8221;0px&#8221; text_shadow_blur_strength_tablet=&#8221;1px&#8221; global_colors_info=&#8221;{}&#8221; sticky_enabled=&#8221;0&#8243;]<\/p>\n<p>Eken\u00e4s-Tammisaari<br \/>Laatuj\u00e4rjestelm\u00e4t \u2013 Kvalitetssystem \u2013 Quality systems<\/p>\n<p>E-mail: annekuusio(at)outlook.com<\/p>\n<p>[\/et_pb_team_member][\/et_pb_column][\/et_pb_row][\/et_pb_section][et_pb_section fb_built=&#8221;1&#8243; _builder_version=&#8221;4.25.2&#8243; _module_preset=&#8221;default&#8221; global_colors_info=&#8221;{}&#8221;][et_pb_row _builder_version=&#8221;4.25.2&#8243; _module_preset=&#8221;default&#8221; global_colors_info=&#8221;{}&#8221;][et_pb_column type=&#8221;4_4&#8243; _builder_version=&#8221;4.25.2&#8243; _module_preset=&#8221;default&#8221; global_colors_info=&#8221;{}&#8221;][et_pb_button button_url=&#8221;https:\/\/rotary.fi\/d1420\/sv\/rotarydistrikt-1420\/tidigare-guvernorer\/&#8221; button_text=&#8221;Tidigare guvern\u00f6rer&#8221; _builder_version=&#8221;4.27.4&#8243; _module_preset=&#8221;default&#8221; global_colors_info=&#8221;{}&#8221;][\/et_pb_button][\/et_pb_column][\/et_pb_row][\/et_pb_section]<\/p>\n","protected":false},"excerpt":{"rendered":"<p>Guvern\u00f6ren (DG)LohjaRavintolatoiminta \u2013 Restaurangverksamhet &#8211; Restaurants E-mail: jere.jantunen(at)gmail.comTilltr\u00e4dande guvern\u00f6r (DGE)SaaremaaTurismi &#8211; Turism E-mail: heldu(at)saarehotell.eeNominerad guvern\u00f6r\u00a0\u200b (DGN)Eken\u00e4s-TammisaariLaatuj\u00e4rjestelm\u00e4t \u2013 Kvalitetssystem \u2013 Quality systems E-mail: annekuusio(at)outlook.com<\/p>\n","protected":false},"author":26,"featured_media":0,"parent":9922,"menu_order":3,"comment_status":"closed","ping_status":"closed","template":"","meta":{"_acf_changed":false,"_et_pb_use_builder":"on","_et_pb_old_content":"","_et_gb_content_width":"","footnotes":""},"class_list":["post-11183","page","type-page","status-publish","hentry"],"acf":[],"yoast_head":"<!-- This site is optimized with the Yoast SEO plugin v27.0 - https:\/\/yoast.com\/product\/yoast-seo-wordpress\/ -->\n<title>Guvern\u00f6ren - Piiri 1420<\/title>\n<meta name=\"robots\" content=\"index, follow, max-snippet:-1, max-image-preview:large, max-video-preview:-1\" \/>\n<link rel=\"canonical\" href=\"https:\/\/rotary.fi\/d1420\/sv\/rotarydistrikt-1420\/guvernoren\/\" \/>\n<meta property=\"og:locale\" content=\"fi_FI\" \/>\n<meta property=\"og:type\" content=\"article\" \/>\n<meta property=\"og:title\" content=\"Guvern\u00f6ren - Piiri 1420\" \/>\n<meta property=\"og:description\" content=\"Guvern\u00f6ren (DG)LohjaRavintolatoiminta \u2013 Restaurangverksamhet - Restaurants E-mail: jere.jantunen(at)gmail.comTilltr\u00e4dande guvern\u00f6r (DGE)SaaremaaTurismi - Turism E-mail: heldu(at)saarehotell.eeNominerad guvern\u00f6r\u00a0\u200b (DGN)Eken\u00e4s-TammisaariLaatuj\u00e4rjestelm\u00e4t \u2013 Kvalitetssystem \u2013 Quality systems E-mail: annekuusio(at)outlook.com\" \/>\n<meta property=\"og:url\" content=\"https:\/\/rotary.fi\/d1420\/sv\/rotarydistrikt-1420\/guvernoren\/\" \/>\n<meta property=\"og:site_name\" content=\"Piiri 1420\" \/>\n<meta property=\"article:publisher\" content=\"https:\/\/www.facebook.com\/rotary\/\" \/>\n<meta property=\"article:modified_time\" content=\"2025-07-19T07:22:21+00:00\" \/>\n<meta name=\"twitter:card\" content=\"summary_large_image\" \/>\n<meta name=\"twitter:label1\" content=\"Arvioitu lukuaika\" \/>\n\t<meta name=\"twitter:data1\" content=\"1 minuutti\" \/>\n<script type=\"application\/ld+json\" class=\"yoast-schema-graph\">{\"@context\":\"https:\/\/schema.org\",\"@graph\":[{\"@type\":\"WebPage\",\"@id\":\"https:\/\/rotary.fi\/d1420\/sv\/rotarydistrikt-1420\/guvernoren\/\",\"url\":\"https:\/\/rotary.fi\/d1420\/sv\/rotarydistrikt-1420\/guvernoren\/\",\"name\":\"Guvern\u00f6ren - Piiri 1420\",\"isPartOf\":{\"@id\":\"https:\/\/rotary.fi\/d1420\/#website\"},\"datePublished\":\"2025-07-02T14:38:34+00:00\",\"dateModified\":\"2025-07-19T07:22:21+00:00\",\"breadcrumb\":{\"@id\":\"https:\/\/rotary.fi\/d1420\/sv\/rotarydistrikt-1420\/guvernoren\/#breadcrumb\"},\"inLanguage\":\"fi\",\"potentialAction\":[{\"@type\":\"ReadAction\",\"target\":[\"https:\/\/rotary.fi\/d1420\/sv\/rotarydistrikt-1420\/guvernoren\/\"]}]},{\"@type\":\"BreadcrumbList\",\"@id\":\"https:\/\/rotary.fi\/d1420\/sv\/rotarydistrikt-1420\/guvernoren\/#breadcrumb\",\"itemListElement\":[{\"@type\":\"ListItem\",\"position\":1,\"name\":\"Home\",\"item\":\"https:\/\/rotary.fi\/d1420\/\"},{\"@type\":\"ListItem\",\"position\":2,\"name\":\"Presentation av distrikt\",\"item\":\"https:\/\/rotary.fi\/d1420\/sv\/rotarydistrikt-1420\/\"},{\"@type\":\"ListItem\",\"position\":3,\"name\":\"Guvern\u00f6ren\"}]},{\"@type\":\"WebSite\",\"@id\":\"https:\/\/rotary.fi\/d1420\/#website\",\"url\":\"https:\/\/rotary.fi\/d1420\/\",\"name\":\"Piiri 1420\",\"description\":\"Suomen Rotary\",\"potentialAction\":[{\"@type\":\"SearchAction\",\"target\":{\"@type\":\"EntryPoint\",\"urlTemplate\":\"https:\/\/rotary.fi\/d1420\/?s={search_term_string}\"},\"query-input\":{\"@type\":\"PropertyValueSpecification\",\"valueRequired\":true,\"valueName\":\"search_term_string\"}}],\"inLanguage\":\"fi\"}]}<\/script>\n<!-- \/ Yoast SEO plugin. -->","yoast_head_json":{"title":"Guvern\u00f6ren - Piiri 1420","robots":{"index":"index","follow":"follow","max-snippet":"max-snippet:-1","max-image-preview":"max-image-preview:large","max-video-preview":"max-video-preview:-1"},"canonical":"https:\/\/rotary.fi\/d1420\/sv\/rotarydistrikt-1420\/guvernoren\/","og_locale":"fi_FI","og_type":"article","og_title":"Guvern\u00f6ren - Piiri 1420","og_description":"Guvern\u00f6ren (DG)LohjaRavintolatoiminta \u2013 Restaurangverksamhet - Restaurants E-mail: jere.jantunen(at)gmail.comTilltr\u00e4dande guvern\u00f6r (DGE)SaaremaaTurismi - Turism E-mail: heldu(at)saarehotell.eeNominerad guvern\u00f6r\u00a0\u200b (DGN)Eken\u00e4s-TammisaariLaatuj\u00e4rjestelm\u00e4t \u2013 Kvalitetssystem \u2013 Quality systems E-mail: annekuusio(at)outlook.com","og_url":"https:\/\/rotary.fi\/d1420\/sv\/rotarydistrikt-1420\/guvernoren\/","og_site_name":"Piiri 1420","article_publisher":"https:\/\/www.facebook.com\/rotary\/","article_modified_time":"2025-07-19T07:22:21+00:00","twitter_card":"summary_large_image","twitter_misc":{"Arvioitu lukuaika":"1 minuutti"},"schema":{"@context":"https:\/\/schema.org","@graph":[{"@type":"WebPage","@id":"https:\/\/rotary.fi\/d1420\/sv\/rotarydistrikt-1420\/guvernoren\/","url":"https:\/\/rotary.fi\/d1420\/sv\/rotarydistrikt-1420\/guvernoren\/","name":"Guvern\u00f6ren - Piiri 1420","isPartOf":{"@id":"https:\/\/rotary.fi\/d1420\/#website"},"datePublished":"2025-07-02T14:38:34+00:00","dateModified":"2025-07-19T07:22:21+00:00","breadcrumb":{"@id":"https:\/\/rotary.fi\/d1420\/sv\/rotarydistrikt-1420\/guvernoren\/#breadcrumb"},"inLanguage":"fi","potentialAction":[{"@type":"ReadAction","target":["https:\/\/rotary.fi\/d1420\/sv\/rotarydistrikt-1420\/guvernoren\/"]}]},{"@type":"BreadcrumbList","@id":"https:\/\/rotary.fi\/d1420\/sv\/rotarydistrikt-1420\/guvernoren\/#breadcrumb","itemListElement":[{"@type":"ListItem","position":1,"name":"Home","item":"https:\/\/rotary.fi\/d1420\/"},{"@type":"ListItem","position":2,"name":"Presentation av distrikt","item":"https:\/\/rotary.fi\/d1420\/sv\/rotarydistrikt-1420\/"},{"@type":"ListItem","position":3,"name":"Guvern\u00f6ren"}]},{"@type":"WebSite","@id":"https:\/\/rotary.fi\/d1420\/#website","url":"https:\/\/rotary.fi\/d1420\/","name":"Piiri 1420","description":"Suomen Rotary","potentialAction":[{"@type":"SearchAction","target":{"@type":"EntryPoint","urlTemplate":"https:\/\/rotary.fi\/d1420\/?s={search_term_string}"},"query-input":{"@type":"PropertyValueSpecification","valueRequired":true,"valueName":"search_term_string"}}],"inLanguage":"fi"}]}},"lang":"sv","translations":{"sv":11183,"fi":11066,"en":11208,"et":11234},"pll_sync_post":[],"_links":{"self":[{"href":"https:\/\/rotary.fi\/d1420\/wp-json\/wp\/v2\/pages\/11183","targetHints":{"allow":["GET"]}}],"collection":[{"href":"https:\/\/rotary.fi\/d1420\/wp-json\/wp\/v2\/pages"}],"about":[{"href":"https:\/\/rotary.fi\/d1420\/wp-json\/wp\/v2\/types\/page"}],"author":[{"embeddable":true,"href":"https:\/\/rotary.fi\/d1420\/wp-json\/wp\/v2\/users\/26"}],"replies":[{"embeddable":true,"href":"https:\/\/rotary.fi\/d1420\/wp-json\/wp\/v2\/comments?post=11183"}],"version-history":[{"count":10,"href":"https:\/\/rotary.fi\/d1420\/wp-json\/wp\/v2\/pages\/11183\/revisions"}],"predecessor-version":[{"id":11547,"href":"https:\/\/rotary.fi\/d1420\/wp-json\/wp\/v2\/pages\/11183\/revisions\/11547"}],"up":[{"embeddable":true,"href":"https:\/\/rotary.fi\/d1420\/wp-json\/wp\/v2\/pages\/9922"}],"wp:attachment":[{"href":"https:\/\/rotary.fi\/d1420\/wp-json\/wp\/v2\/media?parent=11183"}],"curies":[{"name":"wp","href":"https:\/\/api.w.org\/{rel}","templated":true}]}}