{"id":10708,"date":"2025-03-18T15:44:56","date_gmt":"2025-03-18T13:44:56","guid":{"rendered":"https:\/\/rotary.fi\/d1420\/?page_id=10708"},"modified":"2025-03-18T15:48:56","modified_gmt":"2025-03-18T13:48:56","slug":"basran","status":"publish","type":"page","link":"https:\/\/rotary.fi\/d1420\/et\/mida-me-teeme\/basran\/","title":{"rendered":"BASRAN"},"content":{"rendered":"<p>[et_pb_section fb_built=&#8221;1&#8243; module_class=&#8221;jumbotron-page&#8221; _builder_version=&#8221;4.22.1&#8243; background_image=&#8221;https:\/\/rotary.fi\/d1420\/wp-content\/uploads\/sites\/183\/2021\/09\/itameri-pieni.jpg&#8221; background_position=&#8221;top_center&#8221; global_colors_info=&#8221;{}&#8221;][et_pb_row module_class=&#8221; et_pb_row_fullwidth et_pb_row_fullwidth&#8221; _builder_version=&#8221;4.16&#8243; width=&#8221;89%&#8221; width_tablet=&#8221;80%&#8221; width_phone=&#8221;&#8221; width_last_edited=&#8221;on|desktop&#8221; max_width=&#8221;89%&#8221; max_width_tablet=&#8221;80%&#8221; max_width_phone=&#8221;&#8221; max_width_last_edited=&#8221;on|desktop&#8221; make_fullwidth=&#8221;on&#8221; global_colors_info=&#8221;{}&#8221;][et_pb_column type=&#8221;4_4&#8243; _builder_version=&#8221;4.16&#8243; custom_padding=&#8221;|||&#8221; global_colors_info=&#8221;{}&#8221; custom_padding__hover=&#8221;|||&#8221;][et_pb_text admin_label=&#8221;BASRAN -otsikko&#8221; _builder_version=&#8221;4.27.4&#8243; text_orientation=&#8221;center&#8221; background_layout=&#8221;dark&#8221; global_colors_info=&#8221;{}&#8221;]<\/p>\n<h1>BASRAN &#8211; Baltic Sea Regional Action network<\/h1>\n<p>[\/et_pb_text][\/et_pb_column][\/et_pb_row][\/et_pb_section][et_pb_section fb_built=&#8221;1&#8243; module_class=&#8221;sisaltoalue_perus&#8221; _builder_version=&#8221;4.16&#8243; custom_margin=&#8221;||40px|&#8221; global_colors_info=&#8221;{}&#8221;][et_pb_row custom_padding_last_edited=&#8221;on|phone&#8221; _builder_version=&#8221;4.22.1&#8243; custom_padding_tablet=&#8221;&#8221; custom_padding_phone=&#8221;&#8221; global_colors_info=&#8221;{}&#8221;][et_pb_column type=&#8221;4_4&#8243; _builder_version=&#8221;4.22.1&#8243; custom_padding=&#8221;|||&#8221; global_colors_info=&#8221;{}&#8221; custom_padding__hover=&#8221;|||&#8221;][et_pb_text admin_label=&#8221;BASRAN yhdist\u00e4\u00e4 jne &#8211; otsikko&#8221; _builder_version=&#8221;4.27.4&#8243; z_index_tablet=&#8221;500&#8243; global_colors_info=&#8221;{}&#8221;]<\/p>\n<h2>BASRAN \u00fchendab rotariaane rahvusvaheliselt<\/h2>\n<p>[\/et_pb_text][\/et_pb_column][\/et_pb_row][et_pb_row column_structure=&#8221;1_2,1_2&#8243; custom_padding_last_edited=&#8221;on|phone&#8221; _builder_version=&#8221;4.22.1&#8243; custom_padding_tablet=&#8221;&#8221; custom_padding_phone=&#8221;&#8221; global_colors_info=&#8221;{}&#8221;][et_pb_column type=&#8221;1_2&#8243; _builder_version=&#8221;4.16&#8243; custom_padding=&#8221;|||&#8221; global_colors_info=&#8221;{}&#8221; custom_padding__hover=&#8221;|||&#8221;][et_pb_text _builder_version=&#8221;4.27.4&#8243; z_index_tablet=&#8221;500&#8243; global_colors_info=&#8221;{}&#8221;]<\/p>\n<p><strong>BASRAN \u2013 Baltic Sea Regional Action Network (of Rotarians)<\/strong> loodi Soome Rotary piirkondade <strong>1420 ja 1410<\/strong> algatusel <strong>2019. aasta s\u00fcgisel<\/strong> p\u00e4rast Rotary maailmakonverentsi Hamburgis. Konverentsil oli Soome stend <em>Save the Baltic Sea<\/em>, mis \u00e4ratas suurt huvi. Selgus, et rotariaanid k\u00f5ikides L\u00e4\u00e4nemere riikides on mures mere seisundi p\u00e4rast ja soovivad selle puhastamist.<\/p>\n<p>L\u00e4\u00e4nemeri on iga riigi jaoks oluline, kuna selle valgala h\u00f5lmab umbes 10 riiki, <strong>85 miljonit inimest, 2000 Rotary klubi ja 70 000 rotariaani<\/strong>. See on tohutu potentsiaal, mist\u00f5ttu on BASRAN-v\u00f5rgustikuga liitunud juba sadu rotariaane \u00fcle L\u00e4\u00e4nemere piirkonna.<\/p>\n<p>BASRAN ise ei vii ellu projekte, kuid <strong>toetab rotariaane<\/strong>:<br \/>&#x2714; Algatuste k\u00e4ivitamisel ja teenindusprojektides osalemisel<br \/>&#x2714; Teadmiste suurendamisel L\u00e4\u00e4nemere seisundist, reostuskoormusest ja puhastamisv\u00f5imalustest<\/p>\n<p>Igal aastal korraldatakse <strong>BASRAN-i veebiseminare ja kohtumisi<\/strong> ning v\u00f5rgustik on jaotatud erinevatesse <strong>t\u00f6\u00f6komiteedesse<\/strong>:<\/p>\n<ul>\n<li>The Network and Administration (secretary work, seminars \/ webinars etc.)<\/li>\n<li>BASRAN Public Image, Promotion, PR , Communications<\/li>\n<li>Awareness raising and environmental education<\/li>\n<li>Eutrophication follow up and reducing excessive runoff<\/li>\n<li>Beach cleaning and microplastics<\/li>\n<li>Harmful substances in the deep<\/li>\n<li>Water treatment plants and plans<\/li>\n<\/ul>\n<p>Loe l\u00e4hemalt : <a href=\"https:\/\/www.basran.eu\">www.basran.eu\u00a0<\/a><\/p>\n<p>[\/et_pb_text][\/et_pb_column][et_pb_column type=&#8221;1_2&#8243; _builder_version=&#8221;4.16&#8243; custom_padding=&#8221;|||&#8221; global_colors_info=&#8221;{}&#8221; custom_padding__hover=&#8221;|||&#8221;][et_pb_image src=&#8221;https:\/\/rotary.fi\/d1420\/wp-content\/uploads\/sites\/183\/2024\/02\/baltic-sea-regional-action-network.jpg&#8221; title_text=&#8221;Baltic sea regional action network&#8221; admin_label=&#8221;verkosto &#8211; Kuva&#8221; _builder_version=&#8221;4.22.1&#8243; _module_preset=&#8221;default&#8221; global_colors_info=&#8221;{}&#8221;][\/et_pb_image][et_pb_text _builder_version=&#8221;4.27.4&#8243; _module_preset=&#8221;default&#8221; global_colors_info=&#8221;{}&#8221;]<\/p>\n<p>BASRAN<\/p>\n<p>[\/et_pb_text][\/et_pb_column][\/et_pb_row][\/et_pb_section]<\/p>\n","protected":false},"excerpt":{"rendered":"<p>BASRAN &#8211; Baltic Sea Regional Action networkBASRAN \u00fchendab rotariaane rahvusvaheliseltBASRAN \u2013 Baltic Sea Regional Action Network (of Rotarians) loodi Soome Rotary piirkondade 1420 ja 1410 algatusel 2019. aasta s\u00fcgisel p\u00e4rast Rotary maailmakonverentsi Hamburgis. Konverentsil oli Soome stend Save the Baltic Sea, mis \u00e4ratas suurt huvi. Selgus, et rotariaanid k\u00f5ikides L\u00e4\u00e4nemere riikides on mures mere seisundi [&hellip;]<\/p>\n","protected":false},"author":26,"featured_media":0,"parent":10658,"menu_order":5,"comment_status":"closed","ping_status":"closed","template":"","meta":{"_acf_changed":false,"_et_pb_use_builder":"on","_et_pb_old_content":"","_et_gb_content_width":"","footnotes":""},"class_list":["post-10708","page","type-page","status-publish","hentry"],"acf":[],"yoast_head":"<!-- This site is optimized with the Yoast SEO plugin v27.4 - https:\/\/yoast.com\/product\/yoast-seo-wordpress\/ -->\n<title>BASRAN - Piiri 1420<\/title>\n<meta name=\"robots\" content=\"index, follow, max-snippet:-1, max-image-preview:large, max-video-preview:-1\" \/>\n<link rel=\"canonical\" href=\"https:\/\/rotary.fi\/d1420\/et\/mida-me-teeme\/basran\/\" \/>\n<meta property=\"og:locale\" content=\"fi_FI\" \/>\n<meta property=\"og:type\" content=\"article\" \/>\n<meta property=\"og:title\" content=\"BASRAN - Piiri 1420\" \/>\n<meta property=\"og:description\" content=\"BASRAN - Baltic Sea Regional Action networkBASRAN \u00fchendab rotariaane rahvusvaheliseltBASRAN \u2013 Baltic Sea Regional Action Network (of Rotarians) loodi Soome Rotary piirkondade 1420 ja 1410 algatusel 2019. aasta s\u00fcgisel p\u00e4rast Rotary maailmakonverentsi Hamburgis. Konverentsil oli Soome stend Save the Baltic Sea, mis \u00e4ratas suurt huvi. Selgus, et rotariaanid k\u00f5ikides L\u00e4\u00e4nemere riikides on mures mere seisundi [&hellip;]\" \/>\n<meta property=\"og:url\" content=\"https:\/\/rotary.fi\/d1420\/et\/mida-me-teeme\/basran\/\" \/>\n<meta property=\"og:site_name\" content=\"Piiri 1420\" \/>\n<meta property=\"article:publisher\" content=\"https:\/\/www.facebook.com\/rotary\/\" \/>\n<meta property=\"article:modified_time\" content=\"2025-03-18T13:48:56+00:00\" \/>\n<meta name=\"twitter:card\" content=\"summary_large_image\" \/>\n<meta name=\"twitter:label1\" content=\"Arvioitu lukuaika\" \/>\n\t<meta name=\"twitter:data1\" content=\"2 minuuttia\" \/>\n<script type=\"application\/ld+json\" class=\"yoast-schema-graph\">{\"@context\":\"https:\\\/\\\/schema.org\",\"@graph\":[{\"@type\":\"WebPage\",\"@id\":\"https:\\\/\\\/rotary.fi\\\/d1420\\\/et\\\/mida-me-teeme\\\/basran\\\/\",\"url\":\"https:\\\/\\\/rotary.fi\\\/d1420\\\/et\\\/mida-me-teeme\\\/basran\\\/\",\"name\":\"BASRAN - Piiri 1420\",\"isPartOf\":{\"@id\":\"https:\\\/\\\/rotary.fi\\\/d1420\\\/#website\"},\"datePublished\":\"2025-03-18T13:44:56+00:00\",\"dateModified\":\"2025-03-18T13:48:56+00:00\",\"breadcrumb\":{\"@id\":\"https:\\\/\\\/rotary.fi\\\/d1420\\\/et\\\/mida-me-teeme\\\/basran\\\/#breadcrumb\"},\"inLanguage\":\"fi\",\"potentialAction\":[{\"@type\":\"ReadAction\",\"target\":[\"https:\\\/\\\/rotary.fi\\\/d1420\\\/et\\\/mida-me-teeme\\\/basran\\\/\"]}]},{\"@type\":\"BreadcrumbList\",\"@id\":\"https:\\\/\\\/rotary.fi\\\/d1420\\\/et\\\/mida-me-teeme\\\/basran\\\/#breadcrumb\",\"itemListElement\":[{\"@type\":\"ListItem\",\"position\":1,\"name\":\"Home\",\"item\":\"https:\\\/\\\/rotary.fi\\\/d1420\\\/\"},{\"@type\":\"ListItem\",\"position\":2,\"name\":\"Mida me teeme\",\"item\":\"https:\\\/\\\/rotary.fi\\\/d1420\\\/et\\\/mida-me-teeme\\\/\"},{\"@type\":\"ListItem\",\"position\":3,\"name\":\"BASRAN\"}]},{\"@type\":\"WebSite\",\"@id\":\"https:\\\/\\\/rotary.fi\\\/d1420\\\/#website\",\"url\":\"https:\\\/\\\/rotary.fi\\\/d1420\\\/\",\"name\":\"Piiri 1420\",\"description\":\"Suomen Rotary\",\"potentialAction\":[{\"@type\":\"SearchAction\",\"target\":{\"@type\":\"EntryPoint\",\"urlTemplate\":\"https:\\\/\\\/rotary.fi\\\/d1420\\\/?s={search_term_string}\"},\"query-input\":{\"@type\":\"PropertyValueSpecification\",\"valueRequired\":true,\"valueName\":\"search_term_string\"}}],\"inLanguage\":\"fi\"}]}<\/script>\n<!-- \/ Yoast SEO plugin. -->","yoast_head_json":{"title":"BASRAN - Piiri 1420","robots":{"index":"index","follow":"follow","max-snippet":"max-snippet:-1","max-image-preview":"max-image-preview:large","max-video-preview":"max-video-preview:-1"},"canonical":"https:\/\/rotary.fi\/d1420\/et\/mida-me-teeme\/basran\/","og_locale":"fi_FI","og_type":"article","og_title":"BASRAN - Piiri 1420","og_description":"BASRAN - Baltic Sea Regional Action networkBASRAN \u00fchendab rotariaane rahvusvaheliseltBASRAN \u2013 Baltic Sea Regional Action Network (of Rotarians) loodi Soome Rotary piirkondade 1420 ja 1410 algatusel 2019. aasta s\u00fcgisel p\u00e4rast Rotary maailmakonverentsi Hamburgis. Konverentsil oli Soome stend Save the Baltic Sea, mis \u00e4ratas suurt huvi. Selgus, et rotariaanid k\u00f5ikides L\u00e4\u00e4nemere riikides on mures mere seisundi [&hellip;]","og_url":"https:\/\/rotary.fi\/d1420\/et\/mida-me-teeme\/basran\/","og_site_name":"Piiri 1420","article_publisher":"https:\/\/www.facebook.com\/rotary\/","article_modified_time":"2025-03-18T13:48:56+00:00","twitter_card":"summary_large_image","twitter_misc":{"Arvioitu lukuaika":"2 minuuttia"},"schema":{"@context":"https:\/\/schema.org","@graph":[{"@type":"WebPage","@id":"https:\/\/rotary.fi\/d1420\/et\/mida-me-teeme\/basran\/","url":"https:\/\/rotary.fi\/d1420\/et\/mida-me-teeme\/basran\/","name":"BASRAN - Piiri 1420","isPartOf":{"@id":"https:\/\/rotary.fi\/d1420\/#website"},"datePublished":"2025-03-18T13:44:56+00:00","dateModified":"2025-03-18T13:48:56+00:00","breadcrumb":{"@id":"https:\/\/rotary.fi\/d1420\/et\/mida-me-teeme\/basran\/#breadcrumb"},"inLanguage":"fi","potentialAction":[{"@type":"ReadAction","target":["https:\/\/rotary.fi\/d1420\/et\/mida-me-teeme\/basran\/"]}]},{"@type":"BreadcrumbList","@id":"https:\/\/rotary.fi\/d1420\/et\/mida-me-teeme\/basran\/#breadcrumb","itemListElement":[{"@type":"ListItem","position":1,"name":"Home","item":"https:\/\/rotary.fi\/d1420\/"},{"@type":"ListItem","position":2,"name":"Mida me teeme","item":"https:\/\/rotary.fi\/d1420\/et\/mida-me-teeme\/"},{"@type":"ListItem","position":3,"name":"BASRAN"}]},{"@type":"WebSite","@id":"https:\/\/rotary.fi\/d1420\/#website","url":"https:\/\/rotary.fi\/d1420\/","name":"Piiri 1420","description":"Suomen Rotary","potentialAction":[{"@type":"SearchAction","target":{"@type":"EntryPoint","urlTemplate":"https:\/\/rotary.fi\/d1420\/?s={search_term_string}"},"query-input":{"@type":"PropertyValueSpecification","valueRequired":true,"valueName":"search_term_string"}}],"inLanguage":"fi"}]}},"lang":"et","translations":{"et":10708,"fi":7833},"pll_sync_post":[],"_links":{"self":[{"href":"https:\/\/rotary.fi\/d1420\/wp-json\/wp\/v2\/pages\/10708","targetHints":{"allow":["GET"]}}],"collection":[{"href":"https:\/\/rotary.fi\/d1420\/wp-json\/wp\/v2\/pages"}],"about":[{"href":"https:\/\/rotary.fi\/d1420\/wp-json\/wp\/v2\/types\/page"}],"author":[{"embeddable":true,"href":"https:\/\/rotary.fi\/d1420\/wp-json\/wp\/v2\/users\/26"}],"replies":[{"embeddable":true,"href":"https:\/\/rotary.fi\/d1420\/wp-json\/wp\/v2\/comments?post=10708"}],"version-history":[{"count":5,"href":"https:\/\/rotary.fi\/d1420\/wp-json\/wp\/v2\/pages\/10708\/revisions"}],"predecessor-version":[{"id":10715,"href":"https:\/\/rotary.fi\/d1420\/wp-json\/wp\/v2\/pages\/10708\/revisions\/10715"}],"up":[{"embeddable":true,"href":"https:\/\/rotary.fi\/d1420\/wp-json\/wp\/v2\/pages\/10658"}],"wp:attachment":[{"href":"https:\/\/rotary.fi\/d1420\/wp-json\/wp\/v2\/media?parent=10708"}],"curies":[{"name":"wp","href":"https:\/\/api.w.org\/{rel}","templated":true}]}}