{"id":10270,"date":"2025-01-06T12:07:54","date_gmt":"2025-01-06T10:07:54","guid":{"rendered":"https:\/\/rotary.fi\/d1420\/?page_id=10270"},"modified":"2025-03-25T10:49:30","modified_gmt":"2025-03-25T08:49:30","slug":"nya-rotarianer","status":"publish","type":"page","link":"https:\/\/rotary.fi\/d1420\/sv\/det-har-gor-vi\/nya-rotarianer\/","title":{"rendered":"Tips f\u00f6r att l\u00e4ra k\u00e4nna Rotary"},"content":{"rendered":"<p>[et_pb_section fb_built=&#8221;1&#8243; _builder_version=&#8221;4.16&#8243; global_colors_info=&#8221;{}&#8221;][et_pb_row _builder_version=&#8221;4.27.0&#8243; background_size=&#8221;initial&#8221; background_position=&#8221;top_left&#8221; background_repeat=&#8221;repeat&#8221; global_colors_info=&#8221;{}&#8221;][et_pb_column type=&#8221;4_4&#8243; _builder_version=&#8221;4.16&#8243; custom_padding=&#8221;|||&#8221; global_colors_info=&#8221;{}&#8221; custom_padding__hover=&#8221;|||&#8221;][et_pb_text admin_label=&#8221;Teksti &#8211; otsikko&#8221; _builder_version=&#8221;4.27.0&#8243; _module_preset=&#8221;default&#8221; global_colors_info=&#8221;{}&#8221;]<\/p>\n<h1>Tips f\u00f6r att l\u00e4ra k\u00e4nna Rotary<\/h1>\n<p>[\/et_pb_text][et_pb_text _builder_version=&#8221;4.27.4&#8243; background_size=&#8221;initial&#8221; background_position=&#8221;top_left&#8221; background_repeat=&#8221;repeat&#8221; global_colors_info=&#8221;{}&#8221;]Utbildning \u00e4r en viktig del av Rotarys verksamhet!\u00a0 F\u00f6rutom coaching kan en ny medlem som g\u00e5tt med i Rotary eller en redan erfaren rotarian bekanta sig med Rotarys kunskaper.<\/p>\n<p>F\u00f6r de som blivit rotarianer \u00e4r det bra f\u00f6r klubben att ge dem en mentor\/instrukt\u00f6r som v\u00e4gleder dem i Rotarys och den egna klubbens verksamhet. Instruktioner f\u00f6r b\u00e5da finns i <a href=\"https:\/\/rotary.fi\/jasenille\/\">materialet<\/a> p\u00e5 v\u00e5rt distrikts hemsida.<\/p>\n<p>Viktiga instruktioner och webbplatser inkluderar:<\/p>\n<ol>\n<li>Utforska din klubbs webbplats och g\u00e5 med i dess sociala mediekanaler<\/li>\n<li>Bekanta dig med distriktets <a href=\"https:\/\/rotary.fi\/d1420\/\">webbplats<\/a>, och s\u00e4rskilt distriktets material och sektioner f\u00f6r medlemmarnas webbplats som finns d\u00e4r<\/li>\n<li>Kolla in den gemensamma webbplatsen f\u00f6r Rotary Finland <a href=\"https:\/\/rotary.fi\">https:\/\/rotary.fi<\/a><\/li>\n<li>Kolla in Rotary Internationals webbplats p\u00e5 <a href=\"https:\/\/rotary.org\">https:\/\/rotary.org<\/a><\/li>\n<li>Logga in p\u00e5 myRotary <a href=\"https:\/\/my.rotary.org\">https:\/\/my.rotary.org<\/a> och utforska myRotarys inneh\u00e5ll.<\/li>\n<\/ol>\n<p>&nbsp;<\/p>\n<p><strong>N\u00e5gra anv\u00e4ndbara MyRotary-l\u00e4nkar<\/strong><\/p>\n<p>Rotary Action Plan | My Rotary<br \/>\n<a href=\"https:\/\/my.rotary.org\/en\/learning-reference\/about-rotary\/action-plan\">https:\/\/my.rotary.org\/en\/learning-reference\/about-rotary\/action-plan<\/a><\/p>\n<p>Rotary Learning Center &#8211; Course Catalogs | My Rotary<br \/>\n<a href=\"https:\/\/learn.rotary.org\/members\/learn\/catalog\/view\/67\">https:\/\/learn.rotary.org\/members\/learn\/catalog\/view\/67<\/a><\/p>\n<p>Club Central (Dashboard) | My Rotary<br \/>\n<a href=\"https:\/\/rcc.rotary.org\/#\/dashboard\">https:\/\/rcc.rotary.org\/#\/dashboard<\/a><\/p>\n<p>Reports | My Rotary<br \/>\n<a href=\"https:\/\/my.rotary.org\/en\/manage\/club-district-administration\/reports\">https:\/\/my.rotary.org\/en\/manage\/club-district-administration\/reports<\/a><\/p>\n<p>Newsletters | My Rotary<br \/>\n<a href=\"https:\/\/my.rotary.org\/en\/news-media\/newsletters#_sec\">https:\/\/my.rotary.org\/en\/news-media\/newsletters#_sec<\/a><\/p>\n<p>&nbsp;[\/et_pb_text][\/et_pb_column][\/et_pb_row][\/et_pb_section]<\/p>\n","protected":false},"excerpt":{"rendered":"<p>Tips f\u00f6r att l\u00e4ra k\u00e4nna RotaryUtbildning \u00e4r en viktig del av Rotarys verksamhet!\u00a0 F\u00f6rutom coaching kan en ny medlem som g\u00e5tt med i Rotary eller en redan erfaren rotarian bekanta sig med Rotarys kunskaper. F\u00f6r de som blivit rotarianer \u00e4r det bra f\u00f6r klubben att ge dem en mentor\/instrukt\u00f6r som v\u00e4gleder dem i Rotarys och [&hellip;]<\/p>\n","protected":false},"author":26,"featured_media":0,"parent":10615,"menu_order":0,"comment_status":"closed","ping_status":"closed","template":"","meta":{"_acf_changed":false,"_et_pb_use_builder":"on","_et_pb_old_content":"<p>Koulutus on merkitt\u00e4v\u00e4 osa rotaritoimintaa! Erilaisilla j\u00e4senille suunnatuilla valmennuksilla varmistamme toisaalta j\u00e4senen tarvittavan tietotaidon teht\u00e4viens\u00e4 hoitoon ja toisaalta syvenn\u00e4mme j\u00e4senen rotarytietoutta. T\u00e4ss\u00e4 osiossa kerromme miten Rotaryyn liittynyt uusi tai jo kokenut rotari voi perehdytt\u00e4\u00e4 itse\u00e4\u00e4n Rotarytietoudessa.<\/p><p>Vasta rotariksi tulleella on hyv\u00e4 antaa klubin toimesta kummi\/perehdytt\u00e4j\u00e4 joka opastaa h\u00e4net rotaryn ja oman klubin toimintaan. Piirimme aineistosta l\u00f6ytyy kummin ohjeistusta. Piirimme aineistosta verkkosivuilla l\u00f6ytyy kummin ohjeistusta ja esimerkki \u201dGreen Cardista\u201d. Jos olet uusi rotari tai t\u00e4m\u00e4n kummi niin tutustu materiaaliin. Dropboxin salasana on aina \u201dratas\u201d. Linkki t\u00e4ss\u00e4 - <a href=\"https:\/\/www.dropbox.com\/home\/D1420\/Komiteat\/Koulutuskomitea\/J%C3%A4senasioita\">J\u00e4senasioita - Dropbox<\/a>\u201d<\/p><p>T\u00e4rkeit\u00e4 ohjeita ja sivustoja ovat:<\/p><ol><li>Tutustu klubisi sivustoihin ja liity sen sosiaalisen median kanaviin<\/li><li>Tutustu piirin verkkosivuihin ja erityisesti sielt\u00e4 l\u00f6ytyviin Piirin aineisto ja J\u00e4sensivusto- osioihin<\/li><li>Rotarymatrikkelin \u201dSinisill\u00e4 sivuilla\u201d on paljon keskeist\u00e4 rotarytietoa. Tutustu <a href=\"https:\/\/www.dropbox.com\/sh\/qbov4aaaw648ooz\/AADtS7xyG0JFqjVRxrfK6YaVa\/1.%20SUOMEN%20ROTARYPALVELU\/1.1%20ROTARYMATRIKKELI?dl=0&subfolder_nav_tracking=1\">1.1 ROTARYMATRIKKELI - Dropbox<\/a><\/li><li>Tutustu suomen piirien yhteiseen sivustoon <a href=\"http:\/\/www.rotary.fi\">rotary.fi<\/a><\/li><li>Tutustu Rotary Internationalin verkkosivuihin <a href=\"http:\/\/www.rotary.org\">rotary.org<\/a><\/li><li>Kirjaudu myRotaryyn <a href=\"https:\/\/my.rotary.org\">https:\/\/my.rotary.org<\/a> (ohje l\u00f6ytyy piirin aineistosta verkkosivuilta)<\/li><li>Tutustu myRotaryn sis\u00e4lt\u00f6\u00f6n.<\/li><\/ol><p>Piirimme j\u00e4rjest\u00e4\u00e4 uusille rotareille tarkoitettuja keskustelutilaisuuksia. Seuraa ilmoituksia verkkosivuilla.<\/p>","_et_gb_content_width":"","footnotes":""},"class_list":["post-10270","page","type-page","status-publish","hentry"],"acf":[],"yoast_head":"<!-- This site is optimized with the Yoast SEO plugin v27.0 - https:\/\/yoast.com\/product\/yoast-seo-wordpress\/ -->\n<title>Tips f\u00f6r att l\u00e4ra k\u00e4nna Rotary - Piiri 1420<\/title>\n<meta name=\"robots\" content=\"index, follow, max-snippet:-1, max-image-preview:large, max-video-preview:-1\" \/>\n<link rel=\"canonical\" href=\"https:\/\/rotary.fi\/d1420\/sv\/det-har-gor-vi\/nya-rotarianer\/\" \/>\n<meta property=\"og:locale\" content=\"fi_FI\" \/>\n<meta property=\"og:type\" content=\"article\" \/>\n<meta property=\"og:title\" content=\"Tips f\u00f6r att l\u00e4ra k\u00e4nna Rotary - Piiri 1420\" \/>\n<meta property=\"og:description\" content=\"Tips f\u00f6r att l\u00e4ra k\u00e4nna RotaryUtbildning \u00e4r en viktig del av Rotarys verksamhet!\u00a0 F\u00f6rutom coaching kan en ny medlem som g\u00e5tt med i Rotary eller en redan erfaren rotarian bekanta sig med Rotarys kunskaper. F\u00f6r de som blivit rotarianer \u00e4r det bra f\u00f6r klubben att ge dem en mentor\/instrukt\u00f6r som v\u00e4gleder dem i Rotarys och [&hellip;]\" \/>\n<meta property=\"og:url\" content=\"https:\/\/rotary.fi\/d1420\/sv\/det-har-gor-vi\/nya-rotarianer\/\" \/>\n<meta property=\"og:site_name\" content=\"Piiri 1420\" \/>\n<meta property=\"article:publisher\" content=\"https:\/\/www.facebook.com\/rotary\/\" \/>\n<meta property=\"article:modified_time\" content=\"2025-03-25T08:49:30+00:00\" \/>\n<meta name=\"twitter:card\" content=\"summary_large_image\" \/>\n<meta name=\"twitter:label1\" content=\"Arvioitu lukuaika\" \/>\n\t<meta name=\"twitter:data1\" content=\"2 minuuttia\" \/>\n<script type=\"application\/ld+json\" class=\"yoast-schema-graph\">{\"@context\":\"https:\/\/schema.org\",\"@graph\":[{\"@type\":\"WebPage\",\"@id\":\"https:\/\/rotary.fi\/d1420\/sv\/det-har-gor-vi\/nya-rotarianer\/\",\"url\":\"https:\/\/rotary.fi\/d1420\/sv\/det-har-gor-vi\/nya-rotarianer\/\",\"name\":\"Tips f\u00f6r att l\u00e4ra k\u00e4nna Rotary - Piiri 1420\",\"isPartOf\":{\"@id\":\"https:\/\/rotary.fi\/d1420\/#website\"},\"datePublished\":\"2025-01-06T10:07:54+00:00\",\"dateModified\":\"2025-03-25T08:49:30+00:00\",\"breadcrumb\":{\"@id\":\"https:\/\/rotary.fi\/d1420\/sv\/det-har-gor-vi\/nya-rotarianer\/#breadcrumb\"},\"inLanguage\":\"fi\",\"potentialAction\":[{\"@type\":\"ReadAction\",\"target\":[\"https:\/\/rotary.fi\/d1420\/sv\/det-har-gor-vi\/nya-rotarianer\/\"]}]},{\"@type\":\"BreadcrumbList\",\"@id\":\"https:\/\/rotary.fi\/d1420\/sv\/det-har-gor-vi\/nya-rotarianer\/#breadcrumb\",\"itemListElement\":[{\"@type\":\"ListItem\",\"position\":1,\"name\":\"Home\",\"item\":\"https:\/\/rotary.fi\/d1420\/\"},{\"@type\":\"ListItem\",\"position\":2,\"name\":\"Det h\u00e4r g\u00f6r vi\",\"item\":\"https:\/\/rotary.fi\/d1420\/sv\/det-har-gor-vi\/\"},{\"@type\":\"ListItem\",\"position\":3,\"name\":\"Tips f\u00f6r att l\u00e4ra k\u00e4nna Rotary\"}]},{\"@type\":\"WebSite\",\"@id\":\"https:\/\/rotary.fi\/d1420\/#website\",\"url\":\"https:\/\/rotary.fi\/d1420\/\",\"name\":\"Piiri 1420\",\"description\":\"Suomen Rotary\",\"potentialAction\":[{\"@type\":\"SearchAction\",\"target\":{\"@type\":\"EntryPoint\",\"urlTemplate\":\"https:\/\/rotary.fi\/d1420\/?s={search_term_string}\"},\"query-input\":{\"@type\":\"PropertyValueSpecification\",\"valueRequired\":true,\"valueName\":\"search_term_string\"}}],\"inLanguage\":\"fi\"}]}<\/script>\n<!-- \/ Yoast SEO plugin. -->","yoast_head_json":{"title":"Tips f\u00f6r att l\u00e4ra k\u00e4nna Rotary - Piiri 1420","robots":{"index":"index","follow":"follow","max-snippet":"max-snippet:-1","max-image-preview":"max-image-preview:large","max-video-preview":"max-video-preview:-1"},"canonical":"https:\/\/rotary.fi\/d1420\/sv\/det-har-gor-vi\/nya-rotarianer\/","og_locale":"fi_FI","og_type":"article","og_title":"Tips f\u00f6r att l\u00e4ra k\u00e4nna Rotary - Piiri 1420","og_description":"Tips f\u00f6r att l\u00e4ra k\u00e4nna RotaryUtbildning \u00e4r en viktig del av Rotarys verksamhet!\u00a0 F\u00f6rutom coaching kan en ny medlem som g\u00e5tt med i Rotary eller en redan erfaren rotarian bekanta sig med Rotarys kunskaper. F\u00f6r de som blivit rotarianer \u00e4r det bra f\u00f6r klubben att ge dem en mentor\/instrukt\u00f6r som v\u00e4gleder dem i Rotarys och [&hellip;]","og_url":"https:\/\/rotary.fi\/d1420\/sv\/det-har-gor-vi\/nya-rotarianer\/","og_site_name":"Piiri 1420","article_publisher":"https:\/\/www.facebook.com\/rotary\/","article_modified_time":"2025-03-25T08:49:30+00:00","twitter_card":"summary_large_image","twitter_misc":{"Arvioitu lukuaika":"2 minuuttia"},"schema":{"@context":"https:\/\/schema.org","@graph":[{"@type":"WebPage","@id":"https:\/\/rotary.fi\/d1420\/sv\/det-har-gor-vi\/nya-rotarianer\/","url":"https:\/\/rotary.fi\/d1420\/sv\/det-har-gor-vi\/nya-rotarianer\/","name":"Tips f\u00f6r att l\u00e4ra k\u00e4nna Rotary - Piiri 1420","isPartOf":{"@id":"https:\/\/rotary.fi\/d1420\/#website"},"datePublished":"2025-01-06T10:07:54+00:00","dateModified":"2025-03-25T08:49:30+00:00","breadcrumb":{"@id":"https:\/\/rotary.fi\/d1420\/sv\/det-har-gor-vi\/nya-rotarianer\/#breadcrumb"},"inLanguage":"fi","potentialAction":[{"@type":"ReadAction","target":["https:\/\/rotary.fi\/d1420\/sv\/det-har-gor-vi\/nya-rotarianer\/"]}]},{"@type":"BreadcrumbList","@id":"https:\/\/rotary.fi\/d1420\/sv\/det-har-gor-vi\/nya-rotarianer\/#breadcrumb","itemListElement":[{"@type":"ListItem","position":1,"name":"Home","item":"https:\/\/rotary.fi\/d1420\/"},{"@type":"ListItem","position":2,"name":"Det h\u00e4r g\u00f6r vi","item":"https:\/\/rotary.fi\/d1420\/sv\/det-har-gor-vi\/"},{"@type":"ListItem","position":3,"name":"Tips f\u00f6r att l\u00e4ra k\u00e4nna Rotary"}]},{"@type":"WebSite","@id":"https:\/\/rotary.fi\/d1420\/#website","url":"https:\/\/rotary.fi\/d1420\/","name":"Piiri 1420","description":"Suomen Rotary","potentialAction":[{"@type":"SearchAction","target":{"@type":"EntryPoint","urlTemplate":"https:\/\/rotary.fi\/d1420\/?s={search_term_string}"},"query-input":{"@type":"PropertyValueSpecification","valueRequired":true,"valueName":"search_term_string"}}],"inLanguage":"fi"}]}},"lang":"sv","translations":{"sv":10270,"fi":6243,"en":10279,"et":10286},"pll_sync_post":[],"_links":{"self":[{"href":"https:\/\/rotary.fi\/d1420\/wp-json\/wp\/v2\/pages\/10270","targetHints":{"allow":["GET"]}}],"collection":[{"href":"https:\/\/rotary.fi\/d1420\/wp-json\/wp\/v2\/pages"}],"about":[{"href":"https:\/\/rotary.fi\/d1420\/wp-json\/wp\/v2\/types\/page"}],"author":[{"embeddable":true,"href":"https:\/\/rotary.fi\/d1420\/wp-json\/wp\/v2\/users\/26"}],"replies":[{"embeddable":true,"href":"https:\/\/rotary.fi\/d1420\/wp-json\/wp\/v2\/comments?post=10270"}],"version-history":[{"count":11,"href":"https:\/\/rotary.fi\/d1420\/wp-json\/wp\/v2\/pages\/10270\/revisions"}],"predecessor-version":[{"id":10766,"href":"https:\/\/rotary.fi\/d1420\/wp-json\/wp\/v2\/pages\/10270\/revisions\/10766"}],"up":[{"embeddable":true,"href":"https:\/\/rotary.fi\/d1420\/wp-json\/wp\/v2\/pages\/10615"}],"wp:attachment":[{"href":"https:\/\/rotary.fi\/d1420\/wp-json\/wp\/v2\/media?parent=10270"}],"curies":[{"name":"wp","href":"https:\/\/api.w.org\/{rel}","templated":true}]}}