{"id":10251,"date":"2025-01-06T11:32:58","date_gmt":"2025-01-06T09:32:58","guid":{"rendered":"https:\/\/rotary.fi\/d1420\/?page_id=10251"},"modified":"2025-07-04T14:31:13","modified_gmt":"2025-07-04T12:31:13","slug":"prepels-ja-pels","status":"publish","type":"page","link":"https:\/\/rotary.fi\/d1420\/et\/mida-me-teeme\/prepels-ja-pels\/","title":{"rendered":"PrePELS ja PELS"},"content":{"rendered":"<p>[et_pb_section fb_built=&#8221;1&#8243; _builder_version=&#8221;4.16&#8243; global_colors_info=&#8221;{}&#8221;][et_pb_row _builder_version=&#8221;4.16&#8243; background_size=&#8221;initial&#8221; background_position=&#8221;top_left&#8221; background_repeat=&#8221;repeat&#8221; global_colors_info=&#8221;{}&#8221;][et_pb_column type=&#8221;4_4&#8243; _builder_version=&#8221;4.16&#8243; custom_padding=&#8221;|||&#8221; global_colors_info=&#8221;{}&#8221; custom_padding__hover=&#8221;|||&#8221;][et_pb_text admin_label=&#8221;Teksti &#8211; otsikko&#8221; _builder_version=&#8221;4.27.4&#8243; _module_preset=&#8221;default&#8221; hover_enabled=&#8221;0&#8243; global_colors_info=&#8221;{}&#8221; sticky_enabled=&#8221;0&#8243;]<\/p>\n<h1>PrePELS ja PELS<\/h1>\n<p>[\/et_pb_text][et_pb_text _builder_version=&#8221;4.27.4&#8243; background_size=&#8221;initial&#8221; background_position=&#8221;top_left&#8221; background_repeat=&#8221;repeat&#8221; hover_enabled=&#8221;0&#8243; global_colors_info=&#8221;{}&#8221; sticky_enabled=&#8221;0&#8243;]<\/p>\n<p><strong>Rotary PELS<\/strong> (President Elect Training Seminar) on koolitusprogramm tulevastele klubipresidentidele ja sekret\u00e4ridele. See on oluline osa Rotary koolitusprogrammist ning selle eesm\u00e4rk on valmistada valitud presidente ja sekret\u00e4re ette j\u00e4rgmiseks ametiajaks vastutustundlikult ja t\u00f5husalt oma rolli klubis t\u00e4itma. PELS-i koolitus on jagatud kaugsissejuhatavateks prePELS-\u00fcritusteks ja \u00fchiseks kogu p\u00e4eva kestvaks PELS-koolituseks, mis toimub isikliku koolitusena.<\/p>\n<p>PELS koolituse peamised teemad:<\/p>\n<ol>\n<li><strong>Juhtimise arendamine<\/strong>: Koolitus keskendub tulevaste presidentide juhtimisoskuste tugevdamisele, nagu visiooni loomine, meeskonna motivatsioon ja otsuste tegemine. Sekret\u00e4rid saavad teavet oma erinevate \u00fclesannete kohta presidendi abistamisel.<\/li>\n<li><strong>Rotary p\u00f5hiv\u00e4\u00e4rtused ja strateegiad<\/strong>: Osalejad \u00f5pivad p\u00f5hjalikumalt tundma Rotary v\u00e4\u00e4rtusi, eesm\u00e4rke ja rahvusvahelisi programme.<\/li>\n<li><strong>Club Planeerimine:<\/strong> Koolitus keskendub klubi administreerimisele, rahandusele, liikmete v\u00e4rbamisele, projekti planeerimisele ja kommunikatsioonile.<\/li>\n<li><strong>V\u00f5rgustike loomine ja kogemuste jagamine:<\/strong> PELS pakub osalejatele v\u00f5imalust suhelda nii teiste tulevaste presidentide kui ka kogenud rotariaanidega, h\u00f5lbustades koost\u00f6\u00f6d ja parandades tegevust.<\/li>\n<\/ol>\n<p>Koolitus sisaldab loenguid, t\u00f6\u00f6tubasid ja grupiarutelusid praktilistest olukordadest ja probleemidest. \u00dcritust juhivad kogenud rotariaanid, n\u00e4iteks ringkonnakubernerid ja teised juhid<\/p>\n<p>[\/et_pb_text][\/et_pb_column][\/et_pb_row][\/et_pb_section]<\/p>\n","protected":false},"excerpt":{"rendered":"<p>PrePELS ja PELSRotary PELS (President Elect Training Seminar) on koolitusprogramm tulevastele klubipresidentidele ja sekret\u00e4ridele. See on oluline osa Rotary koolitusprogrammist ning selle eesm\u00e4rk on valmistada valitud presidente ja sekret\u00e4re ette j\u00e4rgmiseks ametiajaks vastutustundlikult ja t\u00f5husalt oma rolli klubis t\u00e4itma. PELS-i koolitus on jagatud kaugsissejuhatavateks prePELS-\u00fcritusteks ja \u00fchiseks kogu p\u00e4eva kestvaks PELS-koolituseks, mis toimub isikliku koolitusena. [&hellip;]<\/p>\n","protected":false},"author":26,"featured_media":0,"parent":10658,"menu_order":0,"comment_status":"closed","ping_status":"closed","template":"","meta":{"_acf_changed":false,"_et_pb_use_builder":"on","_et_pb_old_content":"<p><strong>Rotary PETS (President-Elect Training Seminar)<\/strong> on koulutusohjelma, joka on suunnattu tuleville klubipresidenteille ja sihteereille. Se on t\u00e4rke\u00e4 osa Rotaryn koulutusohjelmaa ja sen tavoitteena on valmistaa valitut presidentit ja sihteerit hoitamaan vastuullisesti ja tehokkaasti rooliaan klubissa seuraavalla toimikaudella. PETS- koulutus jakautuu et\u00e4n\u00e4 pidett\u00e4viin johdatteleviin prePETS tilaisuuksiin ja yhteiseen, koko p\u00e4iv\u00e4n kest\u00e4v\u00e4\u00e4n PETS- koulutukseen, joka tapahtuu l\u00e4sn\u00e4koulutuksena.<\/p><p>PETS-koulutuksen p\u00e4\u00e4teemat:<\/p><ol><li><strong>Johtajuuden kehitt\u00e4minen:<\/strong> Koulutus keskittyy vahvistamaan tulevien presidenttien johtamistaitoja, kuten vision luomista, tiimin motivointia ja p\u00e4\u00e4t\u00f6ksentekoa. Sihteerit saavat tietoa monipuolisesta teht\u00e4v\u00e4st\u00e4\u00e4n presidentin apuna.<\/li><li><strong>Rotaryn perusarvot ja strategiat<\/strong>: Osallistujat oppivat syv\u00e4llisemmin Rotaryn arvoista, tavoitteista ja kansainv\u00e4lisist\u00e4 ohjelmista.<\/li><li><strong>Klubitoiminnan suunnittelu<\/strong>: Koulutuksessa perehdyt\u00e4\u00e4n klubin hallintoon, talouteen, j\u00e4senhankintaan, projektien suunnitteluun ja viestint\u00e4\u00e4n.<\/li><li><strong>Verkostoituminen ja kokemusten jakaminen<\/strong>: PETS tarjoaa osallistujille mahdollisuuden verkostoitua muiden tulevien presidenttien sek\u00e4 kokeneiden rotareiden kanssa, mik\u00e4 helpottaa yhteisty\u00f6t\u00e4 ja parantaa toimintaa.<\/li><\/ol><p>Koulutus sis\u00e4lt\u00e4\u00e4 luentoja, ty\u00f6pajoja ja ryhm\u00e4keskusteluja, joissa k\u00e4sitell\u00e4\u00e4n k\u00e4yt\u00e4nn\u00f6n tilanteita ja ongelmia. Tapahtumaa ohjaavat kokeneet rotaryt, kuten piirin kuvern\u00f6\u00f6rit ja muut johtohenkil\u00f6t.<\/p><p>\u00a0<\/p>","_et_gb_content_width":"","footnotes":""},"class_list":["post-10251","page","type-page","status-publish","hentry"],"acf":[],"yoast_head":"<!-- This site is optimized with the Yoast SEO plugin v27.4 - https:\/\/yoast.com\/product\/yoast-seo-wordpress\/ -->\n<title>PrePELS ja PELS - Piiri 1420<\/title>\n<meta name=\"robots\" content=\"index, follow, max-snippet:-1, max-image-preview:large, max-video-preview:-1\" \/>\n<link rel=\"canonical\" href=\"https:\/\/rotary.fi\/d1420\/et\/mida-me-teeme\/prepels-ja-pels\/\" \/>\n<meta property=\"og:locale\" content=\"fi_FI\" \/>\n<meta property=\"og:type\" content=\"article\" \/>\n<meta property=\"og:title\" content=\"PrePELS ja PELS - Piiri 1420\" \/>\n<meta property=\"og:description\" content=\"PrePELS ja PELSRotary PELS (President Elect Training Seminar) on koolitusprogramm tulevastele klubipresidentidele ja sekret\u00e4ridele. See on oluline osa Rotary koolitusprogrammist ning selle eesm\u00e4rk on valmistada valitud presidente ja sekret\u00e4re ette j\u00e4rgmiseks ametiajaks vastutustundlikult ja t\u00f5husalt oma rolli klubis t\u00e4itma. PELS-i koolitus on jagatud kaugsissejuhatavateks prePELS-\u00fcritusteks ja \u00fchiseks kogu p\u00e4eva kestvaks PELS-koolituseks, mis toimub isikliku koolitusena. [&hellip;]\" \/>\n<meta property=\"og:url\" content=\"https:\/\/rotary.fi\/d1420\/et\/mida-me-teeme\/prepels-ja-pels\/\" \/>\n<meta property=\"og:site_name\" content=\"Piiri 1420\" \/>\n<meta property=\"article:publisher\" content=\"https:\/\/www.facebook.com\/rotary\/\" \/>\n<meta property=\"article:modified_time\" content=\"2025-07-04T12:31:13+00:00\" \/>\n<meta name=\"twitter:card\" content=\"summary_large_image\" \/>\n<meta name=\"twitter:label1\" content=\"Arvioitu lukuaika\" \/>\n\t<meta name=\"twitter:data1\" content=\"1 minuutti\" \/>\n<script type=\"application\/ld+json\" class=\"yoast-schema-graph\">{\"@context\":\"https:\\\/\\\/schema.org\",\"@graph\":[{\"@type\":\"WebPage\",\"@id\":\"https:\\\/\\\/rotary.fi\\\/d1420\\\/et\\\/mida-me-teeme\\\/prepels-ja-pels\\\/\",\"url\":\"https:\\\/\\\/rotary.fi\\\/d1420\\\/et\\\/mida-me-teeme\\\/prepels-ja-pels\\\/\",\"name\":\"PrePELS ja PELS - Piiri 1420\",\"isPartOf\":{\"@id\":\"https:\\\/\\\/rotary.fi\\\/d1420\\\/#website\"},\"datePublished\":\"2025-01-06T09:32:58+00:00\",\"dateModified\":\"2025-07-04T12:31:13+00:00\",\"breadcrumb\":{\"@id\":\"https:\\\/\\\/rotary.fi\\\/d1420\\\/et\\\/mida-me-teeme\\\/prepels-ja-pels\\\/#breadcrumb\"},\"inLanguage\":\"fi\",\"potentialAction\":[{\"@type\":\"ReadAction\",\"target\":[\"https:\\\/\\\/rotary.fi\\\/d1420\\\/et\\\/mida-me-teeme\\\/prepels-ja-pels\\\/\"]}]},{\"@type\":\"BreadcrumbList\",\"@id\":\"https:\\\/\\\/rotary.fi\\\/d1420\\\/et\\\/mida-me-teeme\\\/prepels-ja-pels\\\/#breadcrumb\",\"itemListElement\":[{\"@type\":\"ListItem\",\"position\":1,\"name\":\"Home\",\"item\":\"https:\\\/\\\/rotary.fi\\\/d1420\\\/\"},{\"@type\":\"ListItem\",\"position\":2,\"name\":\"Mida me teeme\",\"item\":\"https:\\\/\\\/rotary.fi\\\/d1420\\\/et\\\/mida-me-teeme\\\/\"},{\"@type\":\"ListItem\",\"position\":3,\"name\":\"PrePELS ja PELS\"}]},{\"@type\":\"WebSite\",\"@id\":\"https:\\\/\\\/rotary.fi\\\/d1420\\\/#website\",\"url\":\"https:\\\/\\\/rotary.fi\\\/d1420\\\/\",\"name\":\"Piiri 1420\",\"description\":\"Suomen Rotary\",\"potentialAction\":[{\"@type\":\"SearchAction\",\"target\":{\"@type\":\"EntryPoint\",\"urlTemplate\":\"https:\\\/\\\/rotary.fi\\\/d1420\\\/?s={search_term_string}\"},\"query-input\":{\"@type\":\"PropertyValueSpecification\",\"valueRequired\":true,\"valueName\":\"search_term_string\"}}],\"inLanguage\":\"fi\"}]}<\/script>\n<!-- \/ Yoast SEO plugin. -->","yoast_head_json":{"title":"PrePELS ja PELS - Piiri 1420","robots":{"index":"index","follow":"follow","max-snippet":"max-snippet:-1","max-image-preview":"max-image-preview:large","max-video-preview":"max-video-preview:-1"},"canonical":"https:\/\/rotary.fi\/d1420\/et\/mida-me-teeme\/prepels-ja-pels\/","og_locale":"fi_FI","og_type":"article","og_title":"PrePELS ja PELS - Piiri 1420","og_description":"PrePELS ja PELSRotary PELS (President Elect Training Seminar) on koolitusprogramm tulevastele klubipresidentidele ja sekret\u00e4ridele. See on oluline osa Rotary koolitusprogrammist ning selle eesm\u00e4rk on valmistada valitud presidente ja sekret\u00e4re ette j\u00e4rgmiseks ametiajaks vastutustundlikult ja t\u00f5husalt oma rolli klubis t\u00e4itma. PELS-i koolitus on jagatud kaugsissejuhatavateks prePELS-\u00fcritusteks ja \u00fchiseks kogu p\u00e4eva kestvaks PELS-koolituseks, mis toimub isikliku koolitusena. [&hellip;]","og_url":"https:\/\/rotary.fi\/d1420\/et\/mida-me-teeme\/prepels-ja-pels\/","og_site_name":"Piiri 1420","article_publisher":"https:\/\/www.facebook.com\/rotary\/","article_modified_time":"2025-07-04T12:31:13+00:00","twitter_card":"summary_large_image","twitter_misc":{"Arvioitu lukuaika":"1 minuutti"},"schema":{"@context":"https:\/\/schema.org","@graph":[{"@type":"WebPage","@id":"https:\/\/rotary.fi\/d1420\/et\/mida-me-teeme\/prepels-ja-pels\/","url":"https:\/\/rotary.fi\/d1420\/et\/mida-me-teeme\/prepels-ja-pels\/","name":"PrePELS ja PELS - Piiri 1420","isPartOf":{"@id":"https:\/\/rotary.fi\/d1420\/#website"},"datePublished":"2025-01-06T09:32:58+00:00","dateModified":"2025-07-04T12:31:13+00:00","breadcrumb":{"@id":"https:\/\/rotary.fi\/d1420\/et\/mida-me-teeme\/prepels-ja-pels\/#breadcrumb"},"inLanguage":"fi","potentialAction":[{"@type":"ReadAction","target":["https:\/\/rotary.fi\/d1420\/et\/mida-me-teeme\/prepels-ja-pels\/"]}]},{"@type":"BreadcrumbList","@id":"https:\/\/rotary.fi\/d1420\/et\/mida-me-teeme\/prepels-ja-pels\/#breadcrumb","itemListElement":[{"@type":"ListItem","position":1,"name":"Home","item":"https:\/\/rotary.fi\/d1420\/"},{"@type":"ListItem","position":2,"name":"Mida me teeme","item":"https:\/\/rotary.fi\/d1420\/et\/mida-me-teeme\/"},{"@type":"ListItem","position":3,"name":"PrePELS ja PELS"}]},{"@type":"WebSite","@id":"https:\/\/rotary.fi\/d1420\/#website","url":"https:\/\/rotary.fi\/d1420\/","name":"Piiri 1420","description":"Suomen Rotary","potentialAction":[{"@type":"SearchAction","target":{"@type":"EntryPoint","urlTemplate":"https:\/\/rotary.fi\/d1420\/?s={search_term_string}"},"query-input":{"@type":"PropertyValueSpecification","valueRequired":true,"valueName":"search_term_string"}}],"inLanguage":"fi"}]}},"lang":"et","translations":{"et":10251,"sv":10238,"fi":6247,"en":10245},"pll_sync_post":[],"_links":{"self":[{"href":"https:\/\/rotary.fi\/d1420\/wp-json\/wp\/v2\/pages\/10251","targetHints":{"allow":["GET"]}}],"collection":[{"href":"https:\/\/rotary.fi\/d1420\/wp-json\/wp\/v2\/pages"}],"about":[{"href":"https:\/\/rotary.fi\/d1420\/wp-json\/wp\/v2\/types\/page"}],"author":[{"embeddable":true,"href":"https:\/\/rotary.fi\/d1420\/wp-json\/wp\/v2\/users\/26"}],"replies":[{"embeddable":true,"href":"https:\/\/rotary.fi\/d1420\/wp-json\/wp\/v2\/comments?post=10251"}],"version-history":[{"count":9,"href":"https:\/\/rotary.fi\/d1420\/wp-json\/wp\/v2\/pages\/10251\/revisions"}],"predecessor-version":[{"id":11284,"href":"https:\/\/rotary.fi\/d1420\/wp-json\/wp\/v2\/pages\/10251\/revisions\/11284"}],"up":[{"embeddable":true,"href":"https:\/\/rotary.fi\/d1420\/wp-json\/wp\/v2\/pages\/10658"}],"wp:attachment":[{"href":"https:\/\/rotary.fi\/d1420\/wp-json\/wp\/v2\/media?parent=10251"}],"curies":[{"name":"wp","href":"https:\/\/api.w.org\/{rel}","templated":true}]}}