{"id":10238,"date":"2025-01-06T11:22:08","date_gmt":"2025-01-06T09:22:08","guid":{"rendered":"https:\/\/rotary.fi\/d1420\/?page_id=10238"},"modified":"2025-07-04T14:24:51","modified_gmt":"2025-07-04T12:24:51","slug":"prepels-och-pels","status":"publish","type":"page","link":"https:\/\/rotary.fi\/d1420\/sv\/det-har-gor-vi\/prepels-och-pels\/","title":{"rendered":"PrePELS och PELS"},"content":{"rendered":"<p>[et_pb_section fb_built=&#8221;1&#8243; _builder_version=&#8221;4.16&#8243; global_colors_info=&#8221;{}&#8221;][et_pb_row _builder_version=&#8221;4.16&#8243; background_size=&#8221;initial&#8221; background_position=&#8221;top_left&#8221; background_repeat=&#8221;repeat&#8221; global_colors_info=&#8221;{}&#8221;][et_pb_column type=&#8221;4_4&#8243; _builder_version=&#8221;4.16&#8243; custom_padding=&#8221;|||&#8221; global_colors_info=&#8221;{}&#8221; custom_padding__hover=&#8221;|||&#8221;][et_pb_text admin_label=&#8221;Teksti &#8211; otsikko&#8221; _builder_version=&#8221;4.27.4&#8243; _module_preset=&#8221;default&#8221; hover_enabled=&#8221;0&#8243; global_colors_info=&#8221;{}&#8221; sticky_enabled=&#8221;0&#8243;]<\/p>\n<h1>PrePELS och PELS<\/h1>\n<p>[\/et_pb_text][et_pb_text _builder_version=&#8221;4.27.4&#8243; background_size=&#8221;initial&#8221; background_position=&#8221;top_left&#8221; background_repeat=&#8221;repeat&#8221; hover_enabled=&#8221;0&#8243; global_colors_info=&#8221;{}&#8221; sticky_enabled=&#8221;0&#8243;]<\/p>\n<p><strong>Rotary PELS<\/strong> (President-Elect Learning Seminar) \u00e4r ett utbildningsprogram f\u00f6r framtida klubbpresidenter och sekreterare. Det \u00e4r en viktig del av Rotarys utbildningsprogram och syftar till att f\u00f6rbereda valda presidenter och sekreterare f\u00f6r att ansvarsfullt och effektivt utf\u00f6ra sina roller i klubben under n\u00e4sta period. PELS-utbildningen \u00e4r uppdelad i inledande prePELS-evenemang p\u00e5 distans och en gemensam PELS-utbildning som p\u00e5g\u00e5r hela dagen och som \u00e4ger rum som en personlig utbildning.<\/p>\n<p>De viktigaste temana i PELS-utbildningen:<\/p>\n<ol>\n<li><strong>Ledarskapsutveckling<\/strong>: Utbildningen fokuserar p\u00e5 att st\u00e4rka framtida presidenters ledarskapsf\u00f6rm\u00e5ga, s\u00e5som visionsskapande, teammotivation och beslutsfattande. Sekreterarna f\u00e5r information om sina olika uppgifter som bitr\u00e4de rektor.<\/li>\n<li><strong>Rotarys grundl\u00e4ggande v\u00e4rderingar och strategier<\/strong>: Deltagarna kommer att l\u00e4ra sig mer om Rotarys v\u00e4rderingar, m\u00e5l och internationella program.<\/li>\n<li><strong>Club Planering<\/strong>: Utbildningen fokuserar p\u00e5 klubbadministration, ekonomi, medlemsrekrytering, projektplanering och kommunikation.<\/li>\n<li><strong>N\u00e4tverkande och utbyte av erfarenheter:<\/strong> PELS ger deltagarna m\u00f6jlighet att n\u00e4tverka med andra framtida presidenter och erfarna rotarianer, vilket underl\u00e4ttar samarbete och f\u00f6rb\u00e4ttrar verksamheten.<\/li>\n<\/ol>\n<p>Utbildningen inneh\u00e5ller f\u00f6rel\u00e4sningar, workshops och gruppdiskussioner om praktiska situationer och problem. Evenemanget leds av erfarna rotarianer, s\u00e5som distriktsguvern\u00f6rer och andra ledare.<\/p>\n<p>&nbsp;<\/p>\n<p>[\/et_pb_text][\/et_pb_column][\/et_pb_row][\/et_pb_section]<\/p>\n","protected":false},"excerpt":{"rendered":"<p>PrePELS och PELSRotary PELS (President-Elect Learning Seminar) \u00e4r ett utbildningsprogram f\u00f6r framtida klubbpresidenter och sekreterare. Det \u00e4r en viktig del av Rotarys utbildningsprogram och syftar till att f\u00f6rbereda valda presidenter och sekreterare f\u00f6r att ansvarsfullt och effektivt utf\u00f6ra sina roller i klubben under n\u00e4sta period. PELS-utbildningen \u00e4r uppdelad i inledande prePELS-evenemang p\u00e5 distans och en [&hellip;]<\/p>\n","protected":false},"author":26,"featured_media":0,"parent":10615,"menu_order":0,"comment_status":"closed","ping_status":"closed","template":"","meta":{"_acf_changed":false,"_et_pb_use_builder":"on","_et_pb_old_content":"<p><strong>Rotary PETS (President-Elect Training Seminar)<\/strong> on koulutusohjelma, joka on suunnattu tuleville klubipresidenteille ja sihteereille. Se on t\u00e4rke\u00e4 osa Rotaryn koulutusohjelmaa ja sen tavoitteena on valmistaa valitut presidentit ja sihteerit hoitamaan vastuullisesti ja tehokkaasti rooliaan klubissa seuraavalla toimikaudella. PETS- koulutus jakautuu et\u00e4n\u00e4 pidett\u00e4viin johdatteleviin prePETS tilaisuuksiin ja yhteiseen, koko p\u00e4iv\u00e4n kest\u00e4v\u00e4\u00e4n PETS- koulutukseen, joka tapahtuu l\u00e4sn\u00e4koulutuksena.<\/p><p>PETS-koulutuksen p\u00e4\u00e4teemat:<\/p><ol><li><strong>Johtajuuden kehitt\u00e4minen:<\/strong> Koulutus keskittyy vahvistamaan tulevien presidenttien johtamistaitoja, kuten vision luomista, tiimin motivointia ja p\u00e4\u00e4t\u00f6ksentekoa. Sihteerit saavat tietoa monipuolisesta teht\u00e4v\u00e4st\u00e4\u00e4n presidentin apuna.<\/li><li><strong>Rotaryn perusarvot ja strategiat<\/strong>: Osallistujat oppivat syv\u00e4llisemmin Rotaryn arvoista, tavoitteista ja kansainv\u00e4lisist\u00e4 ohjelmista.<\/li><li><strong>Klubitoiminnan suunnittelu<\/strong>: Koulutuksessa perehdyt\u00e4\u00e4n klubin hallintoon, talouteen, j\u00e4senhankintaan, projektien suunnitteluun ja viestint\u00e4\u00e4n.<\/li><li><strong>Verkostoituminen ja kokemusten jakaminen<\/strong>: PETS tarjoaa osallistujille mahdollisuuden verkostoitua muiden tulevien presidenttien sek\u00e4 kokeneiden rotareiden kanssa, mik\u00e4 helpottaa yhteisty\u00f6t\u00e4 ja parantaa toimintaa.<\/li><\/ol><p>Koulutus sis\u00e4lt\u00e4\u00e4 luentoja, ty\u00f6pajoja ja ryhm\u00e4keskusteluja, joissa k\u00e4sitell\u00e4\u00e4n k\u00e4yt\u00e4nn\u00f6n tilanteita ja ongelmia. Tapahtumaa ohjaavat kokeneet rotaryt, kuten piirin kuvern\u00f6\u00f6rit ja muut johtohenkil\u00f6t.<\/p><p>\u00a0<\/p>","_et_gb_content_width":"","footnotes":""},"class_list":["post-10238","page","type-page","status-publish","hentry"],"acf":[],"yoast_head":"<!-- This site is optimized with the Yoast SEO plugin v27.4 - https:\/\/yoast.com\/product\/yoast-seo-wordpress\/ -->\n<title>PrePELS och PELS - Piiri 1420<\/title>\n<meta name=\"robots\" content=\"index, follow, max-snippet:-1, max-image-preview:large, max-video-preview:-1\" \/>\n<link rel=\"canonical\" href=\"https:\/\/rotary.fi\/d1420\/sv\/det-har-gor-vi\/prepels-och-pels\/\" \/>\n<meta property=\"og:locale\" content=\"fi_FI\" \/>\n<meta property=\"og:type\" content=\"article\" \/>\n<meta property=\"og:title\" content=\"PrePELS och PELS - Piiri 1420\" \/>\n<meta property=\"og:description\" content=\"PrePELS och PELSRotary PELS (President-Elect Learning Seminar) \u00e4r ett utbildningsprogram f\u00f6r framtida klubbpresidenter och sekreterare. Det \u00e4r en viktig del av Rotarys utbildningsprogram och syftar till att f\u00f6rbereda valda presidenter och sekreterare f\u00f6r att ansvarsfullt och effektivt utf\u00f6ra sina roller i klubben under n\u00e4sta period. PELS-utbildningen \u00e4r uppdelad i inledande prePELS-evenemang p\u00e5 distans och en [&hellip;]\" \/>\n<meta property=\"og:url\" content=\"https:\/\/rotary.fi\/d1420\/sv\/det-har-gor-vi\/prepels-och-pels\/\" \/>\n<meta property=\"og:site_name\" content=\"Piiri 1420\" \/>\n<meta property=\"article:publisher\" content=\"https:\/\/www.facebook.com\/rotary\/\" \/>\n<meta property=\"article:modified_time\" content=\"2025-07-04T12:24:51+00:00\" \/>\n<meta name=\"twitter:card\" content=\"summary_large_image\" \/>\n<meta name=\"twitter:label1\" content=\"Arvioitu lukuaika\" \/>\n\t<meta name=\"twitter:data1\" content=\"2 minuuttia\" \/>\n<script type=\"application\/ld+json\" class=\"yoast-schema-graph\">{\"@context\":\"https:\\\/\\\/schema.org\",\"@graph\":[{\"@type\":\"WebPage\",\"@id\":\"https:\\\/\\\/rotary.fi\\\/d1420\\\/sv\\\/det-har-gor-vi\\\/prepels-och-pels\\\/\",\"url\":\"https:\\\/\\\/rotary.fi\\\/d1420\\\/sv\\\/det-har-gor-vi\\\/prepels-och-pels\\\/\",\"name\":\"PrePELS och PELS - Piiri 1420\",\"isPartOf\":{\"@id\":\"https:\\\/\\\/rotary.fi\\\/d1420\\\/#website\"},\"datePublished\":\"2025-01-06T09:22:08+00:00\",\"dateModified\":\"2025-07-04T12:24:51+00:00\",\"breadcrumb\":{\"@id\":\"https:\\\/\\\/rotary.fi\\\/d1420\\\/sv\\\/det-har-gor-vi\\\/prepels-och-pels\\\/#breadcrumb\"},\"inLanguage\":\"fi\",\"potentialAction\":[{\"@type\":\"ReadAction\",\"target\":[\"https:\\\/\\\/rotary.fi\\\/d1420\\\/sv\\\/det-har-gor-vi\\\/prepels-och-pels\\\/\"]}]},{\"@type\":\"BreadcrumbList\",\"@id\":\"https:\\\/\\\/rotary.fi\\\/d1420\\\/sv\\\/det-har-gor-vi\\\/prepels-och-pels\\\/#breadcrumb\",\"itemListElement\":[{\"@type\":\"ListItem\",\"position\":1,\"name\":\"Home\",\"item\":\"https:\\\/\\\/rotary.fi\\\/d1420\\\/\"},{\"@type\":\"ListItem\",\"position\":2,\"name\":\"Det h\u00e4r g\u00f6r vi\",\"item\":\"https:\\\/\\\/rotary.fi\\\/d1420\\\/sv\\\/det-har-gor-vi\\\/\"},{\"@type\":\"ListItem\",\"position\":3,\"name\":\"PrePELS och PELS\"}]},{\"@type\":\"WebSite\",\"@id\":\"https:\\\/\\\/rotary.fi\\\/d1420\\\/#website\",\"url\":\"https:\\\/\\\/rotary.fi\\\/d1420\\\/\",\"name\":\"Piiri 1420\",\"description\":\"Suomen Rotary\",\"potentialAction\":[{\"@type\":\"SearchAction\",\"target\":{\"@type\":\"EntryPoint\",\"urlTemplate\":\"https:\\\/\\\/rotary.fi\\\/d1420\\\/?s={search_term_string}\"},\"query-input\":{\"@type\":\"PropertyValueSpecification\",\"valueRequired\":true,\"valueName\":\"search_term_string\"}}],\"inLanguage\":\"fi\"}]}<\/script>\n<!-- \/ Yoast SEO plugin. -->","yoast_head_json":{"title":"PrePELS och PELS - Piiri 1420","robots":{"index":"index","follow":"follow","max-snippet":"max-snippet:-1","max-image-preview":"max-image-preview:large","max-video-preview":"max-video-preview:-1"},"canonical":"https:\/\/rotary.fi\/d1420\/sv\/det-har-gor-vi\/prepels-och-pels\/","og_locale":"fi_FI","og_type":"article","og_title":"PrePELS och PELS - Piiri 1420","og_description":"PrePELS och PELSRotary PELS (President-Elect Learning Seminar) \u00e4r ett utbildningsprogram f\u00f6r framtida klubbpresidenter och sekreterare. Det \u00e4r en viktig del av Rotarys utbildningsprogram och syftar till att f\u00f6rbereda valda presidenter och sekreterare f\u00f6r att ansvarsfullt och effektivt utf\u00f6ra sina roller i klubben under n\u00e4sta period. PELS-utbildningen \u00e4r uppdelad i inledande prePELS-evenemang p\u00e5 distans och en [&hellip;]","og_url":"https:\/\/rotary.fi\/d1420\/sv\/det-har-gor-vi\/prepels-och-pels\/","og_site_name":"Piiri 1420","article_publisher":"https:\/\/www.facebook.com\/rotary\/","article_modified_time":"2025-07-04T12:24:51+00:00","twitter_card":"summary_large_image","twitter_misc":{"Arvioitu lukuaika":"2 minuuttia"},"schema":{"@context":"https:\/\/schema.org","@graph":[{"@type":"WebPage","@id":"https:\/\/rotary.fi\/d1420\/sv\/det-har-gor-vi\/prepels-och-pels\/","url":"https:\/\/rotary.fi\/d1420\/sv\/det-har-gor-vi\/prepels-och-pels\/","name":"PrePELS och PELS - Piiri 1420","isPartOf":{"@id":"https:\/\/rotary.fi\/d1420\/#website"},"datePublished":"2025-01-06T09:22:08+00:00","dateModified":"2025-07-04T12:24:51+00:00","breadcrumb":{"@id":"https:\/\/rotary.fi\/d1420\/sv\/det-har-gor-vi\/prepels-och-pels\/#breadcrumb"},"inLanguage":"fi","potentialAction":[{"@type":"ReadAction","target":["https:\/\/rotary.fi\/d1420\/sv\/det-har-gor-vi\/prepels-och-pels\/"]}]},{"@type":"BreadcrumbList","@id":"https:\/\/rotary.fi\/d1420\/sv\/det-har-gor-vi\/prepels-och-pels\/#breadcrumb","itemListElement":[{"@type":"ListItem","position":1,"name":"Home","item":"https:\/\/rotary.fi\/d1420\/"},{"@type":"ListItem","position":2,"name":"Det h\u00e4r g\u00f6r vi","item":"https:\/\/rotary.fi\/d1420\/sv\/det-har-gor-vi\/"},{"@type":"ListItem","position":3,"name":"PrePELS och PELS"}]},{"@type":"WebSite","@id":"https:\/\/rotary.fi\/d1420\/#website","url":"https:\/\/rotary.fi\/d1420\/","name":"Piiri 1420","description":"Suomen Rotary","potentialAction":[{"@type":"SearchAction","target":{"@type":"EntryPoint","urlTemplate":"https:\/\/rotary.fi\/d1420\/?s={search_term_string}"},"query-input":{"@type":"PropertyValueSpecification","valueRequired":true,"valueName":"search_term_string"}}],"inLanguage":"fi"}]}},"lang":"sv","translations":{"sv":10238,"fi":6247,"en":10245,"et":10251},"pll_sync_post":[],"_links":{"self":[{"href":"https:\/\/rotary.fi\/d1420\/wp-json\/wp\/v2\/pages\/10238","targetHints":{"allow":["GET"]}}],"collection":[{"href":"https:\/\/rotary.fi\/d1420\/wp-json\/wp\/v2\/pages"}],"about":[{"href":"https:\/\/rotary.fi\/d1420\/wp-json\/wp\/v2\/types\/page"}],"author":[{"embeddable":true,"href":"https:\/\/rotary.fi\/d1420\/wp-json\/wp\/v2\/users\/26"}],"replies":[{"embeddable":true,"href":"https:\/\/rotary.fi\/d1420\/wp-json\/wp\/v2\/comments?post=10238"}],"version-history":[{"count":9,"href":"https:\/\/rotary.fi\/d1420\/wp-json\/wp\/v2\/pages\/10238\/revisions"}],"predecessor-version":[{"id":11276,"href":"https:\/\/rotary.fi\/d1420\/wp-json\/wp\/v2\/pages\/10238\/revisions\/11276"}],"up":[{"embeddable":true,"href":"https:\/\/rotary.fi\/d1420\/wp-json\/wp\/v2\/pages\/10615"}],"wp:attachment":[{"href":"https:\/\/rotary.fi\/d1420\/wp-json\/wp\/v2\/media?parent=10238"}],"curies":[{"name":"wp","href":"https:\/\/api.w.org\/{rel}","templated":true}]}}