{"id":10228,"date":"2025-01-01T16:02:24","date_gmt":"2025-01-01T14:02:24","guid":{"rendered":"https:\/\/rotary.fi\/d1420\/?page_id=10228"},"modified":"2025-08-31T11:04:44","modified_gmt":"2025-08-31T09:04:44","slug":"pohjalik-rotatsioonkoolitus","status":"publish","type":"page","link":"https:\/\/rotary.fi\/d1420\/et\/mida-me-teeme\/pohjalik-rotatsioonkoolitus\/","title":{"rendered":"P\u00f5hjalik rotatsioonkoolitus"},"content":{"rendered":"<p>[et_pb_section fb_built=&#8221;1&#8243; _builder_version=&#8221;4.27.4&#8243; hover_enabled=&#8221;0&#8243; global_colors_info=&#8221;{}&#8221; background_color=&#8221;#ffffff&#8221; sticky_enabled=&#8221;0&#8243;][et_pb_row _builder_version=&#8221;4.25.2&#8243; background_size=&#8221;initial&#8221; background_position=&#8221;top_left&#8221; background_repeat=&#8221;repeat&#8221; global_colors_info=&#8221;{}&#8221;][et_pb_column type=&#8221;4_4&#8243; _builder_version=&#8221;4.16&#8243; custom_padding=&#8221;|||&#8221; global_colors_info=&#8221;{}&#8221; custom_padding__hover=&#8221;|||&#8221;][et_pb_heading title=&#8221;P\u00f5hjalik rotatsioonkoolitus&#8221; admin_label=&#8221;Otsikko &#8211; Syvent\u00e4v\u00e4 rotaryvalmennus&#8221; _builder_version=&#8221;4.27.0&#8243; _module_preset=&#8221;default&#8221; background_enable_image=&#8221;off&#8221; global_colors_info=&#8221;{}&#8221;][\/et_pb_heading][et_pb_text _builder_version=&#8221;4.27.0&#8243; background_size=&#8221;initial&#8221; background_position=&#8221;top_left&#8221; background_repeat=&#8221;repeat&#8221; global_colors_info=&#8221;{}&#8221;]<\/p>\n<p>Klubitegevust juhtival rotarlasel on oluline teada Rotary v\u00f5imalustest, hetkeseisust ja tegemistest maailmas ning tal peaks olema visioon, milline Rotary tulevikus olla v\u00f5ib. RLI ehk <strong>Deep Rotary Coaching<\/strong> pakub kolmep\u00e4evast baaskursust nii Rotary teadmiste kui eelk\u00f5ige vabatahtlike organisatsioonide juhtimisoskuste kohta.<\/p>\n<p>[\/et_pb_text][\/et_pb_column][\/et_pb_row][et_pb_row column_structure=&#8221;3_4,1_4&#8243; _builder_version=&#8221;4.27.0&#8243; _module_preset=&#8221;default&#8221; global_colors_info=&#8221;{}&#8221;][et_pb_column type=&#8221;3_4&#8243; _builder_version=&#8221;4.27.0&#8243; _module_preset=&#8221;default&#8221; global_colors_info=&#8221;{}&#8221;][et_pb_text admin_label=&#8221;Teksti &#8211; RLI&#8221; _builder_version=&#8221;4.27.0&#8243; background_size=&#8221;initial&#8221; background_position=&#8221;top_left&#8221; background_repeat=&#8221;repeat&#8221; global_colors_info=&#8221;{}&#8221;]<\/p>\n<h4>RLI t\u00f6\u00f6mudel<\/h4>\n<p>Meie ringkonnas korraldatakse Rotary Leadership Institute (RLI) mudeli j\u00e4rgi rotary s\u00fcvakoolitust. RLI on Rotary ringkondade rohujuuretasandi \u00fchendus, mis asutati potentsiaalsete Rotary klubijuhtide juhtide arendamise programmi elluviimiseks. RLI asutati 1992. aastal ja sellel on \u00fclemaailmne organisatsioon, millel on peat\u00fckid k\u00f5igil kontinentidel.<\/p>\n<p><strong>K\u00f5ik klubid v\u00f5ivad saata oma liikmeid koolitusele ja iga rotarlane v\u00f5ib omal algatusel osaleda mis tahes kursusel.<\/strong><\/p>\n<p>Esmane eesm\u00e4rk on tekitada Rotary entusiasmi, avades Rotary maailma osalejatele v\u00e4ljaspool oma klubi ja n\u00e4idates neile, kui palju v\u00f5imalusi Rotary teenistusel on ja see v\u00f5ib maailma heaks teha. Samal ajal saavad osalejad v\u00f5imaluse arendada oma juhtimisoskusi.<\/p>\n<p>[\/et_pb_text][\/et_pb_column][et_pb_column type=&#8221;1_4&#8243; _builder_version=&#8221;4.27.0&#8243; _module_preset=&#8221;default&#8221; global_colors_info=&#8221;{}&#8221;][et_pb_image src=&#8221;https:\/\/rotary.fi\/d1420\/wp-content\/uploads\/sites\/183\/2022\/01\/1625-rotary-leadership-institute-logo.jpg&#8221; title_text=&#8221;1.6.25 ROTARY LEADERSHIP INSTITUTE LOGO&#8221; _builder_version=&#8221;4.27.0&#8243; _module_preset=&#8221;default&#8221; global_colors_info=&#8221;{}&#8221;][\/et_pb_image][\/et_pb_column][\/et_pb_row][et_pb_row _builder_version=&#8221;4.27.0&#8243; _module_preset=&#8221;default&#8221; global_colors_info=&#8221;{}&#8221;][et_pb_column type=&#8221;4_4&#8243; _builder_version=&#8221;4.27.0&#8243; _module_preset=&#8221;default&#8221; global_colors_info=&#8221;{}&#8221;][et_pb_text admin_label=&#8221;Teksti &#8211; Koulutuksen sis\u00e4lt\u00f6&#8221; _builder_version=&#8221;4.27.0&#8243; background_size=&#8221;initial&#8221; background_position=&#8221;top_left&#8221; background_repeat=&#8221;repeat&#8221; global_colors_info=&#8221;{}&#8221;]<\/p>\n<h4>Koolituse sisu<\/h4>\n<p>Koolitus koosneb kolmest osast, mis pakuvad osalejatele v\u00f5imalust s\u00fcvendada oma teadmisi Rotaryst erinevatest vaatenurkadest. Koolitust korraldavad ringkonna koolituskomisjoni liikmed ja see j\u00e4rgib Rotary Leadership Institute (RLI) haridusp\u00f5him\u00f5tteid.<\/p>\n<ul>\n<li>osa: <strong>Mina kui rotarlane.<\/strong> See osa r\u00e4\u00e4gib Rotary juhtimisest, Rotary maailmast, eetikast ja professionaalsest teenindusest. Rotary Fondi rubriigis \u00f5pime liikmete kaasamisest ja teenusprojektide loomisest.<\/li>\n<li>osa: <strong>Minu Rotary klubi.<\/strong> Selles jaotises saate teada Rotary pakutavatest v\u00f5imalustest, t\u00f5husatest juhtimisstrateegiatest ja meeskonna loomisest. Lisaks kaalutakse v\u00f5imalusi uute liikmete hankimiseks ja klubi suhtlust. Sihtasutuse jaotises saate tutvuda suunatud teenusega.<\/li>\n<li>osa: <strong>Minu laienev Rotary maailm<\/strong>. See osa k\u00e4sitleb strateegilist planeerimist, Rotary avalikku mainet ja suhtekorraldust ning seda, kuidas me ehitame tugevama klubi ja muudame maailma. Sihtasutuse rubriigis tutvume rahvusvahelise teenusega.<\/li>\n<\/ul>\n<p>Koolitust saab l\u00e4bi viia ka osade kaupa, et kui individuaalne aeg ei sobi, saab selle fikseerida j\u00e4rgmistel aastatel v\u00f5i naaberlinnaosa korraldatud koolitusel.<\/p>\n<p>[\/et_pb_text][et_pb_text _builder_version=&#8221;4.27.4&#8243; _module_preset=&#8221;default&#8221; global_colors_info=&#8221;{}&#8221;]<\/p>\n<h3>J\u00e4rgmine koolitus<\/h3>\n<p>S\u00fcvendatud Rotary koolitus, RLI, toimub s\u00fcgisel kolmel laup\u00e4eval: 18.10, 8.11 ja 22.11 Vantaa Skyline Airport Hotellis. Toidukulud on 35 \u20ac \u00fcrituse kohta.<\/p>\n<p>31.10. EE RLI training in Tartu<br \/>14.11. EE RLI Training in Tartu<br \/>21.11. EE RLI Training in Tartu<\/p>\n<p>Koolitus sobib nii uutele kui ka kogenud rotariaanidele. Eriti need, kes on vastutuspositsioonidel, on saanud palju ideid oma tegevuse arendamiseks. Lisaks innustavad kohtumised looma v\u00f5rgustikke ja tegema koost\u00f6\u00f6d klubide vahel. Pange t\u00e4hele, et k\u00f5igil kolmel p\u00e4eval ei pea j\u00e4rjest osalema \u2013 osa v\u00f5ib l\u00e4bida kevadel v\u00f5i j\u00e4rgmisel hooajal.<\/p>\n<p>Koolituse sisu on lai ja mitmekesine ning l\u00e4biviimine interaktiivne. Julgustame k\u00f5iki klubisid saatma oma liikmeid osalema.<\/p>\n<p>&nbsp;<\/p>\n<p>[\/et_pb_text][et_pb_button button_url=&#8221;https:\/\/forms.gle\/w4DFLbZqkXp8Kn4m9&#8243; button_text=&#8221;Registreeru koolitusele&#8221; _builder_version=&#8221;4.27.4&#8243; _module_preset=&#8221;default&#8221; global_colors_info=&#8221;{}&#8221;][\/et_pb_button][\/et_pb_column][\/et_pb_row][\/et_pb_section]<\/p>\n","protected":false},"excerpt":{"rendered":"<p>Klubitegevust juhtival rotarlasel on oluline teada Rotary v\u00f5imalustest, hetkeseisust ja tegemistest maailmas ning tal peaks olema visioon, milline Rotary tulevikus olla v\u00f5ib. RLI ehk Deep Rotary Coaching pakub kolmep\u00e4evast baaskursust nii Rotary teadmiste kui eelk\u00f5ige vabatahtlike organisatsioonide juhtimisoskuste kohta.RLI t\u00f6\u00f6mudel Meie ringkonnas korraldatakse Rotary Leadership Institute (RLI) mudeli j\u00e4rgi rotary s\u00fcvakoolitust. RLI on Rotary ringkondade [&hellip;]<\/p>\n","protected":false},"author":26,"featured_media":0,"parent":10658,"menu_order":0,"comment_status":"closed","ping_status":"closed","template":"","meta":{"_acf_changed":false,"_et_pb_use_builder":"on","_et_pb_old_content":"<p><span style=\"font-weight: 400;\">Klubitoimintaa johtavan rotarin on t\u00e4rke\u00e4\u00e4 tiet\u00e4\u00e4 Rotaryn mahdollisuuksista, sen nykytilasta ja toiminnasta maailmassa ja h\u00e4nell\u00e4 tulee olla visio siit\u00e4, mit\u00e4 Rotary voi olla tulevaisuudessa. RLI eli\u00a0<\/span><b>Syvent\u00e4v\u00e4 Rotaryvalmennus\u00a0<\/b><span style=\"font-weight: 400;\">tarjoaa kolmen p\u00e4iv\u00e4n peruskurssin sek\u00e4 Rotary-tiet\u00e4mykseen ett\u00e4 erityisesti vapaaehtoisj\u00e4rjest\u00f6jen johtamistaitoihin.<\/span><\/p><p><span style=\"font-weight: 400;\">Piiriss\u00e4mme j\u00e4rjestet\u00e4\u00e4n syvent\u00e4v\u00e4\u00e4 rotaryvalmennusta\u00a0<\/span><a href=\"https:\/\/www.rotaryleadershipinstitute.org\/\"><b>Rotary Leadership Institute<\/b><\/a><span style=\"font-weight: 400;\">\u00a0(RLI) mallin mukaan. RLI on rotarypiirien<img class=\"wp-image-6347 alignright\" src=\"https:\/\/rotary.fi\/d1420\/wp-content\/uploads\/sites\/183\/2022\/01\/1625-rotary-leadership-institute-logo-300x300.jpg\" alt=\"\" width=\"201\" height=\"209\" \/> ruohonjuuritason yhteenliittym\u00e4, joka on perustettu toteuttamaan johtamisen kehitt\u00e4misohjelmaa potentiaalisille rotaryklubien johtajille. RLI perustettiin vuonna 1992 ja sill\u00e4 on maailmanlaajuinen organisaatio osastoineen kaikilla mantereilla.<\/span><\/p><p><strong>Kaikki klubit voivat l\u00e4hett\u00e4\u00e4 j\u00e4seni\u00e4\u00e4n valmennukseen ja kuka tahansa rotari voi osallistua mihin tahansa kurssiin omasta aloitteestaan.\u00a0<\/strong><\/p><p><span style=\"font-weight: 400;\">Ensisijaisena tavoitteena on luoda innostusta Rotarya kohtaan avaamalla osallistujille Rotaryn maailmaa oman klubin ulkopuolella ja osoittamalla heille kuinka paljon mahdollisuuksia Rotaryn palvelulla on ja voidaan tehd\u00e4 hyv\u00e4\u00e4 maailmalle. Samalla osallistujat saavat mahdollisuuden kehitt\u00e4\u00e4 johtamistaitojaan.<\/span><\/p><p><span style=\"font-weight: 400;\">Koulutus koostuu kolmesta osasta, jotka tarjoavat osallistujille mahdollisuuden syvent\u00e4\u00e4 tiet\u00e4myst\u00e4\u00e4n Rotarysta eri n\u00e4k\u00f6kulmista. Koulutuksen j\u00e4rjest\u00e4v\u00e4t piirin koulutuskomitean j\u00e4senet, ja se noudattaa Rotary Leadership Instituten (RLI) opetuksellisia periaatteita.\u00a0<\/span><\/p><ul><li><b>Osa 1: Min\u00e4 rotarina<\/b><span style=\"font-weight: 400;\"><span style=\"font-weight: 400;\">. T\u00e4ss\u00e4 osassa puhutaan johtajuudesta Rotaryssa, Rotarymaailmasta, etiikasta ja ammattipalvelusta. Rotary-s\u00e4\u00e4ti\u00f6n osuudessa perehdyt\u00e4\u00e4n j\u00e4senten sitouttamiseen sek\u00e4 palveluprojektien luomiseen.<\/span><\/span><\/li><li><b>Osa 2: Oma rotaryklubini<\/b><span style=\"font-weight: 400;\">. T\u00e4ss\u00e4 osassa tutustutaan Rotaryn tarjoamiin mahdollisuuksiin, tehokkaisiin johtamisstrategioihin ja tiimin rakentamiseen. Lis\u00e4ksi pohditaan keinoja uusien j\u00e4senten hankintaan sek\u00e4 klubin viestint\u00e4\u00e4n.\u00a0 S\u00e4\u00e4ti\u00f6-osuudessa tutustutaan kohdennettuun palveluun.<br \/><\/span><\/li><li><b>Osa 3: Laajeneva rotarymaailmani<\/b>. T\u00e4m\u00e4 osa syventyy strategiseen suunnitteluun, Rotaryn julkisuuskuvaan ja suhdetoimintaan ja siihen, kuinka rakennamme vahvemman klubin ja muutamme maailmaa. S\u00e4\u00e4ti\u00f6-osuudessa tutustumme kansainv\u00e4liseen palveluun.<\/li><\/ul><p><span style=\"font-weight: 400;\">Valmennuksen voi my\u00f6s suorittaa osissa siten ett\u00e4, jos joku yksitt\u00e4inen ajankohta ei sovi niin, sen voi paikata seuraavina vuosina tai naapuripiirin j\u00e4rjest\u00e4m\u00e4ss\u00e4 valmennuksessa.<\/span><\/p><p>\u00a0<\/p>","_et_gb_content_width":"","footnotes":""},"class_list":["post-10228","page","type-page","status-publish","hentry"],"acf":[],"yoast_head":"<!-- This site is optimized with the Yoast SEO plugin v27.4 - https:\/\/yoast.com\/product\/yoast-seo-wordpress\/ -->\n<title>P\u00f5hjalik rotatsioonkoolitus - Piiri 1420<\/title>\n<meta name=\"description\" content=\"Piiriss\u00e4mme j\u00e4rjestet\u00e4\u00e4n syvent\u00e4v\u00e4\u00e4 rotaryvalmennusta\u00a0Rotary Leadership Institute\u00a0(RLI) mallin mukaan. RLI on rotarypiirien ruohonjuuritason yhteenliittym\u00e4, joka on perustettu toteuttamaan johtamisen kehitt\u00e4misohjelmaa potentiaalisille rotaryklubien johtajille.\" \/>\n<meta name=\"robots\" content=\"index, follow, max-snippet:-1, max-image-preview:large, max-video-preview:-1\" \/>\n<link rel=\"canonical\" href=\"https:\/\/rotary.fi\/d1420\/et\/mida-me-teeme\/pohjalik-rotatsioonkoolitus\/\" \/>\n<meta property=\"og:locale\" content=\"fi_FI\" \/>\n<meta property=\"og:type\" content=\"article\" \/>\n<meta property=\"og:title\" content=\"P\u00f5hjalik rotatsioonkoolitus - Piiri 1420\" \/>\n<meta property=\"og:description\" content=\"Piiriss\u00e4mme j\u00e4rjestet\u00e4\u00e4n syvent\u00e4v\u00e4\u00e4 rotaryvalmennusta\u00a0Rotary Leadership Institute\u00a0(RLI) mallin mukaan. RLI on rotarypiirien ruohonjuuritason yhteenliittym\u00e4, joka on perustettu toteuttamaan johtamisen kehitt\u00e4misohjelmaa potentiaalisille rotaryklubien johtajille.\" \/>\n<meta property=\"og:url\" content=\"https:\/\/rotary.fi\/d1420\/et\/mida-me-teeme\/pohjalik-rotatsioonkoolitus\/\" \/>\n<meta property=\"og:site_name\" content=\"Piiri 1420\" \/>\n<meta property=\"article:publisher\" content=\"https:\/\/www.facebook.com\/rotary\/\" \/>\n<meta property=\"article:modified_time\" content=\"2025-08-31T09:04:44+00:00\" \/>\n<meta name=\"twitter:card\" content=\"summary_large_image\" \/>\n<meta name=\"twitter:label1\" content=\"Arvioitu lukuaika\" \/>\n\t<meta name=\"twitter:data1\" content=\"3 minuuttia\" \/>\n<script type=\"application\/ld+json\" class=\"yoast-schema-graph\">{\"@context\":\"https:\\\/\\\/schema.org\",\"@graph\":[{\"@type\":\"WebPage\",\"@id\":\"https:\\\/\\\/rotary.fi\\\/d1420\\\/et\\\/mida-me-teeme\\\/pohjalik-rotatsioonkoolitus\\\/\",\"url\":\"https:\\\/\\\/rotary.fi\\\/d1420\\\/et\\\/mida-me-teeme\\\/pohjalik-rotatsioonkoolitus\\\/\",\"name\":\"P\u00f5hjalik rotatsioonkoolitus - Piiri 1420\",\"isPartOf\":{\"@id\":\"https:\\\/\\\/rotary.fi\\\/d1420\\\/#website\"},\"datePublished\":\"2025-01-01T14:02:24+00:00\",\"dateModified\":\"2025-08-31T09:04:44+00:00\",\"description\":\"Piiriss\u00e4mme j\u00e4rjestet\u00e4\u00e4n syvent\u00e4v\u00e4\u00e4 rotaryvalmennusta\u00a0Rotary Leadership Institute\u00a0(RLI) mallin mukaan. RLI on rotarypiirien ruohonjuuritason yhteenliittym\u00e4, joka on perustettu toteuttamaan johtamisen kehitt\u00e4misohjelmaa potentiaalisille rotaryklubien johtajille.\",\"breadcrumb\":{\"@id\":\"https:\\\/\\\/rotary.fi\\\/d1420\\\/et\\\/mida-me-teeme\\\/pohjalik-rotatsioonkoolitus\\\/#breadcrumb\"},\"inLanguage\":\"fi\",\"potentialAction\":[{\"@type\":\"ReadAction\",\"target\":[\"https:\\\/\\\/rotary.fi\\\/d1420\\\/et\\\/mida-me-teeme\\\/pohjalik-rotatsioonkoolitus\\\/\"]}]},{\"@type\":\"BreadcrumbList\",\"@id\":\"https:\\\/\\\/rotary.fi\\\/d1420\\\/et\\\/mida-me-teeme\\\/pohjalik-rotatsioonkoolitus\\\/#breadcrumb\",\"itemListElement\":[{\"@type\":\"ListItem\",\"position\":1,\"name\":\"Home\",\"item\":\"https:\\\/\\\/rotary.fi\\\/d1420\\\/\"},{\"@type\":\"ListItem\",\"position\":2,\"name\":\"Mida me teeme\",\"item\":\"https:\\\/\\\/rotary.fi\\\/d1420\\\/et\\\/mida-me-teeme\\\/\"},{\"@type\":\"ListItem\",\"position\":3,\"name\":\"P\u00f5hjalik rotatsioonkoolitus\"}]},{\"@type\":\"WebSite\",\"@id\":\"https:\\\/\\\/rotary.fi\\\/d1420\\\/#website\",\"url\":\"https:\\\/\\\/rotary.fi\\\/d1420\\\/\",\"name\":\"Piiri 1420\",\"description\":\"Suomen Rotary\",\"potentialAction\":[{\"@type\":\"SearchAction\",\"target\":{\"@type\":\"EntryPoint\",\"urlTemplate\":\"https:\\\/\\\/rotary.fi\\\/d1420\\\/?s={search_term_string}\"},\"query-input\":{\"@type\":\"PropertyValueSpecification\",\"valueRequired\":true,\"valueName\":\"search_term_string\"}}],\"inLanguage\":\"fi\"}]}<\/script>\n<!-- \/ Yoast SEO plugin. -->","yoast_head_json":{"title":"P\u00f5hjalik rotatsioonkoolitus - Piiri 1420","description":"Piiriss\u00e4mme j\u00e4rjestet\u00e4\u00e4n syvent\u00e4v\u00e4\u00e4 rotaryvalmennusta\u00a0Rotary Leadership Institute\u00a0(RLI) mallin mukaan. RLI on rotarypiirien ruohonjuuritason yhteenliittym\u00e4, joka on perustettu toteuttamaan johtamisen kehitt\u00e4misohjelmaa potentiaalisille rotaryklubien johtajille.","robots":{"index":"index","follow":"follow","max-snippet":"max-snippet:-1","max-image-preview":"max-image-preview:large","max-video-preview":"max-video-preview:-1"},"canonical":"https:\/\/rotary.fi\/d1420\/et\/mida-me-teeme\/pohjalik-rotatsioonkoolitus\/","og_locale":"fi_FI","og_type":"article","og_title":"P\u00f5hjalik rotatsioonkoolitus - Piiri 1420","og_description":"Piiriss\u00e4mme j\u00e4rjestet\u00e4\u00e4n syvent\u00e4v\u00e4\u00e4 rotaryvalmennusta\u00a0Rotary Leadership Institute\u00a0(RLI) mallin mukaan. RLI on rotarypiirien ruohonjuuritason yhteenliittym\u00e4, joka on perustettu toteuttamaan johtamisen kehitt\u00e4misohjelmaa potentiaalisille rotaryklubien johtajille.","og_url":"https:\/\/rotary.fi\/d1420\/et\/mida-me-teeme\/pohjalik-rotatsioonkoolitus\/","og_site_name":"Piiri 1420","article_publisher":"https:\/\/www.facebook.com\/rotary\/","article_modified_time":"2025-08-31T09:04:44+00:00","twitter_card":"summary_large_image","twitter_misc":{"Arvioitu lukuaika":"3 minuuttia"},"schema":{"@context":"https:\/\/schema.org","@graph":[{"@type":"WebPage","@id":"https:\/\/rotary.fi\/d1420\/et\/mida-me-teeme\/pohjalik-rotatsioonkoolitus\/","url":"https:\/\/rotary.fi\/d1420\/et\/mida-me-teeme\/pohjalik-rotatsioonkoolitus\/","name":"P\u00f5hjalik rotatsioonkoolitus - Piiri 1420","isPartOf":{"@id":"https:\/\/rotary.fi\/d1420\/#website"},"datePublished":"2025-01-01T14:02:24+00:00","dateModified":"2025-08-31T09:04:44+00:00","description":"Piiriss\u00e4mme j\u00e4rjestet\u00e4\u00e4n syvent\u00e4v\u00e4\u00e4 rotaryvalmennusta\u00a0Rotary Leadership Institute\u00a0(RLI) mallin mukaan. RLI on rotarypiirien ruohonjuuritason yhteenliittym\u00e4, joka on perustettu toteuttamaan johtamisen kehitt\u00e4misohjelmaa potentiaalisille rotaryklubien johtajille.","breadcrumb":{"@id":"https:\/\/rotary.fi\/d1420\/et\/mida-me-teeme\/pohjalik-rotatsioonkoolitus\/#breadcrumb"},"inLanguage":"fi","potentialAction":[{"@type":"ReadAction","target":["https:\/\/rotary.fi\/d1420\/et\/mida-me-teeme\/pohjalik-rotatsioonkoolitus\/"]}]},{"@type":"BreadcrumbList","@id":"https:\/\/rotary.fi\/d1420\/et\/mida-me-teeme\/pohjalik-rotatsioonkoolitus\/#breadcrumb","itemListElement":[{"@type":"ListItem","position":1,"name":"Home","item":"https:\/\/rotary.fi\/d1420\/"},{"@type":"ListItem","position":2,"name":"Mida me teeme","item":"https:\/\/rotary.fi\/d1420\/et\/mida-me-teeme\/"},{"@type":"ListItem","position":3,"name":"P\u00f5hjalik rotatsioonkoolitus"}]},{"@type":"WebSite","@id":"https:\/\/rotary.fi\/d1420\/#website","url":"https:\/\/rotary.fi\/d1420\/","name":"Piiri 1420","description":"Suomen Rotary","potentialAction":[{"@type":"SearchAction","target":{"@type":"EntryPoint","urlTemplate":"https:\/\/rotary.fi\/d1420\/?s={search_term_string}"},"query-input":{"@type":"PropertyValueSpecification","valueRequired":true,"valueName":"search_term_string"}}],"inLanguage":"fi"}]}},"lang":"et","translations":{"et":10228,"fi":6249,"sv":10207,"en":10219},"pll_sync_post":[],"_links":{"self":[{"href":"https:\/\/rotary.fi\/d1420\/wp-json\/wp\/v2\/pages\/10228","targetHints":{"allow":["GET"]}}],"collection":[{"href":"https:\/\/rotary.fi\/d1420\/wp-json\/wp\/v2\/pages"}],"about":[{"href":"https:\/\/rotary.fi\/d1420\/wp-json\/wp\/v2\/types\/page"}],"author":[{"embeddable":true,"href":"https:\/\/rotary.fi\/d1420\/wp-json\/wp\/v2\/users\/26"}],"replies":[{"embeddable":true,"href":"https:\/\/rotary.fi\/d1420\/wp-json\/wp\/v2\/comments?post=10228"}],"version-history":[{"count":10,"href":"https:\/\/rotary.fi\/d1420\/wp-json\/wp\/v2\/pages\/10228\/revisions"}],"predecessor-version":[{"id":11821,"href":"https:\/\/rotary.fi\/d1420\/wp-json\/wp\/v2\/pages\/10228\/revisions\/11821"}],"up":[{"embeddable":true,"href":"https:\/\/rotary.fi\/d1420\/wp-json\/wp\/v2\/pages\/10658"}],"wp:attachment":[{"href":"https:\/\/rotary.fi\/d1420\/wp-json\/wp\/v2\/media?parent=10228"}],"curies":[{"name":"wp","href":"https:\/\/api.w.org\/{rel}","templated":true}]}}