{"id":10219,"date":"2025-01-01T15:46:00","date_gmt":"2025-01-01T13:46:00","guid":{"rendered":"https:\/\/rotary.fi\/d1420\/?page_id=10219"},"modified":"2025-08-31T11:03:51","modified_gmt":"2025-08-31T09:03:51","slug":"in-depth-rotary-training","status":"publish","type":"page","link":"https:\/\/rotary.fi\/d1420\/en\/what-we-do\/in-depth-rotary-training\/","title":{"rendered":"In-depth Rotary Training"},"content":{"rendered":"<p>[et_pb_section fb_built=&#8221;1&#8243; _builder_version=&#8221;4.27.4&#8243; hover_enabled=&#8221;0&#8243; global_colors_info=&#8221;{}&#8221; background_color=&#8221;#ffffff&#8221; sticky_enabled=&#8221;0&#8243;][et_pb_row _builder_version=&#8221;4.25.2&#8243; background_size=&#8221;initial&#8221; background_position=&#8221;top_left&#8221; background_repeat=&#8221;repeat&#8221; global_colors_info=&#8221;{}&#8221;][et_pb_column type=&#8221;4_4&#8243; _builder_version=&#8221;4.16&#8243; custom_padding=&#8221;|||&#8221; global_colors_info=&#8221;{}&#8221; custom_padding__hover=&#8221;|||&#8221;][et_pb_heading title=&#8221;In-depth Rotary Training&#8221; admin_label=&#8221;Otsikko &#8211; Syvent\u00e4v\u00e4 rotaryvalmennus&#8221; _builder_version=&#8221;4.27.0&#8243; _module_preset=&#8221;default&#8221; background_enable_image=&#8221;off&#8221; global_colors_info=&#8221;{}&#8221;][\/et_pb_heading][et_pb_text _builder_version=&#8221;4.27.0&#8243; background_size=&#8221;initial&#8221; background_position=&#8221;top_left&#8221; background_repeat=&#8221;repeat&#8221; global_colors_info=&#8221;{}&#8221;]<\/p>\n<p>It is important for a Rotarian who leads club activities to know about Rotary&#8217;s possibilities, its current state and activities in the world, and he should have a vision of what Rotary can be in the future. RLI, or <strong>In-depth Rotary Training<\/strong>, offers a three-day basic course for both Rotary knowledge and especially the management skills of volunteer organizations.<\/p>\n<p>[\/et_pb_text][\/et_pb_column][\/et_pb_row][et_pb_row column_structure=&#8221;3_4,1_4&#8243; _builder_version=&#8221;4.27.0&#8243; _module_preset=&#8221;default&#8221; global_colors_info=&#8221;{}&#8221;][et_pb_column type=&#8221;3_4&#8243; _builder_version=&#8221;4.27.0&#8243; _module_preset=&#8221;default&#8221; global_colors_info=&#8221;{}&#8221;][et_pb_text admin_label=&#8221;Teksti &#8211; RLI&#8221; _builder_version=&#8221;4.27.0&#8243; background_size=&#8221;initial&#8221; background_position=&#8221;top_left&#8221; background_repeat=&#8221;repeat&#8221; global_colors_info=&#8221;{}&#8221;]<\/p>\n<h4>RLI operating model<\/h4>\n<p>In our district, in-depth rotary training is organized according to the Rotary Leadership Institute (RLI) model. RLI is a grassroots association of Rotary districts, established to implement a leadership development program for potential Rotary club leaders. RLI was founded in 1992 and has a global organization with chapters on all continents.<\/p>\n<p><strong>All clubs can send their members for training and any Rotarian can participate in any course on their own initiative.<\/strong><\/p>\n<p>The primary goal is to create enthusiasm for Rotary by opening the world of Rotary to participants outside of their own club and showing them how many opportunities Rotary&#8217;s service has and can do good for the world. At the same time, the participants get the opportunity to develop their leadership skills.<\/p>\n<p>[\/et_pb_text][\/et_pb_column][et_pb_column type=&#8221;1_4&#8243; _builder_version=&#8221;4.27.0&#8243; _module_preset=&#8221;default&#8221; global_colors_info=&#8221;{}&#8221;][et_pb_image src=&#8221;https:\/\/rotary.fi\/d1420\/wp-content\/uploads\/sites\/183\/2022\/01\/1625-rotary-leadership-institute-logo.jpg&#8221; title_text=&#8221;1.6.25 ROTARY LEADERSHIP INSTITUTE LOGO&#8221; _builder_version=&#8221;4.27.0&#8243; _module_preset=&#8221;default&#8221; global_colors_info=&#8221;{}&#8221;][\/et_pb_image][\/et_pb_column][\/et_pb_row][et_pb_row _builder_version=&#8221;4.27.0&#8243; _module_preset=&#8221;default&#8221; global_colors_info=&#8221;{}&#8221;][et_pb_column type=&#8221;4_4&#8243; _builder_version=&#8221;4.27.0&#8243; _module_preset=&#8221;default&#8221; global_colors_info=&#8221;{}&#8221;][et_pb_text admin_label=&#8221;Teksti &#8211; Koulutuksen sis\u00e4lt\u00f6&#8221; _builder_version=&#8221;4.27.0&#8243; background_size=&#8221;initial&#8221; background_position=&#8221;top_left&#8221; background_repeat=&#8221;repeat&#8221; global_colors_info=&#8221;{}&#8221;]<\/p>\n<h4>Content of training<\/h4>\n<p>The training consists of three parts, which offer participants the opportunity to deepen their knowledge of Rotary from different perspectives. The training is organized by members of the district training committee and follows the educational principles of the Rotary Leadership Institute (RLI).<\/p>\n<ul>\n<li>\u00a0\u00a0\u00a0 Part 1: <strong>Me as a Rotarian<\/strong>. This part talks about leadership in Rotary, the world of Rotary, ethics and professional service. In the Rotary Foundation&#8217;s section, we learn about engaging members and creating service projects.<\/li>\n<li>\u00a0\u00a0\u00a0 Part 2:<strong> My Rotary Club<\/strong>. In this section, you will learn about the opportunities offered by Rotary, effective leadership strategies and team building. In addition, ways to acquire new members and the club&#8217;s communication will be considered.\u00a0 In the foundation section, you get to know the targeted service.<\/li>\n<li>\u00a0\u00a0\u00a0 Part 3: <strong>My Expanding Rotary World<\/strong>. This section delves into strategic planning, Rotary&#8217;s public image and public relations, and how we build a stronger club and change the world. In the foundation section, we get to know the international service.<\/li>\n<\/ul>\n<p>The training can also be carried out in parts so that, if an individual time does not suit, it can be fixed in the following years or in a training organized by a neighboring district.<\/p>\n<p>&nbsp;<\/p>\n<p>[\/et_pb_text][et_pb_text _builder_version=&#8221;4.27.4&#8243; _module_preset=&#8221;default&#8221; global_colors_info=&#8221;{}&#8221;]<\/p>\n<h3>Next trainings<\/h3>\n<p>In-dept Rotary Training, RLI, will be held in the autumn on three Saturdays: October 18, November 8, and November 22, at the Skyline Airport Hotel in Vantaa. Meal costs are \u20ac35 per event.<\/p>\n<p>The training is suitable for both new and experienced Rotarians. Especially those in leadership positions have gained many ideas for developing their work. In addition, the events encourage networking and cooperation between clubs.\u00a0 Please note that participation in all three days does not need to be consecutive \u2013 some sessions can be completed in the spring or during the following term.<\/p>\n<p>The training content is extensive and diverse, delivered interactively, and we encourage all clubs to send their members to attend.<\/p>\n<p>[\/et_pb_text][et_pb_button button_url=&#8221;https:\/\/forms.gle\/w4DFLbZqkXp8Kn4m9&#8243; button_text=&#8221;Sign up for the training&#8221; _builder_version=&#8221;4.27.4&#8243; _module_preset=&#8221;default&#8221; global_colors_info=&#8221;{}&#8221;][\/et_pb_button][\/et_pb_column][\/et_pb_row][\/et_pb_section]<\/p>\n","protected":false},"excerpt":{"rendered":"<p>It is important for a Rotarian who leads club activities to know about Rotary&#8217;s possibilities, its current state and activities in the world, and he should have a vision of what Rotary can be in the future. RLI, or In-depth Rotary Training, offers a three-day basic course for both Rotary knowledge and especially the management [&hellip;]<\/p>\n","protected":false},"author":26,"featured_media":0,"parent":10496,"menu_order":0,"comment_status":"closed","ping_status":"closed","template":"","meta":{"_acf_changed":false,"_et_pb_use_builder":"on","_et_pb_old_content":"<p><span style=\"font-weight: 400;\">Klubitoimintaa johtavan rotarin on t\u00e4rke\u00e4\u00e4 tiet\u00e4\u00e4 Rotaryn mahdollisuuksista, sen nykytilasta ja toiminnasta maailmassa ja h\u00e4nell\u00e4 tulee olla visio siit\u00e4, mit\u00e4 Rotary voi olla tulevaisuudessa. RLI eli\u00a0<\/span><b>Syvent\u00e4v\u00e4 Rotaryvalmennus\u00a0<\/b><span style=\"font-weight: 400;\">tarjoaa kolmen p\u00e4iv\u00e4n peruskurssin sek\u00e4 Rotary-tiet\u00e4mykseen ett\u00e4 erityisesti vapaaehtoisj\u00e4rjest\u00f6jen johtamistaitoihin.<\/span><\/p><p><span style=\"font-weight: 400;\">Piiriss\u00e4mme j\u00e4rjestet\u00e4\u00e4n syvent\u00e4v\u00e4\u00e4 rotaryvalmennusta\u00a0<\/span><a href=\"https:\/\/www.rotaryleadershipinstitute.org\/\"><b>Rotary Leadership Institute<\/b><\/a><span style=\"font-weight: 400;\">\u00a0(RLI) mallin mukaan. RLI on rotarypiirien<img class=\"wp-image-6347 alignright\" src=\"https:\/\/rotary.fi\/d1420\/wp-content\/uploads\/sites\/183\/2022\/01\/1625-rotary-leadership-institute-logo-300x300.jpg\" alt=\"\" width=\"201\" height=\"209\" \/> ruohonjuuritason yhteenliittym\u00e4, joka on perustettu toteuttamaan johtamisen kehitt\u00e4misohjelmaa potentiaalisille rotaryklubien johtajille. RLI perustettiin vuonna 1992 ja sill\u00e4 on maailmanlaajuinen organisaatio osastoineen kaikilla mantereilla.<\/span><\/p><p><strong>Kaikki klubit voivat l\u00e4hett\u00e4\u00e4 j\u00e4seni\u00e4\u00e4n valmennukseen ja kuka tahansa rotari voi osallistua mihin tahansa kurssiin omasta aloitteestaan.\u00a0<\/strong><\/p><p><span style=\"font-weight: 400;\">Ensisijaisena tavoitteena on luoda innostusta Rotarya kohtaan avaamalla osallistujille Rotaryn maailmaa oman klubin ulkopuolella ja osoittamalla heille kuinka paljon mahdollisuuksia Rotaryn palvelulla on ja voidaan tehd\u00e4 hyv\u00e4\u00e4 maailmalle. Samalla osallistujat saavat mahdollisuuden kehitt\u00e4\u00e4 johtamistaitojaan.<\/span><\/p><p><span style=\"font-weight: 400;\">Koulutus koostuu kolmesta osasta, jotka tarjoavat osallistujille mahdollisuuden syvent\u00e4\u00e4 tiet\u00e4myst\u00e4\u00e4n Rotarysta eri n\u00e4k\u00f6kulmista. Koulutuksen j\u00e4rjest\u00e4v\u00e4t piirin koulutuskomitean j\u00e4senet, ja se noudattaa Rotary Leadership Instituten (RLI) opetuksellisia periaatteita.\u00a0<\/span><\/p><ul><li><b>Osa 1: Min\u00e4 rotarina<\/b><span style=\"font-weight: 400;\"><span style=\"font-weight: 400;\">. T\u00e4ss\u00e4 osassa puhutaan johtajuudesta Rotaryssa, Rotarymaailmasta, etiikasta ja ammattipalvelusta. Rotary-s\u00e4\u00e4ti\u00f6n osuudessa perehdyt\u00e4\u00e4n j\u00e4senten sitouttamiseen sek\u00e4 palveluprojektien luomiseen.<\/span><\/span><\/li><li><b>Osa 2: Oma rotaryklubini<\/b><span style=\"font-weight: 400;\">. T\u00e4ss\u00e4 osassa tutustutaan Rotaryn tarjoamiin mahdollisuuksiin, tehokkaisiin johtamisstrategioihin ja tiimin rakentamiseen. Lis\u00e4ksi pohditaan keinoja uusien j\u00e4senten hankintaan sek\u00e4 klubin viestint\u00e4\u00e4n.\u00a0 S\u00e4\u00e4ti\u00f6-osuudessa tutustutaan kohdennettuun palveluun.<br \/><\/span><\/li><li><b>Osa 3: Laajeneva rotarymaailmani<\/b>. T\u00e4m\u00e4 osa syventyy strategiseen suunnitteluun, Rotaryn julkisuuskuvaan ja suhdetoimintaan ja siihen, kuinka rakennamme vahvemman klubin ja muutamme maailmaa. S\u00e4\u00e4ti\u00f6-osuudessa tutustumme kansainv\u00e4liseen palveluun.<\/li><\/ul><p><span style=\"font-weight: 400;\">Valmennuksen voi my\u00f6s suorittaa osissa siten ett\u00e4, jos joku yksitt\u00e4inen ajankohta ei sovi niin, sen voi paikata seuraavina vuosina tai naapuripiirin j\u00e4rjest\u00e4m\u00e4ss\u00e4 valmennuksessa.<\/span><\/p><p>\u00a0<\/p>","_et_gb_content_width":"","footnotes":""},"class_list":["post-10219","page","type-page","status-publish","hentry"],"acf":[],"yoast_head":"<!-- This site is optimized with the Yoast SEO plugin v27.4 - https:\/\/yoast.com\/product\/yoast-seo-wordpress\/ -->\n<title>In-depth Rotary Training - Piiri 1420<\/title>\n<meta name=\"description\" content=\"Piiriss\u00e4mme j\u00e4rjestet\u00e4\u00e4n syvent\u00e4v\u00e4\u00e4 rotaryvalmennusta\u00a0Rotary Leadership Institute\u00a0(RLI) mallin mukaan. RLI on rotarypiirien ruohonjuuritason yhteenliittym\u00e4, joka on perustettu toteuttamaan johtamisen kehitt\u00e4misohjelmaa potentiaalisille rotaryklubien johtajille.\" \/>\n<meta name=\"robots\" content=\"index, follow, max-snippet:-1, max-image-preview:large, max-video-preview:-1\" \/>\n<link rel=\"canonical\" href=\"https:\/\/rotary.fi\/d1420\/en\/what-we-do\/in-depth-rotary-training\/\" \/>\n<meta property=\"og:locale\" content=\"fi_FI\" \/>\n<meta property=\"og:type\" content=\"article\" \/>\n<meta property=\"og:title\" content=\"In-depth Rotary Training - Piiri 1420\" \/>\n<meta property=\"og:description\" content=\"Piiriss\u00e4mme j\u00e4rjestet\u00e4\u00e4n syvent\u00e4v\u00e4\u00e4 rotaryvalmennusta\u00a0Rotary Leadership Institute\u00a0(RLI) mallin mukaan. RLI on rotarypiirien ruohonjuuritason yhteenliittym\u00e4, joka on perustettu toteuttamaan johtamisen kehitt\u00e4misohjelmaa potentiaalisille rotaryklubien johtajille.\" \/>\n<meta property=\"og:url\" content=\"https:\/\/rotary.fi\/d1420\/en\/what-we-do\/in-depth-rotary-training\/\" \/>\n<meta property=\"og:site_name\" content=\"Piiri 1420\" \/>\n<meta property=\"article:publisher\" content=\"https:\/\/www.facebook.com\/rotary\/\" \/>\n<meta property=\"article:modified_time\" content=\"2025-08-31T09:03:51+00:00\" \/>\n<meta name=\"twitter:card\" content=\"summary_large_image\" \/>\n<meta name=\"twitter:label1\" content=\"Arvioitu lukuaika\" \/>\n\t<meta name=\"twitter:data1\" content=\"4 minuuttia\" \/>\n<script type=\"application\/ld+json\" class=\"yoast-schema-graph\">{\"@context\":\"https:\\\/\\\/schema.org\",\"@graph\":[{\"@type\":\"WebPage\",\"@id\":\"https:\\\/\\\/rotary.fi\\\/d1420\\\/en\\\/what-we-do\\\/in-depth-rotary-training\\\/\",\"url\":\"https:\\\/\\\/rotary.fi\\\/d1420\\\/en\\\/what-we-do\\\/in-depth-rotary-training\\\/\",\"name\":\"In-depth Rotary Training - Piiri 1420\",\"isPartOf\":{\"@id\":\"https:\\\/\\\/rotary.fi\\\/d1420\\\/#website\"},\"datePublished\":\"2025-01-01T13:46:00+00:00\",\"dateModified\":\"2025-08-31T09:03:51+00:00\",\"description\":\"Piiriss\u00e4mme j\u00e4rjestet\u00e4\u00e4n syvent\u00e4v\u00e4\u00e4 rotaryvalmennusta\u00a0Rotary Leadership Institute\u00a0(RLI) mallin mukaan. RLI on rotarypiirien ruohonjuuritason yhteenliittym\u00e4, joka on perustettu toteuttamaan johtamisen kehitt\u00e4misohjelmaa potentiaalisille rotaryklubien johtajille.\",\"breadcrumb\":{\"@id\":\"https:\\\/\\\/rotary.fi\\\/d1420\\\/en\\\/what-we-do\\\/in-depth-rotary-training\\\/#breadcrumb\"},\"inLanguage\":\"fi\",\"potentialAction\":[{\"@type\":\"ReadAction\",\"target\":[\"https:\\\/\\\/rotary.fi\\\/d1420\\\/en\\\/what-we-do\\\/in-depth-rotary-training\\\/\"]}]},{\"@type\":\"BreadcrumbList\",\"@id\":\"https:\\\/\\\/rotary.fi\\\/d1420\\\/en\\\/what-we-do\\\/in-depth-rotary-training\\\/#breadcrumb\",\"itemListElement\":[{\"@type\":\"ListItem\",\"position\":1,\"name\":\"Home\",\"item\":\"https:\\\/\\\/rotary.fi\\\/d1420\\\/\"},{\"@type\":\"ListItem\",\"position\":2,\"name\":\"What We Do\",\"item\":\"https:\\\/\\\/rotary.fi\\\/d1420\\\/en\\\/what-we-do\\\/\"},{\"@type\":\"ListItem\",\"position\":3,\"name\":\"In-depth Rotary Training\"}]},{\"@type\":\"WebSite\",\"@id\":\"https:\\\/\\\/rotary.fi\\\/d1420\\\/#website\",\"url\":\"https:\\\/\\\/rotary.fi\\\/d1420\\\/\",\"name\":\"Piiri 1420\",\"description\":\"Suomen Rotary\",\"potentialAction\":[{\"@type\":\"SearchAction\",\"target\":{\"@type\":\"EntryPoint\",\"urlTemplate\":\"https:\\\/\\\/rotary.fi\\\/d1420\\\/?s={search_term_string}\"},\"query-input\":{\"@type\":\"PropertyValueSpecification\",\"valueRequired\":true,\"valueName\":\"search_term_string\"}}],\"inLanguage\":\"fi\"}]}<\/script>\n<!-- \/ Yoast SEO plugin. -->","yoast_head_json":{"title":"In-depth Rotary Training - Piiri 1420","description":"Piiriss\u00e4mme j\u00e4rjestet\u00e4\u00e4n syvent\u00e4v\u00e4\u00e4 rotaryvalmennusta\u00a0Rotary Leadership Institute\u00a0(RLI) mallin mukaan. RLI on rotarypiirien ruohonjuuritason yhteenliittym\u00e4, joka on perustettu toteuttamaan johtamisen kehitt\u00e4misohjelmaa potentiaalisille rotaryklubien johtajille.","robots":{"index":"index","follow":"follow","max-snippet":"max-snippet:-1","max-image-preview":"max-image-preview:large","max-video-preview":"max-video-preview:-1"},"canonical":"https:\/\/rotary.fi\/d1420\/en\/what-we-do\/in-depth-rotary-training\/","og_locale":"fi_FI","og_type":"article","og_title":"In-depth Rotary Training - Piiri 1420","og_description":"Piiriss\u00e4mme j\u00e4rjestet\u00e4\u00e4n syvent\u00e4v\u00e4\u00e4 rotaryvalmennusta\u00a0Rotary Leadership Institute\u00a0(RLI) mallin mukaan. RLI on rotarypiirien ruohonjuuritason yhteenliittym\u00e4, joka on perustettu toteuttamaan johtamisen kehitt\u00e4misohjelmaa potentiaalisille rotaryklubien johtajille.","og_url":"https:\/\/rotary.fi\/d1420\/en\/what-we-do\/in-depth-rotary-training\/","og_site_name":"Piiri 1420","article_publisher":"https:\/\/www.facebook.com\/rotary\/","article_modified_time":"2025-08-31T09:03:51+00:00","twitter_card":"summary_large_image","twitter_misc":{"Arvioitu lukuaika":"4 minuuttia"},"schema":{"@context":"https:\/\/schema.org","@graph":[{"@type":"WebPage","@id":"https:\/\/rotary.fi\/d1420\/en\/what-we-do\/in-depth-rotary-training\/","url":"https:\/\/rotary.fi\/d1420\/en\/what-we-do\/in-depth-rotary-training\/","name":"In-depth Rotary Training - Piiri 1420","isPartOf":{"@id":"https:\/\/rotary.fi\/d1420\/#website"},"datePublished":"2025-01-01T13:46:00+00:00","dateModified":"2025-08-31T09:03:51+00:00","description":"Piiriss\u00e4mme j\u00e4rjestet\u00e4\u00e4n syvent\u00e4v\u00e4\u00e4 rotaryvalmennusta\u00a0Rotary Leadership Institute\u00a0(RLI) mallin mukaan. RLI on rotarypiirien ruohonjuuritason yhteenliittym\u00e4, joka on perustettu toteuttamaan johtamisen kehitt\u00e4misohjelmaa potentiaalisille rotaryklubien johtajille.","breadcrumb":{"@id":"https:\/\/rotary.fi\/d1420\/en\/what-we-do\/in-depth-rotary-training\/#breadcrumb"},"inLanguage":"fi","potentialAction":[{"@type":"ReadAction","target":["https:\/\/rotary.fi\/d1420\/en\/what-we-do\/in-depth-rotary-training\/"]}]},{"@type":"BreadcrumbList","@id":"https:\/\/rotary.fi\/d1420\/en\/what-we-do\/in-depth-rotary-training\/#breadcrumb","itemListElement":[{"@type":"ListItem","position":1,"name":"Home","item":"https:\/\/rotary.fi\/d1420\/"},{"@type":"ListItem","position":2,"name":"What We Do","item":"https:\/\/rotary.fi\/d1420\/en\/what-we-do\/"},{"@type":"ListItem","position":3,"name":"In-depth Rotary Training"}]},{"@type":"WebSite","@id":"https:\/\/rotary.fi\/d1420\/#website","url":"https:\/\/rotary.fi\/d1420\/","name":"Piiri 1420","description":"Suomen Rotary","potentialAction":[{"@type":"SearchAction","target":{"@type":"EntryPoint","urlTemplate":"https:\/\/rotary.fi\/d1420\/?s={search_term_string}"},"query-input":{"@type":"PropertyValueSpecification","valueRequired":true,"valueName":"search_term_string"}}],"inLanguage":"fi"}]}},"lang":"en","translations":{"en":10219,"fi":6249,"sv":10207,"et":10228},"pll_sync_post":[],"_links":{"self":[{"href":"https:\/\/rotary.fi\/d1420\/wp-json\/wp\/v2\/pages\/10219","targetHints":{"allow":["GET"]}}],"collection":[{"href":"https:\/\/rotary.fi\/d1420\/wp-json\/wp\/v2\/pages"}],"about":[{"href":"https:\/\/rotary.fi\/d1420\/wp-json\/wp\/v2\/types\/page"}],"author":[{"embeddable":true,"href":"https:\/\/rotary.fi\/d1420\/wp-json\/wp\/v2\/users\/26"}],"replies":[{"embeddable":true,"href":"https:\/\/rotary.fi\/d1420\/wp-json\/wp\/v2\/comments?post=10219"}],"version-history":[{"count":9,"href":"https:\/\/rotary.fi\/d1420\/wp-json\/wp\/v2\/pages\/10219\/revisions"}],"predecessor-version":[{"id":11820,"href":"https:\/\/rotary.fi\/d1420\/wp-json\/wp\/v2\/pages\/10219\/revisions\/11820"}],"up":[{"embeddable":true,"href":"https:\/\/rotary.fi\/d1420\/wp-json\/wp\/v2\/pages\/10496"}],"wp:attachment":[{"href":"https:\/\/rotary.fi\/d1420\/wp-json\/wp\/v2\/media?parent=10219"}],"curies":[{"name":"wp","href":"https:\/\/api.w.org\/{rel}","templated":true}]}}