{"id":10207,"date":"2025-01-01T15:34:12","date_gmt":"2025-01-01T13:34:12","guid":{"rendered":"https:\/\/rotary.fi\/d1420\/?page_id=10207"},"modified":"2025-08-31T11:02:59","modified_gmt":"2025-08-31T09:02:59","slug":"fordjupad-rotaryutbildning","status":"publish","type":"page","link":"https:\/\/rotary.fi\/d1420\/sv\/det-har-gor-vi\/fordjupad-rotaryutbildning\/","title":{"rendered":"F\u00f6rdjupad Rotaryutbildning"},"content":{"rendered":"<p>[et_pb_section fb_built=&#8221;1&#8243; _builder_version=&#8221;4.27.4&#8243; hover_enabled=&#8221;0&#8243; global_colors_info=&#8221;{}&#8221; background_color=&#8221;#ffffff&#8221; sticky_enabled=&#8221;0&#8243;][et_pb_row _builder_version=&#8221;4.25.2&#8243; background_size=&#8221;initial&#8221; background_position=&#8221;top_left&#8221; background_repeat=&#8221;repeat&#8221; global_colors_info=&#8221;{}&#8221;][et_pb_column type=&#8221;4_4&#8243; _builder_version=&#8221;4.16&#8243; custom_padding=&#8221;|||&#8221; global_colors_info=&#8221;{}&#8221; custom_padding__hover=&#8221;|||&#8221;][et_pb_heading title=&#8221;F\u00f6rdjupad Rotaryutbildning&#8221; admin_label=&#8221;Otsikko &#8211; Syvent\u00e4v\u00e4 rotaryvalmennus&#8221; _builder_version=&#8221;4.27.0&#8243; _module_preset=&#8221;default&#8221; background_enable_image=&#8221;off&#8221; global_colors_info=&#8221;{}&#8221;][\/et_pb_heading][et_pb_text _builder_version=&#8221;4.27.0&#8243; background_size=&#8221;initial&#8221; background_position=&#8221;top_left&#8221; background_repeat=&#8221;repeat&#8221; global_colors_info=&#8221;{}&#8221;]<\/p>\n<p>Det \u00e4r viktigt f\u00f6r en rotarian som leder klubbaktiviteter att veta om Rotarys m\u00f6jligheter, dess nuvarande tillst\u00e5nd och aktiviteter i v\u00e4rlden, och han b\u00f6r ha en vision om vad Rotary kan vara i framtiden. RLI, eller <strong>F\u00f6rdjupad Rotaryutbildning<\/strong>, erbjuder en tredagars grundkurs f\u00f6r b\u00e5de rotarykunskaper och s\u00e4rskilt ledarskapsf\u00f6rm\u00e5gan hos frivilligorganisationer.<\/p>\n<p>[\/et_pb_text][\/et_pb_column][\/et_pb_row][et_pb_row column_structure=&#8221;3_4,1_4&#8243; _builder_version=&#8221;4.27.0&#8243; _module_preset=&#8221;default&#8221; global_colors_info=&#8221;{}&#8221;][et_pb_column type=&#8221;3_4&#8243; _builder_version=&#8221;4.27.0&#8243; _module_preset=&#8221;default&#8221; global_colors_info=&#8221;{}&#8221;][et_pb_text admin_label=&#8221;Teksti &#8211; RLI&#8221; _builder_version=&#8221;4.27.0&#8243; background_size=&#8221;initial&#8221; background_position=&#8221;top_left&#8221; background_repeat=&#8221;repeat&#8221; global_colors_info=&#8221;{}&#8221;]<\/p>\n<h4>RLI operativ modell<\/h4>\n<p>I v\u00e5rt distrikt anordnas en f\u00f6rdjupad rotaryutbildning enligt modellen Rotary Leadership Institute (RLI). RLI \u00e4r en gr\u00e4srotsf\u00f6rening av rotarydistrikt, etablerad f\u00f6r att genomf\u00f6ra ett ledarutvecklingsprogram f\u00f6r potentiella rotaryklubbledare. RLI grundades 1992 och har en global organisation med kapitel p\u00e5 alla kontinenter.<\/p>\n<p><strong>Alla klubbar kan skicka sina medlemmar p\u00e5 tr\u00e4ning och alla rotarianer kan delta i valfri kurs p\u00e5 eget initiativ.<\/strong><\/p>\n<p>Det prim\u00e4ra m\u00e5let \u00e4r att skapa entusiasm f\u00f6r Rotary genom att \u00f6ppna Rotaryv\u00e4rlden f\u00f6r deltagare utanf\u00f6r den egna klubben och visa dem hur m\u00e5nga m\u00f6jligheter Rotarys tj\u00e4nst har och kan g\u00f6ra gott f\u00f6r v\u00e4rlden. Samtidigt f\u00e5r deltagarna m\u00f6jlighet att utveckla sina ledaregenskaper.<\/p>\n<p>[\/et_pb_text][\/et_pb_column][et_pb_column type=&#8221;1_4&#8243; _builder_version=&#8221;4.27.0&#8243; _module_preset=&#8221;default&#8221; global_colors_info=&#8221;{}&#8221;][et_pb_image src=&#8221;https:\/\/rotary.fi\/d1420\/wp-content\/uploads\/sites\/183\/2022\/01\/1625-rotary-leadership-institute-logo.jpg&#8221; title_text=&#8221;1.6.25 ROTARY LEADERSHIP INSTITUTE LOGO&#8221; _builder_version=&#8221;4.27.0&#8243; _module_preset=&#8221;default&#8221; global_colors_info=&#8221;{}&#8221;][\/et_pb_image][\/et_pb_column][\/et_pb_row][et_pb_row _builder_version=&#8221;4.27.0&#8243; _module_preset=&#8221;default&#8221; global_colors_info=&#8221;{}&#8221;][et_pb_column type=&#8221;4_4&#8243; _builder_version=&#8221;4.27.0&#8243; _module_preset=&#8221;default&#8221; global_colors_info=&#8221;{}&#8221;][et_pb_text admin_label=&#8221;Teksti &#8211; Koulutuksen sis\u00e4lt\u00f6&#8221; _builder_version=&#8221;4.27.4&#8243; background_size=&#8221;initial&#8221; background_position=&#8221;top_left&#8221; background_repeat=&#8221;repeat&#8221; global_colors_info=&#8221;{}&#8221;]<\/p>\n<h4>Utbildningens inneh\u00e5ll<\/h4>\n<p>Utbildningen best\u00e5r av tre delar, som ger deltagarna m\u00f6jlighet att f\u00f6rdjupa sina kunskaper om Rotary ur olika perspektiv. Utbildningen organiseras av medlemmar i distriktets utbildningskommitt\u00e9 och f\u00f6ljer utbildningsprinciperna fr\u00e5n Rotary Leadership Institute (RLI).<\/p>\n<ul>\n<li>\u00a0\u00a0\u00a0 Del 1: <strong>Jag som rotarian<\/strong>. Den h\u00e4r delen talar om ledarskap inom Rotary, Rotarys v\u00e4rld, etik och professionell service. I Rotary Foundations avsnitt l\u00e4r vi oss om att engagera medlemmar och skapa serviceprojekt.<\/li>\n<li>\u00a0\u00a0\u00a0 Del 2: <strong>Min Rotaryklubb.<\/strong> I det h\u00e4r avsnittet kommer du att l\u00e4ra dig om de m\u00f6jligheter som Rotary erbjuder, effektiva ledarskapsstrategier och teambuilding. Dessutom kommer s\u00e4tt att skaffa nya medlemmar och klubbens kommunikation att \u00f6verv\u00e4gas.\u00a0 I grundsektionen l\u00e4r du k\u00e4nna den riktade tj\u00e4nsten.<\/li>\n<li>\u00a0\u00a0\u00a0 Del 3: <strong>My Expanding Rotary World<\/strong>. Det h\u00e4r avsnittet f\u00f6rdjupar sig i strategisk planering, Rotarys offentliga image och PR, och hur vi bygger en starkare klubb och f\u00f6r\u00e4ndrar v\u00e4rlden. I stiftelsedelen f\u00e5r vi l\u00e4ra k\u00e4nna den internationella tj\u00e4nsten.<\/li>\n<\/ul>\n<p>Utbildningen kan ocks\u00e5 genomf\u00f6ras i delar s\u00e5 att den, om en enskild tid inte passar, kan fixas under de f\u00f6ljande \u00e5ren eller i en utbildning som anordnas av ett angr\u00e4nsande distrikt.<\/p>\n<p>&nbsp;<\/p>\n<p>[\/et_pb_text][et_pb_text _builder_version=&#8221;4.27.4&#8243; _module_preset=&#8221;default&#8221; global_colors_info=&#8221;{}&#8221;]<\/p>\n<h3>N\u00e4sta tr\u00e4ning<\/h3>\n<p>F\u00f6rdjupad Rotaryutbildning, RLI, genomf\u00f6rs under h\u00f6sten tre l\u00f6rdagar: 18.10, 8.11 och 22.11 p\u00e5 Skyline Airport Hotel i Vanda. M\u00e5ltidskostnaderna \u00e4r 35 \u20ac per tillf\u00e4lle.<\/p>\n<p>Utbildningen passar b\u00e5de nya och erfarna rotarianer. S\u00e4rskilt de som har ansvarsposter har f\u00e5tt m\u00e5nga id\u00e9er f\u00f6r att utveckla sitt arbete. Dessutom uppmuntrar tillf\u00e4llena till n\u00e4tverkande och samarbete mellan klubbarna. Observera att man inte beh\u00f6ver delta alla tre dagar i f\u00f6ljd \u2013 en del kan genomf\u00f6ras under v\u00e5ren eller n\u00e4sta period.<\/p>\n<p>Utbildningens inneh\u00e5ll \u00e4r brett och m\u00e5ngsidigt, och genomf\u00f6randet \u00e4r interaktivt. Vi uppmuntrar alla klubbar att skicka sina medlemmar till dessa tillf\u00e4llen.<\/p>\n<p>&nbsp;<\/p>\n<p>[\/et_pb_text][et_pb_button button_url=&#8221;https:\/\/forms.gle\/w4DFLbZqkXp8Kn4m9&#8243; button_text=&#8221;Anm\u00e4l dig till utbildningen&#8221; _builder_version=&#8221;4.27.4&#8243; _module_preset=&#8221;default&#8221; global_colors_info=&#8221;{}&#8221;][\/et_pb_button][\/et_pb_column][\/et_pb_row][\/et_pb_section]<\/p>\n","protected":false},"excerpt":{"rendered":"<p>Det \u00e4r viktigt f\u00f6r en rotarian som leder klubbaktiviteter att veta om Rotarys m\u00f6jligheter, dess nuvarande tillst\u00e5nd och aktiviteter i v\u00e4rlden, och han b\u00f6r ha en vision om vad Rotary kan vara i framtiden. RLI, eller F\u00f6rdjupad Rotaryutbildning, erbjuder en tredagars grundkurs f\u00f6r b\u00e5de rotarykunskaper och s\u00e4rskilt ledarskapsf\u00f6rm\u00e5gan hos frivilligorganisationer.RLI operativ modell I v\u00e5rt distrikt [&hellip;]<\/p>\n","protected":false},"author":26,"featured_media":0,"parent":10615,"menu_order":0,"comment_status":"closed","ping_status":"closed","template":"","meta":{"_acf_changed":false,"_et_pb_use_builder":"on","_et_pb_old_content":"<p><span style=\"font-weight: 400;\">Klubitoimintaa johtavan rotarin on t\u00e4rke\u00e4\u00e4 tiet\u00e4\u00e4 Rotaryn mahdollisuuksista, sen nykytilasta ja toiminnasta maailmassa ja h\u00e4nell\u00e4 tulee olla visio siit\u00e4, mit\u00e4 Rotary voi olla tulevaisuudessa. RLI eli\u00a0<\/span><b>Syvent\u00e4v\u00e4 Rotaryvalmennus\u00a0<\/b><span style=\"font-weight: 400;\">tarjoaa kolmen p\u00e4iv\u00e4n peruskurssin sek\u00e4 Rotary-tiet\u00e4mykseen ett\u00e4 erityisesti vapaaehtoisj\u00e4rjest\u00f6jen johtamistaitoihin.<\/span><\/p><p><span style=\"font-weight: 400;\">Piiriss\u00e4mme j\u00e4rjestet\u00e4\u00e4n syvent\u00e4v\u00e4\u00e4 rotaryvalmennusta\u00a0<\/span><a href=\"https:\/\/www.rotaryleadershipinstitute.org\/\"><b>Rotary Leadership Institute<\/b><\/a><span style=\"font-weight: 400;\">\u00a0(RLI) mallin mukaan. RLI on rotarypiirien<img class=\"wp-image-6347 alignright\" src=\"https:\/\/rotary.fi\/d1420\/wp-content\/uploads\/sites\/183\/2022\/01\/1625-rotary-leadership-institute-logo-300x300.jpg\" alt=\"\" width=\"201\" height=\"209\" \/> ruohonjuuritason yhteenliittym\u00e4, joka on perustettu toteuttamaan johtamisen kehitt\u00e4misohjelmaa potentiaalisille rotaryklubien johtajille. RLI perustettiin vuonna 1992 ja sill\u00e4 on maailmanlaajuinen organisaatio osastoineen kaikilla mantereilla.<\/span><\/p><p><strong>Kaikki klubit voivat l\u00e4hett\u00e4\u00e4 j\u00e4seni\u00e4\u00e4n valmennukseen ja kuka tahansa rotari voi osallistua mihin tahansa kurssiin omasta aloitteestaan.\u00a0<\/strong><\/p><p><span style=\"font-weight: 400;\">Ensisijaisena tavoitteena on luoda innostusta Rotarya kohtaan avaamalla osallistujille Rotaryn maailmaa oman klubin ulkopuolella ja osoittamalla heille kuinka paljon mahdollisuuksia Rotaryn palvelulla on ja voidaan tehd\u00e4 hyv\u00e4\u00e4 maailmalle. Samalla osallistujat saavat mahdollisuuden kehitt\u00e4\u00e4 johtamistaitojaan.<\/span><\/p><p><span style=\"font-weight: 400;\">Koulutus koostuu kolmesta osasta, jotka tarjoavat osallistujille mahdollisuuden syvent\u00e4\u00e4 tiet\u00e4myst\u00e4\u00e4n Rotarysta eri n\u00e4k\u00f6kulmista. Koulutuksen j\u00e4rjest\u00e4v\u00e4t piirin koulutuskomitean j\u00e4senet, ja se noudattaa Rotary Leadership Instituten (RLI) opetuksellisia periaatteita.\u00a0<\/span><\/p><ul><li><b>Osa 1: Min\u00e4 rotarina<\/b><span style=\"font-weight: 400;\"><span style=\"font-weight: 400;\">. T\u00e4ss\u00e4 osassa puhutaan johtajuudesta Rotaryssa, Rotarymaailmasta, etiikasta ja ammattipalvelusta. Rotary-s\u00e4\u00e4ti\u00f6n osuudessa perehdyt\u00e4\u00e4n j\u00e4senten sitouttamiseen sek\u00e4 palveluprojektien luomiseen.<\/span><\/span><\/li><li><b>Osa 2: Oma rotaryklubini<\/b><span style=\"font-weight: 400;\">. T\u00e4ss\u00e4 osassa tutustutaan Rotaryn tarjoamiin mahdollisuuksiin, tehokkaisiin johtamisstrategioihin ja tiimin rakentamiseen. Lis\u00e4ksi pohditaan keinoja uusien j\u00e4senten hankintaan sek\u00e4 klubin viestint\u00e4\u00e4n.\u00a0 S\u00e4\u00e4ti\u00f6-osuudessa tutustutaan kohdennettuun palveluun.<br \/><\/span><\/li><li><b>Osa 3: Laajeneva rotarymaailmani<\/b>. T\u00e4m\u00e4 osa syventyy strategiseen suunnitteluun, Rotaryn julkisuuskuvaan ja suhdetoimintaan ja siihen, kuinka rakennamme vahvemman klubin ja muutamme maailmaa. S\u00e4\u00e4ti\u00f6-osuudessa tutustumme kansainv\u00e4liseen palveluun.<\/li><\/ul><p><span style=\"font-weight: 400;\">Valmennuksen voi my\u00f6s suorittaa osissa siten ett\u00e4, jos joku yksitt\u00e4inen ajankohta ei sovi niin, sen voi paikata seuraavina vuosina tai naapuripiirin j\u00e4rjest\u00e4m\u00e4ss\u00e4 valmennuksessa.<\/span><\/p><p>\u00a0<\/p>","_et_gb_content_width":"","footnotes":""},"class_list":["post-10207","page","type-page","status-publish","hentry"],"acf":[],"yoast_head":"<!-- This site is optimized with the Yoast SEO plugin v27.4 - https:\/\/yoast.com\/product\/yoast-seo-wordpress\/ -->\n<title>F\u00f6rdjupad Rotaryutbildning - Piiri 1420<\/title>\n<meta name=\"description\" content=\"Piiriss\u00e4mme j\u00e4rjestet\u00e4\u00e4n syvent\u00e4v\u00e4\u00e4 rotaryvalmennusta\u00a0Rotary Leadership Institute\u00a0(RLI) mallin mukaan. RLI on rotarypiirien ruohonjuuritason yhteenliittym\u00e4, joka on perustettu toteuttamaan johtamisen kehitt\u00e4misohjelmaa potentiaalisille rotaryklubien johtajille.\" \/>\n<meta name=\"robots\" content=\"index, follow, max-snippet:-1, max-image-preview:large, max-video-preview:-1\" \/>\n<link rel=\"canonical\" href=\"https:\/\/rotary.fi\/d1420\/sv\/det-har-gor-vi\/fordjupad-rotaryutbildning\/\" \/>\n<meta property=\"og:locale\" content=\"fi_FI\" \/>\n<meta property=\"og:type\" content=\"article\" \/>\n<meta property=\"og:title\" content=\"F\u00f6rdjupad Rotaryutbildning - Piiri 1420\" \/>\n<meta property=\"og:description\" content=\"Piiriss\u00e4mme j\u00e4rjestet\u00e4\u00e4n syvent\u00e4v\u00e4\u00e4 rotaryvalmennusta\u00a0Rotary Leadership Institute\u00a0(RLI) mallin mukaan. RLI on rotarypiirien ruohonjuuritason yhteenliittym\u00e4, joka on perustettu toteuttamaan johtamisen kehitt\u00e4misohjelmaa potentiaalisille rotaryklubien johtajille.\" \/>\n<meta property=\"og:url\" content=\"https:\/\/rotary.fi\/d1420\/sv\/det-har-gor-vi\/fordjupad-rotaryutbildning\/\" \/>\n<meta property=\"og:site_name\" content=\"Piiri 1420\" \/>\n<meta property=\"article:publisher\" content=\"https:\/\/www.facebook.com\/rotary\/\" \/>\n<meta property=\"article:modified_time\" content=\"2025-08-31T09:02:59+00:00\" \/>\n<meta name=\"twitter:card\" content=\"summary_large_image\" \/>\n<meta name=\"twitter:label1\" content=\"Arvioitu lukuaika\" \/>\n\t<meta name=\"twitter:data1\" content=\"3 minuuttia\" \/>\n<script type=\"application\/ld+json\" class=\"yoast-schema-graph\">{\"@context\":\"https:\\\/\\\/schema.org\",\"@graph\":[{\"@type\":\"WebPage\",\"@id\":\"https:\\\/\\\/rotary.fi\\\/d1420\\\/sv\\\/det-har-gor-vi\\\/fordjupad-rotaryutbildning\\\/\",\"url\":\"https:\\\/\\\/rotary.fi\\\/d1420\\\/sv\\\/det-har-gor-vi\\\/fordjupad-rotaryutbildning\\\/\",\"name\":\"F\u00f6rdjupad Rotaryutbildning - Piiri 1420\",\"isPartOf\":{\"@id\":\"https:\\\/\\\/rotary.fi\\\/d1420\\\/#website\"},\"datePublished\":\"2025-01-01T13:34:12+00:00\",\"dateModified\":\"2025-08-31T09:02:59+00:00\",\"description\":\"Piiriss\u00e4mme j\u00e4rjestet\u00e4\u00e4n syvent\u00e4v\u00e4\u00e4 rotaryvalmennusta\u00a0Rotary Leadership Institute\u00a0(RLI) mallin mukaan. RLI on rotarypiirien ruohonjuuritason yhteenliittym\u00e4, joka on perustettu toteuttamaan johtamisen kehitt\u00e4misohjelmaa potentiaalisille rotaryklubien johtajille.\",\"breadcrumb\":{\"@id\":\"https:\\\/\\\/rotary.fi\\\/d1420\\\/sv\\\/det-har-gor-vi\\\/fordjupad-rotaryutbildning\\\/#breadcrumb\"},\"inLanguage\":\"fi\",\"potentialAction\":[{\"@type\":\"ReadAction\",\"target\":[\"https:\\\/\\\/rotary.fi\\\/d1420\\\/sv\\\/det-har-gor-vi\\\/fordjupad-rotaryutbildning\\\/\"]}]},{\"@type\":\"BreadcrumbList\",\"@id\":\"https:\\\/\\\/rotary.fi\\\/d1420\\\/sv\\\/det-har-gor-vi\\\/fordjupad-rotaryutbildning\\\/#breadcrumb\",\"itemListElement\":[{\"@type\":\"ListItem\",\"position\":1,\"name\":\"Home\",\"item\":\"https:\\\/\\\/rotary.fi\\\/d1420\\\/\"},{\"@type\":\"ListItem\",\"position\":2,\"name\":\"Det h\u00e4r g\u00f6r vi\",\"item\":\"https:\\\/\\\/rotary.fi\\\/d1420\\\/sv\\\/det-har-gor-vi\\\/\"},{\"@type\":\"ListItem\",\"position\":3,\"name\":\"F\u00f6rdjupad Rotaryutbildning\"}]},{\"@type\":\"WebSite\",\"@id\":\"https:\\\/\\\/rotary.fi\\\/d1420\\\/#website\",\"url\":\"https:\\\/\\\/rotary.fi\\\/d1420\\\/\",\"name\":\"Piiri 1420\",\"description\":\"Suomen Rotary\",\"potentialAction\":[{\"@type\":\"SearchAction\",\"target\":{\"@type\":\"EntryPoint\",\"urlTemplate\":\"https:\\\/\\\/rotary.fi\\\/d1420\\\/?s={search_term_string}\"},\"query-input\":{\"@type\":\"PropertyValueSpecification\",\"valueRequired\":true,\"valueName\":\"search_term_string\"}}],\"inLanguage\":\"fi\"}]}<\/script>\n<!-- \/ Yoast SEO plugin. -->","yoast_head_json":{"title":"F\u00f6rdjupad Rotaryutbildning - Piiri 1420","description":"Piiriss\u00e4mme j\u00e4rjestet\u00e4\u00e4n syvent\u00e4v\u00e4\u00e4 rotaryvalmennusta\u00a0Rotary Leadership Institute\u00a0(RLI) mallin mukaan. RLI on rotarypiirien ruohonjuuritason yhteenliittym\u00e4, joka on perustettu toteuttamaan johtamisen kehitt\u00e4misohjelmaa potentiaalisille rotaryklubien johtajille.","robots":{"index":"index","follow":"follow","max-snippet":"max-snippet:-1","max-image-preview":"max-image-preview:large","max-video-preview":"max-video-preview:-1"},"canonical":"https:\/\/rotary.fi\/d1420\/sv\/det-har-gor-vi\/fordjupad-rotaryutbildning\/","og_locale":"fi_FI","og_type":"article","og_title":"F\u00f6rdjupad Rotaryutbildning - Piiri 1420","og_description":"Piiriss\u00e4mme j\u00e4rjestet\u00e4\u00e4n syvent\u00e4v\u00e4\u00e4 rotaryvalmennusta\u00a0Rotary Leadership Institute\u00a0(RLI) mallin mukaan. RLI on rotarypiirien ruohonjuuritason yhteenliittym\u00e4, joka on perustettu toteuttamaan johtamisen kehitt\u00e4misohjelmaa potentiaalisille rotaryklubien johtajille.","og_url":"https:\/\/rotary.fi\/d1420\/sv\/det-har-gor-vi\/fordjupad-rotaryutbildning\/","og_site_name":"Piiri 1420","article_publisher":"https:\/\/www.facebook.com\/rotary\/","article_modified_time":"2025-08-31T09:02:59+00:00","twitter_card":"summary_large_image","twitter_misc":{"Arvioitu lukuaika":"3 minuuttia"},"schema":{"@context":"https:\/\/schema.org","@graph":[{"@type":"WebPage","@id":"https:\/\/rotary.fi\/d1420\/sv\/det-har-gor-vi\/fordjupad-rotaryutbildning\/","url":"https:\/\/rotary.fi\/d1420\/sv\/det-har-gor-vi\/fordjupad-rotaryutbildning\/","name":"F\u00f6rdjupad Rotaryutbildning - Piiri 1420","isPartOf":{"@id":"https:\/\/rotary.fi\/d1420\/#website"},"datePublished":"2025-01-01T13:34:12+00:00","dateModified":"2025-08-31T09:02:59+00:00","description":"Piiriss\u00e4mme j\u00e4rjestet\u00e4\u00e4n syvent\u00e4v\u00e4\u00e4 rotaryvalmennusta\u00a0Rotary Leadership Institute\u00a0(RLI) mallin mukaan. RLI on rotarypiirien ruohonjuuritason yhteenliittym\u00e4, joka on perustettu toteuttamaan johtamisen kehitt\u00e4misohjelmaa potentiaalisille rotaryklubien johtajille.","breadcrumb":{"@id":"https:\/\/rotary.fi\/d1420\/sv\/det-har-gor-vi\/fordjupad-rotaryutbildning\/#breadcrumb"},"inLanguage":"fi","potentialAction":[{"@type":"ReadAction","target":["https:\/\/rotary.fi\/d1420\/sv\/det-har-gor-vi\/fordjupad-rotaryutbildning\/"]}]},{"@type":"BreadcrumbList","@id":"https:\/\/rotary.fi\/d1420\/sv\/det-har-gor-vi\/fordjupad-rotaryutbildning\/#breadcrumb","itemListElement":[{"@type":"ListItem","position":1,"name":"Home","item":"https:\/\/rotary.fi\/d1420\/"},{"@type":"ListItem","position":2,"name":"Det h\u00e4r g\u00f6r vi","item":"https:\/\/rotary.fi\/d1420\/sv\/det-har-gor-vi\/"},{"@type":"ListItem","position":3,"name":"F\u00f6rdjupad Rotaryutbildning"}]},{"@type":"WebSite","@id":"https:\/\/rotary.fi\/d1420\/#website","url":"https:\/\/rotary.fi\/d1420\/","name":"Piiri 1420","description":"Suomen Rotary","potentialAction":[{"@type":"SearchAction","target":{"@type":"EntryPoint","urlTemplate":"https:\/\/rotary.fi\/d1420\/?s={search_term_string}"},"query-input":{"@type":"PropertyValueSpecification","valueRequired":true,"valueName":"search_term_string"}}],"inLanguage":"fi"}]}},"lang":"sv","translations":{"sv":10207,"fi":6249,"en":10219,"et":10228},"pll_sync_post":[],"_links":{"self":[{"href":"https:\/\/rotary.fi\/d1420\/wp-json\/wp\/v2\/pages\/10207","targetHints":{"allow":["GET"]}}],"collection":[{"href":"https:\/\/rotary.fi\/d1420\/wp-json\/wp\/v2\/pages"}],"about":[{"href":"https:\/\/rotary.fi\/d1420\/wp-json\/wp\/v2\/types\/page"}],"author":[{"embeddable":true,"href":"https:\/\/rotary.fi\/d1420\/wp-json\/wp\/v2\/users\/26"}],"replies":[{"embeddable":true,"href":"https:\/\/rotary.fi\/d1420\/wp-json\/wp\/v2\/comments?post=10207"}],"version-history":[{"count":10,"href":"https:\/\/rotary.fi\/d1420\/wp-json\/wp\/v2\/pages\/10207\/revisions"}],"predecessor-version":[{"id":11819,"href":"https:\/\/rotary.fi\/d1420\/wp-json\/wp\/v2\/pages\/10207\/revisions\/11819"}],"up":[{"embeddable":true,"href":"https:\/\/rotary.fi\/d1420\/wp-json\/wp\/v2\/pages\/10615"}],"wp:attachment":[{"href":"https:\/\/rotary.fi\/d1420\/wp-json\/wp\/v2\/media?parent=10207"}],"curies":[{"name":"wp","href":"https:\/\/api.w.org\/{rel}","templated":true}]}}