{"id":10142,"date":"2024-12-19T11:19:27","date_gmt":"2024-12-19T09:19:27","guid":{"rendered":"https:\/\/rotary.fi\/d1420\/?page_id=10142"},"modified":"2025-07-04T14:40:25","modified_gmt":"2025-07-04T12:40:25","slug":"rotary-training","status":"publish","type":"page","link":"https:\/\/rotary.fi\/d1420\/en\/what-we-do\/rotary-training\/","title":{"rendered":"Rotary training"},"content":{"rendered":"<p>[et_pb_section fb_built=&#8221;1&#8243; _builder_version=&#8221;4.27.0&#8243; background_image=&#8221;https:\/\/rotary.fi\/d1420\/wp-content\/uploads\/sites\/183\/2024\/11\/2016-03-12-pets-024-ritva-heinonen.jpg&#8221; min_height=&#8221;350px&#8221; height=&#8221;360px&#8221; global_colors_info=&#8221;{}&#8221;][et_pb_row admin_label=&#8221;Rivi &#8211; yl\u00e4kuva&#8221; _builder_version=&#8221;4.27.0&#8243; background_size=&#8221;initial&#8221; background_position=&#8221;top_left&#8221; background_repeat=&#8221;repeat&#8221; global_colors_info=&#8221;{}&#8221;][et_pb_column type=&#8221;4_4&#8243; _builder_version=&#8221;4.16&#8243; custom_padding=&#8221;|||&#8221; global_colors_info=&#8221;{}&#8221; custom_padding__hover=&#8221;|||&#8221;][\/et_pb_column][\/et_pb_row][\/et_pb_section][et_pb_section fb_built=&#8221;1&#8243; _builder_version=&#8221;4.16&#8243; global_colors_info=&#8221;{}&#8221;][et_pb_row _builder_version=&#8221;4.27.0&#8243; background_size=&#8221;initial&#8221; background_position=&#8221;top_left&#8221; background_repeat=&#8221;repeat&#8221; global_colors_info=&#8221;{}&#8221;][et_pb_column type=&#8221;4_4&#8243; _builder_version=&#8221;4.16&#8243; custom_padding=&#8221;|||&#8221; global_colors_info=&#8221;{}&#8221; custom_padding__hover=&#8221;|||&#8221;][et_pb_text admin_label=&#8221;Teksti &#8211; otsikko&#8221; _builder_version=&#8221;4.27.0&#8243; background_enable_image=&#8221;off&#8221; background_position=&#8221;top_center&#8221; background_repeat=&#8221;repeat&#8221; global_colors_info=&#8221;{}&#8221;]<\/p>\n<h1 style=\"text-align: left\">Rotary Training<\/h1>\n<p>[\/et_pb_text][et_pb_text _builder_version=&#8221;4.27.0&#8243; background_size=&#8221;initial&#8221; background_position=&#8221;top_left&#8221; background_repeat=&#8221;repeat&#8221; global_colors_info=&#8221;{}&#8221;]<\/p>\n<p>Training is an important part of Rotary activities! With various trainings aimed at officials and members, we ensure that members have the necessary know-how to handle their duties and deepen the member&#8217;s knowledge of Rotary.<\/p>\n<p>You can find upcoming trainings in the district&#8217;s <a href=\"https:\/\/rotary.fi\/d1420\/en\/news-and-features\/upcoming-events\/\">event calendar<\/a>.<\/p>\n<p>[\/et_pb_text][\/et_pb_column][\/et_pb_row][et_pb_row column_structure=&#8221;1_4,1_4,1_4,1_4&#8243; _builder_version=&#8221;4.27.0&#8243; background_size=&#8221;initial&#8221; background_position=&#8221;top_left&#8221; background_repeat=&#8221;repeat&#8221; global_colors_info=&#8221;{}&#8221;][et_pb_column type=&#8221;1_4&#8243; _builder_version=&#8221;4.16&#8243; custom_padding=&#8221;|||&#8221; global_colors_info=&#8221;{}&#8221; custom_padding__hover=&#8221;|||&#8221;][et_pb_text admin_label=&#8221;Teksti &#8211; piirijohto&#8221; _builder_version=&#8221;4.27.0&#8243; _module_preset=&#8221;default&#8221; custom_margin=&#8221;0px|0px||0px|false|false&#8221; custom_padding=&#8221;10px|10px|10px|10px|false|false&#8221; box_shadow_style=&#8221;preset2&#8243; global_colors_info=&#8221;{}&#8221;]<\/p>\n<h4>District management training<\/h4>\n<p>District officials are trained in annual training events<\/p>\n<p>[\/et_pb_text][\/et_pb_column][et_pb_column type=&#8221;1_4&#8243; _builder_version=&#8221;4.16&#8243; custom_padding=&#8221;|||&#8221; global_colors_info=&#8221;{}&#8221; custom_padding__hover=&#8221;|||&#8221;][et_pb_text admin_label=&#8221;Teksti &#8211; PrePELS ja PELS&#8221; _builder_version=&#8221;4.27.4&#8243; _module_preset=&#8221;default&#8221; custom_padding=&#8221;10px|10px|10px|10px|false|false&#8221; hover_enabled=&#8221;0&#8243; box_shadow_style=&#8221;preset2&#8243; global_colors_info=&#8221;{}&#8221; sticky_enabled=&#8221;0&#8243;]<\/p>\n<h4>PrePELS and PELS<\/h4>\n<p><a href=\"https:\/\/rotary.fi\/d1420\/en\/what-we-do\/prepels-and-pels\/\">A training program<\/a> for club presidents and secretaries of the next rotary year<\/p>\n<p>[\/et_pb_text][\/et_pb_column][et_pb_column type=&#8221;1_4&#8243; _builder_version=&#8221;4.16&#8243; custom_padding=&#8221;|||&#8221; global_colors_info=&#8221;{}&#8221; custom_padding__hover=&#8221;|||&#8221;][et_pb_text admin_label=&#8221;Teksti &#8211; uudet rotarit&#8221; _builder_version=&#8221;4.27.0&#8243; _module_preset=&#8221;default&#8221; custom_padding=&#8221;10px|10px|10px|10px|false|false&#8221; box_shadow_style=&#8221;preset2&#8243; global_colors_info=&#8221;{}&#8221;]<\/p>\n<h4>Self-initiated introduction<\/h4>\n<p><a href=\"https:\/\/rotary.fi\/d1420\/en\/what-we-do\/new-rotarians\/\">Tips and website links<\/a> for new Rotarians<\/p>\n<p>[\/et_pb_text][\/et_pb_column][et_pb_column type=&#8221;1_4&#8243; _builder_version=&#8221;4.16&#8243; custom_padding=&#8221;|||&#8221; global_colors_info=&#8221;{}&#8221; custom_padding__hover=&#8221;|||&#8221;][et_pb_text admin_label=&#8221;Teksti &#8211; syvent\u00e4v\u00e4 rotaryvalmennus&#8221; _builder_version=&#8221;4.27.0&#8243; _module_preset=&#8221;default&#8221; custom_padding=&#8221;10px|10px|10px|10px|false|false&#8221; box_shadow_style=&#8221;preset2&#8243; global_colors_info=&#8221;{}&#8221;]<\/p>\n<h4>In-depth Rotary Training<\/h4>\n<p><a href=\"https:\/\/rotary.fi\/d1420\/en\/what-we-do\/in-depth-rotary-training\/\">Coaching<\/a> for both new and more experienced Rotarians<\/p>\n<p>[\/et_pb_text][\/et_pb_column][\/et_pb_row][\/et_pb_section]<\/p>\n","protected":false},"excerpt":{"rendered":"<p>Rotary TrainingTraining is an important part of Rotary activities! With various trainings aimed at officials and members, we ensure that members have the necessary know-how to handle their duties and deepen the member&#8217;s knowledge of Rotary. You can find upcoming trainings in the district&#8217;s event calendar.District management training District officials are trained in annual training [&hellip;]<\/p>\n","protected":false},"author":26,"featured_media":0,"parent":10496,"menu_order":0,"comment_status":"closed","ping_status":"closed","template":"","meta":{"_acf_changed":false,"_et_pb_use_builder":"on","_et_pb_old_content":"<p>Koulutus on merkitt\u00e4v\u00e4 osa rotaritoimintaa! Erilaisilla j\u00e4senille suunnatuilla valmennuksilla varmistamme sek\u00e4 j\u00e4senen tarvittavan tietotaidon teht\u00e4viens\u00e4 hoitoon ja ett\u00e4 syvenn\u00e4mme j\u00e4senen rotarytietoutta.<\/p><p>Piiri j\u00e4rjest\u00e4\u00e4 koulutusta klubien ja piirin toimihenkil\u00f6ille ja rotareille:<\/p><ul><li>Piirijohdon koulutus<\/li><li>PrePETS ja PETS tuleville toimihenkil\u00f6ille<\/li><li>Syvent\u00e4v\u00e4 Rotaryvalmennus<\/li><\/ul><p>Tulevat koulutukset l\u00f6yd\u00e4t\u00a0 <a href=\"https:\/\/rotary.fi\/d1420\/ajankohtaista\/tapahtumakalenteri\/\">piirin tapahtumakalenterista.<\/a><\/p><p>Lue lis\u00e4\u00e4 koulutuksesta<\/p><ul><li><a href=\"https:\/\/rotary.fi\/d1420\/toimihenkilot\/\">toimihenkil\u00f6ille <\/a><\/li><li><a href=\"https:\/\/rotary.fi\/d1420\/uudet-rotaryt\/\">j\u00e4senille<\/a><\/li><li><a href=\"https:\/\/rotary.fi\/d1420\/syventava-rotaryvalmennus\/\">syvent\u00e4v\u00e4 rotaryvalmennus<\/a><\/li><\/ul>","_et_gb_content_width":"","footnotes":""},"class_list":["post-10142","page","type-page","status-publish","hentry"],"acf":[],"yoast_head":"<!-- This site is optimized with the Yoast SEO plugin v27.4 - https:\/\/yoast.com\/product\/yoast-seo-wordpress\/ -->\n<title>Rotary training - Piiri 1420<\/title>\n<meta name=\"robots\" content=\"index, follow, max-snippet:-1, max-image-preview:large, max-video-preview:-1\" \/>\n<link rel=\"canonical\" href=\"https:\/\/rotary.fi\/d1420\/en\/what-we-do\/rotary-training\/\" \/>\n<meta property=\"og:locale\" content=\"fi_FI\" \/>\n<meta property=\"og:type\" content=\"article\" \/>\n<meta property=\"og:title\" content=\"Rotary training - Piiri 1420\" \/>\n<meta property=\"og:description\" content=\"Rotary TrainingTraining is an important part of Rotary activities! With various trainings aimed at officials and members, we ensure that members have the necessary know-how to handle their duties and deepen the member&#039;s knowledge of Rotary. You can find upcoming trainings in the district&#039;s event calendar.District management training District officials are trained in annual training [&hellip;]\" \/>\n<meta property=\"og:url\" content=\"https:\/\/rotary.fi\/d1420\/en\/what-we-do\/rotary-training\/\" \/>\n<meta property=\"og:site_name\" content=\"Piiri 1420\" \/>\n<meta property=\"article:publisher\" content=\"https:\/\/www.facebook.com\/rotary\/\" \/>\n<meta property=\"article:modified_time\" content=\"2025-07-04T12:40:25+00:00\" \/>\n<meta name=\"twitter:card\" content=\"summary_large_image\" \/>\n<meta name=\"twitter:label1\" content=\"Arvioitu lukuaika\" \/>\n\t<meta name=\"twitter:data1\" content=\"1 minuutti\" \/>\n<script type=\"application\/ld+json\" class=\"yoast-schema-graph\">{\"@context\":\"https:\\\/\\\/schema.org\",\"@graph\":[{\"@type\":\"WebPage\",\"@id\":\"https:\\\/\\\/rotary.fi\\\/d1420\\\/en\\\/what-we-do\\\/rotary-training\\\/\",\"url\":\"https:\\\/\\\/rotary.fi\\\/d1420\\\/en\\\/what-we-do\\\/rotary-training\\\/\",\"name\":\"Rotary training - Piiri 1420\",\"isPartOf\":{\"@id\":\"https:\\\/\\\/rotary.fi\\\/d1420\\\/#website\"},\"datePublished\":\"2024-12-19T09:19:27+00:00\",\"dateModified\":\"2025-07-04T12:40:25+00:00\",\"breadcrumb\":{\"@id\":\"https:\\\/\\\/rotary.fi\\\/d1420\\\/en\\\/what-we-do\\\/rotary-training\\\/#breadcrumb\"},\"inLanguage\":\"fi\",\"potentialAction\":[{\"@type\":\"ReadAction\",\"target\":[\"https:\\\/\\\/rotary.fi\\\/d1420\\\/en\\\/what-we-do\\\/rotary-training\\\/\"]}]},{\"@type\":\"BreadcrumbList\",\"@id\":\"https:\\\/\\\/rotary.fi\\\/d1420\\\/en\\\/what-we-do\\\/rotary-training\\\/#breadcrumb\",\"itemListElement\":[{\"@type\":\"ListItem\",\"position\":1,\"name\":\"Home\",\"item\":\"https:\\\/\\\/rotary.fi\\\/d1420\\\/\"},{\"@type\":\"ListItem\",\"position\":2,\"name\":\"What We Do\",\"item\":\"https:\\\/\\\/rotary.fi\\\/d1420\\\/en\\\/what-we-do\\\/\"},{\"@type\":\"ListItem\",\"position\":3,\"name\":\"Rotary training\"}]},{\"@type\":\"WebSite\",\"@id\":\"https:\\\/\\\/rotary.fi\\\/d1420\\\/#website\",\"url\":\"https:\\\/\\\/rotary.fi\\\/d1420\\\/\",\"name\":\"Piiri 1420\",\"description\":\"Suomen Rotary\",\"potentialAction\":[{\"@type\":\"SearchAction\",\"target\":{\"@type\":\"EntryPoint\",\"urlTemplate\":\"https:\\\/\\\/rotary.fi\\\/d1420\\\/?s={search_term_string}\"},\"query-input\":{\"@type\":\"PropertyValueSpecification\",\"valueRequired\":true,\"valueName\":\"search_term_string\"}}],\"inLanguage\":\"fi\"}]}<\/script>\n<!-- \/ Yoast SEO plugin. -->","yoast_head_json":{"title":"Rotary training - Piiri 1420","robots":{"index":"index","follow":"follow","max-snippet":"max-snippet:-1","max-image-preview":"max-image-preview:large","max-video-preview":"max-video-preview:-1"},"canonical":"https:\/\/rotary.fi\/d1420\/en\/what-we-do\/rotary-training\/","og_locale":"fi_FI","og_type":"article","og_title":"Rotary training - Piiri 1420","og_description":"Rotary TrainingTraining is an important part of Rotary activities! With various trainings aimed at officials and members, we ensure that members have the necessary know-how to handle their duties and deepen the member's knowledge of Rotary. You can find upcoming trainings in the district's event calendar.District management training District officials are trained in annual training [&hellip;]","og_url":"https:\/\/rotary.fi\/d1420\/en\/what-we-do\/rotary-training\/","og_site_name":"Piiri 1420","article_publisher":"https:\/\/www.facebook.com\/rotary\/","article_modified_time":"2025-07-04T12:40:25+00:00","twitter_card":"summary_large_image","twitter_misc":{"Arvioitu lukuaika":"1 minuutti"},"schema":{"@context":"https:\/\/schema.org","@graph":[{"@type":"WebPage","@id":"https:\/\/rotary.fi\/d1420\/en\/what-we-do\/rotary-training\/","url":"https:\/\/rotary.fi\/d1420\/en\/what-we-do\/rotary-training\/","name":"Rotary training - Piiri 1420","isPartOf":{"@id":"https:\/\/rotary.fi\/d1420\/#website"},"datePublished":"2024-12-19T09:19:27+00:00","dateModified":"2025-07-04T12:40:25+00:00","breadcrumb":{"@id":"https:\/\/rotary.fi\/d1420\/en\/what-we-do\/rotary-training\/#breadcrumb"},"inLanguage":"fi","potentialAction":[{"@type":"ReadAction","target":["https:\/\/rotary.fi\/d1420\/en\/what-we-do\/rotary-training\/"]}]},{"@type":"BreadcrumbList","@id":"https:\/\/rotary.fi\/d1420\/en\/what-we-do\/rotary-training\/#breadcrumb","itemListElement":[{"@type":"ListItem","position":1,"name":"Home","item":"https:\/\/rotary.fi\/d1420\/"},{"@type":"ListItem","position":2,"name":"What We Do","item":"https:\/\/rotary.fi\/d1420\/en\/what-we-do\/"},{"@type":"ListItem","position":3,"name":"Rotary training"}]},{"@type":"WebSite","@id":"https:\/\/rotary.fi\/d1420\/#website","url":"https:\/\/rotary.fi\/d1420\/","name":"Piiri 1420","description":"Suomen Rotary","potentialAction":[{"@type":"SearchAction","target":{"@type":"EntryPoint","urlTemplate":"https:\/\/rotary.fi\/d1420\/?s={search_term_string}"},"query-input":{"@type":"PropertyValueSpecification","valueRequired":true,"valueName":"search_term_string"}}],"inLanguage":"fi"}]}},"lang":"en","translations":{"en":10142,"sv":10129,"fi":6239,"et":10151},"pll_sync_post":[],"_links":{"self":[{"href":"https:\/\/rotary.fi\/d1420\/wp-json\/wp\/v2\/pages\/10142","targetHints":{"allow":["GET"]}}],"collection":[{"href":"https:\/\/rotary.fi\/d1420\/wp-json\/wp\/v2\/pages"}],"about":[{"href":"https:\/\/rotary.fi\/d1420\/wp-json\/wp\/v2\/types\/page"}],"author":[{"embeddable":true,"href":"https:\/\/rotary.fi\/d1420\/wp-json\/wp\/v2\/users\/26"}],"replies":[{"embeddable":true,"href":"https:\/\/rotary.fi\/d1420\/wp-json\/wp\/v2\/comments?post=10142"}],"version-history":[{"count":9,"href":"https:\/\/rotary.fi\/d1420\/wp-json\/wp\/v2\/pages\/10142\/revisions"}],"predecessor-version":[{"id":11292,"href":"https:\/\/rotary.fi\/d1420\/wp-json\/wp\/v2\/pages\/10142\/revisions\/11292"}],"up":[{"embeddable":true,"href":"https:\/\/rotary.fi\/d1420\/wp-json\/wp\/v2\/pages\/10496"}],"wp:attachment":[{"href":"https:\/\/rotary.fi\/d1420\/wp-json\/wp\/v2\/media?parent=10142"}],"curies":[{"name":"wp","href":"https:\/\/api.w.org\/{rel}","templated":true}]}}