{"id":8676,"date":"2025-08-01T10:09:38","date_gmt":"2025-08-01T08:09:38","guid":{"rendered":"https:\/\/rotary.fi\/d1410\/?page_id=8676"},"modified":"2025-08-01T10:16:27","modified_gmt":"2025-08-01T08:16:27","slug":"rotary-norden","status":"publish","type":"page","link":"https:\/\/rotary.fi\/d1410\/ajankohtaista\/rotary-norden\/","title":{"rendered":"Rotary Norden"},"content":{"rendered":"<p>[et_pb_section fb_built=&#8221;1&#8243; admin_label=&#8221;section&#8221; _builder_version=&#8221;4.16&#8243; global_colors_info=&#8221;{}&#8221;][et_pb_row column_structure=&#8221;1_2,1_2&#8243; _builder_version=&#8221;4.27.4&#8243; _module_preset=&#8221;default&#8221; global_colors_info=&#8221;{}&#8221;][et_pb_column type=&#8221;1_2&#8243; _builder_version=&#8221;4.27.4&#8243; _module_preset=&#8221;default&#8221; global_colors_info=&#8221;{}&#8221;][et_pb_heading title=&#8221;Rotary Norden -lehti&#8221; _builder_version=&#8221;4.27.4&#8243; _module_preset=&#8221;default&#8221; title_level=&#8221;h2&#8243; title_text_align=&#8221;center&#8221; global_colors_info=&#8221;{}&#8221;][\/et_pb_heading][et_pb_text _builder_version=&#8221;4.27.4&#8243; _module_preset=&#8221;default&#8221; text_font_size=&#8221;20px&#8221; text_orientation=&#8221;center&#8221; global_colors_info=&#8221;{}&#8221;]<\/p>\n<p>&nbsp;<\/p>\n<p style=\"text-align: center\">Lue mit\u00e4 Rotary tekee Suomessa ja muissa Pohjoismaissa!<\/p>\n<p style=\"text-align: center\">Rotary Norden on viiden Pohjoismaan yhteinen j\u00e4senlehti, joka ilmestyy s\u00e4hk\u00f6isesti kuusi kertaa vuodessa.<\/p>\n<p style=\"text-align: center\">Jokaisella maalla on omat sivunsa, joissa kerrotaan klubien ja piirien projekteista. Lehden voi lukea jokaisella pohjoismaisella kielell\u00e4.<\/p>\n<p>&nbsp;<\/p>\n<p>[\/et_pb_text][et_pb_button button_url=&#8221;https:\/\/rotarynorden.e-pages.pub\/titles\/rotaryfinland\/14260&#8243; button_text=&#8221;Lue lehti t\u00e4st\u00e4&#8221; button_alignment=&#8221;center&#8221; _builder_version=&#8221;4.27.4&#8243; _module_preset=&#8221;default&#8221; box_shadow_style=&#8221;preset2&#8243; global_colors_info=&#8221;{}&#8221;][\/et_pb_button][\/et_pb_column][et_pb_column type=&#8221;1_2&#8243; _builder_version=&#8221;4.27.4&#8243; _module_preset=&#8221;default&#8221; global_colors_info=&#8221;{}&#8221;][et_pb_image src=&#8221;https:\/\/rotary.fi\/d1410\/wp-content\/uploads\/sites\/215\/2025\/08\/rotary-norden.png&#8221; alt=&#8221;Rotary Norden -lehti&#8221; title_text=&#8221;rotary-norden&#8221; _builder_version=&#8221;4.27.4&#8243; _module_preset=&#8221;default&#8221; width=&#8221;100%&#8221; module_alignment=&#8221;left&#8221; hover_enabled=&#8221;0&#8243; border_width_all=&#8221;10px&#8221; border_color_all=&#8221;#F8F9FA&#8221; box_shadow_style=&#8221;preset1&#8243; global_colors_info=&#8221;{}&#8221; sticky_enabled=&#8221;0&#8243;][\/et_pb_image][\/et_pb_column][\/et_pb_row][\/et_pb_section]<\/p>\n","protected":false},"excerpt":{"rendered":"<p>&nbsp; Lue mit\u00e4 Rotary tekee Suomessa ja muissa Pohjoismaissa! Rotary Norden on viiden Pohjoismaan yhteinen j\u00e4senlehti, joka ilmestyy s\u00e4hk\u00f6isesti kuusi kertaa vuodessa. Jokaisella maalla on omat sivunsa, joissa kerrotaan klubien ja piirien projekteista. Lehden voi lukea jokaisella pohjoismaisella kielell\u00e4. &nbsp;<\/p>\n","protected":false},"author":805,"featured_media":0,"parent":676,"menu_order":6,"comment_status":"closed","ping_status":"closed","template":"","meta":{"_acf_changed":false,"_et_pb_use_builder":"on","_et_pb_old_content":"","_et_gb_content_width":"","footnotes":""},"class_list":["post-8676","page","type-page","status-publish","hentry"],"acf":[],"yoast_head":"<!-- This site is optimized with the Yoast SEO plugin v27.0 - https:\/\/yoast.com\/product\/yoast-seo-wordpress\/ -->\n<title>Rotary Norden - Piiri 1410<\/title>\n<meta name=\"robots\" content=\"index, follow, max-snippet:-1, max-image-preview:large, max-video-preview:-1\" \/>\n<link rel=\"canonical\" href=\"https:\/\/rotary.fi\/d1410\/ajankohtaista\/rotary-norden\/\" \/>\n<meta property=\"og:locale\" content=\"fi_FI\" \/>\n<meta property=\"og:type\" content=\"article\" \/>\n<meta property=\"og:title\" content=\"Rotary Norden - Piiri 1410\" \/>\n<meta property=\"og:description\" content=\"&nbsp; Lue mit\u00e4 Rotary tekee Suomessa ja muissa Pohjoismaissa! Rotary Norden on viiden Pohjoismaan yhteinen j\u00e4senlehti, joka ilmestyy s\u00e4hk\u00f6isesti kuusi kertaa vuodessa. Jokaisella maalla on omat sivunsa, joissa kerrotaan klubien ja piirien projekteista. Lehden voi lukea jokaisella pohjoismaisella kielell\u00e4. &nbsp;\" \/>\n<meta property=\"og:url\" content=\"https:\/\/rotary.fi\/d1410\/ajankohtaista\/rotary-norden\/\" \/>\n<meta property=\"og:site_name\" content=\"Piiri 1410\" \/>\n<meta property=\"article:publisher\" content=\"https:\/\/www.facebook.com\/rotary\/\" \/>\n<meta property=\"article:modified_time\" content=\"2025-08-01T08:16:27+00:00\" \/>\n<meta name=\"twitter:card\" content=\"summary_large_image\" \/>\n<meta name=\"twitter:label1\" content=\"Arvioitu lukuaika\" \/>\n\t<meta name=\"twitter:data1\" content=\"1 minuutti\" \/>\n<script type=\"application\/ld+json\" class=\"yoast-schema-graph\">{\"@context\":\"https:\/\/schema.org\",\"@graph\":[{\"@type\":\"WebPage\",\"@id\":\"https:\/\/rotary.fi\/d1410\/ajankohtaista\/rotary-norden\/\",\"url\":\"https:\/\/rotary.fi\/d1410\/ajankohtaista\/rotary-norden\/\",\"name\":\"Rotary Norden - Piiri 1410\",\"isPartOf\":{\"@id\":\"https:\/\/rotary.fi\/d1410\/#website\"},\"datePublished\":\"2025-08-01T08:09:38+00:00\",\"dateModified\":\"2025-08-01T08:16:27+00:00\",\"breadcrumb\":{\"@id\":\"https:\/\/rotary.fi\/d1410\/ajankohtaista\/rotary-norden\/#breadcrumb\"},\"inLanguage\":\"fi\",\"potentialAction\":[{\"@type\":\"ReadAction\",\"target\":[\"https:\/\/rotary.fi\/d1410\/ajankohtaista\/rotary-norden\/\"]}]},{\"@type\":\"BreadcrumbList\",\"@id\":\"https:\/\/rotary.fi\/d1410\/ajankohtaista\/rotary-norden\/#breadcrumb\",\"itemListElement\":[{\"@type\":\"ListItem\",\"position\":1,\"name\":\"Home\",\"item\":\"https:\/\/rotary.fi\/d1410\/\"},{\"@type\":\"ListItem\",\"position\":2,\"name\":\"Ajankohtaista\",\"item\":\"https:\/\/rotary.fi\/d1410\/ajankohtaista\/\"},{\"@type\":\"ListItem\",\"position\":3,\"name\":\"Rotary Norden\"}]},{\"@type\":\"WebSite\",\"@id\":\"https:\/\/rotary.fi\/d1410\/#website\",\"url\":\"https:\/\/rotary.fi\/d1410\/\",\"name\":\"Piiri 1410\",\"description\":\"Suomen Rotary\",\"potentialAction\":[{\"@type\":\"SearchAction\",\"target\":{\"@type\":\"EntryPoint\",\"urlTemplate\":\"https:\/\/rotary.fi\/d1410\/?s={search_term_string}\"},\"query-input\":{\"@type\":\"PropertyValueSpecification\",\"valueRequired\":true,\"valueName\":\"search_term_string\"}}],\"inLanguage\":\"fi\"}]}<\/script>\n<!-- \/ Yoast SEO plugin. -->","yoast_head_json":{"title":"Rotary Norden - Piiri 1410","robots":{"index":"index","follow":"follow","max-snippet":"max-snippet:-1","max-image-preview":"max-image-preview:large","max-video-preview":"max-video-preview:-1"},"canonical":"https:\/\/rotary.fi\/d1410\/ajankohtaista\/rotary-norden\/","og_locale":"fi_FI","og_type":"article","og_title":"Rotary Norden - Piiri 1410","og_description":"&nbsp; Lue mit\u00e4 Rotary tekee Suomessa ja muissa Pohjoismaissa! Rotary Norden on viiden Pohjoismaan yhteinen j\u00e4senlehti, joka ilmestyy s\u00e4hk\u00f6isesti kuusi kertaa vuodessa. Jokaisella maalla on omat sivunsa, joissa kerrotaan klubien ja piirien projekteista. Lehden voi lukea jokaisella pohjoismaisella kielell\u00e4. &nbsp;","og_url":"https:\/\/rotary.fi\/d1410\/ajankohtaista\/rotary-norden\/","og_site_name":"Piiri 1410","article_publisher":"https:\/\/www.facebook.com\/rotary\/","article_modified_time":"2025-08-01T08:16:27+00:00","twitter_card":"summary_large_image","twitter_misc":{"Arvioitu lukuaika":"1 minuutti"},"schema":{"@context":"https:\/\/schema.org","@graph":[{"@type":"WebPage","@id":"https:\/\/rotary.fi\/d1410\/ajankohtaista\/rotary-norden\/","url":"https:\/\/rotary.fi\/d1410\/ajankohtaista\/rotary-norden\/","name":"Rotary Norden - Piiri 1410","isPartOf":{"@id":"https:\/\/rotary.fi\/d1410\/#website"},"datePublished":"2025-08-01T08:09:38+00:00","dateModified":"2025-08-01T08:16:27+00:00","breadcrumb":{"@id":"https:\/\/rotary.fi\/d1410\/ajankohtaista\/rotary-norden\/#breadcrumb"},"inLanguage":"fi","potentialAction":[{"@type":"ReadAction","target":["https:\/\/rotary.fi\/d1410\/ajankohtaista\/rotary-norden\/"]}]},{"@type":"BreadcrumbList","@id":"https:\/\/rotary.fi\/d1410\/ajankohtaista\/rotary-norden\/#breadcrumb","itemListElement":[{"@type":"ListItem","position":1,"name":"Home","item":"https:\/\/rotary.fi\/d1410\/"},{"@type":"ListItem","position":2,"name":"Ajankohtaista","item":"https:\/\/rotary.fi\/d1410\/ajankohtaista\/"},{"@type":"ListItem","position":3,"name":"Rotary Norden"}]},{"@type":"WebSite","@id":"https:\/\/rotary.fi\/d1410\/#website","url":"https:\/\/rotary.fi\/d1410\/","name":"Piiri 1410","description":"Suomen Rotary","potentialAction":[{"@type":"SearchAction","target":{"@type":"EntryPoint","urlTemplate":"https:\/\/rotary.fi\/d1410\/?s={search_term_string}"},"query-input":{"@type":"PropertyValueSpecification","valueRequired":true,"valueName":"search_term_string"}}],"inLanguage":"fi"}]}},"lang":"fi","translations":{"fi":8676,"sv":8704},"pll_sync_post":[],"_links":{"self":[{"href":"https:\/\/rotary.fi\/d1410\/wp-json\/wp\/v2\/pages\/8676","targetHints":{"allow":["GET"]}}],"collection":[{"href":"https:\/\/rotary.fi\/d1410\/wp-json\/wp\/v2\/pages"}],"about":[{"href":"https:\/\/rotary.fi\/d1410\/wp-json\/wp\/v2\/types\/page"}],"author":[{"embeddable":true,"href":"https:\/\/rotary.fi\/d1410\/wp-json\/wp\/v2\/users\/805"}],"replies":[{"embeddable":true,"href":"https:\/\/rotary.fi\/d1410\/wp-json\/wp\/v2\/comments?post=8676"}],"version-history":[{"count":10,"href":"https:\/\/rotary.fi\/d1410\/wp-json\/wp\/v2\/pages\/8676\/revisions"}],"predecessor-version":[{"id":8703,"href":"https:\/\/rotary.fi\/d1410\/wp-json\/wp\/v2\/pages\/8676\/revisions\/8703"}],"up":[{"embeddable":true,"href":"https:\/\/rotary.fi\/d1410\/wp-json\/wp\/v2\/pages\/676"}],"wp:attachment":[{"href":"https:\/\/rotary.fi\/d1410\/wp-json\/wp\/v2\/media?parent=8676"}],"curies":[{"name":"wp","href":"https:\/\/api.w.org\/{rel}","templated":true}]}}