{"id":7529,"date":"2024-08-05T10:02:11","date_gmt":"2024-08-05T08:02:11","guid":{"rendered":"https:\/\/rotary.fi\/d1410\/?page_id=7529"},"modified":"2024-08-05T11:41:39","modified_gmt":"2024-08-05T09:41:39","slug":"livet-med-rotary","status":"publish","type":"page","link":"https:\/\/rotary.fi\/d1410\/sv\/livet-med-rotary\/","title":{"rendered":"Livet med Rotary"},"content":{"rendered":"<p>[et_pb_section fb_built=&#8221;1&#8243; module_class=&#8221;jumbotron-page&#8221; _builder_version=&#8221;4.17.4&#8243; background_image=&#8221;https:\/\/rotary.fi\/d1410\/wp-content\/uploads\/sites\/215\/2021\/06\/putsaari1-pienempi.jpg&#8221; global_colors_info=&#8221;{}&#8221; theme_builder_area=&#8221;post_content&#8221;][et_pb_row module_class=&#8221; et_pb_row_fullwidth&#8221; _builder_version=&#8221;4.16&#8243; width=&#8221;89%&#8221; width_tablet=&#8221;80%&#8221; width_phone=&#8221;&#8221; width_last_edited=&#8221;on|desktop&#8221; max_width=&#8221;89%&#8221; max_width_tablet=&#8221;80%&#8221; max_width_phone=&#8221;&#8221; max_width_last_edited=&#8221;on|desktop&#8221; make_fullwidth=&#8221;on&#8221; global_colors_info=&#8221;{}&#8221; theme_builder_area=&#8221;post_content&#8221;][et_pb_column type=&#8221;4_4&#8243; _builder_version=&#8221;4.16&#8243; custom_padding=&#8221;|||&#8221; global_colors_info=&#8221;{}&#8221; custom_padding__hover=&#8221;|||&#8221; theme_builder_area=&#8221;post_content&#8221;][et_pb_text admin_label=&#8221;Livet med Rotary -otsikko&#8221; _builder_version=&#8221;4.25.2&#8243; text_orientation=&#8221;center&#8221; background_layout=&#8221;dark&#8221; hover_enabled=&#8221;0&#8243; global_colors_info=&#8221;{}&#8221; theme_builder_area=&#8221;post_content&#8221; sticky_enabled=&#8221;0&#8243;]<\/p>\n<h1>Livet med Rotary<\/h1>\n<p>[\/et_pb_text][\/et_pb_column][\/et_pb_row][\/et_pb_section][et_pb_section fb_built=&#8221;1&#8243; module_class=&#8221;sisaltoalue_perus&#8221; _builder_version=&#8221;4.16&#8243; background_size=&#8221;initial&#8221; background_position=&#8221;top_left&#8221; background_repeat=&#8221;repeat&#8221; global_colors_info=&#8221;{}&#8221; theme_builder_area=&#8221;post_content&#8221;][et_pb_row custom_padding_last_edited=&#8221;on|phone&#8221; _builder_version=&#8221;4.16&#8243; custom_padding=&#8221;46.6875px|0px|63px|0px&#8221; custom_padding_tablet=&#8221;&#8221; custom_padding_phone=&#8221;&#8221; global_colors_info=&#8221;{}&#8221; theme_builder_area=&#8221;post_content&#8221;][et_pb_column type=&#8221;4_4&#8243; _builder_version=&#8221;4.16&#8243; custom_padding=&#8221;|||&#8221; global_colors_info=&#8221;{}&#8221; custom_padding__hover=&#8221;|||&#8221; theme_builder_area=&#8221;post_content&#8221;][et_pb_text admin_label=&#8221;Livet med Rotary -otsikko&#8221; _builder_version=&#8221;4.25.2&#8243; text_orientation=&#8221;center&#8221; hover_enabled=&#8221;0&#8243; global_colors_info=&#8221;{}&#8221; theme_builder_area=&#8221;post_content&#8221; sticky_enabled=&#8221;0&#8243;]<\/p>\n<h1>Livet med Rotary<\/h1>\n<p>[\/et_pb_text][et_pb_code admin_label=&#8221;Artikkelit listattuna&#8221; module_class=&#8221;kaikki_ajankohtaiset&#8221; _builder_version=&#8221;4.25.2&#8243; hover_enabled=&#8221;0&#8243; locked=&#8221;off&#8221; global_colors_info=&#8221;{}&#8221; theme_builder_area=&#8221;post_content&#8221; sticky_enabled=&#8221;0&#8243;]<ul class=\"display-posts-listing\"><li class=\"listing-item\"><a class=\"title\" href=\"https:\/\/rotary.fi\/d1410\/sv\/blog\/bilder-fran-distriktskonferensen\/\">Bilder fr\u00e5n distriktskonferensen<\/a><\/li><li class=\"listing-item\"><a class=\"title\" href=\"https:\/\/rotary.fi\/d1410\/sv\/blog\/pelsen-holls-den-7-3-2026\/\">PELS\u00b4en h\u00f6lls den 7.3.2026<\/a><\/li><li class=\"listing-item\"><a class=\"title\" href=\"https:\/\/rotary.fi\/d1410\/sv\/blog\/ansokan-om-distriktsbidrag-for-rotaryaret-2026-2027\/\">Ans\u00f6kan om distriktsbidrag f\u00f6r rotary\u00e5ret 2026\u20132027<\/a><\/li><li class=\"listing-item\"><a class=\"title\" href=\"https:\/\/rotary.fi\/d1410\/sv\/blog\/nyheter-fran-distriktets-hostseminarium\/\">Nyheter fr\u00e5n distriktets h\u00f6stseminarium<\/a><\/li><li class=\"listing-item\"><a class=\"title\" href=\"https:\/\/rotary.fi\/d1410\/sv\/blog\/det-hander-i-salo\/\">Det h\u00e4nder i Salo<\/a><\/li><li class=\"listing-item\"><a class=\"title\" href=\"https:\/\/rotary.fi\/d1410\/sv\/blog\/utbytesstudenternas-kamp\/\">Utbytesstudenternas l\u00e4gret<\/a><\/li><li class=\"listing-item\"><a class=\"title\" href=\"https:\/\/rotary.fi\/d1410\/sv\/blog\/kom-med-oss-pa-varldspoliodagen-den-24-10\/\">Kom med oss p\u00e5 v\u00e4rldspoliodagen den 24.10.<\/a><\/li><li class=\"listing-item\"><a class=\"title\" href=\"https:\/\/rotary.fi\/d1410\/sv\/blog\/guvernorens-august-halsning\/\">Guvern\u00f6rens august h\u00e4lsning<\/a><\/li><li class=\"listing-item\"><a class=\"title\" href=\"https:\/\/rotary.fi\/d1410\/sv\/blog\/lat-oss-tillsammans-skapa-en-fantastisk-varldspoliodag-24-10-2025\/\">L\u00e5t oss tillsammans skapa en fantastisk v\u00e4rldspoliodag 24.10.2025<\/a><\/li><li class=\"listing-item\"><a class=\"title\" href=\"https:\/\/rotary.fi\/d1410\/sv\/blog\/guvernorens-sommarhalsning-2025\/\">Guvern\u00f6rens sommarh\u00e4lsning 2025<\/a><\/li><li class=\"listing-item\"><a class=\"title\" href=\"https:\/\/rotary.fi\/d1410\/sv\/blog\/inbjudan-hostmote-unite-for-good-lat-oss-gora-gott-tillsammans\/\">Inbjudan: H\u00f6stm\u00f6te &#8211; Unite for good &#8211; L\u00e5t oss g\u00f6ra gott tillsammans<\/a><\/li><li class=\"listing-item\"><a class=\"title\" href=\"https:\/\/rotary.fi\/d1410\/sv\/blog\/mikko-lindeman-tack-till-er-alla-tillsammans-ar-vi-handlingskraftiga-manniskor\/\">Mikko Lindeman, Tack till er alla \u2013 Tillsammans \u00e4r vi handlingskraftiga m\u00e4nniskor!<\/a><\/li><li class=\"listing-item\"><a class=\"title\" href=\"https:\/\/rotary.fi\/d1410\/sv\/blog\/rotakids-manadsbrev\/\">RotaKids m\u00e5nadsbrev<\/a><\/li><li class=\"listing-item\"><a class=\"title\" href=\"https:\/\/rotary.fi\/d1410\/sv\/blog\/dgnd-tiina-sjolund\/\">DGNd Tiina Sj\u00f6lund<\/a><\/li><li class=\"listing-item\"><a class=\"title\" href=\"https:\/\/rotary.fi\/d1410\/sv\/blog\/rainer-huopalahti-ar-region-9-miljokommittens-ordforande-och-distriktets-miljokommittens-ordforande\/\">Rainer Huopalahti \u00e4r Region 9 milj\u00f6kommitt\u00e9ns ordf\u00f6rande och Distriktets milj\u00f6kommitt\u00e9ns ordf\u00f6rande<\/a><\/li><li class=\"listing-item\"><a class=\"title\" href=\"https:\/\/rotary.fi\/d1410\/sv\/blog\/distriktets-ungdomsutbytets-vinterdagar-i-ellivuori-ski-center\/\">Distriktets ungdomsutbytets vinterdagar\u00a0i Ellivuori Ski Center.<\/a><\/li><li class=\"listing-item\"><a class=\"title\" href=\"https:\/\/rotary.fi\/d1410\/sv\/blog\/vi-tog-en-tripp-till-indien-for-att-traffa-vanner\/\">Vi tog en tripp till Indien f\u00f6r att tr\u00e4ffa v\u00e4nner!<\/a><\/li><li class=\"listing-item\"><a class=\"title\" href=\"https:\/\/rotary.fi\/d1410\/sv\/blog\/valgorenhetsauktion-fungerar-som-en-effektiv-insamlingsmetod-for-kyrosjarvi-rotaryklubb\/\">V\u00e4lg\u00f6renhetsauktion fungerar som en effektiv insamlingsmetod f\u00f6r Kyr\u00f6sj\u00e4rvi Rotaryklubb<\/a><\/li><li class=\"listing-item\"><a class=\"title\" href=\"https:\/\/rotary.fi\/d1410\/sv\/blog\/pertti-haavisto-ar-assisterande-guvernor-for-regionen-1\/\">Pertti Haavisto \u00e4r assisterande guvern\u00f6r f\u00f6r regionen 1.<\/a><\/li><li class=\"listing-item\"><a class=\"title\" href=\"https:\/\/rotary.fi\/d1410\/sv\/blog\/distriktsansokan-rotaryaret-2025-2026\/\">Distriktsans\u00f6kan rotary\u00e5ret 2025-2026<\/a><\/li><\/ul>[\/et_pb_code][\/et_pb_column][\/et_pb_row][\/et_pb_section]<\/p>\n","protected":false},"excerpt":{"rendered":"<p>[et_pb_section fb_built=&#8221;1&#8243; module_class=&#8221;jumbotron-page&#8221; _builder_version=&#8221;4.17.4&#8243; background_image=&#8221;https:\/\/rotary.fi\/d1410\/wp-content\/uploads\/sites\/215\/2021\/06\/putsaari1-pienempi.jpg&#8221; global_colors_info=&#8221;{}&#8221; theme_builder_area=&#8221;post_content&#8221;][et_pb_row module_class=&#8221; et_pb_row_fullwidth&#8221; _builder_version=&#8221;4.16&#8243; width=&#8221;89%&#8221; width_tablet=&#8221;80%&#8221; width_phone=&#8221;&#8221; width_last_edited=&#8221;on|desktop&#8221; max_width=&#8221;89%&#8221; max_width_tablet=&#8221;80%&#8221; max_width_phone=&#8221;&#8221; max_width_last_edited=&#8221;on|desktop&#8221; make_fullwidth=&#8221;on&#8221; global_colors_info=&#8221;{}&#8221; theme_builder_area=&#8221;post_content&#8221;][et_pb_column type=&#8221;4_4&#8243; _builder_version=&#8221;4.16&#8243; custom_padding=&#8221;|||&#8221; global_colors_info=&#8221;{}&#8221; custom_padding__hover=&#8221;|||&#8221; theme_builder_area=&#8221;post_content&#8221;][et_pb_text admin_label=&#8221;Livet med Rotary -otsikko&#8221; _builder_version=&#8221;4.25.2&#8243; text_orientation=&#8221;center&#8221; background_layout=&#8221;dark&#8221; hover_enabled=&#8221;0&#8243; global_colors_info=&#8221;{}&#8221; theme_builder_area=&#8221;post_content&#8221; sticky_enabled=&#8221;0&#8243;] Livet med Rotary [\/et_pb_text][\/et_pb_column][\/et_pb_row][\/et_pb_section][et_pb_section fb_built=&#8221;1&#8243; module_class=&#8221;sisaltoalue_perus&#8221; _builder_version=&#8221;4.16&#8243; background_size=&#8221;initial&#8221; background_position=&#8221;top_left&#8221; background_repeat=&#8221;repeat&#8221; global_colors_info=&#8221;{}&#8221; theme_builder_area=&#8221;post_content&#8221;][et_pb_row custom_padding_last_edited=&#8221;on|phone&#8221; _builder_version=&#8221;4.16&#8243; custom_padding=&#8221;46.6875px|0px|63px|0px&#8221; custom_padding_tablet=&#8221;&#8221; custom_padding_phone=&#8221;&#8221; [&hellip;]<\/p>\n","protected":false},"author":1,"featured_media":0,"parent":0,"menu_order":0,"comment_status":"closed","ping_status":"closed","template":"","meta":{"_acf_changed":false,"_et_pb_use_builder":"on","_et_pb_old_content":"","_et_gb_content_width":"","footnotes":""},"class_list":["post-7529","page","type-page","status-publish","hentry"],"acf":[],"yoast_head":"<!-- This site is optimized with the Yoast SEO plugin v27.4 - https:\/\/yoast.com\/product\/yoast-seo-wordpress\/ -->\n<title>Livet med Rotary - Piiri 1410<\/title>\n<meta name=\"robots\" content=\"index, follow, max-snippet:-1, max-image-preview:large, max-video-preview:-1\" \/>\n<link rel=\"canonical\" href=\"https:\/\/rotary.fi\/d1410\/sv\/livet-med-rotary\/\" \/>\n<meta property=\"og:locale\" content=\"fi_FI\" \/>\n<meta property=\"og:type\" content=\"article\" \/>\n<meta property=\"og:title\" content=\"Livet med Rotary - Piiri 1410\" \/>\n<meta property=\"og:description\" content=\"[et_pb_section fb_built=&#8221;1&#8243; module_class=&#8221;jumbotron-page&#8221; _builder_version=&#8221;4.17.4&#8243; background_image=&#8221;https:\/\/rotary.fi\/d1410\/wp-content\/uploads\/sites\/215\/2021\/06\/putsaari1-pienempi.jpg&#8221; global_colors_info=&#8221;{}&#8221; theme_builder_area=&#8221;post_content&#8221;][et_pb_row module_class=&#8221; et_pb_row_fullwidth&#8221; _builder_version=&#8221;4.16&#8243; width=&#8221;89%&#8221; width_tablet=&#8221;80%&#8221; width_phone=&#8221;&#8221; width_last_edited=&#8221;on|desktop&#8221; max_width=&#8221;89%&#8221; max_width_tablet=&#8221;80%&#8221; max_width_phone=&#8221;&#8221; max_width_last_edited=&#8221;on|desktop&#8221; make_fullwidth=&#8221;on&#8221; global_colors_info=&#8221;{}&#8221; theme_builder_area=&#8221;post_content&#8221;][et_pb_column type=&#8221;4_4&#8243; _builder_version=&#8221;4.16&#8243; custom_padding=&#8221;|||&#8221; global_colors_info=&#8221;{}&#8221; custom_padding__hover=&#8221;|||&#8221; theme_builder_area=&#8221;post_content&#8221;][et_pb_text admin_label=&#8221;Livet med Rotary -otsikko&#8221; _builder_version=&#8221;4.25.2&#8243; text_orientation=&#8221;center&#8221; background_layout=&#8221;dark&#8221; hover_enabled=&#8221;0&#8243; global_colors_info=&#8221;{}&#8221; theme_builder_area=&#8221;post_content&#8221; sticky_enabled=&#8221;0&#8243;] Livet med Rotary [\/et_pb_text][\/et_pb_column][\/et_pb_row][\/et_pb_section][et_pb_section fb_built=&#8221;1&#8243; module_class=&#8221;sisaltoalue_perus&#8221; _builder_version=&#8221;4.16&#8243; background_size=&#8221;initial&#8221; background_position=&#8221;top_left&#8221; background_repeat=&#8221;repeat&#8221; global_colors_info=&#8221;{}&#8221; theme_builder_area=&#8221;post_content&#8221;][et_pb_row custom_padding_last_edited=&#8221;on|phone&#8221; _builder_version=&#8221;4.16&#8243; custom_padding=&#8221;46.6875px|0px|63px|0px&#8221; custom_padding_tablet=&#8221;&#8221; custom_padding_phone=&#8221;&#8221; [&hellip;]\" \/>\n<meta property=\"og:url\" content=\"https:\/\/rotary.fi\/d1410\/sv\/livet-med-rotary\/\" \/>\n<meta property=\"og:site_name\" content=\"Piiri 1410\" \/>\n<meta property=\"article:publisher\" content=\"https:\/\/www.facebook.com\/rotary\/\" \/>\n<meta property=\"article:modified_time\" content=\"2024-08-05T09:41:39+00:00\" \/>\n<meta name=\"twitter:card\" content=\"summary_large_image\" \/>\n<meta name=\"twitter:label1\" content=\"Arvioitu lukuaika\" \/>\n\t<meta name=\"twitter:data1\" content=\"1 minuutti\" \/>\n<script type=\"application\/ld+json\" class=\"yoast-schema-graph\">{\"@context\":\"https:\\\/\\\/schema.org\",\"@graph\":[{\"@type\":\"WebPage\",\"@id\":\"https:\\\/\\\/rotary.fi\\\/d1410\\\/sv\\\/livet-med-rotary\\\/\",\"url\":\"https:\\\/\\\/rotary.fi\\\/d1410\\\/sv\\\/livet-med-rotary\\\/\",\"name\":\"Livet med Rotary - Piiri 1410\",\"isPartOf\":{\"@id\":\"https:\\\/\\\/rotary.fi\\\/d1410\\\/#website\"},\"datePublished\":\"2024-08-05T08:02:11+00:00\",\"dateModified\":\"2024-08-05T09:41:39+00:00\",\"breadcrumb\":{\"@id\":\"https:\\\/\\\/rotary.fi\\\/d1410\\\/sv\\\/livet-med-rotary\\\/#breadcrumb\"},\"inLanguage\":\"fi\",\"potentialAction\":[{\"@type\":\"ReadAction\",\"target\":[\"https:\\\/\\\/rotary.fi\\\/d1410\\\/sv\\\/livet-med-rotary\\\/\"]}]},{\"@type\":\"BreadcrumbList\",\"@id\":\"https:\\\/\\\/rotary.fi\\\/d1410\\\/sv\\\/livet-med-rotary\\\/#breadcrumb\",\"itemListElement\":[{\"@type\":\"ListItem\",\"position\":1,\"name\":\"Home\",\"item\":\"https:\\\/\\\/rotary.fi\\\/d1410\\\/\"},{\"@type\":\"ListItem\",\"position\":2,\"name\":\"Livet med Rotary\"}]},{\"@type\":\"WebSite\",\"@id\":\"https:\\\/\\\/rotary.fi\\\/d1410\\\/#website\",\"url\":\"https:\\\/\\\/rotary.fi\\\/d1410\\\/\",\"name\":\"Piiri 1410\",\"description\":\"Suomen Rotary\",\"potentialAction\":[{\"@type\":\"SearchAction\",\"target\":{\"@type\":\"EntryPoint\",\"urlTemplate\":\"https:\\\/\\\/rotary.fi\\\/d1410\\\/?s={search_term_string}\"},\"query-input\":{\"@type\":\"PropertyValueSpecification\",\"valueRequired\":true,\"valueName\":\"search_term_string\"}}],\"inLanguage\":\"fi\"}]}<\/script>\n<!-- \/ Yoast SEO plugin. -->","yoast_head_json":{"title":"Livet med Rotary - Piiri 1410","robots":{"index":"index","follow":"follow","max-snippet":"max-snippet:-1","max-image-preview":"max-image-preview:large","max-video-preview":"max-video-preview:-1"},"canonical":"https:\/\/rotary.fi\/d1410\/sv\/livet-med-rotary\/","og_locale":"fi_FI","og_type":"article","og_title":"Livet med Rotary - Piiri 1410","og_description":"[et_pb_section fb_built=&#8221;1&#8243; module_class=&#8221;jumbotron-page&#8221; _builder_version=&#8221;4.17.4&#8243; background_image=&#8221;https:\/\/rotary.fi\/d1410\/wp-content\/uploads\/sites\/215\/2021\/06\/putsaari1-pienempi.jpg&#8221; global_colors_info=&#8221;{}&#8221; theme_builder_area=&#8221;post_content&#8221;][et_pb_row module_class=&#8221; et_pb_row_fullwidth&#8221; _builder_version=&#8221;4.16&#8243; width=&#8221;89%&#8221; width_tablet=&#8221;80%&#8221; width_phone=&#8221;&#8221; width_last_edited=&#8221;on|desktop&#8221; max_width=&#8221;89%&#8221; max_width_tablet=&#8221;80%&#8221; max_width_phone=&#8221;&#8221; max_width_last_edited=&#8221;on|desktop&#8221; make_fullwidth=&#8221;on&#8221; global_colors_info=&#8221;{}&#8221; theme_builder_area=&#8221;post_content&#8221;][et_pb_column type=&#8221;4_4&#8243; _builder_version=&#8221;4.16&#8243; custom_padding=&#8221;|||&#8221; global_colors_info=&#8221;{}&#8221; custom_padding__hover=&#8221;|||&#8221; theme_builder_area=&#8221;post_content&#8221;][et_pb_text admin_label=&#8221;Livet med Rotary -otsikko&#8221; _builder_version=&#8221;4.25.2&#8243; text_orientation=&#8221;center&#8221; background_layout=&#8221;dark&#8221; hover_enabled=&#8221;0&#8243; global_colors_info=&#8221;{}&#8221; theme_builder_area=&#8221;post_content&#8221; sticky_enabled=&#8221;0&#8243;] Livet med Rotary [\/et_pb_text][\/et_pb_column][\/et_pb_row][\/et_pb_section][et_pb_section fb_built=&#8221;1&#8243; module_class=&#8221;sisaltoalue_perus&#8221; _builder_version=&#8221;4.16&#8243; background_size=&#8221;initial&#8221; background_position=&#8221;top_left&#8221; background_repeat=&#8221;repeat&#8221; global_colors_info=&#8221;{}&#8221; theme_builder_area=&#8221;post_content&#8221;][et_pb_row custom_padding_last_edited=&#8221;on|phone&#8221; _builder_version=&#8221;4.16&#8243; custom_padding=&#8221;46.6875px|0px|63px|0px&#8221; custom_padding_tablet=&#8221;&#8221; custom_padding_phone=&#8221;&#8221; [&hellip;]","og_url":"https:\/\/rotary.fi\/d1410\/sv\/livet-med-rotary\/","og_site_name":"Piiri 1410","article_publisher":"https:\/\/www.facebook.com\/rotary\/","article_modified_time":"2024-08-05T09:41:39+00:00","twitter_card":"summary_large_image","twitter_misc":{"Arvioitu lukuaika":"1 minuutti"},"schema":{"@context":"https:\/\/schema.org","@graph":[{"@type":"WebPage","@id":"https:\/\/rotary.fi\/d1410\/sv\/livet-med-rotary\/","url":"https:\/\/rotary.fi\/d1410\/sv\/livet-med-rotary\/","name":"Livet med Rotary - Piiri 1410","isPartOf":{"@id":"https:\/\/rotary.fi\/d1410\/#website"},"datePublished":"2024-08-05T08:02:11+00:00","dateModified":"2024-08-05T09:41:39+00:00","breadcrumb":{"@id":"https:\/\/rotary.fi\/d1410\/sv\/livet-med-rotary\/#breadcrumb"},"inLanguage":"fi","potentialAction":[{"@type":"ReadAction","target":["https:\/\/rotary.fi\/d1410\/sv\/livet-med-rotary\/"]}]},{"@type":"BreadcrumbList","@id":"https:\/\/rotary.fi\/d1410\/sv\/livet-med-rotary\/#breadcrumb","itemListElement":[{"@type":"ListItem","position":1,"name":"Home","item":"https:\/\/rotary.fi\/d1410\/"},{"@type":"ListItem","position":2,"name":"Livet med Rotary"}]},{"@type":"WebSite","@id":"https:\/\/rotary.fi\/d1410\/#website","url":"https:\/\/rotary.fi\/d1410\/","name":"Piiri 1410","description":"Suomen Rotary","potentialAction":[{"@type":"SearchAction","target":{"@type":"EntryPoint","urlTemplate":"https:\/\/rotary.fi\/d1410\/?s={search_term_string}"},"query-input":{"@type":"PropertyValueSpecification","valueRequired":true,"valueName":"search_term_string"}}],"inLanguage":"fi"}]}},"lang":"sv","translations":{"sv":7529,"fi":7527,"en":7530},"pll_sync_post":[],"_links":{"self":[{"href":"https:\/\/rotary.fi\/d1410\/wp-json\/wp\/v2\/pages\/7529","targetHints":{"allow":["GET"]}}],"collection":[{"href":"https:\/\/rotary.fi\/d1410\/wp-json\/wp\/v2\/pages"}],"about":[{"href":"https:\/\/rotary.fi\/d1410\/wp-json\/wp\/v2\/types\/page"}],"author":[{"embeddable":true,"href":"https:\/\/rotary.fi\/d1410\/wp-json\/wp\/v2\/users\/1"}],"replies":[{"embeddable":true,"href":"https:\/\/rotary.fi\/d1410\/wp-json\/wp\/v2\/comments?post=7529"}],"version-history":[{"count":2,"href":"https:\/\/rotary.fi\/d1410\/wp-json\/wp\/v2\/pages\/7529\/revisions"}],"predecessor-version":[{"id":7547,"href":"https:\/\/rotary.fi\/d1410\/wp-json\/wp\/v2\/pages\/7529\/revisions\/7547"}],"wp:attachment":[{"href":"https:\/\/rotary.fi\/d1410\/wp-json\/wp\/v2\/media?parent=7529"}],"curies":[{"name":"wp","href":"https:\/\/api.w.org\/{rel}","templated":true}]}}