{"id":7527,"date":"2024-08-05T10:01:28","date_gmt":"2024-08-05T08:01:28","guid":{"rendered":"https:\/\/rotary.fi\/d1410\/?page_id=7527"},"modified":"2024-08-05T11:33:36","modified_gmt":"2024-08-05T09:33:36","slug":"rotaryelamaa","status":"publish","type":"page","link":"https:\/\/rotary.fi\/d1410\/rotaryelamaa\/","title":{"rendered":"Rotaryel\u00e4m\u00e4\u00e4"},"content":{"rendered":"<p>[et_pb_section fb_built=&#8221;1&#8243; module_class=&#8221;jumbotron-page&#8221; _builder_version=&#8221;4.17.4&#8243; background_image=&#8221;https:\/\/rotary.fi\/d1410\/wp-content\/uploads\/sites\/215\/2021\/06\/putsaari1-pienempi.jpg&#8221; global_colors_info=&#8221;{}&#8221; theme_builder_area=&#8221;post_content&#8221;][et_pb_row module_class=&#8221; et_pb_row_fullwidth&#8221; _builder_version=&#8221;4.16&#8243; width=&#8221;89%&#8221; width_tablet=&#8221;80%&#8221; width_phone=&#8221;&#8221; width_last_edited=&#8221;on|desktop&#8221; max_width=&#8221;89%&#8221; max_width_tablet=&#8221;80%&#8221; max_width_phone=&#8221;&#8221; max_width_last_edited=&#8221;on|desktop&#8221; make_fullwidth=&#8221;on&#8221; global_colors_info=&#8221;{}&#8221; theme_builder_area=&#8221;post_content&#8221;][et_pb_column type=&#8221;4_4&#8243; _builder_version=&#8221;4.16&#8243; custom_padding=&#8221;|||&#8221; global_colors_info=&#8221;{}&#8221; custom_padding__hover=&#8221;|||&#8221; theme_builder_area=&#8221;post_content&#8221;][et_pb_text admin_label=&#8221;Rotaryel\u00e4m\u00e4\u00e4 -otsikko&#8221; _builder_version=&#8221;4.25.2&#8243; text_orientation=&#8221;center&#8221; background_layout=&#8221;dark&#8221; hover_enabled=&#8221;0&#8243; global_colors_info=&#8221;{}&#8221; theme_builder_area=&#8221;post_content&#8221; sticky_enabled=&#8221;0&#8243;]<\/p>\n<h1>Rotaryel\u00e4m\u00e4\u00e4<\/h1>\n<p>[\/et_pb_text][\/et_pb_column][\/et_pb_row][\/et_pb_section][et_pb_section fb_built=&#8221;1&#8243; module_class=&#8221;sisaltoalue_perus&#8221; _builder_version=&#8221;4.16&#8243; background_size=&#8221;initial&#8221; background_position=&#8221;top_left&#8221; background_repeat=&#8221;repeat&#8221; global_colors_info=&#8221;{}&#8221; theme_builder_area=&#8221;post_content&#8221;][et_pb_row custom_padding_last_edited=&#8221;on|phone&#8221; _builder_version=&#8221;4.16&#8243; custom_padding=&#8221;46.6875px|0px|63px|0px&#8221; custom_padding_tablet=&#8221;&#8221; custom_padding_phone=&#8221;&#8221; global_colors_info=&#8221;{}&#8221; theme_builder_area=&#8221;post_content&#8221;][et_pb_column type=&#8221;4_4&#8243; _builder_version=&#8221;4.16&#8243; custom_padding=&#8221;|||&#8221; global_colors_info=&#8221;{}&#8221; custom_padding__hover=&#8221;|||&#8221; theme_builder_area=&#8221;post_content&#8221;][et_pb_text admin_label=&#8221;Rotaryel\u00e4m\u00e4\u00e4 -otsikko&#8221; _builder_version=&#8221;4.25.2&#8243; text_orientation=&#8221;center&#8221; global_colors_info=&#8221;{}&#8221; theme_builder_area=&#8221;post_content&#8221;]<\/p>\n<h1>Rotaryel\u00e4m\u00e4\u00e4<\/h1>\n<p>[\/et_pb_text][et_pb_code admin_label=&#8221;Artikkelit listattuna&#8221; module_class=&#8221;kaikki_ajankohtaiset&#8221; _builder_version=&#8221;4.25.2&#8243; hover_enabled=&#8221;0&#8243; locked=&#8221;off&#8221; global_colors_info=&#8221;{}&#8221; theme_builder_area=&#8221;post_content&#8221; sticky_enabled=&#8221;0&#8243;]<ul class=\"display-posts-listing\"><li class=\"listing-item\"><a class=\"title\" href=\"https:\/\/rotary.fi\/d1410\/blog\/kuvamuistoja-piirikonferenssista\/\">Kuvamuistoja piirikonferenssista<\/a><\/li><li class=\"listing-item\"><a class=\"title\" href=\"https:\/\/rotary.fi\/d1410\/blog\/verkkosivujen-paivittamisesta\/\">Verkkosivujen p\u00e4ivitt\u00e4misest\u00e4<\/a><\/li><li class=\"listing-item\"><a class=\"title\" href=\"https:\/\/rotary.fi\/d1410\/blog\/pidettiinpa-pels-7-3-2026\/\">Pidettiinp\u00e4 PELS 7.3.2026<\/a><\/li><li class=\"listing-item\"><a class=\"title\" href=\"https:\/\/rotary.fi\/d1410\/blog\/rotarypiirin-1410-golfmestaruuskisa-29-8-yyteri-golfissa\/\">Rotarypiirin 1410 golfmestaruuskisa 29.8. Yyteri Golfissa<\/a><\/li><li class=\"listing-item\"><a class=\"title\" href=\"https:\/\/rotary.fi\/d1410\/blog\/piiriapurahaa-haettavissa-rotaryvuoden-26-27-hankkeille\/\">Piiriapurahaa haettavissa rotaryvuoden 26-27 hankkeille<\/a><\/li><li class=\"listing-item\"><a class=\"title\" href=\"https:\/\/rotary.fi\/d1410\/blog\/rotaryn-120v-ajan-hermolla\/\">Rotary Revolution video<\/a><\/li><li class=\"listing-item\"><a class=\"title\" href=\"https:\/\/rotary.fi\/d1410\/blog\/syysseminaarin-uutiskirje\/\">Syysseminaarin uutiskirje<\/a><\/li><li class=\"listing-item\"><a class=\"title\" href=\"https:\/\/rotary.fi\/d1410\/blog\/hyvantekevaisyyskonsertti-porissa-15-10-2025\/\">Hyv\u00e4ntekev\u00e4isyyskonsertti Porissa 15.10.2025<\/a><\/li><li class=\"listing-item\"><a class=\"title\" href=\"https:\/\/rotary.fi\/d1410\/blog\/rauhan-seminaari-30-10-2025\/\">Rauhan seminaari 30.10.2025<\/a><\/li><li class=\"listing-item\"><a class=\"title\" href=\"https:\/\/rotary.fi\/d1410\/blog\/rotating-rotary-camp\/\">Rotating Rotary Camp<\/a><\/li><li class=\"listing-item\"><a class=\"title\" href=\"https:\/\/rotary.fi\/d1410\/blog\/verkkosivujen-video-ohjekirjasto\/\">Verkkosivujen video-ohjekirjasto<\/a><\/li><li class=\"listing-item\"><a class=\"title\" href=\"https:\/\/rotary.fi\/d1410\/blog\/harjavallan-rotaryklubi-juhlistaa-70-vuotistaivaltaan\/\">Harjavallan Rotaryklubi juhlistaa 70-vuotistaivaltaan<\/a><\/li><li class=\"listing-item\"><a class=\"title\" href=\"https:\/\/rotary.fi\/d1410\/blog\/lisaa-tietoa-rotarysta\/\">Lis\u00e4\u00e4 tietoa Rotaryst\u00e4<\/a><\/li><li class=\"listing-item\"><a class=\"title\" href=\"https:\/\/rotary.fi\/d1410\/blog\/salossa-tapahtuu\/\">Salossa tapahtuu<\/a><\/li><li class=\"listing-item\"><a class=\"title\" href=\"https:\/\/rotary.fi\/d1410\/blog\/vaihto-oppilaiden-orientaatioleiri-2025\/\">Vaihto-oppilaiden orientaatioleiri 2025<\/a><\/li><li class=\"listing-item\"><a class=\"title\" href=\"https:\/\/rotary.fi\/d1410\/blog\/mukaan-maailman-poliopaivaan-24-10\/\">Mukaan maailman poliop\u00e4iv\u00e4\u00e4n 24.10.<\/a><\/li><li class=\"listing-item\"><a class=\"title\" href=\"https:\/\/rotary.fi\/d1410\/blog\/rotarians-against-malaria-toimintaryhman-englanninkielinen-uutiskirje\/\">Rotarians against malaria &#8211; toimintaryhm\u00e4n englanninkielinen uutiskirje<\/a><\/li><li class=\"listing-item\"><a class=\"title\" href=\"https:\/\/rotary.fi\/d1410\/blog\/kuvernoorin-elotervehdys-2025\/\">Kuvern\u00f6\u00f6rin Elotervehdys 2025<\/a><\/li><li class=\"listing-item\"><a class=\"title\" href=\"https:\/\/rotary.fi\/d1410\/blog\/rotaryt-okrassa\/\">Rotaryt Okrassa<\/a><\/li><li class=\"listing-item\"><a class=\"title\" href=\"https:\/\/rotary.fi\/d1410\/blog\/tehdaan-yhdessa-upea-maailman-poliopaiva-24-10-2025\/\">Tehd\u00e4\u00e4n yhdess\u00e4 upea Maailman poliop\u00e4iv\u00e4 24.10.2025<\/a><\/li><\/ul>[\/et_pb_code][\/et_pb_column][\/et_pb_row][\/et_pb_section]<\/p>\n","protected":false},"excerpt":{"rendered":"<p>[et_pb_section fb_built=&#8221;1&#8243; module_class=&#8221;jumbotron-page&#8221; _builder_version=&#8221;4.17.4&#8243; background_image=&#8221;https:\/\/rotary.fi\/d1410\/wp-content\/uploads\/sites\/215\/2021\/06\/putsaari1-pienempi.jpg&#8221; global_colors_info=&#8221;{}&#8221; theme_builder_area=&#8221;post_content&#8221;][et_pb_row module_class=&#8221; et_pb_row_fullwidth&#8221; _builder_version=&#8221;4.16&#8243; width=&#8221;89%&#8221; width_tablet=&#8221;80%&#8221; width_phone=&#8221;&#8221; width_last_edited=&#8221;on|desktop&#8221; max_width=&#8221;89%&#8221; max_width_tablet=&#8221;80%&#8221; max_width_phone=&#8221;&#8221; max_width_last_edited=&#8221;on|desktop&#8221; make_fullwidth=&#8221;on&#8221; global_colors_info=&#8221;{}&#8221; theme_builder_area=&#8221;post_content&#8221;][et_pb_column type=&#8221;4_4&#8243; _builder_version=&#8221;4.16&#8243; custom_padding=&#8221;|||&#8221; global_colors_info=&#8221;{}&#8221; custom_padding__hover=&#8221;|||&#8221; theme_builder_area=&#8221;post_content&#8221;][et_pb_text admin_label=&#8221;Rotaryel\u00e4m\u00e4\u00e4 -otsikko&#8221; _builder_version=&#8221;4.25.2&#8243; text_orientation=&#8221;center&#8221; background_layout=&#8221;dark&#8221; hover_enabled=&#8221;0&#8243; global_colors_info=&#8221;{}&#8221; theme_builder_area=&#8221;post_content&#8221; sticky_enabled=&#8221;0&#8243;] Rotaryel\u00e4m\u00e4\u00e4 [\/et_pb_text][\/et_pb_column][\/et_pb_row][\/et_pb_section][et_pb_section fb_built=&#8221;1&#8243; module_class=&#8221;sisaltoalue_perus&#8221; _builder_version=&#8221;4.16&#8243; background_size=&#8221;initial&#8221; background_position=&#8221;top_left&#8221; background_repeat=&#8221;repeat&#8221; global_colors_info=&#8221;{}&#8221; theme_builder_area=&#8221;post_content&#8221;][et_pb_row custom_padding_last_edited=&#8221;on|phone&#8221; _builder_version=&#8221;4.16&#8243; custom_padding=&#8221;46.6875px|0px|63px|0px&#8221; custom_padding_tablet=&#8221;&#8221; custom_padding_phone=&#8221;&#8221; global_colors_info=&#8221;{}&#8221; theme_builder_area=&#8221;post_content&#8221;][et_pb_column type=&#8221;4_4&#8243; _builder_version=&#8221;4.16&#8243; [&hellip;]<\/p>\n","protected":false},"author":1,"featured_media":0,"parent":0,"menu_order":0,"comment_status":"closed","ping_status":"closed","template":"","meta":{"_acf_changed":false,"_et_pb_use_builder":"on","_et_pb_old_content":"","_et_gb_content_width":"","footnotes":""},"class_list":["post-7527","page","type-page","status-publish","hentry"],"acf":[],"yoast_head":"<!-- This site is optimized with the Yoast SEO plugin v27.4 - https:\/\/yoast.com\/product\/yoast-seo-wordpress\/ -->\n<title>Rotaryel\u00e4m\u00e4\u00e4 - Piiri 1410<\/title>\n<meta name=\"robots\" content=\"index, follow, max-snippet:-1, max-image-preview:large, max-video-preview:-1\" \/>\n<link rel=\"canonical\" href=\"https:\/\/rotary.fi\/d1410\/rotaryelamaa\/\" \/>\n<meta property=\"og:locale\" content=\"fi_FI\" \/>\n<meta property=\"og:type\" content=\"article\" \/>\n<meta property=\"og:title\" content=\"Rotaryel\u00e4m\u00e4\u00e4 - Piiri 1410\" \/>\n<meta property=\"og:description\" content=\"[et_pb_section fb_built=&#8221;1&#8243; module_class=&#8221;jumbotron-page&#8221; _builder_version=&#8221;4.17.4&#8243; background_image=&#8221;https:\/\/rotary.fi\/d1410\/wp-content\/uploads\/sites\/215\/2021\/06\/putsaari1-pienempi.jpg&#8221; global_colors_info=&#8221;{}&#8221; theme_builder_area=&#8221;post_content&#8221;][et_pb_row module_class=&#8221; et_pb_row_fullwidth&#8221; _builder_version=&#8221;4.16&#8243; width=&#8221;89%&#8221; width_tablet=&#8221;80%&#8221; width_phone=&#8221;&#8221; width_last_edited=&#8221;on|desktop&#8221; max_width=&#8221;89%&#8221; max_width_tablet=&#8221;80%&#8221; max_width_phone=&#8221;&#8221; max_width_last_edited=&#8221;on|desktop&#8221; make_fullwidth=&#8221;on&#8221; global_colors_info=&#8221;{}&#8221; theme_builder_area=&#8221;post_content&#8221;][et_pb_column type=&#8221;4_4&#8243; _builder_version=&#8221;4.16&#8243; custom_padding=&#8221;|||&#8221; global_colors_info=&#8221;{}&#8221; custom_padding__hover=&#8221;|||&#8221; theme_builder_area=&#8221;post_content&#8221;][et_pb_text admin_label=&#8221;Rotaryel\u00e4m\u00e4\u00e4 -otsikko&#8221; _builder_version=&#8221;4.25.2&#8243; text_orientation=&#8221;center&#8221; background_layout=&#8221;dark&#8221; hover_enabled=&#8221;0&#8243; global_colors_info=&#8221;{}&#8221; theme_builder_area=&#8221;post_content&#8221; sticky_enabled=&#8221;0&#8243;] Rotaryel\u00e4m\u00e4\u00e4 [\/et_pb_text][\/et_pb_column][\/et_pb_row][\/et_pb_section][et_pb_section fb_built=&#8221;1&#8243; module_class=&#8221;sisaltoalue_perus&#8221; _builder_version=&#8221;4.16&#8243; background_size=&#8221;initial&#8221; background_position=&#8221;top_left&#8221; background_repeat=&#8221;repeat&#8221; global_colors_info=&#8221;{}&#8221; theme_builder_area=&#8221;post_content&#8221;][et_pb_row custom_padding_last_edited=&#8221;on|phone&#8221; _builder_version=&#8221;4.16&#8243; custom_padding=&#8221;46.6875px|0px|63px|0px&#8221; custom_padding_tablet=&#8221;&#8221; custom_padding_phone=&#8221;&#8221; global_colors_info=&#8221;{}&#8221; theme_builder_area=&#8221;post_content&#8221;][et_pb_column type=&#8221;4_4&#8243; _builder_version=&#8221;4.16&#8243; [&hellip;]\" \/>\n<meta property=\"og:url\" content=\"https:\/\/rotary.fi\/d1410\/rotaryelamaa\/\" \/>\n<meta property=\"og:site_name\" content=\"Piiri 1410\" \/>\n<meta property=\"article:publisher\" content=\"https:\/\/www.facebook.com\/rotary\/\" \/>\n<meta property=\"article:modified_time\" content=\"2024-08-05T09:33:36+00:00\" \/>\n<meta name=\"twitter:card\" content=\"summary_large_image\" \/>\n<meta name=\"twitter:label1\" content=\"Arvioitu lukuaika\" \/>\n\t<meta name=\"twitter:data1\" content=\"1 minuutti\" \/>\n<script type=\"application\/ld+json\" class=\"yoast-schema-graph\">{\"@context\":\"https:\\\/\\\/schema.org\",\"@graph\":[{\"@type\":\"WebPage\",\"@id\":\"https:\\\/\\\/rotary.fi\\\/d1410\\\/rotaryelamaa\\\/\",\"url\":\"https:\\\/\\\/rotary.fi\\\/d1410\\\/rotaryelamaa\\\/\",\"name\":\"Rotaryel\u00e4m\u00e4\u00e4 - Piiri 1410\",\"isPartOf\":{\"@id\":\"https:\\\/\\\/rotary.fi\\\/d1410\\\/#website\"},\"datePublished\":\"2024-08-05T08:01:28+00:00\",\"dateModified\":\"2024-08-05T09:33:36+00:00\",\"breadcrumb\":{\"@id\":\"https:\\\/\\\/rotary.fi\\\/d1410\\\/rotaryelamaa\\\/#breadcrumb\"},\"inLanguage\":\"fi\",\"potentialAction\":[{\"@type\":\"ReadAction\",\"target\":[\"https:\\\/\\\/rotary.fi\\\/d1410\\\/rotaryelamaa\\\/\"]}]},{\"@type\":\"BreadcrumbList\",\"@id\":\"https:\\\/\\\/rotary.fi\\\/d1410\\\/rotaryelamaa\\\/#breadcrumb\",\"itemListElement\":[{\"@type\":\"ListItem\",\"position\":1,\"name\":\"Home\",\"item\":\"https:\\\/\\\/rotary.fi\\\/d1410\\\/\"},{\"@type\":\"ListItem\",\"position\":2,\"name\":\"Rotaryel\u00e4m\u00e4\u00e4\"}]},{\"@type\":\"WebSite\",\"@id\":\"https:\\\/\\\/rotary.fi\\\/d1410\\\/#website\",\"url\":\"https:\\\/\\\/rotary.fi\\\/d1410\\\/\",\"name\":\"Piiri 1410\",\"description\":\"Suomen Rotary\",\"potentialAction\":[{\"@type\":\"SearchAction\",\"target\":{\"@type\":\"EntryPoint\",\"urlTemplate\":\"https:\\\/\\\/rotary.fi\\\/d1410\\\/?s={search_term_string}\"},\"query-input\":{\"@type\":\"PropertyValueSpecification\",\"valueRequired\":true,\"valueName\":\"search_term_string\"}}],\"inLanguage\":\"fi\"}]}<\/script>\n<!-- \/ Yoast SEO plugin. -->","yoast_head_json":{"title":"Rotaryel\u00e4m\u00e4\u00e4 - Piiri 1410","robots":{"index":"index","follow":"follow","max-snippet":"max-snippet:-1","max-image-preview":"max-image-preview:large","max-video-preview":"max-video-preview:-1"},"canonical":"https:\/\/rotary.fi\/d1410\/rotaryelamaa\/","og_locale":"fi_FI","og_type":"article","og_title":"Rotaryel\u00e4m\u00e4\u00e4 - Piiri 1410","og_description":"[et_pb_section fb_built=&#8221;1&#8243; module_class=&#8221;jumbotron-page&#8221; _builder_version=&#8221;4.17.4&#8243; background_image=&#8221;https:\/\/rotary.fi\/d1410\/wp-content\/uploads\/sites\/215\/2021\/06\/putsaari1-pienempi.jpg&#8221; global_colors_info=&#8221;{}&#8221; theme_builder_area=&#8221;post_content&#8221;][et_pb_row module_class=&#8221; et_pb_row_fullwidth&#8221; _builder_version=&#8221;4.16&#8243; width=&#8221;89%&#8221; width_tablet=&#8221;80%&#8221; width_phone=&#8221;&#8221; width_last_edited=&#8221;on|desktop&#8221; max_width=&#8221;89%&#8221; max_width_tablet=&#8221;80%&#8221; max_width_phone=&#8221;&#8221; max_width_last_edited=&#8221;on|desktop&#8221; make_fullwidth=&#8221;on&#8221; global_colors_info=&#8221;{}&#8221; theme_builder_area=&#8221;post_content&#8221;][et_pb_column type=&#8221;4_4&#8243; _builder_version=&#8221;4.16&#8243; custom_padding=&#8221;|||&#8221; global_colors_info=&#8221;{}&#8221; custom_padding__hover=&#8221;|||&#8221; theme_builder_area=&#8221;post_content&#8221;][et_pb_text admin_label=&#8221;Rotaryel\u00e4m\u00e4\u00e4 -otsikko&#8221; _builder_version=&#8221;4.25.2&#8243; text_orientation=&#8221;center&#8221; background_layout=&#8221;dark&#8221; hover_enabled=&#8221;0&#8243; global_colors_info=&#8221;{}&#8221; theme_builder_area=&#8221;post_content&#8221; sticky_enabled=&#8221;0&#8243;] Rotaryel\u00e4m\u00e4\u00e4 [\/et_pb_text][\/et_pb_column][\/et_pb_row][\/et_pb_section][et_pb_section fb_built=&#8221;1&#8243; module_class=&#8221;sisaltoalue_perus&#8221; _builder_version=&#8221;4.16&#8243; background_size=&#8221;initial&#8221; background_position=&#8221;top_left&#8221; background_repeat=&#8221;repeat&#8221; global_colors_info=&#8221;{}&#8221; theme_builder_area=&#8221;post_content&#8221;][et_pb_row custom_padding_last_edited=&#8221;on|phone&#8221; _builder_version=&#8221;4.16&#8243; custom_padding=&#8221;46.6875px|0px|63px|0px&#8221; custom_padding_tablet=&#8221;&#8221; custom_padding_phone=&#8221;&#8221; global_colors_info=&#8221;{}&#8221; theme_builder_area=&#8221;post_content&#8221;][et_pb_column type=&#8221;4_4&#8243; _builder_version=&#8221;4.16&#8243; [&hellip;]","og_url":"https:\/\/rotary.fi\/d1410\/rotaryelamaa\/","og_site_name":"Piiri 1410","article_publisher":"https:\/\/www.facebook.com\/rotary\/","article_modified_time":"2024-08-05T09:33:36+00:00","twitter_card":"summary_large_image","twitter_misc":{"Arvioitu lukuaika":"1 minuutti"},"schema":{"@context":"https:\/\/schema.org","@graph":[{"@type":"WebPage","@id":"https:\/\/rotary.fi\/d1410\/rotaryelamaa\/","url":"https:\/\/rotary.fi\/d1410\/rotaryelamaa\/","name":"Rotaryel\u00e4m\u00e4\u00e4 - Piiri 1410","isPartOf":{"@id":"https:\/\/rotary.fi\/d1410\/#website"},"datePublished":"2024-08-05T08:01:28+00:00","dateModified":"2024-08-05T09:33:36+00:00","breadcrumb":{"@id":"https:\/\/rotary.fi\/d1410\/rotaryelamaa\/#breadcrumb"},"inLanguage":"fi","potentialAction":[{"@type":"ReadAction","target":["https:\/\/rotary.fi\/d1410\/rotaryelamaa\/"]}]},{"@type":"BreadcrumbList","@id":"https:\/\/rotary.fi\/d1410\/rotaryelamaa\/#breadcrumb","itemListElement":[{"@type":"ListItem","position":1,"name":"Home","item":"https:\/\/rotary.fi\/d1410\/"},{"@type":"ListItem","position":2,"name":"Rotaryel\u00e4m\u00e4\u00e4"}]},{"@type":"WebSite","@id":"https:\/\/rotary.fi\/d1410\/#website","url":"https:\/\/rotary.fi\/d1410\/","name":"Piiri 1410","description":"Suomen Rotary","potentialAction":[{"@type":"SearchAction","target":{"@type":"EntryPoint","urlTemplate":"https:\/\/rotary.fi\/d1410\/?s={search_term_string}"},"query-input":{"@type":"PropertyValueSpecification","valueRequired":true,"valueName":"search_term_string"}}],"inLanguage":"fi"}]}},"lang":"fi","translations":{"fi":7527,"sv":7529,"en":7530},"pll_sync_post":[],"_links":{"self":[{"href":"https:\/\/rotary.fi\/d1410\/wp-json\/wp\/v2\/pages\/7527","targetHints":{"allow":["GET"]}}],"collection":[{"href":"https:\/\/rotary.fi\/d1410\/wp-json\/wp\/v2\/pages"}],"about":[{"href":"https:\/\/rotary.fi\/d1410\/wp-json\/wp\/v2\/types\/page"}],"author":[{"embeddable":true,"href":"https:\/\/rotary.fi\/d1410\/wp-json\/wp\/v2\/users\/1"}],"replies":[{"embeddable":true,"href":"https:\/\/rotary.fi\/d1410\/wp-json\/wp\/v2\/comments?post=7527"}],"version-history":[{"count":3,"href":"https:\/\/rotary.fi\/d1410\/wp-json\/wp\/v2\/pages\/7527\/revisions"}],"predecessor-version":[{"id":7541,"href":"https:\/\/rotary.fi\/d1410\/wp-json\/wp\/v2\/pages\/7527\/revisions\/7541"}],"wp:attachment":[{"href":"https:\/\/rotary.fi\/d1410\/wp-json\/wp\/v2\/media?parent=7527"}],"curies":[{"name":"wp","href":"https:\/\/api.w.org\/{rel}","templated":true}]}}