{"id":6847,"date":"2024-03-20T11:41:17","date_gmt":"2024-03-20T09:41:17","guid":{"rendered":"https:\/\/rotary.fi\/d1410\/?page_id=6847"},"modified":"2024-09-06T17:16:30","modified_gmt":"2024-09-06T15:16:30","slug":"tutustu-painopistealueiden-projekteihin","status":"publish","type":"page","link":"https:\/\/rotary.fi\/d1410\/tutustu-painopistealueiden-projekteihin\/","title":{"rendered":"Tutustu painopistealueiden projekteihin"},"content":{"rendered":"<p>[et_pb_section fb_built=&#8221;1&#8243; _builder_version=&#8221;4.22.1&#8243; _module_preset=&#8221;default&#8221; hover_enabled=&#8221;0&#8243; global_colors_info=&#8221;{}&#8221; sticky_enabled=&#8221;0&#8243;][et_pb_row column_structure=&#8221;2_5,3_5&#8243; _builder_version=&#8221;4.22.1&#8243; _module_preset=&#8221;default&#8221; global_colors_info=&#8221;{}&#8221;][et_pb_column type=&#8221;2_5&#8243; _builder_version=&#8221;4.22.1&#8243; _module_preset=&#8221;default&#8221; global_colors_info=&#8221;{}&#8221;][et_pb_image src=&#8221;https:\/\/rotary.fi\/d1410\/wp-content\/uploads\/sites\/215\/2024\/03\/sininen-pysty.png&#8221; title_text=&#8221;sininen-pysty&#8221; _builder_version=&#8221;4.22.1&#8243; _module_preset=&#8221;default&#8221; global_colors_info=&#8221;{}&#8221;][\/et_pb_image][\/et_pb_column][et_pb_column type=&#8221;3_5&#8243; _builder_version=&#8221;4.22.1&#8243; _module_preset=&#8221;default&#8221; global_colors_info=&#8221;{}&#8221;][et_pb_heading title=&#8221;Rakennamme rauhaa:&#8221; _builder_version=&#8221;4.22.1&#8243; _module_preset=&#8221;default&#8221; title_level=&#8221;h3&#8243; title_text_color=&#8221;#263B4C&#8221; global_colors_info=&#8221;{}&#8221;][\/et_pb_heading][et_pb_text _builder_version=&#8221;4.22.1&#8243; _module_preset=&#8221;default&#8221; global_colors_info=&#8221;{}&#8221;]<\/p>\n<p>Rotaryn seitsem\u00e4n rauhankeskusta yhteisty\u00f6ss\u00e4 johtavien yliopistojen kanssa kouluttavat opiskelijoita kest\u00e4v\u00e4n positiivisen rauhan rakentamisessa.<\/p>\n<p><a href=\"https:\/\/rotary.fi\/d1410\/rauha\/rauhantyota-kaytannossa\/\"><strong>\u00bb Lue lis\u00e4\u00e4<\/strong><\/a><br \/><a href=\"https:\/\/rotary.fi\/d1410\/ota-yhteytta\/\"><strong>\u00bb Olen kiinnostunut<\/strong><\/a><\/p>\n<p>[\/et_pb_text][\/et_pb_column][\/et_pb_row][et_pb_row column_structure=&#8221;2_5,3_5&#8243; _builder_version=&#8221;4.22.1&#8243; _module_preset=&#8221;default&#8221; global_colors_info=&#8221;{}&#8221;][et_pb_column type=&#8221;2_5&#8243; _builder_version=&#8221;4.22.1&#8243; _module_preset=&#8221;default&#8221; global_colors_info=&#8221;{}&#8221;][et_pb_image src=&#8221;https:\/\/rotary.fi\/d1410\/wp-content\/uploads\/sites\/215\/2024\/03\/punainen-pysty.png&#8221; title_text=&#8221;punainen-pysty&#8221; _builder_version=&#8221;4.22.1&#8243; _module_preset=&#8221;default&#8221; global_colors_info=&#8221;{}&#8221;][\/et_pb_image][\/et_pb_column][et_pb_column type=&#8221;3_5&#8243; _builder_version=&#8221;4.22.1&#8243; _module_preset=&#8221;default&#8221; global_colors_info=&#8221;{}&#8221;][et_pb_heading title=&#8221;Rotarien yli 35 v ponnistus toimii:&#8221; _builder_version=&#8221;4.22.1&#8243; _module_preset=&#8221;default&#8221; title_level=&#8221;h3&#8243; title_text_color=&#8221;#263B4C&#8221; global_colors_info=&#8221;{}&#8221;][\/et_pb_heading][et_pb_text _builder_version=&#8221;4.27.0&#8243; _module_preset=&#8221;default&#8221; hover_enabled=&#8221;0&#8243; global_colors_info=&#8221;{}&#8221; sticky_enabled=&#8221;0&#8243;]<\/p>\n<p>Muutama poliotapaus on valitettavasti viel\u00e4 l\u00f6ytynyt t\u00e4n\u00e4kin vuonna. Aikaisintaan 2027 voidaan koko maapallo julistaa poliovapaaksi!<\/p>\n<p><a href=\"https:\/\/rotary.fi\/d1410\/blog\/poliosta\/\"><strong>\u00bb <\/strong><span style=\"font-size: 16px;font-weight: bold\">Lue lis<\/span><strong>\u00e4\u00e4<\/strong><\/a><br \/><a href=\"https:\/\/rotary.fi\/d1410\/blog\/yhdessa-me-havitamme-polion\/\"><strong>\u00bb Lue lis\u00e4\u00e4<\/strong><\/a><br \/><a href=\"https:\/\/rotary.fi\/d1410\/ota-yhteytta\/\"><strong>\u00bb Olen kiinnostunut<\/strong><\/a><\/p>\n<p>[\/et_pb_text][\/et_pb_column][\/et_pb_row][et_pb_row column_structure=&#8221;2_5,3_5&#8243; _builder_version=&#8221;4.27.0&#8243; _module_preset=&#8221;default&#8221; hover_enabled=&#8221;0&#8243; global_colors_info=&#8221;{}&#8221; sticky_enabled=&#8221;0&#8243;][et_pb_column type=&#8221;2_5&#8243; _builder_version=&#8221;4.22.1&#8243; _module_preset=&#8221;default&#8221; global_colors_info=&#8221;{}&#8221;][et_pb_image src=&#8221;https:\/\/rotary.fi\/d1410\/wp-content\/uploads\/sites\/215\/2024\/03\/sininen-pysty-1.png&#8221; title_text=&#8221;sininen-pysty&#8221; _builder_version=&#8221;4.22.1&#8243; _module_preset=&#8221;default&#8221; global_colors_info=&#8221;{}&#8221;][\/et_pb_image][\/et_pb_column][et_pb_column type=&#8221;3_5&#8243; _builder_version=&#8221;4.22.1&#8243; _module_preset=&#8221;default&#8221; global_colors_info=&#8221;{}&#8221;][et_pb_heading title=&#8221;Huolehdimme puhtaasta vedest\u00e4, sanitaatiosta ja hygieniasta:&#8221; _builder_version=&#8221;4.22.1&#8243; _module_preset=&#8221;default&#8221; title_level=&#8221;h3&#8243; title_text_color=&#8221;#263B4C&#8221; global_colors_info=&#8221;{}&#8221;][\/et_pb_heading][et_pb_text _builder_version=&#8221;4.22.1&#8243; _module_preset=&#8221;default&#8221; hover_enabled=&#8221;0&#8243; global_colors_info=&#8221;{}&#8221; sticky_enabled=&#8221;0&#8243;]<\/p>\n<p>Dagabo ja Siraba koulujen ja kylien tukiprojekti Malissa.<\/p>\n<p><a href=\"https:\/\/rotary.fi\/d1410\/blog\/dagabo-ja-siraba-koulujen-ja-kylien-tukiprojekti-malissa\/\"><strong>\u00bb Lue lis\u00e4\u00e4<\/strong><\/a><br \/><a href=\"https:\/\/rotary.fi\/d1410\/ota-yhteytta\/\"><strong>\u00bb Olen kiinnostunut<\/strong><\/a><\/p>\n<p>[\/et_pb_text][\/et_pb_column][\/et_pb_row][et_pb_row column_structure=&#8221;2_5,3_5&#8243; _builder_version=&#8221;4.22.1&#8243; _module_preset=&#8221;default&#8221; global_colors_info=&#8221;{}&#8221;][et_pb_column type=&#8221;2_5&#8243; _builder_version=&#8221;4.22.1&#8243; _module_preset=&#8221;default&#8221; global_colors_info=&#8221;{}&#8221;][et_pb_image src=&#8221;https:\/\/rotary.fi\/d1410\/wp-content\/uploads\/sites\/215\/2024\/03\/lila-pysty.png&#8221; title_text=&#8221;lila-pysty&#8221; admin_label=&#8221;Kuva&#8221; _builder_version=&#8221;4.22.1&#8243; _module_preset=&#8221;default&#8221; global_colors_info=&#8221;{}&#8221;][\/et_pb_image][\/et_pb_column][et_pb_column type=&#8221;3_5&#8243; _builder_version=&#8221;4.22.1&#8243; _module_preset=&#8221;default&#8221; global_colors_info=&#8221;{}&#8221;][et_pb_heading title=&#8221;Pelastamme \u00e4itej\u00e4 ja lapsia:&#8221; _builder_version=&#8221;4.22.1&#8243; _module_preset=&#8221;default&#8221; title_level=&#8221;h3&#8243; title_text_color=&#8221;#263B4C&#8221; global_colors_info=&#8221;{}&#8221;][\/et_pb_heading][et_pb_text _builder_version=&#8221;4.22.1&#8243; _module_preset=&#8221;default&#8221; hover_enabled=&#8221;0&#8243; global_colors_info=&#8221;{}&#8221; sticky_enabled=&#8221;0&#8243;]<\/p>\n<p>Rotarit ja Turun Yliopistollinen Keskussairaala auttamassa \u00e4itej\u00e4 ja keskoslapsia maailmalla.<\/p>\n<p><a href=\"https:\/\/rotary.fi\/d1410\/blog\/family-centred-care\/\"><strong>\u00bb Lue lis\u00e4\u00e4<\/strong><\/a><br \/><a href=\"https:\/\/rotary.fi\/d1410\/ota-yhteytta\/\"><strong>\u00bb Olen kiinnostunut<\/strong><\/a><\/p>\n<p>[\/et_pb_text][\/et_pb_column][\/et_pb_row][et_pb_row column_structure=&#8221;2_5,3_5&#8243; _builder_version=&#8221;4.22.1&#8243; _module_preset=&#8221;default&#8221; global_colors_info=&#8221;{}&#8221;][et_pb_column type=&#8221;2_5&#8243; _builder_version=&#8221;4.22.1&#8243; _module_preset=&#8221;default&#8221; global_colors_info=&#8221;{}&#8221;][et_pb_image src=&#8221;https:\/\/rotary.fi\/d1410\/wp-content\/uploads\/sites\/215\/2024\/03\/oranssi-pysty.png&#8221; title_text=&#8221;oranssi-pysty&#8221; admin_label=&#8221;Kuva&#8221; _builder_version=&#8221;4.22.1&#8243; _module_preset=&#8221;default&#8221; global_colors_info=&#8221;{}&#8221;][\/et_pb_image][\/et_pb_column][et_pb_column type=&#8221;3_5&#8243; _builder_version=&#8221;4.22.1&#8243; _module_preset=&#8221;default&#8221; global_colors_info=&#8221;{}&#8221;][et_pb_heading title=&#8221;Tuemme koulutusta:&#8221; _builder_version=&#8221;4.22.1&#8243; _module_preset=&#8221;default&#8221; title_level=&#8221;h3&#8243; title_text_color=&#8221;#263B4C&#8221; global_colors_info=&#8221;{}&#8221;][\/et_pb_heading][et_pb_text _builder_version=&#8221;4.22.1&#8243; _module_preset=&#8221;default&#8221; global_colors_info=&#8221;{}&#8221;]<\/p>\n<p>Rotarit auttavat turkulaisia maahanmuuttajia puhumaan suomea ja p\u00e4\u00e4sem\u00e4\u00e4n el\u00e4m\u00e4ss\u00e4 eteenp\u00e4in.<\/p>\n<p><strong><a href=\"https:\/\/turunrotaryklubi.fi\/project\/suomella-eteenpain\/\">\u00bb Lue lis\u00e4\u00e4<\/a><\/strong><br \/><a href=\"https:\/\/rotary.fi\/d1410\/ota-yhteytta\/\"><strong>\u00bb Olen kiinnostunut<\/strong><\/a><\/p>\n<p>[\/et_pb_text][\/et_pb_column][\/et_pb_row][et_pb_row column_structure=&#8221;2_5,3_5&#8243; _builder_version=&#8221;4.22.1&#8243; _module_preset=&#8221;default&#8221; global_colors_info=&#8221;{}&#8221;][et_pb_column type=&#8221;2_5&#8243; _builder_version=&#8221;4.22.1&#8243; _module_preset=&#8221;default&#8221; global_colors_info=&#8221;{}&#8221;][et_pb_image src=&#8221;https:\/\/rotary.fi\/d1410\/wp-content\/uploads\/sites\/215\/2024\/03\/turkoosi-pysty.png&#8221; title_text=&#8221;turkoosi-pysty&#8221; admin_label=&#8221;Kuva&#8221; _builder_version=&#8221;4.22.1&#8243; _module_preset=&#8221;default&#8221; global_colors_info=&#8221;{}&#8221;][\/et_pb_image][\/et_pb_column][et_pb_column type=&#8221;3_5&#8243; _builder_version=&#8221;4.22.1&#8243; _module_preset=&#8221;default&#8221; global_colors_info=&#8221;{}&#8221;][et_pb_heading title=&#8221;Kasvatamme paikallistalouksia:&#8221; _builder_version=&#8221;4.22.1&#8243; _module_preset=&#8221;default&#8221; title_level=&#8221;h3&#8243; title_text_color=&#8221;#263B4C&#8221; global_colors_info=&#8221;{}&#8221;][\/et_pb_heading][et_pb_text _builder_version=&#8221;4.22.1&#8243; _module_preset=&#8221;default&#8221; global_colors_info=&#8221;{}&#8221;]<\/p>\n<p>Lehm\u00e4lahjoituksilla kest\u00e4v\u00e4\u00e4 toimeentuloa k\u00f6yhien viljelij\u00e4naisten perheille.<\/p>\n<p><a href=\"https:\/\/rotary.fi\/d1410\/blog\/rotary-club-of-poona-north-donates-400-cows-to-lady-farmers\/\"><strong>\u00bb Lue lis\u00e4\u00e4<\/strong><\/a><br \/><a href=\"https:\/\/rotary.fi\/d1410\/ota-yhteytta\/\"><strong>\u00bb Olen kiinnostunut<\/strong><\/a><\/p>\n<p>[\/et_pb_text][\/et_pb_column][\/et_pb_row][et_pb_row column_structure=&#8221;2_5,3_5&#8243; _builder_version=&#8221;4.22.1&#8243; _module_preset=&#8221;default&#8221; global_colors_info=&#8221;{}&#8221;][et_pb_column type=&#8221;2_5&#8243; _builder_version=&#8221;4.22.1&#8243; _module_preset=&#8221;default&#8221; global_colors_info=&#8221;{}&#8221;][et_pb_image src=&#8221;https:\/\/rotary.fi\/d1410\/wp-content\/uploads\/sites\/215\/2024\/03\/vihrea-pysty.png&#8221; title_text=&#8221;vihre\u00e4-pysty&#8221; admin_label=&#8221;Kuva&#8221; _builder_version=&#8221;4.22.1&#8243; _module_preset=&#8221;default&#8221; global_colors_info=&#8221;{}&#8221;][\/et_pb_image][\/et_pb_column][et_pb_column type=&#8221;3_5&#8243; _builder_version=&#8221;4.22.1&#8243; _module_preset=&#8221;default&#8221; global_colors_info=&#8221;{}&#8221;][et_pb_heading title=&#8221;Huolehdimme ymp\u00e4rist\u00f6st\u00e4:&#8221; _builder_version=&#8221;4.22.1&#8243; _module_preset=&#8221;default&#8221; title_level=&#8221;h3&#8243; title_text_color=&#8221;#263B4C&#8221; global_colors_info=&#8221;{}&#8221;][\/et_pb_heading][et_pb_text _builder_version=&#8221;4.22.1&#8243; _module_preset=&#8221;default&#8221; global_colors_info=&#8221;{}&#8221;]<\/p>\n<p>Paikalliset rotaryklubit lahjoittavat vesireppuja l\u00e4hikoulujen ja lasten harrastusryhmien k\u00e4ytt\u00f6\u00f6n.<\/p>\n<p><a href=\"https:\/\/rotary.fi\/d1410\/mita-teemme\/itameri\/vesireppu\/\"><strong>\u00bb Lue lis\u00e4\u00e4<\/strong><\/a><br \/><a href=\"https:\/\/rotary.fi\/d1410\/ota-yhteytta\/\"><strong>\u00bb Olen kiinnostunut<\/strong><\/a><\/p>\n<p>[\/et_pb_text][\/et_pb_column][\/et_pb_row][\/et_pb_section]<\/p>\n","protected":false},"excerpt":{"rendered":"<p>Rotaryn seitsem\u00e4n rauhankeskusta yhteisty\u00f6ss\u00e4 johtavien yliopistojen kanssa kouluttavat opiskelijoita kest\u00e4v\u00e4n positiivisen rauhan rakentamisessa. \u00bb Lue lis\u00e4\u00e4\u00bb Olen kiinnostunutMuutama poliotapaus on valitettavasti viel\u00e4 l\u00f6ytynyt t\u00e4n\u00e4kin vuonna. Aikaisintaan 2027 voidaan koko maapallo julistaa poliovapaaksi! \u00bb Lue lis\u00e4\u00e4\u00bb Lue lis\u00e4\u00e4\u00bb Olen kiinnostunutDagabo ja Siraba koulujen ja kylien tukiprojekti Malissa. \u00bb Lue lis\u00e4\u00e4\u00bb Olen kiinnostunutRotarit ja Turun Yliopistollinen Keskussairaala [&hellip;]<\/p>\n","protected":false},"author":11,"featured_media":0,"parent":0,"menu_order":0,"comment_status":"closed","ping_status":"closed","template":"","meta":{"_acf_changed":false,"_et_pb_use_builder":"on","_et_pb_old_content":"","_et_gb_content_width":"","footnotes":""},"class_list":["post-6847","page","type-page","status-publish","hentry"],"acf":[],"yoast_head":"<!-- This site is optimized with the Yoast SEO plugin v27.4 - https:\/\/yoast.com\/product\/yoast-seo-wordpress\/ -->\n<title>Tutustu painopistealueiden projekteihin - Piiri 1410<\/title>\n<meta name=\"robots\" content=\"index, follow, max-snippet:-1, max-image-preview:large, max-video-preview:-1\" \/>\n<link rel=\"canonical\" href=\"https:\/\/rotary.fi\/d1410\/tutustu-painopistealueiden-projekteihin\/\" \/>\n<meta property=\"og:locale\" content=\"fi_FI\" \/>\n<meta property=\"og:type\" content=\"article\" \/>\n<meta property=\"og:title\" content=\"Tutustu painopistealueiden projekteihin - Piiri 1410\" \/>\n<meta property=\"og:description\" content=\"Rotaryn seitsem\u00e4n rauhankeskusta yhteisty\u00f6ss\u00e4 johtavien yliopistojen kanssa kouluttavat opiskelijoita kest\u00e4v\u00e4n positiivisen rauhan rakentamisessa. \u00bb Lue lis\u00e4\u00e4\u00bb Olen kiinnostunutMuutama poliotapaus on valitettavasti viel\u00e4 l\u00f6ytynyt t\u00e4n\u00e4kin vuonna. Aikaisintaan 2027 voidaan koko maapallo julistaa poliovapaaksi! \u00bb Lue lis\u00e4\u00e4\u00bb Lue lis\u00e4\u00e4\u00bb Olen kiinnostunutDagabo ja Siraba koulujen ja kylien tukiprojekti Malissa. \u00bb Lue lis\u00e4\u00e4\u00bb Olen kiinnostunutRotarit ja Turun Yliopistollinen Keskussairaala [&hellip;]\" \/>\n<meta property=\"og:url\" content=\"https:\/\/rotary.fi\/d1410\/tutustu-painopistealueiden-projekteihin\/\" \/>\n<meta property=\"og:site_name\" content=\"Piiri 1410\" \/>\n<meta property=\"article:publisher\" content=\"https:\/\/www.facebook.com\/rotary\/\" \/>\n<meta property=\"article:modified_time\" content=\"2024-09-06T15:16:30+00:00\" \/>\n<meta name=\"twitter:card\" content=\"summary_large_image\" \/>\n<meta name=\"twitter:label1\" content=\"Arvioitu lukuaika\" \/>\n\t<meta name=\"twitter:data1\" content=\"3 minuuttia\" \/>\n<script type=\"application\/ld+json\" class=\"yoast-schema-graph\">{\"@context\":\"https:\\\/\\\/schema.org\",\"@graph\":[{\"@type\":\"WebPage\",\"@id\":\"https:\\\/\\\/rotary.fi\\\/d1410\\\/tutustu-painopistealueiden-projekteihin\\\/\",\"url\":\"https:\\\/\\\/rotary.fi\\\/d1410\\\/tutustu-painopistealueiden-projekteihin\\\/\",\"name\":\"Tutustu painopistealueiden projekteihin - Piiri 1410\",\"isPartOf\":{\"@id\":\"https:\\\/\\\/rotary.fi\\\/d1410\\\/#website\"},\"datePublished\":\"2024-03-20T09:41:17+00:00\",\"dateModified\":\"2024-09-06T15:16:30+00:00\",\"breadcrumb\":{\"@id\":\"https:\\\/\\\/rotary.fi\\\/d1410\\\/tutustu-painopistealueiden-projekteihin\\\/#breadcrumb\"},\"inLanguage\":\"fi\",\"potentialAction\":[{\"@type\":\"ReadAction\",\"target\":[\"https:\\\/\\\/rotary.fi\\\/d1410\\\/tutustu-painopistealueiden-projekteihin\\\/\"]}]},{\"@type\":\"BreadcrumbList\",\"@id\":\"https:\\\/\\\/rotary.fi\\\/d1410\\\/tutustu-painopistealueiden-projekteihin\\\/#breadcrumb\",\"itemListElement\":[{\"@type\":\"ListItem\",\"position\":1,\"name\":\"Home\",\"item\":\"https:\\\/\\\/rotary.fi\\\/d1410\\\/\"},{\"@type\":\"ListItem\",\"position\":2,\"name\":\"Tutustu painopistealueiden projekteihin\"}]},{\"@type\":\"WebSite\",\"@id\":\"https:\\\/\\\/rotary.fi\\\/d1410\\\/#website\",\"url\":\"https:\\\/\\\/rotary.fi\\\/d1410\\\/\",\"name\":\"Piiri 1410\",\"description\":\"Suomen Rotary\",\"potentialAction\":[{\"@type\":\"SearchAction\",\"target\":{\"@type\":\"EntryPoint\",\"urlTemplate\":\"https:\\\/\\\/rotary.fi\\\/d1410\\\/?s={search_term_string}\"},\"query-input\":{\"@type\":\"PropertyValueSpecification\",\"valueRequired\":true,\"valueName\":\"search_term_string\"}}],\"inLanguage\":\"fi\"}]}<\/script>\n<!-- \/ Yoast SEO plugin. -->","yoast_head_json":{"title":"Tutustu painopistealueiden projekteihin - Piiri 1410","robots":{"index":"index","follow":"follow","max-snippet":"max-snippet:-1","max-image-preview":"max-image-preview:large","max-video-preview":"max-video-preview:-1"},"canonical":"https:\/\/rotary.fi\/d1410\/tutustu-painopistealueiden-projekteihin\/","og_locale":"fi_FI","og_type":"article","og_title":"Tutustu painopistealueiden projekteihin - Piiri 1410","og_description":"Rotaryn seitsem\u00e4n rauhankeskusta yhteisty\u00f6ss\u00e4 johtavien yliopistojen kanssa kouluttavat opiskelijoita kest\u00e4v\u00e4n positiivisen rauhan rakentamisessa. \u00bb Lue lis\u00e4\u00e4\u00bb Olen kiinnostunutMuutama poliotapaus on valitettavasti viel\u00e4 l\u00f6ytynyt t\u00e4n\u00e4kin vuonna. Aikaisintaan 2027 voidaan koko maapallo julistaa poliovapaaksi! \u00bb Lue lis\u00e4\u00e4\u00bb Lue lis\u00e4\u00e4\u00bb Olen kiinnostunutDagabo ja Siraba koulujen ja kylien tukiprojekti Malissa. \u00bb Lue lis\u00e4\u00e4\u00bb Olen kiinnostunutRotarit ja Turun Yliopistollinen Keskussairaala [&hellip;]","og_url":"https:\/\/rotary.fi\/d1410\/tutustu-painopistealueiden-projekteihin\/","og_site_name":"Piiri 1410","article_publisher":"https:\/\/www.facebook.com\/rotary\/","article_modified_time":"2024-09-06T15:16:30+00:00","twitter_card":"summary_large_image","twitter_misc":{"Arvioitu lukuaika":"3 minuuttia"},"schema":{"@context":"https:\/\/schema.org","@graph":[{"@type":"WebPage","@id":"https:\/\/rotary.fi\/d1410\/tutustu-painopistealueiden-projekteihin\/","url":"https:\/\/rotary.fi\/d1410\/tutustu-painopistealueiden-projekteihin\/","name":"Tutustu painopistealueiden projekteihin - Piiri 1410","isPartOf":{"@id":"https:\/\/rotary.fi\/d1410\/#website"},"datePublished":"2024-03-20T09:41:17+00:00","dateModified":"2024-09-06T15:16:30+00:00","breadcrumb":{"@id":"https:\/\/rotary.fi\/d1410\/tutustu-painopistealueiden-projekteihin\/#breadcrumb"},"inLanguage":"fi","potentialAction":[{"@type":"ReadAction","target":["https:\/\/rotary.fi\/d1410\/tutustu-painopistealueiden-projekteihin\/"]}]},{"@type":"BreadcrumbList","@id":"https:\/\/rotary.fi\/d1410\/tutustu-painopistealueiden-projekteihin\/#breadcrumb","itemListElement":[{"@type":"ListItem","position":1,"name":"Home","item":"https:\/\/rotary.fi\/d1410\/"},{"@type":"ListItem","position":2,"name":"Tutustu painopistealueiden projekteihin"}]},{"@type":"WebSite","@id":"https:\/\/rotary.fi\/d1410\/#website","url":"https:\/\/rotary.fi\/d1410\/","name":"Piiri 1410","description":"Suomen Rotary","potentialAction":[{"@type":"SearchAction","target":{"@type":"EntryPoint","urlTemplate":"https:\/\/rotary.fi\/d1410\/?s={search_term_string}"},"query-input":{"@type":"PropertyValueSpecification","valueRequired":true,"valueName":"search_term_string"}}],"inLanguage":"fi"}]}},"lang":"fi","translations":{"fi":6847},"pll_sync_post":[],"_links":{"self":[{"href":"https:\/\/rotary.fi\/d1410\/wp-json\/wp\/v2\/pages\/6847","targetHints":{"allow":["GET"]}}],"collection":[{"href":"https:\/\/rotary.fi\/d1410\/wp-json\/wp\/v2\/pages"}],"about":[{"href":"https:\/\/rotary.fi\/d1410\/wp-json\/wp\/v2\/types\/page"}],"author":[{"embeddable":true,"href":"https:\/\/rotary.fi\/d1410\/wp-json\/wp\/v2\/users\/11"}],"replies":[{"embeddable":true,"href":"https:\/\/rotary.fi\/d1410\/wp-json\/wp\/v2\/comments?post=6847"}],"version-history":[{"count":10,"href":"https:\/\/rotary.fi\/d1410\/wp-json\/wp\/v2\/pages\/6847\/revisions"}],"predecessor-version":[{"id":7695,"href":"https:\/\/rotary.fi\/d1410\/wp-json\/wp\/v2\/pages\/6847\/revisions\/7695"}],"wp:attachment":[{"href":"https:\/\/rotary.fi\/d1410\/wp-json\/wp\/v2\/media?parent=6847"}],"curies":[{"name":"wp","href":"https:\/\/api.w.org\/{rel}","templated":true}]}}