{"id":6663,"date":"2024-01-29T13:46:54","date_gmt":"2024-01-29T11:46:54","guid":{"rendered":"https:\/\/rotary.fi\/d1410\/?page_id=6663"},"modified":"2024-02-10T12:29:33","modified_gmt":"2024-02-10T10:29:33","slug":"e-klubi","status":"publish","type":"page","link":"https:\/\/rotary.fi\/d1410\/kiinnostaako-jasenyys\/e-klubi\/","title":{"rendered":"Toiminnan ihmisten oma e-klubi"},"content":{"rendered":"<p>[et_pb_section fb_built=&#8221;1&#8243; module_class=&#8221;jumbotron-page&#8221; _builder_version=&#8221;4.22.1&#8243; background_image=&#8221;https:\/\/rotary.fi\/d1410\/wp-content\/uploads\/sites\/215\/2022\/09\/299190009-430412279110626-6578240882729546088-n.jpg&#8221; global_colors_info=&#8221;{}&#8221;][et_pb_row module_class=&#8221; et_pb_row_fullwidth et_pb_row_fullwidth&#8221; _builder_version=&#8221;4.16&#8243; width=&#8221;89%&#8221; width_tablet=&#8221;80%&#8221; width_phone=&#8221;&#8221; width_last_edited=&#8221;on|desktop&#8221; max_width=&#8221;89%&#8221; max_width_tablet=&#8221;80%&#8221; max_width_phone=&#8221;&#8221; max_width_last_edited=&#8221;on|desktop&#8221; make_fullwidth=&#8221;on&#8221; global_colors_info=&#8221;{}&#8221;][et_pb_column type=&#8221;4_4&#8243; _builder_version=&#8221;4.16&#8243; custom_padding=&#8221;|||&#8221; global_colors_info=&#8221;{}&#8221; custom_padding__hover=&#8221;|||&#8221;][et_pb_text admin_label=&#8221;Otsikko kuvan p\u00e4\u00e4ll\u00e4&#8221; _builder_version=&#8221;4.22.1&#8243; text_orientation=&#8221;center&#8221; background_layout=&#8221;dark&#8221; global_colors_info=&#8221;{}&#8221;]<\/p>\n<h1>Uuden e-klubin seurantasivu<\/h1>\n<p>[\/et_pb_text][\/et_pb_column][\/et_pb_row][\/et_pb_section][et_pb_section fb_built=&#8221;1&#8243; _builder_version=&#8221;4.16&#8243; inner_width_tablet=&#8221;50px&#8221; inner_max_width_tablet=&#8221;50px&#8221; custom_margin=&#8221;||40px|&#8221; z_index_tablet=&#8221;500&#8243; global_colors_info=&#8221;{}&#8221;][et_pb_row custom_padding_last_edited=&#8221;on|phone&#8221; _builder_version=&#8221;4.16&#8243; custom_padding_tablet=&#8221;&#8221; custom_padding_phone=&#8221;&#8221; global_colors_info=&#8221;{}&#8221;][et_pb_column type=&#8221;4_4&#8243; _builder_version=&#8221;4.16&#8243; custom_padding=&#8221;|||&#8221; global_colors_info=&#8221;{}&#8221; custom_padding__hover=&#8221;|||&#8221;][et_pb_text admin_label=&#8221;Otsikko&#8221; _builder_version=&#8221;4.22.1&#8243; text_orientation=&#8221;center&#8221; global_colors_info=&#8221;{}&#8221;]<\/p>\n<h1>Haluatko mukaan uudenlaiseen rotarytoimintaan? Tule uuden kansainv\u00e4lisen e-klubin j\u00e4seneksi!\u00a0<\/h1>\n<p>&nbsp;<\/p>\n<p>&nbsp;<\/p>\n<p><strong>Olemme perustamassa piirin 1410 alueelle uutta klubia. Klubilla on kolme erityispiirrett\u00e4.<br \/><\/strong> <br \/>1. Se kokoontuu verkossa eli on niin kutsuttu e-klubi<br \/>2. Toiseksi siin\u00e4 on mukana kansainv\u00e4linen ote<br \/>3. Kolmanneksi klubi sitoutuu EREY-klubiksi (Every Rotarian Every Year) eli jokainen j\u00e4sen lahjoittaa <br \/>joka vuosi v\u00e4hint\u00e4\u00e4n 25 dollaria Rotarys\u00e4\u00e4ti\u00f6lle.<\/p>\n<blockquote>\n<p>Klubi on siis t\u00e4ydellinen vastaus sinulle, jos teet paljon matkaty\u00f6t\u00e4 tai ty\u00f6skentelet Suomessa esimerkiksi englanninkielisess\u00e4 ty\u00f6ymp\u00e4rist\u00f6ss\u00e4. Tai haluat tehd\u00e4 hyv\u00e4\u00e4 ja olla rotari uudenlaisella ja omiin aikatauluihisi sopivalla tavalla.<\/p>\n<\/blockquote>\n<p>Klubin virallisina kielin\u00e4 ovat suomi ja englanti.<\/p>\n<p>Vaikka klubi kokoontuu p\u00e4\u00e4osin verkossa, se tulee tekem\u00e4\u00e4n paljon my\u00f6s erilaisia palveluprojekteja.<\/p>\n<p>Nyt on mahdollisuus l\u00e4hte\u00e4 tekem\u00e4\u00e4n t\u00e4ysin uudenlaista kulttuuria Rotaryyn ja p\u00e4\u00e4st\u00e4 uuden sukupolven Rotaryklubin perustajaj\u00e4seneksi!<\/p>\n<p>Laita viesti\u00e4 eteenp\u00e4in ja kutsu mukaan my\u00f6s kaikki mielest\u00e4si potentiaaliset uudet rotarit.\u00a0<\/p>\n<p><strong>Ota yhteytt\u00e4 ja kysy lis\u00e4\u00e4!\u00a0\u00a0<\/strong><\/p>\n<p>Martti Sj\u00f6lund<br \/>martti @ pulmaton.fi<br \/>gsm 0440 854 617<\/p>\n<p>Johanna Talikainen<br \/>johanna.talikainen @ mainossatama.fi<br \/>gsm 0400 851 704<\/p>\n<p>Tiina Malkamo<br \/>tiina.malkamo.rotary @ gmail.com<br \/>gsm 044 290 0329.<\/p>\n<p>&nbsp;<\/p>\n<p>&nbsp;<\/p>\n<p>[\/et_pb_text][et_pb_text _builder_version=&#8221;4.22.1&#8243; custom_margin=&#8221;-36px|||||&#8221; global_colors_info=&#8221;{}&#8221;][\/et_pb_text][et_pb_text _builder_version=&#8221;4.22.1&#8243; custom_margin=&#8221;-36px|||||&#8221; global_colors_info=&#8221;{}&#8221;][\/et_pb_text][et_pb_blurb title=&#8221;Tapaamme kerran kuussa Zoomissa kuukauden ensimm\u00e4isen\u00e4 maanantaina klo 19-20&#8243; image=&#8221;https:\/\/rotary.fi\/d1410\/wp-content\/uploads\/sites\/215\/2024\/01\/shutterstock-1689104665.jpg&#8221; alt=&#8221;Tapaamiset j\u00e4rjestet\u00e4\u00e4n Zoomissa &#8221; _builder_version=&#8221;4.22.1&#8243; _module_preset=&#8221;default&#8221; global_colors_info=&#8221;{}&#8221;]<\/p>\n<p>Alkaen maanantaista 4. maaliskuuta 2024 klo 19-20<\/p>\n<p>P\u00e4\u00e4set mukaan tapaamiseen\u00a0 t\u00e4st\u00e4 linkist\u00e4:<br \/><a href=\"https:\/\/rotary-fi.zoom.us\/j\/82910213237?pwd=VC9UNFFXMXhTdUJVUC8wbjRjK1RIZz09\">https:\/\/rotary-fi.zoom.us\/j\/82910213237?pwd=VC9UNFFXMXhTdUJVUC8wbjRjK1RIZz09<\/a><\/p>\n<p>Meeting ID: 829 1021 3237<br \/>Passcode: 396592<\/p>\n<p>[\/et_pb_blurb][\/et_pb_column][\/et_pb_row][\/et_pb_section]<\/p>\n","protected":false},"excerpt":{"rendered":"<p>Uuden e-klubin seurantasivu Haluatko mukaan uudenlaiseen rotarytoimintaan? Tule uuden kansainv\u00e4lisen e-klubin j\u00e4seneksi!\u00a0 &nbsp; &nbsp; Olemme perustamassa piirin 1410 alueelle uutta klubia. Klubilla on kolme erityispiirrett\u00e4. 1. Se kokoontuu verkossa eli on niin kutsuttu e-klubi2. Toiseksi siin\u00e4 on mukana kansainv\u00e4linen ote3. Kolmanneksi klubi sitoutuu EREY-klubiksi (Every Rotarian Every Year) eli jokainen j\u00e4sen lahjoittaa joka vuosi v\u00e4hint\u00e4\u00e4n [&hellip;]<\/p>\n","protected":false},"author":384,"featured_media":0,"parent":658,"menu_order":1,"comment_status":"closed","ping_status":"closed","template":"","meta":{"_acf_changed":false,"_et_pb_use_builder":"on","_et_pb_old_content":"","_et_gb_content_width":"","footnotes":""},"class_list":["post-6663","page","type-page","status-publish","hentry"],"acf":[],"yoast_head":"<!-- This site is optimized with the Yoast SEO plugin v27.0 - https:\/\/yoast.com\/product\/yoast-seo-wordpress\/ -->\n<title>Toiminnan ihmisten oma e-klubi - Piiri 1410<\/title>\n<meta name=\"description\" content=\"Liity mukaan toiminnan ihmisten e-klubiin. Piirin 1410 alueelle perustetaan uusi klubi, joka kokoontuu verkossa. Mukana on kansainv\u00e4linen ote.\" \/>\n<meta name=\"robots\" content=\"index, follow, max-snippet:-1, max-image-preview:large, max-video-preview:-1\" \/>\n<link rel=\"canonical\" href=\"https:\/\/rotary.fi\/d1410\/kiinnostaako-jasenyys\/e-klubi\/\" \/>\n<meta property=\"og:locale\" content=\"fi_FI\" \/>\n<meta property=\"og:type\" content=\"article\" \/>\n<meta property=\"og:title\" content=\"Toiminnan ihmisten oma e-klubi - Piiri 1410\" \/>\n<meta property=\"og:description\" content=\"Liity mukaan toiminnan ihmisten e-klubiin. Piirin 1410 alueelle perustetaan uusi klubi, joka kokoontuu verkossa. Mukana on kansainv\u00e4linen ote.\" \/>\n<meta property=\"og:url\" content=\"https:\/\/rotary.fi\/d1410\/kiinnostaako-jasenyys\/e-klubi\/\" \/>\n<meta property=\"og:site_name\" content=\"Piiri 1410\" \/>\n<meta property=\"article:publisher\" content=\"https:\/\/www.facebook.com\/rotary\/\" \/>\n<meta property=\"article:modified_time\" content=\"2024-02-10T10:29:33+00:00\" \/>\n<meta name=\"twitter:card\" content=\"summary_large_image\" \/>\n<meta name=\"twitter:label1\" content=\"Arvioitu lukuaika\" \/>\n\t<meta name=\"twitter:data1\" content=\"2 minuuttia\" \/>\n<script type=\"application\/ld+json\" class=\"yoast-schema-graph\">{\"@context\":\"https:\/\/schema.org\",\"@graph\":[{\"@type\":\"WebPage\",\"@id\":\"https:\/\/rotary.fi\/d1410\/kiinnostaako-jasenyys\/e-klubi\/\",\"url\":\"https:\/\/rotary.fi\/d1410\/kiinnostaako-jasenyys\/e-klubi\/\",\"name\":\"Toiminnan ihmisten oma e-klubi - Piiri 1410\",\"isPartOf\":{\"@id\":\"https:\/\/rotary.fi\/d1410\/#website\"},\"datePublished\":\"2024-01-29T11:46:54+00:00\",\"dateModified\":\"2024-02-10T10:29:33+00:00\",\"description\":\"Liity mukaan toiminnan ihmisten e-klubiin. Piirin 1410 alueelle perustetaan uusi klubi, joka kokoontuu verkossa. Mukana on kansainv\u00e4linen ote.\",\"breadcrumb\":{\"@id\":\"https:\/\/rotary.fi\/d1410\/kiinnostaako-jasenyys\/e-klubi\/#breadcrumb\"},\"inLanguage\":\"fi\",\"potentialAction\":[{\"@type\":\"ReadAction\",\"target\":[\"https:\/\/rotary.fi\/d1410\/kiinnostaako-jasenyys\/e-klubi\/\"]}]},{\"@type\":\"BreadcrumbList\",\"@id\":\"https:\/\/rotary.fi\/d1410\/kiinnostaako-jasenyys\/e-klubi\/#breadcrumb\",\"itemListElement\":[{\"@type\":\"ListItem\",\"position\":1,\"name\":\"Home\",\"item\":\"https:\/\/rotary.fi\/d1410\/\"},{\"@type\":\"ListItem\",\"position\":2,\"name\":\"Sinustako rotari?\",\"item\":\"https:\/\/rotary.fi\/d1410\/kiinnostaako-jasenyys\/\"},{\"@type\":\"ListItem\",\"position\":3,\"name\":\"Toiminnan ihmisten oma e-klubi\"}]},{\"@type\":\"WebSite\",\"@id\":\"https:\/\/rotary.fi\/d1410\/#website\",\"url\":\"https:\/\/rotary.fi\/d1410\/\",\"name\":\"Piiri 1410\",\"description\":\"Suomen Rotary\",\"potentialAction\":[{\"@type\":\"SearchAction\",\"target\":{\"@type\":\"EntryPoint\",\"urlTemplate\":\"https:\/\/rotary.fi\/d1410\/?s={search_term_string}\"},\"query-input\":{\"@type\":\"PropertyValueSpecification\",\"valueRequired\":true,\"valueName\":\"search_term_string\"}}],\"inLanguage\":\"fi\"}]}<\/script>\n<!-- \/ Yoast SEO plugin. -->","yoast_head_json":{"title":"Toiminnan ihmisten oma e-klubi - Piiri 1410","description":"Liity mukaan toiminnan ihmisten e-klubiin. Piirin 1410 alueelle perustetaan uusi klubi, joka kokoontuu verkossa. Mukana on kansainv\u00e4linen ote.","robots":{"index":"index","follow":"follow","max-snippet":"max-snippet:-1","max-image-preview":"max-image-preview:large","max-video-preview":"max-video-preview:-1"},"canonical":"https:\/\/rotary.fi\/d1410\/kiinnostaako-jasenyys\/e-klubi\/","og_locale":"fi_FI","og_type":"article","og_title":"Toiminnan ihmisten oma e-klubi - Piiri 1410","og_description":"Liity mukaan toiminnan ihmisten e-klubiin. Piirin 1410 alueelle perustetaan uusi klubi, joka kokoontuu verkossa. Mukana on kansainv\u00e4linen ote.","og_url":"https:\/\/rotary.fi\/d1410\/kiinnostaako-jasenyys\/e-klubi\/","og_site_name":"Piiri 1410","article_publisher":"https:\/\/www.facebook.com\/rotary\/","article_modified_time":"2024-02-10T10:29:33+00:00","twitter_card":"summary_large_image","twitter_misc":{"Arvioitu lukuaika":"2 minuuttia"},"schema":{"@context":"https:\/\/schema.org","@graph":[{"@type":"WebPage","@id":"https:\/\/rotary.fi\/d1410\/kiinnostaako-jasenyys\/e-klubi\/","url":"https:\/\/rotary.fi\/d1410\/kiinnostaako-jasenyys\/e-klubi\/","name":"Toiminnan ihmisten oma e-klubi - Piiri 1410","isPartOf":{"@id":"https:\/\/rotary.fi\/d1410\/#website"},"datePublished":"2024-01-29T11:46:54+00:00","dateModified":"2024-02-10T10:29:33+00:00","description":"Liity mukaan toiminnan ihmisten e-klubiin. Piirin 1410 alueelle perustetaan uusi klubi, joka kokoontuu verkossa. Mukana on kansainv\u00e4linen ote.","breadcrumb":{"@id":"https:\/\/rotary.fi\/d1410\/kiinnostaako-jasenyys\/e-klubi\/#breadcrumb"},"inLanguage":"fi","potentialAction":[{"@type":"ReadAction","target":["https:\/\/rotary.fi\/d1410\/kiinnostaako-jasenyys\/e-klubi\/"]}]},{"@type":"BreadcrumbList","@id":"https:\/\/rotary.fi\/d1410\/kiinnostaako-jasenyys\/e-klubi\/#breadcrumb","itemListElement":[{"@type":"ListItem","position":1,"name":"Home","item":"https:\/\/rotary.fi\/d1410\/"},{"@type":"ListItem","position":2,"name":"Sinustako rotari?","item":"https:\/\/rotary.fi\/d1410\/kiinnostaako-jasenyys\/"},{"@type":"ListItem","position":3,"name":"Toiminnan ihmisten oma e-klubi"}]},{"@type":"WebSite","@id":"https:\/\/rotary.fi\/d1410\/#website","url":"https:\/\/rotary.fi\/d1410\/","name":"Piiri 1410","description":"Suomen Rotary","potentialAction":[{"@type":"SearchAction","target":{"@type":"EntryPoint","urlTemplate":"https:\/\/rotary.fi\/d1410\/?s={search_term_string}"},"query-input":{"@type":"PropertyValueSpecification","valueRequired":true,"valueName":"search_term_string"}}],"inLanguage":"fi"}]}},"lang":"fi","translations":{"fi":6663},"pll_sync_post":[],"_links":{"self":[{"href":"https:\/\/rotary.fi\/d1410\/wp-json\/wp\/v2\/pages\/6663","targetHints":{"allow":["GET"]}}],"collection":[{"href":"https:\/\/rotary.fi\/d1410\/wp-json\/wp\/v2\/pages"}],"about":[{"href":"https:\/\/rotary.fi\/d1410\/wp-json\/wp\/v2\/types\/page"}],"author":[{"embeddable":true,"href":"https:\/\/rotary.fi\/d1410\/wp-json\/wp\/v2\/users\/384"}],"replies":[{"embeddable":true,"href":"https:\/\/rotary.fi\/d1410\/wp-json\/wp\/v2\/comments?post=6663"}],"version-history":[{"count":10,"href":"https:\/\/rotary.fi\/d1410\/wp-json\/wp\/v2\/pages\/6663\/revisions"}],"predecessor-version":[{"id":6750,"href":"https:\/\/rotary.fi\/d1410\/wp-json\/wp\/v2\/pages\/6663\/revisions\/6750"}],"up":[{"embeddable":true,"href":"https:\/\/rotary.fi\/d1410\/wp-json\/wp\/v2\/pages\/658"}],"wp:attachment":[{"href":"https:\/\/rotary.fi\/d1410\/wp-json\/wp\/v2\/media?parent=6663"}],"curies":[{"name":"wp","href":"https:\/\/api.w.org\/{rel}","templated":true}]}}