{"id":658,"date":"2018-04-09T13:45:43","date_gmt":"2018-04-09T11:45:43","guid":{"rendered":"http:\/\/rotary.fi\/piirisivusto\/?page_id=658"},"modified":"2024-03-20T21:13:14","modified_gmt":"2024-03-20T19:13:14","slug":"kiinnostaako-jasenyys","status":"publish","type":"page","link":"https:\/\/rotary.fi\/d1410\/kiinnostaako-jasenyys\/","title":{"rendered":"Sinustako rotari?"},"content":{"rendered":"<p>[et_pb_section fb_built=&#8221;1&#8243; module_class=&#8221;jumbotron-page&#8221; _builder_version=&#8221;4.16&#8243; background_image=&#8221;https:\/\/rotary.fi\/d1410\/wp-content\/uploads\/sites\/215\/2021\/07\/118581262-160456095655745-6956853459408805486-n-1.jpg&#8221; global_colors_info=&#8221;{}&#8221;][et_pb_row module_class=&#8221; et_pb_row_fullwidth et_pb_row_fullwidth&#8221; _builder_version=&#8221;4.16&#8243; width=&#8221;89%&#8221; width_tablet=&#8221;80%&#8221; width_phone=&#8221;&#8221; width_last_edited=&#8221;on|desktop&#8221; max_width=&#8221;89%&#8221; max_width_tablet=&#8221;80%&#8221; max_width_phone=&#8221;&#8221; max_width_last_edited=&#8221;on|desktop&#8221; make_fullwidth=&#8221;on&#8221; global_colors_info=&#8221;{}&#8221;][et_pb_column type=&#8221;4_4&#8243; _builder_version=&#8221;4.16&#8243; custom_padding=&#8221;|||&#8221; global_colors_info=&#8221;{}&#8221; custom_padding__hover=&#8221;|||&#8221;][et_pb_text admin_label=&#8221;Kiinnostaako j\u00e4senyys? -otsikko&#8221; _builder_version=&#8221;4.16&#8243; text_orientation=&#8221;center&#8221; background_layout=&#8221;dark&#8221; global_colors_info=&#8221;{}&#8221;]<\/p>\n<h1>Sinustako rotari?<\/h1>\n<p>[\/et_pb_text][\/et_pb_column][\/et_pb_row][\/et_pb_section][et_pb_section fb_built=&#8221;1&#8243; module_class=&#8221;sisaltoalue_perus&#8221; _builder_version=&#8221;4.16&#8243; background_size=&#8221;initial&#8221; background_position=&#8221;top_left&#8221; background_repeat=&#8221;repeat&#8221; global_colors_info=&#8221;{}&#8221;][et_pb_row custom_padding_last_edited=&#8221;on|phone&#8221; _builder_version=&#8221;4.16&#8243; custom_padding=&#8221;46.6875px|0px|63px|0px&#8221; custom_padding_tablet=&#8221;&#8221; custom_padding_phone=&#8221;&#8221; global_colors_info=&#8221;{}&#8221;][et_pb_column type=&#8221;4_4&#8243; _builder_version=&#8221;4.16&#8243; custom_padding=&#8221;|||&#8221; global_colors_info=&#8221;{}&#8221; custom_padding__hover=&#8221;|||&#8221;][et_pb_text admin_label=&#8221;Kiinnostaako j\u00e4senyys? -otsikko&#8221; _builder_version=&#8221;4.22.1&#8243; text_orientation=&#8221;center&#8221; global_colors_info=&#8221;{}&#8221;]<\/p>\n<h1>10 syyt\u00e4 olla rotari mahdollisuuksien verkostossa<\/h1>\n<p>[\/et_pb_text][et_pb_text _builder_version=&#8221;4.22.1&#8243; custom_margin=&#8221;||60px|&#8221; hover_enabled=&#8221;0&#8243; global_colors_info=&#8221;{}&#8221; sticky_enabled=&#8221;0&#8243;]<\/p>\n<p class=\"wP15\">Rotaryyn kannattaa liitty\u00e4, jos haluat olla aktiivisesti kehitt\u00e4m\u00e4ss\u00e4 omaa paikkakuntaasi &#8211; tai olla rakentamassa parempaa maailmaa. Rotary yhdist\u00e4\u00e4 samoin ajattelevia ihmisi\u00e4, ja yhdess\u00e4 toimimalla voimme saada aikaan enemm\u00e4n. Rotarina tutustut oman paikkakuntasi vaikuttajiin, ja sinulle avautuu niin halutessasi n\u00e4k\u00f6aloja my\u00f6s kansainv\u00e4liseen toimintaan. Olemme maailmanlaajuinen verkosto, joka tarjoaa paljon erilaisia mahdollisuuksia.<\/p>\n<p>Rotarina voit<\/p>\n<ol>\n<li><strong>toimia ja vaikuttaa tarkoituksellisesti, palvella ja k\u00e4ytt\u00e4\u00e4 omaa osaamistasi hyv\u00e4\u00e4n<\/strong><\/li>\n<li><strong>oppia ja verkostoitua ammatillisesti<\/strong><\/li>\n<li><strong>kasvaa ja kehitty\u00e4 ihmisen\u00e4<\/strong><\/li>\n<li><strong>solmia uusia elinik\u00e4isi\u00e4 yst\u00e4vyyssuhteita\u00a0<\/strong><\/li>\n<li><strong>p\u00e4\u00e4st\u00e4 osalliseksi kulttuurien monimuotoisuudesta<\/strong><\/li>\n<li><strong>toimia yhteiskunnan\u00a0hyv\u00e4n\u00e4\u00a0j\u00e4senen\u00e4, aktiivisena kansalaisena<\/strong><\/li>\n<li><strong>edist\u00e4\u00e4 maailmanlaajuista yhteisymm\u00e4rryst\u00e4 ja rauhaa<\/strong><\/li>\n<li><strong>viihty\u00e4 ja kokea uusia asioita<\/strong><\/li>\n<li><strong>olla mukana nuorisovaihdossa ja ottaa halutessasi kotiisi vaihto-oppilaan<\/strong><\/li>\n<li><strong>olla mukana eettisess\u00e4 toiminnassa.<\/strong><\/li>\n<\/ol>\n<p>Tarjoamme mahdollisuuden my\u00f6s nuorille osallistua <a href=\"https:\/\/rotary.fi\/mita-teemme\/nuorisopalvelut\/interact\/\" target=\"_blank\" rel=\"noopener noreferrer\">Interact<\/a>&#8211; ja <a href=\"https:\/\/rotary.fi\/mita-teemme\/nuorisopalvelut\/rotaract\/\">Rotaract<\/a>-toiminnan kautta.<\/p>\n<p>[\/et_pb_text][\/et_pb_column][\/et_pb_row][\/et_pb_section][et_pb_section fb_built=&#8221;1&#8243; admin_label=&#8221;Club Finder Osio&#8221; _builder_version=&#8221;3.4.1&#8243; background_color=&#8221;#018d8d&#8221; global_module=&#8221;791&#8243; locked=&#8221;off&#8221; collapsed=&#8221;off&#8221; global_colors_info=&#8221;{}&#8221;][et_pb_row column_structure=&#8221;1_4,1_2,1_4&#8243; module_class=&#8221;club-finder-nosto et_pb_row_fullwidth et_pb_row_fullwidth et_pb_row_fullwidth et_pb_row_fullwidth et_pb_row_fullwidth et_pb_row_fullwidth et_pb_row_fullwidth et_pb_row_fullwidth et_pb_row_fullwidth et_pb_row_fullwidth et_pb_row_fullwidth et_pb_row_fullwidth et_pb_row_fullwidth et_pb_row_fullwidth et_pb_row_fullwidth et_pb_row_fullwidth et_pb_row_fullwidth et_pb_row_fullwidth et_pb_row_fullwidth et_pb_row_fullwidth&#8221; _builder_version=&#8221;4.16&#8243; width=&#8221;89%&#8221; width_tablet=&#8221;80%&#8221; width_phone=&#8221;&#8221; width_last_edited=&#8221;on|desktop&#8221; max_width=&#8221;89%&#8221; max_width_tablet=&#8221;80%&#8221; max_width_phone=&#8221;&#8221; max_width_last_edited=&#8221;on|desktop&#8221; module_alignment=&#8221;center&#8221; make_fullwidth=&#8221;on&#8221; global_colors_info=&#8221;{}&#8221;][et_pb_column type=&#8221;1_4&#8243; _builder_version=&#8221;4.16&#8243; custom_padding=&#8221;|||&#8221; global_colors_info=&#8221;{}&#8221; custom_padding__hover=&#8221;|||&#8221;][\/et_pb_column][et_pb_column type=&#8221;1_2&#8243; module_class=&#8221;esittely&#8221; _builder_version=&#8221;4.16&#8243; background_position=&#8221;center_left&#8221; custom_padding=&#8221;||50px|&#8221; custom_padding_tablet=&#8221;40px||40px|&#8221; custom_padding_phone=&#8221;&#8221; custom_padding_last_edited=&#8221;on|desktop&#8221; global_colors_info=&#8221;{}&#8221; custom_padding__hover=&#8221;|||&#8221;][et_pb_text admin_label=&#8221;Club Finder &#8211; nostoalue&#8221; _builder_version=&#8221;4.16&#8243; text_orientation=&#8221;center&#8221; background_layout=&#8221;dark&#8221; global_colors_info=&#8221;{}&#8221;]<\/p>\n<h1>Club Finderilla l\u00f6yd\u00e4t<br \/>l\u00e4himm\u00e4n rotaryklubin<\/h1>\n<h4>Piirin 1410 alueella toimii 58 klubia. L\u00e4himm\u00e4n rotaryklubin l\u00f6yd\u00e4t Club Finderia k\u00e4ytt\u00e4m\u00e4ll\u00e4<\/h4>\n<p>[\/et_pb_text][et_pb_button button_url=&#8221;https:\/\/my.rotary.org\/en\/search\/club-finder&#8221; url_new_window=&#8221;on&#8221; button_text=&#8221;Club Finder&#8221; button_alignment=&#8221;center&#8221; admin_label=&#8221;Club Finder -painike&#8221; _builder_version=&#8221;4.16&#8243; custom_button=&#8221;on&#8221; button_border_color=&#8221;#f8f9fa&#8221; background_layout=&#8221;dark&#8221; custom_margin=&#8221;||20px|&#8221; global_colors_info=&#8221;{}&#8221; button_text_size__hover_enabled=&#8221;off&#8221; button_text_size__hover=&#8221;null&#8221; button_one_text_size__hover_enabled=&#8221;off&#8221; button_one_text_size__hover=&#8221;null&#8221; button_two_text_size__hover_enabled=&#8221;off&#8221; button_two_text_size__hover=&#8221;null&#8221; button_text_color__hover_enabled=&#8221;off&#8221; button_text_color__hover=&#8221;null&#8221; button_one_text_color__hover_enabled=&#8221;off&#8221; button_one_text_color__hover=&#8221;null&#8221; button_two_text_color__hover_enabled=&#8221;off&#8221; button_two_text_color__hover=&#8221;null&#8221; button_border_width__hover_enabled=&#8221;off&#8221; button_border_width__hover=&#8221;null&#8221; button_one_border_width__hover_enabled=&#8221;off&#8221; button_one_border_width__hover=&#8221;null&#8221; button_two_border_width__hover_enabled=&#8221;off&#8221; button_two_border_width__hover=&#8221;null&#8221; button_border_color__hover_enabled=&#8221;off&#8221; button_border_color__hover=&#8221;null&#8221; button_one_border_color__hover_enabled=&#8221;off&#8221; button_one_border_color__hover=&#8221;null&#8221; button_two_border_color__hover_enabled=&#8221;off&#8221; button_two_border_color__hover=&#8221;null&#8221; button_border_radius__hover_enabled=&#8221;off&#8221; button_border_radius__hover=&#8221;null&#8221; button_one_border_radius__hover_enabled=&#8221;off&#8221; button_one_border_radius__hover=&#8221;null&#8221; button_two_border_radius__hover_enabled=&#8221;off&#8221; button_two_border_radius__hover=&#8221;null&#8221; button_letter_spacing__hover_enabled=&#8221;off&#8221; button_letter_spacing__hover=&#8221;null&#8221; button_one_letter_spacing__hover_enabled=&#8221;off&#8221; button_one_letter_spacing__hover=&#8221;null&#8221; button_two_letter_spacing__hover_enabled=&#8221;off&#8221; button_two_letter_spacing__hover=&#8221;null&#8221; button_bg_color__hover_enabled=&#8221;off&#8221; button_bg_color__hover=&#8221;null&#8221; button_one_bg_color__hover_enabled=&#8221;off&#8221; button_one_bg_color__hover=&#8221;null&#8221; button_two_bg_color__hover_enabled=&#8221;off&#8221; button_two_bg_color__hover=&#8221;null&#8221;][\/et_pb_button][\/et_pb_column][et_pb_column type=&#8221;1_4&#8243; _builder_version=&#8221;4.16&#8243; custom_padding=&#8221;|||&#8221; global_colors_info=&#8221;{}&#8221; custom_padding__hover=&#8221;|||&#8221;][\/et_pb_column][\/et_pb_row][\/et_pb_section]<\/p>\n","protected":false},"excerpt":{"rendered":"<p>Sinustako rotari?10 syyt\u00e4 olla rotari mahdollisuuksien verkostossaRotaryyn kannattaa liitty\u00e4, jos haluat olla aktiivisesti kehitt\u00e4m\u00e4ss\u00e4 omaa paikkakuntaasi &#8211; tai olla rakentamassa parempaa maailmaa. Rotary yhdist\u00e4\u00e4 samoin ajattelevia ihmisi\u00e4, ja yhdess\u00e4 toimimalla voimme saada aikaan enemm\u00e4n. Rotarina tutustut oman paikkakuntasi vaikuttajiin, ja sinulle avautuu niin halutessasi n\u00e4k\u00f6aloja my\u00f6s kansainv\u00e4liseen toimintaan. Olemme maailmanlaajuinen verkosto, joka tarjoaa paljon erilaisia [&hellip;]<\/p>\n","protected":false},"author":1,"featured_media":0,"parent":0,"menu_order":1,"comment_status":"closed","ping_status":"closed","template":"","meta":{"_acf_changed":false,"_et_pb_use_builder":"on","_et_pb_old_content":"","_et_gb_content_width":"","footnotes":""},"class_list":["post-658","page","type-page","status-publish","hentry"],"acf":[],"yoast_head":"<!-- This site is optimized with the Yoast SEO plugin v27.0 - https:\/\/yoast.com\/product\/yoast-seo-wordpress\/ -->\n<title>Sinustako rotari? - Piiri 1410<\/title>\n<meta name=\"robots\" content=\"index, follow, max-snippet:-1, max-image-preview:large, max-video-preview:-1\" \/>\n<link rel=\"canonical\" href=\"https:\/\/rotary.fi\/d1410\/kiinnostaako-jasenyys\/\" \/>\n<meta property=\"og:locale\" content=\"fi_FI\" \/>\n<meta property=\"og:type\" content=\"article\" \/>\n<meta property=\"og:title\" content=\"Sinustako rotari? - Piiri 1410\" \/>\n<meta property=\"og:description\" content=\"Sinustako rotari?10 syyt\u00e4 olla rotari mahdollisuuksien verkostossaRotaryyn kannattaa liitty\u00e4, jos haluat olla aktiivisesti kehitt\u00e4m\u00e4ss\u00e4 omaa paikkakuntaasi - tai olla rakentamassa parempaa maailmaa. Rotary yhdist\u00e4\u00e4 samoin ajattelevia ihmisi\u00e4, ja yhdess\u00e4 toimimalla voimme saada aikaan enemm\u00e4n. Rotarina tutustut oman paikkakuntasi vaikuttajiin, ja sinulle avautuu niin halutessasi n\u00e4k\u00f6aloja my\u00f6s kansainv\u00e4liseen toimintaan. Olemme maailmanlaajuinen verkosto, joka tarjoaa paljon erilaisia [&hellip;]\" \/>\n<meta property=\"og:url\" content=\"https:\/\/rotary.fi\/d1410\/kiinnostaako-jasenyys\/\" \/>\n<meta property=\"og:site_name\" content=\"Piiri 1410\" \/>\n<meta property=\"article:publisher\" content=\"https:\/\/www.facebook.com\/rotary\/\" \/>\n<meta property=\"article:modified_time\" content=\"2024-03-20T19:13:14+00:00\" \/>\n<meta name=\"twitter:card\" content=\"summary_large_image\" \/>\n<meta name=\"twitter:label1\" content=\"Arvioitu lukuaika\" \/>\n\t<meta name=\"twitter:data1\" content=\"1 minuutti\" \/>\n<script type=\"application\/ld+json\" class=\"yoast-schema-graph\">{\"@context\":\"https:\/\/schema.org\",\"@graph\":[{\"@type\":\"WebPage\",\"@id\":\"https:\/\/rotary.fi\/d1410\/kiinnostaako-jasenyys\/\",\"url\":\"https:\/\/rotary.fi\/d1410\/kiinnostaako-jasenyys\/\",\"name\":\"Sinustako rotari? - Piiri 1410\",\"isPartOf\":{\"@id\":\"https:\/\/rotary.fi\/d1410\/#website\"},\"datePublished\":\"2018-04-09T11:45:43+00:00\",\"dateModified\":\"2024-03-20T19:13:14+00:00\",\"breadcrumb\":{\"@id\":\"https:\/\/rotary.fi\/d1410\/kiinnostaako-jasenyys\/#breadcrumb\"},\"inLanguage\":\"fi\",\"potentialAction\":[{\"@type\":\"ReadAction\",\"target\":[\"https:\/\/rotary.fi\/d1410\/kiinnostaako-jasenyys\/\"]}]},{\"@type\":\"BreadcrumbList\",\"@id\":\"https:\/\/rotary.fi\/d1410\/kiinnostaako-jasenyys\/#breadcrumb\",\"itemListElement\":[{\"@type\":\"ListItem\",\"position\":1,\"name\":\"Home\",\"item\":\"https:\/\/rotary.fi\/d1410\/\"},{\"@type\":\"ListItem\",\"position\":2,\"name\":\"Sinustako rotari?\"}]},{\"@type\":\"WebSite\",\"@id\":\"https:\/\/rotary.fi\/d1410\/#website\",\"url\":\"https:\/\/rotary.fi\/d1410\/\",\"name\":\"Piiri 1410\",\"description\":\"Suomen Rotary\",\"potentialAction\":[{\"@type\":\"SearchAction\",\"target\":{\"@type\":\"EntryPoint\",\"urlTemplate\":\"https:\/\/rotary.fi\/d1410\/?s={search_term_string}\"},\"query-input\":{\"@type\":\"PropertyValueSpecification\",\"valueRequired\":true,\"valueName\":\"search_term_string\"}}],\"inLanguage\":\"fi\"}]}<\/script>\n<!-- \/ Yoast SEO plugin. -->","yoast_head_json":{"title":"Sinustako rotari? - Piiri 1410","robots":{"index":"index","follow":"follow","max-snippet":"max-snippet:-1","max-image-preview":"max-image-preview:large","max-video-preview":"max-video-preview:-1"},"canonical":"https:\/\/rotary.fi\/d1410\/kiinnostaako-jasenyys\/","og_locale":"fi_FI","og_type":"article","og_title":"Sinustako rotari? - Piiri 1410","og_description":"Sinustako rotari?10 syyt\u00e4 olla rotari mahdollisuuksien verkostossaRotaryyn kannattaa liitty\u00e4, jos haluat olla aktiivisesti kehitt\u00e4m\u00e4ss\u00e4 omaa paikkakuntaasi - tai olla rakentamassa parempaa maailmaa. Rotary yhdist\u00e4\u00e4 samoin ajattelevia ihmisi\u00e4, ja yhdess\u00e4 toimimalla voimme saada aikaan enemm\u00e4n. Rotarina tutustut oman paikkakuntasi vaikuttajiin, ja sinulle avautuu niin halutessasi n\u00e4k\u00f6aloja my\u00f6s kansainv\u00e4liseen toimintaan. Olemme maailmanlaajuinen verkosto, joka tarjoaa paljon erilaisia [&hellip;]","og_url":"https:\/\/rotary.fi\/d1410\/kiinnostaako-jasenyys\/","og_site_name":"Piiri 1410","article_publisher":"https:\/\/www.facebook.com\/rotary\/","article_modified_time":"2024-03-20T19:13:14+00:00","twitter_card":"summary_large_image","twitter_misc":{"Arvioitu lukuaika":"1 minuutti"},"schema":{"@context":"https:\/\/schema.org","@graph":[{"@type":"WebPage","@id":"https:\/\/rotary.fi\/d1410\/kiinnostaako-jasenyys\/","url":"https:\/\/rotary.fi\/d1410\/kiinnostaako-jasenyys\/","name":"Sinustako rotari? - Piiri 1410","isPartOf":{"@id":"https:\/\/rotary.fi\/d1410\/#website"},"datePublished":"2018-04-09T11:45:43+00:00","dateModified":"2024-03-20T19:13:14+00:00","breadcrumb":{"@id":"https:\/\/rotary.fi\/d1410\/kiinnostaako-jasenyys\/#breadcrumb"},"inLanguage":"fi","potentialAction":[{"@type":"ReadAction","target":["https:\/\/rotary.fi\/d1410\/kiinnostaako-jasenyys\/"]}]},{"@type":"BreadcrumbList","@id":"https:\/\/rotary.fi\/d1410\/kiinnostaako-jasenyys\/#breadcrumb","itemListElement":[{"@type":"ListItem","position":1,"name":"Home","item":"https:\/\/rotary.fi\/d1410\/"},{"@type":"ListItem","position":2,"name":"Sinustako rotari?"}]},{"@type":"WebSite","@id":"https:\/\/rotary.fi\/d1410\/#website","url":"https:\/\/rotary.fi\/d1410\/","name":"Piiri 1410","description":"Suomen Rotary","potentialAction":[{"@type":"SearchAction","target":{"@type":"EntryPoint","urlTemplate":"https:\/\/rotary.fi\/d1410\/?s={search_term_string}"},"query-input":{"@type":"PropertyValueSpecification","valueRequired":true,"valueName":"search_term_string"}}],"inLanguage":"fi"}]}},"lang":"fi","translations":{"fi":658,"sv":2710,"en":2965},"pll_sync_post":[],"_links":{"self":[{"href":"https:\/\/rotary.fi\/d1410\/wp-json\/wp\/v2\/pages\/658","targetHints":{"allow":["GET"]}}],"collection":[{"href":"https:\/\/rotary.fi\/d1410\/wp-json\/wp\/v2\/pages"}],"about":[{"href":"https:\/\/rotary.fi\/d1410\/wp-json\/wp\/v2\/types\/page"}],"author":[{"embeddable":true,"href":"https:\/\/rotary.fi\/d1410\/wp-json\/wp\/v2\/users\/1"}],"replies":[{"embeddable":true,"href":"https:\/\/rotary.fi\/d1410\/wp-json\/wp\/v2\/comments?post=658"}],"version-history":[{"count":10,"href":"https:\/\/rotary.fi\/d1410\/wp-json\/wp\/v2\/pages\/658\/revisions"}],"predecessor-version":[{"id":6908,"href":"https:\/\/rotary.fi\/d1410\/wp-json\/wp\/v2\/pages\/658\/revisions\/6908"}],"wp:attachment":[{"href":"https:\/\/rotary.fi\/d1410\/wp-json\/wp\/v2\/media?parent=658"}],"curies":[{"name":"wp","href":"https:\/\/api.w.org\/{rel}","templated":true}]}}