{"id":656,"date":"2018-04-09T13:41:22","date_gmt":"2018-04-09T11:41:22","guid":{"rendered":"http:\/\/rotary.fi\/piirisivusto\/?page_id=656"},"modified":"2024-04-02T19:29:36","modified_gmt":"2024-04-02T17:29:36","slug":"mita-teemme","status":"publish","type":"page","link":"https:\/\/rotary.fi\/d1410\/mita-teemme\/","title":{"rendered":"Toiminnan painopisteet &#8211; Mit\u00e4 teemme"},"content":{"rendered":"<p>[et_pb_section fb_built=&#8221;1&#8243; module_class=&#8221;jumbotron-page&#8221; _builder_version=&#8221;4.22.1&#8243; background_image=&#8221;https:\/\/rotary.fi\/d1410\/wp-content\/uploads\/sites\/215\/2024\/04\/rauha-anita-1.jpg&#8221; hover_enabled=&#8221;0&#8243; global_colors_info=&#8221;{}&#8221; title_text=&#8221;Rauha_Anita&#8221; sticky_enabled=&#8221;0&#8243; custom_padding=&#8221;125px||0px|||&#8221; min_height=&#8221;315.6px&#8221;][et_pb_row module_class=&#8221; et_pb_row_fullwidth&#8221; _builder_version=&#8221;4.16&#8243; width=&#8221;89%&#8221; width_tablet=&#8221;80%&#8221; width_phone=&#8221;&#8221; width_last_edited=&#8221;on|desktop&#8221; max_width=&#8221;89%&#8221; max_width_tablet=&#8221;80%&#8221; max_width_phone=&#8221;&#8221; max_width_last_edited=&#8221;on|desktop&#8221; hover_enabled=&#8221;0&#8243; make_fullwidth=&#8221;on&#8221; global_colors_info=&#8221;{}&#8221; sticky_enabled=&#8221;0&#8243; custom_margin=&#8221;|auto|68px|auto||&#8221;][et_pb_column type=&#8221;4_4&#8243; _builder_version=&#8221;4.16&#8243; custom_padding=&#8221;|||&#8221; global_colors_info=&#8221;{}&#8221; custom_padding__hover=&#8221;|||&#8221;][et_pb_text admin_label=&#8221;Mit\u00e4 teemme -otsikko&#8221; _builder_version=&#8221;4.22.1&#8243; text_orientation=&#8221;center&#8221; background_layout=&#8221;dark&#8221; locked=&#8221;off&#8221; collapsed=&#8221;off&#8221; global_colors_info=&#8221;{}&#8221;]<\/p>\n<h1>Toiminnan painopisteet<\/h1>\n<p>[\/et_pb_text][\/et_pb_column][\/et_pb_row][\/et_pb_section][et_pb_section fb_built=&#8221;1&#8243; module_class=&#8221;sisaltoalue_perus&#8221; _builder_version=&#8221;4.16&#8243; custom_margin=&#8221;-37px||40px|||&#8221; global_colors_info=&#8221;{}&#8221;][et_pb_row column_structure=&#8221;1_2,1_2&#8243; custom_padding_last_edited=&#8221;on|phone&#8221; _builder_version=&#8221;4.16&#8243; custom_padding_tablet=&#8221;&#8221; custom_padding_phone=&#8221;&#8221; global_colors_info=&#8221;{}&#8221;][et_pb_column type=&#8221;1_2&#8243; _builder_version=&#8221;4.16&#8243; custom_padding=&#8221;|||&#8221; global_colors_info=&#8221;{}&#8221; custom_padding__hover=&#8221;|||&#8221;][et_pb_text admin_label=&#8221;Mit\u00e4 teemme -otsikko&#8221; _builder_version=&#8221;4.16&#8243; text_orientation=&#8221;center&#8221; global_colors_info=&#8221;{}&#8221;]<\/p>\n<h1 style=\"text-align: left\">Toimintamuodot<\/h1>\n<p>[\/et_pb_text][et_pb_text _builder_version=&#8221;4.16&#8243; global_colors_info=&#8221;{}&#8221;]<\/p>\n<div class=\"kvgmc6g5 cxmmr5t8 oygrvhab hcukyx3x c1et5uql\">\n<ul>\n<li>Klubitoiminta<\/li>\n<li>Ammatillinen toiminta<\/li>\n<li>Yhteiskunnallinen toiminta<\/li>\n<li>Kansainv\u00e4linen toiminta<\/li>\n<li>Nuorisotoiminta<\/li>\n<\/ul>\n<\/div>\n<p>&nbsp;<\/p>\n<p>[\/et_pb_text][et_pb_text admin_label=&#8221;Mit\u00e4 teemme -otsikko&#8221; _builder_version=&#8221;4.16&#8243; text_orientation=&#8221;center&#8221; global_colors_info=&#8221;{}&#8221;]<\/p>\n<h1 style=\"text-align: left\">Toiminnan painopisteet<\/h1>\n<p>[\/et_pb_text][et_pb_text _builder_version=&#8221;4.16&#8243; global_colors_info=&#8221;{}&#8221;]<\/p>\n<div class=\"kvgmc6g5 cxmmr5t8 oygrvhab hcukyx3x c1et5uql\">\n<ul>\n<li>Rauha ja konfliktien ratkaisu<\/li>\n<li>Sairauksien ehk\u00e4isy ja hoito<\/li>\n<li>Vesi, sanitaatio ja hygienia<\/li>\n<li>\u00c4idin ja lapsen terveys<\/li>\n<li>Peruskoulutus sek\u00e4 luku- ja kirjoitustaito<\/li>\n<li>Yhteis\u00f6n taloudellinen kehitt\u00e4minen<\/li>\n<li>Ymp\u00e4rist\u00f6<\/li>\n<\/ul>\n<\/div>\n<p>Rotarina sinulla on mahdollisuus toimia ja vaikuttaa. Lis\u00e4ksi saat mahtavan sosiaalisen verkoston ja elinik\u00e4isi\u00e4 yst\u00e4vi\u00e4.<\/p>\n<p>[\/et_pb_text][\/et_pb_column][et_pb_column type=&#8221;1_2&#8243; _builder_version=&#8221;4.16&#8243; _module_preset=&#8221;default&#8221; global_colors_info=&#8221;{}&#8221;][et_pb_image src=&#8221;https:\/\/rotary.fi\/d1410\/wp-content\/uploads\/sites\/215\/2021\/07\/155096028-4133944569971399-4749589847331807668-n.jpg&#8221; title_text=&#8221;155096028_4133944569971399_4749589847331807668_n&#8221; align_tablet=&#8221;center&#8221; align_phone=&#8221;&#8221; align_last_edited=&#8221;on|desktop&#8221; _builder_version=&#8221;4.16&#8243; z_index_tablet=&#8221;500&#8243; border_width_all=&#8221;10px&#8221; border_color_all=&#8221;#ffffff&#8221; box_shadow_style=&#8221;preset1&#8243; box_shadow_blur=&#8221;5px&#8221; locked=&#8221;off&#8221; global_colors_info=&#8221;{}&#8221;]<br \/>\n[\/et_pb_image][\/et_pb_column][\/et_pb_row][et_pb_row column_structure=&#8221;1_2,1_2&#8243; custom_padding_last_edited=&#8221;on|phone&#8221; _builder_version=&#8221;4.16&#8243; custom_padding_tablet=&#8221;&#8221; custom_padding_phone=&#8221;&#8221; global_colors_info=&#8221;{}&#8221;][et_pb_column type=&#8221;1_2&#8243; _builder_version=&#8221;4.16&#8243; custom_padding=&#8221;|||&#8221; global_colors_info=&#8221;{}&#8221; custom_padding__hover=&#8221;|||&#8221;][\/et_pb_column][et_pb_column type=&#8221;1_2&#8243; _builder_version=&#8221;4.16&#8243; _module_preset=&#8221;default&#8221; global_colors_info=&#8221;{}&#8221;][\/et_pb_column][\/et_pb_row][\/et_pb_section]<\/p>\n","protected":false},"excerpt":{"rendered":"<p>Toiminnan painopisteetToimintamuodot Klubitoiminta Ammatillinen toiminta Yhteiskunnallinen toiminta Kansainv\u00e4linen toiminta Nuorisotoiminta &nbsp;Toiminnan painopisteet Rauha ja konfliktien ratkaisu Sairauksien ehk\u00e4isy ja hoito Vesi, sanitaatio ja hygienia \u00c4idin ja lapsen terveys Peruskoulutus sek\u00e4 luku- ja kirjoitustaito Yhteis\u00f6n taloudellinen kehitt\u00e4minen Ymp\u00e4rist\u00f6 Rotarina sinulla on mahdollisuus toimia ja vaikuttaa. Lis\u00e4ksi saat mahtavan sosiaalisen verkoston ja elinik\u00e4isi\u00e4 yst\u00e4vi\u00e4.<\/p>\n","protected":false},"author":1,"featured_media":0,"parent":0,"menu_order":2,"comment_status":"closed","ping_status":"closed","template":"","meta":{"_acf_changed":false,"_et_pb_use_builder":"on","_et_pb_old_content":"","_et_gb_content_width":"","footnotes":""},"class_list":["post-656","page","type-page","status-publish","hentry"],"acf":[],"yoast_head":"<!-- This site is optimized with the Yoast SEO plugin v27.0 - https:\/\/yoast.com\/product\/yoast-seo-wordpress\/ -->\n<title>Toiminnan painopisteet - Mit\u00e4 teemme - Piiri 1410<\/title>\n<meta name=\"robots\" content=\"index, follow, max-snippet:-1, max-image-preview:large, max-video-preview:-1\" \/>\n<link rel=\"canonical\" href=\"https:\/\/rotary.fi\/d1410\/mita-teemme\/\" \/>\n<meta property=\"og:locale\" content=\"fi_FI\" \/>\n<meta property=\"og:type\" content=\"article\" \/>\n<meta property=\"og:title\" content=\"Toiminnan painopisteet - Mit\u00e4 teemme - Piiri 1410\" \/>\n<meta property=\"og:description\" content=\"Toiminnan painopisteetToimintamuodot Klubitoiminta Ammatillinen toiminta Yhteiskunnallinen toiminta Kansainv\u00e4linen toiminta Nuorisotoiminta &nbsp;Toiminnan painopisteet Rauha ja konfliktien ratkaisu Sairauksien ehk\u00e4isy ja hoito Vesi, sanitaatio ja hygienia \u00c4idin ja lapsen terveys Peruskoulutus sek\u00e4 luku- ja kirjoitustaito Yhteis\u00f6n taloudellinen kehitt\u00e4minen Ymp\u00e4rist\u00f6 Rotarina sinulla on mahdollisuus toimia ja vaikuttaa. Lis\u00e4ksi saat mahtavan sosiaalisen verkoston ja elinik\u00e4isi\u00e4 yst\u00e4vi\u00e4.\" \/>\n<meta property=\"og:url\" content=\"https:\/\/rotary.fi\/d1410\/mita-teemme\/\" \/>\n<meta property=\"og:site_name\" content=\"Piiri 1410\" \/>\n<meta property=\"article:publisher\" content=\"https:\/\/www.facebook.com\/rotary\/\" \/>\n<meta property=\"article:modified_time\" content=\"2024-04-02T17:29:36+00:00\" \/>\n<meta name=\"twitter:card\" content=\"summary_large_image\" \/>\n<meta name=\"twitter:label1\" content=\"Arvioitu lukuaika\" \/>\n\t<meta name=\"twitter:data1\" content=\"1 minuutti\" \/>\n<script type=\"application\/ld+json\" class=\"yoast-schema-graph\">{\"@context\":\"https:\/\/schema.org\",\"@graph\":[{\"@type\":\"WebPage\",\"@id\":\"https:\/\/rotary.fi\/d1410\/mita-teemme\/\",\"url\":\"https:\/\/rotary.fi\/d1410\/mita-teemme\/\",\"name\":\"Toiminnan painopisteet - Mit\u00e4 teemme - Piiri 1410\",\"isPartOf\":{\"@id\":\"https:\/\/rotary.fi\/d1410\/#website\"},\"datePublished\":\"2018-04-09T11:41:22+00:00\",\"dateModified\":\"2024-04-02T17:29:36+00:00\",\"breadcrumb\":{\"@id\":\"https:\/\/rotary.fi\/d1410\/mita-teemme\/#breadcrumb\"},\"inLanguage\":\"fi\",\"potentialAction\":[{\"@type\":\"ReadAction\",\"target\":[\"https:\/\/rotary.fi\/d1410\/mita-teemme\/\"]}]},{\"@type\":\"BreadcrumbList\",\"@id\":\"https:\/\/rotary.fi\/d1410\/mita-teemme\/#breadcrumb\",\"itemListElement\":[{\"@type\":\"ListItem\",\"position\":1,\"name\":\"Home\",\"item\":\"https:\/\/rotary.fi\/d1410\/\"},{\"@type\":\"ListItem\",\"position\":2,\"name\":\"Toiminnan painopisteet &#8211; Mit\u00e4 teemme\"}]},{\"@type\":\"WebSite\",\"@id\":\"https:\/\/rotary.fi\/d1410\/#website\",\"url\":\"https:\/\/rotary.fi\/d1410\/\",\"name\":\"Piiri 1410\",\"description\":\"Suomen Rotary\",\"potentialAction\":[{\"@type\":\"SearchAction\",\"target\":{\"@type\":\"EntryPoint\",\"urlTemplate\":\"https:\/\/rotary.fi\/d1410\/?s={search_term_string}\"},\"query-input\":{\"@type\":\"PropertyValueSpecification\",\"valueRequired\":true,\"valueName\":\"search_term_string\"}}],\"inLanguage\":\"fi\"}]}<\/script>\n<!-- \/ Yoast SEO plugin. -->","yoast_head_json":{"title":"Toiminnan painopisteet - Mit\u00e4 teemme - Piiri 1410","robots":{"index":"index","follow":"follow","max-snippet":"max-snippet:-1","max-image-preview":"max-image-preview:large","max-video-preview":"max-video-preview:-1"},"canonical":"https:\/\/rotary.fi\/d1410\/mita-teemme\/","og_locale":"fi_FI","og_type":"article","og_title":"Toiminnan painopisteet - Mit\u00e4 teemme - Piiri 1410","og_description":"Toiminnan painopisteetToimintamuodot Klubitoiminta Ammatillinen toiminta Yhteiskunnallinen toiminta Kansainv\u00e4linen toiminta Nuorisotoiminta &nbsp;Toiminnan painopisteet Rauha ja konfliktien ratkaisu Sairauksien ehk\u00e4isy ja hoito Vesi, sanitaatio ja hygienia \u00c4idin ja lapsen terveys Peruskoulutus sek\u00e4 luku- ja kirjoitustaito Yhteis\u00f6n taloudellinen kehitt\u00e4minen Ymp\u00e4rist\u00f6 Rotarina sinulla on mahdollisuus toimia ja vaikuttaa. Lis\u00e4ksi saat mahtavan sosiaalisen verkoston ja elinik\u00e4isi\u00e4 yst\u00e4vi\u00e4.","og_url":"https:\/\/rotary.fi\/d1410\/mita-teemme\/","og_site_name":"Piiri 1410","article_publisher":"https:\/\/www.facebook.com\/rotary\/","article_modified_time":"2024-04-02T17:29:36+00:00","twitter_card":"summary_large_image","twitter_misc":{"Arvioitu lukuaika":"1 minuutti"},"schema":{"@context":"https:\/\/schema.org","@graph":[{"@type":"WebPage","@id":"https:\/\/rotary.fi\/d1410\/mita-teemme\/","url":"https:\/\/rotary.fi\/d1410\/mita-teemme\/","name":"Toiminnan painopisteet - Mit\u00e4 teemme - Piiri 1410","isPartOf":{"@id":"https:\/\/rotary.fi\/d1410\/#website"},"datePublished":"2018-04-09T11:41:22+00:00","dateModified":"2024-04-02T17:29:36+00:00","breadcrumb":{"@id":"https:\/\/rotary.fi\/d1410\/mita-teemme\/#breadcrumb"},"inLanguage":"fi","potentialAction":[{"@type":"ReadAction","target":["https:\/\/rotary.fi\/d1410\/mita-teemme\/"]}]},{"@type":"BreadcrumbList","@id":"https:\/\/rotary.fi\/d1410\/mita-teemme\/#breadcrumb","itemListElement":[{"@type":"ListItem","position":1,"name":"Home","item":"https:\/\/rotary.fi\/d1410\/"},{"@type":"ListItem","position":2,"name":"Toiminnan painopisteet &#8211; Mit\u00e4 teemme"}]},{"@type":"WebSite","@id":"https:\/\/rotary.fi\/d1410\/#website","url":"https:\/\/rotary.fi\/d1410\/","name":"Piiri 1410","description":"Suomen Rotary","potentialAction":[{"@type":"SearchAction","target":{"@type":"EntryPoint","urlTemplate":"https:\/\/rotary.fi\/d1410\/?s={search_term_string}"},"query-input":{"@type":"PropertyValueSpecification","valueRequired":true,"valueName":"search_term_string"}}],"inLanguage":"fi"}]}},"lang":"fi","translations":{"fi":656,"sv":2663,"en":2904},"pll_sync_post":[],"_links":{"self":[{"href":"https:\/\/rotary.fi\/d1410\/wp-json\/wp\/v2\/pages\/656","targetHints":{"allow":["GET"]}}],"collection":[{"href":"https:\/\/rotary.fi\/d1410\/wp-json\/wp\/v2\/pages"}],"about":[{"href":"https:\/\/rotary.fi\/d1410\/wp-json\/wp\/v2\/types\/page"}],"author":[{"embeddable":true,"href":"https:\/\/rotary.fi\/d1410\/wp-json\/wp\/v2\/users\/1"}],"replies":[{"embeddable":true,"href":"https:\/\/rotary.fi\/d1410\/wp-json\/wp\/v2\/comments?post=656"}],"version-history":[{"count":10,"href":"https:\/\/rotary.fi\/d1410\/wp-json\/wp\/v2\/pages\/656\/revisions"}],"predecessor-version":[{"id":6992,"href":"https:\/\/rotary.fi\/d1410\/wp-json\/wp\/v2\/pages\/656\/revisions\/6992"}],"wp:attachment":[{"href":"https:\/\/rotary.fi\/d1410\/wp-json\/wp\/v2\/media?parent=656"}],"curies":[{"name":"wp","href":"https:\/\/api.w.org\/{rel}","templated":true}]}}