{"id":654,"date":"2018-04-09T13:38:56","date_gmt":"2018-04-09T11:38:56","guid":{"rendered":"http:\/\/rotary.fi\/piirisivusto\/?page_id=654"},"modified":"2021-09-05T21:25:39","modified_gmt":"2021-09-05T19:25:39","slug":"mika-on-rotary","status":"publish","type":"page","link":"https:\/\/rotary.fi\/d1410\/mika-on-rotary\/","title":{"rendered":"Mik\u00e4 on Rotary"},"content":{"rendered":"<p>[et_pb_section fb_built=&#8221;1&#8243; module_class=&#8221;jumbotron-page&#8221; _builder_version=&#8221;4.9.4&#8243; background_image=&#8221;https:\/\/rotary.fi\/d1410\/wp-content\/uploads\/sites\/215\/2021\/07\/118397258-4247905408616691-2728696681348521925-n.jpg&#8221;][et_pb_row module_class=&#8221; et_pb_row_fullwidth et_pb_row_fullwidth&#8221; _builder_version=&#8221;3.25&#8243; width=&#8221;89%&#8221; width_tablet=&#8221;80%&#8221; width_phone=&#8221;&#8221; width_last_edited=&#8221;on|desktop&#8221; max_width=&#8221;89%&#8221; max_width_tablet=&#8221;80%&#8221; max_width_phone=&#8221;&#8221; max_width_last_edited=&#8221;on|desktop&#8221; make_fullwidth=&#8221;on&#8221;][et_pb_column type=&#8221;4_4&#8243; _builder_version=&#8221;3.25&#8243; custom_padding=&#8221;|||&#8221; custom_padding__hover=&#8221;|||&#8221;][et_pb_text admin_label=&#8221;Mik\u00e4 on Rotary -otsikko&#8221; _builder_version=&#8221;4.9.4&#8243; text_orientation=&#8221;center&#8221; background_layout=&#8221;dark&#8221; z_index_tablet=&#8221;500&#8243;]<\/p>\n<h1>Mik\u00e4 on Rotary?<\/h1>\n<p>[\/et_pb_text][\/et_pb_column][\/et_pb_row][\/et_pb_section][et_pb_section fb_built=&#8221;1&#8243; module_class=&#8221;sisaltoalue_perus&#8221; _builder_version=&#8221;3.22&#8243; background_size=&#8221;initial&#8221; background_position=&#8221;top_left&#8221; background_repeat=&#8221;repeat&#8221;][et_pb_row custom_padding_last_edited=&#8221;on|phone&#8221; _builder_version=&#8221;3.25&#8243; custom_padding=&#8221;46.6875px|0px|63px|0px&#8221; custom_padding_tablet=&#8221;&#8221; custom_padding_phone=&#8221;&#8221;][et_pb_column type=&#8221;4_4&#8243; _builder_version=&#8221;3.25&#8243; custom_padding=&#8221;|||&#8221; custom_padding__hover=&#8221;|||&#8221;][et_pb_text admin_label=&#8221;Mik\u00e4 on Rotary -otsikko&#8221; _builder_version=&#8221;4.9.4&#8243; text_orientation=&#8221;center&#8221; z_index_tablet=&#8221;500&#8243;]<\/p>\n<h1>Toiminnan ihmisten maailmanlaajuinen verkosto\u00a0<\/h1>\n<p>[\/et_pb_text][et_pb_text _builder_version=&#8221;4.9.10&#8243; custom_margin=&#8221;||60px|&#8221; hover_enabled=&#8221;0&#8243; sticky_enabled=&#8221;0&#8243;]<\/p>\n<p class=\"wP15\">Rotarit ovat ep\u00e4uskonnollinen ja ep\u00e4poliittinen, maailman tehokkaimmin toimiva hyv\u00e4ntekev\u00e4isyysj\u00e4rjest\u00f6. Ainutlaatuinen kansallinen ja kansainv\u00e4linen yhteis\u00f6 ja hankerahoitus ovat parasta mit\u00e4 rotaryliikkeell\u00e4 on jokaiselle j\u00e4senelleen tarjota.<\/p>\n<p class=\"wP15\">Maailmanlaajuiseen Rotaryyn kuuluu kaikkiaan n. 540 piiri\u00e4, joissa toimii 1.2 miljoonaa rotarya. Suomen viidess\u00e4 piiriss\u00e4 on l\u00e4hes 9 000 j\u00e4sent\u00e4.<\/p>\n<p>Klubi ja yksitt\u00e4iset rotarit ovat Rotaryn t\u00e4rkeimm\u00e4t perusyksik\u00f6t. Rotary kokoaa yhteen yhteiskunnallisia vaikuttajia ja alansa asiantuntijoita kaikista kulttuureista ja ammateista. Jos haluat verkostoitua ja k\u00e4ytt\u00e4\u00e4 osaamistasi hyv\u00e4n tekemiseen niin paikkakunnallasi kuin maailmalla, Rotary on sinua varten.<\/p>\n<h3>Rotaryn visio<\/h3>\n<p>Yhdess\u00e4 n\u00e4emme maailman, jossa ihmiset liittyv\u00e4t yhteen ja tarttuvat toimeen kest\u00e4v\u00e4n muutoksen luomiseksi \u2013 kaikkialla maailmassa, yhteis\u00f6iss\u00e4\u00e4n ja itsess\u00e4\u00e4n.<\/p>\n<h3>Rotaryn ideologia<\/h3>\n<p>Rotary on palveluj\u00e4rjest\u00f6, jonka tunnuslause on: Palvelu itsekkyyden edelle (Service above self).<\/p>\n<p>[\/et_pb_text][et_pb_button button_url=&#8221;https:\/\/rotary.fi\/&#8221; url_new_window=&#8221;on&#8221; button_text=&#8221;Suomen Rotaryn sivuille&#8221; _builder_version=&#8221;3.21&#8243;][\/et_pb_button][\/et_pb_column][\/et_pb_row][\/et_pb_section]<\/p>\n","protected":false},"excerpt":{"rendered":"<p>Mik\u00e4 on Rotary?Toiminnan ihmisten maailmanlaajuinen verkosto\u00a0Rotarit ovat ep\u00e4uskonnollinen ja ep\u00e4poliittinen, maailman tehokkaimmin toimiva hyv\u00e4ntekev\u00e4isyysj\u00e4rjest\u00f6. Ainutlaatuinen kansallinen ja kansainv\u00e4linen yhteis\u00f6 ja hankerahoitus ovat parasta mit\u00e4 rotaryliikkeell\u00e4 on jokaiselle j\u00e4senelleen tarjota. Maailmanlaajuiseen Rotaryyn kuuluu kaikkiaan n. 540 piiri\u00e4, joissa toimii 1.2 miljoonaa rotarya. Suomen viidess\u00e4 piiriss\u00e4 on l\u00e4hes 9 000 j\u00e4sent\u00e4. Klubi ja yksitt\u00e4iset rotarit ovat Rotaryn [&hellip;]<\/p>\n","protected":false},"author":1,"featured_media":0,"parent":0,"menu_order":5,"comment_status":"closed","ping_status":"closed","template":"","meta":{"_acf_changed":false,"_et_pb_use_builder":"on","_et_pb_old_content":"","_et_gb_content_width":"","footnotes":""},"class_list":["post-654","page","type-page","status-publish","hentry"],"acf":[],"yoast_head":"<!-- This site is optimized with the Yoast SEO plugin v27.0 - https:\/\/yoast.com\/product\/yoast-seo-wordpress\/ -->\n<title>Mik\u00e4 on Rotary - Piiri 1410<\/title>\n<meta name=\"robots\" content=\"index, follow, max-snippet:-1, max-image-preview:large, max-video-preview:-1\" \/>\n<link rel=\"canonical\" href=\"https:\/\/rotary.fi\/d1410\/mika-on-rotary\/\" \/>\n<meta property=\"og:locale\" content=\"fi_FI\" \/>\n<meta property=\"og:type\" content=\"article\" \/>\n<meta property=\"og:title\" content=\"Mik\u00e4 on Rotary - Piiri 1410\" \/>\n<meta property=\"og:description\" content=\"Mik\u00e4 on Rotary?Toiminnan ihmisten maailmanlaajuinen verkosto\u00a0Rotarit ovat ep\u00e4uskonnollinen ja ep\u00e4poliittinen, maailman tehokkaimmin toimiva hyv\u00e4ntekev\u00e4isyysj\u00e4rjest\u00f6. Ainutlaatuinen kansallinen ja kansainv\u00e4linen yhteis\u00f6 ja hankerahoitus ovat parasta mit\u00e4 rotaryliikkeell\u00e4 on jokaiselle j\u00e4senelleen tarjota. Maailmanlaajuiseen Rotaryyn kuuluu kaikkiaan n. 540 piiri\u00e4, joissa toimii 1.2 miljoonaa rotarya. Suomen viidess\u00e4 piiriss\u00e4 on l\u00e4hes 9 000 j\u00e4sent\u00e4. Klubi ja yksitt\u00e4iset rotarit ovat Rotaryn [&hellip;]\" \/>\n<meta property=\"og:url\" content=\"https:\/\/rotary.fi\/d1410\/mika-on-rotary\/\" \/>\n<meta property=\"og:site_name\" content=\"Piiri 1410\" \/>\n<meta property=\"article:publisher\" content=\"https:\/\/www.facebook.com\/rotary\/\" \/>\n<meta property=\"article:modified_time\" content=\"2021-09-05T19:25:39+00:00\" \/>\n<meta name=\"twitter:card\" content=\"summary_large_image\" \/>\n<script type=\"application\/ld+json\" class=\"yoast-schema-graph\">{\"@context\":\"https:\/\/schema.org\",\"@graph\":[{\"@type\":\"WebPage\",\"@id\":\"https:\/\/rotary.fi\/d1410\/mika-on-rotary\/\",\"url\":\"https:\/\/rotary.fi\/d1410\/mika-on-rotary\/\",\"name\":\"Mik\u00e4 on Rotary - Piiri 1410\",\"isPartOf\":{\"@id\":\"https:\/\/rotary.fi\/d1410\/#website\"},\"datePublished\":\"2018-04-09T11:38:56+00:00\",\"dateModified\":\"2021-09-05T19:25:39+00:00\",\"breadcrumb\":{\"@id\":\"https:\/\/rotary.fi\/d1410\/mika-on-rotary\/#breadcrumb\"},\"inLanguage\":\"fi\",\"potentialAction\":[{\"@type\":\"ReadAction\",\"target\":[\"https:\/\/rotary.fi\/d1410\/mika-on-rotary\/\"]}]},{\"@type\":\"BreadcrumbList\",\"@id\":\"https:\/\/rotary.fi\/d1410\/mika-on-rotary\/#breadcrumb\",\"itemListElement\":[{\"@type\":\"ListItem\",\"position\":1,\"name\":\"Home\",\"item\":\"https:\/\/rotary.fi\/d1410\/\"},{\"@type\":\"ListItem\",\"position\":2,\"name\":\"Mik\u00e4 on Rotary\"}]},{\"@type\":\"WebSite\",\"@id\":\"https:\/\/rotary.fi\/d1410\/#website\",\"url\":\"https:\/\/rotary.fi\/d1410\/\",\"name\":\"Piiri 1410\",\"description\":\"Suomen Rotary\",\"potentialAction\":[{\"@type\":\"SearchAction\",\"target\":{\"@type\":\"EntryPoint\",\"urlTemplate\":\"https:\/\/rotary.fi\/d1410\/?s={search_term_string}\"},\"query-input\":{\"@type\":\"PropertyValueSpecification\",\"valueRequired\":true,\"valueName\":\"search_term_string\"}}],\"inLanguage\":\"fi\"}]}<\/script>\n<!-- \/ Yoast SEO plugin. -->","yoast_head_json":{"title":"Mik\u00e4 on Rotary - Piiri 1410","robots":{"index":"index","follow":"follow","max-snippet":"max-snippet:-1","max-image-preview":"max-image-preview:large","max-video-preview":"max-video-preview:-1"},"canonical":"https:\/\/rotary.fi\/d1410\/mika-on-rotary\/","og_locale":"fi_FI","og_type":"article","og_title":"Mik\u00e4 on Rotary - Piiri 1410","og_description":"Mik\u00e4 on Rotary?Toiminnan ihmisten maailmanlaajuinen verkosto\u00a0Rotarit ovat ep\u00e4uskonnollinen ja ep\u00e4poliittinen, maailman tehokkaimmin toimiva hyv\u00e4ntekev\u00e4isyysj\u00e4rjest\u00f6. Ainutlaatuinen kansallinen ja kansainv\u00e4linen yhteis\u00f6 ja hankerahoitus ovat parasta mit\u00e4 rotaryliikkeell\u00e4 on jokaiselle j\u00e4senelleen tarjota. Maailmanlaajuiseen Rotaryyn kuuluu kaikkiaan n. 540 piiri\u00e4, joissa toimii 1.2 miljoonaa rotarya. Suomen viidess\u00e4 piiriss\u00e4 on l\u00e4hes 9 000 j\u00e4sent\u00e4. Klubi ja yksitt\u00e4iset rotarit ovat Rotaryn [&hellip;]","og_url":"https:\/\/rotary.fi\/d1410\/mika-on-rotary\/","og_site_name":"Piiri 1410","article_publisher":"https:\/\/www.facebook.com\/rotary\/","article_modified_time":"2021-09-05T19:25:39+00:00","twitter_card":"summary_large_image","schema":{"@context":"https:\/\/schema.org","@graph":[{"@type":"WebPage","@id":"https:\/\/rotary.fi\/d1410\/mika-on-rotary\/","url":"https:\/\/rotary.fi\/d1410\/mika-on-rotary\/","name":"Mik\u00e4 on Rotary - Piiri 1410","isPartOf":{"@id":"https:\/\/rotary.fi\/d1410\/#website"},"datePublished":"2018-04-09T11:38:56+00:00","dateModified":"2021-09-05T19:25:39+00:00","breadcrumb":{"@id":"https:\/\/rotary.fi\/d1410\/mika-on-rotary\/#breadcrumb"},"inLanguage":"fi","potentialAction":[{"@type":"ReadAction","target":["https:\/\/rotary.fi\/d1410\/mika-on-rotary\/"]}]},{"@type":"BreadcrumbList","@id":"https:\/\/rotary.fi\/d1410\/mika-on-rotary\/#breadcrumb","itemListElement":[{"@type":"ListItem","position":1,"name":"Home","item":"https:\/\/rotary.fi\/d1410\/"},{"@type":"ListItem","position":2,"name":"Mik\u00e4 on Rotary"}]},{"@type":"WebSite","@id":"https:\/\/rotary.fi\/d1410\/#website","url":"https:\/\/rotary.fi\/d1410\/","name":"Piiri 1410","description":"Suomen Rotary","potentialAction":[{"@type":"SearchAction","target":{"@type":"EntryPoint","urlTemplate":"https:\/\/rotary.fi\/d1410\/?s={search_term_string}"},"query-input":{"@type":"PropertyValueSpecification","valueRequired":true,"valueName":"search_term_string"}}],"inLanguage":"fi"}]}},"lang":"fi","translations":{"fi":654,"sv":4027,"en":3008},"pll_sync_post":[],"_links":{"self":[{"href":"https:\/\/rotary.fi\/d1410\/wp-json\/wp\/v2\/pages\/654","targetHints":{"allow":["GET"]}}],"collection":[{"href":"https:\/\/rotary.fi\/d1410\/wp-json\/wp\/v2\/pages"}],"about":[{"href":"https:\/\/rotary.fi\/d1410\/wp-json\/wp\/v2\/types\/page"}],"author":[{"embeddable":true,"href":"https:\/\/rotary.fi\/d1410\/wp-json\/wp\/v2\/users\/1"}],"replies":[{"embeddable":true,"href":"https:\/\/rotary.fi\/d1410\/wp-json\/wp\/v2\/comments?post=654"}],"version-history":[{"count":14,"href":"https:\/\/rotary.fi\/d1410\/wp-json\/wp\/v2\/pages\/654\/revisions"}],"predecessor-version":[{"id":4556,"href":"https:\/\/rotary.fi\/d1410\/wp-json\/wp\/v2\/pages\/654\/revisions\/4556"}],"wp:attachment":[{"href":"https:\/\/rotary.fi\/d1410\/wp-json\/wp\/v2\/media?parent=654"}],"curies":[{"name":"wp","href":"https:\/\/api.w.org\/{rel}","templated":true}]}}