{"id":5891,"date":"2023-03-11T12:45:01","date_gmt":"2023-03-11T10:45:01","guid":{"rendered":"https:\/\/rotary.fi\/d1410\/?page_id=5891"},"modified":"2023-03-11T13:02:32","modified_gmt":"2023-03-11T11:02:32","slug":"mariehamns-rotaryklubb-genomfor-stor-insamling-for-ukraina","status":"publish","type":"page","link":"https:\/\/rotary.fi\/d1410\/sv\/det-har-gor-vi\/mariehamns-rotaryklubb-genomfor-stor-insamling-for-ukraina\/","title":{"rendered":"Mariehamns Rotaryklubb genomf\u00f6r stor insamling f\u00f6r Ukraina"},"content":{"rendered":"<p>[et_pb_section fb_built=&#8221;1&#8243; admin_label=&#8221;Kuva&#8221; module_class=&#8221;jumbotron-page&#8221; _builder_version=&#8221;4.20.0&#8243; background_image=&#8221;https:\/\/rotary.fi\/d1410\/wp-content\/uploads\/sites\/215\/2023\/03\/324902629-1837487349953127-7121381149618031110-n.jpg&#8221; global_colors_info=&#8221;{}&#8221;][et_pb_row module_class=&#8221; et_pb_row_fullwidth et_pb_row_fullwidth&#8221; _builder_version=&#8221;4.16&#8243; width=&#8221;89%&#8221; width_tablet=&#8221;80%&#8221; width_phone=&#8221;&#8221; width_last_edited=&#8221;on|desktop&#8221; max_width=&#8221;89%&#8221; max_width_tablet=&#8221;80%&#8221; max_width_phone=&#8221;&#8221; max_width_last_edited=&#8221;on|desktop&#8221; make_fullwidth=&#8221;on&#8221; global_colors_info=&#8221;{}&#8221;][et_pb_column type=&#8221;4_4&#8243; _builder_version=&#8221;4.16&#8243; custom_padding=&#8221;|||&#8221; global_colors_info=&#8221;{}&#8221; custom_padding__hover=&#8221;|||&#8221;][et_pb_text admin_label=&#8221;Otsikko&#8221; _builder_version=&#8221;4.20.0&#8243; text_orientation=&#8221;center&#8221; background_layout=&#8221;dark&#8221; z_index_tablet=&#8221;500&#8243; text_text_shadow_horizontal_length_tablet=&#8221;0px&#8221; text_text_shadow_vertical_length_tablet=&#8221;0px&#8221; text_text_shadow_blur_strength_tablet=&#8221;1px&#8221; link_text_shadow_horizontal_length_tablet=&#8221;0px&#8221; link_text_shadow_vertical_length_tablet=&#8221;0px&#8221; link_text_shadow_blur_strength_tablet=&#8221;1px&#8221; ul_text_shadow_horizontal_length_tablet=&#8221;0px&#8221; ul_text_shadow_vertical_length_tablet=&#8221;0px&#8221; ul_text_shadow_blur_strength_tablet=&#8221;1px&#8221; ol_text_shadow_horizontal_length_tablet=&#8221;0px&#8221; ol_text_shadow_vertical_length_tablet=&#8221;0px&#8221; ol_text_shadow_blur_strength_tablet=&#8221;1px&#8221; quote_text_shadow_horizontal_length_tablet=&#8221;0px&#8221; quote_text_shadow_vertical_length_tablet=&#8221;0px&#8221; quote_text_shadow_blur_strength_tablet=&#8221;1px&#8221; header_text_shadow_horizontal_length_tablet=&#8221;0px&#8221; header_text_shadow_vertical_length_tablet=&#8221;0px&#8221; header_text_shadow_blur_strength_tablet=&#8221;1px&#8221; header_2_text_shadow_horizontal_length_tablet=&#8221;0px&#8221; header_2_text_shadow_vertical_length_tablet=&#8221;0px&#8221; header_2_text_shadow_blur_strength_tablet=&#8221;1px&#8221; header_3_text_shadow_horizontal_length_tablet=&#8221;0px&#8221; header_3_text_shadow_vertical_length_tablet=&#8221;0px&#8221; header_3_text_shadow_blur_strength_tablet=&#8221;1px&#8221; header_4_text_shadow_horizontal_length_tablet=&#8221;0px&#8221; header_4_text_shadow_vertical_length_tablet=&#8221;0px&#8221; header_4_text_shadow_blur_strength_tablet=&#8221;1px&#8221; header_5_text_shadow_horizontal_length_tablet=&#8221;0px&#8221; header_5_text_shadow_vertical_length_tablet=&#8221;0px&#8221; header_5_text_shadow_blur_strength_tablet=&#8221;1px&#8221; header_6_text_shadow_horizontal_length_tablet=&#8221;0px&#8221; header_6_text_shadow_vertical_length_tablet=&#8221;0px&#8221; header_6_text_shadow_blur_strength_tablet=&#8221;1px&#8221; box_shadow_horizontal_tablet=&#8221;0px&#8221; box_shadow_vertical_tablet=&#8221;0px&#8221; box_shadow_blur_tablet=&#8221;40px&#8221; box_shadow_spread_tablet=&#8221;0px&#8221; global_colors_info=&#8221;{}&#8221;]<\/p>\n<h1>Mariehamns Rotaryklubb genomf\u00f6r stor insamling f\u00f6r Ukraina<\/h1>\n<p>[\/et_pb_text][\/et_pb_column][\/et_pb_row][\/et_pb_section][et_pb_section fb_built=&#8221;1&#8243; module_class=&#8221;sisaltoalue_perus&#8221; _builder_version=&#8221;4.16&#8243; background_size=&#8221;initial&#8221; background_position=&#8221;top_left&#8221; background_repeat=&#8221;repeat&#8221; global_colors_info=&#8221;{}&#8221;][et_pb_row custom_padding_last_edited=&#8221;on|phone&#8221; _builder_version=&#8221;4.16&#8243; min_height=&#8221;1205.4px&#8221; custom_padding=&#8221;|||5px||&#8221; custom_padding_tablet=&#8221;&#8221; custom_padding_phone=&#8221;&#8221; global_colors_info=&#8221;{}&#8221;][et_pb_column type=&#8221;4_4&#8243; _builder_version=&#8221;4.16&#8243; custom_padding=&#8221;|||&#8221; global_colors_info=&#8221;{}&#8221; custom_padding__hover=&#8221;|||&#8221;][et_pb_text _builder_version=&#8221;4.20.0&#8243; hover_enabled=&#8221;0&#8243; z_index_tablet=&#8221;500&#8243; text_text_shadow_horizontal_length_tablet=&#8221;0px&#8221; text_text_shadow_vertical_length_tablet=&#8221;0px&#8221; text_text_shadow_blur_strength_tablet=&#8221;1px&#8221; link_text_shadow_horizontal_length_tablet=&#8221;0px&#8221; link_text_shadow_vertical_length_tablet=&#8221;0px&#8221; link_text_shadow_blur_strength_tablet=&#8221;1px&#8221; ul_text_shadow_horizontal_length_tablet=&#8221;0px&#8221; ul_text_shadow_vertical_length_tablet=&#8221;0px&#8221; ul_text_shadow_blur_strength_tablet=&#8221;1px&#8221; ol_text_shadow_horizontal_length_tablet=&#8221;0px&#8221; ol_text_shadow_vertical_length_tablet=&#8221;0px&#8221; ol_text_shadow_blur_strength_tablet=&#8221;1px&#8221; quote_text_shadow_horizontal_length_tablet=&#8221;0px&#8221; quote_text_shadow_vertical_length_tablet=&#8221;0px&#8221; quote_text_shadow_blur_strength_tablet=&#8221;1px&#8221; header_text_shadow_horizontal_length_tablet=&#8221;0px&#8221; header_text_shadow_vertical_length_tablet=&#8221;0px&#8221; header_text_shadow_blur_strength_tablet=&#8221;1px&#8221; header_2_text_shadow_horizontal_length_tablet=&#8221;0px&#8221; header_2_text_shadow_vertical_length_tablet=&#8221;0px&#8221; header_2_text_shadow_blur_strength_tablet=&#8221;1px&#8221; header_3_text_shadow_horizontal_length_tablet=&#8221;0px&#8221; header_3_text_shadow_vertical_length_tablet=&#8221;0px&#8221; header_3_text_shadow_blur_strength_tablet=&#8221;1px&#8221; header_4_text_shadow_horizontal_length_tablet=&#8221;0px&#8221; header_4_text_shadow_vertical_length_tablet=&#8221;0px&#8221; header_4_text_shadow_blur_strength_tablet=&#8221;1px&#8221; header_5_text_shadow_horizontal_length_tablet=&#8221;0px&#8221; header_5_text_shadow_vertical_length_tablet=&#8221;0px&#8221; header_5_text_shadow_blur_strength_tablet=&#8221;1px&#8221; header_6_text_shadow_horizontal_length_tablet=&#8221;0px&#8221; header_6_text_shadow_vertical_length_tablet=&#8221;0px&#8221; header_6_text_shadow_blur_strength_tablet=&#8221;1px&#8221; box_shadow_horizontal_tablet=&#8221;0px&#8221; box_shadow_vertical_tablet=&#8221;0px&#8221; box_shadow_blur_tablet=&#8221;40px&#8221; box_shadow_spread_tablet=&#8221;0px&#8221; global_colors_info=&#8221;{}&#8221; sticky_enabled=&#8221;0&#8243;]<\/p>\n<p><span style=\"font-size: 16px\">Den 24 februari 2023 hade det g\u00e5tt ett \u00e5r sedan Ryssland inledde sin attack mot Ukraina och Ukrainas befolkning lider i krigets sp\u00e5r. Mariehamns Rotaryklubb har tidigare genomf\u00f6rt omfattande insamlingsprojekt p\u00e5 \u00c5land till f\u00f6rm\u00e5n f\u00f6r Ukraina, men d\u00e5 Ryssland offensiver bara forts\u00e4tter beh\u00f6vs ytterligare hj\u00e4lp. Av den h\u00e4r anledningen inledde Mariehamns Rotaryklubb i februari 2023 en ny stor penninginsamling med m\u00e5let att skyndsamt hj\u00e4lpa flyktingar och beh\u00f6vande inom Ukrainas gr\u00e4nser.<\/span><\/p>\n<p>M\u00e5ls\u00e4ttningen \u00e4r att bidra till ShelterBox-projekt i Ukraina, projekt som bland annat arbetar med leverans av s\u00e5 kallade ShelterKits (inneh\u00e5llande verktyg och material f\u00f6r \u00e5teruppbyggnad) men \u00e4ven madrasser, s\u00e4ngkl\u00e4der, vinterkl\u00e4der och grundl\u00e4ggande f\u00f6rn\u00f6denheter. Behovet av n\u00f6dinkvartering \u00e4r fortsatt oerh\u00f6rt stort. Hj\u00e4lpen n\u00e5r fram till de beh\u00f6vande via frivilliga h\u00e4nder inom det ukrainska Rotaryn\u00e4tverket.<\/p>\n<p><a href=\"https:\/\/rotary.fi\/d1410\/mita-teemme\/maarianhaminan-ukraina-kerays\/bossinsamling-monica-von-frenckell-och-sanna-kononen-wahlstedt\/\"><img loading=\"lazy\" decoding=\"async\" class=\"wp-image-5858 alignleft size-medium\" src=\"https:\/\/rotary.fi\/d1410\/wp-content\/uploads\/sites\/215\/2023\/03\/bossinsamling-monica-von-frenckell-och-sanna-kononen-wahlstedt-225x300.jpg\" alt=\"\" width=\"225\" height=\"300\" \/><\/a>Mariehamns Rotaryklubbs medlemmar, samt f\u00f6retag och organisationer de arbetar inom, bidrar med sin tid och medel f\u00f6r att ge insamlingen s\u00e5 stor spridning som m\u00f6jligt. Klubbens alla kostnader f\u00f6r insamlingen \u00e4r sponsrade s\u00e5 att de insamlade pengarna kan g\u00e5 till de beh\u00f6vande.<br \/>Initiativtagare till insamlingen \u00e4r m\u00e5ng\u00e5rige Rotarymedlemmen och tidigare Viking Line-vd:n Nils-Erik Eklund. &#8221;Vi har v\u00e4rme i v\u00e5ra hus och vatten i v\u00e5ra kranar \u2013 Det har man inte i Ukraina. Nu har alla \u00e5l\u00e4nningar en m\u00f6jlighet att g\u00f6ra en insats f\u00f6r Ukrainas lidande befolkning.&#8221; s\u00e4ger Nils-Erik Eklund om tanken bakom insamlingen.<\/p>\n<p>Insamlingen genomf\u00f6rs brett i det \u00e5l\u00e4ndska samh\u00e4llet, genom utskick till alla \u00e5l\u00e4ndska hush\u00e5ll med kontonummer och genom att erbjuda ett servicenummer dit man kan ringa f\u00f6r att bidra med fastslaget belopp. Under mars m\u00e5nad genomf\u00f6r Mariehamns Rotaryklubb tillsammans med Godby Rotaryklubb fysiska insamlingar runtom p\u00e5 \u00c5land f\u00f6r att \u00f6ka synligheten f\u00f6r kampanjen, klubben s\u00e4ljer Ukraina-pins och planerar evenemang. (Insamlingstillst\u00e5nd fr\u00e5n \u00c5lands landskapsregering \u00c5LR 2023\/787).<\/p>\n<p>Insamlingen \u00e4r planerad att forts\u00e4tta under hela \u00e5ret<a href=\"https:\/\/rotary.fi\/d1410\/mita-teemme\/maarianhaminan-ukraina-kerays\/bossinsamling-henrik-nordstrom-o-torsten-wikstrand\/\"><img loading=\"lazy\" decoding=\"async\" class=\"wp-image-5859 size-medium alignright\" src=\"https:\/\/rotary.fi\/d1410\/wp-content\/uploads\/sites\/215\/2023\/03\/bossinsamling-henrik-nordstrom-o-torsten-wikstrand-225x300.jpeg\" alt=\"\" width=\"225\" height=\"300\" \/><\/a> p\u00e5 \u00c5land (Insamlingstillst\u00e5nd fr\u00e5n \u00c5lands landskapsregering \u00c5LR 2023\/787), men de f\u00f6rsta delbetalningarna planeras att g\u00f6ras redan i slutet av mars.<\/p>\n<p>I b\u00f6rjan av mars, i skrivande stund, har f\u00f6ljande \u00e5tg\u00e4rder genomf\u00f6rts:<\/p>\n<ul>\n<li>Det har h\u00e5llits en presskonferens f\u00f6r lokaltidningarna<\/li>\n<li>Det har gjorts ett utskick till alla hush\u00e5ll p\u00e5 \u00c5land, med information om insamlingen och dess m\u00e5ls\u00e4ttning. Man kan delta i insamlingen genom att ringa insamlingsnumret eller genom att betala<br \/>valfritt belopp till klubbens insamlingskonto.<\/li>\n<li>Det har tagits fram en egen hemsida, d\u00e4r man kan f\u00f6lja hur insamlingen framskrider<\/li>\n<li>Lokaltidningar har gett utrymme f\u00f6r information och lokalradion har intervjuat klubben ang\u00e5ende insamlingsprojektet vid tv\u00e5 tillf\u00e4llen<\/li>\n<li>Just nu p\u00e5g\u00e5r, i samarbete med Godby Rotaryklubb, en b\u00f6ssinsamling under tv\u00e5 veckor, d\u00e4r \u00e4ven ShelterKit presenteras f\u00f6r allm\u00e4nheten. Till insamlingen har klubben \u00e4ven f\u00e5tt hj\u00e4lp av ukrainare p\u00e5 \u00c5land som tillverkat Ukraina-pins.<\/li>\n<li>Mariehamns Rotaryklubb har f\u00f6r avsikt att forts\u00e4tta insamlingen och utveckla nya insatser och evenemang s\u00e5 att information om insamlingen kan spridas \u00e4nnu bredare i samh\u00e4llet.<\/li>\n<\/ul>\n<p>Mariehamns Rotaryklubb \u00e4r i kontakt med Rotaryn\u00e4tverket i Ukraina om vilka projekt vi konkret kommer att medverka till.<\/p>\n<p>Cirka tre veckor efter insamlingens start har cirka 66 000 euro samlats in. Kampanjen forts\u00e4tter med full kraft! Om din klubb vill delta i insamlingen, l\u00e4s mer om Mariehamns Rotaryklubbs insamlingsinitiativ och <a href=\"https:\/\/www.mariehamnsrotary.com\/ukraina\">f\u00f6lj utfallet h\u00e4r<\/a><\/p>\n<p><a href=\"https:\/\/rotary.fi\/d1410\/mita-teemme\/maarianhaminan-ukraina-kerays\/betala-in-ditt-bidrag\/\"><img loading=\"lazy\" decoding=\"async\" class=\"wp-image-5861 alignleft size-medium\" src=\"https:\/\/rotary.fi\/d1410\/wp-content\/uploads\/sites\/215\/2023\/03\/betala-in-ditt-bidrag-300x219.png\" alt=\"\" width=\"300\" height=\"219\" \/><\/a> <a href=\"https:\/\/rotary.fi\/d1410\/mita-teemme\/maarianhaminan-ukraina-kerays\/ring-in-ditt-bidrag\/\"><img loading=\"lazy\" decoding=\"async\" class=\"wp-image-5860 alignleft size-medium\" src=\"https:\/\/rotary.fi\/d1410\/wp-content\/uploads\/sites\/215\/2023\/03\/ring-in-ditt-bidrag-300x212.png\" alt=\"\" width=\"300\" height=\"212\" \/><\/a><\/p>\n<p>&nbsp;<\/p>\n<p>[\/et_pb_text][\/et_pb_column][\/et_pb_row][\/et_pb_section]<\/p>\n","protected":false},"excerpt":{"rendered":"<p>Mariehamns Rotaryklubb genomf\u00f6r stor insamling f\u00f6r UkrainaDen 24 februari 2023 hade det g\u00e5tt ett \u00e5r sedan Ryssland inledde sin attack mot Ukraina och Ukrainas befolkning lider i krigets sp\u00e5r. Mariehamns Rotaryklubb har tidigare genomf\u00f6rt omfattande insamlingsprojekt p\u00e5 \u00c5land till f\u00f6rm\u00e5n f\u00f6r Ukraina, men d\u00e5 Ryssland offensiver bara forts\u00e4tter beh\u00f6vs ytterligare hj\u00e4lp. Av den h\u00e4r anledningen [&hellip;]<\/p>\n","protected":false},"author":384,"featured_media":0,"parent":2663,"menu_order":0,"comment_status":"closed","ping_status":"closed","template":"","meta":{"_acf_changed":false,"_et_pb_use_builder":"on","_et_pb_old_content":"","_et_gb_content_width":"","footnotes":""},"class_list":["post-5891","page","type-page","status-publish","hentry"],"acf":[],"yoast_head":"<!-- This site is optimized with the Yoast SEO plugin v27.0 - https:\/\/yoast.com\/product\/yoast-seo-wordpress\/ -->\n<title>Mariehamns Rotaryklubb genomf\u00f6r stor insamling f\u00f6r Ukraina - Piiri 1410<\/title>\n<meta name=\"robots\" content=\"index, follow, max-snippet:-1, max-image-preview:large, max-video-preview:-1\" \/>\n<link rel=\"canonical\" href=\"https:\/\/rotary.fi\/d1410\/sv\/det-har-gor-vi\/mariehamns-rotaryklubb-genomfor-stor-insamling-for-ukraina\/\" \/>\n<meta property=\"og:locale\" content=\"fi_FI\" \/>\n<meta property=\"og:type\" content=\"article\" \/>\n<meta property=\"og:title\" content=\"Mariehamns Rotaryklubb genomf\u00f6r stor insamling f\u00f6r Ukraina - Piiri 1410\" \/>\n<meta property=\"og:description\" content=\"Mariehamns Rotaryklubb genomf\u00f6r stor insamling f\u00f6r UkrainaDen 24 februari 2023 hade det g\u00e5tt ett \u00e5r sedan Ryssland inledde sin attack mot Ukraina och Ukrainas befolkning lider i krigets sp\u00e5r. Mariehamns Rotaryklubb har tidigare genomf\u00f6rt omfattande insamlingsprojekt p\u00e5 \u00c5land till f\u00f6rm\u00e5n f\u00f6r Ukraina, men d\u00e5 Ryssland offensiver bara forts\u00e4tter beh\u00f6vs ytterligare hj\u00e4lp. Av den h\u00e4r anledningen [&hellip;]\" \/>\n<meta property=\"og:url\" content=\"https:\/\/rotary.fi\/d1410\/sv\/det-har-gor-vi\/mariehamns-rotaryklubb-genomfor-stor-insamling-for-ukraina\/\" \/>\n<meta property=\"og:site_name\" content=\"Piiri 1410\" \/>\n<meta property=\"article:publisher\" content=\"https:\/\/www.facebook.com\/rotary\/\" \/>\n<meta property=\"article:modified_time\" content=\"2023-03-11T11:02:32+00:00\" \/>\n<meta property=\"og:image\" content=\"https:\/\/rotary.fi\/d1410\/wp-content\/uploads\/sites\/215\/2023\/03\/bossinsamling-monica-von-frenckell-och-sanna-kononen-wahlstedt-225x300.jpg\" \/>\n<meta name=\"twitter:card\" content=\"summary_large_image\" \/>\n<meta name=\"twitter:label1\" content=\"Arvioitu lukuaika\" \/>\n\t<meta name=\"twitter:data1\" content=\"4 minuuttia\" \/>\n<script type=\"application\/ld+json\" class=\"yoast-schema-graph\">{\"@context\":\"https:\/\/schema.org\",\"@graph\":[{\"@type\":\"WebPage\",\"@id\":\"https:\/\/rotary.fi\/d1410\/sv\/det-har-gor-vi\/mariehamns-rotaryklubb-genomfor-stor-insamling-for-ukraina\/\",\"url\":\"https:\/\/rotary.fi\/d1410\/sv\/det-har-gor-vi\/mariehamns-rotaryklubb-genomfor-stor-insamling-for-ukraina\/\",\"name\":\"Mariehamns Rotaryklubb genomf\u00f6r stor insamling f\u00f6r Ukraina - Piiri 1410\",\"isPartOf\":{\"@id\":\"https:\/\/rotary.fi\/d1410\/#website\"},\"primaryImageOfPage\":{\"@id\":\"https:\/\/rotary.fi\/d1410\/sv\/det-har-gor-vi\/mariehamns-rotaryklubb-genomfor-stor-insamling-for-ukraina\/#primaryimage\"},\"image\":{\"@id\":\"https:\/\/rotary.fi\/d1410\/sv\/det-har-gor-vi\/mariehamns-rotaryklubb-genomfor-stor-insamling-for-ukraina\/#primaryimage\"},\"thumbnailUrl\":\"https:\/\/rotary.fi\/d1410\/wp-content\/uploads\/sites\/215\/2023\/03\/bossinsamling-monica-von-frenckell-och-sanna-kononen-wahlstedt-225x300.jpg\",\"datePublished\":\"2023-03-11T10:45:01+00:00\",\"dateModified\":\"2023-03-11T11:02:32+00:00\",\"breadcrumb\":{\"@id\":\"https:\/\/rotary.fi\/d1410\/sv\/det-har-gor-vi\/mariehamns-rotaryklubb-genomfor-stor-insamling-for-ukraina\/#breadcrumb\"},\"inLanguage\":\"fi\",\"potentialAction\":[{\"@type\":\"ReadAction\",\"target\":[\"https:\/\/rotary.fi\/d1410\/sv\/det-har-gor-vi\/mariehamns-rotaryklubb-genomfor-stor-insamling-for-ukraina\/\"]}]},{\"@type\":\"ImageObject\",\"inLanguage\":\"fi\",\"@id\":\"https:\/\/rotary.fi\/d1410\/sv\/det-har-gor-vi\/mariehamns-rotaryklubb-genomfor-stor-insamling-for-ukraina\/#primaryimage\",\"url\":\"https:\/\/rotary.fi\/d1410\/wp-content\/uploads\/sites\/215\/2023\/03\/bossinsamling-monica-von-frenckell-och-sanna-kononen-wahlstedt.jpg\",\"contentUrl\":\"https:\/\/rotary.fi\/d1410\/wp-content\/uploads\/sites\/215\/2023\/03\/bossinsamling-monica-von-frenckell-och-sanna-kononen-wahlstedt.jpg\",\"width\":1536,\"height\":2048},{\"@type\":\"BreadcrumbList\",\"@id\":\"https:\/\/rotary.fi\/d1410\/sv\/det-har-gor-vi\/mariehamns-rotaryklubb-genomfor-stor-insamling-for-ukraina\/#breadcrumb\",\"itemListElement\":[{\"@type\":\"ListItem\",\"position\":1,\"name\":\"Home\",\"item\":\"https:\/\/rotary.fi\/d1410\/\"},{\"@type\":\"ListItem\",\"position\":2,\"name\":\"Det h\u00e4r g\u00f6r vi\",\"item\":\"https:\/\/rotary.fi\/d1410\/sv\/det-har-gor-vi\/\"},{\"@type\":\"ListItem\",\"position\":3,\"name\":\"Mariehamns Rotaryklubb genomf\u00f6r stor insamling f\u00f6r Ukraina\"}]},{\"@type\":\"WebSite\",\"@id\":\"https:\/\/rotary.fi\/d1410\/#website\",\"url\":\"https:\/\/rotary.fi\/d1410\/\",\"name\":\"Piiri 1410\",\"description\":\"Suomen Rotary\",\"potentialAction\":[{\"@type\":\"SearchAction\",\"target\":{\"@type\":\"EntryPoint\",\"urlTemplate\":\"https:\/\/rotary.fi\/d1410\/?s={search_term_string}\"},\"query-input\":{\"@type\":\"PropertyValueSpecification\",\"valueRequired\":true,\"valueName\":\"search_term_string\"}}],\"inLanguage\":\"fi\"}]}<\/script>\n<!-- \/ Yoast SEO plugin. -->","yoast_head_json":{"title":"Mariehamns Rotaryklubb genomf\u00f6r stor insamling f\u00f6r Ukraina - Piiri 1410","robots":{"index":"index","follow":"follow","max-snippet":"max-snippet:-1","max-image-preview":"max-image-preview:large","max-video-preview":"max-video-preview:-1"},"canonical":"https:\/\/rotary.fi\/d1410\/sv\/det-har-gor-vi\/mariehamns-rotaryklubb-genomfor-stor-insamling-for-ukraina\/","og_locale":"fi_FI","og_type":"article","og_title":"Mariehamns Rotaryklubb genomf\u00f6r stor insamling f\u00f6r Ukraina - Piiri 1410","og_description":"Mariehamns Rotaryklubb genomf\u00f6r stor insamling f\u00f6r UkrainaDen 24 februari 2023 hade det g\u00e5tt ett \u00e5r sedan Ryssland inledde sin attack mot Ukraina och Ukrainas befolkning lider i krigets sp\u00e5r. Mariehamns Rotaryklubb har tidigare genomf\u00f6rt omfattande insamlingsprojekt p\u00e5 \u00c5land till f\u00f6rm\u00e5n f\u00f6r Ukraina, men d\u00e5 Ryssland offensiver bara forts\u00e4tter beh\u00f6vs ytterligare hj\u00e4lp. Av den h\u00e4r anledningen [&hellip;]","og_url":"https:\/\/rotary.fi\/d1410\/sv\/det-har-gor-vi\/mariehamns-rotaryklubb-genomfor-stor-insamling-for-ukraina\/","og_site_name":"Piiri 1410","article_publisher":"https:\/\/www.facebook.com\/rotary\/","article_modified_time":"2023-03-11T11:02:32+00:00","og_image":[{"url":"https:\/\/rotary.fi\/d1410\/wp-content\/uploads\/sites\/215\/2023\/03\/bossinsamling-monica-von-frenckell-och-sanna-kononen-wahlstedt-225x300.jpg","type":"","width":"","height":""}],"twitter_card":"summary_large_image","twitter_misc":{"Arvioitu lukuaika":"4 minuuttia"},"schema":{"@context":"https:\/\/schema.org","@graph":[{"@type":"WebPage","@id":"https:\/\/rotary.fi\/d1410\/sv\/det-har-gor-vi\/mariehamns-rotaryklubb-genomfor-stor-insamling-for-ukraina\/","url":"https:\/\/rotary.fi\/d1410\/sv\/det-har-gor-vi\/mariehamns-rotaryklubb-genomfor-stor-insamling-for-ukraina\/","name":"Mariehamns Rotaryklubb genomf\u00f6r stor insamling f\u00f6r Ukraina - Piiri 1410","isPartOf":{"@id":"https:\/\/rotary.fi\/d1410\/#website"},"primaryImageOfPage":{"@id":"https:\/\/rotary.fi\/d1410\/sv\/det-har-gor-vi\/mariehamns-rotaryklubb-genomfor-stor-insamling-for-ukraina\/#primaryimage"},"image":{"@id":"https:\/\/rotary.fi\/d1410\/sv\/det-har-gor-vi\/mariehamns-rotaryklubb-genomfor-stor-insamling-for-ukraina\/#primaryimage"},"thumbnailUrl":"https:\/\/rotary.fi\/d1410\/wp-content\/uploads\/sites\/215\/2023\/03\/bossinsamling-monica-von-frenckell-och-sanna-kononen-wahlstedt-225x300.jpg","datePublished":"2023-03-11T10:45:01+00:00","dateModified":"2023-03-11T11:02:32+00:00","breadcrumb":{"@id":"https:\/\/rotary.fi\/d1410\/sv\/det-har-gor-vi\/mariehamns-rotaryklubb-genomfor-stor-insamling-for-ukraina\/#breadcrumb"},"inLanguage":"fi","potentialAction":[{"@type":"ReadAction","target":["https:\/\/rotary.fi\/d1410\/sv\/det-har-gor-vi\/mariehamns-rotaryklubb-genomfor-stor-insamling-for-ukraina\/"]}]},{"@type":"ImageObject","inLanguage":"fi","@id":"https:\/\/rotary.fi\/d1410\/sv\/det-har-gor-vi\/mariehamns-rotaryklubb-genomfor-stor-insamling-for-ukraina\/#primaryimage","url":"https:\/\/rotary.fi\/d1410\/wp-content\/uploads\/sites\/215\/2023\/03\/bossinsamling-monica-von-frenckell-och-sanna-kononen-wahlstedt.jpg","contentUrl":"https:\/\/rotary.fi\/d1410\/wp-content\/uploads\/sites\/215\/2023\/03\/bossinsamling-monica-von-frenckell-och-sanna-kononen-wahlstedt.jpg","width":1536,"height":2048},{"@type":"BreadcrumbList","@id":"https:\/\/rotary.fi\/d1410\/sv\/det-har-gor-vi\/mariehamns-rotaryklubb-genomfor-stor-insamling-for-ukraina\/#breadcrumb","itemListElement":[{"@type":"ListItem","position":1,"name":"Home","item":"https:\/\/rotary.fi\/d1410\/"},{"@type":"ListItem","position":2,"name":"Det h\u00e4r g\u00f6r vi","item":"https:\/\/rotary.fi\/d1410\/sv\/det-har-gor-vi\/"},{"@type":"ListItem","position":3,"name":"Mariehamns Rotaryklubb genomf\u00f6r stor insamling f\u00f6r Ukraina"}]},{"@type":"WebSite","@id":"https:\/\/rotary.fi\/d1410\/#website","url":"https:\/\/rotary.fi\/d1410\/","name":"Piiri 1410","description":"Suomen Rotary","potentialAction":[{"@type":"SearchAction","target":{"@type":"EntryPoint","urlTemplate":"https:\/\/rotary.fi\/d1410\/?s={search_term_string}"},"query-input":{"@type":"PropertyValueSpecification","valueRequired":true,"valueName":"search_term_string"}}],"inLanguage":"fi"}]}},"lang":"sv","translations":{"sv":5891,"fi":5844},"pll_sync_post":[],"_links":{"self":[{"href":"https:\/\/rotary.fi\/d1410\/wp-json\/wp\/v2\/pages\/5891","targetHints":{"allow":["GET"]}}],"collection":[{"href":"https:\/\/rotary.fi\/d1410\/wp-json\/wp\/v2\/pages"}],"about":[{"href":"https:\/\/rotary.fi\/d1410\/wp-json\/wp\/v2\/types\/page"}],"author":[{"embeddable":true,"href":"https:\/\/rotary.fi\/d1410\/wp-json\/wp\/v2\/users\/384"}],"replies":[{"embeddable":true,"href":"https:\/\/rotary.fi\/d1410\/wp-json\/wp\/v2\/comments?post=5891"}],"version-history":[{"count":9,"href":"https:\/\/rotary.fi\/d1410\/wp-json\/wp\/v2\/pages\/5891\/revisions"}],"predecessor-version":[{"id":5905,"href":"https:\/\/rotary.fi\/d1410\/wp-json\/wp\/v2\/pages\/5891\/revisions\/5905"}],"up":[{"embeddable":true,"href":"https:\/\/rotary.fi\/d1410\/wp-json\/wp\/v2\/pages\/2663"}],"wp:attachment":[{"href":"https:\/\/rotary.fi\/d1410\/wp-json\/wp\/v2\/media?parent=5891"}],"curies":[{"name":"wp","href":"https:\/\/api.w.org\/{rel}","templated":true}]}}