{"id":5875,"date":"2023-03-11T12:26:07","date_gmt":"2023-03-11T10:26:07","guid":{"rendered":"https:\/\/rotary.fi\/d1410\/?page_id=5875"},"modified":"2026-02-12T18:04:24","modified_gmt":"2026-02-12T16:04:24","slug":"mail-address","status":"publish","type":"page","link":"https:\/\/rotary.fi\/d1410\/en\/rotary-district-1410\/mail-address\/","title":{"rendered":"Mail and invoicing address"},"content":{"rendered":"<p>[et_pb_section fb_built=&#8221;1&#8243; module_class=&#8221;jumbotron-page&#8221; _builder_version=&#8221;4.17.4&#8243; background_image=&#8221;https:\/\/rotary.fi\/d1410\/wp-content\/uploads\/sites\/215\/2021\/06\/putsaari1-pienempi.jpg&#8221; global_colors_info=&#8221;{}&#8221;][et_pb_row module_class=&#8221; et_pb_row_fullwidth&#8221; _builder_version=&#8221;4.16&#8243; width=&#8221;89%&#8221; width_tablet=&#8221;80%&#8221; width_phone=&#8221;&#8221; width_last_edited=&#8221;on|desktop&#8221; max_width=&#8221;89%&#8221; max_width_tablet=&#8221;80%&#8221; max_width_phone=&#8221;&#8221; max_width_last_edited=&#8221;on|desktop&#8221; make_fullwidth=&#8221;on&#8221; global_colors_info=&#8221;{}&#8221;][et_pb_column type=&#8221;4_4&#8243; _builder_version=&#8221;4.16&#8243; custom_padding=&#8221;|||&#8221; global_colors_info=&#8221;{}&#8221; custom_padding__hover=&#8221;|||&#8221;][et_pb_text admin_label=&#8221;P\u00e4\u00e4otsikko kuvan p\u00e4\u00e4ll\u00e4&#8221; _builder_version=&#8221;4.27.4&#8243; text_orientation=&#8221;center&#8221; background_layout=&#8221;dark&#8221; locked=&#8221;off&#8221; collapsed=&#8221;off&#8221; global_colors_info=&#8221;{}&#8221;]<\/p>\n<h1>Mail and invoicing address<\/h1>\n<p>&nbsp;<\/p>\n<p>&nbsp;<\/p>\n<p>[\/et_pb_text][\/et_pb_column][\/et_pb_row][\/et_pb_section][et_pb_section fb_built=&#8221;1&#8243; module_class=&#8221;sisaltoalue_perus&#8221; _builder_version=&#8221;4.16&#8243; custom_margin=&#8221;||40px|&#8221; global_colors_info=&#8221;{}&#8221;][et_pb_row custom_padding_last_edited=&#8221;on|phone&#8221; _builder_version=&#8221;4.16&#8243; custom_padding_tablet=&#8221;&#8221; custom_padding_phone=&#8221;&#8221; global_colors_info=&#8221;{}&#8221;][et_pb_column type=&#8221;4_4&#8243; _builder_version=&#8221;4.16&#8243; custom_padding=&#8221;|||&#8221; global_colors_info=&#8221;{}&#8221; custom_padding__hover=&#8221;|||&#8221;][et_pb_text _builder_version=&#8221;4.27.4&#8243; hover_enabled=&#8221;0&#8243; global_colors_info=&#8221;{}&#8221; sticky_enabled=&#8221;0&#8243;]<\/p>\n<p><strong>Rotary Internationalin piiri 1410 ry \/ Rotary Internationals distrikt 1410 rf<\/strong><\/p>\n<p><strong>Company ID<\/strong>: 2627258-1<br \/><strong>E-mail:<\/strong>\u00a0piiri1410@gmail.com<\/p>\n<p><strong>Invoices for 2025-2026:<\/strong><br \/>Rotary Internationalin piiri 1410 ry \/ Rotary Internationals distrikt 1410 rf<br \/>c\/o Matti Hakoila<br \/>Rauhankatu 2 C 10<br \/>20100 Turku<\/p>\n<p><strong>INVOICING ADDRESSES<\/strong><\/p>\n<p><strong>E-invoices<\/strong><\/p>\n<p>We hope that in the future you will use e-invoice as the primary invoicing channel when sending invoices to us.<br \/>Compared to paper invoices, processing e-invoices is faster, cheaper and more reliable.<\/p>\n<p>E-invoice adress \/EDI: 003726272581<br \/>Operator: Apix Messagign Oy (003723327487)<\/p>\n<p>Please note that when sending e-invoices to our Apix address from <strong>Handelsbanken or Paikallisosuuspankit<\/strong>, you must send e-invoices following address:<\/p>\n<p>e-invoice address: 003723327487 and operator code: DABAFIHH<\/p>\n<p>&nbsp;<\/p>\n<p><strong>Paper invoices<\/strong><\/p>\n<p>If you are unable to send e-invoices, please send invoices by email to the subscriber.<br \/>Please send invoices to e-mail: matti.hakoila@diversey.com<\/p>\n<p><a href=\"https:\/\/rotary.fi\/d1410\/wp-content\/uploads\/sites\/215\/2025\/03\/D1410_-e-invoice-info.pdf\"><strong>&gt;&gt;\u00a0 Notification of changed invoicing address<\/strong><\/a><\/p>\n<p>&nbsp;<\/p>\n<p><strong>MAIL ADDRESS<\/strong><\/p>\n<p>Rotary Internationalin piiri 1410 ry \/ Rotary Internationals distrikt 1410 rf<br \/>c\/o Matti Hakoila<br \/>Rauhankatu 2 C 10<br \/>20100 Turku<\/p>\n<p>[\/et_pb_text][\/et_pb_column][\/et_pb_row][\/et_pb_section]<\/p>\n","protected":false},"excerpt":{"rendered":"<p>Mail and invoicing address &nbsp; &nbsp;Rotary Internationalin piiri 1410 ry \/ Rotary Internationals distrikt 1410 rf Company ID: 2627258-1E-mail:\u00a0piiri1410@gmail.com Invoices for 2025-2026:Rotary Internationalin piiri 1410 ry \/ Rotary Internationals distrikt 1410 rfc\/o Matti HakoilaRauhankatu 2 C 1020100 Turku INVOICING ADDRESSES E-invoices We hope that in the future you will use e-invoice as the primary invoicing [&hellip;]<\/p>\n","protected":false},"author":384,"featured_media":0,"parent":2881,"menu_order":0,"comment_status":"closed","ping_status":"closed","template":"","meta":{"_acf_changed":false,"_et_pb_use_builder":"on","_et_pb_old_content":"","_et_gb_content_width":"","footnotes":""},"class_list":["post-5875","page","type-page","status-publish","hentry"],"acf":[],"yoast_head":"<!-- This site is optimized with the Yoast SEO plugin v27.4 - https:\/\/yoast.com\/product\/yoast-seo-wordpress\/ -->\n<title>Mail and invoicing address - Piiri 1410<\/title>\n<meta name=\"robots\" content=\"index, follow, max-snippet:-1, max-image-preview:large, max-video-preview:-1\" \/>\n<link rel=\"canonical\" href=\"https:\/\/rotary.fi\/d1410\/en\/rotary-district-1410\/mail-address\/\" \/>\n<meta property=\"og:locale\" content=\"fi_FI\" \/>\n<meta property=\"og:type\" content=\"article\" \/>\n<meta property=\"og:title\" content=\"Mail and invoicing address - Piiri 1410\" \/>\n<meta property=\"og:description\" content=\"Mail and invoicing address &nbsp; &nbsp;Rotary Internationalin piiri 1410 ry \/ Rotary Internationals distrikt 1410 rf Company ID: 2627258-1E-mail:\u00a0piiri1410@gmail.com Invoices for 2025-2026:Rotary Internationalin piiri 1410 ry \/ Rotary Internationals distrikt 1410 rfc\/o Matti HakoilaRauhankatu 2 C 1020100 Turku INVOICING ADDRESSES E-invoices We hope that in the future you will use e-invoice as the primary invoicing [&hellip;]\" \/>\n<meta property=\"og:url\" content=\"https:\/\/rotary.fi\/d1410\/en\/rotary-district-1410\/mail-address\/\" \/>\n<meta property=\"og:site_name\" content=\"Piiri 1410\" \/>\n<meta property=\"article:publisher\" content=\"https:\/\/www.facebook.com\/rotary\/\" \/>\n<meta property=\"article:modified_time\" content=\"2026-02-12T16:04:24+00:00\" \/>\n<meta name=\"twitter:card\" content=\"summary_large_image\" \/>\n<meta name=\"twitter:label1\" content=\"Arvioitu lukuaika\" \/>\n\t<meta name=\"twitter:data1\" content=\"2 minuuttia\" \/>\n<script type=\"application\/ld+json\" class=\"yoast-schema-graph\">{\"@context\":\"https:\\\/\\\/schema.org\",\"@graph\":[{\"@type\":\"WebPage\",\"@id\":\"https:\\\/\\\/rotary.fi\\\/d1410\\\/en\\\/rotary-district-1410\\\/mail-address\\\/\",\"url\":\"https:\\\/\\\/rotary.fi\\\/d1410\\\/en\\\/rotary-district-1410\\\/mail-address\\\/\",\"name\":\"Mail and invoicing address - Piiri 1410\",\"isPartOf\":{\"@id\":\"https:\\\/\\\/rotary.fi\\\/d1410\\\/#website\"},\"datePublished\":\"2023-03-11T10:26:07+00:00\",\"dateModified\":\"2026-02-12T16:04:24+00:00\",\"breadcrumb\":{\"@id\":\"https:\\\/\\\/rotary.fi\\\/d1410\\\/en\\\/rotary-district-1410\\\/mail-address\\\/#breadcrumb\"},\"inLanguage\":\"fi\",\"potentialAction\":[{\"@type\":\"ReadAction\",\"target\":[\"https:\\\/\\\/rotary.fi\\\/d1410\\\/en\\\/rotary-district-1410\\\/mail-address\\\/\"]}]},{\"@type\":\"BreadcrumbList\",\"@id\":\"https:\\\/\\\/rotary.fi\\\/d1410\\\/en\\\/rotary-district-1410\\\/mail-address\\\/#breadcrumb\",\"itemListElement\":[{\"@type\":\"ListItem\",\"position\":1,\"name\":\"Home\",\"item\":\"https:\\\/\\\/rotary.fi\\\/d1410\\\/\"},{\"@type\":\"ListItem\",\"position\":2,\"name\":\"Rotary District 1410\",\"item\":\"https:\\\/\\\/rotary.fi\\\/d1410\\\/en\\\/rotary-district-1410\\\/\"},{\"@type\":\"ListItem\",\"position\":3,\"name\":\"Mail and invoicing address\"}]},{\"@type\":\"WebSite\",\"@id\":\"https:\\\/\\\/rotary.fi\\\/d1410\\\/#website\",\"url\":\"https:\\\/\\\/rotary.fi\\\/d1410\\\/\",\"name\":\"Piiri 1410\",\"description\":\"Suomen Rotary\",\"potentialAction\":[{\"@type\":\"SearchAction\",\"target\":{\"@type\":\"EntryPoint\",\"urlTemplate\":\"https:\\\/\\\/rotary.fi\\\/d1410\\\/?s={search_term_string}\"},\"query-input\":{\"@type\":\"PropertyValueSpecification\",\"valueRequired\":true,\"valueName\":\"search_term_string\"}}],\"inLanguage\":\"fi\"}]}<\/script>\n<!-- \/ Yoast SEO plugin. -->","yoast_head_json":{"title":"Mail and invoicing address - Piiri 1410","robots":{"index":"index","follow":"follow","max-snippet":"max-snippet:-1","max-image-preview":"max-image-preview:large","max-video-preview":"max-video-preview:-1"},"canonical":"https:\/\/rotary.fi\/d1410\/en\/rotary-district-1410\/mail-address\/","og_locale":"fi_FI","og_type":"article","og_title":"Mail and invoicing address - Piiri 1410","og_description":"Mail and invoicing address &nbsp; &nbsp;Rotary Internationalin piiri 1410 ry \/ Rotary Internationals distrikt 1410 rf Company ID: 2627258-1E-mail:\u00a0piiri1410@gmail.com Invoices for 2025-2026:Rotary Internationalin piiri 1410 ry \/ Rotary Internationals distrikt 1410 rfc\/o Matti HakoilaRauhankatu 2 C 1020100 Turku INVOICING ADDRESSES E-invoices We hope that in the future you will use e-invoice as the primary invoicing [&hellip;]","og_url":"https:\/\/rotary.fi\/d1410\/en\/rotary-district-1410\/mail-address\/","og_site_name":"Piiri 1410","article_publisher":"https:\/\/www.facebook.com\/rotary\/","article_modified_time":"2026-02-12T16:04:24+00:00","twitter_card":"summary_large_image","twitter_misc":{"Arvioitu lukuaika":"2 minuuttia"},"schema":{"@context":"https:\/\/schema.org","@graph":[{"@type":"WebPage","@id":"https:\/\/rotary.fi\/d1410\/en\/rotary-district-1410\/mail-address\/","url":"https:\/\/rotary.fi\/d1410\/en\/rotary-district-1410\/mail-address\/","name":"Mail and invoicing address - Piiri 1410","isPartOf":{"@id":"https:\/\/rotary.fi\/d1410\/#website"},"datePublished":"2023-03-11T10:26:07+00:00","dateModified":"2026-02-12T16:04:24+00:00","breadcrumb":{"@id":"https:\/\/rotary.fi\/d1410\/en\/rotary-district-1410\/mail-address\/#breadcrumb"},"inLanguage":"fi","potentialAction":[{"@type":"ReadAction","target":["https:\/\/rotary.fi\/d1410\/en\/rotary-district-1410\/mail-address\/"]}]},{"@type":"BreadcrumbList","@id":"https:\/\/rotary.fi\/d1410\/en\/rotary-district-1410\/mail-address\/#breadcrumb","itemListElement":[{"@type":"ListItem","position":1,"name":"Home","item":"https:\/\/rotary.fi\/d1410\/"},{"@type":"ListItem","position":2,"name":"Rotary District 1410","item":"https:\/\/rotary.fi\/d1410\/en\/rotary-district-1410\/"},{"@type":"ListItem","position":3,"name":"Mail and invoicing address"}]},{"@type":"WebSite","@id":"https:\/\/rotary.fi\/d1410\/#website","url":"https:\/\/rotary.fi\/d1410\/","name":"Piiri 1410","description":"Suomen Rotary","potentialAction":[{"@type":"SearchAction","target":{"@type":"EntryPoint","urlTemplate":"https:\/\/rotary.fi\/d1410\/?s={search_term_string}"},"query-input":{"@type":"PropertyValueSpecification","valueRequired":true,"valueName":"search_term_string"}}],"inLanguage":"fi"}]}},"lang":"en","translations":{"en":5875,"fi":4528,"sv":4545},"pll_sync_post":[],"_links":{"self":[{"href":"https:\/\/rotary.fi\/d1410\/wp-json\/wp\/v2\/pages\/5875","targetHints":{"allow":["GET"]}}],"collection":[{"href":"https:\/\/rotary.fi\/d1410\/wp-json\/wp\/v2\/pages"}],"about":[{"href":"https:\/\/rotary.fi\/d1410\/wp-json\/wp\/v2\/types\/page"}],"author":[{"embeddable":true,"href":"https:\/\/rotary.fi\/d1410\/wp-json\/wp\/v2\/users\/384"}],"replies":[{"embeddable":true,"href":"https:\/\/rotary.fi\/d1410\/wp-json\/wp\/v2\/comments?post=5875"}],"version-history":[{"count":10,"href":"https:\/\/rotary.fi\/d1410\/wp-json\/wp\/v2\/pages\/5875\/revisions"}],"predecessor-version":[{"id":9239,"href":"https:\/\/rotary.fi\/d1410\/wp-json\/wp\/v2\/pages\/5875\/revisions\/9239"}],"up":[{"embeddable":true,"href":"https:\/\/rotary.fi\/d1410\/wp-json\/wp\/v2\/pages\/2881"}],"wp:attachment":[{"href":"https:\/\/rotary.fi\/d1410\/wp-json\/wp\/v2\/media?parent=5875"}],"curies":[{"name":"wp","href":"https:\/\/api.w.org\/{rel}","templated":true}]}}