{"id":5844,"date":"2023-03-11T12:17:27","date_gmt":"2023-03-11T10:17:27","guid":{"rendered":"https:\/\/rotary.fi\/d1410\/?page_id=5844"},"modified":"2023-03-11T12:42:34","modified_gmt":"2023-03-11T10:42:34","slug":"maarianhaminan-ukraina-kerays","status":"publish","type":"page","link":"https:\/\/rotary.fi\/d1410\/mita-teemme\/maarianhaminan-ukraina-kerays\/","title":{"rendered":"Maarianhaminan Rotaryklubin suuri Ukraina-ker\u00e4ys"},"content":{"rendered":"<p>[et_pb_section fb_built=&#8221;1&#8243; admin_label=&#8221;Kuva&#8221; module_class=&#8221;jumbotron-page&#8221; _builder_version=&#8221;4.20.0&#8243; background_image=&#8221;https:\/\/rotary.fi\/d1410\/wp-content\/uploads\/sites\/215\/2023\/03\/324902629-1837487349953127-7121381149618031110-n.jpg&#8221; global_colors_info=&#8221;{}&#8221;][et_pb_row module_class=&#8221; et_pb_row_fullwidth et_pb_row_fullwidth&#8221; _builder_version=&#8221;4.16&#8243; width=&#8221;89%&#8221; width_tablet=&#8221;80%&#8221; width_phone=&#8221;&#8221; width_last_edited=&#8221;on|desktop&#8221; max_width=&#8221;89%&#8221; max_width_tablet=&#8221;80%&#8221; max_width_phone=&#8221;&#8221; max_width_last_edited=&#8221;on|desktop&#8221; make_fullwidth=&#8221;on&#8221; global_colors_info=&#8221;{}&#8221;][et_pb_column type=&#8221;4_4&#8243; _builder_version=&#8221;4.16&#8243; custom_padding=&#8221;|||&#8221; global_colors_info=&#8221;{}&#8221; custom_padding__hover=&#8221;|||&#8221;][et_pb_text admin_label=&#8221;Otsikko&#8221; _builder_version=&#8221;4.20.0&#8243; text_orientation=&#8221;center&#8221; background_layout=&#8221;dark&#8221; z_index_tablet=&#8221;500&#8243; text_text_shadow_horizontal_length_tablet=&#8221;0px&#8221; text_text_shadow_vertical_length_tablet=&#8221;0px&#8221; text_text_shadow_blur_strength_tablet=&#8221;1px&#8221; link_text_shadow_horizontal_length_tablet=&#8221;0px&#8221; link_text_shadow_vertical_length_tablet=&#8221;0px&#8221; link_text_shadow_blur_strength_tablet=&#8221;1px&#8221; ul_text_shadow_horizontal_length_tablet=&#8221;0px&#8221; ul_text_shadow_vertical_length_tablet=&#8221;0px&#8221; ul_text_shadow_blur_strength_tablet=&#8221;1px&#8221; ol_text_shadow_horizontal_length_tablet=&#8221;0px&#8221; ol_text_shadow_vertical_length_tablet=&#8221;0px&#8221; ol_text_shadow_blur_strength_tablet=&#8221;1px&#8221; quote_text_shadow_horizontal_length_tablet=&#8221;0px&#8221; quote_text_shadow_vertical_length_tablet=&#8221;0px&#8221; quote_text_shadow_blur_strength_tablet=&#8221;1px&#8221; header_text_shadow_horizontal_length_tablet=&#8221;0px&#8221; header_text_shadow_vertical_length_tablet=&#8221;0px&#8221; header_text_shadow_blur_strength_tablet=&#8221;1px&#8221; header_2_text_shadow_horizontal_length_tablet=&#8221;0px&#8221; header_2_text_shadow_vertical_length_tablet=&#8221;0px&#8221; header_2_text_shadow_blur_strength_tablet=&#8221;1px&#8221; header_3_text_shadow_horizontal_length_tablet=&#8221;0px&#8221; header_3_text_shadow_vertical_length_tablet=&#8221;0px&#8221; header_3_text_shadow_blur_strength_tablet=&#8221;1px&#8221; header_4_text_shadow_horizontal_length_tablet=&#8221;0px&#8221; header_4_text_shadow_vertical_length_tablet=&#8221;0px&#8221; header_4_text_shadow_blur_strength_tablet=&#8221;1px&#8221; header_5_text_shadow_horizontal_length_tablet=&#8221;0px&#8221; header_5_text_shadow_vertical_length_tablet=&#8221;0px&#8221; header_5_text_shadow_blur_strength_tablet=&#8221;1px&#8221; header_6_text_shadow_horizontal_length_tablet=&#8221;0px&#8221; header_6_text_shadow_vertical_length_tablet=&#8221;0px&#8221; header_6_text_shadow_blur_strength_tablet=&#8221;1px&#8221; box_shadow_horizontal_tablet=&#8221;0px&#8221; box_shadow_vertical_tablet=&#8221;0px&#8221; box_shadow_blur_tablet=&#8221;40px&#8221; box_shadow_spread_tablet=&#8221;0px&#8221; global_colors_info=&#8221;{}&#8221;]<\/p>\n<h1>Maarianhaminan rotaryklubin suuri Ukraina-ker\u00e4ys<\/h1>\n<p>[\/et_pb_text][\/et_pb_column][\/et_pb_row][\/et_pb_section][et_pb_section fb_built=&#8221;1&#8243; module_class=&#8221;sisaltoalue_perus&#8221; _builder_version=&#8221;4.16&#8243; background_size=&#8221;initial&#8221; background_position=&#8221;top_left&#8221; background_repeat=&#8221;repeat&#8221; global_colors_info=&#8221;{}&#8221;][et_pb_row custom_padding_last_edited=&#8221;on|phone&#8221; _builder_version=&#8221;4.16&#8243; min_height=&#8221;1205.4px&#8221; custom_padding_tablet=&#8221;&#8221; custom_padding_phone=&#8221;&#8221; global_colors_info=&#8221;{}&#8221;][et_pb_column type=&#8221;4_4&#8243; _builder_version=&#8221;4.16&#8243; custom_padding=&#8221;|||&#8221; global_colors_info=&#8221;{}&#8221; custom_padding__hover=&#8221;|||&#8221;][et_pb_text _builder_version=&#8221;4.20.0&#8243; hover_enabled=&#8221;0&#8243; z_index_tablet=&#8221;500&#8243; text_text_shadow_horizontal_length_tablet=&#8221;0px&#8221; text_text_shadow_vertical_length_tablet=&#8221;0px&#8221; text_text_shadow_blur_strength_tablet=&#8221;1px&#8221; link_text_shadow_horizontal_length_tablet=&#8221;0px&#8221; link_text_shadow_vertical_length_tablet=&#8221;0px&#8221; link_text_shadow_blur_strength_tablet=&#8221;1px&#8221; ul_text_shadow_horizontal_length_tablet=&#8221;0px&#8221; ul_text_shadow_vertical_length_tablet=&#8221;0px&#8221; ul_text_shadow_blur_strength_tablet=&#8221;1px&#8221; ol_text_shadow_horizontal_length_tablet=&#8221;0px&#8221; ol_text_shadow_vertical_length_tablet=&#8221;0px&#8221; ol_text_shadow_blur_strength_tablet=&#8221;1px&#8221; quote_text_shadow_horizontal_length_tablet=&#8221;0px&#8221; quote_text_shadow_vertical_length_tablet=&#8221;0px&#8221; quote_text_shadow_blur_strength_tablet=&#8221;1px&#8221; header_text_shadow_horizontal_length_tablet=&#8221;0px&#8221; header_text_shadow_vertical_length_tablet=&#8221;0px&#8221; header_text_shadow_blur_strength_tablet=&#8221;1px&#8221; header_2_text_shadow_horizontal_length_tablet=&#8221;0px&#8221; header_2_text_shadow_vertical_length_tablet=&#8221;0px&#8221; header_2_text_shadow_blur_strength_tablet=&#8221;1px&#8221; header_3_text_shadow_horizontal_length_tablet=&#8221;0px&#8221; header_3_text_shadow_vertical_length_tablet=&#8221;0px&#8221; header_3_text_shadow_blur_strength_tablet=&#8221;1px&#8221; header_4_text_shadow_horizontal_length_tablet=&#8221;0px&#8221; header_4_text_shadow_vertical_length_tablet=&#8221;0px&#8221; header_4_text_shadow_blur_strength_tablet=&#8221;1px&#8221; header_5_text_shadow_horizontal_length_tablet=&#8221;0px&#8221; header_5_text_shadow_vertical_length_tablet=&#8221;0px&#8221; header_5_text_shadow_blur_strength_tablet=&#8221;1px&#8221; header_6_text_shadow_horizontal_length_tablet=&#8221;0px&#8221; header_6_text_shadow_vertical_length_tablet=&#8221;0px&#8221; header_6_text_shadow_blur_strength_tablet=&#8221;1px&#8221; box_shadow_horizontal_tablet=&#8221;0px&#8221; box_shadow_vertical_tablet=&#8221;0px&#8221; box_shadow_blur_tablet=&#8221;40px&#8221; box_shadow_spread_tablet=&#8221;0px&#8221; global_colors_info=&#8221;{}&#8221; sticky_enabled=&#8221;0&#8243;]<\/p>\n<p>Helmikuun 24. p\u00e4iv\u00e4n\u00e4 2023 oli kulunut vuosi siit\u00e4, kun Ven\u00e4j\u00e4 aloitti hy\u00f6kk\u00e4yksen Ukrainaa vastaan.<br \/>Ukrainan v\u00e4est\u00f6 k\u00e4rsii sodan seurauksena. Maarianhaminan Rotaryklubi teki Ahvenanmaalla kev\u00e4\u00e4ll\u00e4 2022 laajan ker\u00e4yksen Ukrainan hyv\u00e4ksi, mutta koska Ven\u00e4j\u00e4n hy\u00f6kk\u00e4ykset vain jatkuvat lis\u00e4apua tarvitaan. T\u00e4st\u00e4 syyst\u00e4 Maarianhaminan Rotaryklubi aloitti uuden suuren varainkeruun helmikuussa 2023, jonka tavoitteena on auttaa pakolaisia \u200b\u200bja apua tarvitsevia Ukrainassa.<\/p>\n<p>Tavoitteena on osallistua ShelterBox-organisaation Ukraina-projekteihin, joiden kautta on muun muassa toimitettu ShelterKit-s\u00e4kkej\u00e4 (sis\u00e4lt\u00e4en ty\u00f6kaluja ja materiaaleja j\u00e4lleenrakennusta varten), mutta my\u00f6s patjoja, vuodevaatteita, talvivaatteita sek\u00e4 muita perustarpeita Ukrainaan.<\/p>\n<p>H\u00e4t\u00e4majoituksien tarve on edelleen eritt\u00e4in suuri ja ker\u00e4yksen toinen tarkoitus onkin tavoittaa apua tarvitsevat Ukrainan Rotary-verkoston ja sen vapaaehtoisten kautta, jotta ovat jo perustaneet lukuisia h\u00e4t\u00e4majoituksia.<\/p>\n<p><a href=\"https:\/\/rotary.fi\/d1410\/?attachment_id=5858\"><img loading=\"lazy\" decoding=\"async\" class=\"wp-image-5858 alignleft size-medium\" src=\"https:\/\/rotary.fi\/d1410\/wp-content\/uploads\/sites\/215\/2023\/03\/bossinsamling-monica-von-frenckell-och-sanna-kononen-wahlstedt-225x300.jpg\" alt=\"\" width=\"225\" height=\"300\" \/><\/a>Maarianhaminan Rotaryklubin j\u00e4senet sek\u00e4 yritykset ja yhteis\u00f6t, joissa he ty\u00f6skentelev\u00e4t tukevat ker\u00e4yst\u00e4 antamalla aikaa ja resursseja, jotta ker\u00e4ys saavuttaa mahdollisimman laajan yleis\u00f6n. Klubi on my\u00f6s asettanut tavoitteeksi, ett\u00e4 ker\u00e4ykseen liittyviin kustannuksiin haetaan sponsorointi, jotta itse ker\u00e4ykseen maksetuista euroista mahdollisimman suuri osuus menee sit\u00e4 tarvitseville. Kaikki ker\u00e4ykseen liittyv\u00e4t kulut on t\u00e4h\u00e4n menness\u00e4 sponsoroitu.<\/p>\n<p>Ker\u00e4yksen aloitteentekij\u00e4 on pitk\u00e4aikainen rotaryj\u00e4sen ja entinen Viking Linen toimitusjohtaja Nils- Erik Eklund. &#8221;Meill\u00e4 on l\u00e4mp\u00f6\u00e4 taloissamme ja vett\u00e4 hanoissamme &#8211; Ukrainassa ei sit\u00e4 ole. Nyt kaikilla on mahdollisuus tukea Ukrainan k\u00e4rsiv\u00e4\u00e4 v\u00e4est\u00f6\u00e4.&#8221;, Nils-Erik Eklund kertoo ker\u00e4yksen taustalla olevasta ajatuksesta.<\/p>\n<p>Ker\u00e4yst\u00e4 on tarkoitus yll\u00e4pit\u00e4\u00e4 koko vuoden ajan Ahvenanmaalla (Ker\u00e4yslupa\/Insamlingstillst\u00e5nd fr\u00e5n \u00c5lands landskapsregering \u00c5LR 2023\/787), mutta ensimm\u00e4iset er\u00e4t on tarkoitus maksaa eteenp\u00e4in jo maaliskuun lopussa. Maaliskuun alussa t\u00e4t\u00e4 kirjoittaessa on tehty seuraavia toimenpiteit\u00e4 <a href=\"https:\/\/rotary.fi\/d1410\/maarianhaminan-ukraina-kerays\/bossinsamling-henrik-nordstrom-o-torsten-wikstrand\/\"><img loading=\"lazy\" decoding=\"async\" class=\"wp-image-5859 size-medium alignright\" src=\"https:\/\/rotary.fi\/d1410\/wp-content\/uploads\/sites\/215\/2023\/03\/bossinsamling-henrik-nordstrom-o-torsten-wikstrand-225x300.jpeg\" alt=\"\" width=\"225\" height=\"300\" \/><\/a><\/p>\n<ul>\n<li>Pidetty lehdist\u00f6tilaisuus<\/li>\n<li>Postitettu jokaiseen ahvenanmaalaiseen kotitalouteen tiedote, jossa kerrotaan ker\u00e4yksest\u00e4<br \/>ja sen tavoitteesta. Ker\u00e4ykseen on mahdollista osallistua soittamalla ker\u00e4ysnumeroon tai<br \/>maksamalla vapaavalinnainen summa klubin ker\u00e4ystilille.<\/li>\n<li>Laadittu oma nettisivu, josta ker\u00e4yksen edistymist\u00e4 voi seurata<\/li>\n<li>Paikallislehdist\u00e4 on saatu tilaa tiedottamiselle ja paikallisradio on haastatellut klubia<br \/>ker\u00e4ysprojektin osalta<\/li>\n<li>Parhaillaan, yhteisty\u00f6ss\u00e4 Godby Rotaryklubin kanssa, tehd\u00e4\u00e4n kahden viikonlopun aikana<br \/>lipasker\u00e4ys jossa esitell\u00e4\u00e4n yleis\u00f6lle my\u00f6s ShelterKit. T\u00e4t\u00e4 lipasker\u00e4yst\u00e4 varten on saatu my\u00f6s apua Ahvenanmaalla olevilta ukrainalaisilta, jotka ovat tehneet Ukraina-rintamerkkej\u00e4.<\/li>\n<li>Klubin on tarkoitus jatkaa ker\u00e4yst\u00e4 ja kehitt\u00e4\u00e4 uusia toimenpiteit\u00e4 ja tapahtumia, jotta tietoa ker\u00e4yksest\u00e4 saadaan viel\u00e4kin laajemmin levitetty\u00e4.<\/li>\n<li>Mariehamn Rotaryklubi on my\u00f6s yhteydess\u00e4 Rotary-verkostoon Ukrainassa.<\/li>\n<\/ul>\n<p><a href=\"https:\/\/rotary.fi\/d1410\/?attachment_id=5861\"><img loading=\"lazy\" decoding=\"async\" class=\"wp-image-5861 alignleft size-medium\" src=\"https:\/\/rotary.fi\/d1410\/wp-content\/uploads\/sites\/215\/2023\/03\/betala-in-ditt-bidrag-300x219.png\" alt=\"\" width=\"300\" height=\"219\" \/><\/a> <a href=\"https:\/\/rotary.fi\/d1410\/?attachment_id=5860\"><img loading=\"lazy\" decoding=\"async\" class=\"wp-image-5860 alignleft size-medium\" src=\"https:\/\/rotary.fi\/d1410\/wp-content\/uploads\/sites\/215\/2023\/03\/ring-in-ditt-bidrag-300x212.png\" alt=\"\" width=\"300\" height=\"212\" \/><\/a><\/p>\n<p>Noin kolme viikkoa ker\u00e4yksen aloittamisesta on ker\u00e4ttyj\u00e4 varoja noin 66 000 euroa. Kampanja jatkuu t\u00e4ydell\u00e4 voimalla! Jos klubisi haluaa osallistua ker\u00e4ykseen, lue lis\u00e4\u00e4 Maarianhaminan Rotaryklubin varainkeruualoitteesta ja seuraa tulosta t\u00e4\u00e4lt\u00e4:<\/p>\n<p><a href=\"https:\/\/www.mariehamnsrotary.com\/ukraina\">Ker\u00e4yksen seurantasivu<\/a><\/p>\n<p>&nbsp;<\/p>\n<p>[\/et_pb_text][\/et_pb_column][\/et_pb_row][\/et_pb_section]<\/p>\n","protected":false},"excerpt":{"rendered":"<p>Maarianhaminan rotaryklubin suuri Ukraina-ker\u00e4ys Helmikuun 24. p\u00e4iv\u00e4n\u00e4 2023 oli kulunut vuosi siit\u00e4, kun Ven\u00e4j\u00e4 aloitti hy\u00f6kk\u00e4yksen Ukrainaa vastaan.Ukrainan v\u00e4est\u00f6 k\u00e4rsii sodan seurauksena. Maarianhaminan Rotaryklubi teki Ahvenanmaalla kev\u00e4\u00e4ll\u00e4 2022 laajan ker\u00e4yksen Ukrainan hyv\u00e4ksi, mutta koska Ven\u00e4j\u00e4n hy\u00f6kk\u00e4ykset vain jatkuvat lis\u00e4apua tarvitaan. T\u00e4st\u00e4 syyst\u00e4 Maarianhaminan Rotaryklubi aloitti uuden suuren varainkeruun helmikuussa 2023, jonka tavoitteena on auttaa pakolaisia [&hellip;]<\/p>\n","protected":false},"author":384,"featured_media":0,"parent":656,"menu_order":0,"comment_status":"closed","ping_status":"closed","template":"","meta":{"_acf_changed":false,"_et_pb_use_builder":"on","_et_pb_old_content":"","_et_gb_content_width":"","footnotes":""},"class_list":["post-5844","page","type-page","status-publish","hentry"],"acf":[],"yoast_head":"<!-- This site is optimized with the Yoast SEO plugin v27.4 - https:\/\/yoast.com\/product\/yoast-seo-wordpress\/ -->\n<title>Maarianhaminan Rotaryklubin suuri Ukraina-ker\u00e4ys - Piiri 1410<\/title>\n<meta name=\"robots\" content=\"index, follow, max-snippet:-1, max-image-preview:large, max-video-preview:-1\" \/>\n<link rel=\"canonical\" href=\"https:\/\/rotary.fi\/d1410\/mita-teemme\/maarianhaminan-ukraina-kerays\/\" \/>\n<meta property=\"og:locale\" content=\"fi_FI\" \/>\n<meta property=\"og:type\" content=\"article\" \/>\n<meta property=\"og:title\" content=\"Maarianhaminan Rotaryklubin suuri Ukraina-ker\u00e4ys - Piiri 1410\" \/>\n<meta property=\"og:description\" content=\"Maarianhaminan rotaryklubin suuri Ukraina-ker\u00e4ys Helmikuun 24. p\u00e4iv\u00e4n\u00e4 2023 oli kulunut vuosi siit\u00e4, kun Ven\u00e4j\u00e4 aloitti hy\u00f6kk\u00e4yksen Ukrainaa vastaan.Ukrainan v\u00e4est\u00f6 k\u00e4rsii sodan seurauksena. Maarianhaminan Rotaryklubi teki Ahvenanmaalla kev\u00e4\u00e4ll\u00e4 2022 laajan ker\u00e4yksen Ukrainan hyv\u00e4ksi, mutta koska Ven\u00e4j\u00e4n hy\u00f6kk\u00e4ykset vain jatkuvat lis\u00e4apua tarvitaan. T\u00e4st\u00e4 syyst\u00e4 Maarianhaminan Rotaryklubi aloitti uuden suuren varainkeruun helmikuussa 2023, jonka tavoitteena on auttaa pakolaisia [&hellip;]\" \/>\n<meta property=\"og:url\" content=\"https:\/\/rotary.fi\/d1410\/mita-teemme\/maarianhaminan-ukraina-kerays\/\" \/>\n<meta property=\"og:site_name\" content=\"Piiri 1410\" \/>\n<meta property=\"article:publisher\" content=\"https:\/\/www.facebook.com\/rotary\/\" \/>\n<meta property=\"article:modified_time\" content=\"2023-03-11T10:42:34+00:00\" \/>\n<meta property=\"og:image\" content=\"https:\/\/rotary.fi\/d1410\/wp-content\/uploads\/sites\/215\/2023\/03\/bossinsamling-monica-von-frenckell-och-sanna-kononen-wahlstedt-225x300.jpg\" \/>\n<meta name=\"twitter:card\" content=\"summary_large_image\" \/>\n<meta name=\"twitter:label1\" content=\"Arvioitu lukuaika\" \/>\n\t<meta name=\"twitter:data1\" content=\"4 minuuttia\" \/>\n<script type=\"application\/ld+json\" class=\"yoast-schema-graph\">{\"@context\":\"https:\\\/\\\/schema.org\",\"@graph\":[{\"@type\":\"WebPage\",\"@id\":\"https:\\\/\\\/rotary.fi\\\/d1410\\\/mita-teemme\\\/maarianhaminan-ukraina-kerays\\\/\",\"url\":\"https:\\\/\\\/rotary.fi\\\/d1410\\\/mita-teemme\\\/maarianhaminan-ukraina-kerays\\\/\",\"name\":\"Maarianhaminan Rotaryklubin suuri Ukraina-ker\u00e4ys - Piiri 1410\",\"isPartOf\":{\"@id\":\"https:\\\/\\\/rotary.fi\\\/d1410\\\/#website\"},\"primaryImageOfPage\":{\"@id\":\"https:\\\/\\\/rotary.fi\\\/d1410\\\/mita-teemme\\\/maarianhaminan-ukraina-kerays\\\/#primaryimage\"},\"image\":{\"@id\":\"https:\\\/\\\/rotary.fi\\\/d1410\\\/mita-teemme\\\/maarianhaminan-ukraina-kerays\\\/#primaryimage\"},\"thumbnailUrl\":\"https:\\\/\\\/rotary.fi\\\/d1410\\\/wp-content\\\/uploads\\\/sites\\\/215\\\/2023\\\/03\\\/bossinsamling-monica-von-frenckell-och-sanna-kononen-wahlstedt-225x300.jpg\",\"datePublished\":\"2023-03-11T10:17:27+00:00\",\"dateModified\":\"2023-03-11T10:42:34+00:00\",\"breadcrumb\":{\"@id\":\"https:\\\/\\\/rotary.fi\\\/d1410\\\/mita-teemme\\\/maarianhaminan-ukraina-kerays\\\/#breadcrumb\"},\"inLanguage\":\"fi\",\"potentialAction\":[{\"@type\":\"ReadAction\",\"target\":[\"https:\\\/\\\/rotary.fi\\\/d1410\\\/mita-teemme\\\/maarianhaminan-ukraina-kerays\\\/\"]}]},{\"@type\":\"ImageObject\",\"inLanguage\":\"fi\",\"@id\":\"https:\\\/\\\/rotary.fi\\\/d1410\\\/mita-teemme\\\/maarianhaminan-ukraina-kerays\\\/#primaryimage\",\"url\":\"https:\\\/\\\/rotary.fi\\\/d1410\\\/wp-content\\\/uploads\\\/sites\\\/215\\\/2023\\\/03\\\/bossinsamling-monica-von-frenckell-och-sanna-kononen-wahlstedt.jpg\",\"contentUrl\":\"https:\\\/\\\/rotary.fi\\\/d1410\\\/wp-content\\\/uploads\\\/sites\\\/215\\\/2023\\\/03\\\/bossinsamling-monica-von-frenckell-och-sanna-kononen-wahlstedt.jpg\",\"width\":1536,\"height\":2048},{\"@type\":\"BreadcrumbList\",\"@id\":\"https:\\\/\\\/rotary.fi\\\/d1410\\\/mita-teemme\\\/maarianhaminan-ukraina-kerays\\\/#breadcrumb\",\"itemListElement\":[{\"@type\":\"ListItem\",\"position\":1,\"name\":\"Home\",\"item\":\"https:\\\/\\\/rotary.fi\\\/d1410\\\/\"},{\"@type\":\"ListItem\",\"position\":2,\"name\":\"Toiminnan painopisteet &#8211; Mit\u00e4 teemme\",\"item\":\"https:\\\/\\\/rotary.fi\\\/d1410\\\/mita-teemme\\\/\"},{\"@type\":\"ListItem\",\"position\":3,\"name\":\"Maarianhaminan Rotaryklubin suuri Ukraina-ker\u00e4ys\"}]},{\"@type\":\"WebSite\",\"@id\":\"https:\\\/\\\/rotary.fi\\\/d1410\\\/#website\",\"url\":\"https:\\\/\\\/rotary.fi\\\/d1410\\\/\",\"name\":\"Piiri 1410\",\"description\":\"Suomen Rotary\",\"potentialAction\":[{\"@type\":\"SearchAction\",\"target\":{\"@type\":\"EntryPoint\",\"urlTemplate\":\"https:\\\/\\\/rotary.fi\\\/d1410\\\/?s={search_term_string}\"},\"query-input\":{\"@type\":\"PropertyValueSpecification\",\"valueRequired\":true,\"valueName\":\"search_term_string\"}}],\"inLanguage\":\"fi\"}]}<\/script>\n<!-- \/ Yoast SEO plugin. -->","yoast_head_json":{"title":"Maarianhaminan Rotaryklubin suuri Ukraina-ker\u00e4ys - Piiri 1410","robots":{"index":"index","follow":"follow","max-snippet":"max-snippet:-1","max-image-preview":"max-image-preview:large","max-video-preview":"max-video-preview:-1"},"canonical":"https:\/\/rotary.fi\/d1410\/mita-teemme\/maarianhaminan-ukraina-kerays\/","og_locale":"fi_FI","og_type":"article","og_title":"Maarianhaminan Rotaryklubin suuri Ukraina-ker\u00e4ys - Piiri 1410","og_description":"Maarianhaminan rotaryklubin suuri Ukraina-ker\u00e4ys Helmikuun 24. p\u00e4iv\u00e4n\u00e4 2023 oli kulunut vuosi siit\u00e4, kun Ven\u00e4j\u00e4 aloitti hy\u00f6kk\u00e4yksen Ukrainaa vastaan.Ukrainan v\u00e4est\u00f6 k\u00e4rsii sodan seurauksena. Maarianhaminan Rotaryklubi teki Ahvenanmaalla kev\u00e4\u00e4ll\u00e4 2022 laajan ker\u00e4yksen Ukrainan hyv\u00e4ksi, mutta koska Ven\u00e4j\u00e4n hy\u00f6kk\u00e4ykset vain jatkuvat lis\u00e4apua tarvitaan. T\u00e4st\u00e4 syyst\u00e4 Maarianhaminan Rotaryklubi aloitti uuden suuren varainkeruun helmikuussa 2023, jonka tavoitteena on auttaa pakolaisia [&hellip;]","og_url":"https:\/\/rotary.fi\/d1410\/mita-teemme\/maarianhaminan-ukraina-kerays\/","og_site_name":"Piiri 1410","article_publisher":"https:\/\/www.facebook.com\/rotary\/","article_modified_time":"2023-03-11T10:42:34+00:00","og_image":[{"url":"https:\/\/rotary.fi\/d1410\/wp-content\/uploads\/sites\/215\/2023\/03\/bossinsamling-monica-von-frenckell-och-sanna-kononen-wahlstedt-225x300.jpg","type":"","width":"","height":""}],"twitter_card":"summary_large_image","twitter_misc":{"Arvioitu lukuaika":"4 minuuttia"},"schema":{"@context":"https:\/\/schema.org","@graph":[{"@type":"WebPage","@id":"https:\/\/rotary.fi\/d1410\/mita-teemme\/maarianhaminan-ukraina-kerays\/","url":"https:\/\/rotary.fi\/d1410\/mita-teemme\/maarianhaminan-ukraina-kerays\/","name":"Maarianhaminan Rotaryklubin suuri Ukraina-ker\u00e4ys - Piiri 1410","isPartOf":{"@id":"https:\/\/rotary.fi\/d1410\/#website"},"primaryImageOfPage":{"@id":"https:\/\/rotary.fi\/d1410\/mita-teemme\/maarianhaminan-ukraina-kerays\/#primaryimage"},"image":{"@id":"https:\/\/rotary.fi\/d1410\/mita-teemme\/maarianhaminan-ukraina-kerays\/#primaryimage"},"thumbnailUrl":"https:\/\/rotary.fi\/d1410\/wp-content\/uploads\/sites\/215\/2023\/03\/bossinsamling-monica-von-frenckell-och-sanna-kononen-wahlstedt-225x300.jpg","datePublished":"2023-03-11T10:17:27+00:00","dateModified":"2023-03-11T10:42:34+00:00","breadcrumb":{"@id":"https:\/\/rotary.fi\/d1410\/mita-teemme\/maarianhaminan-ukraina-kerays\/#breadcrumb"},"inLanguage":"fi","potentialAction":[{"@type":"ReadAction","target":["https:\/\/rotary.fi\/d1410\/mita-teemme\/maarianhaminan-ukraina-kerays\/"]}]},{"@type":"ImageObject","inLanguage":"fi","@id":"https:\/\/rotary.fi\/d1410\/mita-teemme\/maarianhaminan-ukraina-kerays\/#primaryimage","url":"https:\/\/rotary.fi\/d1410\/wp-content\/uploads\/sites\/215\/2023\/03\/bossinsamling-monica-von-frenckell-och-sanna-kononen-wahlstedt.jpg","contentUrl":"https:\/\/rotary.fi\/d1410\/wp-content\/uploads\/sites\/215\/2023\/03\/bossinsamling-monica-von-frenckell-och-sanna-kononen-wahlstedt.jpg","width":1536,"height":2048},{"@type":"BreadcrumbList","@id":"https:\/\/rotary.fi\/d1410\/mita-teemme\/maarianhaminan-ukraina-kerays\/#breadcrumb","itemListElement":[{"@type":"ListItem","position":1,"name":"Home","item":"https:\/\/rotary.fi\/d1410\/"},{"@type":"ListItem","position":2,"name":"Toiminnan painopisteet &#8211; Mit\u00e4 teemme","item":"https:\/\/rotary.fi\/d1410\/mita-teemme\/"},{"@type":"ListItem","position":3,"name":"Maarianhaminan Rotaryklubin suuri Ukraina-ker\u00e4ys"}]},{"@type":"WebSite","@id":"https:\/\/rotary.fi\/d1410\/#website","url":"https:\/\/rotary.fi\/d1410\/","name":"Piiri 1410","description":"Suomen Rotary","potentialAction":[{"@type":"SearchAction","target":{"@type":"EntryPoint","urlTemplate":"https:\/\/rotary.fi\/d1410\/?s={search_term_string}"},"query-input":{"@type":"PropertyValueSpecification","valueRequired":true,"valueName":"search_term_string"}}],"inLanguage":"fi"}]}},"lang":"fi","translations":{"fi":5844,"sv":5891},"pll_sync_post":[],"_links":{"self":[{"href":"https:\/\/rotary.fi\/d1410\/wp-json\/wp\/v2\/pages\/5844","targetHints":{"allow":["GET"]}}],"collection":[{"href":"https:\/\/rotary.fi\/d1410\/wp-json\/wp\/v2\/pages"}],"about":[{"href":"https:\/\/rotary.fi\/d1410\/wp-json\/wp\/v2\/types\/page"}],"author":[{"embeddable":true,"href":"https:\/\/rotary.fi\/d1410\/wp-json\/wp\/v2\/users\/384"}],"replies":[{"embeddable":true,"href":"https:\/\/rotary.fi\/d1410\/wp-json\/wp\/v2\/comments?post=5844"}],"version-history":[{"count":9,"href":"https:\/\/rotary.fi\/d1410\/wp-json\/wp\/v2\/pages\/5844\/revisions"}],"predecessor-version":[{"id":5890,"href":"https:\/\/rotary.fi\/d1410\/wp-json\/wp\/v2\/pages\/5844\/revisions\/5890"}],"up":[{"embeddable":true,"href":"https:\/\/rotary.fi\/d1410\/wp-json\/wp\/v2\/pages\/656"}],"wp:attachment":[{"href":"https:\/\/rotary.fi\/d1410\/wp-json\/wp\/v2\/media?parent=5844"}],"curies":[{"name":"wp","href":"https:\/\/api.w.org\/{rel}","templated":true}]}}