{"id":5392,"date":"2022-08-06T13:04:43","date_gmt":"2022-08-06T11:04:43","guid":{"rendered":"https:\/\/rotary.fi\/d1410\/?page_id=5392"},"modified":"2023-09-03T12:23:44","modified_gmt":"2023-09-03T10:23:44","slug":"koulutus-2","status":"publish","type":"page","link":"https:\/\/rotary.fi\/d1410\/mita-teemme\/koulutus-2\/","title":{"rendered":"Koulutus"},"content":{"rendered":"<p>[et_pb_section fb_built=&#8221;1&#8243; admin_label=&#8221;Kuva&#8221; module_class=&#8221;jumbotron-page&#8221; _builder_version=&#8221;4.17.4&#8243; background_image=&#8221;https:\/\/rotary.fi\/d1410\/wp-content\/uploads\/sites\/215\/2021\/11\/img-20211030-160406.jpg&#8221; global_colors_info=&#8221;{}&#8221;][et_pb_row module_class=&#8221; et_pb_row_fullwidth et_pb_row_fullwidth&#8221; _builder_version=&#8221;4.16&#8243; width=&#8221;89%&#8221; width_tablet=&#8221;80%&#8221; width_phone=&#8221;&#8221; width_last_edited=&#8221;on|desktop&#8221; max_width=&#8221;89%&#8221; max_width_tablet=&#8221;80%&#8221; max_width_phone=&#8221;&#8221; max_width_last_edited=&#8221;on|desktop&#8221; make_fullwidth=&#8221;on&#8221; global_colors_info=&#8221;{}&#8221;][et_pb_column type=&#8221;4_4&#8243; _builder_version=&#8221;4.16&#8243; custom_padding=&#8221;|||&#8221; global_colors_info=&#8221;{}&#8221; custom_padding__hover=&#8221;|||&#8221;][et_pb_text admin_label=&#8221;Otsikko&#8221; _builder_version=&#8221;4.16&#8243; text_orientation=&#8221;center&#8221; background_layout=&#8221;dark&#8221; z_index_tablet=&#8221;500&#8243; text_text_shadow_horizontal_length_tablet=&#8221;0px&#8221; text_text_shadow_vertical_length_tablet=&#8221;0px&#8221; text_text_shadow_blur_strength_tablet=&#8221;1px&#8221; link_text_shadow_horizontal_length_tablet=&#8221;0px&#8221; link_text_shadow_vertical_length_tablet=&#8221;0px&#8221; link_text_shadow_blur_strength_tablet=&#8221;1px&#8221; ul_text_shadow_horizontal_length_tablet=&#8221;0px&#8221; ul_text_shadow_vertical_length_tablet=&#8221;0px&#8221; ul_text_shadow_blur_strength_tablet=&#8221;1px&#8221; ol_text_shadow_horizontal_length_tablet=&#8221;0px&#8221; ol_text_shadow_vertical_length_tablet=&#8221;0px&#8221; ol_text_shadow_blur_strength_tablet=&#8221;1px&#8221; quote_text_shadow_horizontal_length_tablet=&#8221;0px&#8221; quote_text_shadow_vertical_length_tablet=&#8221;0px&#8221; quote_text_shadow_blur_strength_tablet=&#8221;1px&#8221; header_text_shadow_horizontal_length_tablet=&#8221;0px&#8221; header_text_shadow_vertical_length_tablet=&#8221;0px&#8221; header_text_shadow_blur_strength_tablet=&#8221;1px&#8221; header_2_text_shadow_horizontal_length_tablet=&#8221;0px&#8221; header_2_text_shadow_vertical_length_tablet=&#8221;0px&#8221; header_2_text_shadow_blur_strength_tablet=&#8221;1px&#8221; header_3_text_shadow_horizontal_length_tablet=&#8221;0px&#8221; header_3_text_shadow_vertical_length_tablet=&#8221;0px&#8221; header_3_text_shadow_blur_strength_tablet=&#8221;1px&#8221; header_4_text_shadow_horizontal_length_tablet=&#8221;0px&#8221; header_4_text_shadow_vertical_length_tablet=&#8221;0px&#8221; header_4_text_shadow_blur_strength_tablet=&#8221;1px&#8221; header_5_text_shadow_horizontal_length_tablet=&#8221;0px&#8221; header_5_text_shadow_vertical_length_tablet=&#8221;0px&#8221; header_5_text_shadow_blur_strength_tablet=&#8221;1px&#8221; header_6_text_shadow_horizontal_length_tablet=&#8221;0px&#8221; header_6_text_shadow_vertical_length_tablet=&#8221;0px&#8221; header_6_text_shadow_blur_strength_tablet=&#8221;1px&#8221; box_shadow_horizontal_tablet=&#8221;0px&#8221; box_shadow_vertical_tablet=&#8221;0px&#8221; box_shadow_blur_tablet=&#8221;40px&#8221; box_shadow_spread_tablet=&#8221;0px&#8221; global_colors_info=&#8221;{}&#8221;]<\/p>\n<h1>Koulutus<\/h1>\n<p>[\/et_pb_text][\/et_pb_column][\/et_pb_row][\/et_pb_section][et_pb_section fb_built=&#8221;1&#8243; module_class=&#8221;sisaltoalue_perus&#8221; _builder_version=&#8221;4.16&#8243; background_size=&#8221;initial&#8221; background_position=&#8221;top_left&#8221; background_repeat=&#8221;repeat&#8221; global_colors_info=&#8221;{}&#8221;][et_pb_row custom_padding_last_edited=&#8221;on|phone&#8221; _builder_version=&#8221;4.16&#8243; custom_padding_tablet=&#8221;&#8221; custom_padding_phone=&#8221;&#8221; global_colors_info=&#8221;{}&#8221;][et_pb_column type=&#8221;4_4&#8243; _builder_version=&#8221;4.16&#8243; custom_padding=&#8221;|||&#8221; global_colors_info=&#8221;{}&#8221; custom_padding__hover=&#8221;|||&#8221;][et_pb_text _builder_version=&#8221;4.17.4&#8243; z_index_tablet=&#8221;500&#8243; text_text_shadow_horizontal_length_tablet=&#8221;0px&#8221; text_text_shadow_vertical_length_tablet=&#8221;0px&#8221; text_text_shadow_blur_strength_tablet=&#8221;1px&#8221; link_text_shadow_horizontal_length_tablet=&#8221;0px&#8221; link_text_shadow_vertical_length_tablet=&#8221;0px&#8221; link_text_shadow_blur_strength_tablet=&#8221;1px&#8221; ul_text_shadow_horizontal_length_tablet=&#8221;0px&#8221; ul_text_shadow_vertical_length_tablet=&#8221;0px&#8221; ul_text_shadow_blur_strength_tablet=&#8221;1px&#8221; ol_text_shadow_horizontal_length_tablet=&#8221;0px&#8221; ol_text_shadow_vertical_length_tablet=&#8221;0px&#8221; ol_text_shadow_blur_strength_tablet=&#8221;1px&#8221; quote_text_shadow_horizontal_length_tablet=&#8221;0px&#8221; quote_text_shadow_vertical_length_tablet=&#8221;0px&#8221; quote_text_shadow_blur_strength_tablet=&#8221;1px&#8221; header_text_shadow_horizontal_length_tablet=&#8221;0px&#8221; header_text_shadow_vertical_length_tablet=&#8221;0px&#8221; header_text_shadow_blur_strength_tablet=&#8221;1px&#8221; header_2_text_shadow_horizontal_length_tablet=&#8221;0px&#8221; header_2_text_shadow_vertical_length_tablet=&#8221;0px&#8221; header_2_text_shadow_blur_strength_tablet=&#8221;1px&#8221; header_3_text_shadow_horizontal_length_tablet=&#8221;0px&#8221; header_3_text_shadow_vertical_length_tablet=&#8221;0px&#8221; header_3_text_shadow_blur_strength_tablet=&#8221;1px&#8221; header_4_text_shadow_horizontal_length_tablet=&#8221;0px&#8221; header_4_text_shadow_vertical_length_tablet=&#8221;0px&#8221; header_4_text_shadow_blur_strength_tablet=&#8221;1px&#8221; header_5_text_shadow_horizontal_length_tablet=&#8221;0px&#8221; header_5_text_shadow_vertical_length_tablet=&#8221;0px&#8221; header_5_text_shadow_blur_strength_tablet=&#8221;1px&#8221; header_6_text_shadow_horizontal_length_tablet=&#8221;0px&#8221; header_6_text_shadow_vertical_length_tablet=&#8221;0px&#8221; header_6_text_shadow_blur_strength_tablet=&#8221;1px&#8221; box_shadow_horizontal_tablet=&#8221;0px&#8221; box_shadow_vertical_tablet=&#8221;0px&#8221; box_shadow_blur_tablet=&#8221;40px&#8221; box_shadow_spread_tablet=&#8221;0px&#8221; global_colors_info=&#8221;{}&#8221;]<\/p>\n<p>Koulutus on merkitt\u00e4v\u00e4 osa rotarytoimintaa. Siksi j\u00e4senille on tarjolla monenlaista koulutusta, jonka avulla jokainen rotari voi kartuttaa rotarytietouttaan.<\/p>\n<p>Tarjolla on mm.<\/p>\n<ul>\n<li>valmentavaa koulutusta uusille j\u00e4senille<\/li>\n<li>\u00a0koulutusta klubiteht\u00e4vien hoitoon<\/li>\n<li>\u00a0syvent\u00e4v\u00e4\u00e4 rotarytietoutta kaikille (RLI \u2013 The Rotary Leadership Institute).<\/li>\n<\/ul>\n<p>Piirin koulutuskomitean puheenjohtaja on Kirsi Storckovius. RLI-koulutuksen koordinaattori on Tiina Sj\u00f6lund.<\/p>\n<p>Piirin koulutukset l\u00f6yd\u00e4t piirin kotisivuilta kohdasta piirin tapahtumat.\u00a0\u00a0<\/p>\n<p><a href=\"https:\/\/rotary.fi\/d1410\/ajankohtaista\/tapahtumakalenteri\/\">P\u00e4\u00e4set tapahtumakalenteriin t\u00e4st\u00e4.<\/a><\/p>\n<p>&nbsp;<\/p>\n<p>Jokaisen rotarin tulisi tutustua my\u00f6s<\/p>\n<ol>\n<li>oman klubinsa sivustoihin ja liitty\u00e4 sen sosiaalisen median kanaviin<\/li>\n<li>piirin 1410 verkkosivuihin ja erityisesti sielt\u00e4 l\u00f6ytyviin piirin aineistoihin ja j\u00e4senten osioihin.<a href=\"https:\/\/rotary.fi\/d1410\/\">https:\/\/rotary.fi\/d1410\/<\/a><\/li>\n<li>Suomen ja Viron piirien yhteiseen sivustoon <a href=\"https:\/\/rotary.fi\/\">https:\/\/<\/a><a href=\"https:\/\/rotary.fi\/\">rotary.fi<\/a>, josta l\u00f6ytyy mm.\u00a0 perustietoa rotarysta, luettelo organisaatioista sek\u00e4 j\u00e4sentietoj\u00e4rjestelm\u00e4.<\/li>\n<li>Rotary Internationalin verkkosivuihin <a href=\"https:\/\/rotary.org\/\">https:\/\/<\/a><a href=\"https:\/\/rotary.org\/\">rotary.org<\/a><\/li>\n<li>MyRotaryyn <a href=\"https:\/\/my.rotary.org\/\">https:\/\/my.rotary.org<\/a>.<\/li>\n<\/ol>\n<p>&nbsp;<\/p>\n<p>Lis\u00e4tietoa koulutuksista:<\/p>\n<p>Kirsi Storckovius, <a href=\"mailto:erja.vihervaara@mail.com\">kirsistorckovius@gmail.com<\/a>, puh. 0<span>500 527 768<\/span><\/p>\n<p>&nbsp;<\/p>\n<p>[\/et_pb_text][\/et_pb_column][\/et_pb_row][\/et_pb_section]<\/p>\n","protected":false},"excerpt":{"rendered":"<p>KoulutusKoulutus on merkitt\u00e4v\u00e4 osa rotarytoimintaa. Siksi j\u00e4senille on tarjolla monenlaista koulutusta, jonka avulla jokainen rotari voi kartuttaa rotarytietouttaan. Tarjolla on mm. valmentavaa koulutusta uusille j\u00e4senille \u00a0koulutusta klubiteht\u00e4vien hoitoon \u00a0syvent\u00e4v\u00e4\u00e4 rotarytietoutta kaikille (RLI \u2013 The Rotary Leadership Institute). Piirin koulutuskomitean puheenjohtaja on Kirsi Storckovius. RLI-koulutuksen koordinaattori on Tiina Sj\u00f6lund. Piirin koulutukset l\u00f6yd\u00e4t piirin kotisivuilta kohdasta piirin [&hellip;]<\/p>\n","protected":false},"author":384,"featured_media":4715,"parent":656,"menu_order":0,"comment_status":"closed","ping_status":"closed","template":"","meta":{"_acf_changed":false,"_et_pb_use_builder":"on","_et_pb_old_content":"Koulutus on merkitt\u00e4v\u00e4 osa rotarytoimintaa. Siksi j\u00e4senille on tarjolla monenlaista koulutusta, jonka avulla jokainen rotari voi kartuttaa rotarytietouttaan.\r\n\r\nTarjolla on mm.\r\n<ul>\r\n \t<li>valmentavaa koulutusta uusille j\u00e4senille<\/li>\r\n \t<li>\u00a0koulutusta klubiteht\u00e4vien hoitoon<\/li>\r\n \t<li>\u00a0syvent\u00e4\u00e4v\u00e4 rotarytietoutta kaikille (RLI \u2013 The Rotary Leadership Institute).<\/li>\r\n<\/ul>\r\nPiirin koulutuskomitean j\u00e4seni\u00e4 ovat Erja Vihervaara, pj sek\u00e4 Sakari Alaranta ja Kirsi Storkovius. RLI-koulutuksen koordinaattori on Risto Suviala.\r\n\r\nKomitea on laatinut <strong>luettelon piiriss\u00e4mme tapahtuvista koulutuksista sek\u00e4 muista tapahtumista<\/strong>, joista tarkempaa tietoa tulee piirin kotisivuille.\r\n\r\n<a href=\"https:\/\/rotary.fi\/d1410\/wp-content\/uploads\/sites\/215\/2022\/08\/tapahtumakalenteri_2022-2023.pdf\" target=\"_blank\" rel=\"noopener\">Linkki jatkuvasti p\u00e4ivittyv\u00e4\u00e4n tapahtumalistaan<\/a>\r\n\r\nJokaisen rotarin tulisi tutustua my\u00f6s\r\n<ol>\r\n \t<li>oman klubinsa sivustoihin ja liitty\u00e4 sen sosiaalisen median kanaviin<\/li>\r\n \t<li>piirin 1410 verkkosivuihin ja erityisesti sielt\u00e4 l\u00f6ytyviin piirin aineistoihin ja j\u00e4senten osioihin.<a href=\"https:\/\/rotary.fi\/d1410\/\">https:\/\/rotary.fi\/d1410\/<\/a><\/li>\r\n \t<li>Suomen ja Viron piirien yhteiseen sivustoon <a href=\"https:\/\/rotary.fi\/\">https:\/\/<\/a><a href=\"https:\/\/rotary.fi\/\">rotary.fi<\/a>, josta l\u00f6ytyy mm.\u00a0 perustietoa rotarysta, luettelo organisaatioista sek\u00e4 j\u00e4sentietoj\u00e4rjestelm\u00e4.<\/li>\r\n \t<li>Rotary Internationalin verkkosivuihin <a href=\"https:\/\/rotary.org\/\">https:\/\/<\/a><a href=\"https:\/\/rotary.org\/\">rotary.org<\/a><\/li>\r\n \t<li>MyRotaryyn <a href=\"https:\/\/my.rotary.org\/\">https:\/\/my.rotary.org<\/a>.<\/li>\r\n<\/ol>\r\nErja Vihervaara, <a href=\"mailto:erja.vihervaara@mail.com\">erja.vihervaara@gmail.com<\/a>, puh. 0505647437","_et_gb_content_width":"","footnotes":""},"class_list":["post-5392","page","type-page","status-publish","has-post-thumbnail","hentry"],"acf":[],"yoast_head":"<!-- This site is optimized with the Yoast SEO plugin v27.4 - https:\/\/yoast.com\/product\/yoast-seo-wordpress\/ -->\n<title>Koulutus - Piiri 1410<\/title>\n<meta name=\"robots\" content=\"index, follow, max-snippet:-1, max-image-preview:large, max-video-preview:-1\" \/>\n<link rel=\"canonical\" href=\"https:\/\/rotary.fi\/d1410\/mita-teemme\/koulutus-2\/\" \/>\n<meta property=\"og:locale\" content=\"fi_FI\" \/>\n<meta property=\"og:type\" content=\"article\" \/>\n<meta property=\"og:title\" content=\"Koulutus - Piiri 1410\" \/>\n<meta property=\"og:description\" content=\"KoulutusKoulutus on merkitt\u00e4v\u00e4 osa rotarytoimintaa. Siksi j\u00e4senille on tarjolla monenlaista koulutusta, jonka avulla jokainen rotari voi kartuttaa rotarytietouttaan. Tarjolla on mm. valmentavaa koulutusta uusille j\u00e4senille \u00a0koulutusta klubiteht\u00e4vien hoitoon \u00a0syvent\u00e4v\u00e4\u00e4 rotarytietoutta kaikille (RLI \u2013 The Rotary Leadership Institute). Piirin koulutuskomitean puheenjohtaja on Kirsi Storckovius. RLI-koulutuksen koordinaattori on Tiina Sj\u00f6lund. Piirin koulutukset l\u00f6yd\u00e4t piirin kotisivuilta kohdasta piirin [&hellip;]\" \/>\n<meta property=\"og:url\" content=\"https:\/\/rotary.fi\/d1410\/mita-teemme\/koulutus-2\/\" \/>\n<meta property=\"og:site_name\" content=\"Piiri 1410\" \/>\n<meta property=\"article:publisher\" content=\"https:\/\/www.facebook.com\/rotary\/\" \/>\n<meta property=\"article:modified_time\" content=\"2023-09-03T10:23:44+00:00\" \/>\n<meta property=\"og:image\" content=\"https:\/\/rotary.fi\/d1410\/wp-content\/uploads\/sites\/215\/2021\/11\/img-20211030-160406.jpg\" \/>\n\t<meta property=\"og:image:width\" content=\"2048\" \/>\n\t<meta property=\"og:image:height\" content=\"1536\" \/>\n\t<meta property=\"og:image:type\" content=\"image\/jpeg\" \/>\n<meta name=\"twitter:card\" content=\"summary_large_image\" \/>\n<meta name=\"twitter:label1\" content=\"Arvioitu lukuaika\" \/>\n\t<meta name=\"twitter:data1\" content=\"2 minuuttia\" \/>\n<script type=\"application\/ld+json\" class=\"yoast-schema-graph\">{\"@context\":\"https:\\\/\\\/schema.org\",\"@graph\":[{\"@type\":\"WebPage\",\"@id\":\"https:\\\/\\\/rotary.fi\\\/d1410\\\/mita-teemme\\\/koulutus-2\\\/\",\"url\":\"https:\\\/\\\/rotary.fi\\\/d1410\\\/mita-teemme\\\/koulutus-2\\\/\",\"name\":\"Koulutus - Piiri 1410\",\"isPartOf\":{\"@id\":\"https:\\\/\\\/rotary.fi\\\/d1410\\\/#website\"},\"primaryImageOfPage\":{\"@id\":\"https:\\\/\\\/rotary.fi\\\/d1410\\\/mita-teemme\\\/koulutus-2\\\/#primaryimage\"},\"image\":{\"@id\":\"https:\\\/\\\/rotary.fi\\\/d1410\\\/mita-teemme\\\/koulutus-2\\\/#primaryimage\"},\"thumbnailUrl\":\"https:\\\/\\\/rotary.fi\\\/d1410\\\/wp-content\\\/uploads\\\/sites\\\/215\\\/2021\\\/11\\\/img-20211030-160406.jpg\",\"datePublished\":\"2022-08-06T11:04:43+00:00\",\"dateModified\":\"2023-09-03T10:23:44+00:00\",\"breadcrumb\":{\"@id\":\"https:\\\/\\\/rotary.fi\\\/d1410\\\/mita-teemme\\\/koulutus-2\\\/#breadcrumb\"},\"inLanguage\":\"fi\",\"potentialAction\":[{\"@type\":\"ReadAction\",\"target\":[\"https:\\\/\\\/rotary.fi\\\/d1410\\\/mita-teemme\\\/koulutus-2\\\/\"]}]},{\"@type\":\"ImageObject\",\"inLanguage\":\"fi\",\"@id\":\"https:\\\/\\\/rotary.fi\\\/d1410\\\/mita-teemme\\\/koulutus-2\\\/#primaryimage\",\"url\":\"https:\\\/\\\/rotary.fi\\\/d1410\\\/wp-content\\\/uploads\\\/sites\\\/215\\\/2021\\\/11\\\/img-20211030-160406.jpg\",\"contentUrl\":\"https:\\\/\\\/rotary.fi\\\/d1410\\\/wp-content\\\/uploads\\\/sites\\\/215\\\/2021\\\/11\\\/img-20211030-160406.jpg\",\"width\":2048,\"height\":1536},{\"@type\":\"BreadcrumbList\",\"@id\":\"https:\\\/\\\/rotary.fi\\\/d1410\\\/mita-teemme\\\/koulutus-2\\\/#breadcrumb\",\"itemListElement\":[{\"@type\":\"ListItem\",\"position\":1,\"name\":\"Home\",\"item\":\"https:\\\/\\\/rotary.fi\\\/d1410\\\/\"},{\"@type\":\"ListItem\",\"position\":2,\"name\":\"Toiminnan painopisteet &#8211; Mit\u00e4 teemme\",\"item\":\"https:\\\/\\\/rotary.fi\\\/d1410\\\/mita-teemme\\\/\"},{\"@type\":\"ListItem\",\"position\":3,\"name\":\"Koulutus\"}]},{\"@type\":\"WebSite\",\"@id\":\"https:\\\/\\\/rotary.fi\\\/d1410\\\/#website\",\"url\":\"https:\\\/\\\/rotary.fi\\\/d1410\\\/\",\"name\":\"Piiri 1410\",\"description\":\"Suomen Rotary\",\"potentialAction\":[{\"@type\":\"SearchAction\",\"target\":{\"@type\":\"EntryPoint\",\"urlTemplate\":\"https:\\\/\\\/rotary.fi\\\/d1410\\\/?s={search_term_string}\"},\"query-input\":{\"@type\":\"PropertyValueSpecification\",\"valueRequired\":true,\"valueName\":\"search_term_string\"}}],\"inLanguage\":\"fi\"}]}<\/script>\n<!-- \/ Yoast SEO plugin. -->","yoast_head_json":{"title":"Koulutus - Piiri 1410","robots":{"index":"index","follow":"follow","max-snippet":"max-snippet:-1","max-image-preview":"max-image-preview:large","max-video-preview":"max-video-preview:-1"},"canonical":"https:\/\/rotary.fi\/d1410\/mita-teemme\/koulutus-2\/","og_locale":"fi_FI","og_type":"article","og_title":"Koulutus - Piiri 1410","og_description":"KoulutusKoulutus on merkitt\u00e4v\u00e4 osa rotarytoimintaa. Siksi j\u00e4senille on tarjolla monenlaista koulutusta, jonka avulla jokainen rotari voi kartuttaa rotarytietouttaan. Tarjolla on mm. valmentavaa koulutusta uusille j\u00e4senille \u00a0koulutusta klubiteht\u00e4vien hoitoon \u00a0syvent\u00e4v\u00e4\u00e4 rotarytietoutta kaikille (RLI \u2013 The Rotary Leadership Institute). Piirin koulutuskomitean puheenjohtaja on Kirsi Storckovius. RLI-koulutuksen koordinaattori on Tiina Sj\u00f6lund. Piirin koulutukset l\u00f6yd\u00e4t piirin kotisivuilta kohdasta piirin [&hellip;]","og_url":"https:\/\/rotary.fi\/d1410\/mita-teemme\/koulutus-2\/","og_site_name":"Piiri 1410","article_publisher":"https:\/\/www.facebook.com\/rotary\/","article_modified_time":"2023-09-03T10:23:44+00:00","og_image":[{"width":2048,"height":1536,"url":"https:\/\/rotary.fi\/d1410\/wp-content\/uploads\/sites\/215\/2021\/11\/img-20211030-160406.jpg","type":"image\/jpeg"}],"twitter_card":"summary_large_image","twitter_misc":{"Arvioitu lukuaika":"2 minuuttia"},"schema":{"@context":"https:\/\/schema.org","@graph":[{"@type":"WebPage","@id":"https:\/\/rotary.fi\/d1410\/mita-teemme\/koulutus-2\/","url":"https:\/\/rotary.fi\/d1410\/mita-teemme\/koulutus-2\/","name":"Koulutus - Piiri 1410","isPartOf":{"@id":"https:\/\/rotary.fi\/d1410\/#website"},"primaryImageOfPage":{"@id":"https:\/\/rotary.fi\/d1410\/mita-teemme\/koulutus-2\/#primaryimage"},"image":{"@id":"https:\/\/rotary.fi\/d1410\/mita-teemme\/koulutus-2\/#primaryimage"},"thumbnailUrl":"https:\/\/rotary.fi\/d1410\/wp-content\/uploads\/sites\/215\/2021\/11\/img-20211030-160406.jpg","datePublished":"2022-08-06T11:04:43+00:00","dateModified":"2023-09-03T10:23:44+00:00","breadcrumb":{"@id":"https:\/\/rotary.fi\/d1410\/mita-teemme\/koulutus-2\/#breadcrumb"},"inLanguage":"fi","potentialAction":[{"@type":"ReadAction","target":["https:\/\/rotary.fi\/d1410\/mita-teemme\/koulutus-2\/"]}]},{"@type":"ImageObject","inLanguage":"fi","@id":"https:\/\/rotary.fi\/d1410\/mita-teemme\/koulutus-2\/#primaryimage","url":"https:\/\/rotary.fi\/d1410\/wp-content\/uploads\/sites\/215\/2021\/11\/img-20211030-160406.jpg","contentUrl":"https:\/\/rotary.fi\/d1410\/wp-content\/uploads\/sites\/215\/2021\/11\/img-20211030-160406.jpg","width":2048,"height":1536},{"@type":"BreadcrumbList","@id":"https:\/\/rotary.fi\/d1410\/mita-teemme\/koulutus-2\/#breadcrumb","itemListElement":[{"@type":"ListItem","position":1,"name":"Home","item":"https:\/\/rotary.fi\/d1410\/"},{"@type":"ListItem","position":2,"name":"Toiminnan painopisteet &#8211; Mit\u00e4 teemme","item":"https:\/\/rotary.fi\/d1410\/mita-teemme\/"},{"@type":"ListItem","position":3,"name":"Koulutus"}]},{"@type":"WebSite","@id":"https:\/\/rotary.fi\/d1410\/#website","url":"https:\/\/rotary.fi\/d1410\/","name":"Piiri 1410","description":"Suomen Rotary","potentialAction":[{"@type":"SearchAction","target":{"@type":"EntryPoint","urlTemplate":"https:\/\/rotary.fi\/d1410\/?s={search_term_string}"},"query-input":{"@type":"PropertyValueSpecification","valueRequired":true,"valueName":"search_term_string"}}],"inLanguage":"fi"}]}},"lang":"fi","translations":{"fi":5392,"sv":5398},"pll_sync_post":[],"_links":{"self":[{"href":"https:\/\/rotary.fi\/d1410\/wp-json\/wp\/v2\/pages\/5392","targetHints":{"allow":["GET"]}}],"collection":[{"href":"https:\/\/rotary.fi\/d1410\/wp-json\/wp\/v2\/pages"}],"about":[{"href":"https:\/\/rotary.fi\/d1410\/wp-json\/wp\/v2\/types\/page"}],"author":[{"embeddable":true,"href":"https:\/\/rotary.fi\/d1410\/wp-json\/wp\/v2\/users\/384"}],"replies":[{"embeddable":true,"href":"https:\/\/rotary.fi\/d1410\/wp-json\/wp\/v2\/comments?post=5392"}],"version-history":[{"count":7,"href":"https:\/\/rotary.fi\/d1410\/wp-json\/wp\/v2\/pages\/5392\/revisions"}],"predecessor-version":[{"id":6379,"href":"https:\/\/rotary.fi\/d1410\/wp-json\/wp\/v2\/pages\/5392\/revisions\/6379"}],"up":[{"embeddable":true,"href":"https:\/\/rotary.fi\/d1410\/wp-json\/wp\/v2\/pages\/656"}],"wp:featuredmedia":[{"embeddable":true,"href":"https:\/\/rotary.fi\/d1410\/wp-json\/wp\/v2\/media\/4715"}],"wp:attachment":[{"href":"https:\/\/rotary.fi\/d1410\/wp-json\/wp\/v2\/media?parent=5392"}],"curies":[{"name":"wp","href":"https:\/\/api.w.org\/{rel}","templated":true}]}}