{"id":5209,"date":"2022-06-30T19:10:21","date_gmt":"2022-06-30T17:10:21","guid":{"rendered":"https:\/\/rotary.fi\/d1410\/?page_id=5209"},"modified":"2025-06-04T19:19:38","modified_gmt":"2025-06-04T17:19:38","slug":"kansainvalinen-toiminta","status":"publish","type":"page","link":"https:\/\/rotary.fi\/d1410\/kansainvalinen-toiminta\/","title":{"rendered":"Kansainv\u00e4linen toiminta-Internationell verksamhet-International Activities"},"content":{"rendered":"<p>Puheenjohtaja \u2013 Ordf\u00f6rande \u2013 Chairperson<br \/>\n<strong>PDG Martti Sj\u00f6lund<\/strong>, Laitila<br \/>\nMobile +358 440 854 617<br \/>\nE-mail: martti@pulmaton.fi<\/p>\n<p>J\u00e4senet \u2013 Medlemmar \u2013 Members<br \/>\n<strong>Pekka Karhum\u00e4ki<\/strong>, Pori Karhunp\u00e4\u00e4<br \/>\nMobile +358 40 540 5091<br \/>\nE-mail: pekka.karhumaki@gmail.com<\/p>\n<p><strong>Markku Holopainen<\/strong>, Turku Sirkkala<br \/>\nMobile +358 40 501 3647<br \/>\nEmail: markku.j.holopainen@gmail.com<\/p>\n","protected":false},"excerpt":{"rendered":"<p>Puheenjohtaja \u2013 Ordf\u00f6rande \u2013 Chairperson PDG Martti Sj\u00f6lund, Laitila Mobile +358 440 854 617 E-mail: martti@pulmaton.fi J\u00e4senet \u2013 Medlemmar \u2013 Members Pekka Karhum\u00e4ki, Pori Karhunp\u00e4\u00e4 Mobile +358 40 540 5091 E-mail: pekka.karhumaki@gmail.com Markku Holopainen, Turku Sirkkala Mobile +358 40 501 3647 Email: markku.j.holopainen@gmail.com<\/p>\n","protected":false},"author":384,"featured_media":0,"parent":0,"menu_order":0,"comment_status":"closed","ping_status":"closed","template":"","meta":{"_acf_changed":false,"_et_pb_use_builder":"","_et_pb_old_content":"","_et_gb_content_width":"","footnotes":""},"class_list":["post-5209","page","type-page","status-publish","hentry"],"acf":[],"yoast_head":"<!-- This site is optimized with the Yoast SEO plugin v27.4 - https:\/\/yoast.com\/product\/yoast-seo-wordpress\/ -->\n<title>Kansainv\u00e4linen toiminta-Internationell verksamhet-International Activities - Piiri 1410<\/title>\n<meta name=\"robots\" content=\"index, follow, max-snippet:-1, max-image-preview:large, max-video-preview:-1\" \/>\n<link rel=\"canonical\" href=\"https:\/\/rotary.fi\/d1410\/kansainvalinen-toiminta\/\" \/>\n<meta property=\"og:locale\" content=\"fi_FI\" \/>\n<meta property=\"og:type\" content=\"article\" \/>\n<meta property=\"og:title\" content=\"Kansainv\u00e4linen toiminta-Internationell verksamhet-International Activities - Piiri 1410\" \/>\n<meta property=\"og:description\" content=\"Puheenjohtaja \u2013 Ordf\u00f6rande \u2013 Chairperson PDG Martti Sj\u00f6lund, Laitila Mobile +358 440 854 617 E-mail: martti@pulmaton.fi J\u00e4senet \u2013 Medlemmar \u2013 Members Pekka Karhum\u00e4ki, Pori Karhunp\u00e4\u00e4 Mobile +358 40 540 5091 E-mail: pekka.karhumaki@gmail.com Markku Holopainen, Turku Sirkkala Mobile +358 40 501 3647 Email: markku.j.holopainen@gmail.com\" \/>\n<meta property=\"og:url\" content=\"https:\/\/rotary.fi\/d1410\/kansainvalinen-toiminta\/\" \/>\n<meta property=\"og:site_name\" content=\"Piiri 1410\" \/>\n<meta property=\"article:publisher\" content=\"https:\/\/www.facebook.com\/rotary\/\" \/>\n<meta property=\"article:modified_time\" content=\"2025-06-04T17:19:38+00:00\" \/>\n<meta name=\"twitter:card\" content=\"summary_large_image\" \/>\n<meta name=\"twitter:label1\" content=\"Arvioitu lukuaika\" \/>\n\t<meta name=\"twitter:data1\" content=\"1 minuutti\" \/>\n<script type=\"application\/ld+json\" class=\"yoast-schema-graph\">{\"@context\":\"https:\\\/\\\/schema.org\",\"@graph\":[{\"@type\":\"WebPage\",\"@id\":\"https:\\\/\\\/rotary.fi\\\/d1410\\\/kansainvalinen-toiminta\\\/\",\"url\":\"https:\\\/\\\/rotary.fi\\\/d1410\\\/kansainvalinen-toiminta\\\/\",\"name\":\"Kansainv\u00e4linen toiminta-Internationell verksamhet-International Activities - Piiri 1410\",\"isPartOf\":{\"@id\":\"https:\\\/\\\/rotary.fi\\\/d1410\\\/#website\"},\"datePublished\":\"2022-06-30T17:10:21+00:00\",\"dateModified\":\"2025-06-04T17:19:38+00:00\",\"breadcrumb\":{\"@id\":\"https:\\\/\\\/rotary.fi\\\/d1410\\\/kansainvalinen-toiminta\\\/#breadcrumb\"},\"inLanguage\":\"fi\",\"potentialAction\":[{\"@type\":\"ReadAction\",\"target\":[\"https:\\\/\\\/rotary.fi\\\/d1410\\\/kansainvalinen-toiminta\\\/\"]}]},{\"@type\":\"BreadcrumbList\",\"@id\":\"https:\\\/\\\/rotary.fi\\\/d1410\\\/kansainvalinen-toiminta\\\/#breadcrumb\",\"itemListElement\":[{\"@type\":\"ListItem\",\"position\":1,\"name\":\"Home\",\"item\":\"https:\\\/\\\/rotary.fi\\\/d1410\\\/\"},{\"@type\":\"ListItem\",\"position\":2,\"name\":\"Kansainv\u00e4linen toiminta-Internationell verksamhet-International Activities\"}]},{\"@type\":\"WebSite\",\"@id\":\"https:\\\/\\\/rotary.fi\\\/d1410\\\/#website\",\"url\":\"https:\\\/\\\/rotary.fi\\\/d1410\\\/\",\"name\":\"Piiri 1410\",\"description\":\"Suomen Rotary\",\"potentialAction\":[{\"@type\":\"SearchAction\",\"target\":{\"@type\":\"EntryPoint\",\"urlTemplate\":\"https:\\\/\\\/rotary.fi\\\/d1410\\\/?s={search_term_string}\"},\"query-input\":{\"@type\":\"PropertyValueSpecification\",\"valueRequired\":true,\"valueName\":\"search_term_string\"}}],\"inLanguage\":\"fi\"}]}<\/script>\n<!-- \/ Yoast SEO plugin. -->","yoast_head_json":{"title":"Kansainv\u00e4linen toiminta-Internationell verksamhet-International Activities - Piiri 1410","robots":{"index":"index","follow":"follow","max-snippet":"max-snippet:-1","max-image-preview":"max-image-preview:large","max-video-preview":"max-video-preview:-1"},"canonical":"https:\/\/rotary.fi\/d1410\/kansainvalinen-toiminta\/","og_locale":"fi_FI","og_type":"article","og_title":"Kansainv\u00e4linen toiminta-Internationell verksamhet-International Activities - Piiri 1410","og_description":"Puheenjohtaja \u2013 Ordf\u00f6rande \u2013 Chairperson PDG Martti Sj\u00f6lund, Laitila Mobile +358 440 854 617 E-mail: martti@pulmaton.fi J\u00e4senet \u2013 Medlemmar \u2013 Members Pekka Karhum\u00e4ki, Pori Karhunp\u00e4\u00e4 Mobile +358 40 540 5091 E-mail: pekka.karhumaki@gmail.com Markku Holopainen, Turku Sirkkala Mobile +358 40 501 3647 Email: markku.j.holopainen@gmail.com","og_url":"https:\/\/rotary.fi\/d1410\/kansainvalinen-toiminta\/","og_site_name":"Piiri 1410","article_publisher":"https:\/\/www.facebook.com\/rotary\/","article_modified_time":"2025-06-04T17:19:38+00:00","twitter_card":"summary_large_image","twitter_misc":{"Arvioitu lukuaika":"1 minuutti"},"schema":{"@context":"https:\/\/schema.org","@graph":[{"@type":"WebPage","@id":"https:\/\/rotary.fi\/d1410\/kansainvalinen-toiminta\/","url":"https:\/\/rotary.fi\/d1410\/kansainvalinen-toiminta\/","name":"Kansainv\u00e4linen toiminta-Internationell verksamhet-International Activities - Piiri 1410","isPartOf":{"@id":"https:\/\/rotary.fi\/d1410\/#website"},"datePublished":"2022-06-30T17:10:21+00:00","dateModified":"2025-06-04T17:19:38+00:00","breadcrumb":{"@id":"https:\/\/rotary.fi\/d1410\/kansainvalinen-toiminta\/#breadcrumb"},"inLanguage":"fi","potentialAction":[{"@type":"ReadAction","target":["https:\/\/rotary.fi\/d1410\/kansainvalinen-toiminta\/"]}]},{"@type":"BreadcrumbList","@id":"https:\/\/rotary.fi\/d1410\/kansainvalinen-toiminta\/#breadcrumb","itemListElement":[{"@type":"ListItem","position":1,"name":"Home","item":"https:\/\/rotary.fi\/d1410\/"},{"@type":"ListItem","position":2,"name":"Kansainv\u00e4linen toiminta-Internationell verksamhet-International Activities"}]},{"@type":"WebSite","@id":"https:\/\/rotary.fi\/d1410\/#website","url":"https:\/\/rotary.fi\/d1410\/","name":"Piiri 1410","description":"Suomen Rotary","potentialAction":[{"@type":"SearchAction","target":{"@type":"EntryPoint","urlTemplate":"https:\/\/rotary.fi\/d1410\/?s={search_term_string}"},"query-input":{"@type":"PropertyValueSpecification","valueRequired":true,"valueName":"search_term_string"}}],"inLanguage":"fi"}]}},"lang":"fi","translations":{"fi":5209},"pll_sync_post":[],"_links":{"self":[{"href":"https:\/\/rotary.fi\/d1410\/wp-json\/wp\/v2\/pages\/5209","targetHints":{"allow":["GET"]}}],"collection":[{"href":"https:\/\/rotary.fi\/d1410\/wp-json\/wp\/v2\/pages"}],"about":[{"href":"https:\/\/rotary.fi\/d1410\/wp-json\/wp\/v2\/types\/page"}],"author":[{"embeddable":true,"href":"https:\/\/rotary.fi\/d1410\/wp-json\/wp\/v2\/users\/384"}],"replies":[{"embeddable":true,"href":"https:\/\/rotary.fi\/d1410\/wp-json\/wp\/v2\/comments?post=5209"}],"version-history":[{"count":5,"href":"https:\/\/rotary.fi\/d1410\/wp-json\/wp\/v2\/pages\/5209\/revisions"}],"predecessor-version":[{"id":8388,"href":"https:\/\/rotary.fi\/d1410\/wp-json\/wp\/v2\/pages\/5209\/revisions\/8388"}],"wp:attachment":[{"href":"https:\/\/rotary.fi\/d1410\/wp-json\/wp\/v2\/media?parent=5209"}],"curies":[{"name":"wp","href":"https:\/\/api.w.org\/{rel}","templated":true}]}}