{"id":5113,"date":"2022-05-24T18:19:31","date_gmt":"2022-05-24T16:19:31","guid":{"rendered":"https:\/\/rotary.fi\/d1410\/?page_id=5113"},"modified":"2023-05-24T17:49:28","modified_gmt":"2023-05-24T15:49:28","slug":"jasenyyspodi","status":"publish","type":"page","link":"https:\/\/rotary.fi\/d1410\/jasenyyspodi\/","title":{"rendered":"J\u00e4senyyspodi"},"content":{"rendered":"<p>[et_pb_section fb_built=&#8221;1&#8243; admin_label=&#8221;Kuva&#8221; module_class=&#8221;jumbotron-page&#8221; _builder_version=&#8221;4.17.4&#8243; background_image=&#8221;https:\/\/rotary.fi\/d1410\/wp-content\/uploads\/sites\/215\/2022\/08\/podcast-logo-ja-kuuloke-2-2.png&#8221; global_colors_info=&#8221;{}&#8221;][et_pb_row module_class=&#8221; et_pb_row_fullwidth et_pb_row_fullwidth&#8221; _builder_version=&#8221;4.16&#8243; width=&#8221;89%&#8221; width_tablet=&#8221;80%&#8221; width_phone=&#8221;&#8221; width_last_edited=&#8221;on|desktop&#8221; max_width=&#8221;89%&#8221; max_width_tablet=&#8221;80%&#8221; max_width_phone=&#8221;&#8221; max_width_last_edited=&#8221;on|desktop&#8221; make_fullwidth=&#8221;on&#8221; global_colors_info=&#8221;{}&#8221;][et_pb_column type=&#8221;4_4&#8243; _builder_version=&#8221;4.16&#8243; custom_padding=&#8221;|||&#8221; global_colors_info=&#8221;{}&#8221; custom_padding__hover=&#8221;|||&#8221;][et_pb_text admin_label=&#8221;Otsikko&#8221; _builder_version=&#8221;4.17.4&#8243; text_orientation=&#8221;center&#8221; background_layout=&#8221;dark&#8221; z_index_tablet=&#8221;500&#8243; text_text_shadow_horizontal_length_tablet=&#8221;0px&#8221; text_text_shadow_vertical_length_tablet=&#8221;0px&#8221; text_text_shadow_blur_strength_tablet=&#8221;1px&#8221; link_text_shadow_horizontal_length_tablet=&#8221;0px&#8221; link_text_shadow_vertical_length_tablet=&#8221;0px&#8221; link_text_shadow_blur_strength_tablet=&#8221;1px&#8221; ul_text_shadow_horizontal_length_tablet=&#8221;0px&#8221; ul_text_shadow_vertical_length_tablet=&#8221;0px&#8221; ul_text_shadow_blur_strength_tablet=&#8221;1px&#8221; ol_text_shadow_horizontal_length_tablet=&#8221;0px&#8221; ol_text_shadow_vertical_length_tablet=&#8221;0px&#8221; ol_text_shadow_blur_strength_tablet=&#8221;1px&#8221; quote_text_shadow_horizontal_length_tablet=&#8221;0px&#8221; quote_text_shadow_vertical_length_tablet=&#8221;0px&#8221; quote_text_shadow_blur_strength_tablet=&#8221;1px&#8221; header_text_shadow_horizontal_length_tablet=&#8221;0px&#8221; header_text_shadow_vertical_length_tablet=&#8221;0px&#8221; header_text_shadow_blur_strength_tablet=&#8221;1px&#8221; header_2_text_shadow_horizontal_length_tablet=&#8221;0px&#8221; header_2_text_shadow_vertical_length_tablet=&#8221;0px&#8221; header_2_text_shadow_blur_strength_tablet=&#8221;1px&#8221; header_3_text_shadow_horizontal_length_tablet=&#8221;0px&#8221; header_3_text_shadow_vertical_length_tablet=&#8221;0px&#8221; header_3_text_shadow_blur_strength_tablet=&#8221;1px&#8221; header_4_text_shadow_horizontal_length_tablet=&#8221;0px&#8221; header_4_text_shadow_vertical_length_tablet=&#8221;0px&#8221; header_4_text_shadow_blur_strength_tablet=&#8221;1px&#8221; header_5_text_shadow_horizontal_length_tablet=&#8221;0px&#8221; header_5_text_shadow_vertical_length_tablet=&#8221;0px&#8221; header_5_text_shadow_blur_strength_tablet=&#8221;1px&#8221; header_6_text_shadow_horizontal_length_tablet=&#8221;0px&#8221; header_6_text_shadow_vertical_length_tablet=&#8221;0px&#8221; header_6_text_shadow_blur_strength_tablet=&#8221;1px&#8221; box_shadow_horizontal_tablet=&#8221;0px&#8221; box_shadow_vertical_tablet=&#8221;0px&#8221; box_shadow_blur_tablet=&#8221;40px&#8221; box_shadow_spread_tablet=&#8221;0px&#8221; global_colors_info=&#8221;{}&#8221;][\/et_pb_text][\/et_pb_column][\/et_pb_row][\/et_pb_section][et_pb_section fb_built=&#8221;1&#8243; module_class=&#8221;sisaltoalue_perus&#8221; _builder_version=&#8221;4.16&#8243; background_size=&#8221;initial&#8221; background_position=&#8221;top_left&#8221; background_repeat=&#8221;repeat&#8221; global_colors_info=&#8221;{}&#8221;][et_pb_row custom_padding_last_edited=&#8221;on|phone&#8221; _builder_version=&#8221;4.16&#8243; width=&#8221;74.6%&#8221; custom_padding_tablet=&#8221;&#8221; custom_padding_phone=&#8221;&#8221; global_colors_info=&#8221;{}&#8221;][et_pb_column type=&#8221;4_4&#8243; _builder_version=&#8221;4.16&#8243; custom_padding=&#8221;|||&#8221; global_colors_info=&#8221;{}&#8221; custom_padding__hover=&#8221;|||&#8221;][et_pb_text _builder_version=&#8221;4.17.4&#8243; z_index_tablet=&#8221;500&#8243; text_text_shadow_horizontal_length_tablet=&#8221;0px&#8221; text_text_shadow_vertical_length_tablet=&#8221;0px&#8221; text_text_shadow_blur_strength_tablet=&#8221;1px&#8221; link_text_shadow_horizontal_length_tablet=&#8221;0px&#8221; link_text_shadow_vertical_length_tablet=&#8221;0px&#8221; link_text_shadow_blur_strength_tablet=&#8221;1px&#8221; ul_text_shadow_horizontal_length_tablet=&#8221;0px&#8221; ul_text_shadow_vertical_length_tablet=&#8221;0px&#8221; ul_text_shadow_blur_strength_tablet=&#8221;1px&#8221; ol_text_shadow_horizontal_length_tablet=&#8221;0px&#8221; ol_text_shadow_vertical_length_tablet=&#8221;0px&#8221; ol_text_shadow_blur_strength_tablet=&#8221;1px&#8221; quote_text_shadow_horizontal_length_tablet=&#8221;0px&#8221; quote_text_shadow_vertical_length_tablet=&#8221;0px&#8221; quote_text_shadow_blur_strength_tablet=&#8221;1px&#8221; header_text_shadow_horizontal_length_tablet=&#8221;0px&#8221; header_text_shadow_vertical_length_tablet=&#8221;0px&#8221; header_text_shadow_blur_strength_tablet=&#8221;1px&#8221; header_2_text_shadow_horizontal_length_tablet=&#8221;0px&#8221; header_2_text_shadow_vertical_length_tablet=&#8221;0px&#8221; header_2_text_shadow_blur_strength_tablet=&#8221;1px&#8221; header_3_text_shadow_horizontal_length_tablet=&#8221;0px&#8221; header_3_text_shadow_vertical_length_tablet=&#8221;0px&#8221; header_3_text_shadow_blur_strength_tablet=&#8221;1px&#8221; header_4_text_shadow_horizontal_length_tablet=&#8221;0px&#8221; header_4_text_shadow_vertical_length_tablet=&#8221;0px&#8221; header_4_text_shadow_blur_strength_tablet=&#8221;1px&#8221; header_5_text_shadow_horizontal_length_tablet=&#8221;0px&#8221; header_5_text_shadow_vertical_length_tablet=&#8221;0px&#8221; header_5_text_shadow_blur_strength_tablet=&#8221;1px&#8221; header_6_text_shadow_horizontal_length_tablet=&#8221;0px&#8221; header_6_text_shadow_vertical_length_tablet=&#8221;0px&#8221; header_6_text_shadow_blur_strength_tablet=&#8221;1px&#8221; box_shadow_horizontal_tablet=&#8221;0px&#8221; box_shadow_vertical_tablet=&#8221;0px&#8221; box_shadow_blur_tablet=&#8221;40px&#8221; box_shadow_spread_tablet=&#8221;0px&#8221; global_colors_info=&#8221;{}&#8221;]<\/p>\n<p><strong>_Jakso 1 &#8211; Imagine Rotary _ Syyskuu 2022<\/strong><\/p>\n<p>J\u00e4senyyspodin ensimm\u00e4isen jakson &#8211; Imagine Rotary, p\u00e4\u00e4set kuuntelemaan t\u00e4st\u00e4 linkist\u00e4 <a href=\"https:\/\/youtu.be\/8ZcPnIEG8vk\">https:\/\/youtu.be\/8ZcPnIEG8vk<\/a>\u00a0<\/p>\n<p>&nbsp;<\/p>\n<p><strong>Jakso 2 \u2013 Rotary on hyv\u00e4ntekev\u00e4isyysj\u00e4rjest\u00f6 &#8211; vai onko?\u00a0 _ Syyskuu 2022<\/strong><\/p>\n<p>J\u00e4senyyspodin toisen jakson \u2013 Rotary on hyv\u00e4ntekev\u00e4isyysj\u00e4rjest\u00f6 &#8211; vai onko?, p\u00e4\u00e4set kuuntelemaan t\u00e4st\u00e4 linkist\u00e4 <a href=\"https:\/\/youtu.be\/YD8C5zdLmgE\u00a0\">https:\/\/youtu.be\/YD8C5zdLmgE\u00a0<\/a><\/p>\n<p>&nbsp;<\/p>\n<p><strong>Jakso 3 \u2013 Monimuotoinen klubi\u00a0 _ Lokakuu 2022<\/strong><\/p>\n<p>J\u00e4senyyspodin kolmannen jakson \u2013 Monimuotoinen klubi, p\u00e4\u00e4set kuuntelemaan t\u00e4st\u00e4 linkist\u00e4 <a href=\"https:\/\/youtu.be\/Ux1o5C_Fr5w\">Jakso 3 (EN \/ fi \/ sv) \u2013 DEI _ Monimuotoinen klubi<\/a><\/p>\n<p>&nbsp;<\/p>\n<p><strong>Jakso 4 &#8211; Milleniaalit ja ruuhkavuodet &#8211; haasteena aika _ Marraskuu 2022\u00a0<\/strong><\/p>\n<p>J\u00e4senyyspodin nelj\u00e4nnen jakson \u2013 Milleniaalit ja ruuhkavuodet &#8211; haasteena aika, p\u00e4\u00e4set kuuntelemaan t\u00e4st\u00e4 linkist\u00e4 <a href=\"https:\/\/youtu.be\/M95KQz6UfCs\">https:\/\/youtu.be\/M95KQz6UfCs<\/a><\/p>\n<p>&nbsp;<\/p>\n<p><strong>Jakso 5 &#8211; Mik\u00e4 ihmeen viestint\u00e4? _ Tammikuu 2023<\/strong><\/p>\n<p>J\u00e4senyyspodin viidennen jakson &#8211; Mik\u00e4 ihmeen viestint\u00e4?, p\u00e4\u00e4set kuuntelemaan t\u00e4st\u00e4 linkist\u00e4<strong><\/strong><\/p>\n<p><a href=\"https:\/\/www.youtube.com\/watch?v=qq6eh1RSnwY\">https:\/\/www.youtube.com\/watch?v=qq6eh1RSnwY<\/a>\u00a0<\/p>\n<p>&nbsp;<\/p>\n<p><strong>Jakso 6 &#8211;\u00a0 Kansainv\u00e4lisyys luo mahdollisuuksia _ Helmikuu 2023<\/strong><\/p>\n<p><strong><\/strong><\/p>\n<p>J\u00e4senyyspodin kuudennen jakson &#8211; Kansainv\u00e4lisyys luo mahdollisuuksia, p\u00e4\u00e4set kuuntelemaan t\u00e4st\u00e4 linkist\u00e4<\/p>\n<p><a href=\"https:\/\/www.youtube.com\/watch?v=psiPrjcxmvI\">https:\/\/www.youtube.com\/watch?v=psiPrjcxmvl\u00a0<\/a><\/p>\n<p>&nbsp;<\/p>\n<p><strong>Jakso 7 &#8211; Toimintaa ilon kautta _ Maaliskuu 2023<\/strong><\/p>\n<p>J\u00e4senyyspodin seitsem\u00e4nnen jakson &#8211; Toimintaa ilon kautta, p\u00e4\u00e4set kuuntelemaan t\u00e4st\u00e4 linkist\u00e4<\/p>\n<p><a href=\"https:\/\/www.youtube.com\/watch?v=385xsHOhDp4\">https:\/\/www.youtube.com\/watch?v=385xsHOhDp4<\/a>\u00a0<\/p>\n<p>&nbsp;<\/p>\n<p><strong>Jakso 8 &#8211; Nuorisotoiminta &#8211; mit\u00e4 ja miksi?_Toukokuu 2023<\/strong><\/p>\n<p><strong><\/strong><\/p>\n<p>J\u00e4senyyspodin viimeisen eli kahdeksannen jakson &#8211; Nuorisotoiminta &#8211; mit\u00e4 ja miksi?, p\u00e4\u00e4set kuuntelemaan t\u00e4st\u00e4 linkist\u00e4<\/p>\n<p><a href=\"https:\/\/youtu.be\/a2EEL2FO880\">https:\/\/youtu.be\/a2EEL2FO880<\/a><\/p>\n<p>&nbsp;<\/p>\n<p>&nbsp;<\/p>\n<p>&nbsp;<\/p>\n<p><strong><\/strong><\/p>\n<p>&nbsp;<\/p>\n<blockquote><\/blockquote>\n<blockquote><\/blockquote>\n<p>[\/et_pb_text][\/et_pb_column][\/et_pb_row][\/et_pb_section]<\/p>\n","protected":false},"excerpt":{"rendered":"<p>_Jakso 1 &#8211; Imagine Rotary _ Syyskuu 2022 J\u00e4senyyspodin ensimm\u00e4isen jakson &#8211; Imagine Rotary, p\u00e4\u00e4set kuuntelemaan t\u00e4st\u00e4 linkist\u00e4 https:\/\/youtu.be\/8ZcPnIEG8vk\u00a0 &nbsp; Jakso 2 \u2013 Rotary on hyv\u00e4ntekev\u00e4isyysj\u00e4rjest\u00f6 &#8211; vai onko?\u00a0 _ Syyskuu 2022 J\u00e4senyyspodin toisen jakson \u2013 Rotary on hyv\u00e4ntekev\u00e4isyysj\u00e4rjest\u00f6 &#8211; vai onko?, p\u00e4\u00e4set kuuntelemaan t\u00e4st\u00e4 linkist\u00e4 https:\/\/youtu.be\/YD8C5zdLmgE\u00a0 &nbsp; Jakso 3 \u2013 Monimuotoinen klubi\u00a0 _ Lokakuu [&hellip;]<\/p>\n","protected":false},"author":384,"featured_media":5426,"parent":0,"menu_order":2,"comment_status":"closed","ping_status":"closed","template":"","meta":{"_acf_changed":false,"_et_pb_use_builder":"on","_et_pb_old_content":"","_et_gb_content_width":"","footnotes":""},"class_list":["post-5113","page","type-page","status-publish","has-post-thumbnail","hentry"],"acf":[],"yoast_head":"<!-- This site is optimized with the Yoast SEO plugin v27.4 - https:\/\/yoast.com\/product\/yoast-seo-wordpress\/ -->\n<title>J\u00e4senyyspodi - Piiri 1410<\/title>\n<meta name=\"robots\" content=\"index, follow, max-snippet:-1, max-image-preview:large, max-video-preview:-1\" \/>\n<link rel=\"canonical\" href=\"https:\/\/rotary.fi\/d1410\/jasenyyspodi\/\" \/>\n<meta property=\"og:locale\" content=\"fi_FI\" \/>\n<meta property=\"og:type\" content=\"article\" \/>\n<meta property=\"og:title\" content=\"J\u00e4senyyspodi - Piiri 1410\" \/>\n<meta property=\"og:description\" content=\"_Jakso 1 - Imagine Rotary _ Syyskuu 2022 J\u00e4senyyspodin ensimm\u00e4isen jakson - Imagine Rotary, p\u00e4\u00e4set kuuntelemaan t\u00e4st\u00e4 linkist\u00e4 https:\/\/youtu.be\/8ZcPnIEG8vk\u00a0 &nbsp; Jakso 2 \u2013 Rotary on hyv\u00e4ntekev\u00e4isyysj\u00e4rjest\u00f6 - vai onko?\u00a0 _ Syyskuu 2022 J\u00e4senyyspodin toisen jakson \u2013 Rotary on hyv\u00e4ntekev\u00e4isyysj\u00e4rjest\u00f6 - vai onko?, p\u00e4\u00e4set kuuntelemaan t\u00e4st\u00e4 linkist\u00e4 https:\/\/youtu.be\/YD8C5zdLmgE\u00a0 &nbsp; Jakso 3 \u2013 Monimuotoinen klubi\u00a0 _ Lokakuu [&hellip;]\" \/>\n<meta property=\"og:url\" content=\"https:\/\/rotary.fi\/d1410\/jasenyyspodi\/\" \/>\n<meta property=\"og:site_name\" content=\"Piiri 1410\" \/>\n<meta property=\"article:publisher\" content=\"https:\/\/www.facebook.com\/rotary\/\" \/>\n<meta property=\"article:modified_time\" content=\"2023-05-24T15:49:28+00:00\" \/>\n<meta property=\"og:image\" content=\"https:\/\/rotary.fi\/d1410\/wp-content\/uploads\/sites\/215\/2022\/08\/podcast-taustakuva.png\" \/>\n\t<meta property=\"og:image:width\" content=\"1200\" \/>\n\t<meta property=\"og:image:height\" content=\"800\" \/>\n\t<meta property=\"og:image:type\" content=\"image\/png\" \/>\n<meta name=\"twitter:card\" content=\"summary_large_image\" \/>\n<meta name=\"twitter:label1\" content=\"Arvioitu lukuaika\" \/>\n\t<meta name=\"twitter:data1\" content=\"2 minuuttia\" \/>\n<script type=\"application\/ld+json\" class=\"yoast-schema-graph\">{\"@context\":\"https:\\\/\\\/schema.org\",\"@graph\":[{\"@type\":\"WebPage\",\"@id\":\"https:\\\/\\\/rotary.fi\\\/d1410\\\/jasenyyspodi\\\/\",\"url\":\"https:\\\/\\\/rotary.fi\\\/d1410\\\/jasenyyspodi\\\/\",\"name\":\"J\u00e4senyyspodi - Piiri 1410\",\"isPartOf\":{\"@id\":\"https:\\\/\\\/rotary.fi\\\/d1410\\\/#website\"},\"primaryImageOfPage\":{\"@id\":\"https:\\\/\\\/rotary.fi\\\/d1410\\\/jasenyyspodi\\\/#primaryimage\"},\"image\":{\"@id\":\"https:\\\/\\\/rotary.fi\\\/d1410\\\/jasenyyspodi\\\/#primaryimage\"},\"thumbnailUrl\":\"https:\\\/\\\/rotary.fi\\\/d1410\\\/wp-content\\\/uploads\\\/sites\\\/215\\\/2022\\\/08\\\/podcast-taustakuva.png\",\"datePublished\":\"2022-05-24T16:19:31+00:00\",\"dateModified\":\"2023-05-24T15:49:28+00:00\",\"breadcrumb\":{\"@id\":\"https:\\\/\\\/rotary.fi\\\/d1410\\\/jasenyyspodi\\\/#breadcrumb\"},\"inLanguage\":\"fi\",\"potentialAction\":[{\"@type\":\"ReadAction\",\"target\":[\"https:\\\/\\\/rotary.fi\\\/d1410\\\/jasenyyspodi\\\/\"]}]},{\"@type\":\"ImageObject\",\"inLanguage\":\"fi\",\"@id\":\"https:\\\/\\\/rotary.fi\\\/d1410\\\/jasenyyspodi\\\/#primaryimage\",\"url\":\"https:\\\/\\\/rotary.fi\\\/d1410\\\/wp-content\\\/uploads\\\/sites\\\/215\\\/2022\\\/08\\\/podcast-taustakuva.png\",\"contentUrl\":\"https:\\\/\\\/rotary.fi\\\/d1410\\\/wp-content\\\/uploads\\\/sites\\\/215\\\/2022\\\/08\\\/podcast-taustakuva.png\",\"width\":1200,\"height\":800},{\"@type\":\"BreadcrumbList\",\"@id\":\"https:\\\/\\\/rotary.fi\\\/d1410\\\/jasenyyspodi\\\/#breadcrumb\",\"itemListElement\":[{\"@type\":\"ListItem\",\"position\":1,\"name\":\"Home\",\"item\":\"https:\\\/\\\/rotary.fi\\\/d1410\\\/\"},{\"@type\":\"ListItem\",\"position\":2,\"name\":\"J\u00e4senyyspodi\"}]},{\"@type\":\"WebSite\",\"@id\":\"https:\\\/\\\/rotary.fi\\\/d1410\\\/#website\",\"url\":\"https:\\\/\\\/rotary.fi\\\/d1410\\\/\",\"name\":\"Piiri 1410\",\"description\":\"Suomen Rotary\",\"potentialAction\":[{\"@type\":\"SearchAction\",\"target\":{\"@type\":\"EntryPoint\",\"urlTemplate\":\"https:\\\/\\\/rotary.fi\\\/d1410\\\/?s={search_term_string}\"},\"query-input\":{\"@type\":\"PropertyValueSpecification\",\"valueRequired\":true,\"valueName\":\"search_term_string\"}}],\"inLanguage\":\"fi\"}]}<\/script>\n<!-- \/ Yoast SEO plugin. -->","yoast_head_json":{"title":"J\u00e4senyyspodi - Piiri 1410","robots":{"index":"index","follow":"follow","max-snippet":"max-snippet:-1","max-image-preview":"max-image-preview:large","max-video-preview":"max-video-preview:-1"},"canonical":"https:\/\/rotary.fi\/d1410\/jasenyyspodi\/","og_locale":"fi_FI","og_type":"article","og_title":"J\u00e4senyyspodi - Piiri 1410","og_description":"_Jakso 1 - Imagine Rotary _ Syyskuu 2022 J\u00e4senyyspodin ensimm\u00e4isen jakson - Imagine Rotary, p\u00e4\u00e4set kuuntelemaan t\u00e4st\u00e4 linkist\u00e4 https:\/\/youtu.be\/8ZcPnIEG8vk\u00a0 &nbsp; Jakso 2 \u2013 Rotary on hyv\u00e4ntekev\u00e4isyysj\u00e4rjest\u00f6 - vai onko?\u00a0 _ Syyskuu 2022 J\u00e4senyyspodin toisen jakson \u2013 Rotary on hyv\u00e4ntekev\u00e4isyysj\u00e4rjest\u00f6 - vai onko?, p\u00e4\u00e4set kuuntelemaan t\u00e4st\u00e4 linkist\u00e4 https:\/\/youtu.be\/YD8C5zdLmgE\u00a0 &nbsp; Jakso 3 \u2013 Monimuotoinen klubi\u00a0 _ Lokakuu [&hellip;]","og_url":"https:\/\/rotary.fi\/d1410\/jasenyyspodi\/","og_site_name":"Piiri 1410","article_publisher":"https:\/\/www.facebook.com\/rotary\/","article_modified_time":"2023-05-24T15:49:28+00:00","og_image":[{"width":1200,"height":800,"url":"https:\/\/rotary.fi\/d1410\/wp-content\/uploads\/sites\/215\/2022\/08\/podcast-taustakuva.png","type":"image\/png"}],"twitter_card":"summary_large_image","twitter_misc":{"Arvioitu lukuaika":"2 minuuttia"},"schema":{"@context":"https:\/\/schema.org","@graph":[{"@type":"WebPage","@id":"https:\/\/rotary.fi\/d1410\/jasenyyspodi\/","url":"https:\/\/rotary.fi\/d1410\/jasenyyspodi\/","name":"J\u00e4senyyspodi - Piiri 1410","isPartOf":{"@id":"https:\/\/rotary.fi\/d1410\/#website"},"primaryImageOfPage":{"@id":"https:\/\/rotary.fi\/d1410\/jasenyyspodi\/#primaryimage"},"image":{"@id":"https:\/\/rotary.fi\/d1410\/jasenyyspodi\/#primaryimage"},"thumbnailUrl":"https:\/\/rotary.fi\/d1410\/wp-content\/uploads\/sites\/215\/2022\/08\/podcast-taustakuva.png","datePublished":"2022-05-24T16:19:31+00:00","dateModified":"2023-05-24T15:49:28+00:00","breadcrumb":{"@id":"https:\/\/rotary.fi\/d1410\/jasenyyspodi\/#breadcrumb"},"inLanguage":"fi","potentialAction":[{"@type":"ReadAction","target":["https:\/\/rotary.fi\/d1410\/jasenyyspodi\/"]}]},{"@type":"ImageObject","inLanguage":"fi","@id":"https:\/\/rotary.fi\/d1410\/jasenyyspodi\/#primaryimage","url":"https:\/\/rotary.fi\/d1410\/wp-content\/uploads\/sites\/215\/2022\/08\/podcast-taustakuva.png","contentUrl":"https:\/\/rotary.fi\/d1410\/wp-content\/uploads\/sites\/215\/2022\/08\/podcast-taustakuva.png","width":1200,"height":800},{"@type":"BreadcrumbList","@id":"https:\/\/rotary.fi\/d1410\/jasenyyspodi\/#breadcrumb","itemListElement":[{"@type":"ListItem","position":1,"name":"Home","item":"https:\/\/rotary.fi\/d1410\/"},{"@type":"ListItem","position":2,"name":"J\u00e4senyyspodi"}]},{"@type":"WebSite","@id":"https:\/\/rotary.fi\/d1410\/#website","url":"https:\/\/rotary.fi\/d1410\/","name":"Piiri 1410","description":"Suomen Rotary","potentialAction":[{"@type":"SearchAction","target":{"@type":"EntryPoint","urlTemplate":"https:\/\/rotary.fi\/d1410\/?s={search_term_string}"},"query-input":{"@type":"PropertyValueSpecification","valueRequired":true,"valueName":"search_term_string"}}],"inLanguage":"fi"}]}},"lang":"fi","translations":{"fi":5113},"pll_sync_post":[],"_links":{"self":[{"href":"https:\/\/rotary.fi\/d1410\/wp-json\/wp\/v2\/pages\/5113","targetHints":{"allow":["GET"]}}],"collection":[{"href":"https:\/\/rotary.fi\/d1410\/wp-json\/wp\/v2\/pages"}],"about":[{"href":"https:\/\/rotary.fi\/d1410\/wp-json\/wp\/v2\/types\/page"}],"author":[{"embeddable":true,"href":"https:\/\/rotary.fi\/d1410\/wp-json\/wp\/v2\/users\/384"}],"replies":[{"embeddable":true,"href":"https:\/\/rotary.fi\/d1410\/wp-json\/wp\/v2\/comments?post=5113"}],"version-history":[{"count":9,"href":"https:\/\/rotary.fi\/d1410\/wp-json\/wp\/v2\/pages\/5113\/revisions"}],"predecessor-version":[{"id":6049,"href":"https:\/\/rotary.fi\/d1410\/wp-json\/wp\/v2\/pages\/5113\/revisions\/6049"}],"wp:featuredmedia":[{"embeddable":true,"href":"https:\/\/rotary.fi\/d1410\/wp-json\/wp\/v2\/media\/5426"}],"wp:attachment":[{"href":"https:\/\/rotary.fi\/d1410\/wp-json\/wp\/v2\/media?parent=5113"}],"curies":[{"name":"wp","href":"https:\/\/api.w.org\/{rel}","templated":true}]}}