{"id":497,"date":"2018-04-06T14:48:45","date_gmt":"2018-04-06T12:48:45","guid":{"rendered":"http:\/\/rotary.fi\/piirisivusto\/?page_id=497"},"modified":"2023-08-01T08:30:37","modified_gmt":"2023-08-01T06:30:37","slug":"nuorisovaihto","status":"publish","type":"page","link":"https:\/\/rotary.fi\/d1410\/mita-teemme\/nuorisovaihto\/","title":{"rendered":"Nuorisovaihto"},"content":{"rendered":"<p>[et_pb_section fb_built=&#8221;1&#8243; module_class=&#8221;jumbotron-page&#8221; _builder_version=&#8221;4.16&#8243; background_image=&#8221;https:\/\/rotary.fi\/d1410\/wp-content\/uploads\/sites\/215\/2019\/03\/rotary_klubit_alasivu_paakuva_7.jpg&#8221; global_colors_info=&#8221;{}&#8221;][et_pb_row module_class=&#8221; et_pb_row_fullwidth&#8221; _builder_version=&#8221;4.16&#8243; width=&#8221;89%&#8221; width_tablet=&#8221;80%&#8221; width_phone=&#8221;&#8221; width_last_edited=&#8221;on|desktop&#8221; max_width=&#8221;89%&#8221; max_width_tablet=&#8221;80%&#8221; max_width_phone=&#8221;&#8221; max_width_last_edited=&#8221;on|desktop&#8221; make_fullwidth=&#8221;on&#8221; global_colors_info=&#8221;{}&#8221;][et_pb_column type=&#8221;4_4&#8243; _builder_version=&#8221;4.16&#8243; custom_padding=&#8221;|||&#8221; global_colors_info=&#8221;{}&#8221; custom_padding__hover=&#8221;|||&#8221;][et_pb_text admin_label=&#8221;Nuorisovaihto -otsikko&#8221; _builder_version=&#8221;4.16&#8243; text_orientation=&#8221;center&#8221; background_layout=&#8221;dark&#8221; global_colors_info=&#8221;{}&#8221;]<\/p>\n<h1>Nuorisovaihto<\/h1>\n<p>[\/et_pb_text][\/et_pb_column][\/et_pb_row][\/et_pb_section][et_pb_section fb_built=&#8221;1&#8243; module_class=&#8221;sisaltoalue_perus&#8221; _builder_version=&#8221;4.16&#8243; custom_margin=&#8221;||40px|&#8221; global_colors_info=&#8221;{}&#8221;][et_pb_row custom_padding_last_edited=&#8221;on|phone&#8221; _builder_version=&#8221;4.16&#8243; custom_padding_tablet=&#8221;&#8221; custom_padding_phone=&#8221;&#8221; global_colors_info=&#8221;{}&#8221;][et_pb_column type=&#8221;4_4&#8243; _builder_version=&#8221;4.16&#8243; custom_padding=&#8221;|||&#8221; global_colors_info=&#8221;{}&#8221; custom_padding__hover=&#8221;|||&#8221;][et_pb_text admin_label=&#8221;Ulkomaille kouluvuodeksi, kes\u00e4ksi vai muutaman viikon teemaleirille? -otsikko&#8221; _builder_version=&#8221;4.16&#8243; text_orientation=&#8221;center&#8221; global_colors_info=&#8221;{}&#8221;]<\/p>\n<h1>Ulkomaille kouluvuodeksi, kes\u00e4ksi vai muutaman viikon teemaleirille?<\/h1>\n<p>[\/et_pb_text][et_pb_text _builder_version=&#8221;4.16&#8243; global_colors_info=&#8221;{}&#8221;]<\/p>\n<p>&nbsp;<\/p>\n<p>Rotarien yksi vaikuttavimmista toiminnoista on kansainv\u00e4linen nuorisovaihto. Vuosittain yli 8000:lle nuorelle maailmassa tarjoutuu mahdollisuus tutustua rotaryj\u00e4rjest\u00f6n v\u00e4lityksell\u00e4 vieraaseen kulttuuriin muutaman viikon, kuukauden tai kokonaisen kouluvuoden ajan vuosivaihdon, kes\u00e4vaihdon tai kes\u00e4leirien muodossa.<\/p>\n<p>Rotaryn nuorisovaihto-ohjelma on turvallinen ja edullinen vaihtokokonaisuus. Turvallisuus perustuu ohjelmaan osallistuvien perusteelliseen koulutukseen sek\u00e4 vapaaehtoistoimijoista rakentuvaan kotimaasta kohdemaahan ulottuvaan turvaverkkoon. Is\u00e4nt\u00e4perheet ja rotaryklubit eiv\u00e4t saa taloudellista korvausta oppilaan yll\u00e4pidosta.<\/p>\n<p><strong>Vuosivaihdossa<\/strong> nuori k\u00e4y lukuvuoden paikallista koulua kohdemaassa, asuu tyypillisesti kolmessa is\u00e4nt\u00e4perheess\u00e4 ja osallistuu is\u00e4nt\u00e4klubin ja rotarypiirin aktiviteetteihin. Vuoden aikana nuori oppii kohdemaan kielen, tutustuu maan kulttuuriin ja tapoihin, sek\u00e4 solmii el\u00e4m\u00e4n mittaisia yst\u00e4vyyssuhteita niin is\u00e4nt\u00e4perheen j\u00e4seniin, paikallisiin nuoriin, rotareihin kuin ymp\u00e4ri maailmaa tulleisiin muihin vaihto-oppilaisiin, joita tapaa vaihtovuoden aikana.<\/p>\n<p><strong>Kes\u00e4vaihdossa<\/strong> nuori l\u00e4htee ulkomaisen is\u00e4nt\u00e4perheen vieraaksi noin kuukaudeksi ja palatessaan tuo mukanaan is\u00e4nt\u00e4perheen nuoren omaan kotiin vastaavaksi ajaksi. Nuori tutustuu uuteen kulttuuriin ja saa k\u00e4ytt\u00e4\u00e4 oppimaansa kielitaitoa k\u00e4yt\u00e4nn\u00f6ss\u00e4. Vaihto tapahtuu koulujen kes\u00e4lomien aikaan.<\/p>\n<p><strong>Kes\u00e4leirit<\/strong> ovat kestoltaan 2-3 viikkoa ja niill\u00e4 on kullakin oma teemansa.\u00a0 Leirej\u00e4 on monenlaisia ja usein niiden teemat liittyv\u00e4t maan luontoon tai kulttuuriin.<\/p>\n<p>Haku vaihto-ohjelmiin k\u00e4ynnistyy ottamalla yhteytt\u00e4 oman paikkakunnan rotaryklubiin. L\u00f6yd\u00e4t klubien yhteystiedot t\u00e4st\u00e4: <a href=\"https:\/\/rotary.fi\/d1410\/rotarypiiri1410\/piirin-klubit\/\">Piirin klubit<\/a>\u00a0<\/p>\n<p>Lue lis\u00e4\u00e4 nuorisopalvelusta ja Rotaryn <a href=\"https:\/\/rye.fi\/\" target=\"_blank\" rel=\"noopener\">nuorisovaihdosta<\/a><\/p>\n<h4><\/h4>\n<h4>Lis\u00e4tietoja saat<\/h4>\n<p><a href=\"https:\/\/rotary.fi\/d1410\/rotarypiiri1410\/piirin-organisaatio\/nuorisovaihtokomitea\/\" target=\"_blank\" rel=\"noopener\">Piirimme nuorisovaihtokomitealta<\/a><\/p>\n<p>[\/et_pb_text][\/et_pb_column][\/et_pb_row][\/et_pb_section]<\/p>\n","protected":false},"excerpt":{"rendered":"<p>Nuorisovaihto Ulkomaille kouluvuodeksi, kes\u00e4ksi vai muutaman viikon teemaleirille?&nbsp; Rotarien yksi vaikuttavimmista toiminnoista on kansainv\u00e4linen nuorisovaihto. Vuosittain yli 8000:lle nuorelle maailmassa tarjoutuu mahdollisuus tutustua rotaryj\u00e4rjest\u00f6n v\u00e4lityksell\u00e4 vieraaseen kulttuuriin muutaman viikon, kuukauden tai kokonaisen kouluvuoden ajan vuosivaihdon, kes\u00e4vaihdon tai kes\u00e4leirien muodossa. Rotaryn nuorisovaihto-ohjelma on turvallinen ja edullinen vaihtokokonaisuus. Turvallisuus perustuu ohjelmaan osallistuvien perusteelliseen koulutukseen sek\u00e4 vapaaehtoistoimijoista rakentuvaan [&hellip;]<\/p>\n","protected":false},"author":1,"featured_media":0,"parent":656,"menu_order":2,"comment_status":"closed","ping_status":"closed","template":"","meta":{"_acf_changed":false,"_et_pb_use_builder":"on","_et_pb_old_content":"","_et_gb_content_width":"","footnotes":""},"class_list":["post-497","page","type-page","status-publish","hentry"],"acf":[],"yoast_head":"<!-- This site is optimized with the Yoast SEO plugin v27.0 - https:\/\/yoast.com\/product\/yoast-seo-wordpress\/ -->\n<title>Nuorisovaihto - Piiri 1410<\/title>\n<meta name=\"robots\" content=\"index, follow, max-snippet:-1, max-image-preview:large, max-video-preview:-1\" \/>\n<link rel=\"canonical\" href=\"https:\/\/rotary.fi\/d1410\/mita-teemme\/nuorisovaihto\/\" \/>\n<meta property=\"og:locale\" content=\"fi_FI\" \/>\n<meta property=\"og:type\" content=\"article\" \/>\n<meta property=\"og:title\" content=\"Nuorisovaihto - Piiri 1410\" \/>\n<meta property=\"og:description\" content=\"Nuorisovaihto Ulkomaille kouluvuodeksi, kes\u00e4ksi vai muutaman viikon teemaleirille?&nbsp; Rotarien yksi vaikuttavimmista toiminnoista on kansainv\u00e4linen nuorisovaihto. Vuosittain yli 8000:lle nuorelle maailmassa tarjoutuu mahdollisuus tutustua rotaryj\u00e4rjest\u00f6n v\u00e4lityksell\u00e4 vieraaseen kulttuuriin muutaman viikon, kuukauden tai kokonaisen kouluvuoden ajan vuosivaihdon, kes\u00e4vaihdon tai kes\u00e4leirien muodossa. Rotaryn nuorisovaihto-ohjelma on turvallinen ja edullinen vaihtokokonaisuus. Turvallisuus perustuu ohjelmaan osallistuvien perusteelliseen koulutukseen sek\u00e4 vapaaehtoistoimijoista rakentuvaan [&hellip;]\" \/>\n<meta property=\"og:url\" content=\"https:\/\/rotary.fi\/d1410\/mita-teemme\/nuorisovaihto\/\" \/>\n<meta property=\"og:site_name\" content=\"Piiri 1410\" \/>\n<meta property=\"article:publisher\" content=\"https:\/\/www.facebook.com\/rotary\/\" \/>\n<meta property=\"article:modified_time\" content=\"2023-08-01T06:30:37+00:00\" \/>\n<meta name=\"twitter:card\" content=\"summary_large_image\" \/>\n<meta name=\"twitter:label1\" content=\"Arvioitu lukuaika\" \/>\n\t<meta name=\"twitter:data1\" content=\"2 minuuttia\" \/>\n<script type=\"application\/ld+json\" class=\"yoast-schema-graph\">{\"@context\":\"https:\/\/schema.org\",\"@graph\":[{\"@type\":\"WebPage\",\"@id\":\"https:\/\/rotary.fi\/d1410\/mita-teemme\/nuorisovaihto\/\",\"url\":\"https:\/\/rotary.fi\/d1410\/mita-teemme\/nuorisovaihto\/\",\"name\":\"Nuorisovaihto - Piiri 1410\",\"isPartOf\":{\"@id\":\"https:\/\/rotary.fi\/d1410\/#website\"},\"datePublished\":\"2018-04-06T12:48:45+00:00\",\"dateModified\":\"2023-08-01T06:30:37+00:00\",\"breadcrumb\":{\"@id\":\"https:\/\/rotary.fi\/d1410\/mita-teemme\/nuorisovaihto\/#breadcrumb\"},\"inLanguage\":\"fi\",\"potentialAction\":[{\"@type\":\"ReadAction\",\"target\":[\"https:\/\/rotary.fi\/d1410\/mita-teemme\/nuorisovaihto\/\"]}]},{\"@type\":\"BreadcrumbList\",\"@id\":\"https:\/\/rotary.fi\/d1410\/mita-teemme\/nuorisovaihto\/#breadcrumb\",\"itemListElement\":[{\"@type\":\"ListItem\",\"position\":1,\"name\":\"Home\",\"item\":\"https:\/\/rotary.fi\/d1410\/\"},{\"@type\":\"ListItem\",\"position\":2,\"name\":\"Toiminnan painopisteet &#8211; Mit\u00e4 teemme\",\"item\":\"https:\/\/rotary.fi\/d1410\/mita-teemme\/\"},{\"@type\":\"ListItem\",\"position\":3,\"name\":\"Nuorisovaihto\"}]},{\"@type\":\"WebSite\",\"@id\":\"https:\/\/rotary.fi\/d1410\/#website\",\"url\":\"https:\/\/rotary.fi\/d1410\/\",\"name\":\"Piiri 1410\",\"description\":\"Suomen Rotary\",\"potentialAction\":[{\"@type\":\"SearchAction\",\"target\":{\"@type\":\"EntryPoint\",\"urlTemplate\":\"https:\/\/rotary.fi\/d1410\/?s={search_term_string}\"},\"query-input\":{\"@type\":\"PropertyValueSpecification\",\"valueRequired\":true,\"valueName\":\"search_term_string\"}}],\"inLanguage\":\"fi\"}]}<\/script>\n<!-- \/ Yoast SEO plugin. -->","yoast_head_json":{"title":"Nuorisovaihto - Piiri 1410","robots":{"index":"index","follow":"follow","max-snippet":"max-snippet:-1","max-image-preview":"max-image-preview:large","max-video-preview":"max-video-preview:-1"},"canonical":"https:\/\/rotary.fi\/d1410\/mita-teemme\/nuorisovaihto\/","og_locale":"fi_FI","og_type":"article","og_title":"Nuorisovaihto - Piiri 1410","og_description":"Nuorisovaihto Ulkomaille kouluvuodeksi, kes\u00e4ksi vai muutaman viikon teemaleirille?&nbsp; Rotarien yksi vaikuttavimmista toiminnoista on kansainv\u00e4linen nuorisovaihto. Vuosittain yli 8000:lle nuorelle maailmassa tarjoutuu mahdollisuus tutustua rotaryj\u00e4rjest\u00f6n v\u00e4lityksell\u00e4 vieraaseen kulttuuriin muutaman viikon, kuukauden tai kokonaisen kouluvuoden ajan vuosivaihdon, kes\u00e4vaihdon tai kes\u00e4leirien muodossa. Rotaryn nuorisovaihto-ohjelma on turvallinen ja edullinen vaihtokokonaisuus. Turvallisuus perustuu ohjelmaan osallistuvien perusteelliseen koulutukseen sek\u00e4 vapaaehtoistoimijoista rakentuvaan [&hellip;]","og_url":"https:\/\/rotary.fi\/d1410\/mita-teemme\/nuorisovaihto\/","og_site_name":"Piiri 1410","article_publisher":"https:\/\/www.facebook.com\/rotary\/","article_modified_time":"2023-08-01T06:30:37+00:00","twitter_card":"summary_large_image","twitter_misc":{"Arvioitu lukuaika":"2 minuuttia"},"schema":{"@context":"https:\/\/schema.org","@graph":[{"@type":"WebPage","@id":"https:\/\/rotary.fi\/d1410\/mita-teemme\/nuorisovaihto\/","url":"https:\/\/rotary.fi\/d1410\/mita-teemme\/nuorisovaihto\/","name":"Nuorisovaihto - Piiri 1410","isPartOf":{"@id":"https:\/\/rotary.fi\/d1410\/#website"},"datePublished":"2018-04-06T12:48:45+00:00","dateModified":"2023-08-01T06:30:37+00:00","breadcrumb":{"@id":"https:\/\/rotary.fi\/d1410\/mita-teemme\/nuorisovaihto\/#breadcrumb"},"inLanguage":"fi","potentialAction":[{"@type":"ReadAction","target":["https:\/\/rotary.fi\/d1410\/mita-teemme\/nuorisovaihto\/"]}]},{"@type":"BreadcrumbList","@id":"https:\/\/rotary.fi\/d1410\/mita-teemme\/nuorisovaihto\/#breadcrumb","itemListElement":[{"@type":"ListItem","position":1,"name":"Home","item":"https:\/\/rotary.fi\/d1410\/"},{"@type":"ListItem","position":2,"name":"Toiminnan painopisteet &#8211; Mit\u00e4 teemme","item":"https:\/\/rotary.fi\/d1410\/mita-teemme\/"},{"@type":"ListItem","position":3,"name":"Nuorisovaihto"}]},{"@type":"WebSite","@id":"https:\/\/rotary.fi\/d1410\/#website","url":"https:\/\/rotary.fi\/d1410\/","name":"Piiri 1410","description":"Suomen Rotary","potentialAction":[{"@type":"SearchAction","target":{"@type":"EntryPoint","urlTemplate":"https:\/\/rotary.fi\/d1410\/?s={search_term_string}"},"query-input":{"@type":"PropertyValueSpecification","valueRequired":true,"valueName":"search_term_string"}}],"inLanguage":"fi"}]}},"lang":"fi","translations":{"fi":497,"sv":2665,"en":2921},"pll_sync_post":[],"_links":{"self":[{"href":"https:\/\/rotary.fi\/d1410\/wp-json\/wp\/v2\/pages\/497","targetHints":{"allow":["GET"]}}],"collection":[{"href":"https:\/\/rotary.fi\/d1410\/wp-json\/wp\/v2\/pages"}],"about":[{"href":"https:\/\/rotary.fi\/d1410\/wp-json\/wp\/v2\/types\/page"}],"author":[{"embeddable":true,"href":"https:\/\/rotary.fi\/d1410\/wp-json\/wp\/v2\/users\/1"}],"replies":[{"embeddable":true,"href":"https:\/\/rotary.fi\/d1410\/wp-json\/wp\/v2\/comments?post=497"}],"version-history":[{"count":9,"href":"https:\/\/rotary.fi\/d1410\/wp-json\/wp\/v2\/pages\/497\/revisions"}],"predecessor-version":[{"id":6209,"href":"https:\/\/rotary.fi\/d1410\/wp-json\/wp\/v2\/pages\/497\/revisions\/6209"}],"up":[{"embeddable":true,"href":"https:\/\/rotary.fi\/d1410\/wp-json\/wp\/v2\/pages\/656"}],"wp:attachment":[{"href":"https:\/\/rotary.fi\/d1410\/wp-json\/wp\/v2\/media?parent=497"}],"curies":[{"name":"wp","href":"https:\/\/api.w.org\/{rel}","templated":true}]}}