{"id":4900,"date":"2022-02-22T15:34:53","date_gmt":"2022-02-22T13:34:53","guid":{"rendered":"https:\/\/rotary.fi\/d1410\/?page_id=4900"},"modified":"2022-02-22T15:34:56","modified_gmt":"2022-02-22T13:34:56","slug":"rotakids","status":"publish","type":"page","link":"https:\/\/rotary.fi\/d1410\/sv\/intresserad-av-att-bli-medlem\/rotakids\/","title":{"rendered":"RotaKids"},"content":{"rendered":"<p>[et_pb_section fb_built=&#8221;1&#8243; module_class=&#8221;jumbotron-page&#8221; _builder_version=&#8221;4.14.8&#8243; background_image=&#8221;https:\/\/rotary.fi\/d1410\/wp-content\/uploads\/sites\/215\/2022\/02\/1120345-01-muokattu.png&#8221; hover_enabled=&#8221;0&#8243; global_colors_info=&#8221;{}&#8221; sticky_enabled=&#8221;0&#8243;][et_pb_row module_class=&#8221; et_pb_row_fullwidth&#8221; _builder_version=&#8221;3.25&#8243; width=&#8221;89%&#8221; width_tablet=&#8221;80%&#8221; width_phone=&#8221;&#8221; width_last_edited=&#8221;on|desktop&#8221; max_width=&#8221;89%&#8221; max_width_tablet=&#8221;80%&#8221; max_width_phone=&#8221;&#8221; max_width_last_edited=&#8221;on|desktop&#8221; make_fullwidth=&#8221;on&#8221; global_colors_info=&#8221;{}&#8221;][et_pb_column type=&#8221;4_4&#8243; _builder_version=&#8221;3.25&#8243; custom_padding=&#8221;|||&#8221; global_colors_info=&#8221;{}&#8221; custom_padding__hover=&#8221;|||&#8221;][et_pb_text admin_label=&#8221;P\u00e4\u00e4otsikko kuvan p\u00e4\u00e4ll\u00e4&#8221; _builder_version=&#8221;4.14.8&#8243; text_orientation=&#8221;center&#8221; background_layout=&#8221;dark&#8221; hover_enabled=&#8221;0&#8243; locked=&#8221;off&#8221; collapsed=&#8221;off&#8221; global_colors_info=&#8221;{}&#8221; sticky_enabled=&#8221;0&#8243;][\/et_pb_text][\/et_pb_column][\/et_pb_row][\/et_pb_section][et_pb_section fb_built=&#8221;1&#8243; module_class=&#8221;sisaltoalue_perus&#8221; _builder_version=&#8221;3.22&#8243; custom_margin=&#8221;||40px|&#8221; hover_enabled=&#8221;0&#8243; global_colors_info=&#8221;{}&#8221; sticky_enabled=&#8221;0&#8243;][et_pb_row custom_padding_last_edited=&#8221;on|phone&#8221; _builder_version=&#8221;3.25&#8243; custom_padding_tablet=&#8221;&#8221; custom_padding_phone=&#8221;&#8221; hover_enabled=&#8221;0&#8243; global_colors_info=&#8221;{}&#8221; sticky_enabled=&#8221;0&#8243;][et_pb_column type=&#8221;4_4&#8243; _builder_version=&#8221;3.25&#8243; custom_padding=&#8221;|||&#8221; global_colors_info=&#8221;{}&#8221; custom_padding__hover=&#8221;|||&#8221;][et_pb_text admin_label=&#8221;P\u00e4\u00e4otsikko ennen sis\u00e4lt\u00f6\u00e4&#8221; _builder_version=&#8221;4.14.8&#8243; text_orientation=&#8221;center&#8221; hover_enabled=&#8221;0&#8243; global_colors_info=&#8221;{}&#8221; sticky_enabled=&#8221;0&#8243;]<\/p>\n<h1>Aktiviteter f\u00f6r barn under 12 \u00e5r<\/h1>\n<p>[\/et_pb_text][et_pb_text _builder_version=&#8221;4.14.8&#8243; hover_enabled=&#8221;0&#8243; global_colors_info=&#8221;{}&#8221; sticky_enabled=&#8221;0&#8243;]<\/p>\n<p dir=\"auto\"><img loading=\"lazy\" decoding=\"async\" class=\"aligncenter wp-image-4881 size-full\" src=\"https:\/\/rotary.fi\/d1410\/wp-content\/uploads\/sites\/215\/2022\/02\/psx-20220219-153406.jpg\" alt=\"\" width=\"2048\" height=\"1537\" srcset=\"https:\/\/rotary.fi\/d1410\/wp-content\/uploads\/sites\/215\/2022\/02\/psx-20220219-153406.jpg 2048w, https:\/\/rotary.fi\/d1410\/wp-content\/uploads\/sites\/215\/2022\/02\/psx-20220219-153406-1280x961.jpg 1280w, https:\/\/rotary.fi\/d1410\/wp-content\/uploads\/sites\/215\/2022\/02\/psx-20220219-153406-980x735.jpg 980w, https:\/\/rotary.fi\/d1410\/wp-content\/uploads\/sites\/215\/2022\/02\/psx-20220219-153406-480x360.jpg 480w\" sizes=\"(min-width: 0px) and (max-width: 480px) 480px, (min-width: 481px) and (max-width: 980px) 980px, (min-width: 981px) and (max-width: 1280px) 1280px, (min-width: 1281px) 2048px, 100vw\" \/><\/p>\n<p dir=\"auto\">\n<p>Rotaryklubbar runt om i v\u00e4rlden anordnar aktiviteter f\u00f6r barn under 12 \u00e5r. Barnaktiviteter kallas oftast f\u00f6r EarlyAct eller RotaKids.<\/p>\n<p>Syftet med verksamheten \u00e4r att ge barn en m\u00f6jlighet att p\u00e5verka och g\u00f6ra gott i sin egen livsmilj\u00f6. Teman f\u00f6r verksamheten har varit v\u00e4nskap, f\u00f6rebyggande av mobbning, sociala relationer, aktivt medborgarskap, fred, kulturell m\u00e5ngfald och milj\u00f6arbete.<\/p>\n<p>F\u00f6r att kunna implementera RotaKids verksamheten i Finland har man under v\u00e5ren 2021 grundat en multidistriktsarbetsgrupp. Gruppen har representanter fr\u00e5n alla rotarydistrikt i Finland. Syftet med arbetsgruppen har varit att f\u00f6rmedla information om RotaKids aktiviteter, uppmuntra finska rotaryklubbar att under rotary\u00e5ret 2021\u20132022 utveckla barnaktiviteter och att starta RotaKids aktiviteter.<\/p>\n<p>Den inledande formen av RotaKids-aktiviteter i Finland \u00e4r Rotakids Weekend familjel\u00e4ger som anordnas i samarbete med STEP-tr\u00e4ning. P\u00e5 l\u00e4gret kan barnen och deras f\u00f6r\u00e4ldrar l\u00e4ra k\u00e4nna Rotarys aktiviteter, f\u00e5 nya v\u00e4nner och ha roligt tillsammans.<\/p>\n<p>Det f\u00f6rsta RotaKids Weekend familjel\u00e4gret h\u00f6lls i Kaustby 18\u201320 februari 2022.<\/p>\n<p>I det soliga vinterv\u00e4dret kunde deltagarna njuta av trevliga aktiviteter och lekar, b\u00e5de utomhus och inomhus och samtidigt f\u00e5 nya v\u00e4nner \u00f6ver hela Finland.<\/p>\n<p>Deltagarna anl\u00e4nde till Kaustby fr\u00e5n tre olika rotarydistrikt och bestod av b\u00e5de rotarianer och icke-rotarianer med sina barn. Distrikt 1410 var v\u00e4l representerat, h\u00e4lften av familjerna som deltog i l\u00e4gret var fr\u00e5n distrikt 1410.<\/p>\n<p>Uppmuntrad av det fina feedback man fick, forts\u00e4tter nu RotaKids-teamets arbete. Nya l\u00e4ger planeras och andra nya aktiviteter tas fram.<\/p>\n<p>Om du \u00e4r intresserad av att vara med i teamet eller om din klubb vill anordna ett event med exempelvis RotaKids-tema, v\u00e4nligen h\u00f6r av dig. Vi ber\u00e4ttar g\u00e4rna mer.<\/p>\n<p>Mer information finns p\u00e5 <a href=\"http:\/\/www.rotary.fi\/rotakids\">www.rotary.fi\/rotakids<\/a>\u00a0och via e-post p\u00e5 <a href=\"mailto:tiina.malkamo.rotary@gmail.com\">tiina.malkamo.rotary@gmail.com<\/a><\/p>\n<p>\u200b<\/p>\n<p>[\/et_pb_text][\/et_pb_column][\/et_pb_row][\/et_pb_section]<\/p>\n","protected":false},"excerpt":{"rendered":"<p>Aktiviteter f\u00f6r barn under 12 \u00e5r Rotaryklubbar runt om i v\u00e4rlden anordnar aktiviteter f\u00f6r barn under 12 \u00e5r. Barnaktiviteter kallas oftast f\u00f6r EarlyAct eller RotaKids. Syftet med verksamheten \u00e4r att ge barn en m\u00f6jlighet att p\u00e5verka och g\u00f6ra gott i sin egen livsmilj\u00f6. Teman f\u00f6r verksamheten har varit v\u00e4nskap, f\u00f6rebyggande av mobbning, sociala relationer, aktivt [&hellip;]<\/p>\n","protected":false},"author":384,"featured_media":0,"parent":2710,"menu_order":1,"comment_status":"closed","ping_status":"closed","template":"","meta":{"_acf_changed":false,"_et_pb_use_builder":"on","_et_pb_old_content":"","_et_gb_content_width":"","footnotes":""},"class_list":["post-4900","page","type-page","status-publish","hentry"],"acf":[],"yoast_head":"<!-- This site is optimized with the Yoast SEO plugin v27.4 - https:\/\/yoast.com\/product\/yoast-seo-wordpress\/ -->\n<title>RotaKids - Piiri 1410<\/title>\n<meta name=\"robots\" content=\"index, follow, max-snippet:-1, max-image-preview:large, max-video-preview:-1\" \/>\n<link rel=\"canonical\" href=\"https:\/\/rotary.fi\/d1410\/sv\/intresserad-av-att-bli-medlem\/rotakids\/\" \/>\n<meta property=\"og:locale\" content=\"fi_FI\" \/>\n<meta property=\"og:type\" content=\"article\" \/>\n<meta property=\"og:title\" content=\"RotaKids - Piiri 1410\" \/>\n<meta property=\"og:description\" content=\"Aktiviteter f\u00f6r barn under 12 \u00e5r Rotaryklubbar runt om i v\u00e4rlden anordnar aktiviteter f\u00f6r barn under 12 \u00e5r. Barnaktiviteter kallas oftast f\u00f6r EarlyAct eller RotaKids. Syftet med verksamheten \u00e4r att ge barn en m\u00f6jlighet att p\u00e5verka och g\u00f6ra gott i sin egen livsmilj\u00f6. Teman f\u00f6r verksamheten har varit v\u00e4nskap, f\u00f6rebyggande av mobbning, sociala relationer, aktivt [&hellip;]\" \/>\n<meta property=\"og:url\" content=\"https:\/\/rotary.fi\/d1410\/sv\/intresserad-av-att-bli-medlem\/rotakids\/\" \/>\n<meta property=\"og:site_name\" content=\"Piiri 1410\" \/>\n<meta property=\"article:publisher\" content=\"https:\/\/www.facebook.com\/rotary\/\" \/>\n<meta property=\"article:modified_time\" content=\"2022-02-22T13:34:56+00:00\" \/>\n<meta property=\"og:image\" content=\"https:\/\/rotary.fi\/d1410\/wp-content\/uploads\/sites\/215\/2022\/02\/psx-20220219-153406.jpg\" \/>\n<meta name=\"twitter:card\" content=\"summary_large_image\" \/>\n<meta name=\"twitter:label1\" content=\"Arvioitu lukuaika\" \/>\n\t<meta name=\"twitter:data1\" content=\"3 minuuttia\" \/>\n<script type=\"application\/ld+json\" class=\"yoast-schema-graph\">{\"@context\":\"https:\\\/\\\/schema.org\",\"@graph\":[{\"@type\":\"WebPage\",\"@id\":\"https:\\\/\\\/rotary.fi\\\/d1410\\\/sv\\\/intresserad-av-att-bli-medlem\\\/rotakids\\\/\",\"url\":\"https:\\\/\\\/rotary.fi\\\/d1410\\\/sv\\\/intresserad-av-att-bli-medlem\\\/rotakids\\\/\",\"name\":\"RotaKids - Piiri 1410\",\"isPartOf\":{\"@id\":\"https:\\\/\\\/rotary.fi\\\/d1410\\\/#website\"},\"primaryImageOfPage\":{\"@id\":\"https:\\\/\\\/rotary.fi\\\/d1410\\\/sv\\\/intresserad-av-att-bli-medlem\\\/rotakids\\\/#primaryimage\"},\"image\":{\"@id\":\"https:\\\/\\\/rotary.fi\\\/d1410\\\/sv\\\/intresserad-av-att-bli-medlem\\\/rotakids\\\/#primaryimage\"},\"thumbnailUrl\":\"https:\\\/\\\/rotary.fi\\\/d1410\\\/wp-content\\\/uploads\\\/sites\\\/215\\\/2022\\\/02\\\/psx-20220219-153406.jpg\",\"datePublished\":\"2022-02-22T13:34:53+00:00\",\"dateModified\":\"2022-02-22T13:34:56+00:00\",\"breadcrumb\":{\"@id\":\"https:\\\/\\\/rotary.fi\\\/d1410\\\/sv\\\/intresserad-av-att-bli-medlem\\\/rotakids\\\/#breadcrumb\"},\"inLanguage\":\"fi\",\"potentialAction\":[{\"@type\":\"ReadAction\",\"target\":[\"https:\\\/\\\/rotary.fi\\\/d1410\\\/sv\\\/intresserad-av-att-bli-medlem\\\/rotakids\\\/\"]}]},{\"@type\":\"ImageObject\",\"inLanguage\":\"fi\",\"@id\":\"https:\\\/\\\/rotary.fi\\\/d1410\\\/sv\\\/intresserad-av-att-bli-medlem\\\/rotakids\\\/#primaryimage\",\"url\":\"https:\\\/\\\/rotary.fi\\\/d1410\\\/wp-content\\\/uploads\\\/sites\\\/215\\\/2022\\\/02\\\/psx-20220219-153406.jpg\",\"contentUrl\":\"https:\\\/\\\/rotary.fi\\\/d1410\\\/wp-content\\\/uploads\\\/sites\\\/215\\\/2022\\\/02\\\/psx-20220219-153406.jpg\",\"width\":2048,\"height\":1537},{\"@type\":\"BreadcrumbList\",\"@id\":\"https:\\\/\\\/rotary.fi\\\/d1410\\\/sv\\\/intresserad-av-att-bli-medlem\\\/rotakids\\\/#breadcrumb\",\"itemListElement\":[{\"@type\":\"ListItem\",\"position\":1,\"name\":\"Home\",\"item\":\"https:\\\/\\\/rotary.fi\\\/d1410\\\/\"},{\"@type\":\"ListItem\",\"position\":2,\"name\":\"Intresserad av att bli medlem?\",\"item\":\"https:\\\/\\\/rotary.fi\\\/d1410\\\/sv\\\/intresserad-av-att-bli-medlem\\\/\"},{\"@type\":\"ListItem\",\"position\":3,\"name\":\"RotaKids\"}]},{\"@type\":\"WebSite\",\"@id\":\"https:\\\/\\\/rotary.fi\\\/d1410\\\/#website\",\"url\":\"https:\\\/\\\/rotary.fi\\\/d1410\\\/\",\"name\":\"Piiri 1410\",\"description\":\"Suomen Rotary\",\"potentialAction\":[{\"@type\":\"SearchAction\",\"target\":{\"@type\":\"EntryPoint\",\"urlTemplate\":\"https:\\\/\\\/rotary.fi\\\/d1410\\\/?s={search_term_string}\"},\"query-input\":{\"@type\":\"PropertyValueSpecification\",\"valueRequired\":true,\"valueName\":\"search_term_string\"}}],\"inLanguage\":\"fi\"}]}<\/script>\n<!-- \/ Yoast SEO plugin. -->","yoast_head_json":{"title":"RotaKids - Piiri 1410","robots":{"index":"index","follow":"follow","max-snippet":"max-snippet:-1","max-image-preview":"max-image-preview:large","max-video-preview":"max-video-preview:-1"},"canonical":"https:\/\/rotary.fi\/d1410\/sv\/intresserad-av-att-bli-medlem\/rotakids\/","og_locale":"fi_FI","og_type":"article","og_title":"RotaKids - Piiri 1410","og_description":"Aktiviteter f\u00f6r barn under 12 \u00e5r Rotaryklubbar runt om i v\u00e4rlden anordnar aktiviteter f\u00f6r barn under 12 \u00e5r. Barnaktiviteter kallas oftast f\u00f6r EarlyAct eller RotaKids. Syftet med verksamheten \u00e4r att ge barn en m\u00f6jlighet att p\u00e5verka och g\u00f6ra gott i sin egen livsmilj\u00f6. Teman f\u00f6r verksamheten har varit v\u00e4nskap, f\u00f6rebyggande av mobbning, sociala relationer, aktivt [&hellip;]","og_url":"https:\/\/rotary.fi\/d1410\/sv\/intresserad-av-att-bli-medlem\/rotakids\/","og_site_name":"Piiri 1410","article_publisher":"https:\/\/www.facebook.com\/rotary\/","article_modified_time":"2022-02-22T13:34:56+00:00","og_image":[{"url":"https:\/\/rotary.fi\/d1410\/wp-content\/uploads\/sites\/215\/2022\/02\/psx-20220219-153406.jpg","type":"","width":"","height":""}],"twitter_card":"summary_large_image","twitter_misc":{"Arvioitu lukuaika":"3 minuuttia"},"schema":{"@context":"https:\/\/schema.org","@graph":[{"@type":"WebPage","@id":"https:\/\/rotary.fi\/d1410\/sv\/intresserad-av-att-bli-medlem\/rotakids\/","url":"https:\/\/rotary.fi\/d1410\/sv\/intresserad-av-att-bli-medlem\/rotakids\/","name":"RotaKids - Piiri 1410","isPartOf":{"@id":"https:\/\/rotary.fi\/d1410\/#website"},"primaryImageOfPage":{"@id":"https:\/\/rotary.fi\/d1410\/sv\/intresserad-av-att-bli-medlem\/rotakids\/#primaryimage"},"image":{"@id":"https:\/\/rotary.fi\/d1410\/sv\/intresserad-av-att-bli-medlem\/rotakids\/#primaryimage"},"thumbnailUrl":"https:\/\/rotary.fi\/d1410\/wp-content\/uploads\/sites\/215\/2022\/02\/psx-20220219-153406.jpg","datePublished":"2022-02-22T13:34:53+00:00","dateModified":"2022-02-22T13:34:56+00:00","breadcrumb":{"@id":"https:\/\/rotary.fi\/d1410\/sv\/intresserad-av-att-bli-medlem\/rotakids\/#breadcrumb"},"inLanguage":"fi","potentialAction":[{"@type":"ReadAction","target":["https:\/\/rotary.fi\/d1410\/sv\/intresserad-av-att-bli-medlem\/rotakids\/"]}]},{"@type":"ImageObject","inLanguage":"fi","@id":"https:\/\/rotary.fi\/d1410\/sv\/intresserad-av-att-bli-medlem\/rotakids\/#primaryimage","url":"https:\/\/rotary.fi\/d1410\/wp-content\/uploads\/sites\/215\/2022\/02\/psx-20220219-153406.jpg","contentUrl":"https:\/\/rotary.fi\/d1410\/wp-content\/uploads\/sites\/215\/2022\/02\/psx-20220219-153406.jpg","width":2048,"height":1537},{"@type":"BreadcrumbList","@id":"https:\/\/rotary.fi\/d1410\/sv\/intresserad-av-att-bli-medlem\/rotakids\/#breadcrumb","itemListElement":[{"@type":"ListItem","position":1,"name":"Home","item":"https:\/\/rotary.fi\/d1410\/"},{"@type":"ListItem","position":2,"name":"Intresserad av att bli medlem?","item":"https:\/\/rotary.fi\/d1410\/sv\/intresserad-av-att-bli-medlem\/"},{"@type":"ListItem","position":3,"name":"RotaKids"}]},{"@type":"WebSite","@id":"https:\/\/rotary.fi\/d1410\/#website","url":"https:\/\/rotary.fi\/d1410\/","name":"Piiri 1410","description":"Suomen Rotary","potentialAction":[{"@type":"SearchAction","target":{"@type":"EntryPoint","urlTemplate":"https:\/\/rotary.fi\/d1410\/?s={search_term_string}"},"query-input":{"@type":"PropertyValueSpecification","valueRequired":true,"valueName":"search_term_string"}}],"inLanguage":"fi"}]}},"lang":"sv","translations":{"sv":4900},"pll_sync_post":[],"_links":{"self":[{"href":"https:\/\/rotary.fi\/d1410\/wp-json\/wp\/v2\/pages\/4900","targetHints":{"allow":["GET"]}}],"collection":[{"href":"https:\/\/rotary.fi\/d1410\/wp-json\/wp\/v2\/pages"}],"about":[{"href":"https:\/\/rotary.fi\/d1410\/wp-json\/wp\/v2\/types\/page"}],"author":[{"embeddable":true,"href":"https:\/\/rotary.fi\/d1410\/wp-json\/wp\/v2\/users\/384"}],"replies":[{"embeddable":true,"href":"https:\/\/rotary.fi\/d1410\/wp-json\/wp\/v2\/comments?post=4900"}],"version-history":[{"count":1,"href":"https:\/\/rotary.fi\/d1410\/wp-json\/wp\/v2\/pages\/4900\/revisions"}],"predecessor-version":[{"id":4903,"href":"https:\/\/rotary.fi\/d1410\/wp-json\/wp\/v2\/pages\/4900\/revisions\/4903"}],"up":[{"embeddable":true,"href":"https:\/\/rotary.fi\/d1410\/wp-json\/wp\/v2\/pages\/2710"}],"wp:attachment":[{"href":"https:\/\/rotary.fi\/d1410\/wp-json\/wp\/v2\/media?parent=4900"}],"curies":[{"name":"wp","href":"https:\/\/api.w.org\/{rel}","templated":true}]}}