{"id":4875,"date":"2022-02-22T10:59:36","date_gmt":"2022-02-22T08:59:36","guid":{"rendered":"https:\/\/rotary.fi\/d1410\/?page_id=4875"},"modified":"2025-06-10T10:11:46","modified_gmt":"2025-06-10T08:11:46","slug":"rotakids","status":"publish","type":"page","link":"https:\/\/rotary.fi\/d1410\/kiinnostaako-jasenyys\/rotakids\/","title":{"rendered":"RotaKids"},"content":{"rendered":"<p>[et_pb_section fb_built=&#8221;1&#8243; module_class=&#8221;jumbotron-page&#8221; _builder_version=&#8221;4.16&#8243; background_image=&#8221;https:\/\/rotary.fi\/d1410\/wp-content\/uploads\/sites\/215\/2022\/02\/1120345-01-muokattu.png&#8221; global_colors_info=&#8221;{}&#8221;][et_pb_row module_class=&#8221; et_pb_row_fullwidth&#8221; _builder_version=&#8221;4.16&#8243; width=&#8221;89%&#8221; width_tablet=&#8221;80%&#8221; width_phone=&#8221;&#8221; width_last_edited=&#8221;on|desktop&#8221; max_width=&#8221;89%&#8221; max_width_tablet=&#8221;80%&#8221; max_width_phone=&#8221;&#8221; max_width_last_edited=&#8221;on|desktop&#8221; make_fullwidth=&#8221;on&#8221; global_colors_info=&#8221;{}&#8221;][et_pb_column type=&#8221;4_4&#8243; _builder_version=&#8221;4.16&#8243; custom_padding=&#8221;|||&#8221; global_colors_info=&#8221;{}&#8221; custom_padding__hover=&#8221;|||&#8221;][et_pb_text admin_label=&#8221;P\u00e4\u00e4otsikko kuvan p\u00e4\u00e4ll\u00e4&#8221; _builder_version=&#8221;4.16&#8243; text_orientation=&#8221;center&#8221; background_layout=&#8221;dark&#8221; locked=&#8221;off&#8221; collapsed=&#8221;off&#8221; global_colors_info=&#8221;{}&#8221;][\/et_pb_text][\/et_pb_column][\/et_pb_row][\/et_pb_section][et_pb_section fb_built=&#8221;1&#8243; module_class=&#8221;sisaltoalue_perus&#8221; _builder_version=&#8221;4.16&#8243; custom_margin=&#8221;||40px|&#8221; global_colors_info=&#8221;{}&#8221;][et_pb_row custom_padding_last_edited=&#8221;on|phone&#8221; _builder_version=&#8221;4.16&#8243; custom_padding_tablet=&#8221;&#8221; custom_padding_phone=&#8221;&#8221; global_colors_info=&#8221;{}&#8221;][et_pb_column type=&#8221;4_4&#8243; _builder_version=&#8221;4.16&#8243; custom_padding=&#8221;|||&#8221; global_colors_info=&#8221;{}&#8221; custom_padding__hover=&#8221;|||&#8221;][et_pb_text admin_label=&#8221;P\u00e4\u00e4otsikko ennen sis\u00e4lt\u00f6\u00e4&#8221; _builder_version=&#8221;4.16&#8243; text_orientation=&#8221;center&#8221; global_colors_info=&#8221;{}&#8221;]<\/p>\n<h1>Toimintaa alle 12-vuotiaille<\/h1>\n<p>[\/et_pb_text][et_pb_text _builder_version=&#8221;4.27.4&#8243; hover_enabled=&#8221;0&#8243; global_colors_info=&#8221;{}&#8221; sticky_enabled=&#8221;0&#8243;]<\/p>\n<p dir=\"auto\"><img loading=\"lazy\" decoding=\"async\" class=\"aligncenter wp-image-4881 size-full\" src=\"https:\/\/rotary.fi\/d1410\/wp-content\/uploads\/sites\/215\/2022\/02\/psx-20220219-153406.jpg\" alt=\"\" width=\"2048\" height=\"1537\" srcset=\"https:\/\/rotary.fi\/d1410\/wp-content\/uploads\/sites\/215\/2022\/02\/psx-20220219-153406.jpg 2048w, https:\/\/rotary.fi\/d1410\/wp-content\/uploads\/sites\/215\/2022\/02\/psx-20220219-153406-1280x961.jpg 1280w, https:\/\/rotary.fi\/d1410\/wp-content\/uploads\/sites\/215\/2022\/02\/psx-20220219-153406-980x735.jpg 980w, https:\/\/rotary.fi\/d1410\/wp-content\/uploads\/sites\/215\/2022\/02\/psx-20220219-153406-480x360.jpg 480w\" sizes=\"(min-width: 0px) and (max-width: 480px) 480px, (min-width: 481px) and (max-width: 980px) 980px, (min-width: 981px) and (max-width: 1280px) 1280px, (min-width: 1281px) 2048px, 100vw\" \/><\/p>\n<p dir=\"auto\">Rotaryklubit ymp\u00e4ri maailmaa j\u00e4rjest\u00e4v\u00e4t toimintaa alle 12-vuotiaille lapsille. Lasten toimintaa kutsutaan yleisimmin nimill\u00e4 <strong>EarlyAct tai RotaKids<\/strong>.<\/p>\n<p dir=\"auto\">Toiminnan <strong>tarkoituksena on antaa lapsille mahdollisuus vaikuttaa ja tehd\u00e4 hyv\u00e4\u00e4 omassa yhteis\u00f6ss\u00e4\u00e4n<\/strong>. Teemoina toiminnassa ovat esimerkiksi <strong>yst\u00e4vyys, kiusaamisen ehk\u00e4iseminen, sosiaaliset suhteet, aktiivinen kansalaisuus, rauha, kulttuurien moninaisuus ja ymp\u00e4rist\u00f6ty\u00f6.<\/strong><\/p>\n<p dir=\"auto\">RotaKids toiminnan tuomiseksi Suomeen on kev\u00e4\u00e4ll\u00e4 2021 perustettu monipiirity\u00f6ryhm\u00e4, jossa on edustajia jokaisesta Suomen Rotarypiirist\u00e4. Ty\u00f6ryhm\u00e4n tavoitteena on ollut jakaa tietoa RotaKids-toiminnasta, kannustaa Suomen Rotaryklubeja mukaan kehitt\u00e4m\u00e4\u00e4n lasten toimintaa, sek\u00e4 konkreettisesti aloittaa RotaKids-toiminta Suomessa Rotaryvuoden 2021-2022 aikana.<\/p>\n<p dir=\"auto\">Ensimm\u00e4inen muoto RotaKids-toiminnalle Suomessa on STEP-koulutuksen kanssa yhteisty\u00f6ss\u00e4 j\u00e4rjestett\u00e4v\u00e4t Rotakids Weekend perheleirit, jossa lapset vanhempiensa kanssa p\u00e4\u00e4sev\u00e4t tutustumaan Rotarytoimintaan, uusiin yst\u00e4viin ja pit\u00e4m\u00e4\u00e4n hauskaa yhdess\u00e4.<\/p>\n<p dir=\"auto\">Ensimm\u00e4inen <strong>RotaKids Weekend perheleiri pidettiin Kaustisella 18-20.2.2022<\/strong>. Aurinkoisessa talvis\u00e4\u00e4ss\u00e4 p\u00e4\u00e4stiin nauttimaan kivoista teht\u00e4vist\u00e4 ja leikeist\u00e4, niin ulkona kuin sis\u00e4ll\u00e4 ja saatiin uusia yst\u00e4vi\u00e4 ymp\u00e4ri Suomen. Leirin osallistujat saapuivat Kaustiselle kolmen Rotarypiirin alueelta ja mukana oli tasaisesti sek\u00e4 Rotareita, ett\u00e4 ei Rotareita lapsineen. Piiri 1410 oli leirill\u00e4 hyvin edustettuna, sill\u00e4 <strong>puolet leirille osallistuvista perhekunnista oli tullut paikalle piirin 1410 alueelta.<\/strong><\/p>\n<p dir=\"auto\">Hyv\u00e4n palautteen siivitt\u00e4min\u00e4 RotaKids-tiimin ty\u00f6 jatkuu. Uusia leirej\u00e4 on tulossa ja muitakin toimintamuotoja aletaan viem\u00e4\u00e4n eteenp\u00e4in.<\/p>\n<p dir=\"auto\">\n<p dir=\"auto\">Jos olet kiinnostunut tulemaan mukaan toimintaan ty\u00f6ryhm\u00e4n j\u00e4seneksi tai jos klubisi haluaa j\u00e4rjest\u00e4\u00e4 vaikkapa tapahtuman RotaKids teemalla, <strong>otathan yhteytt\u00e4 <a href=\"https:\/\/rotary.fi\/rotakids\/yhteystiedot\/\">RotaKids ty\u00f6ryhm\u00e4\u00e4n.<\/a> Kerromme mielell\u00e4mme lis\u00e4\u00e4.<\/strong><\/p>\n<p dir=\"auto\">\n<p dir=\"auto\"><strong>&gt;&gt;\u00a0 Lis\u00e4\u00e4 tietoa saat uudistetuilta RotaKids nettisivuilta osoitteesta <a href=\"http:\/\/www.rotary.fi\/rotakids\" target=\"_blank\" rel=\"noopener\" data-saferedirecturl=\"https:\/\/www.google.com\/url?q=http:\/\/www.rotary.fi\/rotakids&amp;source=gmail&amp;ust=1645605782854000&amp;usg=AOvVaw2uvthkaYzr0TzYyOSM_BJ5\">www.rotary.fi\/rotakids<\/a><\/strong><\/p>\n<p>\u200b<\/p>\n<p>[\/et_pb_text][\/et_pb_column][\/et_pb_row][\/et_pb_section]<\/p>\n","protected":false},"excerpt":{"rendered":"<p>Toimintaa alle 12-vuotiaille Rotaryklubit ymp\u00e4ri maailmaa j\u00e4rjest\u00e4v\u00e4t toimintaa alle 12-vuotiaille lapsille. Lasten toimintaa kutsutaan yleisimmin nimill\u00e4 EarlyAct tai RotaKids. Toiminnan tarkoituksena on antaa lapsille mahdollisuus vaikuttaa ja tehd\u00e4 hyv\u00e4\u00e4 omassa yhteis\u00f6ss\u00e4\u00e4n. Teemoina toiminnassa ovat esimerkiksi yst\u00e4vyys, kiusaamisen ehk\u00e4iseminen, sosiaaliset suhteet, aktiivinen kansalaisuus, rauha, kulttuurien moninaisuus ja ymp\u00e4rist\u00f6ty\u00f6. RotaKids toiminnan tuomiseksi Suomeen on kev\u00e4\u00e4ll\u00e4 2021 perustettu [&hellip;]<\/p>\n","protected":false},"author":384,"featured_media":0,"parent":658,"menu_order":1,"comment_status":"closed","ping_status":"closed","template":"","meta":{"_acf_changed":false,"_et_pb_use_builder":"on","_et_pb_old_content":"","_et_gb_content_width":"","footnotes":""},"class_list":["post-4875","page","type-page","status-publish","hentry"],"acf":[],"yoast_head":"<!-- This site is optimized with the Yoast SEO plugin v27.0 - https:\/\/yoast.com\/product\/yoast-seo-wordpress\/ -->\n<title>RotaKids - Piiri 1410<\/title>\n<meta name=\"robots\" content=\"index, follow, max-snippet:-1, max-image-preview:large, max-video-preview:-1\" \/>\n<link rel=\"canonical\" href=\"https:\/\/rotary.fi\/d1410\/kiinnostaako-jasenyys\/rotakids\/\" \/>\n<meta property=\"og:locale\" content=\"fi_FI\" \/>\n<meta property=\"og:type\" content=\"article\" \/>\n<meta property=\"og:title\" content=\"RotaKids - Piiri 1410\" \/>\n<meta property=\"og:description\" content=\"Toimintaa alle 12-vuotiaille Rotaryklubit ymp\u00e4ri maailmaa j\u00e4rjest\u00e4v\u00e4t toimintaa alle 12-vuotiaille lapsille. Lasten toimintaa kutsutaan yleisimmin nimill\u00e4 EarlyAct tai RotaKids. Toiminnan tarkoituksena on antaa lapsille mahdollisuus vaikuttaa ja tehd\u00e4 hyv\u00e4\u00e4 omassa yhteis\u00f6ss\u00e4\u00e4n. Teemoina toiminnassa ovat esimerkiksi yst\u00e4vyys, kiusaamisen ehk\u00e4iseminen, sosiaaliset suhteet, aktiivinen kansalaisuus, rauha, kulttuurien moninaisuus ja ymp\u00e4rist\u00f6ty\u00f6. RotaKids toiminnan tuomiseksi Suomeen on kev\u00e4\u00e4ll\u00e4 2021 perustettu [&hellip;]\" \/>\n<meta property=\"og:url\" content=\"https:\/\/rotary.fi\/d1410\/kiinnostaako-jasenyys\/rotakids\/\" \/>\n<meta property=\"og:site_name\" content=\"Piiri 1410\" \/>\n<meta property=\"article:publisher\" content=\"https:\/\/www.facebook.com\/rotary\/\" \/>\n<meta property=\"article:modified_time\" content=\"2025-06-10T08:11:46+00:00\" \/>\n<meta property=\"og:image\" content=\"https:\/\/rotary.fi\/d1410\/wp-content\/uploads\/sites\/215\/2022\/02\/psx-20220219-153406.jpg\" \/>\n\t<meta property=\"og:image:width\" content=\"2048\" \/>\n\t<meta property=\"og:image:height\" content=\"1537\" \/>\n\t<meta property=\"og:image:type\" content=\"image\/jpeg\" \/>\n<meta name=\"twitter:card\" content=\"summary_large_image\" \/>\n<meta name=\"twitter:label1\" content=\"Arvioitu lukuaika\" \/>\n\t<meta name=\"twitter:data1\" content=\"2 minuuttia\" \/>\n<script type=\"application\/ld+json\" class=\"yoast-schema-graph\">{\"@context\":\"https:\/\/schema.org\",\"@graph\":[{\"@type\":\"WebPage\",\"@id\":\"https:\/\/rotary.fi\/d1410\/kiinnostaako-jasenyys\/rotakids\/\",\"url\":\"https:\/\/rotary.fi\/d1410\/kiinnostaako-jasenyys\/rotakids\/\",\"name\":\"RotaKids - Piiri 1410\",\"isPartOf\":{\"@id\":\"https:\/\/rotary.fi\/d1410\/#website\"},\"primaryImageOfPage\":{\"@id\":\"https:\/\/rotary.fi\/d1410\/kiinnostaako-jasenyys\/rotakids\/#primaryimage\"},\"image\":{\"@id\":\"https:\/\/rotary.fi\/d1410\/kiinnostaako-jasenyys\/rotakids\/#primaryimage\"},\"thumbnailUrl\":\"https:\/\/rotary.fi\/d1410\/wp-content\/uploads\/sites\/215\/2022\/02\/psx-20220219-153406.jpg\",\"datePublished\":\"2022-02-22T08:59:36+00:00\",\"dateModified\":\"2025-06-10T08:11:46+00:00\",\"breadcrumb\":{\"@id\":\"https:\/\/rotary.fi\/d1410\/kiinnostaako-jasenyys\/rotakids\/#breadcrumb\"},\"inLanguage\":\"fi\",\"potentialAction\":[{\"@type\":\"ReadAction\",\"target\":[\"https:\/\/rotary.fi\/d1410\/kiinnostaako-jasenyys\/rotakids\/\"]}]},{\"@type\":\"ImageObject\",\"inLanguage\":\"fi\",\"@id\":\"https:\/\/rotary.fi\/d1410\/kiinnostaako-jasenyys\/rotakids\/#primaryimage\",\"url\":\"https:\/\/rotary.fi\/d1410\/wp-content\/uploads\/sites\/215\/2022\/02\/psx-20220219-153406.jpg\",\"contentUrl\":\"https:\/\/rotary.fi\/d1410\/wp-content\/uploads\/sites\/215\/2022\/02\/psx-20220219-153406.jpg\",\"width\":2048,\"height\":1537},{\"@type\":\"BreadcrumbList\",\"@id\":\"https:\/\/rotary.fi\/d1410\/kiinnostaako-jasenyys\/rotakids\/#breadcrumb\",\"itemListElement\":[{\"@type\":\"ListItem\",\"position\":1,\"name\":\"Home\",\"item\":\"https:\/\/rotary.fi\/d1410\/\"},{\"@type\":\"ListItem\",\"position\":2,\"name\":\"Sinustako rotari?\",\"item\":\"https:\/\/rotary.fi\/d1410\/kiinnostaako-jasenyys\/\"},{\"@type\":\"ListItem\",\"position\":3,\"name\":\"RotaKids\"}]},{\"@type\":\"WebSite\",\"@id\":\"https:\/\/rotary.fi\/d1410\/#website\",\"url\":\"https:\/\/rotary.fi\/d1410\/\",\"name\":\"Piiri 1410\",\"description\":\"Suomen Rotary\",\"potentialAction\":[{\"@type\":\"SearchAction\",\"target\":{\"@type\":\"EntryPoint\",\"urlTemplate\":\"https:\/\/rotary.fi\/d1410\/?s={search_term_string}\"},\"query-input\":{\"@type\":\"PropertyValueSpecification\",\"valueRequired\":true,\"valueName\":\"search_term_string\"}}],\"inLanguage\":\"fi\"}]}<\/script>\n<!-- \/ Yoast SEO plugin. -->","yoast_head_json":{"title":"RotaKids - Piiri 1410","robots":{"index":"index","follow":"follow","max-snippet":"max-snippet:-1","max-image-preview":"max-image-preview:large","max-video-preview":"max-video-preview:-1"},"canonical":"https:\/\/rotary.fi\/d1410\/kiinnostaako-jasenyys\/rotakids\/","og_locale":"fi_FI","og_type":"article","og_title":"RotaKids - Piiri 1410","og_description":"Toimintaa alle 12-vuotiaille Rotaryklubit ymp\u00e4ri maailmaa j\u00e4rjest\u00e4v\u00e4t toimintaa alle 12-vuotiaille lapsille. Lasten toimintaa kutsutaan yleisimmin nimill\u00e4 EarlyAct tai RotaKids. Toiminnan tarkoituksena on antaa lapsille mahdollisuus vaikuttaa ja tehd\u00e4 hyv\u00e4\u00e4 omassa yhteis\u00f6ss\u00e4\u00e4n. Teemoina toiminnassa ovat esimerkiksi yst\u00e4vyys, kiusaamisen ehk\u00e4iseminen, sosiaaliset suhteet, aktiivinen kansalaisuus, rauha, kulttuurien moninaisuus ja ymp\u00e4rist\u00f6ty\u00f6. RotaKids toiminnan tuomiseksi Suomeen on kev\u00e4\u00e4ll\u00e4 2021 perustettu [&hellip;]","og_url":"https:\/\/rotary.fi\/d1410\/kiinnostaako-jasenyys\/rotakids\/","og_site_name":"Piiri 1410","article_publisher":"https:\/\/www.facebook.com\/rotary\/","article_modified_time":"2025-06-10T08:11:46+00:00","og_image":[{"width":2048,"height":1537,"url":"https:\/\/rotary.fi\/d1410\/wp-content\/uploads\/sites\/215\/2022\/02\/psx-20220219-153406.jpg","type":"image\/jpeg"}],"twitter_card":"summary_large_image","twitter_misc":{"Arvioitu lukuaika":"2 minuuttia"},"schema":{"@context":"https:\/\/schema.org","@graph":[{"@type":"WebPage","@id":"https:\/\/rotary.fi\/d1410\/kiinnostaako-jasenyys\/rotakids\/","url":"https:\/\/rotary.fi\/d1410\/kiinnostaako-jasenyys\/rotakids\/","name":"RotaKids - Piiri 1410","isPartOf":{"@id":"https:\/\/rotary.fi\/d1410\/#website"},"primaryImageOfPage":{"@id":"https:\/\/rotary.fi\/d1410\/kiinnostaako-jasenyys\/rotakids\/#primaryimage"},"image":{"@id":"https:\/\/rotary.fi\/d1410\/kiinnostaako-jasenyys\/rotakids\/#primaryimage"},"thumbnailUrl":"https:\/\/rotary.fi\/d1410\/wp-content\/uploads\/sites\/215\/2022\/02\/psx-20220219-153406.jpg","datePublished":"2022-02-22T08:59:36+00:00","dateModified":"2025-06-10T08:11:46+00:00","breadcrumb":{"@id":"https:\/\/rotary.fi\/d1410\/kiinnostaako-jasenyys\/rotakids\/#breadcrumb"},"inLanguage":"fi","potentialAction":[{"@type":"ReadAction","target":["https:\/\/rotary.fi\/d1410\/kiinnostaako-jasenyys\/rotakids\/"]}]},{"@type":"ImageObject","inLanguage":"fi","@id":"https:\/\/rotary.fi\/d1410\/kiinnostaako-jasenyys\/rotakids\/#primaryimage","url":"https:\/\/rotary.fi\/d1410\/wp-content\/uploads\/sites\/215\/2022\/02\/psx-20220219-153406.jpg","contentUrl":"https:\/\/rotary.fi\/d1410\/wp-content\/uploads\/sites\/215\/2022\/02\/psx-20220219-153406.jpg","width":2048,"height":1537},{"@type":"BreadcrumbList","@id":"https:\/\/rotary.fi\/d1410\/kiinnostaako-jasenyys\/rotakids\/#breadcrumb","itemListElement":[{"@type":"ListItem","position":1,"name":"Home","item":"https:\/\/rotary.fi\/d1410\/"},{"@type":"ListItem","position":2,"name":"Sinustako rotari?","item":"https:\/\/rotary.fi\/d1410\/kiinnostaako-jasenyys\/"},{"@type":"ListItem","position":3,"name":"RotaKids"}]},{"@type":"WebSite","@id":"https:\/\/rotary.fi\/d1410\/#website","url":"https:\/\/rotary.fi\/d1410\/","name":"Piiri 1410","description":"Suomen Rotary","potentialAction":[{"@type":"SearchAction","target":{"@type":"EntryPoint","urlTemplate":"https:\/\/rotary.fi\/d1410\/?s={search_term_string}"},"query-input":{"@type":"PropertyValueSpecification","valueRequired":true,"valueName":"search_term_string"}}],"inLanguage":"fi"}]}},"lang":"fi","translations":{"fi":4875},"pll_sync_post":[],"_links":{"self":[{"href":"https:\/\/rotary.fi\/d1410\/wp-json\/wp\/v2\/pages\/4875","targetHints":{"allow":["GET"]}}],"collection":[{"href":"https:\/\/rotary.fi\/d1410\/wp-json\/wp\/v2\/pages"}],"about":[{"href":"https:\/\/rotary.fi\/d1410\/wp-json\/wp\/v2\/types\/page"}],"author":[{"embeddable":true,"href":"https:\/\/rotary.fi\/d1410\/wp-json\/wp\/v2\/users\/384"}],"replies":[{"embeddable":true,"href":"https:\/\/rotary.fi\/d1410\/wp-json\/wp\/v2\/comments?post=4875"}],"version-history":[{"count":10,"href":"https:\/\/rotary.fi\/d1410\/wp-json\/wp\/v2\/pages\/4875\/revisions"}],"predecessor-version":[{"id":8452,"href":"https:\/\/rotary.fi\/d1410\/wp-json\/wp\/v2\/pages\/4875\/revisions\/8452"}],"up":[{"embeddable":true,"href":"https:\/\/rotary.fi\/d1410\/wp-json\/wp\/v2\/pages\/658"}],"wp:attachment":[{"href":"https:\/\/rotary.fi\/d1410\/wp-json\/wp\/v2\/media?parent=4875"}],"curies":[{"name":"wp","href":"https:\/\/api.w.org\/{rel}","templated":true}]}}