{"id":4733,"date":"2021-11-16T13:31:22","date_gmt":"2021-11-16T11:31:22","guid":{"rendered":"https:\/\/rotary.fi\/d1410\/?page_id=4733"},"modified":"2024-05-26T21:11:42","modified_gmt":"2024-05-26T19:11:42","slug":"rauhantyota-kaytannossa","status":"publish","type":"page","link":"https:\/\/rotary.fi\/d1410\/rauha\/rauhantyota-kaytannossa\/","title":{"rendered":"Rauhanty\u00f6t\u00e4 k\u00e4yt\u00e4nn\u00f6ss\u00e4"},"content":{"rendered":"<p>[et_pb_section][et_pb_row][et_pb_column type=&#8221;4_4&#8243;][et_pb_text]<\/p>\n<div class=\"kvgmc6g5 cxmmr5t8 oygrvhab hcukyx3x c1et5uql ii04i59q\">\n<div dir=\"auto\">Piirimme rauhanstipendiaatti Suvi Lankinen opiskeli vuonna 2021 Makerere Rotary Peace Centeriss\u00e4 Ugandan Kampalassa.<\/div>\n<div dir=\"auto\"><\/div>\n<\/div>\n<div class=\"o9v6fnle cxmmr5t8 oygrvhab hcukyx3x c1et5uql ii04i59q\">\n<div dir=\"auto\">\n<p>Suvin kuvausta kampusel\u00e4m\u00e4st\u00e4 voit lukea <a href=\"https:\/\/kapua.fi\/blogikirjoitus\/kampuselamaa\/\" target=\"_blank\" rel=\"noopener\">Kapua -hyv\u00e4ntekev\u00e4isyysprojektin sivuilta<\/a>.<\/p>\n<p>&nbsp;<\/p>\n<\/div>\n<\/div>\n<div dir=\"auto\">\n<p><strong>Rotaryn seitsem\u00e4n rauhankeskusta yhteisty\u00f6ss\u00e4 johtavien yliopistojen kanssa kouluttavat opiskelijoita kest\u00e4v\u00e4n positiivisen rauhan rakentamisessa.<\/strong><\/p>\n<p>Rotaryn rauhankeskusten ohjelmalla on visio kest\u00e4v\u00e4st\u00e4 rauhasta. Saavuttaakseen t\u00e4m\u00e4n vision Rotary on kehitt\u00e4nyt kumppanuuksia seitsem\u00e4n tunnetun yliopiston kanssa is\u00e4nn\u00f6iv\u00e4\u00e4n Rotaryn rauhankeskuksia. Keskukset vahvistavat, kouluttavat ja lis\u00e4\u00e4v\u00e4t rauhanrakentajien kapasiteettia akateemisen koulutuksen, harjoittelun ja maailmanlaajuisten verkostoitumismahdollisuuksien avulla.<\/p>\n<p><span style=\"font-weight: 400\">Vuosittain valitaan 50 stipendiaattia maisterin ohjelmaan ja 80 opiskelija jatko-opintoihin.<\/span><\/p>\n<p><span style=\"font-weight: 400\">Ensimm\u00e4iset Rotaryn rauhankeskukset perustettiin vuonna 2002. Yli 1500 stipendiaattia on t\u00e4h\u00e4n menness\u00e4 valmistunut maisterin- tai jatkotutkinnoista ja ty\u00f6skentelev\u00e4t t\u00e4n\u00e4\u00e4n rauhan- ja konfliktienhallinnan parissa yli 115 maassa.<\/span><\/p>\n<p><span style=\"font-weight: 400\">Meill\u00e4 on seitsem\u00e4n Rotaryn rauhankeskusta kahdeksassa yliopistossa.<\/span><\/p>\n<p><span style=\"font-weight: 400\">Alla mainitut viisi keskusta tarjoavat maisterintutkintoja rauhaan ja sen kehitykseen liittyvill\u00e4 tieteenaloilla:<\/span><\/p>\n<p><span style=\"font-weight: 400\">Yhteinen ohjelma Duke Universityss\u00e4 ja University of North Carolina-Chapel Hilliss\u00e4 Yhdysvalloissa<br \/>\n<\/span>Kansainv\u00e4linen kristillinen yliopisto, Japani<br \/>\nBradfordin yliopisto, Englanti<br \/>\nQueenslandin yliopisto, Australia<br \/>\nUppsalan yliopisto, Ruotsi<\/p>\n<p>Kaksi keskusta Bah\u00e7e\u015fehir University Turkissa ja Makerere University Ugandassa, tarjoavat rauhan ja kehityksen jatkotutkinnon. Vuoden mittainen ohjelma yhdist\u00e4\u00e4 verkko-oppimisen, luokkahuoneopinnot ja sosiaalisen muutosaloitteen.<\/p>\n<p>Lis\u00e4tietoa ohjelmista l\u00f6yd\u00e4t<\/p>\n<p><strong><a href=\"mailto:rotarypeacecenters@rotary.org\">rotarypeacecenters@rotary.org<\/a><\/strong><\/p>\n<p><img loading=\"lazy\" decoding=\"async\" class=\"alignnone size-large wp-image-6970\" src=\"https:\/\/rotary.fi\/d1410\/wp-content\/uploads\/sites\/215\/2024\/04\/rauha-anita2-1024x683.jpg\" alt=\"\" width=\"1024\" height=\"683\" srcset=\"https:\/\/rotary.fi\/d1410\/wp-content\/uploads\/sites\/215\/2024\/04\/rauha-anita2-1024x683.jpg 1024w, https:\/\/rotary.fi\/d1410\/wp-content\/uploads\/sites\/215\/2024\/04\/rauha-anita2-980x653.jpg 980w, https:\/\/rotary.fi\/d1410\/wp-content\/uploads\/sites\/215\/2024\/04\/rauha-anita2-480x320.jpg 480w\" sizes=\"(min-width: 0px) and (max-width: 480px) 480px, (min-width: 481px) and (max-width: 980px) 980px, (min-width: 981px) 1024px, 100vw\" \/><\/p>\n<\/div>\n<p>[\/et_pb_text][\/et_pb_column][\/et_pb_row][\/et_pb_section]<\/p>\n","protected":false},"excerpt":{"rendered":"<p><div class=\"et_pb_section et_pb_section_0 et_section_regular\" >\n\t\t\t\t\n\t\t\t\t\n\t\t\t\t\n\t\t\t\t\n\t\t\t\t\n\t\t\t\t\n\t\t\t\t\n\t\t\t\t\n\t\t\t\t\n\t\t\t<\/div><div class=\"et_pb_row et_pb_row_0 et_pb_row_empty\">\n\t\t\t\t\n\t\t\t\t\n\t\t\t\t\n\t\t\t\t\n\t\t\t\t\n\t\t\t<\/div><div class=\"et_pb_module et_pb_text et_pb_text_0  et_pb_text_align_left et_pb_bg_layout_light\">\n\t\t\t\t\n\t\t\t\t\n\t\t\t\t\n\t\t\t\t\n\t\t\t\t\n\t\t\t<\/div> Piirimme rauhanstipendiaatti Suvi Lankinen opiskeli vuonna 2021 Makerere Rotary Peace Centeriss\u00e4 Ugandan Kampalassa. Suvin kuvausta kampusel\u00e4m\u00e4st\u00e4 voit lukea Kapua -hyv\u00e4ntekev\u00e4isyysprojektin sivuilta. &nbsp; Rotaryn seitsem\u00e4n rauhankeskusta yhteisty\u00f6ss\u00e4 johtavien yliopistojen kanssa kouluttavat opiskelijoita kest\u00e4v\u00e4n positiivisen rauhan rakentamisessa. Rotaryn rauhankeskusten ohjelmalla on visio kest\u00e4v\u00e4st\u00e4 rauhasta. Saavuttaakseen t\u00e4m\u00e4n vision Rotary on kehitt\u00e4nyt kumppanuuksia seitsem\u00e4n tunnetun yliopiston kanssa is\u00e4nn\u00f6iv\u00e4\u00e4n [&hellip;]<\/p>\n","protected":false},"author":384,"featured_media":4735,"parent":3936,"menu_order":0,"comment_status":"closed","ping_status":"closed","template":"","meta":{"_acf_changed":false,"_et_pb_use_builder":"on","_et_pb_old_content":"<div class=\"kvgmc6g5 cxmmr5t8 oygrvhab hcukyx3x c1et5uql ii04i59q\"><div dir=\"auto\">Piirimme rauhanstipendiaatti Suvi Lankinen opiskeli vuonna 2021 Makerere Rotary Peace Centeriss\u00e4 Ugandan Kampalassa.<\/div><div dir=\"auto\">\u00a0<\/div><\/div><div class=\"o9v6fnle cxmmr5t8 oygrvhab hcukyx3x c1et5uql ii04i59q\"><div dir=\"auto\"><p>Suvin kuvausta kampusel\u00e4m\u00e4st\u00e4 voit lukea <a href=\"https:\/\/kapua.fi\/blogikirjoitus\/kampuselamaa\/\" target=\"_blank\" rel=\"noopener\">Kapua -hyv\u00e4ntekev\u00e4isyysprojektin sivuilta<\/a>.<\/p><p>\u00a0<\/p><\/div><\/div><div dir=\"auto\"><p><strong>Rotaryn seitsem\u00e4n rauhankeskusta yhteisty\u00f6ss\u00e4 johtavien yliopistojen kanssa kouluttavat opiskelijoita kest\u00e4v\u00e4n positiivisen rauhan rakentamisessa.<\/strong><\/p><p>Rotaryn rauhankeskusten ohjelmalla on visio kest\u00e4v\u00e4st\u00e4 rauhasta. Saavuttaakseen t\u00e4m\u00e4n vision Rotary on kehitt\u00e4nyt kumppanuuksia seitsem\u00e4n tunnetun yliopiston kanssa is\u00e4nn\u00f6iv\u00e4\u00e4n Rotaryn rauhankeskuksia. Keskukset vahvistavat, kouluttavat ja lis\u00e4\u00e4v\u00e4t rauhanrakentajien kapasiteettia akateemisen koulutuksen, harjoittelun ja maailmanlaajuisten verkostoitumismahdollisuuksien avulla.<\/p><p><span style=\"font-weight: 400;\">Vuosittain valitaan 50 stipendiaattia maisterin ohjelmaan ja 80 opiskelija jatko-opintoihin.<\/span><\/p><p><span style=\"font-weight: 400;\">Ensimm\u00e4iset Rotaryn rauhankeskukset perustettiin vuonna 2002. Yli 1500 stipendiaattia on t\u00e4h\u00e4n menness\u00e4 valmistunut maisterin- tai jatkotutkinnoista ja ty\u00f6skentelev\u00e4t t\u00e4n\u00e4\u00e4n rauhan- ja konfliktienhallinnan parissa yli 115 maassa.<\/span><\/p><p><span style=\"font-weight: 400;\">Meill\u00e4 on seitsem\u00e4n Rotaryn rauhankeskusta kahdeksassa yliopistossa.<\/span><\/p><p><span style=\"font-weight: 400;\">Alla mainitut viisi keskusta tarjoavat maisterintutkintoja rauhaan ja sen kehitykseen liittyvill\u00e4 tieteenaloilla:<\/span><\/p><p><span style=\"font-weight: 400;\">Yhteinen ohjelma Duke Universityss\u00e4 ja University of North Carolina-Chapel Hilliss\u00e4 Yhdysvalloissa<br \/><\/span>Kansainv\u00e4linen kristillinen yliopisto, Japani<br \/>Bradfordin yliopisto, Englanti<br \/>Queenslandin yliopisto, Australia<br \/>Uppsalan yliopisto, Ruotsi<\/p><p>Kaksi keskusta Bah\u00e7e\u015fehir University Turkissa ja Makerere University Ugandassa, tarjoavat rauhan ja kehityksen jatkotutkinnon. Vuoden mittainen ohjelma yhdist\u00e4\u00e4 verkko-oppimisen, luokkahuoneopinnot ja sosiaalisen muutosaloitteen.<\/p><p>Lis\u00e4tietoa ohjelmista l\u00f6yd\u00e4t<\/p><p><strong><a href=\"mailto:rotarypeacecenters@rotary.org\">rotarypeacecenters@rotary.org<\/a><\/strong><\/p><p><img class=\"alignnone size-large wp-image-6970\" src=\"https:\/\/rotary.fi\/d1410\/wp-content\/uploads\/sites\/215\/2024\/04\/rauha-anita2-1024x683.jpg\" alt=\"\" width=\"1024\" height=\"683\" \/><\/p><\/div>","_et_gb_content_width":"","footnotes":""},"class_list":["post-4733","page","type-page","status-publish","has-post-thumbnail","hentry"],"acf":[],"yoast_head":"<!-- This site is optimized with the Yoast SEO plugin v27.4 - https:\/\/yoast.com\/product\/yoast-seo-wordpress\/ -->\n<title>Rauhanty\u00f6t\u00e4 k\u00e4yt\u00e4nn\u00f6ss\u00e4 - Piiri 1410<\/title>\n<meta name=\"robots\" content=\"index, follow, max-snippet:-1, max-image-preview:large, max-video-preview:-1\" \/>\n<link rel=\"canonical\" href=\"https:\/\/rotary.fi\/d1410\/rauha\/rauhantyota-kaytannossa\/\" \/>\n<meta property=\"og:locale\" content=\"fi_FI\" \/>\n<meta property=\"og:type\" content=\"article\" \/>\n<meta property=\"og:title\" content=\"Rauhanty\u00f6t\u00e4 k\u00e4yt\u00e4nn\u00f6ss\u00e4 - Piiri 1410\" \/>\n<meta property=\"og:description\" content=\"Piirimme rauhanstipendiaatti Suvi Lankinen opiskeli vuonna 2021 Makerere Rotary Peace Centeriss\u00e4 Ugandan Kampalassa. Suvin kuvausta kampusel\u00e4m\u00e4st\u00e4 voit lukea Kapua -hyv\u00e4ntekev\u00e4isyysprojektin sivuilta. &nbsp; Rotaryn seitsem\u00e4n rauhankeskusta yhteisty\u00f6ss\u00e4 johtavien yliopistojen kanssa kouluttavat opiskelijoita kest\u00e4v\u00e4n positiivisen rauhan rakentamisessa. Rotaryn rauhankeskusten ohjelmalla on visio kest\u00e4v\u00e4st\u00e4 rauhasta. Saavuttaakseen t\u00e4m\u00e4n vision Rotary on kehitt\u00e4nyt kumppanuuksia seitsem\u00e4n tunnetun yliopiston kanssa is\u00e4nn\u00f6iv\u00e4\u00e4n [&hellip;]\" \/>\n<meta property=\"og:url\" content=\"https:\/\/rotary.fi\/d1410\/rauha\/rauhantyota-kaytannossa\/\" \/>\n<meta property=\"og:site_name\" content=\"Piiri 1410\" \/>\n<meta property=\"article:publisher\" content=\"https:\/\/www.facebook.com\/rotary\/\" \/>\n<meta property=\"article:modified_time\" content=\"2024-05-26T19:11:42+00:00\" \/>\n<meta property=\"og:image\" content=\"https:\/\/rotary.fi\/d1410\/wp-content\/uploads\/sites\/215\/2021\/11\/jennifer-ja-suvi-443x500-1.jpg\" \/>\n\t<meta property=\"og:image:width\" content=\"443\" \/>\n\t<meta property=\"og:image:height\" content=\"500\" \/>\n\t<meta property=\"og:image:type\" content=\"image\/jpeg\" \/>\n<meta name=\"twitter:card\" content=\"summary_large_image\" \/>\n<meta name=\"twitter:label1\" content=\"Arvioitu lukuaika\" \/>\n\t<meta name=\"twitter:data1\" content=\"2 minuuttia\" \/>\n<script type=\"application\/ld+json\" class=\"yoast-schema-graph\">{\"@context\":\"https:\\\/\\\/schema.org\",\"@graph\":[{\"@type\":\"WebPage\",\"@id\":\"https:\\\/\\\/rotary.fi\\\/d1410\\\/rauha\\\/rauhantyota-kaytannossa\\\/\",\"url\":\"https:\\\/\\\/rotary.fi\\\/d1410\\\/rauha\\\/rauhantyota-kaytannossa\\\/\",\"name\":\"Rauhanty\u00f6t\u00e4 k\u00e4yt\u00e4nn\u00f6ss\u00e4 - Piiri 1410\",\"isPartOf\":{\"@id\":\"https:\\\/\\\/rotary.fi\\\/d1410\\\/#website\"},\"primaryImageOfPage\":{\"@id\":\"https:\\\/\\\/rotary.fi\\\/d1410\\\/rauha\\\/rauhantyota-kaytannossa\\\/#primaryimage\"},\"image\":{\"@id\":\"https:\\\/\\\/rotary.fi\\\/d1410\\\/rauha\\\/rauhantyota-kaytannossa\\\/#primaryimage\"},\"thumbnailUrl\":\"https:\\\/\\\/rotary.fi\\\/d1410\\\/wp-content\\\/uploads\\\/sites\\\/215\\\/2021\\\/11\\\/jennifer-ja-suvi-443x500-1.jpg\",\"datePublished\":\"2021-11-16T11:31:22+00:00\",\"dateModified\":\"2024-05-26T19:11:42+00:00\",\"breadcrumb\":{\"@id\":\"https:\\\/\\\/rotary.fi\\\/d1410\\\/rauha\\\/rauhantyota-kaytannossa\\\/#breadcrumb\"},\"inLanguage\":\"fi\",\"potentialAction\":[{\"@type\":\"ReadAction\",\"target\":[\"https:\\\/\\\/rotary.fi\\\/d1410\\\/rauha\\\/rauhantyota-kaytannossa\\\/\"]}]},{\"@type\":\"ImageObject\",\"inLanguage\":\"fi\",\"@id\":\"https:\\\/\\\/rotary.fi\\\/d1410\\\/rauha\\\/rauhantyota-kaytannossa\\\/#primaryimage\",\"url\":\"https:\\\/\\\/rotary.fi\\\/d1410\\\/wp-content\\\/uploads\\\/sites\\\/215\\\/2021\\\/11\\\/jennifer-ja-suvi-443x500-1.jpg\",\"contentUrl\":\"https:\\\/\\\/rotary.fi\\\/d1410\\\/wp-content\\\/uploads\\\/sites\\\/215\\\/2021\\\/11\\\/jennifer-ja-suvi-443x500-1.jpg\",\"width\":443,\"height\":500},{\"@type\":\"BreadcrumbList\",\"@id\":\"https:\\\/\\\/rotary.fi\\\/d1410\\\/rauha\\\/rauhantyota-kaytannossa\\\/#breadcrumb\",\"itemListElement\":[{\"@type\":\"ListItem\",\"position\":1,\"name\":\"Home\",\"item\":\"https:\\\/\\\/rotary.fi\\\/d1410\\\/\"},{\"@type\":\"ListItem\",\"position\":2,\"name\":\"Rauha\",\"item\":\"https:\\\/\\\/rotary.fi\\\/d1410\\\/rauha\\\/\"},{\"@type\":\"ListItem\",\"position\":3,\"name\":\"Rauhanty\u00f6t\u00e4 k\u00e4yt\u00e4nn\u00f6ss\u00e4\"}]},{\"@type\":\"WebSite\",\"@id\":\"https:\\\/\\\/rotary.fi\\\/d1410\\\/#website\",\"url\":\"https:\\\/\\\/rotary.fi\\\/d1410\\\/\",\"name\":\"Piiri 1410\",\"description\":\"Suomen Rotary\",\"potentialAction\":[{\"@type\":\"SearchAction\",\"target\":{\"@type\":\"EntryPoint\",\"urlTemplate\":\"https:\\\/\\\/rotary.fi\\\/d1410\\\/?s={search_term_string}\"},\"query-input\":{\"@type\":\"PropertyValueSpecification\",\"valueRequired\":true,\"valueName\":\"search_term_string\"}}],\"inLanguage\":\"fi\"}]}<\/script>\n<!-- \/ Yoast SEO plugin. -->","yoast_head_json":{"title":"Rauhanty\u00f6t\u00e4 k\u00e4yt\u00e4nn\u00f6ss\u00e4 - Piiri 1410","robots":{"index":"index","follow":"follow","max-snippet":"max-snippet:-1","max-image-preview":"max-image-preview:large","max-video-preview":"max-video-preview:-1"},"canonical":"https:\/\/rotary.fi\/d1410\/rauha\/rauhantyota-kaytannossa\/","og_locale":"fi_FI","og_type":"article","og_title":"Rauhanty\u00f6t\u00e4 k\u00e4yt\u00e4nn\u00f6ss\u00e4 - Piiri 1410","og_description":"Piirimme rauhanstipendiaatti Suvi Lankinen opiskeli vuonna 2021 Makerere Rotary Peace Centeriss\u00e4 Ugandan Kampalassa. Suvin kuvausta kampusel\u00e4m\u00e4st\u00e4 voit lukea Kapua -hyv\u00e4ntekev\u00e4isyysprojektin sivuilta. &nbsp; Rotaryn seitsem\u00e4n rauhankeskusta yhteisty\u00f6ss\u00e4 johtavien yliopistojen kanssa kouluttavat opiskelijoita kest\u00e4v\u00e4n positiivisen rauhan rakentamisessa. Rotaryn rauhankeskusten ohjelmalla on visio kest\u00e4v\u00e4st\u00e4 rauhasta. Saavuttaakseen t\u00e4m\u00e4n vision Rotary on kehitt\u00e4nyt kumppanuuksia seitsem\u00e4n tunnetun yliopiston kanssa is\u00e4nn\u00f6iv\u00e4\u00e4n [&hellip;]","og_url":"https:\/\/rotary.fi\/d1410\/rauha\/rauhantyota-kaytannossa\/","og_site_name":"Piiri 1410","article_publisher":"https:\/\/www.facebook.com\/rotary\/","article_modified_time":"2024-05-26T19:11:42+00:00","og_image":[{"width":443,"height":500,"url":"https:\/\/rotary.fi\/d1410\/wp-content\/uploads\/sites\/215\/2021\/11\/jennifer-ja-suvi-443x500-1.jpg","type":"image\/jpeg"}],"twitter_card":"summary_large_image","twitter_misc":{"Arvioitu lukuaika":"2 minuuttia"},"schema":{"@context":"https:\/\/schema.org","@graph":[{"@type":"WebPage","@id":"https:\/\/rotary.fi\/d1410\/rauha\/rauhantyota-kaytannossa\/","url":"https:\/\/rotary.fi\/d1410\/rauha\/rauhantyota-kaytannossa\/","name":"Rauhanty\u00f6t\u00e4 k\u00e4yt\u00e4nn\u00f6ss\u00e4 - Piiri 1410","isPartOf":{"@id":"https:\/\/rotary.fi\/d1410\/#website"},"primaryImageOfPage":{"@id":"https:\/\/rotary.fi\/d1410\/rauha\/rauhantyota-kaytannossa\/#primaryimage"},"image":{"@id":"https:\/\/rotary.fi\/d1410\/rauha\/rauhantyota-kaytannossa\/#primaryimage"},"thumbnailUrl":"https:\/\/rotary.fi\/d1410\/wp-content\/uploads\/sites\/215\/2021\/11\/jennifer-ja-suvi-443x500-1.jpg","datePublished":"2021-11-16T11:31:22+00:00","dateModified":"2024-05-26T19:11:42+00:00","breadcrumb":{"@id":"https:\/\/rotary.fi\/d1410\/rauha\/rauhantyota-kaytannossa\/#breadcrumb"},"inLanguage":"fi","potentialAction":[{"@type":"ReadAction","target":["https:\/\/rotary.fi\/d1410\/rauha\/rauhantyota-kaytannossa\/"]}]},{"@type":"ImageObject","inLanguage":"fi","@id":"https:\/\/rotary.fi\/d1410\/rauha\/rauhantyota-kaytannossa\/#primaryimage","url":"https:\/\/rotary.fi\/d1410\/wp-content\/uploads\/sites\/215\/2021\/11\/jennifer-ja-suvi-443x500-1.jpg","contentUrl":"https:\/\/rotary.fi\/d1410\/wp-content\/uploads\/sites\/215\/2021\/11\/jennifer-ja-suvi-443x500-1.jpg","width":443,"height":500},{"@type":"BreadcrumbList","@id":"https:\/\/rotary.fi\/d1410\/rauha\/rauhantyota-kaytannossa\/#breadcrumb","itemListElement":[{"@type":"ListItem","position":1,"name":"Home","item":"https:\/\/rotary.fi\/d1410\/"},{"@type":"ListItem","position":2,"name":"Rauha","item":"https:\/\/rotary.fi\/d1410\/rauha\/"},{"@type":"ListItem","position":3,"name":"Rauhanty\u00f6t\u00e4 k\u00e4yt\u00e4nn\u00f6ss\u00e4"}]},{"@type":"WebSite","@id":"https:\/\/rotary.fi\/d1410\/#website","url":"https:\/\/rotary.fi\/d1410\/","name":"Piiri 1410","description":"Suomen Rotary","potentialAction":[{"@type":"SearchAction","target":{"@type":"EntryPoint","urlTemplate":"https:\/\/rotary.fi\/d1410\/?s={search_term_string}"},"query-input":{"@type":"PropertyValueSpecification","valueRequired":true,"valueName":"search_term_string"}}],"inLanguage":"fi"}]}},"lang":"fi","translations":{"fi":4733},"pll_sync_post":[],"_links":{"self":[{"href":"https:\/\/rotary.fi\/d1410\/wp-json\/wp\/v2\/pages\/4733","targetHints":{"allow":["GET"]}}],"collection":[{"href":"https:\/\/rotary.fi\/d1410\/wp-json\/wp\/v2\/pages"}],"about":[{"href":"https:\/\/rotary.fi\/d1410\/wp-json\/wp\/v2\/types\/page"}],"author":[{"embeddable":true,"href":"https:\/\/rotary.fi\/d1410\/wp-json\/wp\/v2\/users\/384"}],"replies":[{"embeddable":true,"href":"https:\/\/rotary.fi\/d1410\/wp-json\/wp\/v2\/comments?post=4733"}],"version-history":[{"count":9,"href":"https:\/\/rotary.fi\/d1410\/wp-json\/wp\/v2\/pages\/4733\/revisions"}],"predecessor-version":[{"id":7134,"href":"https:\/\/rotary.fi\/d1410\/wp-json\/wp\/v2\/pages\/4733\/revisions\/7134"}],"up":[{"embeddable":true,"href":"https:\/\/rotary.fi\/d1410\/wp-json\/wp\/v2\/pages\/3936"}],"wp:featuredmedia":[{"embeddable":true,"href":"https:\/\/rotary.fi\/d1410\/wp-json\/wp\/v2\/media\/4735"}],"wp:attachment":[{"href":"https:\/\/rotary.fi\/d1410\/wp-json\/wp\/v2\/media?parent=4733"}],"curies":[{"name":"wp","href":"https:\/\/api.w.org\/{rel}","templated":true}]}}