{"id":4528,"date":"2023-03-11T12:26:07","date_gmt":"2023-03-11T10:26:07","guid":{"rendered":"https:\/\/rotary.fi\/d1410\/?page_id=4528"},"modified":"2026-02-12T18:02:35","modified_gmt":"2026-02-12T16:02:35","slug":"mail-address","status":"publish","type":"page","link":"https:\/\/rotary.fi\/d1410\/rotarypiiri1410\/mail-address\/","title":{"rendered":"Posti- ja laskutusosoitteet"},"content":{"rendered":"<p>[et_pb_section fb_built=&#8221;1&#8243; module_class=&#8221;jumbotron-page&#8221; _builder_version=&#8221;4.17.4&#8243; background_image=&#8221;https:\/\/rotary.fi\/d1410\/wp-content\/uploads\/sites\/215\/2021\/06\/putsaari1-pienempi.jpg&#8221; global_colors_info=&#8221;{}&#8221;][et_pb_row module_class=&#8221; et_pb_row_fullwidth&#8221; _builder_version=&#8221;4.16&#8243; width=&#8221;89%&#8221; width_tablet=&#8221;80%&#8221; width_phone=&#8221;&#8221; width_last_edited=&#8221;on|desktop&#8221; max_width=&#8221;89%&#8221; max_width_tablet=&#8221;80%&#8221; max_width_phone=&#8221;&#8221; max_width_last_edited=&#8221;on|desktop&#8221; make_fullwidth=&#8221;on&#8221; global_colors_info=&#8221;{}&#8221;][et_pb_column type=&#8221;4_4&#8243; _builder_version=&#8221;4.16&#8243; custom_padding=&#8221;|||&#8221; global_colors_info=&#8221;{}&#8221; custom_padding__hover=&#8221;|||&#8221;][et_pb_text admin_label=&#8221;P\u00e4\u00e4otsikko kuvan p\u00e4\u00e4ll\u00e4&#8221; _builder_version=&#8221;4.21.0&#8243; text_orientation=&#8221;center&#8221; background_layout=&#8221;dark&#8221; locked=&#8221;off&#8221; collapsed=&#8221;off&#8221; global_colors_info=&#8221;{}&#8221;]<\/p>\n<h1>Posti- ja laskutustiedot<\/h1>\n<p>&nbsp;<\/p>\n<p>&nbsp;<\/p>\n<p>[\/et_pb_text][\/et_pb_column][\/et_pb_row][\/et_pb_section][et_pb_section fb_built=&#8221;1&#8243; module_class=&#8221;sisaltoalue_perus&#8221; _builder_version=&#8221;4.16&#8243; custom_margin=&#8221;||40px|&#8221; global_colors_info=&#8221;{}&#8221;][et_pb_row custom_padding_last_edited=&#8221;on|phone&#8221; _builder_version=&#8221;4.16&#8243; custom_padding_tablet=&#8221;&#8221; custom_padding_phone=&#8221;&#8221; global_colors_info=&#8221;{}&#8221;][et_pb_column type=&#8221;4_4&#8243; _builder_version=&#8221;4.16&#8243; custom_padding=&#8221;|||&#8221; global_colors_info=&#8221;{}&#8221; custom_padding__hover=&#8221;|||&#8221;][et_pb_text _builder_version=&#8221;4.27.4&#8243; hover_enabled=&#8221;0&#8243; global_colors_info=&#8221;{}&#8221; sticky_enabled=&#8221;0&#8243;]<\/p>\n<p style=\"font-weight: 400\">\n<p style=\"font-weight: 400\"><strong>Rotary Internationalin piiri 1410 ry \/ Rotary Internationals distrikt 1410 rf<\/strong><\/p>\n<p><strong>Y-tunnus<\/strong> 2627258-1<br \/><strong>E-mail:<\/strong> piiri1410@gmail.com<\/p>\n<p>Kauden 2025-2026 laskut:<br \/>Rotary Internationalin piiri 1410 ry \/ Rotary Internationals distrikt 1410 rf<br \/>c\/o Matti Hakoila<br \/>Rauhankatu 2 C 10<br \/>20100 Turku<\/p>\n<p><strong>LASKUTUSTIEDOT<\/strong><\/p>\n<p><strong>Verkkolaskut<\/strong><\/p>\n<p>Toivomme, ett\u00e4 l\u00e4het\u00e4tte laskunne jatkossa ensisijaisesti verkkolaskuina.<br \/>Verkkolaskujen k\u00e4sittely on sek\u00e4 l\u00e4hett\u00e4j\u00e4lle ett\u00e4 vastaanottajalle nopeampaa, luotettavampaa ja edullisempaa kuin paperilaskujen k\u00e4sittely.<\/p>\n<p>Verkkolaskuosoite \/ OVT-tunnus: 003726272581<br \/>Operaattori: Apix Messaging Oy (003723327487)<\/p>\n<p>Huomioittehan, ett\u00e4 mik\u00e4li k\u00e4yt\u00f6ss\u00e4nne on jokin seuraavista operaattoreista verkkolaskun l\u00e4hett\u00e4miseen:<br \/><strong>Handelsbanken tai Paikallisosuuspankit<\/strong>,<br \/>tulee k\u00e4ytt\u00e4\u00e4 Apixin verkkolaskuosoitteenamme seuraavaa osoitetta:<\/p>\n<p>Verkkolaskuosoite: 003723327487 ja operaattoritunnus DABAFIHH<\/p>\n<p><strong>Paperilaskut<\/strong><\/p>\n<p>Mik\u00e4li ette voi l\u00e4hett\u00e4\u00e4 verkkolaskuja, pyyd\u00e4mme l\u00e4hett\u00e4m\u00e4\u00e4n laskut s\u00e4hk\u00f6postitse palvelun tilaajalle tai piirikuvern\u00f6\u00f6rille:<br \/>matti.hakoila@diversey.com<\/p>\n<p><a href=\"https:\/\/rotary.fi\/d1410\/wp-content\/uploads\/sites\/215\/2025\/03\/D1410-Verkkolaskutiedote-Faktureringsuppgifter.pdf\"><strong>&gt;&gt; Tiedote laskutusohjeesta\u00a0<\/strong><\/a><\/p>\n<p><strong>\u00a0<\/strong><\/p>\n<p><b>POSTIOSOITE<\/b><\/p>\n<p><b><\/b><span style=\"font-size: 16px\">Rotary Internationalin piiri 1410 ry \/ Rotary Internationals distrikt 1410 rf<\/span><br \/>c\/o Matti Hakoila<br \/>Rauhankatu 2 C 10<br \/>20100 Turku<\/p>\n<p>&nbsp;<\/p>\n<p>[\/et_pb_text][\/et_pb_column][\/et_pb_row][\/et_pb_section]<\/p>\n","protected":false},"excerpt":{"rendered":"<p>Posti- ja laskutustiedot &nbsp; &nbsp; Rotary Internationalin piiri 1410 ry \/ Rotary Internationals distrikt 1410 rf Y-tunnus 2627258-1E-mail: piiri1410@gmail.com Kauden 2025-2026 laskut:Rotary Internationalin piiri 1410 ry \/ Rotary Internationals distrikt 1410 rfc\/o Matti HakoilaRauhankatu 2 C 1020100 Turku LASKUTUSTIEDOT Verkkolaskut Toivomme, ett\u00e4 l\u00e4het\u00e4tte laskunne jatkossa ensisijaisesti verkkolaskuina.Verkkolaskujen k\u00e4sittely on sek\u00e4 l\u00e4hett\u00e4j\u00e4lle ett\u00e4 vastaanottajalle nopeampaa, luotettavampaa [&hellip;]<\/p>\n","protected":false},"author":384,"featured_media":0,"parent":2017,"menu_order":0,"comment_status":"closed","ping_status":"closed","template":"","meta":{"_acf_changed":false,"_et_pb_use_builder":"on","_et_pb_old_content":"","_et_gb_content_width":"","footnotes":""},"class_list":["post-4528","page","type-page","status-publish","hentry"],"acf":[],"yoast_head":"<!-- This site is optimized with the Yoast SEO plugin v27.0 - https:\/\/yoast.com\/product\/yoast-seo-wordpress\/ -->\n<title>Posti- ja laskutusosoitteet - Piiri 1410<\/title>\n<meta name=\"robots\" content=\"index, follow, max-snippet:-1, max-image-preview:large, max-video-preview:-1\" \/>\n<link rel=\"canonical\" href=\"https:\/\/rotary.fi\/d1410\/rotarypiiri1410\/mail-address\/\" \/>\n<meta property=\"og:locale\" content=\"fi_FI\" \/>\n<meta property=\"og:type\" content=\"article\" \/>\n<meta property=\"og:title\" content=\"Posti- ja laskutusosoitteet - Piiri 1410\" \/>\n<meta property=\"og:description\" content=\"Posti- ja laskutustiedot &nbsp; &nbsp; Rotary Internationalin piiri 1410 ry \/ Rotary Internationals distrikt 1410 rf Y-tunnus 2627258-1E-mail: piiri1410@gmail.com Kauden 2025-2026 laskut:Rotary Internationalin piiri 1410 ry \/ Rotary Internationals distrikt 1410 rfc\/o Matti HakoilaRauhankatu 2 C 1020100 Turku LASKUTUSTIEDOT Verkkolaskut Toivomme, ett\u00e4 l\u00e4het\u00e4tte laskunne jatkossa ensisijaisesti verkkolaskuina.Verkkolaskujen k\u00e4sittely on sek\u00e4 l\u00e4hett\u00e4j\u00e4lle ett\u00e4 vastaanottajalle nopeampaa, luotettavampaa [&hellip;]\" \/>\n<meta property=\"og:url\" content=\"https:\/\/rotary.fi\/d1410\/rotarypiiri1410\/mail-address\/\" \/>\n<meta property=\"og:site_name\" content=\"Piiri 1410\" \/>\n<meta property=\"article:publisher\" content=\"https:\/\/www.facebook.com\/rotary\/\" \/>\n<meta property=\"article:modified_time\" content=\"2026-02-12T16:02:35+00:00\" \/>\n<meta name=\"twitter:card\" content=\"summary_large_image\" \/>\n<meta name=\"twitter:label1\" content=\"Arvioitu lukuaika\" \/>\n\t<meta name=\"twitter:data1\" content=\"1 minuutti\" \/>\n<script type=\"application\/ld+json\" class=\"yoast-schema-graph\">{\"@context\":\"https:\/\/schema.org\",\"@graph\":[{\"@type\":\"WebPage\",\"@id\":\"https:\/\/rotary.fi\/d1410\/rotarypiiri1410\/mail-address\/\",\"url\":\"https:\/\/rotary.fi\/d1410\/rotarypiiri1410\/mail-address\/\",\"name\":\"Posti- ja laskutusosoitteet - Piiri 1410\",\"isPartOf\":{\"@id\":\"https:\/\/rotary.fi\/d1410\/#website\"},\"datePublished\":\"2023-03-11T10:26:07+00:00\",\"dateModified\":\"2026-02-12T16:02:35+00:00\",\"breadcrumb\":{\"@id\":\"https:\/\/rotary.fi\/d1410\/rotarypiiri1410\/mail-address\/#breadcrumb\"},\"inLanguage\":\"fi\",\"potentialAction\":[{\"@type\":\"ReadAction\",\"target\":[\"https:\/\/rotary.fi\/d1410\/rotarypiiri1410\/mail-address\/\"]}]},{\"@type\":\"BreadcrumbList\",\"@id\":\"https:\/\/rotary.fi\/d1410\/rotarypiiri1410\/mail-address\/#breadcrumb\",\"itemListElement\":[{\"@type\":\"ListItem\",\"position\":1,\"name\":\"Home\",\"item\":\"https:\/\/rotary.fi\/d1410\/\"},{\"@type\":\"ListItem\",\"position\":2,\"name\":\"Rotarypiiri 1410\",\"item\":\"https:\/\/rotary.fi\/d1410\/rotarypiiri1410\/\"},{\"@type\":\"ListItem\",\"position\":3,\"name\":\"Posti- ja laskutusosoitteet\"}]},{\"@type\":\"WebSite\",\"@id\":\"https:\/\/rotary.fi\/d1410\/#website\",\"url\":\"https:\/\/rotary.fi\/d1410\/\",\"name\":\"Piiri 1410\",\"description\":\"Suomen Rotary\",\"potentialAction\":[{\"@type\":\"SearchAction\",\"target\":{\"@type\":\"EntryPoint\",\"urlTemplate\":\"https:\/\/rotary.fi\/d1410\/?s={search_term_string}\"},\"query-input\":{\"@type\":\"PropertyValueSpecification\",\"valueRequired\":true,\"valueName\":\"search_term_string\"}}],\"inLanguage\":\"fi\"}]}<\/script>\n<!-- \/ Yoast SEO plugin. -->","yoast_head_json":{"title":"Posti- ja laskutusosoitteet - Piiri 1410","robots":{"index":"index","follow":"follow","max-snippet":"max-snippet:-1","max-image-preview":"max-image-preview:large","max-video-preview":"max-video-preview:-1"},"canonical":"https:\/\/rotary.fi\/d1410\/rotarypiiri1410\/mail-address\/","og_locale":"fi_FI","og_type":"article","og_title":"Posti- ja laskutusosoitteet - Piiri 1410","og_description":"Posti- ja laskutustiedot &nbsp; &nbsp; Rotary Internationalin piiri 1410 ry \/ Rotary Internationals distrikt 1410 rf Y-tunnus 2627258-1E-mail: piiri1410@gmail.com Kauden 2025-2026 laskut:Rotary Internationalin piiri 1410 ry \/ Rotary Internationals distrikt 1410 rfc\/o Matti HakoilaRauhankatu 2 C 1020100 Turku LASKUTUSTIEDOT Verkkolaskut Toivomme, ett\u00e4 l\u00e4het\u00e4tte laskunne jatkossa ensisijaisesti verkkolaskuina.Verkkolaskujen k\u00e4sittely on sek\u00e4 l\u00e4hett\u00e4j\u00e4lle ett\u00e4 vastaanottajalle nopeampaa, luotettavampaa [&hellip;]","og_url":"https:\/\/rotary.fi\/d1410\/rotarypiiri1410\/mail-address\/","og_site_name":"Piiri 1410","article_publisher":"https:\/\/www.facebook.com\/rotary\/","article_modified_time":"2026-02-12T16:02:35+00:00","twitter_card":"summary_large_image","twitter_misc":{"Arvioitu lukuaika":"1 minuutti"},"schema":{"@context":"https:\/\/schema.org","@graph":[{"@type":"WebPage","@id":"https:\/\/rotary.fi\/d1410\/rotarypiiri1410\/mail-address\/","url":"https:\/\/rotary.fi\/d1410\/rotarypiiri1410\/mail-address\/","name":"Posti- ja laskutusosoitteet - Piiri 1410","isPartOf":{"@id":"https:\/\/rotary.fi\/d1410\/#website"},"datePublished":"2023-03-11T10:26:07+00:00","dateModified":"2026-02-12T16:02:35+00:00","breadcrumb":{"@id":"https:\/\/rotary.fi\/d1410\/rotarypiiri1410\/mail-address\/#breadcrumb"},"inLanguage":"fi","potentialAction":[{"@type":"ReadAction","target":["https:\/\/rotary.fi\/d1410\/rotarypiiri1410\/mail-address\/"]}]},{"@type":"BreadcrumbList","@id":"https:\/\/rotary.fi\/d1410\/rotarypiiri1410\/mail-address\/#breadcrumb","itemListElement":[{"@type":"ListItem","position":1,"name":"Home","item":"https:\/\/rotary.fi\/d1410\/"},{"@type":"ListItem","position":2,"name":"Rotarypiiri 1410","item":"https:\/\/rotary.fi\/d1410\/rotarypiiri1410\/"},{"@type":"ListItem","position":3,"name":"Posti- ja laskutusosoitteet"}]},{"@type":"WebSite","@id":"https:\/\/rotary.fi\/d1410\/#website","url":"https:\/\/rotary.fi\/d1410\/","name":"Piiri 1410","description":"Suomen Rotary","potentialAction":[{"@type":"SearchAction","target":{"@type":"EntryPoint","urlTemplate":"https:\/\/rotary.fi\/d1410\/?s={search_term_string}"},"query-input":{"@type":"PropertyValueSpecification","valueRequired":true,"valueName":"search_term_string"}}],"inLanguage":"fi"}]}},"lang":"fi","translations":{"fi":4528,"sv":4545,"en":5875},"pll_sync_post":[],"_links":{"self":[{"href":"https:\/\/rotary.fi\/d1410\/wp-json\/wp\/v2\/pages\/4528","targetHints":{"allow":["GET"]}}],"collection":[{"href":"https:\/\/rotary.fi\/d1410\/wp-json\/wp\/v2\/pages"}],"about":[{"href":"https:\/\/rotary.fi\/d1410\/wp-json\/wp\/v2\/types\/page"}],"author":[{"embeddable":true,"href":"https:\/\/rotary.fi\/d1410\/wp-json\/wp\/v2\/users\/384"}],"replies":[{"embeddable":true,"href":"https:\/\/rotary.fi\/d1410\/wp-json\/wp\/v2\/comments?post=4528"}],"version-history":[{"count":10,"href":"https:\/\/rotary.fi\/d1410\/wp-json\/wp\/v2\/pages\/4528\/revisions"}],"predecessor-version":[{"id":9237,"href":"https:\/\/rotary.fi\/d1410\/wp-json\/wp\/v2\/pages\/4528\/revisions\/9237"}],"up":[{"embeddable":true,"href":"https:\/\/rotary.fi\/d1410\/wp-json\/wp\/v2\/pages\/2017"}],"wp:attachment":[{"href":"https:\/\/rotary.fi\/d1410\/wp-json\/wp\/v2\/media?parent=4528"}],"curies":[{"name":"wp","href":"https:\/\/api.w.org\/{rel}","templated":true}]}}