{"id":4208,"date":"2021-08-25T15:19:08","date_gmt":"2021-08-25T13:19:08","guid":{"rendered":"https:\/\/rotary.fi\/d1410\/?page_id=4208"},"modified":"2025-06-21T16:25:22","modified_gmt":"2025-06-21T14:25:22","slug":"kuvernoori","status":"publish","type":"page","link":"https:\/\/rotary.fi\/d1410\/sv\/ta-kontakt\/kuvernoori\/","title":{"rendered":"Guvern\u00f6ren"},"content":{"rendered":"<p>[et_pb_section fb_built=&#8221;1&#8243; module_class=&#8221;jumbotron-page&#8221; _builder_version=&#8221;4.17.4&#8243; background_image=&#8221;https:\/\/rotary.fi\/d1410\/wp-content\/uploads\/sites\/215\/2021\/07\/putsaari7-2.jpg&#8221; global_colors_info=&#8221;{}&#8221;][et_pb_row module_class=&#8221; et_pb_row_fullwidth et_pb_row_fullwidth&#8221; _builder_version=&#8221;4.16&#8243; width=&#8221;89%&#8221; width_tablet=&#8221;80%&#8221; width_phone=&#8221;&#8221; width_last_edited=&#8221;on|desktop&#8221; max_width=&#8221;89%&#8221; max_width_tablet=&#8221;80%&#8221; max_width_phone=&#8221;&#8221; max_width_last_edited=&#8221;on|desktop&#8221; make_fullwidth=&#8221;on&#8221; global_colors_info=&#8221;{}&#8221;][et_pb_column type=&#8221;4_4&#8243; _builder_version=&#8221;4.16&#8243; custom_padding=&#8221;|||&#8221; global_colors_info=&#8221;{}&#8221; custom_padding__hover=&#8221;|||&#8221;][et_pb_text admin_label=&#8221;Kuvern\u00f6\u00f6ri -otsikko&#8221; _builder_version=&#8221;4.27.4&#8243; text_orientation=&#8221;center&#8221; background_layout=&#8221;dark&#8221; global_colors_info=&#8221;{}&#8221;]<\/p>\n<h1>Guvern\u00f6ren 2025-26<\/h1>\n<p>[\/et_pb_text][\/et_pb_column][\/et_pb_row][\/et_pb_section][et_pb_section fb_built=&#8221;1&#8243; module_class=&#8221;sisaltoalue_perus&#8221; _builder_version=&#8221;4.17.4&#8243; global_colors_info=&#8221;{}&#8221;][et_pb_row column_structure=&#8221;1_3,2_3&#8243; module_class=&#8221;henkilosto-listaus&#8221; _builder_version=&#8221;4.16&#8243; global_colors_info=&#8221;{}&#8221;][et_pb_column type=&#8221;1_3&#8243; _builder_version=&#8221;4.16&#8243; custom_padding=&#8221;|||&#8221; global_colors_info=&#8221;{}&#8221; custom_padding__hover=&#8221;|||&#8221;][et_pb_team_member name=&#8221;DG Matti Hakoila&#8221; position=&#8221;Guvern\u00f6r&#8221; image_url=&#8221;https:\/\/rotary.fi\/d1410\/wp-content\/uploads\/sites\/215\/2025\/06\/matti-hakoila-rotated-1.jpg&#8221; admin_label=&#8221;DG &#8221; module_class=&#8221;kuvernoori&#8221; _builder_version=&#8221;4.27.4&#8243; background_color=&#8221;#f8f9fa&#8221; z_index_tablet=&#8221;500&#8243; header_text_shadow_horizontal_length_tablet=&#8221;0px&#8221; header_text_shadow_vertical_length_tablet=&#8221;0px&#8221; header_text_shadow_blur_strength_tablet=&#8221;1px&#8221; body_text_shadow_horizontal_length_tablet=&#8221;0px&#8221; body_text_shadow_vertical_length_tablet=&#8221;0px&#8221; body_text_shadow_blur_strength_tablet=&#8221;1px&#8221; position_text_shadow_horizontal_length_tablet=&#8221;0px&#8221; position_text_shadow_vertical_length_tablet=&#8221;0px&#8221; position_text_shadow_blur_strength_tablet=&#8221;1px&#8221; body_link_text_shadow_horizontal_length_tablet=&#8221;0px&#8221; body_link_text_shadow_vertical_length_tablet=&#8221;0px&#8221; body_link_text_shadow_blur_strength_tablet=&#8221;1px&#8221; body_ul_text_shadow_horizontal_length_tablet=&#8221;0px&#8221; body_ul_text_shadow_vertical_length_tablet=&#8221;0px&#8221; body_ul_text_shadow_blur_strength_tablet=&#8221;1px&#8221; body_ol_text_shadow_horizontal_length_tablet=&#8221;0px&#8221; body_ol_text_shadow_vertical_length_tablet=&#8221;0px&#8221; body_ol_text_shadow_blur_strength_tablet=&#8221;1px&#8221; body_quote_text_shadow_horizontal_length_tablet=&#8221;0px&#8221; body_quote_text_shadow_vertical_length_tablet=&#8221;0px&#8221; body_quote_text_shadow_blur_strength_tablet=&#8221;1px&#8221; box_shadow_horizontal_tablet=&#8221;0px&#8221; box_shadow_vertical_tablet=&#8221;0px&#8221; box_shadow_blur_tablet=&#8221;40px&#8221; box_shadow_spread_tablet=&#8221;0px&#8221; box_shadow_horizontal_image_tablet=&#8221;0px&#8221; box_shadow_vertical_image_tablet=&#8221;0px&#8221; box_shadow_blur_image_tablet=&#8221;40px&#8221; box_shadow_spread_image_tablet=&#8221;0px&#8221; text_shadow_horizontal_length_tablet=&#8221;0px&#8221; text_shadow_vertical_length_tablet=&#8221;0px&#8221; text_shadow_blur_strength_tablet=&#8221;1px&#8221; global_colors_info=&#8221;{}&#8221;]<\/p>\n<p>Kyr\u00f6sj\u00e4rvi<\/p>\n<p>Turku Aboa Nova RC<\/p>\n<p>Puhdistus- ja hygienia-ala \u2013 St\u00e4d- och hygiensektorn \u2013 Cleaning and hygienie sector<br \/>Mobile +358 400 536 594<br \/>E-mail: matti.hakoila@gmail.com<\/p>\n<p>[\/et_pb_team_member][\/et_pb_column][et_pb_column type=&#8221;2_3&#8243; _builder_version=&#8221;4.16&#8243; custom_padding=&#8221;|||&#8221; global_colors_info=&#8221;{}&#8221; custom_padding__hover=&#8221;|||&#8221;][et_pb_text _builder_version=&#8221;4.27.4&#8243; _module_preset=&#8221;default&#8221; hover_enabled=&#8221;0&#8243; sticky_enabled=&#8221;0&#8243;]<\/p>\n<h5>Presentation av DG<\/h5>\n<p>Distrikt 1410:s nya DG kommer fr\u00e5n \u00c5bo, men \u00e4r f\u00f6dd i Heideken 1961. Till min familj h\u00f6r min fru Sirkku samt mina barn och barnbarn, som redan har flugit iv\u00e4g och bor i huvudstadsregionen. Sj\u00e4lv har jag varit medlem i Rotarian i cirka 15 \u00e5r och har deltagit i n\u00e4stan alla klubbaktiviteter sedan jag blev medlem i klubben. Min hemklubb \u00e4r Turku Aboa Nova, den yngsta klubben i \u00c5bo, som fr\u00e5n f\u00f6rsta b\u00f6rjan har varit en kv\u00e4llsklubb och en klubb d\u00e4r DEI-principerna anv\u00e4ndes redan innan man b\u00f6rjade tala om dem. Presidenterna har tenderat att alternera mellan b\u00e5da k\u00f6nen, vilket har medf\u00f6rt mycket rotation och variation i programmen.<\/p>\n<p>Jag har varit president 2 g\u00e5nger och har varit AG f\u00f6r \u00c5boomr\u00e5det och pj f\u00f6r milj\u00f6kommitt\u00e9n under n\u00e5gra \u00e5r. M\u00e5nga k\u00e4nner mig ocks\u00e5 som Mr Vesireppu (Vattenryggsack), vilket f\u00f6rmodligen \u00e4r ett bekant namn. Jag \u00e4r bekant med ungdomsutbyten fr\u00e5n mina klubb\u00e5r, jag var n\u00e4ra involverad i klubbaktiviteter. I mitt arbete har jag varit involverad i hygienindustrin i Finland och utomlands. Under de senaste drygt 20 \u00e5ren har mitt kontor varit i Nederl\u00e4nderna. Dessutom har jag deltagit i utvecklingen av flera kriterier f\u00f6r Svanenm\u00e4rkningen och den europeiska milj\u00f6m\u00e4rkningen, samt varit grundare av milj\u00f6kommitt\u00e9n i v\u00e5r sektor och ordf\u00f6rande f\u00f6r under m\u00e5nga \u00e5r. P\u00e5 senare tid har jag b\u00f6rjat arbeta med aff\u00e4rsn\u00e4tverk f\u00f6r att st\u00f6dja v\u00e4lbefinnandet hos mikrof\u00f6retag genom Business Networking i Egentliga Finland. Min hobby var tidigare kryssning och segling, jag \u00e4r en f\u00f6re detta sj\u00f6bj\u00f6rn. Dessutom har jag varit involverad i bollsportsklubbaktiviteter i \u00f6ver 35 \u00e5r i \u00c5boomr\u00e5det. Detta forts\u00e4tter \u00e4n i dag. Min nuvarande hobby \u00e4r sk\u00e4rg\u00e5rd och stugliv, jag bor ungef\u00e4r \u00bd av \u00e5ret i v\u00e5ra 2 l\u00e4genheter i sk\u00e4rg\u00e5rden.<\/p>\n<p>Unite for Good betyder f\u00f6r mig att g\u00f6ra gott tillsammans. Det har varit en av v\u00e5ra v\u00e4gledande principer i 120 \u00e5r och \u00e4r det fortfarande. Genom att g\u00f6ra mer tillsammans f\u00e5r vi mer gjort, mer interaktion, mer uppm\u00e4rksamhet och fler framtida m\u00f6jligheter och medlemmar. Det finns utmaningar med att g\u00f6ra saker tillsammans, men jag tror att ett gott syfte kommer att v\u00e4gleda oss smidigt fram\u00e5t mot nya framg\u00e5ngar i v\u00e5r f\u00f6r\u00e4nderliga milj\u00f6. Detta inneb\u00e4r ocks\u00e5 att ta h\u00e4nsyn till och lyssna p\u00e5 andras \u00e5sikter och att bygga konsensus tillsammans. I denna globala politiska och sociala milj\u00f6 finns det en stark f\u00f6rekomst av personlig egoism och m\u00e5ls\u00e4ttning. Detta exemplifieras just nu, \u00e4ven av internationella ledare. Jag tycker att rimmar lite illa med Rotarys anda, filosofi och principer. S\u00e5 vi m\u00e5ste fundera p\u00e5 hur vi alla, i hela distriktet och i klubbarna, \u00f6ppet och tillsammans kan utveckla v\u00e5ra aktiviteter ytterligare.<\/p>\n<p>L\u00e5t oss ocks\u00e5 komma ih\u00e5g att ta hand om v\u00e5ra \u00e4ldre och mindre aktiva medlemmar, bland annat dem ocks\u00e5 och ge dem utrymme att engagera sig igen. TKM &#8211; TA kompis med &#8211; Bring a Buddy In &#8211; p\u00e5 alla niv\u00e5er: regioner, klubbar och medlemmar. Unite for good!<\/p>\n<p>Det finns en enorm m\u00e4ngd utm\u00e4rkt arbete som utf\u00f6rs i distriktet genom v\u00e5rt samh\u00e4lle. Dessa \u00e4r ofta bara k\u00e4nda f\u00f6r din egen klubb eller region, men det skulle vara relativt enkelt att kopiera fantastiska projekt f\u00f6r andra regioner, klubbar att g\u00f6ra tillsammans om det \u00e4r meningsfullt. Detta skulle ge oss handlingskraft, synlighet och kraft att f\u00e5 saker gjorda genom v\u00e5ra aktiviteter &#8211; arbeta tillsammans.<\/p>\n<p>P\u00e5 samma s\u00e4tt skulle det vara l\u00e4ttare att dra nytta av Rotary Foundations anslag och distriktets st\u00f6dm\u00f6jligheter n\u00e4r vi g\u00f6r saker tillsammans. En klubb har inte alltid resurser f\u00f6r ett projekt, men 2-3 grannklubbar kan samarbeta f\u00f6r att g\u00f6ra nya saker p\u00e5 ett proaktivt s\u00e4tt i sitt omr\u00e5de. F\u00f6r att g\u00f6ra denna<br \/>verksamhet mer effektiv har vi st\u00e4rkt Foundation-kommitt\u00e9n och projektst\u00f6det inom distriktsorganisationen. P\u00e5 samma s\u00e4tt syftar den nya regionala divisionen till att f\u00f6ra klubbar som ligger n\u00e4ra varandra n\u00e4rmare varandra, s\u00e4rskilt i omr\u00e5dena runt Salo och \u00c5bo och i Vakka-Suomi. Jag hoppas att vi fr\u00e5n dessa kommer att ha en smidigt fungerande aktiv boom i hela v\u00e5rt distrikt &#8211; som arbetar tillsammans.<\/p>\n<p>Distriktets st\u00f6d- och reklammaterial, fr\u00e4mst roll-ups, Beachflags och presentationer, har uppdaterats inf\u00f6r det nya \u00e5ret. Jag hoppas att alla v\u00e5ra distriktsaktiviteter och klubbar kommer att anv\u00e4nda sig av dessa vid olika evenemang p\u00e5 marknader och i byar. Det \u00e4r d\u00e4r v\u00e5rt arbete g\u00f6rs.<\/p>\n<p>Jag tror och litar p\u00e5 att vi \u00e4r p\u00e5 r\u00e4tt v\u00e4g genom att forts\u00e4tta p\u00e5 den v\u00e4g av aktivism som banats av tidigare guvern\u00f6rer. Det \u00e4r bra f\u00f6r oss att forts\u00e4tta i denna riktning.<\/p>\n<p>UNITE FOR GOOD 2025-26<br \/>DG 2025-26 Matti Hakoila D1410\u00a0<\/p>\n<p>&nbsp;<\/p>\n<p>[\/et_pb_text][\/et_pb_column][\/et_pb_row][\/et_pb_section]<\/p>\n","protected":false},"excerpt":{"rendered":"<p>Guvern\u00f6ren 2025-26Kyr\u00f6sj\u00e4rvi Turku Aboa Nova RC Puhdistus- ja hygienia-ala \u2013 St\u00e4d- och hygiensektorn \u2013 Cleaning and hygienie sectorMobile +358 400 536 594E-mail: matti.hakoila@gmail.comPresentation av DG Distrikt 1410:s nya DG kommer fr\u00e5n \u00c5bo, men \u00e4r f\u00f6dd i Heideken 1961. Till min familj h\u00f6r min fru Sirkku samt mina barn och barnbarn, som redan har flugit iv\u00e4g [&hellip;]<\/p>\n","protected":false},"author":384,"featured_media":0,"parent":2770,"menu_order":1,"comment_status":"closed","ping_status":"closed","template":"","meta":{"_acf_changed":false,"_et_pb_use_builder":"on","_et_pb_old_content":"","_et_gb_content_width":"","footnotes":""},"class_list":["post-4208","page","type-page","status-publish","hentry"],"acf":[],"yoast_head":"<!-- This site is optimized with the Yoast SEO plugin v27.0 - https:\/\/yoast.com\/product\/yoast-seo-wordpress\/ -->\n<title>Guvern\u00f6ren - Piiri 1410<\/title>\n<meta name=\"robots\" content=\"index, follow, max-snippet:-1, max-image-preview:large, max-video-preview:-1\" \/>\n<link rel=\"canonical\" href=\"https:\/\/rotary.fi\/d1410\/sv\/ta-kontakt\/kuvernoori\/\" \/>\n<meta property=\"og:locale\" content=\"fi_FI\" \/>\n<meta property=\"og:type\" content=\"article\" \/>\n<meta property=\"og:title\" content=\"Guvern\u00f6ren - Piiri 1410\" \/>\n<meta property=\"og:description\" content=\"Guvern\u00f6ren 2025-26Kyr\u00f6sj\u00e4rvi Turku Aboa Nova RC Puhdistus- ja hygienia-ala \u2013 St\u00e4d- och hygiensektorn \u2013 Cleaning and hygienie sectorMobile +358 400 536 594E-mail: matti.hakoila@gmail.comPresentation av DG Distrikt 1410:s nya DG kommer fr\u00e5n \u00c5bo, men \u00e4r f\u00f6dd i Heideken 1961. Till min familj h\u00f6r min fru Sirkku samt mina barn och barnbarn, som redan har flugit iv\u00e4g [&hellip;]\" \/>\n<meta property=\"og:url\" content=\"https:\/\/rotary.fi\/d1410\/sv\/ta-kontakt\/kuvernoori\/\" \/>\n<meta property=\"og:site_name\" content=\"Piiri 1410\" \/>\n<meta property=\"article:publisher\" content=\"https:\/\/www.facebook.com\/rotary\/\" \/>\n<meta property=\"article:modified_time\" content=\"2025-06-21T14:25:22+00:00\" \/>\n<meta name=\"twitter:card\" content=\"summary_large_image\" \/>\n<meta name=\"twitter:label1\" content=\"Arvioitu lukuaika\" \/>\n\t<meta name=\"twitter:data1\" content=\"5 minuuttia\" \/>\n<script type=\"application\/ld+json\" class=\"yoast-schema-graph\">{\"@context\":\"https:\/\/schema.org\",\"@graph\":[{\"@type\":\"WebPage\",\"@id\":\"https:\/\/rotary.fi\/d1410\/sv\/ta-kontakt\/kuvernoori\/\",\"url\":\"https:\/\/rotary.fi\/d1410\/sv\/ta-kontakt\/kuvernoori\/\",\"name\":\"Guvern\u00f6ren - Piiri 1410\",\"isPartOf\":{\"@id\":\"https:\/\/rotary.fi\/d1410\/#website\"},\"datePublished\":\"2021-08-25T13:19:08+00:00\",\"dateModified\":\"2025-06-21T14:25:22+00:00\",\"breadcrumb\":{\"@id\":\"https:\/\/rotary.fi\/d1410\/sv\/ta-kontakt\/kuvernoori\/#breadcrumb\"},\"inLanguage\":\"fi\",\"potentialAction\":[{\"@type\":\"ReadAction\",\"target\":[\"https:\/\/rotary.fi\/d1410\/sv\/ta-kontakt\/kuvernoori\/\"]}]},{\"@type\":\"BreadcrumbList\",\"@id\":\"https:\/\/rotary.fi\/d1410\/sv\/ta-kontakt\/kuvernoori\/#breadcrumb\",\"itemListElement\":[{\"@type\":\"ListItem\",\"position\":1,\"name\":\"Home\",\"item\":\"https:\/\/rotary.fi\/d1410\/\"},{\"@type\":\"ListItem\",\"position\":2,\"name\":\"Ta kontakt\",\"item\":\"https:\/\/rotary.fi\/d1410\/sv\/ta-kontakt\/\"},{\"@type\":\"ListItem\",\"position\":3,\"name\":\"Guvern\u00f6ren\"}]},{\"@type\":\"WebSite\",\"@id\":\"https:\/\/rotary.fi\/d1410\/#website\",\"url\":\"https:\/\/rotary.fi\/d1410\/\",\"name\":\"Piiri 1410\",\"description\":\"Suomen Rotary\",\"potentialAction\":[{\"@type\":\"SearchAction\",\"target\":{\"@type\":\"EntryPoint\",\"urlTemplate\":\"https:\/\/rotary.fi\/d1410\/?s={search_term_string}\"},\"query-input\":{\"@type\":\"PropertyValueSpecification\",\"valueRequired\":true,\"valueName\":\"search_term_string\"}}],\"inLanguage\":\"fi\"}]}<\/script>\n<!-- \/ Yoast SEO plugin. -->","yoast_head_json":{"title":"Guvern\u00f6ren - Piiri 1410","robots":{"index":"index","follow":"follow","max-snippet":"max-snippet:-1","max-image-preview":"max-image-preview:large","max-video-preview":"max-video-preview:-1"},"canonical":"https:\/\/rotary.fi\/d1410\/sv\/ta-kontakt\/kuvernoori\/","og_locale":"fi_FI","og_type":"article","og_title":"Guvern\u00f6ren - Piiri 1410","og_description":"Guvern\u00f6ren 2025-26Kyr\u00f6sj\u00e4rvi Turku Aboa Nova RC Puhdistus- ja hygienia-ala \u2013 St\u00e4d- och hygiensektorn \u2013 Cleaning and hygienie sectorMobile +358 400 536 594E-mail: matti.hakoila@gmail.comPresentation av DG Distrikt 1410:s nya DG kommer fr\u00e5n \u00c5bo, men \u00e4r f\u00f6dd i Heideken 1961. Till min familj h\u00f6r min fru Sirkku samt mina barn och barnbarn, som redan har flugit iv\u00e4g [&hellip;]","og_url":"https:\/\/rotary.fi\/d1410\/sv\/ta-kontakt\/kuvernoori\/","og_site_name":"Piiri 1410","article_publisher":"https:\/\/www.facebook.com\/rotary\/","article_modified_time":"2025-06-21T14:25:22+00:00","twitter_card":"summary_large_image","twitter_misc":{"Arvioitu lukuaika":"5 minuuttia"},"schema":{"@context":"https:\/\/schema.org","@graph":[{"@type":"WebPage","@id":"https:\/\/rotary.fi\/d1410\/sv\/ta-kontakt\/kuvernoori\/","url":"https:\/\/rotary.fi\/d1410\/sv\/ta-kontakt\/kuvernoori\/","name":"Guvern\u00f6ren - Piiri 1410","isPartOf":{"@id":"https:\/\/rotary.fi\/d1410\/#website"},"datePublished":"2021-08-25T13:19:08+00:00","dateModified":"2025-06-21T14:25:22+00:00","breadcrumb":{"@id":"https:\/\/rotary.fi\/d1410\/sv\/ta-kontakt\/kuvernoori\/#breadcrumb"},"inLanguage":"fi","potentialAction":[{"@type":"ReadAction","target":["https:\/\/rotary.fi\/d1410\/sv\/ta-kontakt\/kuvernoori\/"]}]},{"@type":"BreadcrumbList","@id":"https:\/\/rotary.fi\/d1410\/sv\/ta-kontakt\/kuvernoori\/#breadcrumb","itemListElement":[{"@type":"ListItem","position":1,"name":"Home","item":"https:\/\/rotary.fi\/d1410\/"},{"@type":"ListItem","position":2,"name":"Ta kontakt","item":"https:\/\/rotary.fi\/d1410\/sv\/ta-kontakt\/"},{"@type":"ListItem","position":3,"name":"Guvern\u00f6ren"}]},{"@type":"WebSite","@id":"https:\/\/rotary.fi\/d1410\/#website","url":"https:\/\/rotary.fi\/d1410\/","name":"Piiri 1410","description":"Suomen Rotary","potentialAction":[{"@type":"SearchAction","target":{"@type":"EntryPoint","urlTemplate":"https:\/\/rotary.fi\/d1410\/?s={search_term_string}"},"query-input":{"@type":"PropertyValueSpecification","valueRequired":true,"valueName":"search_term_string"}}],"inLanguage":"fi"}]}},"lang":"sv","translations":{"sv":4208,"fi":2067,"en":3019},"pll_sync_post":[],"_links":{"self":[{"href":"https:\/\/rotary.fi\/d1410\/wp-json\/wp\/v2\/pages\/4208","targetHints":{"allow":["GET"]}}],"collection":[{"href":"https:\/\/rotary.fi\/d1410\/wp-json\/wp\/v2\/pages"}],"about":[{"href":"https:\/\/rotary.fi\/d1410\/wp-json\/wp\/v2\/types\/page"}],"author":[{"embeddable":true,"href":"https:\/\/rotary.fi\/d1410\/wp-json\/wp\/v2\/users\/384"}],"replies":[{"embeddable":true,"href":"https:\/\/rotary.fi\/d1410\/wp-json\/wp\/v2\/comments?post=4208"}],"version-history":[{"count":9,"href":"https:\/\/rotary.fi\/d1410\/wp-json\/wp\/v2\/pages\/4208\/revisions"}],"predecessor-version":[{"id":8598,"href":"https:\/\/rotary.fi\/d1410\/wp-json\/wp\/v2\/pages\/4208\/revisions\/8598"}],"up":[{"embeddable":true,"href":"https:\/\/rotary.fi\/d1410\/wp-json\/wp\/v2\/pages\/2770"}],"wp:attachment":[{"href":"https:\/\/rotary.fi\/d1410\/wp-json\/wp\/v2\/media?parent=4208"}],"curies":[{"name":"wp","href":"https:\/\/api.w.org\/{rel}","templated":true}]}}