{"id":4182,"date":"2021-08-25T14:34:54","date_gmt":"2021-08-25T12:34:54","guid":{"rendered":"https:\/\/rotary.fi\/d1410\/?page_id=4182"},"modified":"2021-08-25T14:41:28","modified_gmt":"2021-08-25T12:41:28","slug":"jag-ar-intresserad-av-medlemskap","status":"publish","type":"page","link":"https:\/\/rotary.fi\/d1410\/sv\/intresserad-av-att-bli-medlem\/jag-ar-intresserad-av-medlemskap\/","title":{"rendered":"Jag \u00e4r intresserad av att bli medlem"},"content":{"rendered":"<p>[et_pb_section fb_built=&#8221;1&#8243; module_class=&#8221;jumbotron-page&#8221; _builder_version=&#8221;4.9.4&#8243; background_image=&#8221;https:\/\/rotary.fi\/d1410\/wp-content\/uploads\/sites\/215\/2021\/07\/118581262-160456095655745-6956853459408805486-n-1.jpg&#8221;][et_pb_row module_class=&#8221; et_pb_row_fullwidth et_pb_row_fullwidth et_pb_row_fullwidth&#8221; _builder_version=&#8221;3.25&#8243; width=&#8221;89%&#8221; width_tablet=&#8221;80%&#8221; width_phone=&#8221;&#8221; width_last_edited=&#8221;on|desktop&#8221; max_width=&#8221;89%&#8221; max_width_tablet=&#8221;80%&#8221; max_width_phone=&#8221;&#8221; max_width_last_edited=&#8221;on|desktop&#8221; make_fullwidth=&#8221;on&#8221;][et_pb_column type=&#8221;4_4&#8243; _builder_version=&#8221;3.25&#8243; custom_padding=&#8221;|||&#8221; custom_padding__hover=&#8221;|||&#8221;][et_pb_text admin_label=&#8221;Ota yhteytt\u00e4 -otsikko&#8221; _builder_version=&#8221;4.9.10&#8243; text_orientation=&#8221;center&#8221; background_layout=&#8221;dark&#8221;]<\/p>\n<h1>Vill du med?<\/h1>\n<p>[\/et_pb_text][\/et_pb_column][\/et_pb_row][\/et_pb_section][et_pb_section fb_built=&#8221;1&#8243; module_class=&#8221;sisaltoalue_perus&#8221; _builder_version=&#8221;4.9.4&#8243; background_size=&#8221;initial&#8221; background_position=&#8221;top_left&#8221; background_repeat=&#8221;repeat&#8221;][et_pb_row custom_padding_last_edited=&#8221;on|phone&#8221; _builder_version=&#8221;3.25&#8243; custom_padding=&#8221;46.6875px|0px|63px|0px&#8221; custom_padding_tablet=&#8221;&#8221; custom_padding_phone=&#8221;&#8221;][et_pb_column type=&#8221;4_4&#8243; _builder_version=&#8221;3.25&#8243; custom_padding=&#8221;|||&#8221; custom_padding__hover=&#8221;|||&#8221;][et_pb_text admin_label=&#8221;Ota yhteytt\u00e4 -otsikko&#8221; _builder_version=&#8221;4.9.10&#8243; text_orientation=&#8221;center&#8221;]<\/p>\n<h1>Jag vill ocks\u00e5 bli en aktiv rotarian?<\/h1>\n<p>[\/et_pb_text][et_pb_text _builder_version=&#8221;4.9.10&#8243; z_index_tablet=&#8221;500&#8243;]<\/p>\n<p>Fyll i f\u00e4lten nedan s\u00e5 f\u00f6rmedlar vi dina kontaktuppgifter till en rotaryklubb n\u00e4ra dig.<\/p>\n<p>[\/et_pb_text][et_pb_contact_form email=&#8221;piiri1410@gmail.com&#8221; custom_message=&#8221;Haluaisin liitty\u00e4 rotareihin ||et_pb_line_break_holder||Nimi %%Name%%||et_pb_line_break_holder||Klubi %%Klubi%% ||et_pb_line_break_holder||Viesti %%message%%||et_pb_line_break_holder||Puhelin %%Puhelin%%||et_pb_line_break_holder||S\u00e4hk\u00f6posti %%Email%%&#8221; success_message=&#8221;Tack f\u00f6r din kontakt!&#8221; _builder_version=&#8221;4.9.10&#8243; form_field_background_color=&#8221;#ffffff&#8221; form_field_text_color=&#8221;#2ea3f2&#8243; z_index_tablet=&#8221;500&#8243; form_background_color=&#8221;#ffffff&#8221;][et_pb_contact_field field_id=&#8221;Name&#8221; field_title=&#8221;Namn&#8221; _builder_version=&#8221;4.9.10&#8243; button_text_size__hover_enabled=&#8221;off&#8221; button_one_text_size__hover_enabled=&#8221;off&#8221; button_two_text_size__hover_enabled=&#8221;off&#8221; button_text_color__hover_enabled=&#8221;off&#8221; button_one_text_color__hover_enabled=&#8221;off&#8221; button_two_text_color__hover_enabled=&#8221;off&#8221; button_border_width__hover_enabled=&#8221;off&#8221; button_one_border_width__hover_enabled=&#8221;off&#8221; button_two_border_width__hover_enabled=&#8221;off&#8221; button_border_color__hover_enabled=&#8221;off&#8221; button_one_border_color__hover_enabled=&#8221;off&#8221; button_two_border_color__hover_enabled=&#8221;off&#8221; button_border_radius__hover_enabled=&#8221;off&#8221; button_one_border_radius__hover_enabled=&#8221;off&#8221; button_two_border_radius__hover_enabled=&#8221;off&#8221; button_letter_spacing__hover_enabled=&#8221;off&#8221; button_one_letter_spacing__hover_enabled=&#8221;off&#8221; button_two_letter_spacing__hover_enabled=&#8221;off&#8221; button_bg_color__hover_enabled=&#8221;off&#8221; button_one_bg_color__hover_enabled=&#8221;off&#8221; button_two_bg_color__hover_enabled=&#8221;off&#8221;][\/et_pb_contact_field][et_pb_contact_field field_id=&#8221;Email&#8221; field_title=&#8221;Email&#8221; field_type=&#8221;email&#8221; _builder_version=&#8221;4.9.10&#8243; hover_enabled=&#8221;0&#8243; button_text_size__hover_enabled=&#8221;off&#8221; button_one_text_size__hover_enabled=&#8221;off&#8221; button_two_text_size__hover_enabled=&#8221;off&#8221; button_text_color__hover_enabled=&#8221;off&#8221; button_one_text_color__hover_enabled=&#8221;off&#8221; button_two_text_color__hover_enabled=&#8221;off&#8221; button_border_width__hover_enabled=&#8221;off&#8221; button_one_border_width__hover_enabled=&#8221;off&#8221; button_two_border_width__hover_enabled=&#8221;off&#8221; button_border_color__hover_enabled=&#8221;off&#8221; button_one_border_color__hover_enabled=&#8221;off&#8221; button_two_border_color__hover_enabled=&#8221;off&#8221; button_border_radius__hover_enabled=&#8221;off&#8221; button_one_border_radius__hover_enabled=&#8221;off&#8221; button_two_border_radius__hover_enabled=&#8221;off&#8221; button_letter_spacing__hover_enabled=&#8221;off&#8221; button_one_letter_spacing__hover_enabled=&#8221;off&#8221; button_two_letter_spacing__hover_enabled=&#8221;off&#8221; button_bg_color__hover_enabled=&#8221;off&#8221; button_one_bg_color__hover_enabled=&#8221;off&#8221; button_two_bg_color__hover_enabled=&#8221;off&#8221; sticky_enabled=&#8221;0&#8243;][\/et_pb_contact_field][et_pb_contact_field field_id=&#8221;Puhelin&#8221; field_title=&#8221;Telefon&#8221; required_mark=&#8221;off&#8221; fullwidth_field=&#8221;on&#8221; _builder_version=&#8221;4.9.10&#8243; _module_preset=&#8221;default&#8221;][\/et_pb_contact_field][et_pb_contact_field field_id=&#8221;Klubi&#8221; field_title=&#8221;Klubb\/ort&#8221; min_length=&#8221;4&#8243; required_mark=&#8221;off&#8221; fullwidth_field=&#8221;on&#8221; _builder_version=&#8221;4.9.10&#8243; _module_preset=&#8221;default&#8221;][\/et_pb_contact_field][et_pb_contact_field field_id=&#8221;Message&#8221; field_title=&#8221;Meddelande&#8221; field_type=&#8221;text&#8221; fullwidth_field=&#8221;on&#8221; _builder_version=&#8221;4.9.10&#8243; button_text_size__hover_enabled=&#8221;off&#8221; button_one_text_size__hover_enabled=&#8221;off&#8221; button_two_text_size__hover_enabled=&#8221;off&#8221; button_text_color__hover_enabled=&#8221;off&#8221; button_one_text_color__hover_enabled=&#8221;off&#8221; button_two_text_color__hover_enabled=&#8221;off&#8221; button_border_width__hover_enabled=&#8221;off&#8221; button_one_border_width__hover_enabled=&#8221;off&#8221; button_two_border_width__hover_enabled=&#8221;off&#8221; button_border_color__hover_enabled=&#8221;off&#8221; button_one_border_color__hover_enabled=&#8221;off&#8221; button_two_border_color__hover_enabled=&#8221;off&#8221; button_border_radius__hover_enabled=&#8221;off&#8221; button_one_border_radius__hover_enabled=&#8221;off&#8221; button_two_border_radius__hover_enabled=&#8221;off&#8221; button_letter_spacing__hover_enabled=&#8221;off&#8221; button_one_letter_spacing__hover_enabled=&#8221;off&#8221; button_two_letter_spacing__hover_enabled=&#8221;off&#8221; button_bg_color__hover_enabled=&#8221;off&#8221; button_one_bg_color__hover_enabled=&#8221;off&#8221; button_two_bg_color__hover_enabled=&#8221;off&#8221;][\/et_pb_contact_field][\/et_pb_contact_form][\/et_pb_column][\/et_pb_row][\/et_pb_section]<\/p>\n","protected":false},"excerpt":{"rendered":"<p>Vill du med?Jag vill ocks\u00e5 bli en aktiv rotarian?Fyll i f\u00e4lten nedan s\u00e5 f\u00f6rmedlar vi dina kontaktuppgifter till en rotaryklubb n\u00e4ra dig.<\/p>\n","protected":false},"author":384,"featured_media":0,"parent":2710,"menu_order":0,"comment_status":"closed","ping_status":"closed","template":"","meta":{"_acf_changed":false,"_et_pb_use_builder":"on","_et_pb_old_content":"","_et_gb_content_width":"","footnotes":""},"class_list":["post-4182","page","type-page","status-publish","hentry"],"acf":[],"yoast_head":"<!-- This site is optimized with the Yoast SEO plugin v27.0 - https:\/\/yoast.com\/product\/yoast-seo-wordpress\/ -->\n<title>Jag \u00e4r intresserad av att bli medlem - Piiri 1410<\/title>\n<meta name=\"robots\" content=\"index, follow, max-snippet:-1, max-image-preview:large, max-video-preview:-1\" \/>\n<link rel=\"canonical\" href=\"https:\/\/rotary.fi\/d1410\/sv\/intresserad-av-att-bli-medlem\/jag-ar-intresserad-av-medlemskap\/\" \/>\n<meta property=\"og:locale\" content=\"fi_FI\" \/>\n<meta property=\"og:type\" content=\"article\" \/>\n<meta property=\"og:title\" content=\"Jag \u00e4r intresserad av att bli medlem - Piiri 1410\" \/>\n<meta property=\"og:description\" content=\"Vill du med?Jag vill ocks\u00e5 bli en aktiv rotarian?Fyll i f\u00e4lten nedan s\u00e5 f\u00f6rmedlar vi dina kontaktuppgifter till en rotaryklubb n\u00e4ra dig.\" \/>\n<meta property=\"og:url\" content=\"https:\/\/rotary.fi\/d1410\/sv\/intresserad-av-att-bli-medlem\/jag-ar-intresserad-av-medlemskap\/\" \/>\n<meta property=\"og:site_name\" content=\"Piiri 1410\" \/>\n<meta property=\"article:publisher\" content=\"https:\/\/www.facebook.com\/rotary\/\" \/>\n<meta property=\"article:modified_time\" content=\"2021-08-25T12:41:28+00:00\" \/>\n<meta name=\"twitter:card\" content=\"summary_large_image\" \/>\n<script type=\"application\/ld+json\" class=\"yoast-schema-graph\">{\"@context\":\"https:\/\/schema.org\",\"@graph\":[{\"@type\":\"WebPage\",\"@id\":\"https:\/\/rotary.fi\/d1410\/sv\/intresserad-av-att-bli-medlem\/jag-ar-intresserad-av-medlemskap\/\",\"url\":\"https:\/\/rotary.fi\/d1410\/sv\/intresserad-av-att-bli-medlem\/jag-ar-intresserad-av-medlemskap\/\",\"name\":\"Jag \u00e4r intresserad av att bli medlem - Piiri 1410\",\"isPartOf\":{\"@id\":\"https:\/\/rotary.fi\/d1410\/#website\"},\"datePublished\":\"2021-08-25T12:34:54+00:00\",\"dateModified\":\"2021-08-25T12:41:28+00:00\",\"breadcrumb\":{\"@id\":\"https:\/\/rotary.fi\/d1410\/sv\/intresserad-av-att-bli-medlem\/jag-ar-intresserad-av-medlemskap\/#breadcrumb\"},\"inLanguage\":\"fi\",\"potentialAction\":[{\"@type\":\"ReadAction\",\"target\":[\"https:\/\/rotary.fi\/d1410\/sv\/intresserad-av-att-bli-medlem\/jag-ar-intresserad-av-medlemskap\/\"]}]},{\"@type\":\"BreadcrumbList\",\"@id\":\"https:\/\/rotary.fi\/d1410\/sv\/intresserad-av-att-bli-medlem\/jag-ar-intresserad-av-medlemskap\/#breadcrumb\",\"itemListElement\":[{\"@type\":\"ListItem\",\"position\":1,\"name\":\"Home\",\"item\":\"https:\/\/rotary.fi\/d1410\/\"},{\"@type\":\"ListItem\",\"position\":2,\"name\":\"Intresserad av att bli medlem?\",\"item\":\"https:\/\/rotary.fi\/d1410\/sv\/intresserad-av-att-bli-medlem\/\"},{\"@type\":\"ListItem\",\"position\":3,\"name\":\"Jag \u00e4r intresserad av att bli medlem\"}]},{\"@type\":\"WebSite\",\"@id\":\"https:\/\/rotary.fi\/d1410\/#website\",\"url\":\"https:\/\/rotary.fi\/d1410\/\",\"name\":\"Piiri 1410\",\"description\":\"Suomen Rotary\",\"potentialAction\":[{\"@type\":\"SearchAction\",\"target\":{\"@type\":\"EntryPoint\",\"urlTemplate\":\"https:\/\/rotary.fi\/d1410\/?s={search_term_string}\"},\"query-input\":{\"@type\":\"PropertyValueSpecification\",\"valueRequired\":true,\"valueName\":\"search_term_string\"}}],\"inLanguage\":\"fi\"}]}<\/script>\n<!-- \/ Yoast SEO plugin. -->","yoast_head_json":{"title":"Jag \u00e4r intresserad av att bli medlem - Piiri 1410","robots":{"index":"index","follow":"follow","max-snippet":"max-snippet:-1","max-image-preview":"max-image-preview:large","max-video-preview":"max-video-preview:-1"},"canonical":"https:\/\/rotary.fi\/d1410\/sv\/intresserad-av-att-bli-medlem\/jag-ar-intresserad-av-medlemskap\/","og_locale":"fi_FI","og_type":"article","og_title":"Jag \u00e4r intresserad av att bli medlem - Piiri 1410","og_description":"Vill du med?Jag vill ocks\u00e5 bli en aktiv rotarian?Fyll i f\u00e4lten nedan s\u00e5 f\u00f6rmedlar vi dina kontaktuppgifter till en rotaryklubb n\u00e4ra dig.","og_url":"https:\/\/rotary.fi\/d1410\/sv\/intresserad-av-att-bli-medlem\/jag-ar-intresserad-av-medlemskap\/","og_site_name":"Piiri 1410","article_publisher":"https:\/\/www.facebook.com\/rotary\/","article_modified_time":"2021-08-25T12:41:28+00:00","twitter_card":"summary_large_image","schema":{"@context":"https:\/\/schema.org","@graph":[{"@type":"WebPage","@id":"https:\/\/rotary.fi\/d1410\/sv\/intresserad-av-att-bli-medlem\/jag-ar-intresserad-av-medlemskap\/","url":"https:\/\/rotary.fi\/d1410\/sv\/intresserad-av-att-bli-medlem\/jag-ar-intresserad-av-medlemskap\/","name":"Jag \u00e4r intresserad av att bli medlem - Piiri 1410","isPartOf":{"@id":"https:\/\/rotary.fi\/d1410\/#website"},"datePublished":"2021-08-25T12:34:54+00:00","dateModified":"2021-08-25T12:41:28+00:00","breadcrumb":{"@id":"https:\/\/rotary.fi\/d1410\/sv\/intresserad-av-att-bli-medlem\/jag-ar-intresserad-av-medlemskap\/#breadcrumb"},"inLanguage":"fi","potentialAction":[{"@type":"ReadAction","target":["https:\/\/rotary.fi\/d1410\/sv\/intresserad-av-att-bli-medlem\/jag-ar-intresserad-av-medlemskap\/"]}]},{"@type":"BreadcrumbList","@id":"https:\/\/rotary.fi\/d1410\/sv\/intresserad-av-att-bli-medlem\/jag-ar-intresserad-av-medlemskap\/#breadcrumb","itemListElement":[{"@type":"ListItem","position":1,"name":"Home","item":"https:\/\/rotary.fi\/d1410\/"},{"@type":"ListItem","position":2,"name":"Intresserad av att bli medlem?","item":"https:\/\/rotary.fi\/d1410\/sv\/intresserad-av-att-bli-medlem\/"},{"@type":"ListItem","position":3,"name":"Jag \u00e4r intresserad av att bli medlem"}]},{"@type":"WebSite","@id":"https:\/\/rotary.fi\/d1410\/#website","url":"https:\/\/rotary.fi\/d1410\/","name":"Piiri 1410","description":"Suomen Rotary","potentialAction":[{"@type":"SearchAction","target":{"@type":"EntryPoint","urlTemplate":"https:\/\/rotary.fi\/d1410\/?s={search_term_string}"},"query-input":{"@type":"PropertyValueSpecification","valueRequired":true,"valueName":"search_term_string"}}],"inLanguage":"fi"}]}},"lang":"sv","translations":{"sv":4182,"fi":3714,"en":4395},"pll_sync_post":[],"_links":{"self":[{"href":"https:\/\/rotary.fi\/d1410\/wp-json\/wp\/v2\/pages\/4182","targetHints":{"allow":["GET"]}}],"collection":[{"href":"https:\/\/rotary.fi\/d1410\/wp-json\/wp\/v2\/pages"}],"about":[{"href":"https:\/\/rotary.fi\/d1410\/wp-json\/wp\/v2\/types\/page"}],"author":[{"embeddable":true,"href":"https:\/\/rotary.fi\/d1410\/wp-json\/wp\/v2\/users\/384"}],"replies":[{"embeddable":true,"href":"https:\/\/rotary.fi\/d1410\/wp-json\/wp\/v2\/comments?post=4182"}],"version-history":[{"count":5,"href":"https:\/\/rotary.fi\/d1410\/wp-json\/wp\/v2\/pages\/4182\/revisions"}],"predecessor-version":[{"id":4191,"href":"https:\/\/rotary.fi\/d1410\/wp-json\/wp\/v2\/pages\/4182\/revisions\/4191"}],"up":[{"embeddable":true,"href":"https:\/\/rotary.fi\/d1410\/wp-json\/wp\/v2\/pages\/2710"}],"wp:attachment":[{"href":"https:\/\/rotary.fi\/d1410\/wp-json\/wp\/v2\/media?parent=4182"}],"curies":[{"name":"wp","href":"https:\/\/api.w.org\/{rel}","templated":true}]}}