{"id":4093,"date":"2021-08-25T10:27:45","date_gmt":"2021-08-25T08:27:45","guid":{"rendered":"https:\/\/rotary.fi\/d1410\/?page_id=4093"},"modified":"2025-06-15T09:44:36","modified_gmt":"2025-06-15T07:44:36","slug":"ostersjo","status":"publish","type":"page","link":"https:\/\/rotary.fi\/d1410\/sv\/det-har-gor-vi\/ostersjo\/","title":{"rendered":"\u00d6stersj\u00f6n"},"content":{"rendered":"<p>[et_pb_section fb_built=&#8221;1&#8243; admin_label=&#8221;It\u00e4merikuva&#8221; module_class=&#8221;jumbotron-page&#8221; _builder_version=&#8221;4.16&#8243; background_image=&#8221;https:\/\/rotary.fi\/d1410\/wp-content\/uploads\/sites\/215\/2021\/06\/putsaari1-pienempi.jpg&#8221; global_colors_info=&#8221;{}&#8221;][et_pb_row module_class=&#8221; et_pb_row_fullwidth et_pb_row_fullwidth&#8221; _builder_version=&#8221;4.16&#8243; width=&#8221;89%&#8221; width_tablet=&#8221;80%&#8221; width_phone=&#8221;&#8221; width_last_edited=&#8221;on|desktop&#8221; max_width=&#8221;89%&#8221; max_width_tablet=&#8221;80%&#8221; max_width_phone=&#8221;&#8221; max_width_last_edited=&#8221;on|desktop&#8221; make_fullwidth=&#8221;on&#8221; global_colors_info=&#8221;{}&#8221;][et_pb_column type=&#8221;4_4&#8243; _builder_version=&#8221;4.16&#8243; custom_padding=&#8221;|||&#8221; global_colors_info=&#8221;{}&#8221; custom_padding__hover=&#8221;|||&#8221;][et_pb_text admin_label=&#8221;It\u00e4merifoorumi -otsikko&#8221; _builder_version=&#8221;4.16&#8243; text_orientation=&#8221;center&#8221; background_layout=&#8221;dark&#8221; z_index_tablet=&#8221;500&#8243; text_text_shadow_horizontal_length_tablet=&#8221;0px&#8221; text_text_shadow_vertical_length_tablet=&#8221;0px&#8221; text_text_shadow_blur_strength_tablet=&#8221;1px&#8221; link_text_shadow_horizontal_length_tablet=&#8221;0px&#8221; link_text_shadow_vertical_length_tablet=&#8221;0px&#8221; link_text_shadow_blur_strength_tablet=&#8221;1px&#8221; ul_text_shadow_horizontal_length_tablet=&#8221;0px&#8221; ul_text_shadow_vertical_length_tablet=&#8221;0px&#8221; ul_text_shadow_blur_strength_tablet=&#8221;1px&#8221; ol_text_shadow_horizontal_length_tablet=&#8221;0px&#8221; ol_text_shadow_vertical_length_tablet=&#8221;0px&#8221; ol_text_shadow_blur_strength_tablet=&#8221;1px&#8221; quote_text_shadow_horizontal_length_tablet=&#8221;0px&#8221; quote_text_shadow_vertical_length_tablet=&#8221;0px&#8221; quote_text_shadow_blur_strength_tablet=&#8221;1px&#8221; header_text_shadow_horizontal_length_tablet=&#8221;0px&#8221; header_text_shadow_vertical_length_tablet=&#8221;0px&#8221; header_text_shadow_blur_strength_tablet=&#8221;1px&#8221; header_2_text_shadow_horizontal_length_tablet=&#8221;0px&#8221; header_2_text_shadow_vertical_length_tablet=&#8221;0px&#8221; header_2_text_shadow_blur_strength_tablet=&#8221;1px&#8221; header_3_text_shadow_horizontal_length_tablet=&#8221;0px&#8221; header_3_text_shadow_vertical_length_tablet=&#8221;0px&#8221; header_3_text_shadow_blur_strength_tablet=&#8221;1px&#8221; header_4_text_shadow_horizontal_length_tablet=&#8221;0px&#8221; header_4_text_shadow_vertical_length_tablet=&#8221;0px&#8221; header_4_text_shadow_blur_strength_tablet=&#8221;1px&#8221; header_5_text_shadow_horizontal_length_tablet=&#8221;0px&#8221; header_5_text_shadow_vertical_length_tablet=&#8221;0px&#8221; header_5_text_shadow_blur_strength_tablet=&#8221;1px&#8221; header_6_text_shadow_horizontal_length_tablet=&#8221;0px&#8221; header_6_text_shadow_vertical_length_tablet=&#8221;0px&#8221; header_6_text_shadow_blur_strength_tablet=&#8221;1px&#8221; box_shadow_horizontal_tablet=&#8221;0px&#8221; box_shadow_vertical_tablet=&#8221;0px&#8221; box_shadow_blur_tablet=&#8221;40px&#8221; box_shadow_spread_tablet=&#8221;0px&#8221; global_colors_info=&#8221;{}&#8221;]<\/p>\n<h1>\u00d6stersj\u00f6forum<\/h1>\n<p>[\/et_pb_text][\/et_pb_column][\/et_pb_row][\/et_pb_section][et_pb_section fb_built=&#8221;1&#8243; module_class=&#8221;sisaltoalue_perus&#8221; _builder_version=&#8221;4.16&#8243; background_size=&#8221;initial&#8221; background_position=&#8221;top_left&#8221; background_repeat=&#8221;repeat&#8221; global_colors_info=&#8221;{}&#8221;][et_pb_row custom_padding_last_edited=&#8221;on|phone&#8221; _builder_version=&#8221;4.16&#8243; custom_padding_tablet=&#8221;&#8221; custom_padding_phone=&#8221;&#8221; global_colors_info=&#8221;{}&#8221;][et_pb_column type=&#8221;4_4&#8243; _builder_version=&#8221;4.16&#8243; custom_padding=&#8221;|||&#8221; global_colors_info=&#8221;{}&#8221; custom_padding__hover=&#8221;|||&#8221;][et_pb_text _builder_version=&#8221;4.27.4&#8243; hover_enabled=&#8221;0&#8243; z_index_tablet=&#8221;500&#8243; text_text_shadow_horizontal_length_tablet=&#8221;0px&#8221; text_text_shadow_vertical_length_tablet=&#8221;0px&#8221; text_text_shadow_blur_strength_tablet=&#8221;1px&#8221; link_text_shadow_horizontal_length_tablet=&#8221;0px&#8221; link_text_shadow_vertical_length_tablet=&#8221;0px&#8221; link_text_shadow_blur_strength_tablet=&#8221;1px&#8221; ul_text_shadow_horizontal_length_tablet=&#8221;0px&#8221; ul_text_shadow_vertical_length_tablet=&#8221;0px&#8221; ul_text_shadow_blur_strength_tablet=&#8221;1px&#8221; ol_text_shadow_horizontal_length_tablet=&#8221;0px&#8221; ol_text_shadow_vertical_length_tablet=&#8221;0px&#8221; ol_text_shadow_blur_strength_tablet=&#8221;1px&#8221; quote_text_shadow_horizontal_length_tablet=&#8221;0px&#8221; quote_text_shadow_vertical_length_tablet=&#8221;0px&#8221; quote_text_shadow_blur_strength_tablet=&#8221;1px&#8221; header_text_shadow_horizontal_length_tablet=&#8221;0px&#8221; header_text_shadow_vertical_length_tablet=&#8221;0px&#8221; header_text_shadow_blur_strength_tablet=&#8221;1px&#8221; header_2_text_shadow_horizontal_length_tablet=&#8221;0px&#8221; header_2_text_shadow_vertical_length_tablet=&#8221;0px&#8221; header_2_text_shadow_blur_strength_tablet=&#8221;1px&#8221; header_3_text_shadow_horizontal_length_tablet=&#8221;0px&#8221; header_3_text_shadow_vertical_length_tablet=&#8221;0px&#8221; header_3_text_shadow_blur_strength_tablet=&#8221;1px&#8221; header_4_text_shadow_horizontal_length_tablet=&#8221;0px&#8221; header_4_text_shadow_vertical_length_tablet=&#8221;0px&#8221; header_4_text_shadow_blur_strength_tablet=&#8221;1px&#8221; header_5_text_shadow_horizontal_length_tablet=&#8221;0px&#8221; header_5_text_shadow_vertical_length_tablet=&#8221;0px&#8221; header_5_text_shadow_blur_strength_tablet=&#8221;1px&#8221; header_6_text_shadow_horizontal_length_tablet=&#8221;0px&#8221; header_6_text_shadow_vertical_length_tablet=&#8221;0px&#8221; header_6_text_shadow_blur_strength_tablet=&#8221;1px&#8221; box_shadow_horizontal_tablet=&#8221;0px&#8221; box_shadow_vertical_tablet=&#8221;0px&#8221; box_shadow_blur_tablet=&#8221;40px&#8221; box_shadow_spread_tablet=&#8221;0px&#8221; global_colors_info=&#8221;{}&#8221; sticky_enabled=&#8221;0&#8243;]<\/p>\n<p><strong>Tillsammans fram\u00e5t f\u00f6r \u00d6stersj\u00f6n<\/strong><\/p>\n<p>Distrikt 1410 har \u00e5tagit sig att f\u00f6rb\u00e4ttra \u00d6stersj\u00f6ns tillst\u00e5nd och milj\u00f6fr\u00e5gan spelar en viktig roll i v\u00e5ra olika projekt.<\/p>\n<p>\u00d6stersj\u00f6forumet grundades f\u00f6r att samla alla projekt som p\u00e5verkar \u00d6stersj\u00f6ns tillst\u00e5nd under samma tak f\u00f6r att d\u00e4rigenom underl\u00e4tta utbyte av information.<\/p>\n<p><img loading=\"lazy\" decoding=\"async\" class=\"wp-image-3639 aligncenter size-medium\" src=\"https:\/\/rotary.fi\/d1410\/wp-content\/uploads\/sites\/215\/2021\/07\/ilman-ratasta-300x246.jpg\" alt=\"\" width=\"300\" height=\"246\" \/><\/p>\n<p><a href=\"https:\/\/rotary.fi\/d1410\/wp-content\/uploads\/sites\/215\/2021\/09\/esite-02-2.jpg\" target=\"_blank\" rel=\"noopener\">Ladda ner<\/a> broschyren.<\/p>\n<p><a href=\"https:\/\/rotary.fi\/d1410\/rotarypiiri1410\/piirin-organisaatio\/ymparistokomitea\/\">Milj\u00f6 komitt\u00e9n<\/a><\/p>\n<p>[\/et_pb_text][\/et_pb_column][\/et_pb_row][\/et_pb_section]<\/p>\n","protected":false},"excerpt":{"rendered":"<p>\u00d6stersj\u00f6forumTillsammans fram\u00e5t f\u00f6r \u00d6stersj\u00f6n Distrikt 1410 har \u00e5tagit sig att f\u00f6rb\u00e4ttra \u00d6stersj\u00f6ns tillst\u00e5nd och milj\u00f6fr\u00e5gan spelar en viktig roll i v\u00e5ra olika projekt. \u00d6stersj\u00f6forumet grundades f\u00f6r att samla alla projekt som p\u00e5verkar \u00d6stersj\u00f6ns tillst\u00e5nd under samma tak f\u00f6r att d\u00e4rigenom underl\u00e4tta utbyte av information. Ladda ner broschyren. Milj\u00f6 komitt\u00e9n<\/p>\n","protected":false},"author":384,"featured_media":0,"parent":2663,"menu_order":8,"comment_status":"closed","ping_status":"closed","template":"","meta":{"_acf_changed":false,"_et_pb_use_builder":"on","_et_pb_old_content":"","_et_gb_content_width":"","footnotes":""},"class_list":["post-4093","page","type-page","status-publish","hentry"],"acf":[],"yoast_head":"<!-- This site is optimized with the Yoast SEO plugin v27.4 - https:\/\/yoast.com\/product\/yoast-seo-wordpress\/ -->\n<title>\u00d6stersj\u00f6n - Piiri 1410<\/title>\n<meta name=\"robots\" content=\"index, follow, max-snippet:-1, max-image-preview:large, max-video-preview:-1\" \/>\n<link rel=\"canonical\" href=\"https:\/\/rotary.fi\/d1410\/sv\/det-har-gor-vi\/ostersjo\/\" \/>\n<meta property=\"og:locale\" content=\"fi_FI\" \/>\n<meta property=\"og:type\" content=\"article\" \/>\n<meta property=\"og:title\" content=\"\u00d6stersj\u00f6n - Piiri 1410\" \/>\n<meta property=\"og:description\" content=\"\u00d6stersj\u00f6forumTillsammans fram\u00e5t f\u00f6r \u00d6stersj\u00f6n Distrikt 1410 har \u00e5tagit sig att f\u00f6rb\u00e4ttra \u00d6stersj\u00f6ns tillst\u00e5nd och milj\u00f6fr\u00e5gan spelar en viktig roll i v\u00e5ra olika projekt. \u00d6stersj\u00f6forumet grundades f\u00f6r att samla alla projekt som p\u00e5verkar \u00d6stersj\u00f6ns tillst\u00e5nd under samma tak f\u00f6r att d\u00e4rigenom underl\u00e4tta utbyte av information. Ladda ner broschyren. Milj\u00f6 komitt\u00e9n\" \/>\n<meta property=\"og:url\" content=\"https:\/\/rotary.fi\/d1410\/sv\/det-har-gor-vi\/ostersjo\/\" \/>\n<meta property=\"og:site_name\" content=\"Piiri 1410\" \/>\n<meta property=\"article:publisher\" content=\"https:\/\/www.facebook.com\/rotary\/\" \/>\n<meta property=\"article:modified_time\" content=\"2025-06-15T07:44:36+00:00\" \/>\n<meta property=\"og:image\" content=\"https:\/\/rotary.fi\/d1410\/wp-content\/uploads\/sites\/215\/2021\/07\/ilman-ratasta.jpg\" \/>\n\t<meta property=\"og:image:width\" content=\"1084\" \/>\n\t<meta property=\"og:image:height\" content=\"888\" \/>\n\t<meta property=\"og:image:type\" content=\"image\/jpeg\" \/>\n<meta name=\"twitter:card\" content=\"summary_large_image\" \/>\n<meta name=\"twitter:label1\" content=\"Arvioitu lukuaika\" \/>\n\t<meta name=\"twitter:data1\" content=\"1 minuutti\" \/>\n<script type=\"application\/ld+json\" class=\"yoast-schema-graph\">{\"@context\":\"https:\\\/\\\/schema.org\",\"@graph\":[{\"@type\":\"WebPage\",\"@id\":\"https:\\\/\\\/rotary.fi\\\/d1410\\\/sv\\\/det-har-gor-vi\\\/ostersjo\\\/\",\"url\":\"https:\\\/\\\/rotary.fi\\\/d1410\\\/sv\\\/det-har-gor-vi\\\/ostersjo\\\/\",\"name\":\"\u00d6stersj\u00f6n - Piiri 1410\",\"isPartOf\":{\"@id\":\"https:\\\/\\\/rotary.fi\\\/d1410\\\/#website\"},\"primaryImageOfPage\":{\"@id\":\"https:\\\/\\\/rotary.fi\\\/d1410\\\/sv\\\/det-har-gor-vi\\\/ostersjo\\\/#primaryimage\"},\"image\":{\"@id\":\"https:\\\/\\\/rotary.fi\\\/d1410\\\/sv\\\/det-har-gor-vi\\\/ostersjo\\\/#primaryimage\"},\"thumbnailUrl\":\"https:\\\/\\\/rotary.fi\\\/d1410\\\/wp-content\\\/uploads\\\/sites\\\/215\\\/2021\\\/07\\\/ilman-ratasta-300x246.jpg\",\"datePublished\":\"2021-08-25T08:27:45+00:00\",\"dateModified\":\"2025-06-15T07:44:36+00:00\",\"breadcrumb\":{\"@id\":\"https:\\\/\\\/rotary.fi\\\/d1410\\\/sv\\\/det-har-gor-vi\\\/ostersjo\\\/#breadcrumb\"},\"inLanguage\":\"fi\",\"potentialAction\":[{\"@type\":\"ReadAction\",\"target\":[\"https:\\\/\\\/rotary.fi\\\/d1410\\\/sv\\\/det-har-gor-vi\\\/ostersjo\\\/\"]}]},{\"@type\":\"ImageObject\",\"inLanguage\":\"fi\",\"@id\":\"https:\\\/\\\/rotary.fi\\\/d1410\\\/sv\\\/det-har-gor-vi\\\/ostersjo\\\/#primaryimage\",\"url\":\"https:\\\/\\\/rotary.fi\\\/d1410\\\/wp-content\\\/uploads\\\/sites\\\/215\\\/2021\\\/07\\\/ilman-ratasta.jpg\",\"contentUrl\":\"https:\\\/\\\/rotary.fi\\\/d1410\\\/wp-content\\\/uploads\\\/sites\\\/215\\\/2021\\\/07\\\/ilman-ratasta.jpg\",\"width\":1084,\"height\":888},{\"@type\":\"BreadcrumbList\",\"@id\":\"https:\\\/\\\/rotary.fi\\\/d1410\\\/sv\\\/det-har-gor-vi\\\/ostersjo\\\/#breadcrumb\",\"itemListElement\":[{\"@type\":\"ListItem\",\"position\":1,\"name\":\"Home\",\"item\":\"https:\\\/\\\/rotary.fi\\\/d1410\\\/\"},{\"@type\":\"ListItem\",\"position\":2,\"name\":\"Det h\u00e4r g\u00f6r vi\",\"item\":\"https:\\\/\\\/rotary.fi\\\/d1410\\\/sv\\\/det-har-gor-vi\\\/\"},{\"@type\":\"ListItem\",\"position\":3,\"name\":\"\u00d6stersj\u00f6n\"}]},{\"@type\":\"WebSite\",\"@id\":\"https:\\\/\\\/rotary.fi\\\/d1410\\\/#website\",\"url\":\"https:\\\/\\\/rotary.fi\\\/d1410\\\/\",\"name\":\"Piiri 1410\",\"description\":\"Suomen Rotary\",\"potentialAction\":[{\"@type\":\"SearchAction\",\"target\":{\"@type\":\"EntryPoint\",\"urlTemplate\":\"https:\\\/\\\/rotary.fi\\\/d1410\\\/?s={search_term_string}\"},\"query-input\":{\"@type\":\"PropertyValueSpecification\",\"valueRequired\":true,\"valueName\":\"search_term_string\"}}],\"inLanguage\":\"fi\"}]}<\/script>\n<!-- \/ Yoast SEO plugin. -->","yoast_head_json":{"title":"\u00d6stersj\u00f6n - Piiri 1410","robots":{"index":"index","follow":"follow","max-snippet":"max-snippet:-1","max-image-preview":"max-image-preview:large","max-video-preview":"max-video-preview:-1"},"canonical":"https:\/\/rotary.fi\/d1410\/sv\/det-har-gor-vi\/ostersjo\/","og_locale":"fi_FI","og_type":"article","og_title":"\u00d6stersj\u00f6n - Piiri 1410","og_description":"\u00d6stersj\u00f6forumTillsammans fram\u00e5t f\u00f6r \u00d6stersj\u00f6n Distrikt 1410 har \u00e5tagit sig att f\u00f6rb\u00e4ttra \u00d6stersj\u00f6ns tillst\u00e5nd och milj\u00f6fr\u00e5gan spelar en viktig roll i v\u00e5ra olika projekt. \u00d6stersj\u00f6forumet grundades f\u00f6r att samla alla projekt som p\u00e5verkar \u00d6stersj\u00f6ns tillst\u00e5nd under samma tak f\u00f6r att d\u00e4rigenom underl\u00e4tta utbyte av information. Ladda ner broschyren. Milj\u00f6 komitt\u00e9n","og_url":"https:\/\/rotary.fi\/d1410\/sv\/det-har-gor-vi\/ostersjo\/","og_site_name":"Piiri 1410","article_publisher":"https:\/\/www.facebook.com\/rotary\/","article_modified_time":"2025-06-15T07:44:36+00:00","og_image":[{"width":1084,"height":888,"url":"https:\/\/rotary.fi\/d1410\/wp-content\/uploads\/sites\/215\/2021\/07\/ilman-ratasta.jpg","type":"image\/jpeg"}],"twitter_card":"summary_large_image","twitter_misc":{"Arvioitu lukuaika":"1 minuutti"},"schema":{"@context":"https:\/\/schema.org","@graph":[{"@type":"WebPage","@id":"https:\/\/rotary.fi\/d1410\/sv\/det-har-gor-vi\/ostersjo\/","url":"https:\/\/rotary.fi\/d1410\/sv\/det-har-gor-vi\/ostersjo\/","name":"\u00d6stersj\u00f6n - Piiri 1410","isPartOf":{"@id":"https:\/\/rotary.fi\/d1410\/#website"},"primaryImageOfPage":{"@id":"https:\/\/rotary.fi\/d1410\/sv\/det-har-gor-vi\/ostersjo\/#primaryimage"},"image":{"@id":"https:\/\/rotary.fi\/d1410\/sv\/det-har-gor-vi\/ostersjo\/#primaryimage"},"thumbnailUrl":"https:\/\/rotary.fi\/d1410\/wp-content\/uploads\/sites\/215\/2021\/07\/ilman-ratasta-300x246.jpg","datePublished":"2021-08-25T08:27:45+00:00","dateModified":"2025-06-15T07:44:36+00:00","breadcrumb":{"@id":"https:\/\/rotary.fi\/d1410\/sv\/det-har-gor-vi\/ostersjo\/#breadcrumb"},"inLanguage":"fi","potentialAction":[{"@type":"ReadAction","target":["https:\/\/rotary.fi\/d1410\/sv\/det-har-gor-vi\/ostersjo\/"]}]},{"@type":"ImageObject","inLanguage":"fi","@id":"https:\/\/rotary.fi\/d1410\/sv\/det-har-gor-vi\/ostersjo\/#primaryimage","url":"https:\/\/rotary.fi\/d1410\/wp-content\/uploads\/sites\/215\/2021\/07\/ilman-ratasta.jpg","contentUrl":"https:\/\/rotary.fi\/d1410\/wp-content\/uploads\/sites\/215\/2021\/07\/ilman-ratasta.jpg","width":1084,"height":888},{"@type":"BreadcrumbList","@id":"https:\/\/rotary.fi\/d1410\/sv\/det-har-gor-vi\/ostersjo\/#breadcrumb","itemListElement":[{"@type":"ListItem","position":1,"name":"Home","item":"https:\/\/rotary.fi\/d1410\/"},{"@type":"ListItem","position":2,"name":"Det h\u00e4r g\u00f6r vi","item":"https:\/\/rotary.fi\/d1410\/sv\/det-har-gor-vi\/"},{"@type":"ListItem","position":3,"name":"\u00d6stersj\u00f6n"}]},{"@type":"WebSite","@id":"https:\/\/rotary.fi\/d1410\/#website","url":"https:\/\/rotary.fi\/d1410\/","name":"Piiri 1410","description":"Suomen Rotary","potentialAction":[{"@type":"SearchAction","target":{"@type":"EntryPoint","urlTemplate":"https:\/\/rotary.fi\/d1410\/?s={search_term_string}"},"query-input":{"@type":"PropertyValueSpecification","valueRequired":true,"valueName":"search_term_string"}}],"inLanguage":"fi"}]}},"lang":"sv","translations":{"sv":4093,"fi":3492,"en":4282},"pll_sync_post":[],"_links":{"self":[{"href":"https:\/\/rotary.fi\/d1410\/wp-json\/wp\/v2\/pages\/4093","targetHints":{"allow":["GET"]}}],"collection":[{"href":"https:\/\/rotary.fi\/d1410\/wp-json\/wp\/v2\/pages"}],"about":[{"href":"https:\/\/rotary.fi\/d1410\/wp-json\/wp\/v2\/types\/page"}],"author":[{"embeddable":true,"href":"https:\/\/rotary.fi\/d1410\/wp-json\/wp\/v2\/users\/384"}],"replies":[{"embeddable":true,"href":"https:\/\/rotary.fi\/d1410\/wp-json\/wp\/v2\/comments?post=4093"}],"version-history":[{"count":7,"href":"https:\/\/rotary.fi\/d1410\/wp-json\/wp\/v2\/pages\/4093\/revisions"}],"predecessor-version":[{"id":8516,"href":"https:\/\/rotary.fi\/d1410\/wp-json\/wp\/v2\/pages\/4093\/revisions\/8516"}],"up":[{"embeddable":true,"href":"https:\/\/rotary.fi\/d1410\/wp-json\/wp\/v2\/pages\/2663"}],"wp:attachment":[{"href":"https:\/\/rotary.fi\/d1410\/wp-json\/wp\/v2\/media?parent=4093"}],"curies":[{"name":"wp","href":"https:\/\/api.w.org\/{rel}","templated":true}]}}